{"id":46515,"date":"2023-05-03T08:09:38","date_gmt":"2023-05-03T08:09:38","guid":{"rendered":"https:\/\/www.urlaubcornwall.de\/blog\/?page_id=46515"},"modified":"2024-05-31T12:03:05","modified_gmt":"2024-05-31T12:03:05","slug":"was-ist-besonders-schottischen-west-highlands","status":"publish","type":"page","link":"https:\/\/www.urlaubcornwall.de\/blog\/was-ist-besonders-schottischen-west-highlands\/","title":{"rendered":"Was ist besonders an die schottischen West Highlands?"},"content":{"rendered":"<p><a href=\"https:\/\/www.urlaubcornwall.de\/blog\/wp-content\/uploads\/2024\/03\/schottland-highlands-1.jpg\"><img loading=\"lazy\" src=\"https:\/\/www.urlaubcornwall.de\/blog\/wp-content\/uploads\/2024\/03\/schottland-highlands-1.jpg\" alt=\"schottland highlands\" width=\"750\" height=\"563\" class=\"alignnone size-full wp-image-48022\" srcset=\"https:\/\/www.urlaubcornwall.de\/blog\/wp-content\/uploads\/2024\/03\/schottland-highlands-1.jpg 750w, https:\/\/www.urlaubcornwall.de\/blog\/wp-content\/uploads\/2024\/03\/schottland-highlands-1-300x225.jpg 300w\" sizes=\"(max-width: 750px) 100vw, 750px\" \/><\/a><\/p>\n<p>Die <a href=\"https:\/\/www.urlaubcornwall.de\/reiseziel\/schottland.php\">schottischen West Highlands<\/a> sind bekannt f\u00fcr ihre atemberaubende Sch\u00f6nheit, unber\u00fchrte Natur und reiche Kultur. Hier sind einige der besonderen Merkmale der schottischen West Highlands:<\/p>\n<p>Landschaft: Die schottischen West Highlands sind bekannt f\u00fcr ihre atemberaubende Landschaft, die von hohen Bergen, tiefen T\u00e4lern, klaren Seen und rauen K\u00fcsten gepr\u00e4gt ist. Die Region ist Heimat einiger der ber\u00fchmtesten schottischen Berge, wie zum Beispiel dem Ben Nevis, dem h\u00f6chsten Berg Gro\u00dfbritanniens.<\/p>\n<p>Kultur: Eine reiche kulturelle Geschichte, die sich in der traditionellen Musik, dem Tanz, der Sprache und den Br\u00e4uchen der Region widerspiegelt. Die schottische Kultur wird oft mit Dudelsackmusik, Kilts und Whisky in Verbindung gebracht, aber es gibt noch viele andere Aspekte, die die Region einzigartig machen.<\/p>\n<p>Tierwelt: Sind Heimat vieler Tierarten, einschlie\u00dflich Rotwild, Otter, Seev\u00f6gel und Fischadler. Die Region ist auch bekannt f\u00fcr ihre Meeresfauna, einschlie\u00dflich Robben, Walen und Delfinen.<\/p>\n<p>Geschichte: Die <a href=\"https:\/\/www.urlaubcornwall.de\/ferienhaeuser-fewos\/sco\/nordschottland\/nordschottland.html\">schottischen West Highlands<\/a> haben eine lange und komplexe Geschichte, die sich in der Architektur, den Burgen, den Denkm\u00e4lern und Museen der Region widerspiegelt. Die Region war auch ein wichtiger Schauplatz w\u00e4hrend der schottischen Unabh\u00e4ngigkeitskriege und des Jakobitenaufstands.<\/p>\n<h1>Unser Rundreisenservice in Schottland<\/h1>\n<p>Weshalb \u00fcber uns buchen?<\/p>\n<p>Firmensitz in Cornwall und ein Team Deutsch sprechender Reisespezialisten.<\/p>\n<p>Wir haben eine Leidenschaft f\u00fcrs Reisen und gestalten den perfekten Urlaub.<\/p>\n<p>Ortskenntnisse und Insidertipps f\u00fcr unsere Kunden.<\/p>\n<p>Sonderangebote und Preisnachl\u00e4sse<\/p>\n<p>S\u00e4mtliche unserer Rundreisen sind durch einen voll versicherten deutschen Reiseveranstalter gesichert.<\/p>\n<p style=\"text-align: center;\"><a class=\"tidycta\" href=\"https:\/\/www.urlaubcornwall.de\/blog\/rundreisen-schottland\/\"> Mehr Info<\/a><\/p>\n<div class=\"snippet\"> <a class=\"featured-item\" href=\" https:\/\/www.urlaubcornwall.de\/ferienhaeuser\/schottland.php\"> <span class=\"image-holder\" style=\"background-image: url(' https:\/\/www.urlaubcornwall.de\/blog\/wp-content\/uploads\/2019\/01\/urlaub-schottland-highlands-1.jpg ');\"><\/span> <span class=\"featured-content\"> \n<h2 class=\"featured-title\">Bei uns finden Sie Ferienh\u00e4user in Schottland zum Verlieben!<\/h2>\n<p class=\"featured-body\">Untenstehend finden Sie eine Auswahl an Ferienh\u00e4usern in Schottland. Hier finden Sie pers\u00f6nlich inspizierte Cottages entlang der schottischen K\u00fcste, in den schottischen Highlands und auf den Inseln&#8230;..<\/p>\n<\/span> <span class=\"featured-link-holder\"> <span class=\"featured-extra-info\"> \n<p>F\u00fcr Paare, Familien &#038; Gruppen<\/p>\n<\/span> \n<p class=\"featured-link\">DETAILS<\/p>\n<\/span> <\/a><\/div>\n","protected":false},"excerpt":{"rendered":"<p>Die schottischen West Highlands sind bekannt f\u00fcr ihre atemberaubende Sch\u00f6nheit, unber\u00fchrte Natur und reiche Kultur. Hier sind einige der besonderen Merkmale der schottischen West Highlands: Landschaft: Die schottischen West Highlands sind bekannt f\u00fcr ihre atemberaubende Landschaft, die von hohen Bergen, tiefen T\u00e4lern, klaren Seen und rauen K\u00fcsten gepr\u00e4gt ist. Die Region ist Heimat einiger der [&hellip;]<\/p>\n","protected":false},"author":1,"featured_media":0,"parent":0,"menu_order":0,"comment_status":"closed","ping_status":"closed","template":"single-four.php","meta":[],"acf":[],"yoast_head":"<!-- This site is optimized with the Yoast SEO plugin v19.4 - https:\/\/yoast.com\/wordpress\/plugins\/seo\/ -->\n<title>Was ist besonders an die schottischen West Highlands? - Urlaub &amp; Reisen<\/title>\n<meta name=\"description\" content=\"Die schottischen West Highlands sind bekannt f\u00fcr ihre atemberaubende Sch\u00f6nheit, unber\u00fchrte Natur und reiche Kultur\" \/>\n<meta name=\"robots\" content=\"index, follow, max-snippet:-1, max-image-preview:large, max-video-preview:-1\" \/>\n<link rel=\"canonical\" href=\"https:\/\/www.urlaubcornwall.de\/blog\/was-ist-besonders-schottischen-west-highlands\/\" \/>\n<meta property=\"og:locale\" content=\"en_US\" \/>\n<meta property=\"og:type\" content=\"article\" \/>\n<meta property=\"og:title\" content=\"Was ist besonders an die schottischen West Highlands? - Urlaub &amp; Reisen\" \/>\n<meta property=\"og:description\" content=\"Die schottischen West Highlands sind bekannt f\u00fcr ihre atemberaubende Sch\u00f6nheit, unber\u00fchrte Natur und reiche Kultur\" \/>\n<meta property=\"og:url\" content=\"https:\/\/www.urlaubcornwall.de\/blog\/was-ist-besonders-schottischen-west-highlands\/\" \/>\n<meta property=\"og:site_name\" content=\"Urlaub &amp; Reisen\" \/>\n<meta property=\"article:modified_time\" content=\"2024-05-31T12:03:05+00:00\" \/>\n<meta property=\"og:image\" content=\"https:\/\/www.urlaubcornwall.de\/blog\/wp-content\/uploads\/2024\/03\/schottland-highlands-1.jpg\" \/>\n<meta name=\"twitter:card\" content=\"summary\" \/>\n<meta name=\"twitter:label1\" content=\"Est. reading time\" \/>\n\t<meta name=\"twitter:data1\" content=\"2 minutes\" \/>\n<script type=\"application\/ld+json\" class=\"yoast-schema-graph\">{\"@context\":\"https:\/\/schema.org\",\"@graph\":[{\"@type\":\"WebSite\",\"@id\":\"https:\/\/www.urlaubcornwall.de\/blog\/#website\",\"url\":\"https:\/\/www.urlaubcornwall.de\/blog\/\",\"name\":\"Urlaub &amp; Reisen\",\"description\":\"Urlaub, Reisen, Cornwall und S\u00fcdengland: eine perfekte Kombination\",\"potentialAction\":[{\"@type\":\"SearchAction\",\"target\":{\"@type\":\"EntryPoint\",\"urlTemplate\":\"https:\/\/www.urlaubcornwall.de\/blog\/?s={search_term_string}\"},\"query-input\":\"required name=search_term_string\"}],\"inLanguage\":\"en-US\"},{\"@type\":\"WebPage\",\"@id\":\"https:\/\/www.urlaubcornwall.de\/blog\/was-ist-besonders-schottischen-west-highlands\/\",\"url\":\"https:\/\/www.urlaubcornwall.de\/blog\/was-ist-besonders-schottischen-west-highlands\/\",\"name\":\"Was ist besonders an die schottischen West Highlands? - Urlaub &amp; Reisen\",\"isPartOf\":{\"@id\":\"https:\/\/www.urlaubcornwall.de\/blog\/#website\"},\"datePublished\":\"2023-05-03T08:09:38+00:00\",\"dateModified\":\"2024-05-31T12:03:05+00:00\",\"description\":\"Die schottischen West Highlands sind bekannt f\u00fcr ihre atemberaubende Sch\u00f6nheit, unber\u00fchrte Natur und reiche Kultur\",\"breadcrumb\":{\"@id\":\"https:\/\/www.urlaubcornwall.de\/blog\/was-ist-besonders-schottischen-west-highlands\/#breadcrumb\"},\"inLanguage\":\"en-US\",\"potentialAction\":[{\"@type\":\"ReadAction\",\"target\":[\"https:\/\/www.urlaubcornwall.de\/blog\/was-ist-besonders-schottischen-west-highlands\/\"]}]},{\"@type\":\"BreadcrumbList\",\"@id\":\"https:\/\/www.urlaubcornwall.de\/blog\/was-ist-besonders-schottischen-west-highlands\/#breadcrumb\",\"itemListElement\":[{\"@type\":\"ListItem\",\"position\":1,\"name\":\"Home\",\"item\":\"https:\/\/www.urlaubcornwall.de\/blog\/\"},{\"@type\":\"ListItem\",\"position\":2,\"name\":\"Was ist besonders an die schottischen West Highlands?\"}]}]}<\/script>\n<!-- \/ Yoast SEO plugin. -->","yoast_head_json":{"title":"Was ist besonders an die schottischen West Highlands? - Urlaub &amp; Reisen","description":"Die schottischen West Highlands sind bekannt f\u00fcr ihre atemberaubende Sch\u00f6nheit, unber\u00fchrte Natur und reiche Kultur","robots":{"index":"index","follow":"follow","max-snippet":"max-snippet:-1","max-image-preview":"max-image-preview:large","max-video-preview":"max-video-preview:-1"},"canonical":"https:\/\/www.urlaubcornwall.de\/blog\/was-ist-besonders-schottischen-west-highlands\/","og_locale":"en_US","og_type":"article","og_title":"Was ist besonders an die schottischen West Highlands? - Urlaub &amp; Reisen","og_description":"Die schottischen West Highlands sind bekannt f\u00fcr ihre atemberaubende Sch\u00f6nheit, unber\u00fchrte Natur und reiche Kultur","og_url":"https:\/\/www.urlaubcornwall.de\/blog\/was-ist-besonders-schottischen-west-highlands\/","og_site_name":"Urlaub &amp; Reisen","article_modified_time":"2024-05-31T12:03:05+00:00","og_image":[{"url":"https:\/\/www.urlaubcornwall.de\/blog\/wp-content\/uploads\/2024\/03\/schottland-highlands-1.jpg"}],"twitter_card":"summary","twitter_misc":{"Est. reading time":"2 minutes"},"schema":{"@context":"https:\/\/schema.org","@graph":[{"@type":"WebSite","@id":"https:\/\/www.urlaubcornwall.de\/blog\/#website","url":"https:\/\/www.urlaubcornwall.de\/blog\/","name":"Urlaub &amp; Reisen","description":"Urlaub, Reisen, Cornwall und S\u00fcdengland: eine perfekte Kombination","potentialAction":[{"@type":"SearchAction","target":{"@type":"EntryPoint","urlTemplate":"https:\/\/www.urlaubcornwall.de\/blog\/?s={search_term_string}"},"query-input":"required name=search_term_string"}],"inLanguage":"en-US"},{"@type":"WebPage","@id":"https:\/\/www.urlaubcornwall.de\/blog\/was-ist-besonders-schottischen-west-highlands\/","url":"https:\/\/www.urlaubcornwall.de\/blog\/was-ist-besonders-schottischen-west-highlands\/","name":"Was ist besonders an die schottischen West Highlands? - Urlaub &amp; Reisen","isPartOf":{"@id":"https:\/\/www.urlaubcornwall.de\/blog\/#website"},"datePublished":"2023-05-03T08:09:38+00:00","dateModified":"2024-05-31T12:03:05+00:00","description":"Die schottischen West Highlands sind bekannt f\u00fcr ihre atemberaubende Sch\u00f6nheit, unber\u00fchrte Natur und reiche Kultur","breadcrumb":{"@id":"https:\/\/www.urlaubcornwall.de\/blog\/was-ist-besonders-schottischen-west-highlands\/#breadcrumb"},"inLanguage":"en-US","potentialAction":[{"@type":"ReadAction","target":["https:\/\/www.urlaubcornwall.de\/blog\/was-ist-besonders-schottischen-west-highlands\/"]}]},{"@type":"BreadcrumbList","@id":"https:\/\/www.urlaubcornwall.de\/blog\/was-ist-besonders-schottischen-west-highlands\/#breadcrumb","itemListElement":[{"@type":"ListItem","position":1,"name":"Home","item":"https:\/\/www.urlaubcornwall.de\/blog\/"},{"@type":"ListItem","position":2,"name":"Was ist besonders an die schottischen West Highlands?"}]}]}},"_links":{"self":[{"href":"https:\/\/www.urlaubcornwall.de\/blog\/wp-json\/wp\/v2\/pages\/46515"}],"collection":[{"href":"https:\/\/www.urlaubcornwall.de\/blog\/wp-json\/wp\/v2\/pages"}],"about":[{"href":"https:\/\/www.urlaubcornwall.de\/blog\/wp-json\/wp\/v2\/types\/page"}],"author":[{"embeddable":true,"href":"https:\/\/www.urlaubcornwall.de\/blog\/wp-json\/wp\/v2\/users\/1"}],"replies":[{"embeddable":true,"href":"https:\/\/www.urlaubcornwall.de\/blog\/wp-json\/wp\/v2\/comments?post=46515"}],"version-history":[{"count":3,"href":"https:\/\/www.urlaubcornwall.de\/blog\/wp-json\/wp\/v2\/pages\/46515\/revisions"}],"predecessor-version":[{"id":51351,"href":"https:\/\/www.urlaubcornwall.de\/blog\/wp-json\/wp\/v2\/pages\/46515\/revisions\/51351"}],"wp:attachment":[{"href":"https:\/\/www.urlaubcornwall.de\/blog\/wp-json\/wp\/v2\/media?parent=46515"}],"curies":[{"name":"wp","href":"https:\/\/api.w.org\/{rel}","templated":true}]}}