{"id":46509,"date":"2023-05-02T12:16:25","date_gmt":"2023-05-02T12:16:25","guid":{"rendered":"https:\/\/www.urlaubcornwall.de\/blog\/?page_id=46509"},"modified":"2024-04-30T15:26:17","modified_gmt":"2024-04-30T15:26:17","slug":"was-ist-besonders-an-stonehenge","status":"publish","type":"page","link":"https:\/\/www.urlaubcornwall.de\/blog\/was-ist-besonders-an-stonehenge\/","title":{"rendered":"Was ist besonders an Stonehenge?"},"content":{"rendered":"<p><img loading=\"lazy\" class=\"aligncenter size-full wp-image-48025\" src=\"https:\/\/www.urlaubcornwall.de\/blog\/wp-content\/uploads\/2024\/03\/stonehenge-1.jpg\" alt=\"stonehenge\" width=\"750\" height=\"500\" srcset=\"https:\/\/www.urlaubcornwall.de\/blog\/wp-content\/uploads\/2024\/03\/stonehenge-1.jpg 750w, https:\/\/www.urlaubcornwall.de\/blog\/wp-content\/uploads\/2024\/03\/stonehenge-1-300x200.jpg 300w\" sizes=\"(max-width: 750px) 100vw, 750px\" \/><\/p>\n<p>Stonehenge ist ein pr\u00e4historisches Monument aus riesigen Steinen, das sich in der N\u00e4he von Amesbury in <a href=\"https:\/\/www.urlaubcornwall.de\/ferienhaeuser-fewos\/eng\/wiltshire\/wiltshire.html\">Wiltshire, England<\/a>, befindet. Das Besondere an Stonehenge ist, dass es eine der bekanntesten und mysteri\u00f6sesten arch\u00e4ologischen St\u00e4tten der Welt ist. Die Steinformationen sind \u00fcber 4000 Jahre alt und ihre Konstruktion und Verwendung sind bis heute nicht vollst\u00e4ndig gekl\u00e4rt.<\/p>\n<p>Stonehenge besteht aus mehreren konzentrischen Steinkreisen, darunter ein \u00e4u\u00dferer Kreis aus Steinen, die mehrere Tonnen wiegen. Es gibt auch einen inneren Ring aus noch gr\u00f6\u00dferen Steinen, die als &#8220;Sarsensteine&#8221; bekannt sind und m\u00f6glicherweise aus einer nahegelegenen Steingrube stammen. Diese Steine wurden sorgf\u00e4ltig bearbeitet und transportiert, um sie zu ihrer Position in Stonehenge zu bringen, was eine erstaunliche technische Leistung darstellt.<\/p>\n<p>Es gibt viele Theorien dar\u00fcber, warum Stonehenge errichtet wurde, einschlie\u00dflich astronomischer, religi\u00f6ser und politischer Gr\u00fcnde. Einige glauben, dass es als Observatorium diente, um den Himmel zu beobachten und m\u00f6glicherweise den Sonnen- und Mondzyklus zu verfolgen, w\u00e4hrend andere es als heilige St\u00e4tte betrachten, an der rituelle Handlungen durchgef\u00fchrt wurden.<\/p>\n<p>Insgesamt ist Stonehenge aufgrund seiner Einzigartigkeit, seines Alters und seiner ungewissen Herkunft und Bedeutung eine faszinierende und bemerkenswerte arch\u00e4ologische St\u00e4tte.<\/p>\n<h1>Unser Rundreisenservice in S\u00fcdengland<\/h1>\n<p>Weshalb \u00fcber uns buchen?<\/p>\n<p>Firmensitz in Cornwall und ein Team Deutsch sprechender Reisespezialisten.<\/p>\n<p>Wir haben eine Leidenschaft f\u00fcrs Reisen und gestalten den perfekten Urlaub.<\/p>\n<p>Ortskenntnisse und Insidertipps f\u00fcr unsere Kunden.<\/p>\n<p>Sonderangebote und Preisnachl\u00e4sse<\/p>\n<p>S\u00e4mtliche unserer Rundreisen sind durch einen voll versicherten deutschen Reiseveranstalter gesichert.<\/p>\n<p style=\"text-align: center;\"><a class=\"tidycta\" href=\"https:\/\/www.urlaubcornwall.de\/rundreisen\/cornwall-suedengland.php\"> Mehr Info<\/a><\/p>\n<div class=\"snippet\"> <a class=\"featured-item\" href=\"https:\/\/www.urlaubcornwall.de\/ferienhaeuser\/suedengland.php\"> <span class=\"image-holder\" style=\"background-image: url('https:\/\/www.urlaubcornwall.de\/blog\/wp-content\/uploads\/2024\/03\/ferienhaus-england-cornwall.jpg');\"><\/span> <span class=\"featured-content\"> \n<h2 class=\"featured-title\">Ferienh\u00e4user in S\u00fcdengland<\/h2>\n<p class=\"featured-body\">Bei uns finden Sie Ferienh\u00e4user zum Verlieben &#8211; so einfach ist das! Dank seiner langen Geschichte, der reizvollen Landschaften und seinen vielen Attraktionen ist S\u00fcdengland ein wahres Mekka f\u00fcr Urlauber&#8230;..<\/p><\/span> <span class=\"featured-link-holder\"> <span class=\"featured-extra-info\"> \n<p>Pers\u00f6nlich inspizierter Ferienh\u00e4user<\/p>\n<\/span> \n<p class=\"featured-link\">DETAILS<\/p>\n<\/span> <\/a><\/div>\n","protected":false},"excerpt":{"rendered":"<p>Stonehenge ist ein pr\u00e4historisches Monument aus riesigen Steinen, das sich in der N\u00e4he von Amesbury in Wiltshire, England, befindet. Das Besondere an Stonehenge ist, dass es eine der bekanntesten und mysteri\u00f6sesten arch\u00e4ologischen St\u00e4tten der Welt ist. Die Steinformationen sind \u00fcber 4000 Jahre alt und ihre Konstruktion und Verwendung sind bis heute nicht vollst\u00e4ndig gekl\u00e4rt. Stonehenge [&hellip;]<\/p>\n","protected":false},"author":1,"featured_media":0,"parent":0,"menu_order":0,"comment_status":"closed","ping_status":"closed","template":"single-four.php","meta":[],"acf":[],"yoast_head":"<!-- This site is optimized with the Yoast SEO plugin v19.4 - https:\/\/yoast.com\/wordpress\/plugins\/seo\/ -->\n<title>Was ist besonders an Stonehenge? - Urlaub &amp; Reisen<\/title>\n<meta name=\"description\" content=\"Stonehenge ist ein pr\u00e4historisches Monument aus riesigen Steinen, das sich in der N\u00e4he von Amesbury in Wiltshire, England, befindet\" \/>\n<meta name=\"robots\" content=\"index, follow, max-snippet:-1, max-image-preview:large, max-video-preview:-1\" \/>\n<link rel=\"canonical\" href=\"https:\/\/www.urlaubcornwall.de\/blog\/was-ist-besonders-an-stonehenge\/\" \/>\n<meta property=\"og:locale\" content=\"en_US\" \/>\n<meta property=\"og:type\" content=\"article\" \/>\n<meta property=\"og:title\" content=\"Was ist besonders an Stonehenge? - Urlaub &amp; Reisen\" \/>\n<meta property=\"og:description\" content=\"Stonehenge ist ein pr\u00e4historisches Monument aus riesigen Steinen, das sich in der N\u00e4he von Amesbury in Wiltshire, England, befindet\" \/>\n<meta property=\"og:url\" content=\"https:\/\/www.urlaubcornwall.de\/blog\/was-ist-besonders-an-stonehenge\/\" \/>\n<meta property=\"og:site_name\" content=\"Urlaub &amp; Reisen\" \/>\n<meta property=\"article:modified_time\" content=\"2024-04-30T15:26:17+00:00\" \/>\n<meta property=\"og:image\" content=\"https:\/\/www.urlaubcornwall.de\/blog\/wp-content\/uploads\/2024\/03\/stonehenge-1.jpg\" \/>\n<meta name=\"twitter:card\" content=\"summary\" \/>\n<meta name=\"twitter:label1\" content=\"Est. reading time\" \/>\n\t<meta name=\"twitter:data1\" content=\"2 minutes\" \/>\n<script type=\"application\/ld+json\" class=\"yoast-schema-graph\">{\"@context\":\"https:\/\/schema.org\",\"@graph\":[{\"@type\":\"WebSite\",\"@id\":\"https:\/\/www.urlaubcornwall.de\/blog\/#website\",\"url\":\"https:\/\/www.urlaubcornwall.de\/blog\/\",\"name\":\"Urlaub &amp; Reisen\",\"description\":\"Urlaub, Reisen, Cornwall und S\u00fcdengland: eine perfekte Kombination\",\"potentialAction\":[{\"@type\":\"SearchAction\",\"target\":{\"@type\":\"EntryPoint\",\"urlTemplate\":\"https:\/\/www.urlaubcornwall.de\/blog\/?s={search_term_string}\"},\"query-input\":\"required name=search_term_string\"}],\"inLanguage\":\"en-US\"},{\"@type\":\"WebPage\",\"@id\":\"https:\/\/www.urlaubcornwall.de\/blog\/was-ist-besonders-an-stonehenge\/\",\"url\":\"https:\/\/www.urlaubcornwall.de\/blog\/was-ist-besonders-an-stonehenge\/\",\"name\":\"Was ist besonders an Stonehenge? - Urlaub &amp; Reisen\",\"isPartOf\":{\"@id\":\"https:\/\/www.urlaubcornwall.de\/blog\/#website\"},\"datePublished\":\"2023-05-02T12:16:25+00:00\",\"dateModified\":\"2024-04-30T15:26:17+00:00\",\"description\":\"Stonehenge ist ein pr\u00e4historisches Monument aus riesigen Steinen, das sich in der N\u00e4he von Amesbury in Wiltshire, England, befindet\",\"breadcrumb\":{\"@id\":\"https:\/\/www.urlaubcornwall.de\/blog\/was-ist-besonders-an-stonehenge\/#breadcrumb\"},\"inLanguage\":\"en-US\",\"potentialAction\":[{\"@type\":\"ReadAction\",\"target\":[\"https:\/\/www.urlaubcornwall.de\/blog\/was-ist-besonders-an-stonehenge\/\"]}]},{\"@type\":\"BreadcrumbList\",\"@id\":\"https:\/\/www.urlaubcornwall.de\/blog\/was-ist-besonders-an-stonehenge\/#breadcrumb\",\"itemListElement\":[{\"@type\":\"ListItem\",\"position\":1,\"name\":\"Home\",\"item\":\"https:\/\/www.urlaubcornwall.de\/blog\/\"},{\"@type\":\"ListItem\",\"position\":2,\"name\":\"Was ist besonders an Stonehenge?\"}]}]}<\/script>\n<!-- \/ Yoast SEO plugin. -->","yoast_head_json":{"title":"Was ist besonders an Stonehenge? - Urlaub &amp; Reisen","description":"Stonehenge ist ein pr\u00e4historisches Monument aus riesigen Steinen, das sich in der N\u00e4he von Amesbury in Wiltshire, England, befindet","robots":{"index":"index","follow":"follow","max-snippet":"max-snippet:-1","max-image-preview":"max-image-preview:large","max-video-preview":"max-video-preview:-1"},"canonical":"https:\/\/www.urlaubcornwall.de\/blog\/was-ist-besonders-an-stonehenge\/","og_locale":"en_US","og_type":"article","og_title":"Was ist besonders an Stonehenge? - Urlaub &amp; Reisen","og_description":"Stonehenge ist ein pr\u00e4historisches Monument aus riesigen Steinen, das sich in der N\u00e4he von Amesbury in Wiltshire, England, befindet","og_url":"https:\/\/www.urlaubcornwall.de\/blog\/was-ist-besonders-an-stonehenge\/","og_site_name":"Urlaub &amp; Reisen","article_modified_time":"2024-04-30T15:26:17+00:00","og_image":[{"url":"https:\/\/www.urlaubcornwall.de\/blog\/wp-content\/uploads\/2024\/03\/stonehenge-1.jpg"}],"twitter_card":"summary","twitter_misc":{"Est. reading time":"2 minutes"},"schema":{"@context":"https:\/\/schema.org","@graph":[{"@type":"WebSite","@id":"https:\/\/www.urlaubcornwall.de\/blog\/#website","url":"https:\/\/www.urlaubcornwall.de\/blog\/","name":"Urlaub &amp; Reisen","description":"Urlaub, Reisen, Cornwall und S\u00fcdengland: eine perfekte Kombination","potentialAction":[{"@type":"SearchAction","target":{"@type":"EntryPoint","urlTemplate":"https:\/\/www.urlaubcornwall.de\/blog\/?s={search_term_string}"},"query-input":"required name=search_term_string"}],"inLanguage":"en-US"},{"@type":"WebPage","@id":"https:\/\/www.urlaubcornwall.de\/blog\/was-ist-besonders-an-stonehenge\/","url":"https:\/\/www.urlaubcornwall.de\/blog\/was-ist-besonders-an-stonehenge\/","name":"Was ist besonders an Stonehenge? - Urlaub &amp; Reisen","isPartOf":{"@id":"https:\/\/www.urlaubcornwall.de\/blog\/#website"},"datePublished":"2023-05-02T12:16:25+00:00","dateModified":"2024-04-30T15:26:17+00:00","description":"Stonehenge ist ein pr\u00e4historisches Monument aus riesigen Steinen, das sich in der N\u00e4he von Amesbury in Wiltshire, England, befindet","breadcrumb":{"@id":"https:\/\/www.urlaubcornwall.de\/blog\/was-ist-besonders-an-stonehenge\/#breadcrumb"},"inLanguage":"en-US","potentialAction":[{"@type":"ReadAction","target":["https:\/\/www.urlaubcornwall.de\/blog\/was-ist-besonders-an-stonehenge\/"]}]},{"@type":"BreadcrumbList","@id":"https:\/\/www.urlaubcornwall.de\/blog\/was-ist-besonders-an-stonehenge\/#breadcrumb","itemListElement":[{"@type":"ListItem","position":1,"name":"Home","item":"https:\/\/www.urlaubcornwall.de\/blog\/"},{"@type":"ListItem","position":2,"name":"Was ist besonders an Stonehenge?"}]}]}},"_links":{"self":[{"href":"https:\/\/www.urlaubcornwall.de\/blog\/wp-json\/wp\/v2\/pages\/46509"}],"collection":[{"href":"https:\/\/www.urlaubcornwall.de\/blog\/wp-json\/wp\/v2\/pages"}],"about":[{"href":"https:\/\/www.urlaubcornwall.de\/blog\/wp-json\/wp\/v2\/types\/page"}],"author":[{"embeddable":true,"href":"https:\/\/www.urlaubcornwall.de\/blog\/wp-json\/wp\/v2\/users\/1"}],"replies":[{"embeddable":true,"href":"https:\/\/www.urlaubcornwall.de\/blog\/wp-json\/wp\/v2\/comments?post=46509"}],"version-history":[{"count":4,"href":"https:\/\/www.urlaubcornwall.de\/blog\/wp-json\/wp\/v2\/pages\/46509\/revisions"}],"predecessor-version":[{"id":49972,"href":"https:\/\/www.urlaubcornwall.de\/blog\/wp-json\/wp\/v2\/pages\/46509\/revisions\/49972"}],"wp:attachment":[{"href":"https:\/\/www.urlaubcornwall.de\/blog\/wp-json\/wp\/v2\/media?parent=46509"}],"curies":[{"name":"wp","href":"https:\/\/api.w.org\/{rel}","templated":true}]}}