{"id":46503,"date":"2023-05-02T08:17:10","date_gmt":"2023-05-02T08:17:10","guid":{"rendered":"https:\/\/www.urlaubcornwall.de\/blog\/?page_id=46503"},"modified":"2024-05-31T12:04:08","modified_gmt":"2024-05-31T12:04:08","slug":"kann-man-auf-den-kanalinseln-mit-euro-bezahlen","status":"publish","type":"page","link":"https:\/\/www.urlaubcornwall.de\/blog\/kann-man-auf-den-kanalinseln-mit-euro-bezahlen\/","title":{"rendered":"Kann man auf den Kanalinseln mit Euro bezahlen?"},"content":{"rendered":"<p><a href=\"https:\/\/www.urlaubcornwall.de\/blog\/wp-content\/uploads\/2023\/02\/gorey-schloss-jersey-kanailinseln.jpg\"><img loading=\"lazy\" src=\"https:\/\/www.urlaubcornwall.de\/blog\/wp-content\/uploads\/2023\/02\/gorey-schloss-jersey-kanailinseln.jpg\" alt=\"gorey schloss jersey kanailinseln\" width=\"750\" height=\"500\" class=\"alignnone size-full wp-image-45940\" srcset=\"https:\/\/www.urlaubcornwall.de\/blog\/wp-content\/uploads\/2023\/02\/gorey-schloss-jersey-kanailinseln.jpg 750w, https:\/\/www.urlaubcornwall.de\/blog\/wp-content\/uploads\/2023\/02\/gorey-schloss-jersey-kanailinseln-300x200.jpg 300w\" sizes=\"(max-width: 750px) 100vw, 750px\" \/><\/a><\/p>\n<p><a href=\"https:\/\/www.urlaubcornwall.de\/reiseziel\/kanalinseln\/\">Die Kanalinseln (Jersey, Guernsey, Alderney, Sark und Herm)<\/a> sind eine Gruppe von Inseln im \u00c4rmelkanal und geh\u00f6ren nicht zur Europ\u00e4ischen Union. Obwohl die Kanalinseln jedoch keine offiziellen Mitglieder der EU sind, akzeptieren viele Gesch\u00e4fte und Einrichtungen auf den Inseln den Euro als Zahlungsmittel. Es ist jedoch wichtig zu beachten, dass der Euro m\u00f6glicherweise nicht \u00fcberall akzeptiert wird und dass einige Einrichtungen m\u00f6glicherweise eine W\u00e4hrungsumrechnungsgeb\u00fchr erheben. Daher sollten Sie immer sicherstellen, dass Sie ausreichend Bargeld in der richtigen W\u00e4hrung haben oder eine Kreditkarte verwenden, die keine Auslandsw\u00e4hrungsgeb\u00fchren berechnet.<\/p>\n<h1><a href=\"https:\/\/www.urlaubcornwall.de\/blog\/spezialist-reisen-kanalinseln\/\">Ihr Spezialist f\u00fcr Reisen auf die Kanalinseln! Entdecken Sie das einzigartige Paradies im Atlantik<\/a><\/h1>\n<p><strong>Ein komplettes Urlaub mit Inklusive Flug<\/strong><\/p>\n<p>In der Tat gibt es zu viele malerische Fleckchen, um sie alle in einen Urlaub zu zw\u00e4ngen. Was also tun als Sch\u00f6nheitssuchender? Planen Sie Ihren Urlaub, gef\u00fcllt mit lediglich den sch\u00f6nsten Orten!<\/p>\n<p>Hier sind einige Ideen, die sicherstellen, dass Ihre n\u00e4chste <a href=\"https:\/\/www.urlaubcornwall.de\/reiseziel\/kanalinseln\/\">Reise nach Kanalinseln<\/a> die Instagram-Reise schlechthin darstellt.<\/p>\n","protected":false},"excerpt":{"rendered":"<p>Die Kanalinseln (Jersey, Guernsey, Alderney, Sark und Herm) sind eine Gruppe von Inseln im \u00c4rmelkanal und geh\u00f6ren nicht zur Europ\u00e4ischen Union. Obwohl die Kanalinseln jedoch keine offiziellen Mitglieder der EU sind, akzeptieren viele Gesch\u00e4fte und Einrichtungen auf den Inseln den Euro als Zahlungsmittel. Es ist jedoch wichtig zu beachten, dass der Euro m\u00f6glicherweise nicht \u00fcberall [&hellip;]<\/p>\n","protected":false},"author":1,"featured_media":0,"parent":0,"menu_order":0,"comment_status":"closed","ping_status":"closed","template":"single-four.php","meta":[],"acf":[],"yoast_head":"<!-- This site is optimized with the Yoast SEO plugin v19.4 - https:\/\/yoast.com\/wordpress\/plugins\/seo\/ -->\n<title>Kann man auf den Kanalinseln mit Euro bezahlen? - Urlaub &amp; Reisen<\/title>\n<meta name=\"robots\" content=\"index, follow, max-snippet:-1, max-image-preview:large, max-video-preview:-1\" \/>\n<link rel=\"canonical\" href=\"https:\/\/www.urlaubcornwall.de\/blog\/kann-man-auf-den-kanalinseln-mit-euro-bezahlen\/\" \/>\n<meta property=\"og:locale\" content=\"en_US\" \/>\n<meta property=\"og:type\" content=\"article\" \/>\n<meta property=\"og:title\" content=\"Kann man auf den Kanalinseln mit Euro bezahlen? - Urlaub &amp; Reisen\" \/>\n<meta property=\"og:description\" content=\"Die Kanalinseln (Jersey, Guernsey, Alderney, Sark und Herm) sind eine Gruppe von Inseln im \u00c4rmelkanal und geh\u00f6ren nicht zur Europ\u00e4ischen Union. Obwohl die Kanalinseln jedoch keine offiziellen Mitglieder der EU sind, akzeptieren viele Gesch\u00e4fte und Einrichtungen auf den Inseln den Euro als Zahlungsmittel. Es ist jedoch wichtig zu beachten, dass der Euro m\u00f6glicherweise nicht \u00fcberall [&hellip;]\" \/>\n<meta property=\"og:url\" content=\"https:\/\/www.urlaubcornwall.de\/blog\/kann-man-auf-den-kanalinseln-mit-euro-bezahlen\/\" \/>\n<meta property=\"og:site_name\" content=\"Urlaub &amp; Reisen\" \/>\n<meta property=\"article:modified_time\" content=\"2024-05-31T12:04:08+00:00\" \/>\n<meta property=\"og:image\" content=\"https:\/\/www.urlaubcornwall.de\/blog\/wp-content\/uploads\/2023\/02\/gorey-schloss-jersey-kanailinseln.jpg\" \/>\n<meta name=\"twitter:card\" content=\"summary\" \/>\n<meta name=\"twitter:label1\" content=\"Est. reading time\" \/>\n\t<meta name=\"twitter:data1\" content=\"1 minute\" \/>\n<script type=\"application\/ld+json\" class=\"yoast-schema-graph\">{\"@context\":\"https:\/\/schema.org\",\"@graph\":[{\"@type\":\"WebSite\",\"@id\":\"https:\/\/www.urlaubcornwall.de\/blog\/#website\",\"url\":\"https:\/\/www.urlaubcornwall.de\/blog\/\",\"name\":\"Urlaub &amp; Reisen\",\"description\":\"Urlaub, Reisen, Cornwall und S\u00fcdengland: eine perfekte Kombination\",\"potentialAction\":[{\"@type\":\"SearchAction\",\"target\":{\"@type\":\"EntryPoint\",\"urlTemplate\":\"https:\/\/www.urlaubcornwall.de\/blog\/?s={search_term_string}\"},\"query-input\":\"required name=search_term_string\"}],\"inLanguage\":\"en-US\"},{\"@type\":\"WebPage\",\"@id\":\"https:\/\/www.urlaubcornwall.de\/blog\/kann-man-auf-den-kanalinseln-mit-euro-bezahlen\/\",\"url\":\"https:\/\/www.urlaubcornwall.de\/blog\/kann-man-auf-den-kanalinseln-mit-euro-bezahlen\/\",\"name\":\"Kann man auf den Kanalinseln mit Euro bezahlen? - Urlaub &amp; Reisen\",\"isPartOf\":{\"@id\":\"https:\/\/www.urlaubcornwall.de\/blog\/#website\"},\"datePublished\":\"2023-05-02T08:17:10+00:00\",\"dateModified\":\"2024-05-31T12:04:08+00:00\",\"breadcrumb\":{\"@id\":\"https:\/\/www.urlaubcornwall.de\/blog\/kann-man-auf-den-kanalinseln-mit-euro-bezahlen\/#breadcrumb\"},\"inLanguage\":\"en-US\",\"potentialAction\":[{\"@type\":\"ReadAction\",\"target\":[\"https:\/\/www.urlaubcornwall.de\/blog\/kann-man-auf-den-kanalinseln-mit-euro-bezahlen\/\"]}]},{\"@type\":\"BreadcrumbList\",\"@id\":\"https:\/\/www.urlaubcornwall.de\/blog\/kann-man-auf-den-kanalinseln-mit-euro-bezahlen\/#breadcrumb\",\"itemListElement\":[{\"@type\":\"ListItem\",\"position\":1,\"name\":\"Home\",\"item\":\"https:\/\/www.urlaubcornwall.de\/blog\/\"},{\"@type\":\"ListItem\",\"position\":2,\"name\":\"Kann man auf den Kanalinseln mit Euro bezahlen?\"}]}]}<\/script>\n<!-- \/ Yoast SEO plugin. -->","yoast_head_json":{"title":"Kann man auf den Kanalinseln mit Euro bezahlen? - Urlaub &amp; Reisen","robots":{"index":"index","follow":"follow","max-snippet":"max-snippet:-1","max-image-preview":"max-image-preview:large","max-video-preview":"max-video-preview:-1"},"canonical":"https:\/\/www.urlaubcornwall.de\/blog\/kann-man-auf-den-kanalinseln-mit-euro-bezahlen\/","og_locale":"en_US","og_type":"article","og_title":"Kann man auf den Kanalinseln mit Euro bezahlen? - Urlaub &amp; Reisen","og_description":"Die Kanalinseln (Jersey, Guernsey, Alderney, Sark und Herm) sind eine Gruppe von Inseln im \u00c4rmelkanal und geh\u00f6ren nicht zur Europ\u00e4ischen Union. Obwohl die Kanalinseln jedoch keine offiziellen Mitglieder der EU sind, akzeptieren viele Gesch\u00e4fte und Einrichtungen auf den Inseln den Euro als Zahlungsmittel. Es ist jedoch wichtig zu beachten, dass der Euro m\u00f6glicherweise nicht \u00fcberall [&hellip;]","og_url":"https:\/\/www.urlaubcornwall.de\/blog\/kann-man-auf-den-kanalinseln-mit-euro-bezahlen\/","og_site_name":"Urlaub &amp; Reisen","article_modified_time":"2024-05-31T12:04:08+00:00","og_image":[{"url":"https:\/\/www.urlaubcornwall.de\/blog\/wp-content\/uploads\/2023\/02\/gorey-schloss-jersey-kanailinseln.jpg"}],"twitter_card":"summary","twitter_misc":{"Est. reading time":"1 minute"},"schema":{"@context":"https:\/\/schema.org","@graph":[{"@type":"WebSite","@id":"https:\/\/www.urlaubcornwall.de\/blog\/#website","url":"https:\/\/www.urlaubcornwall.de\/blog\/","name":"Urlaub &amp; Reisen","description":"Urlaub, Reisen, Cornwall und S\u00fcdengland: eine perfekte Kombination","potentialAction":[{"@type":"SearchAction","target":{"@type":"EntryPoint","urlTemplate":"https:\/\/www.urlaubcornwall.de\/blog\/?s={search_term_string}"},"query-input":"required name=search_term_string"}],"inLanguage":"en-US"},{"@type":"WebPage","@id":"https:\/\/www.urlaubcornwall.de\/blog\/kann-man-auf-den-kanalinseln-mit-euro-bezahlen\/","url":"https:\/\/www.urlaubcornwall.de\/blog\/kann-man-auf-den-kanalinseln-mit-euro-bezahlen\/","name":"Kann man auf den Kanalinseln mit Euro bezahlen? - Urlaub &amp; Reisen","isPartOf":{"@id":"https:\/\/www.urlaubcornwall.de\/blog\/#website"},"datePublished":"2023-05-02T08:17:10+00:00","dateModified":"2024-05-31T12:04:08+00:00","breadcrumb":{"@id":"https:\/\/www.urlaubcornwall.de\/blog\/kann-man-auf-den-kanalinseln-mit-euro-bezahlen\/#breadcrumb"},"inLanguage":"en-US","potentialAction":[{"@type":"ReadAction","target":["https:\/\/www.urlaubcornwall.de\/blog\/kann-man-auf-den-kanalinseln-mit-euro-bezahlen\/"]}]},{"@type":"BreadcrumbList","@id":"https:\/\/www.urlaubcornwall.de\/blog\/kann-man-auf-den-kanalinseln-mit-euro-bezahlen\/#breadcrumb","itemListElement":[{"@type":"ListItem","position":1,"name":"Home","item":"https:\/\/www.urlaubcornwall.de\/blog\/"},{"@type":"ListItem","position":2,"name":"Kann man auf den Kanalinseln mit Euro bezahlen?"}]}]}},"_links":{"self":[{"href":"https:\/\/www.urlaubcornwall.de\/blog\/wp-json\/wp\/v2\/pages\/46503"}],"collection":[{"href":"https:\/\/www.urlaubcornwall.de\/blog\/wp-json\/wp\/v2\/pages"}],"about":[{"href":"https:\/\/www.urlaubcornwall.de\/blog\/wp-json\/wp\/v2\/types\/page"}],"author":[{"embeddable":true,"href":"https:\/\/www.urlaubcornwall.de\/blog\/wp-json\/wp\/v2\/users\/1"}],"replies":[{"embeddable":true,"href":"https:\/\/www.urlaubcornwall.de\/blog\/wp-json\/wp\/v2\/comments?post=46503"}],"version-history":[{"count":2,"href":"https:\/\/www.urlaubcornwall.de\/blog\/wp-json\/wp\/v2\/pages\/46503\/revisions"}],"predecessor-version":[{"id":51352,"href":"https:\/\/www.urlaubcornwall.de\/blog\/wp-json\/wp\/v2\/pages\/46503\/revisions\/51352"}],"wp:attachment":[{"href":"https:\/\/www.urlaubcornwall.de\/blog\/wp-json\/wp\/v2\/media?parent=46503"}],"curies":[{"name":"wp","href":"https:\/\/api.w.org\/{rel}","templated":true}]}}