{"id":46499,"date":"2023-05-02T07:58:03","date_gmt":"2023-05-02T07:58:03","guid":{"rendered":"https:\/\/www.urlaubcornwall.de\/blog\/?page_id=46499"},"modified":"2024-05-31T12:04:40","modified_gmt":"2024-05-31T12:04:40","slug":"was-ist-besonders-an-inverness","status":"publish","type":"page","link":"https:\/\/www.urlaubcornwall.de\/blog\/was-ist-besonders-an-inverness\/","title":{"rendered":"Was ist besonders an Inverness?"},"content":{"rendered":"<p><a href=\"https:\/\/www.urlaubcornwall.de\/blog\/wp-content\/uploads\/2016\/01\/inverness-schloss.jpg\"><img loading=\"lazy\" src=\"https:\/\/www.urlaubcornwall.de\/blog\/wp-content\/uploads\/2016\/01\/inverness-schloss.jpg\" alt=\"inverness_schloss_gruppenreise\" width=\"745\" height=\"332\" class=\"alignnone size-full wp-image-22907\" srcset=\"https:\/\/www.urlaubcornwall.de\/blog\/wp-content\/uploads\/2016\/01\/inverness-schloss.jpg 745w, https:\/\/www.urlaubcornwall.de\/blog\/wp-content\/uploads\/2016\/01\/inverness-schloss-300x134.jpg 300w\" sizes=\"(max-width: 745px) 100vw, 745px\" \/><\/a><\/p>\n<p><a href=\"https:\/\/www.urlaubcornwall.de\/ferienhaeuser-fewos\/sco\/nordschottland\/inverness.html\">Inverness<\/a> ist die Hauptstadt der <a href=\"https:\/\/www.urlaubcornwall.de\/reiseziel\/schottland.php\">schottischen Highlands<\/a> und eine der sch\u00f6nsten St\u00e4dte in Schottland. Hier sind einige Orte, die Sie besuchen sollten und was sie besonders macht:<\/p>\n<p>Urquhart Castle &#8211; Dieses Schloss am Ufer des Loch Ness ist eines der bekanntesten Wahrzeichen in <a href=\"https:\/\/www.urlaubcornwall.de\/ferienhaeuser-fewos\/sco\/schottland.html\">Schottland<\/a> und ein Muss f\u00fcr jeden Besucher. Es wurde im 13. Jahrhundert erbaut und hat eine lange Geschichte, einschlie\u00dflich einer Belagerung im 17. Jahrhundert.<\/p>\n<p>Culloden Battlefield &#8211; Dieser Ort ist bekannt als die Stelle der Schlacht von Culloden, die im Jahr 1746 stattfand und als eine der wichtigsten Schlachten in der schottischen Geschichte gilt. Das Besucherzentrum bietet eine interaktive Ausstellung, die die Ereignisse der Schlacht und ihre Auswirkungen auf Schottland zeigt.<\/p>\n<p>Inverness Castle &#8211; Dieses Schloss ist ein Symbol f\u00fcr die Stadt Inverness und ein wichtiger Ort f\u00fcr die Verwaltung der Highlands. Obwohl es heute als Gerichtsgeb\u00e4ude genutzt wird, ist es immer noch ein beeindruckendes Geb\u00e4ude, das man besichtigen sollte.<\/p>\n<p>Ness Islands &#8211; Diese Inseln im Fluss Ness bieten eine friedliche Oase mitten in der Stadt. Sie sind bekannt f\u00fcr ihre wundersch\u00f6ne Landschaft und sind ein gro\u00dfartiger Ort, um einen Spaziergang zu machen oder zu picknicken.<\/p>\n<p>St. Andrew&#8217;s Cathedral &#8211; Diese Kathedrale ist ein wichtiger Ort f\u00fcr die katholische Kirche in Schottland und ein beeindruckendes Beispiel f\u00fcr neogotische Architektur. Sie wurde im 19. Jahrhundert erbaut und ist ein wichtiger Ort f\u00fcr Pilger und Touristen.<\/p>\n<p>Inverness hat auch eine reiche Kultur und Geschichte, die man durch den Besuch von Museen und Galerien erkunden kann. Die Stadt ist auch ein guter Ausgangspunkt, um die spektakul\u00e4re Landschaft der schottischen Highlands zu erkunden.<\/p>\n<h1>Unser Rundreisenservice in Schottland<\/h1>\n<p>Weshalb \u00fcber uns buchen?<\/p>\n<p>Firmensitz in Cornwall und ein Team Deutsch sprechender Reisespezialisten.<\/p>\n<p>Wir haben eine Leidenschaft f\u00fcrs Reisen und gestalten den perfekten Urlaub.<\/p>\n<p>Ortskenntnisse und Insidertipps f\u00fcr unsere Kunden.<\/p>\n<p>Sonderangebote und Preisnachl\u00e4sse<\/p>\n<p>S\u00e4mtliche unserer Rundreisen sind durch einen voll versicherten deutschen Reiseveranstalter gesichert.<\/p>\n<p style=\"text-align: center;\"><a class=\"tidycta\" href=\"https:\/\/www.urlaubcornwall.de\/blog\/rundreisen-schottland\/\"> Mehr Info<\/a><\/p>\n<div class=\"snippet\"> <a class=\"featured-item\" href=\" https:\/\/www.urlaubcornwall.de\/ferienhaeuser\/schottland.php\"> <span class=\"image-holder\" style=\"background-image: url(' https:\/\/www.urlaubcornwall.de\/blog\/wp-content\/uploads\/2019\/01\/urlaub-schottland-highlands-1.jpg ');\"><\/span> <span class=\"featured-content\"> \n<h2 class=\"featured-title\">Bei uns finden Sie Ferienh\u00e4user in Schottland zum Verlieben!<\/h2>\n<p class=\"featured-body\">Untenstehend finden Sie eine Auswahl an Ferienh\u00e4usern in Schottland. Hier finden Sie pers\u00f6nlich inspizierte Cottages entlang der schottischen K\u00fcste, in den schottischen Highlands und auf den Inseln&#8230;..<\/p>\n<\/span> <span class=\"featured-link-holder\"> <span class=\"featured-extra-info\"> \n<p>F\u00fcr Paare, Familien &#038; Gruppen<\/p>\n<\/span> \n<p class=\"featured-link\">DETAILS<\/p>\n<\/span> <\/a><\/div>\n","protected":false},"excerpt":{"rendered":"<p>Inverness ist die Hauptstadt der schottischen Highlands und eine der sch\u00f6nsten St\u00e4dte in Schottland. Hier sind einige Orte, die Sie besuchen sollten und was sie besonders macht: Urquhart Castle &#8211; Dieses Schloss am Ufer des Loch Ness ist eines der bekanntesten Wahrzeichen in Schottland und ein Muss f\u00fcr jeden Besucher. Es wurde im 13. Jahrhundert [&hellip;]<\/p>\n","protected":false},"author":1,"featured_media":0,"parent":0,"menu_order":0,"comment_status":"closed","ping_status":"closed","template":"single-four.php","meta":[],"acf":[],"yoast_head":"<!-- This site is optimized with the Yoast SEO plugin v19.4 - https:\/\/yoast.com\/wordpress\/plugins\/seo\/ -->\n<title>Was ist besonders an Inverness? - Urlaub &amp; Reisen<\/title>\n<meta name=\"description\" content=\"Inverness ist die Hauptstadt der schottischen Highlands und eine der sch\u00f6nsten St\u00e4dte in Schottland. Hier sind einige Orte, die Sie besuchen\" \/>\n<meta name=\"robots\" content=\"index, follow, max-snippet:-1, max-image-preview:large, max-video-preview:-1\" \/>\n<link rel=\"canonical\" href=\"https:\/\/www.urlaubcornwall.de\/blog\/was-ist-besonders-an-inverness\/\" \/>\n<meta property=\"og:locale\" content=\"en_US\" \/>\n<meta property=\"og:type\" content=\"article\" \/>\n<meta property=\"og:title\" content=\"Was ist besonders an Inverness? - Urlaub &amp; Reisen\" \/>\n<meta property=\"og:description\" content=\"Inverness ist die Hauptstadt der schottischen Highlands und eine der sch\u00f6nsten St\u00e4dte in Schottland. Hier sind einige Orte, die Sie besuchen\" \/>\n<meta property=\"og:url\" content=\"https:\/\/www.urlaubcornwall.de\/blog\/was-ist-besonders-an-inverness\/\" \/>\n<meta property=\"og:site_name\" content=\"Urlaub &amp; Reisen\" \/>\n<meta property=\"article:modified_time\" content=\"2024-05-31T12:04:40+00:00\" \/>\n<meta property=\"og:image\" content=\"https:\/\/www.urlaubcornwall.de\/blog\/wp-content\/uploads\/2016\/01\/inverness-schloss.jpg\" \/>\n<meta name=\"twitter:card\" content=\"summary\" \/>\n<meta name=\"twitter:label1\" content=\"Est. reading time\" \/>\n\t<meta name=\"twitter:data1\" content=\"2 minutes\" \/>\n<script type=\"application\/ld+json\" class=\"yoast-schema-graph\">{\"@context\":\"https:\/\/schema.org\",\"@graph\":[{\"@type\":\"WebSite\",\"@id\":\"https:\/\/www.urlaubcornwall.de\/blog\/#website\",\"url\":\"https:\/\/www.urlaubcornwall.de\/blog\/\",\"name\":\"Urlaub &amp; Reisen\",\"description\":\"Urlaub, Reisen, Cornwall und S\u00fcdengland: eine perfekte Kombination\",\"potentialAction\":[{\"@type\":\"SearchAction\",\"target\":{\"@type\":\"EntryPoint\",\"urlTemplate\":\"https:\/\/www.urlaubcornwall.de\/blog\/?s={search_term_string}\"},\"query-input\":\"required name=search_term_string\"}],\"inLanguage\":\"en-US\"},{\"@type\":\"WebPage\",\"@id\":\"https:\/\/www.urlaubcornwall.de\/blog\/was-ist-besonders-an-inverness\/\",\"url\":\"https:\/\/www.urlaubcornwall.de\/blog\/was-ist-besonders-an-inverness\/\",\"name\":\"Was ist besonders an Inverness? - Urlaub &amp; Reisen\",\"isPartOf\":{\"@id\":\"https:\/\/www.urlaubcornwall.de\/blog\/#website\"},\"datePublished\":\"2023-05-02T07:58:03+00:00\",\"dateModified\":\"2024-05-31T12:04:40+00:00\",\"description\":\"Inverness ist die Hauptstadt der schottischen Highlands und eine der sch\u00f6nsten St\u00e4dte in Schottland. Hier sind einige Orte, die Sie besuchen\",\"breadcrumb\":{\"@id\":\"https:\/\/www.urlaubcornwall.de\/blog\/was-ist-besonders-an-inverness\/#breadcrumb\"},\"inLanguage\":\"en-US\",\"potentialAction\":[{\"@type\":\"ReadAction\",\"target\":[\"https:\/\/www.urlaubcornwall.de\/blog\/was-ist-besonders-an-inverness\/\"]}]},{\"@type\":\"BreadcrumbList\",\"@id\":\"https:\/\/www.urlaubcornwall.de\/blog\/was-ist-besonders-an-inverness\/#breadcrumb\",\"itemListElement\":[{\"@type\":\"ListItem\",\"position\":1,\"name\":\"Home\",\"item\":\"https:\/\/www.urlaubcornwall.de\/blog\/\"},{\"@type\":\"ListItem\",\"position\":2,\"name\":\"Was ist besonders an Inverness?\"}]}]}<\/script>\n<!-- \/ Yoast SEO plugin. -->","yoast_head_json":{"title":"Was ist besonders an Inverness? - Urlaub &amp; Reisen","description":"Inverness ist die Hauptstadt der schottischen Highlands und eine der sch\u00f6nsten St\u00e4dte in Schottland. Hier sind einige Orte, die Sie besuchen","robots":{"index":"index","follow":"follow","max-snippet":"max-snippet:-1","max-image-preview":"max-image-preview:large","max-video-preview":"max-video-preview:-1"},"canonical":"https:\/\/www.urlaubcornwall.de\/blog\/was-ist-besonders-an-inverness\/","og_locale":"en_US","og_type":"article","og_title":"Was ist besonders an Inverness? - Urlaub &amp; Reisen","og_description":"Inverness ist die Hauptstadt der schottischen Highlands und eine der sch\u00f6nsten St\u00e4dte in Schottland. Hier sind einige Orte, die Sie besuchen","og_url":"https:\/\/www.urlaubcornwall.de\/blog\/was-ist-besonders-an-inverness\/","og_site_name":"Urlaub &amp; Reisen","article_modified_time":"2024-05-31T12:04:40+00:00","og_image":[{"url":"https:\/\/www.urlaubcornwall.de\/blog\/wp-content\/uploads\/2016\/01\/inverness-schloss.jpg"}],"twitter_card":"summary","twitter_misc":{"Est. reading time":"2 minutes"},"schema":{"@context":"https:\/\/schema.org","@graph":[{"@type":"WebSite","@id":"https:\/\/www.urlaubcornwall.de\/blog\/#website","url":"https:\/\/www.urlaubcornwall.de\/blog\/","name":"Urlaub &amp; Reisen","description":"Urlaub, Reisen, Cornwall und S\u00fcdengland: eine perfekte Kombination","potentialAction":[{"@type":"SearchAction","target":{"@type":"EntryPoint","urlTemplate":"https:\/\/www.urlaubcornwall.de\/blog\/?s={search_term_string}"},"query-input":"required name=search_term_string"}],"inLanguage":"en-US"},{"@type":"WebPage","@id":"https:\/\/www.urlaubcornwall.de\/blog\/was-ist-besonders-an-inverness\/","url":"https:\/\/www.urlaubcornwall.de\/blog\/was-ist-besonders-an-inverness\/","name":"Was ist besonders an Inverness? - Urlaub &amp; Reisen","isPartOf":{"@id":"https:\/\/www.urlaubcornwall.de\/blog\/#website"},"datePublished":"2023-05-02T07:58:03+00:00","dateModified":"2024-05-31T12:04:40+00:00","description":"Inverness ist die Hauptstadt der schottischen Highlands und eine der sch\u00f6nsten St\u00e4dte in Schottland. Hier sind einige Orte, die Sie besuchen","breadcrumb":{"@id":"https:\/\/www.urlaubcornwall.de\/blog\/was-ist-besonders-an-inverness\/#breadcrumb"},"inLanguage":"en-US","potentialAction":[{"@type":"ReadAction","target":["https:\/\/www.urlaubcornwall.de\/blog\/was-ist-besonders-an-inverness\/"]}]},{"@type":"BreadcrumbList","@id":"https:\/\/www.urlaubcornwall.de\/blog\/was-ist-besonders-an-inverness\/#breadcrumb","itemListElement":[{"@type":"ListItem","position":1,"name":"Home","item":"https:\/\/www.urlaubcornwall.de\/blog\/"},{"@type":"ListItem","position":2,"name":"Was ist besonders an Inverness?"}]}]}},"_links":{"self":[{"href":"https:\/\/www.urlaubcornwall.de\/blog\/wp-json\/wp\/v2\/pages\/46499"}],"collection":[{"href":"https:\/\/www.urlaubcornwall.de\/blog\/wp-json\/wp\/v2\/pages"}],"about":[{"href":"https:\/\/www.urlaubcornwall.de\/blog\/wp-json\/wp\/v2\/types\/page"}],"author":[{"embeddable":true,"href":"https:\/\/www.urlaubcornwall.de\/blog\/wp-json\/wp\/v2\/users\/1"}],"replies":[{"embeddable":true,"href":"https:\/\/www.urlaubcornwall.de\/blog\/wp-json\/wp\/v2\/comments?post=46499"}],"version-history":[{"count":3,"href":"https:\/\/www.urlaubcornwall.de\/blog\/wp-json\/wp\/v2\/pages\/46499\/revisions"}],"predecessor-version":[{"id":51353,"href":"https:\/\/www.urlaubcornwall.de\/blog\/wp-json\/wp\/v2\/pages\/46499\/revisions\/51353"}],"wp:attachment":[{"href":"https:\/\/www.urlaubcornwall.de\/blog\/wp-json\/wp\/v2\/media?parent=46499"}],"curies":[{"name":"wp","href":"https:\/\/api.w.org\/{rel}","templated":true}]}}