{"id":46496,"date":"2023-05-02T07:48:59","date_gmt":"2023-05-02T07:48:59","guid":{"rendered":"https:\/\/www.urlaubcornwall.de\/blog\/?page_id=46496"},"modified":"2024-04-15T14:39:47","modified_gmt":"2024-04-15T14:39:47","slug":"ist-glasgow-schoen","status":"publish","type":"page","link":"https:\/\/www.urlaubcornwall.de\/blog\/ist-glasgow-schoen\/","title":{"rendered":"Ist Glasgow sch\u00f6n?"},"content":{"rendered":"<p><img loading=\"lazy\" class=\"aligncenter size-full wp-image-48013\" src=\"https:\/\/www.urlaubcornwall.de\/blog\/wp-content\/uploads\/2024\/03\/Buchanan-Galleries-Glasgow.jpg\" alt=\"Buchanan Galleries, Glasgow\" width=\"750\" height=\"500\" srcset=\"https:\/\/www.urlaubcornwall.de\/blog\/wp-content\/uploads\/2024\/03\/Buchanan-Galleries-Glasgow.jpg 750w, https:\/\/www.urlaubcornwall.de\/blog\/wp-content\/uploads\/2024\/03\/Buchanan-Galleries-Glasgow-300x200.jpg 300w\" sizes=\"(max-width: 750px) 100vw, 750px\" \/><\/p>\n<p>Ja, Glasgow ist eine sehr sch\u00f6ne Stadt, die eine reiche Geschichte und Kultur hat. Hier sind einige Orte, die Sie besuchen sollten, und ihre Geschichte:<\/p>\n<p>Glasgow Cathedral &#8211; Diese gotische Kathedrale wurde im 12. Jahrhundert erbaut und ist ein beeindruckendes Beispiel f\u00fcr mittelalterliche Architektur. Sie wurde als die Mutterkirche von Glasgow bezeichnet und war ein wichtiger Ort f\u00fcr die katholische Kirche in Schottland. Heute ist sie ein wichtiger Ort f\u00fcr Touristen und Besucher.<\/p>\n<p>Kelvingrove Art Gallery and Museum &#8211; Dieses Museum ist bekannt f\u00fcr seine beeindruckende Sammlung von Kunstwerken und Artefakten aus der schottischen Geschichte. Es beherbergt auch eine der gr\u00f6\u00dften Orgeln der Welt, die t\u00e4glich Konzerte spielt.<\/p>\n<p>Glasgow Green &#8211; Dieser \u00f6ffentliche Park ist der \u00e4lteste Park in Glasgow und war ein wichtiger Ort f\u00fcr \u00f6ffentliche Veranstaltungen und politische Versammlungen. Heute ist er ein beliebter Ort f\u00fcr Spazierg\u00e4nge und Freizeitaktivit\u00e4ten.<\/p>\n<p>Riverside Museum &#8211; Dieses Museum widmet sich der Geschichte des Verkehrs in Glasgow und beherbergt eine beeindruckende Sammlung von Fahrzeugen, darunter alte Stra\u00dfenbahnen, Busse und Schiffe.<\/p>\n<p>University of Glasgow &#8211; Diese renommierte Universit\u00e4t wurde im Jahr 1451 gegr\u00fcndet und ist eine der \u00e4ltesten Universit\u00e4ten in Gro\u00dfbritannien. Sie hat eine lange Liste von ber\u00fchmten Absolventen, darunter Adam Smith und Lord Kelvin.<\/p>\n<p>Diese Orte sind nur einige Beispiele f\u00fcr die vielen Sehensw\u00fcrdigkeiten, die Glasgow zu bieten hat. Die Stadt hat eine reiche Geschichte und Kultur und ist ein gro\u00dfartiger Ort, um mehr \u00fcber Schottland und seine Menschen zu erfahren.<\/p>\n<h1>Unser Rundreisenservice in Schottland<\/h1>\n<p>Weshalb \u00fcber uns buchen?<\/p>\n<p>Firmensitz in Cornwall und ein Team Deutsch sprechender Reisespezialisten.<\/p>\n<p>Wir haben eine Leidenschaft f\u00fcrs Reisen und gestalten den perfekten Urlaub.<\/p>\n<p>Ortskenntnisse und Insidertipps f\u00fcr unsere Kunden.<\/p>\n<p>Sonderangebote und Preisnachl\u00e4sse<\/p>\n<p>S\u00e4mtliche unserer Rundreisen sind durch einen voll versicherten deutschen Reiseveranstalter gesichert.<\/p>\n<p style=\"text-align: center;\"><a class=\"tidycta\" href=\"https:\/\/www.urlaubcornwall.de\/blog\/rundreisen-schottland\/\"> Mehr Info<\/a><\/p>\n<div class=\"snippet\"> <a class=\"featured-item\" href=\" https:\/\/www.urlaubcornwall.de\/ferienhaeuser\/schottland.php\"> <span class=\"image-holder\" style=\"background-image: url('https:\/\/www.urlaubcornwall.de\/blog\/wp-content\/uploads\/2019\/01\/urlaub-schottland-highlands-1.jpg ');\"><\/span> <span class=\"featured-content\"> \n<h2 class=\"featured-title\">Bei uns finden Sie Ferienh\u00e4user in Schottland zum Verlieben!<\/h2>\n<p class=\"featured-body\">Untenstehend finden Sie eine Auswahl an Ferienh\u00e4usern in Schottland. Hier finden Sie pers\u00f6nlich inspizierte Cottages entlang der schottischen K\u00fcste, in den schottischen Highlands und auf den Inseln&#8230;..<\/p>\n<\/span> <span class=\"featured-link-holder\"> <span class=\"featured-extra-info\"> \n<p>F\u00fcr Paare, Familien &#038; Gruppen<\/p>\n<\/span> \n<p class=\"featured-link\">DETAILS<\/p>\n<\/span> <\/a><\/div>\n","protected":false},"excerpt":{"rendered":"<p>Ja, Glasgow ist eine sehr sch\u00f6ne Stadt, die eine reiche Geschichte und Kultur hat. Hier sind einige Orte, die Sie besuchen sollten, und ihre Geschichte: Glasgow Cathedral &#8211; Diese gotische Kathedrale wurde im 12. Jahrhundert erbaut und ist ein beeindruckendes Beispiel f\u00fcr mittelalterliche Architektur. Sie wurde als die Mutterkirche von Glasgow bezeichnet und war ein [&hellip;]<\/p>\n","protected":false},"author":1,"featured_media":0,"parent":0,"menu_order":0,"comment_status":"closed","ping_status":"closed","template":"single-four.php","meta":[],"acf":[],"yoast_head":"<!-- This site is optimized with the Yoast SEO plugin v19.4 - https:\/\/yoast.com\/wordpress\/plugins\/seo\/ -->\n<title>Ist Glasgow sch\u00f6n? - Urlaub &amp; Reisen<\/title>\n<meta name=\"description\" content=\"Ja, Glasgow ist eine sehr sch\u00f6ne Stadt, die eine reiche Geschichte und Kultur hat. Hier sind einige Orte die Sie besuchen sollten, und ihre\" \/>\n<meta name=\"robots\" content=\"index, follow, max-snippet:-1, max-image-preview:large, max-video-preview:-1\" \/>\n<link rel=\"canonical\" href=\"https:\/\/www.urlaubcornwall.de\/blog\/ist-glasgow-schoen\/\" \/>\n<meta property=\"og:locale\" content=\"en_US\" \/>\n<meta property=\"og:type\" content=\"article\" \/>\n<meta property=\"og:title\" content=\"Ist Glasgow sch\u00f6n? - Urlaub &amp; Reisen\" \/>\n<meta property=\"og:description\" content=\"Ja, Glasgow ist eine sehr sch\u00f6ne Stadt, die eine reiche Geschichte und Kultur hat. Hier sind einige Orte die Sie besuchen sollten, und ihre\" \/>\n<meta property=\"og:url\" content=\"https:\/\/www.urlaubcornwall.de\/blog\/ist-glasgow-schoen\/\" \/>\n<meta property=\"og:site_name\" content=\"Urlaub &amp; Reisen\" \/>\n<meta property=\"article:modified_time\" content=\"2024-04-15T14:39:47+00:00\" \/>\n<meta property=\"og:image\" content=\"https:\/\/www.urlaubcornwall.de\/blog\/wp-content\/uploads\/2024\/03\/Buchanan-Galleries-Glasgow.jpg\" \/>\n<meta name=\"twitter:card\" content=\"summary\" \/>\n<meta name=\"twitter:label1\" content=\"Est. reading time\" \/>\n\t<meta name=\"twitter:data1\" content=\"2 minutes\" \/>\n<script type=\"application\/ld+json\" class=\"yoast-schema-graph\">{\"@context\":\"https:\/\/schema.org\",\"@graph\":[{\"@type\":\"WebSite\",\"@id\":\"https:\/\/www.urlaubcornwall.de\/blog\/#website\",\"url\":\"https:\/\/www.urlaubcornwall.de\/blog\/\",\"name\":\"Urlaub &amp; Reisen\",\"description\":\"Urlaub, Reisen, Cornwall und S\u00fcdengland: eine perfekte Kombination\",\"potentialAction\":[{\"@type\":\"SearchAction\",\"target\":{\"@type\":\"EntryPoint\",\"urlTemplate\":\"https:\/\/www.urlaubcornwall.de\/blog\/?s={search_term_string}\"},\"query-input\":\"required name=search_term_string\"}],\"inLanguage\":\"en-US\"},{\"@type\":\"WebPage\",\"@id\":\"https:\/\/www.urlaubcornwall.de\/blog\/ist-glasgow-schoen\/\",\"url\":\"https:\/\/www.urlaubcornwall.de\/blog\/ist-glasgow-schoen\/\",\"name\":\"Ist Glasgow sch\u00f6n? - Urlaub &amp; Reisen\",\"isPartOf\":{\"@id\":\"https:\/\/www.urlaubcornwall.de\/blog\/#website\"},\"datePublished\":\"2023-05-02T07:48:59+00:00\",\"dateModified\":\"2024-04-15T14:39:47+00:00\",\"description\":\"Ja, Glasgow ist eine sehr sch\u00f6ne Stadt, die eine reiche Geschichte und Kultur hat. Hier sind einige Orte die Sie besuchen sollten, und ihre\",\"breadcrumb\":{\"@id\":\"https:\/\/www.urlaubcornwall.de\/blog\/ist-glasgow-schoen\/#breadcrumb\"},\"inLanguage\":\"en-US\",\"potentialAction\":[{\"@type\":\"ReadAction\",\"target\":[\"https:\/\/www.urlaubcornwall.de\/blog\/ist-glasgow-schoen\/\"]}]},{\"@type\":\"BreadcrumbList\",\"@id\":\"https:\/\/www.urlaubcornwall.de\/blog\/ist-glasgow-schoen\/#breadcrumb\",\"itemListElement\":[{\"@type\":\"ListItem\",\"position\":1,\"name\":\"Home\",\"item\":\"https:\/\/www.urlaubcornwall.de\/blog\/\"},{\"@type\":\"ListItem\",\"position\":2,\"name\":\"Ist Glasgow sch\u00f6n?\"}]}]}<\/script>\n<!-- \/ Yoast SEO plugin. -->","yoast_head_json":{"title":"Ist Glasgow sch\u00f6n? - Urlaub &amp; Reisen","description":"Ja, Glasgow ist eine sehr sch\u00f6ne Stadt, die eine reiche Geschichte und Kultur hat. Hier sind einige Orte die Sie besuchen sollten, und ihre","robots":{"index":"index","follow":"follow","max-snippet":"max-snippet:-1","max-image-preview":"max-image-preview:large","max-video-preview":"max-video-preview:-1"},"canonical":"https:\/\/www.urlaubcornwall.de\/blog\/ist-glasgow-schoen\/","og_locale":"en_US","og_type":"article","og_title":"Ist Glasgow sch\u00f6n? - Urlaub &amp; Reisen","og_description":"Ja, Glasgow ist eine sehr sch\u00f6ne Stadt, die eine reiche Geschichte und Kultur hat. Hier sind einige Orte die Sie besuchen sollten, und ihre","og_url":"https:\/\/www.urlaubcornwall.de\/blog\/ist-glasgow-schoen\/","og_site_name":"Urlaub &amp; Reisen","article_modified_time":"2024-04-15T14:39:47+00:00","og_image":[{"url":"https:\/\/www.urlaubcornwall.de\/blog\/wp-content\/uploads\/2024\/03\/Buchanan-Galleries-Glasgow.jpg"}],"twitter_card":"summary","twitter_misc":{"Est. reading time":"2 minutes"},"schema":{"@context":"https:\/\/schema.org","@graph":[{"@type":"WebSite","@id":"https:\/\/www.urlaubcornwall.de\/blog\/#website","url":"https:\/\/www.urlaubcornwall.de\/blog\/","name":"Urlaub &amp; Reisen","description":"Urlaub, Reisen, Cornwall und S\u00fcdengland: eine perfekte Kombination","potentialAction":[{"@type":"SearchAction","target":{"@type":"EntryPoint","urlTemplate":"https:\/\/www.urlaubcornwall.de\/blog\/?s={search_term_string}"},"query-input":"required name=search_term_string"}],"inLanguage":"en-US"},{"@type":"WebPage","@id":"https:\/\/www.urlaubcornwall.de\/blog\/ist-glasgow-schoen\/","url":"https:\/\/www.urlaubcornwall.de\/blog\/ist-glasgow-schoen\/","name":"Ist Glasgow sch\u00f6n? - Urlaub &amp; Reisen","isPartOf":{"@id":"https:\/\/www.urlaubcornwall.de\/blog\/#website"},"datePublished":"2023-05-02T07:48:59+00:00","dateModified":"2024-04-15T14:39:47+00:00","description":"Ja, Glasgow ist eine sehr sch\u00f6ne Stadt, die eine reiche Geschichte und Kultur hat. Hier sind einige Orte die Sie besuchen sollten, und ihre","breadcrumb":{"@id":"https:\/\/www.urlaubcornwall.de\/blog\/ist-glasgow-schoen\/#breadcrumb"},"inLanguage":"en-US","potentialAction":[{"@type":"ReadAction","target":["https:\/\/www.urlaubcornwall.de\/blog\/ist-glasgow-schoen\/"]}]},{"@type":"BreadcrumbList","@id":"https:\/\/www.urlaubcornwall.de\/blog\/ist-glasgow-schoen\/#breadcrumb","itemListElement":[{"@type":"ListItem","position":1,"name":"Home","item":"https:\/\/www.urlaubcornwall.de\/blog\/"},{"@type":"ListItem","position":2,"name":"Ist Glasgow sch\u00f6n?"}]}]}},"_links":{"self":[{"href":"https:\/\/www.urlaubcornwall.de\/blog\/wp-json\/wp\/v2\/pages\/46496"}],"collection":[{"href":"https:\/\/www.urlaubcornwall.de\/blog\/wp-json\/wp\/v2\/pages"}],"about":[{"href":"https:\/\/www.urlaubcornwall.de\/blog\/wp-json\/wp\/v2\/types\/page"}],"author":[{"embeddable":true,"href":"https:\/\/www.urlaubcornwall.de\/blog\/wp-json\/wp\/v2\/users\/1"}],"replies":[{"embeddable":true,"href":"https:\/\/www.urlaubcornwall.de\/blog\/wp-json\/wp\/v2\/comments?post=46496"}],"version-history":[{"count":3,"href":"https:\/\/www.urlaubcornwall.de\/blog\/wp-json\/wp\/v2\/pages\/46496\/revisions"}],"predecessor-version":[{"id":49591,"href":"https:\/\/www.urlaubcornwall.de\/blog\/wp-json\/wp\/v2\/pages\/46496\/revisions\/49591"}],"wp:attachment":[{"href":"https:\/\/www.urlaubcornwall.de\/blog\/wp-json\/wp\/v2\/media?parent=46496"}],"curies":[{"name":"wp","href":"https:\/\/api.w.org\/{rel}","templated":true}]}}