{"id":46489,"date":"2023-04-30T09:00:34","date_gmt":"2023-04-30T09:00:34","guid":{"rendered":"https:\/\/www.urlaubcornwall.de\/blog\/?page_id=46489"},"modified":"2024-05-31T12:05:05","modified_gmt":"2024-05-31T12:05:05","slug":"wo-in-ostengland-urlaub-machen","status":"publish","type":"page","link":"https:\/\/www.urlaubcornwall.de\/blog\/wo-in-ostengland-urlaub-machen\/","title":{"rendered":"Wo in Ostengland Urlaub machen?"},"content":{"rendered":"<p><a href=\"https:\/\/www.urlaubcornwall.de\/blog\/wp-content\/uploads\/2024\/03\/norfolk-windmill.jpg\"><img loading=\"lazy\" src=\"https:\/\/www.urlaubcornwall.de\/blog\/wp-content\/uploads\/2024\/03\/norfolk-windmill.jpg\" alt=\"norfolk windmill\" width=\"750\" height=\"500\" class=\"alignnone size-full wp-image-47799\" srcset=\"https:\/\/www.urlaubcornwall.de\/blog\/wp-content\/uploads\/2024\/03\/norfolk-windmill.jpg 750w, https:\/\/www.urlaubcornwall.de\/blog\/wp-content\/uploads\/2024\/03\/norfolk-windmill-300x200.jpg 300w\" sizes=\"(max-width: 750px) 100vw, 750px\" \/><\/a><\/p>\n<p>Es gibt viele sch\u00f6ne Orte in Ostengland, die einen Besuch wert sind. Hier sind einige Vorschl\u00e4ge:<\/p>\n<p><a href=\"https:\/\/www.urlaubcornwall.de\/blog\/urlaub-in-cambridge-east-anglia\/\">Cambridge<\/a>: Eine historische Stadt, die bekannt f\u00fcr ihre Universit\u00e4t und ihre sch\u00f6nen Geb\u00e4ude ist. Hier kann man eine Punt-Fahrt auf dem Fluss Cam machen oder die ber\u00fchmte King&#8217;s College Chapel besuchen.<\/p>\n<p><a href=\"https:\/\/www.urlaubcornwall.de\/blog\/urlaub-in-norfolk-von-sandstraenden-bis-hin-zu-den-broads\/\">Norfolk<\/a>: Eine Grafschaft mit <a href=\"https:\/\/www.urlaubcornwall.de\/blog\/die-schoensten-straende-in-norfolk-east-anglia\/\">herrlichen Str\u00e4nden<\/a> und idyllischen D\u00f6rfern. Hier kann man auch die Broads, eine einzigartige Wasserlandschaft, erkunden.<\/p>\n<p><a href=\"https:\/\/www.urlaubcornwall.de\/blog\/urlaub-in-suffolk-die-grafschaft-von-constable-und-das-zuhause-mittelalterlicher-staedte-und-doerfer\/\">Suffolk<\/a>: Eine weitere Grafschaft mit malerischen D\u00f6rfern und <a href=\"https:\/\/www.urlaubcornwall.de\/blog\/die-schoensten-straende-in-suffolk-east-anglia\/\">sch\u00f6nen Str\u00e4nden<\/a>. Hier kann man auch die historische Stadt Bury St. Edmunds besuchen oder den ber\u00fchmten Sutton Hoo Fundst\u00e4tte besichtigen.<\/p>\n<p><a href=\"https:\/\/www.urlaubcornwall.de\/ferienhaeuser-fewos\/eng\/norfolk\/norwich.html\">Norwich<\/a>: Eine charmante Stadt mit einer beeindruckenden Kathedrale und vielen mittelalterlichen Geb\u00e4uden. Hier kann man auch das Schloss Norwich besuchen oder den Markt erkunden.<\/p>\n<p><a href=\"https:\/\/www.urlaubcornwall.de\/blog\/urlaub-in-essex-geschichte-landschaft-und-straende\/\">Essex<\/a>: Eine Grafschaft mit vielen historischen Sehensw\u00fcrdigkeiten wie dem Schloss Colchester oder der antiken Stadt Colchester.<\/p>\n<p>Es gibt noch viele weitere Orte in Ostengland, die einen Besuch wert sind. Es h\u00e4ngt davon ab, welche Art von Urlaub Sie bevorzugen und welche Aktivit\u00e4ten Sie genie\u00dfen m\u00f6chten.<\/p>\n<h1>Unser Rundreisenservice f\u00fcr Ost-England<\/h1>\n<p>Weshalb \u00fcber uns buchen?<\/p>\n<p>Firmensitz in Cornwall und ein Team Deutsch sprechender Reisespezialisten.<\/p>\n<p>Wir haben eine Leidenschaft f\u00fcrs Reisen und gestalten den perfekten Urlaub.<\/p>\n<p>Ortskenntnisse und Insidertipps f\u00fcr unsere Kunden.<\/p>\n<p>Sonderangebote und Preisnachl\u00e4sse<\/p>\n<p>S\u00e4mtliche unserer Rundreisen sind durch einen voll versicherten deutschen Reiseveranstalter gesichert.<\/p>\n<p style=\"text-align: center;\"><a class=\"tidycta\" href=\"https:\/\/www.urlaubcornwall.de\/rundreisenservice.php\"> Mehr Info<\/a><\/p>\n<div class=\"snippet\"> <a class=\"featured-item\" href=\"https:\/\/www.urlaubcornwall.de\/ferienhaeuser\/suedengland.php\"> <span class=\"image-holder\" style=\"background-image: url('https:\/\/www.urlaubcornwall.de\/blog\/wp-content\/uploads\/2024\/03\/ferienhaus-england-cornwall.jpg');\"><\/span> <span class=\"featured-content\"> \n<h2 class=\"featured-title\">Ferienh\u00e4user in S\u00fcdengland<\/h2>\n<p class=\"featured-body\">Bei uns finden Sie Ferienh\u00e4user zum Verlieben &#8211; so einfach ist das! Dank seiner langen Geschichte, der reizvollen Landschaften und seinen vielen Attraktionen ist S\u00fcdengland ein wahres Mekka f\u00fcr Urlauber&#8230;..<\/p><\/span> <span class=\"featured-link-holder\"> <span class=\"featured-extra-info\"> \n<p>Pers\u00f6nlich inspizierter Ferienh\u00e4user<\/p>\n<\/span> \n<p class=\"featured-link\">DETAILS<\/p>\n<\/span> <\/a><\/div>\n","protected":false},"excerpt":{"rendered":"<p>Es gibt viele sch\u00f6ne Orte in Ostengland, die einen Besuch wert sind. Hier sind einige Vorschl\u00e4ge: Cambridge: Eine historische Stadt, die bekannt f\u00fcr ihre Universit\u00e4t und ihre sch\u00f6nen Geb\u00e4ude ist. Hier kann man eine Punt-Fahrt auf dem Fluss Cam machen oder die ber\u00fchmte King&#8217;s College Chapel besuchen. Norfolk: Eine Grafschaft mit herrlichen Str\u00e4nden und idyllischen [&hellip;]<\/p>\n","protected":false},"author":1,"featured_media":0,"parent":0,"menu_order":0,"comment_status":"closed","ping_status":"closed","template":"single-four.php","meta":[],"acf":[],"yoast_head":"<!-- This site is optimized with the Yoast SEO plugin v19.4 - https:\/\/yoast.com\/wordpress\/plugins\/seo\/ -->\n<title>Wo in Ostengland Urlaub machen? - Urlaub &amp; Reisen<\/title>\n<meta name=\"robots\" content=\"index, follow, max-snippet:-1, max-image-preview:large, max-video-preview:-1\" \/>\n<link rel=\"canonical\" href=\"https:\/\/www.urlaubcornwall.de\/blog\/wo-in-ostengland-urlaub-machen\/\" \/>\n<meta property=\"og:locale\" content=\"en_US\" \/>\n<meta property=\"og:type\" content=\"article\" \/>\n<meta property=\"og:title\" content=\"Wo in Ostengland Urlaub machen? - Urlaub &amp; Reisen\" \/>\n<meta property=\"og:description\" content=\"Es gibt viele sch\u00f6ne Orte in Ostengland, die einen Besuch wert sind. Hier sind einige Vorschl\u00e4ge: Cambridge: Eine historische Stadt, die bekannt f\u00fcr ihre Universit\u00e4t und ihre sch\u00f6nen Geb\u00e4ude ist. Hier kann man eine Punt-Fahrt auf dem Fluss Cam machen oder die ber\u00fchmte King&#8217;s College Chapel besuchen. Norfolk: Eine Grafschaft mit herrlichen Str\u00e4nden und idyllischen [&hellip;]\" \/>\n<meta property=\"og:url\" content=\"https:\/\/www.urlaubcornwall.de\/blog\/wo-in-ostengland-urlaub-machen\/\" \/>\n<meta property=\"og:site_name\" content=\"Urlaub &amp; Reisen\" \/>\n<meta property=\"article:modified_time\" content=\"2024-05-31T12:05:05+00:00\" \/>\n<meta property=\"og:image\" content=\"https:\/\/www.urlaubcornwall.de\/blog\/wp-content\/uploads\/2024\/03\/norfolk-windmill.jpg\" \/>\n<meta name=\"twitter:card\" content=\"summary\" \/>\n<meta name=\"twitter:label1\" content=\"Est. reading time\" \/>\n\t<meta name=\"twitter:data1\" content=\"2 minutes\" \/>\n<script type=\"application\/ld+json\" class=\"yoast-schema-graph\">{\"@context\":\"https:\/\/schema.org\",\"@graph\":[{\"@type\":\"WebSite\",\"@id\":\"https:\/\/www.urlaubcornwall.de\/blog\/#website\",\"url\":\"https:\/\/www.urlaubcornwall.de\/blog\/\",\"name\":\"Urlaub &amp; Reisen\",\"description\":\"Urlaub, Reisen, Cornwall und S\u00fcdengland: eine perfekte Kombination\",\"potentialAction\":[{\"@type\":\"SearchAction\",\"target\":{\"@type\":\"EntryPoint\",\"urlTemplate\":\"https:\/\/www.urlaubcornwall.de\/blog\/?s={search_term_string}\"},\"query-input\":\"required name=search_term_string\"}],\"inLanguage\":\"en-US\"},{\"@type\":\"WebPage\",\"@id\":\"https:\/\/www.urlaubcornwall.de\/blog\/wo-in-ostengland-urlaub-machen\/\",\"url\":\"https:\/\/www.urlaubcornwall.de\/blog\/wo-in-ostengland-urlaub-machen\/\",\"name\":\"Wo in Ostengland Urlaub machen? - Urlaub &amp; Reisen\",\"isPartOf\":{\"@id\":\"https:\/\/www.urlaubcornwall.de\/blog\/#website\"},\"datePublished\":\"2023-04-30T09:00:34+00:00\",\"dateModified\":\"2024-05-31T12:05:05+00:00\",\"breadcrumb\":{\"@id\":\"https:\/\/www.urlaubcornwall.de\/blog\/wo-in-ostengland-urlaub-machen\/#breadcrumb\"},\"inLanguage\":\"en-US\",\"potentialAction\":[{\"@type\":\"ReadAction\",\"target\":[\"https:\/\/www.urlaubcornwall.de\/blog\/wo-in-ostengland-urlaub-machen\/\"]}]},{\"@type\":\"BreadcrumbList\",\"@id\":\"https:\/\/www.urlaubcornwall.de\/blog\/wo-in-ostengland-urlaub-machen\/#breadcrumb\",\"itemListElement\":[{\"@type\":\"ListItem\",\"position\":1,\"name\":\"Home\",\"item\":\"https:\/\/www.urlaubcornwall.de\/blog\/\"},{\"@type\":\"ListItem\",\"position\":2,\"name\":\"Wo in Ostengland Urlaub machen?\"}]}]}<\/script>\n<!-- \/ Yoast SEO plugin. -->","yoast_head_json":{"title":"Wo in Ostengland Urlaub machen? - Urlaub &amp; Reisen","robots":{"index":"index","follow":"follow","max-snippet":"max-snippet:-1","max-image-preview":"max-image-preview:large","max-video-preview":"max-video-preview:-1"},"canonical":"https:\/\/www.urlaubcornwall.de\/blog\/wo-in-ostengland-urlaub-machen\/","og_locale":"en_US","og_type":"article","og_title":"Wo in Ostengland Urlaub machen? - Urlaub &amp; Reisen","og_description":"Es gibt viele sch\u00f6ne Orte in Ostengland, die einen Besuch wert sind. Hier sind einige Vorschl\u00e4ge: Cambridge: Eine historische Stadt, die bekannt f\u00fcr ihre Universit\u00e4t und ihre sch\u00f6nen Geb\u00e4ude ist. Hier kann man eine Punt-Fahrt auf dem Fluss Cam machen oder die ber\u00fchmte King&#8217;s College Chapel besuchen. Norfolk: Eine Grafschaft mit herrlichen Str\u00e4nden und idyllischen [&hellip;]","og_url":"https:\/\/www.urlaubcornwall.de\/blog\/wo-in-ostengland-urlaub-machen\/","og_site_name":"Urlaub &amp; Reisen","article_modified_time":"2024-05-31T12:05:05+00:00","og_image":[{"url":"https:\/\/www.urlaubcornwall.de\/blog\/wp-content\/uploads\/2024\/03\/norfolk-windmill.jpg"}],"twitter_card":"summary","twitter_misc":{"Est. reading time":"2 minutes"},"schema":{"@context":"https:\/\/schema.org","@graph":[{"@type":"WebSite","@id":"https:\/\/www.urlaubcornwall.de\/blog\/#website","url":"https:\/\/www.urlaubcornwall.de\/blog\/","name":"Urlaub &amp; Reisen","description":"Urlaub, Reisen, Cornwall und S\u00fcdengland: eine perfekte Kombination","potentialAction":[{"@type":"SearchAction","target":{"@type":"EntryPoint","urlTemplate":"https:\/\/www.urlaubcornwall.de\/blog\/?s={search_term_string}"},"query-input":"required name=search_term_string"}],"inLanguage":"en-US"},{"@type":"WebPage","@id":"https:\/\/www.urlaubcornwall.de\/blog\/wo-in-ostengland-urlaub-machen\/","url":"https:\/\/www.urlaubcornwall.de\/blog\/wo-in-ostengland-urlaub-machen\/","name":"Wo in Ostengland Urlaub machen? - Urlaub &amp; Reisen","isPartOf":{"@id":"https:\/\/www.urlaubcornwall.de\/blog\/#website"},"datePublished":"2023-04-30T09:00:34+00:00","dateModified":"2024-05-31T12:05:05+00:00","breadcrumb":{"@id":"https:\/\/www.urlaubcornwall.de\/blog\/wo-in-ostengland-urlaub-machen\/#breadcrumb"},"inLanguage":"en-US","potentialAction":[{"@type":"ReadAction","target":["https:\/\/www.urlaubcornwall.de\/blog\/wo-in-ostengland-urlaub-machen\/"]}]},{"@type":"BreadcrumbList","@id":"https:\/\/www.urlaubcornwall.de\/blog\/wo-in-ostengland-urlaub-machen\/#breadcrumb","itemListElement":[{"@type":"ListItem","position":1,"name":"Home","item":"https:\/\/www.urlaubcornwall.de\/blog\/"},{"@type":"ListItem","position":2,"name":"Wo in Ostengland Urlaub machen?"}]}]}},"_links":{"self":[{"href":"https:\/\/www.urlaubcornwall.de\/blog\/wp-json\/wp\/v2\/pages\/46489"}],"collection":[{"href":"https:\/\/www.urlaubcornwall.de\/blog\/wp-json\/wp\/v2\/pages"}],"about":[{"href":"https:\/\/www.urlaubcornwall.de\/blog\/wp-json\/wp\/v2\/types\/page"}],"author":[{"embeddable":true,"href":"https:\/\/www.urlaubcornwall.de\/blog\/wp-json\/wp\/v2\/users\/1"}],"replies":[{"embeddable":true,"href":"https:\/\/www.urlaubcornwall.de\/blog\/wp-json\/wp\/v2\/comments?post=46489"}],"version-history":[{"count":3,"href":"https:\/\/www.urlaubcornwall.de\/blog\/wp-json\/wp\/v2\/pages\/46489\/revisions"}],"predecessor-version":[{"id":51354,"href":"https:\/\/www.urlaubcornwall.de\/blog\/wp-json\/wp\/v2\/pages\/46489\/revisions\/51354"}],"wp:attachment":[{"href":"https:\/\/www.urlaubcornwall.de\/blog\/wp-json\/wp\/v2\/media?parent=46489"}],"curies":[{"name":"wp","href":"https:\/\/api.w.org\/{rel}","templated":true}]}}