{"id":46462,"date":"2023-04-28T09:40:30","date_gmt":"2023-04-28T09:40:30","guid":{"rendered":"https:\/\/www.urlaubcornwall.de\/blog\/?page_id=46462"},"modified":"2024-04-29T15:47:13","modified_gmt":"2024-04-29T15:47:13","slug":"die-malerische-englische-landschaft","status":"publish","type":"page","link":"https:\/\/www.urlaubcornwall.de\/blog\/die-malerische-englische-landschaft\/","title":{"rendered":"Die malerische englische Landschaft"},"content":{"rendered":"<p><img loading=\"lazy\" class=\"aligncenter size-full wp-image-19579\" src=\"https:\/\/www.urlaubcornwall.de\/blog\/wp-content\/uploads\/2015\/08\/cotswolds-urlaub.jpg\" alt=\"cotswolds castle combe\" width=\"750\" height=\"452\"\/><\/p>\n<p>Willkommen auf meiner Reise durch die malerische englische Landschaft! Diese Landschaft ist ber\u00fchmt f\u00fcr ihre sanften H\u00fcgel, idyllischen D\u00f6rfer und charmanten St\u00e4dte, die von einer reichen Geschichte und Kultur durchdrungen sind.<\/p>\n<p>Beginnen wir <a href=\"https:\/\/www.urlaubcornwall.de\/reiseziel\/cotswolds.php\">unsere Reise in den Cotswolds<\/a>, einer Region im S\u00fcdwesten Englands, die f\u00fcr ihre malerischen D\u00f6rfer und sanften H\u00fcgel bekannt ist. In den Cotswolds finden Sie einige der sch\u00f6nsten D\u00f6rfer Englands, darunter <a href=\"https:\/\/www.urlaubcornwall.de\/blog\/urlaub-cheltenham-cotswolds-unterkunft-sehenswuerdigkeiten-und-geschichte\/\">Cheltenham<\/a>, Bibury, <a href=\"https:\/\/www.urlaubcornwall.de\/blog\/urlaun-bourton-water-unterkunft-sehenswuerdigkeiten-und-geschichte\/\">Bourton-on-the-Water<\/a> und <a href=\"https:\/\/www.urlaubcornwall.de\/blog\/urlaub-broadway-cotswolds-unterkunft-sehenswuerdigkeiten-und-geschichte\/\">Broadway<\/a>. Diese D\u00f6rfer sind bekannt f\u00fcr ihre honigfarbenen Steinh\u00e4user und ihre \u00fcppigen Blumeng\u00e4rten. Die Cotswolds sind auch Heimat einiger ber\u00fchmter Schriftsteller und K\u00fcnstler, darunter J.R.R. Tolkien, der hier einige seiner Geschichten \u00fcber Mittelerde geschrieben hat.<\/p>\n<p>Weiter geht es in die <a href=\"https:\/\/www.urlaubcornwall.de\/reiseziel\/kent.php\">Grafschaft Kent<\/a>, auch bekannt als der <a href=\"https:\/\/www.urlaubcornwall.de\/gartenreise.php\">Garten Englands<\/a>. Kent ist ber\u00fchmt f\u00fcr seine \u00fcppigen G\u00e4rten, Obstg\u00e4rten und Weinberge. Eine der bekanntesten Sehensw\u00fcrdigkeiten in Kent ist der Leeds Castle, ein pr\u00e4chtiges Schloss aus dem 12. Jahrhundert, das von einem malerischen See umgeben ist. Der Dichter Lord Byron nannte es &#8220;das lieblichste Schloss der Welt&#8221;. Kent ist auch Heimat von Charles Dickens, der hier seine Romane wie &#8220;Great Expectations&#8221; und &#8220;David Copperfield&#8221; geschrieben hat.<\/p>\n<p><img loading=\"lazy\" class=\"aligncenter size-full wp-image-33693\" src=\"https:\/\/www.urlaubcornwall.de\/blog\/wp-content\/uploads\/2018\/04\/Die-wundersch\u00f6nen-Seen-des-Lake-Distrikt-Urlaub-in-Nordengland.jpg\" alt=\"Die wundersch\u00f6nen Seen des Lake Distrikt\" width=\"750\" height=\"558\"\/><\/p>\n<p>Wir machen nun einen Sprung in die <a href=\"https:\/\/www.urlaubcornwall.de\/reiseziel\/lake-district-nationalpark.php\">Grafschaft Lake District<\/a>, eine der sch\u00f6nsten Landschaften Englands. Der Lake District ist ein Nationalpark, der f\u00fcr seine atemberaubenden Seen, gr\u00fcnen H\u00fcgel und rauen Berge bekannt ist. Hier finden Sie einige der bekanntesten Seen Englands, darunter Windermere, Ullswater und Derwentwater. Der Lake District war auch Heimat von Beatrix Potter, einer der bekanntesten Kinderbuchautorinnen Englands. Sie schrieb und illustrierte Geschichten wie &#8220;Peter Rabbit&#8221; und &#8220;Mrs. Tiggy-Winkle&#8221;, die hier entstanden sind.<\/p>\n<p><img loading=\"lazy\" class=\"aligncenter size-full wp-image-47900\" src=\"https:\/\/www.urlaubcornwall.de\/blog\/wp-content\/uploads\/2024\/03\/lizard.jpg\" alt=\"lizard kynance\" width=\"750\" height=\"563\" srcset=\"https:\/\/www.urlaubcornwall.de\/blog\/wp-content\/uploads\/2024\/03\/lizard.jpg 750w, https:\/\/www.urlaubcornwall.de\/blog\/wp-content\/uploads\/2024\/03\/lizard-300x225.jpg 300w\" sizes=\"(max-width: 750px) 100vw, 750px\" \/><\/p>\n<p>Schlie\u00dflich kommen wir zur <a href=\"https:\/\/www.urlaubcornwall.de\/reiseziel\/cornwall.php\">Grafschaft Cornwall<\/a>, einer der sch\u00f6nsten Regionen Englands mit einer atemberaubenden K\u00fcstenlandschaft und malerischen Fischerd\u00f6rfern. Die K\u00fcste von Cornwall ist bekannt f\u00fcr ihre steilen Klippen, goldenen Str\u00e4nde und malerischen Buchten. Einige der ber\u00fchmtesten Sehensw\u00fcrdigkeiten Cornwalls sind das St. Michael&#8217;s Mount, ein pr\u00e4chtiges Schloss auf einer Insel vor der K\u00fcste, und das Minack Theatre, ein Freilufttheater, das in die Klippen gebaut wurde. Cornwall war auch Heimat von Dichtern wie Dylan Thomas, der hier einige seiner ber\u00fchmtesten Werke geschrieben hat.<\/p>\n<p>Insgesamt bietet die englische Landschaft eine F\u00fclle von landschaftlicher Sch\u00f6nheit, Geschichte und Kultur. Von den Cotswolds bis zum Lake District, von Kent bis Cornwall gibt es viele Gr\u00fcnde, diese Landschaft zu besuchen und zu genie\u00dfen. Ob Sie eine Liebe zur Natur, Geschichte oder Literatur haben, die englische Landschaft bietet etwas f\u00fcr jeden Geschmack.<\/p>\n<h1>Unser Rundreisenservice in S\u00fcdengland<\/h1>\n<p>Weshalb \u00fcber uns buchen?<\/p>\n<p>Firmensitz in Cornwall und ein Team Deutsch sprechender Reisespezialisten.<\/p>\n<p>Wir haben eine Leidenschaft f\u00fcrs Reisen und gestalten den perfekten Urlaub.<\/p>\n<p>Ortskenntnisse und Insidertipps f\u00fcr unsere Kunden.<\/p>\n<p>Sonderangebote und Preisnachl\u00e4sse<\/p>\n<p>S\u00e4mtliche unserer Rundreisen sind durch einen voll versicherten deutschen Reiseveranstalter gesichert.<\/p>\n<p style=\"text-align: center;\"><a class=\"tidycta\" href=\"https:\/\/www.urlaubcornwall.de\/rundreisen\/cornwall-suedengland.php\"> Mehr Info<\/a><\/p>\n<div class=\"snippet\"> <a class=\"featured-item\" href=\"https:\/\/www.urlaubcornwall.de\/ferienhaeuser\/suedengland.php\"> <span class=\"image-holder\" style=\"background-image: url('https:\/\/www.urlaubcornwall.de\/blog\/wp-content\/uploads\/2018\/12\/ferienhaus-cornwall-mit-hund.jpg');\"><\/span> <span class=\"featured-content\"> \n<h2 class=\"featured-title\">Ferienh\u00e4user in S\u00fcdengland<\/h2>\n<p class=\"featured-body\">Bei uns finden Sie Ferienh\u00e4user zum Verlieben &#8211; so einfach ist das! Dank seiner langen Geschichte, der reizvollen Landschaften und seinen vielen Attraktionen ist S\u00fcdengland ein wahres Mekka f\u00fcr Urlauber&#8230;..<\/p><\/span> <span class=\"featured-link-holder\"> <span class=\"featured-extra-info\"> \n<p>Pers\u00f6nlich inspizierter Ferienh\u00e4user<\/p>\n<\/span> \n<p class=\"featured-link\">DETAILS<\/p>\n<\/span> <\/a><\/div>\n","protected":false},"excerpt":{"rendered":"<p>Willkommen auf meiner Reise durch die malerische englische Landschaft! Diese Landschaft ist ber\u00fchmt f\u00fcr ihre sanften H\u00fcgel, idyllischen D\u00f6rfer und charmanten St\u00e4dte, die von einer reichen Geschichte und Kultur durchdrungen sind. Beginnen wir unsere Reise in den Cotswolds, einer Region im S\u00fcdwesten Englands, die f\u00fcr ihre malerischen D\u00f6rfer und sanften H\u00fcgel bekannt ist. In den [&hellip;]<\/p>\n","protected":false},"author":1,"featured_media":0,"parent":0,"menu_order":0,"comment_status":"closed","ping_status":"closed","template":"single-four.php","meta":[],"acf":[],"yoast_head":"<!-- This site is optimized with the Yoast SEO plugin v19.4 - https:\/\/yoast.com\/wordpress\/plugins\/seo\/ -->\n<title>Die malerische englische Landschaft - Urlaub &amp; Reisen<\/title>\n<meta name=\"description\" content=\"Diese Landschaft ist ber\u00fchmt f\u00fcr ihre sanften H\u00fcgel, idyllischen D\u00f6rfer und charmanten St\u00e4dte, die von einer reichen Geschichte und Kultur\" \/>\n<meta name=\"robots\" content=\"index, follow, max-snippet:-1, max-image-preview:large, max-video-preview:-1\" \/>\n<link rel=\"canonical\" href=\"https:\/\/www.urlaubcornwall.de\/blog\/die-malerische-englische-landschaft\/\" \/>\n<meta property=\"og:locale\" content=\"en_US\" \/>\n<meta property=\"og:type\" content=\"article\" \/>\n<meta property=\"og:title\" content=\"Die malerische englische Landschaft - Urlaub &amp; Reisen\" \/>\n<meta property=\"og:description\" content=\"Diese Landschaft ist ber\u00fchmt f\u00fcr ihre sanften H\u00fcgel, idyllischen D\u00f6rfer und charmanten St\u00e4dte, die von einer reichen Geschichte und Kultur\" \/>\n<meta property=\"og:url\" content=\"https:\/\/www.urlaubcornwall.de\/blog\/die-malerische-englische-landschaft\/\" \/>\n<meta property=\"og:site_name\" content=\"Urlaub &amp; Reisen\" \/>\n<meta property=\"article:modified_time\" content=\"2024-04-29T15:47:13+00:00\" \/>\n<meta property=\"og:image\" content=\"https:\/\/www.urlaubcornwall.de\/blog\/wp-content\/uploads\/2015\/08\/cotswolds-urlaub.jpg\" \/>\n<meta name=\"twitter:card\" content=\"summary\" \/>\n<meta name=\"twitter:label1\" content=\"Est. reading time\" \/>\n\t<meta name=\"twitter:data1\" content=\"3 minutes\" \/>\n<script type=\"application\/ld+json\" class=\"yoast-schema-graph\">{\"@context\":\"https:\/\/schema.org\",\"@graph\":[{\"@type\":\"WebSite\",\"@id\":\"https:\/\/www.urlaubcornwall.de\/blog\/#website\",\"url\":\"https:\/\/www.urlaubcornwall.de\/blog\/\",\"name\":\"Urlaub &amp; Reisen\",\"description\":\"Urlaub, Reisen, Cornwall und S\u00fcdengland: eine perfekte Kombination\",\"potentialAction\":[{\"@type\":\"SearchAction\",\"target\":{\"@type\":\"EntryPoint\",\"urlTemplate\":\"https:\/\/www.urlaubcornwall.de\/blog\/?s={search_term_string}\"},\"query-input\":\"required name=search_term_string\"}],\"inLanguage\":\"en-US\"},{\"@type\":\"WebPage\",\"@id\":\"https:\/\/www.urlaubcornwall.de\/blog\/die-malerische-englische-landschaft\/\",\"url\":\"https:\/\/www.urlaubcornwall.de\/blog\/die-malerische-englische-landschaft\/\",\"name\":\"Die malerische englische Landschaft - Urlaub &amp; Reisen\",\"isPartOf\":{\"@id\":\"https:\/\/www.urlaubcornwall.de\/blog\/#website\"},\"datePublished\":\"2023-04-28T09:40:30+00:00\",\"dateModified\":\"2024-04-29T15:47:13+00:00\",\"description\":\"Diese Landschaft ist ber\u00fchmt f\u00fcr ihre sanften H\u00fcgel, idyllischen D\u00f6rfer und charmanten St\u00e4dte, die von einer reichen Geschichte und Kultur\",\"breadcrumb\":{\"@id\":\"https:\/\/www.urlaubcornwall.de\/blog\/die-malerische-englische-landschaft\/#breadcrumb\"},\"inLanguage\":\"en-US\",\"potentialAction\":[{\"@type\":\"ReadAction\",\"target\":[\"https:\/\/www.urlaubcornwall.de\/blog\/die-malerische-englische-landschaft\/\"]}]},{\"@type\":\"BreadcrumbList\",\"@id\":\"https:\/\/www.urlaubcornwall.de\/blog\/die-malerische-englische-landschaft\/#breadcrumb\",\"itemListElement\":[{\"@type\":\"ListItem\",\"position\":1,\"name\":\"Home\",\"item\":\"https:\/\/www.urlaubcornwall.de\/blog\/\"},{\"@type\":\"ListItem\",\"position\":2,\"name\":\"Die malerische englische Landschaft\"}]}]}<\/script>\n<!-- \/ Yoast SEO plugin. -->","yoast_head_json":{"title":"Die malerische englische Landschaft - Urlaub &amp; Reisen","description":"Diese Landschaft ist ber\u00fchmt f\u00fcr ihre sanften H\u00fcgel, idyllischen D\u00f6rfer und charmanten St\u00e4dte, die von einer reichen Geschichte und Kultur","robots":{"index":"index","follow":"follow","max-snippet":"max-snippet:-1","max-image-preview":"max-image-preview:large","max-video-preview":"max-video-preview:-1"},"canonical":"https:\/\/www.urlaubcornwall.de\/blog\/die-malerische-englische-landschaft\/","og_locale":"en_US","og_type":"article","og_title":"Die malerische englische Landschaft - Urlaub &amp; Reisen","og_description":"Diese Landschaft ist ber\u00fchmt f\u00fcr ihre sanften H\u00fcgel, idyllischen D\u00f6rfer und charmanten St\u00e4dte, die von einer reichen Geschichte und Kultur","og_url":"https:\/\/www.urlaubcornwall.de\/blog\/die-malerische-englische-landschaft\/","og_site_name":"Urlaub &amp; Reisen","article_modified_time":"2024-04-29T15:47:13+00:00","og_image":[{"url":"https:\/\/www.urlaubcornwall.de\/blog\/wp-content\/uploads\/2015\/08\/cotswolds-urlaub.jpg"}],"twitter_card":"summary","twitter_misc":{"Est. reading time":"3 minutes"},"schema":{"@context":"https:\/\/schema.org","@graph":[{"@type":"WebSite","@id":"https:\/\/www.urlaubcornwall.de\/blog\/#website","url":"https:\/\/www.urlaubcornwall.de\/blog\/","name":"Urlaub &amp; Reisen","description":"Urlaub, Reisen, Cornwall und S\u00fcdengland: eine perfekte Kombination","potentialAction":[{"@type":"SearchAction","target":{"@type":"EntryPoint","urlTemplate":"https:\/\/www.urlaubcornwall.de\/blog\/?s={search_term_string}"},"query-input":"required name=search_term_string"}],"inLanguage":"en-US"},{"@type":"WebPage","@id":"https:\/\/www.urlaubcornwall.de\/blog\/die-malerische-englische-landschaft\/","url":"https:\/\/www.urlaubcornwall.de\/blog\/die-malerische-englische-landschaft\/","name":"Die malerische englische Landschaft - Urlaub &amp; Reisen","isPartOf":{"@id":"https:\/\/www.urlaubcornwall.de\/blog\/#website"},"datePublished":"2023-04-28T09:40:30+00:00","dateModified":"2024-04-29T15:47:13+00:00","description":"Diese Landschaft ist ber\u00fchmt f\u00fcr ihre sanften H\u00fcgel, idyllischen D\u00f6rfer und charmanten St\u00e4dte, die von einer reichen Geschichte und Kultur","breadcrumb":{"@id":"https:\/\/www.urlaubcornwall.de\/blog\/die-malerische-englische-landschaft\/#breadcrumb"},"inLanguage":"en-US","potentialAction":[{"@type":"ReadAction","target":["https:\/\/www.urlaubcornwall.de\/blog\/die-malerische-englische-landschaft\/"]}]},{"@type":"BreadcrumbList","@id":"https:\/\/www.urlaubcornwall.de\/blog\/die-malerische-englische-landschaft\/#breadcrumb","itemListElement":[{"@type":"ListItem","position":1,"name":"Home","item":"https:\/\/www.urlaubcornwall.de\/blog\/"},{"@type":"ListItem","position":2,"name":"Die malerische englische Landschaft"}]}]}},"_links":{"self":[{"href":"https:\/\/www.urlaubcornwall.de\/blog\/wp-json\/wp\/v2\/pages\/46462"}],"collection":[{"href":"https:\/\/www.urlaubcornwall.de\/blog\/wp-json\/wp\/v2\/pages"}],"about":[{"href":"https:\/\/www.urlaubcornwall.de\/blog\/wp-json\/wp\/v2\/types\/page"}],"author":[{"embeddable":true,"href":"https:\/\/www.urlaubcornwall.de\/blog\/wp-json\/wp\/v2\/users\/1"}],"replies":[{"embeddable":true,"href":"https:\/\/www.urlaubcornwall.de\/blog\/wp-json\/wp\/v2\/comments?post=46462"}],"version-history":[{"count":4,"href":"https:\/\/www.urlaubcornwall.de\/blog\/wp-json\/wp\/v2\/pages\/46462\/revisions"}],"predecessor-version":[{"id":49916,"href":"https:\/\/www.urlaubcornwall.de\/blog\/wp-json\/wp\/v2\/pages\/46462\/revisions\/49916"}],"wp:attachment":[{"href":"https:\/\/www.urlaubcornwall.de\/blog\/wp-json\/wp\/v2\/media?parent=46462"}],"curies":[{"name":"wp","href":"https:\/\/api.w.org\/{rel}","templated":true}]}}