{"id":46458,"date":"2023-04-28T09:50:25","date_gmt":"2023-04-28T09:50:25","guid":{"rendered":"https:\/\/www.urlaubcornwall.de\/blog\/?page_id=46458"},"modified":"2024-05-31T12:06:42","modified_gmt":"2024-05-31T12:06:42","slug":"was-ist-schoener-oxford-oder-cambridge","status":"publish","type":"page","link":"https:\/\/www.urlaubcornwall.de\/blog\/was-ist-schoener-oxford-oder-cambridge\/","title":{"rendered":"Was ist sch\u00f6ner Oxford oder Cambridge?"},"content":{"rendered":"<p>Sowohl Oxford als auch Cambridge sind historische St\u00e4dte im S\u00fcdosten Englands und ber\u00fchmt f\u00fcr ihre renommierten Universit\u00e4ten und ihre reiche Geschichte. Beide St\u00e4dte haben ihren eigenen Charme und ihre Besonderheiten, die sie zu einem Besuch wert machen.<\/p>\n<p><a href=\"https:\/\/www.urlaubcornwall.de\/blog\/wp-content\/uploads\/2024\/03\/oxford.jpg\"><img loading=\"lazy\" src=\"https:\/\/www.urlaubcornwall.de\/blog\/wp-content\/uploads\/2024\/03\/oxford.jpg\" alt=\"oxford\" width=\"750\" height=\"431\" class=\"alignnone size-full wp-image-47819\" srcset=\"https:\/\/www.urlaubcornwall.de\/blog\/wp-content\/uploads\/2024\/03\/oxford.jpg 750w, https:\/\/www.urlaubcornwall.de\/blog\/wp-content\/uploads\/2024\/03\/oxford-300x172.jpg 300w\" sizes=\"(max-width: 750px) 100vw, 750px\" \/><\/a><\/p>\n<p><a href=\"https:\/\/www.urlaubcornwall.de\/blog\/urlaub-in-oxford-unterkunft-sehenswuerdigkeiten-und-geschichte\/\">Oxford ist eine Stadt im S\u00fcdosten Englands<\/a>, die f\u00fcr ihre Universit\u00e4t und ihre malerische Architektur bekannt ist. Die Stadt ist auch die Kulisse f\u00fcr viele ber\u00fchmte Filme wie Harry Potter und Inspector Morse.<\/p>\n<p>Zu den wichtigsten Sehensw\u00fcrdigkeiten in Oxford geh\u00f6ren:<\/p>\n<p>Die Universit\u00e4t von Oxford: Eine der \u00e4ltesten und renommiertesten Universit\u00e4ten der Welt, die aus 38 Colleges besteht, von denen viele f\u00fcr die \u00d6ffentlichkeit zug\u00e4nglich sind.<\/p>\n<p>Die Bodleian Library: Eine der \u00e4ltesten Bibliotheken Europas, die eine beeindruckende Sammlung seltener B\u00fccher und Manuskripte enth\u00e4lt.<\/p>\n<p>Das Ashmolean Museum: Ein Kunstmuseum, das eine beeindruckende Sammlung antiker und moderner Kunstwerke enth\u00e4lt.<\/p>\n<p>Das Christ Church College: Ein bekanntes College der Universit\u00e4t Oxford, das auch als Kulisse f\u00fcr die Harry Potter-Filme diente.<\/p>\n<p><a href=\"https:\/\/www.urlaubcornwall.de\/blog\/wp-content\/uploads\/2024\/03\/cambridge.jpg\"><img loading=\"lazy\" src=\"https:\/\/www.urlaubcornwall.de\/blog\/wp-content\/uploads\/2024\/03\/cambridge.jpg\" alt=\"cambridge\" width=\"750\" height=\"500\" class=\"alignnone size-full wp-image-47818\" srcset=\"https:\/\/www.urlaubcornwall.de\/blog\/wp-content\/uploads\/2024\/03\/cambridge.jpg 750w, https:\/\/www.urlaubcornwall.de\/blog\/wp-content\/uploads\/2024\/03\/cambridge-300x200.jpg 300w\" sizes=\"(max-width: 750px) 100vw, 750px\" \/><\/a><\/p>\n<p><a href=\"https:\/\/www.urlaubcornwall.de\/blog\/urlaub-in-cambridge-east-anglia\/\">Cambridge ist eine historische Stadt im Cambridgshire, Ost-England<\/a>, die f\u00fcr ihre Universit\u00e4t und ihre malerische Landschaft bekannt ist. Die Stadt ist auch bekannt f\u00fcr ihre Wissenschaftsgeschichte und ihre Verbindung zu bedeutenden Wissenschaftlern wie Isaac Newton und Charles Darwin.<\/p>\n<p>Zu den wichtigsten Sehensw\u00fcrdigkeiten in Cambridge geh\u00f6ren:<\/p>\n<p>Die Universit\u00e4t von Cambridge: Eine der \u00e4ltesten und renommiertesten Universit\u00e4ten der Welt, die aus 31 Colleges besteht.<\/p>\n<p>Die King&#8217;s College Chapel: Eine beeindruckende gotische Kapelle, die f\u00fcr ihre Fenster und ihre musikalischen Auff\u00fchrungen bekannt ist.<\/p>\n<p>Der Cambridge Botanical Garden: Ein wundersch\u00f6ner botanischer Garten mit einer beeindruckenden Sammlung von Pflanzen aus aller Welt.<\/p>\n<p>Das Fitzwilliam Museum: Ein Kunstmuseum, das eine beeindruckende Sammlung von Kunstwerken aus Europa und Asien enth\u00e4lt.<\/p>\n<p>Beide St\u00e4dte bieten also eine reiche Geschichte und Kultur, und es lohnt sich, sie zu besuchen, um die einzigartigen Sehensw\u00fcrdigkeiten und Attraktionen zu erleben.<\/p>\n<h1>Unser Rundreisenservice in S\u00fcdengland<\/h1>\n<p>Weshalb \u00fcber uns buchen?<\/p>\n<p>Firmensitz in Cornwall und ein Team Deutsch sprechender Reisespezialisten.<\/p>\n<p>Wir haben eine Leidenschaft f\u00fcrs Reisen und gestalten den perfekten Urlaub.<\/p>\n<p>Ortskenntnisse und Insidertipps f\u00fcr unsere Kunden.<\/p>\n<p>Sonderangebote und Preisnachl\u00e4sse<\/p>\n<p>S\u00e4mtliche unserer Rundreisen sind durch einen voll versicherten deutschen Reiseveranstalter gesichert.<\/p>\n<p style=\"text-align: center;\"><a class=\"tidycta\" href=\"https:\/\/www.urlaubcornwall.de\/rundreisen\/cornwall-suedengland.php\"> Mehr Info<\/a><\/p>\n<div class=\"snippet\"> <a class=\"featured-item\" href=\"https:\/\/www.urlaubcornwall.de\/ferienhaeuser\/suedengland.php\"> <span class=\"image-holder\" style=\"background-image: url('https:\/\/www.urlaubcornwall.de\/blog\/wp-content\/uploads\/2024\/03\/ferienhaus-england-cornwall.jpg');\"><\/span> <span class=\"featured-content\"> \n<h2 class=\"featured-title\">Ferienh\u00e4user in S\u00fcdengland<\/h2>\n<p class=\"featured-body\">Bei uns finden Sie Ferienh\u00e4user zum Verlieben &#8211; so einfach ist das! Dank seiner langen Geschichte, der reizvollen Landschaften und seinen vielen Attraktionen ist S\u00fcdengland ein wahres Mekka f\u00fcr Urlauber&#8230;..<\/p><\/span> <span class=\"featured-link-holder\"> <span class=\"featured-extra-info\"> \n<p>Pers\u00f6nlich inspizierter Ferienh\u00e4user<\/p>\n<\/span> \n<p class=\"featured-link\">DETAILS<\/p>\n<\/span> <\/a><\/div>\n","protected":false},"excerpt":{"rendered":"<p>Sowohl Oxford als auch Cambridge sind historische St\u00e4dte im S\u00fcdosten Englands und ber\u00fchmt f\u00fcr ihre renommierten Universit\u00e4ten und ihre reiche Geschichte. Beide St\u00e4dte haben ihren eigenen Charme und ihre Besonderheiten, die sie zu einem Besuch wert machen. Oxford ist eine Stadt im S\u00fcdosten Englands, die f\u00fcr ihre Universit\u00e4t und ihre malerische Architektur bekannt ist. Die [&hellip;]<\/p>\n","protected":false},"author":1,"featured_media":0,"parent":0,"menu_order":0,"comment_status":"closed","ping_status":"closed","template":"single-four.php","meta":[],"acf":[],"yoast_head":"<!-- This site is optimized with the Yoast SEO plugin v19.4 - https:\/\/yoast.com\/wordpress\/plugins\/seo\/ -->\n<title>Was ist sch\u00f6ner Oxford oder Cambridge? - Urlaub &amp; Reisen<\/title>\n<meta name=\"description\" content=\"Sowohl Oxford als auch Cambridge sind historische St\u00e4dte im S\u00fcdosten Englands und ber\u00fchmt f\u00fcr ihre renommierten Universit\u00e4ten\" \/>\n<meta name=\"robots\" content=\"index, follow, max-snippet:-1, max-image-preview:large, max-video-preview:-1\" \/>\n<link rel=\"canonical\" href=\"https:\/\/www.urlaubcornwall.de\/blog\/was-ist-schoener-oxford-oder-cambridge\/\" \/>\n<meta property=\"og:locale\" content=\"en_US\" \/>\n<meta property=\"og:type\" content=\"article\" \/>\n<meta property=\"og:title\" content=\"Was ist sch\u00f6ner Oxford oder Cambridge? - Urlaub &amp; Reisen\" \/>\n<meta property=\"og:description\" content=\"Sowohl Oxford als auch Cambridge sind historische St\u00e4dte im S\u00fcdosten Englands und ber\u00fchmt f\u00fcr ihre renommierten Universit\u00e4ten\" \/>\n<meta property=\"og:url\" content=\"https:\/\/www.urlaubcornwall.de\/blog\/was-ist-schoener-oxford-oder-cambridge\/\" \/>\n<meta property=\"og:site_name\" content=\"Urlaub &amp; Reisen\" \/>\n<meta property=\"article:modified_time\" content=\"2024-05-31T12:06:42+00:00\" \/>\n<meta property=\"og:image\" content=\"https:\/\/www.urlaubcornwall.de\/blog\/wp-content\/uploads\/2024\/03\/oxford.jpg\" \/>\n<meta name=\"twitter:card\" content=\"summary\" \/>\n<meta name=\"twitter:label1\" content=\"Est. reading time\" \/>\n\t<meta name=\"twitter:data1\" content=\"3 minutes\" \/>\n<script type=\"application\/ld+json\" class=\"yoast-schema-graph\">{\"@context\":\"https:\/\/schema.org\",\"@graph\":[{\"@type\":\"WebSite\",\"@id\":\"https:\/\/www.urlaubcornwall.de\/blog\/#website\",\"url\":\"https:\/\/www.urlaubcornwall.de\/blog\/\",\"name\":\"Urlaub &amp; Reisen\",\"description\":\"Urlaub, Reisen, Cornwall und S\u00fcdengland: eine perfekte Kombination\",\"potentialAction\":[{\"@type\":\"SearchAction\",\"target\":{\"@type\":\"EntryPoint\",\"urlTemplate\":\"https:\/\/www.urlaubcornwall.de\/blog\/?s={search_term_string}\"},\"query-input\":\"required name=search_term_string\"}],\"inLanguage\":\"en-US\"},{\"@type\":\"WebPage\",\"@id\":\"https:\/\/www.urlaubcornwall.de\/blog\/was-ist-schoener-oxford-oder-cambridge\/\",\"url\":\"https:\/\/www.urlaubcornwall.de\/blog\/was-ist-schoener-oxford-oder-cambridge\/\",\"name\":\"Was ist sch\u00f6ner Oxford oder Cambridge? - Urlaub &amp; Reisen\",\"isPartOf\":{\"@id\":\"https:\/\/www.urlaubcornwall.de\/blog\/#website\"},\"datePublished\":\"2023-04-28T09:50:25+00:00\",\"dateModified\":\"2024-05-31T12:06:42+00:00\",\"description\":\"Sowohl Oxford als auch Cambridge sind historische St\u00e4dte im S\u00fcdosten Englands und ber\u00fchmt f\u00fcr ihre renommierten Universit\u00e4ten\",\"breadcrumb\":{\"@id\":\"https:\/\/www.urlaubcornwall.de\/blog\/was-ist-schoener-oxford-oder-cambridge\/#breadcrumb\"},\"inLanguage\":\"en-US\",\"potentialAction\":[{\"@type\":\"ReadAction\",\"target\":[\"https:\/\/www.urlaubcornwall.de\/blog\/was-ist-schoener-oxford-oder-cambridge\/\"]}]},{\"@type\":\"BreadcrumbList\",\"@id\":\"https:\/\/www.urlaubcornwall.de\/blog\/was-ist-schoener-oxford-oder-cambridge\/#breadcrumb\",\"itemListElement\":[{\"@type\":\"ListItem\",\"position\":1,\"name\":\"Home\",\"item\":\"https:\/\/www.urlaubcornwall.de\/blog\/\"},{\"@type\":\"ListItem\",\"position\":2,\"name\":\"Was ist sch\u00f6ner Oxford oder Cambridge?\"}]}]}<\/script>\n<!-- \/ Yoast SEO plugin. -->","yoast_head_json":{"title":"Was ist sch\u00f6ner Oxford oder Cambridge? - Urlaub &amp; Reisen","description":"Sowohl Oxford als auch Cambridge sind historische St\u00e4dte im S\u00fcdosten Englands und ber\u00fchmt f\u00fcr ihre renommierten Universit\u00e4ten","robots":{"index":"index","follow":"follow","max-snippet":"max-snippet:-1","max-image-preview":"max-image-preview:large","max-video-preview":"max-video-preview:-1"},"canonical":"https:\/\/www.urlaubcornwall.de\/blog\/was-ist-schoener-oxford-oder-cambridge\/","og_locale":"en_US","og_type":"article","og_title":"Was ist sch\u00f6ner Oxford oder Cambridge? - Urlaub &amp; Reisen","og_description":"Sowohl Oxford als auch Cambridge sind historische St\u00e4dte im S\u00fcdosten Englands und ber\u00fchmt f\u00fcr ihre renommierten Universit\u00e4ten","og_url":"https:\/\/www.urlaubcornwall.de\/blog\/was-ist-schoener-oxford-oder-cambridge\/","og_site_name":"Urlaub &amp; Reisen","article_modified_time":"2024-05-31T12:06:42+00:00","og_image":[{"url":"https:\/\/www.urlaubcornwall.de\/blog\/wp-content\/uploads\/2024\/03\/oxford.jpg"}],"twitter_card":"summary","twitter_misc":{"Est. reading time":"3 minutes"},"schema":{"@context":"https:\/\/schema.org","@graph":[{"@type":"WebSite","@id":"https:\/\/www.urlaubcornwall.de\/blog\/#website","url":"https:\/\/www.urlaubcornwall.de\/blog\/","name":"Urlaub &amp; Reisen","description":"Urlaub, Reisen, Cornwall und S\u00fcdengland: eine perfekte Kombination","potentialAction":[{"@type":"SearchAction","target":{"@type":"EntryPoint","urlTemplate":"https:\/\/www.urlaubcornwall.de\/blog\/?s={search_term_string}"},"query-input":"required name=search_term_string"}],"inLanguage":"en-US"},{"@type":"WebPage","@id":"https:\/\/www.urlaubcornwall.de\/blog\/was-ist-schoener-oxford-oder-cambridge\/","url":"https:\/\/www.urlaubcornwall.de\/blog\/was-ist-schoener-oxford-oder-cambridge\/","name":"Was ist sch\u00f6ner Oxford oder Cambridge? - Urlaub &amp; Reisen","isPartOf":{"@id":"https:\/\/www.urlaubcornwall.de\/blog\/#website"},"datePublished":"2023-04-28T09:50:25+00:00","dateModified":"2024-05-31T12:06:42+00:00","description":"Sowohl Oxford als auch Cambridge sind historische St\u00e4dte im S\u00fcdosten Englands und ber\u00fchmt f\u00fcr ihre renommierten Universit\u00e4ten","breadcrumb":{"@id":"https:\/\/www.urlaubcornwall.de\/blog\/was-ist-schoener-oxford-oder-cambridge\/#breadcrumb"},"inLanguage":"en-US","potentialAction":[{"@type":"ReadAction","target":["https:\/\/www.urlaubcornwall.de\/blog\/was-ist-schoener-oxford-oder-cambridge\/"]}]},{"@type":"BreadcrumbList","@id":"https:\/\/www.urlaubcornwall.de\/blog\/was-ist-schoener-oxford-oder-cambridge\/#breadcrumb","itemListElement":[{"@type":"ListItem","position":1,"name":"Home","item":"https:\/\/www.urlaubcornwall.de\/blog\/"},{"@type":"ListItem","position":2,"name":"Was ist sch\u00f6ner Oxford oder Cambridge?"}]}]}},"_links":{"self":[{"href":"https:\/\/www.urlaubcornwall.de\/blog\/wp-json\/wp\/v2\/pages\/46458"}],"collection":[{"href":"https:\/\/www.urlaubcornwall.de\/blog\/wp-json\/wp\/v2\/pages"}],"about":[{"href":"https:\/\/www.urlaubcornwall.de\/blog\/wp-json\/wp\/v2\/types\/page"}],"author":[{"embeddable":true,"href":"https:\/\/www.urlaubcornwall.de\/blog\/wp-json\/wp\/v2\/users\/1"}],"replies":[{"embeddable":true,"href":"https:\/\/www.urlaubcornwall.de\/blog\/wp-json\/wp\/v2\/comments?post=46458"}],"version-history":[{"count":4,"href":"https:\/\/www.urlaubcornwall.de\/blog\/wp-json\/wp\/v2\/pages\/46458\/revisions"}],"predecessor-version":[{"id":51356,"href":"https:\/\/www.urlaubcornwall.de\/blog\/wp-json\/wp\/v2\/pages\/46458\/revisions\/51356"}],"wp:attachment":[{"href":"https:\/\/www.urlaubcornwall.de\/blog\/wp-json\/wp\/v2\/media?parent=46458"}],"curies":[{"name":"wp","href":"https:\/\/api.w.org\/{rel}","templated":true}]}}