{"id":46456,"date":"2023-04-28T10:01:09","date_gmt":"2023-04-28T10:01:09","guid":{"rendered":"https:\/\/www.urlaubcornwall.de\/blog\/?page_id=46456"},"modified":"2024-05-30T11:08:12","modified_gmt":"2024-05-30T11:08:12","slug":"was-ist-schoener-manchester-oder-liverpool","status":"publish","type":"page","link":"https:\/\/www.urlaubcornwall.de\/blog\/was-ist-schoener-manchester-oder-liverpool\/","title":{"rendered":"Was ist sch\u00f6ner Manchester oder Liverpool?"},"content":{"rendered":"<p>Manchester und Liverpool sind zwei sehr unterschiedliche St\u00e4dte, und welche Stadt sch\u00f6ner ist, h\u00e4ngt von den individuellen Vorlieben ab. Beide St\u00e4dte haben jedoch ihre eigene einzigartige Geschichte, Kultur und Architektur, die sie zu einem Besuch wert machen. <\/p>\n<p><img loading=\"lazy\" class=\"aligncenter size-full wp-image-48106\" src=\"https:\/\/www.urlaubcornwall.de\/blog\/wp-content\/uploads\/2024\/03\/manchester-old-trafford.jpg\" alt=\"manchester old trafford\" width=\"750\" height=\"563\" srcset=\"https:\/\/www.urlaubcornwall.de\/blog\/wp-content\/uploads\/2024\/03\/manchester-old-trafford.jpg 750w, https:\/\/www.urlaubcornwall.de\/blog\/wp-content\/uploads\/2024\/03\/manchester-old-trafford-300x225.jpg 300w\" sizes=\"(max-width: 750px) 100vw, 750px\" \/><\/p>\n<p>Manchester ist eine Stadt im <a href=\"https:\/\/www.urlaubcornwall.de\/ferienhaeuser-fewos\/eng\/cheshire\/cheshire.html\">Nordwesten Englands<\/a> und gilt als eine der wichtigsten St\u00e4dte der industriellen Revolution. Heute ist sie eine moderne Stadt, die f\u00fcr ihre Kultur, Architektur, Musikszene und Sport bekannt ist.<\/p>\n<p>Zu den wichtigsten Sehensw\u00fcrdigkeiten in Manchester geh\u00f6ren:<\/p>\n<p>Der Manchester Town Hall: Dieses beeindruckende viktorianische Geb\u00e4ude befindet sich im Stadtzentrum und ist eines der bekanntesten Wahrzeichen von Manchester.<\/p>\n<p>Die John Rylands Library: Eine der beeindruckendsten Bibliotheken in Europa, die f\u00fcr ihre gotische Architektur und ihre einzigartige Sammlung seltener B\u00fccher bekannt ist.<\/p>\n<p>Das Museum of Science and Industry: Ein interaktives Museum, das die Geschichte der Wissenschaft und Industrie in Manchester zeigt.<\/p>\n<p>Das Old Trafford Stadium: Ein historisches Fu\u00dfballstadion und die Heimat des Manchester United Football Clubs.<\/p>\n<p><a href=\"https:\/\/www.urlaubcornwall.de\/blog\/wp-content\/uploads\/2024\/05\/liverpool.jpg\"><img loading=\"lazy\" src=\"https:\/\/www.urlaubcornwall.de\/blog\/wp-content\/uploads\/2024\/05\/liverpool.jpg\" alt=\"liverpool\" width=\"750\" height=\"500\" class=\"alignnone size-full wp-image-50711\" srcset=\"https:\/\/www.urlaubcornwall.de\/blog\/wp-content\/uploads\/2024\/05\/liverpool.jpg 750w, https:\/\/www.urlaubcornwall.de\/blog\/wp-content\/uploads\/2024\/05\/liverpool-300x200.jpg 300w\" sizes=\"(max-width: 750px) 100vw, 750px\" \/><\/a><\/p>\n<p><a href=\"https:\/\/www.urlaubcornwall.de\/ferienhaeuser-fewos\/eng\/merseyside\/liverpool.html\">Liverpool ist eine Hafenstadt im Nordwesten Englands<\/a> und ber\u00fchmt f\u00fcr seine musikalische und kulturelle Geschichte. Die Stadt ist auch bekannt als Geburtsort der Beatles und f\u00fcr ihre Verbindung zum transatlantischen Sklavenhandel.<\/p>\n<p>Zu den wichtigsten Sehensw\u00fcrdigkeiten in Liverpool geh\u00f6ren:<\/p>\n<p>The Beatles Story: Ein Museum, das der Geschichte der Beatles gewidmet ist, die aus Liverpool stammen.<\/p>\n<p>Das Liverpool Cathedral: Eine beeindruckende gotische Kathedrale, die zu den gr\u00f6\u00dften der Welt geh\u00f6rt.<\/p>\n<p>Das Albert Dock: Ein historischer Hafenkomplex, der heute zu einem Freizeit- und Kulturzentrum umgebaut wurde, mit Restaurants, Gesch\u00e4ften, Museen und Galerien.<\/p>\n<p>Die Liverpool Waterfront: Eine der bekanntesten Sehensw\u00fcrdigkeiten von Liverpool und UNESCO-Weltkulturerbe, die f\u00fcr ihre beeindruckende Architektur und ihre Geschichte des transatlantischen Sklavenhandels bekannt ist.<\/p>\n<p>Beide St\u00e4dte haben also eine reiche Geschichte und Kultur zu bieten und es lohnt sich, sie zu besuchen, um die einzigartigen Sehensw\u00fcrdigkeiten und Attraktionen zu erleben.<\/p>\n<h1>Unser Rundreisenservice in England<\/h1>\n<p>Weshalb \u00fcber uns buchen?<\/p>\n<p>Firmensitz in Cornwall und ein Team Deutsch sprechender Reisespezialisten.<\/p>\n<p>Wir haben eine Leidenschaft f\u00fcrs Reisen und gestalten den perfekten Urlaub.<\/p>\n<p>Ortskenntnisse und Insidertipps f\u00fcr unsere Kunden.<\/p>\n<p>Sonderangebote und Preisnachl\u00e4sse<\/p>\n<p>S\u00e4mtliche unserer Rundreisen sind durch einen voll versicherten deutschen Reiseveranstalter gesichert.<\/p>\n<p style=\"text-align: center;\"><a class=\"tidycta\" href=\"https:\/\/www.urlaubcornwall.de\/rundreisenservice.php\"> Mehr Info<\/a><\/p>\n<div class=\"snippet\"> <a class=\"featured-item\" href=\"https:\/\/www.urlaubcornwall.de\/ferienhaeuser\/suedengland.php\"> <span class=\"image-holder\" style=\"background-image: url('https:\/\/www.urlaubcornwall.de\/blog\/wp-content\/uploads\/2024\/03\/ferienhaus-england-cornwall.jpg');\"><\/span> <span class=\"featured-content\"> \n<h2 class=\"featured-title\">Ferienh\u00e4user in S\u00fcdengland<\/h2>\n<p class=\"featured-body\">Bei uns finden Sie Ferienh\u00e4user zum Verlieben &#8211; so einfach ist das! Dank seiner langen Geschichte, der reizvollen Landschaften und seinen vielen Attraktionen ist S\u00fcdengland ein wahres Mekka f\u00fcr Urlauber&#8230;..<\/p><\/span> <span class=\"featured-link-holder\"> <span class=\"featured-extra-info\"> \n<p>Pers\u00f6nlich inspizierter Ferienh\u00e4user<\/p>\n<\/span> \n<p class=\"featured-link\">DETAILS<\/p>\n<\/span> <\/a><\/div>\n","protected":false},"excerpt":{"rendered":"<p>Manchester und Liverpool sind zwei sehr unterschiedliche St\u00e4dte, und welche Stadt sch\u00f6ner ist, h\u00e4ngt von den individuellen Vorlieben ab. Beide St\u00e4dte haben jedoch ihre eigene einzigartige Geschichte, Kultur und Architektur, die sie zu einem Besuch wert machen. Manchester ist eine Stadt im Nordwesten Englands und gilt als eine der wichtigsten St\u00e4dte der industriellen Revolution. Heute [&hellip;]<\/p>\n","protected":false},"author":1,"featured_media":0,"parent":0,"menu_order":0,"comment_status":"closed","ping_status":"closed","template":"single-four.php","meta":[],"acf":[],"yoast_head":"<!-- This site is optimized with the Yoast SEO plugin v19.4 - https:\/\/yoast.com\/wordpress\/plugins\/seo\/ -->\n<title>Was ist sch\u00f6ner Manchester oder Liverpool? - Urlaub &amp; Reisen<\/title>\n<meta name=\"description\" content=\"Manchester und Liverpool sind zwei sehr unterschiedliche St\u00e4dte, und welche Stadt sch\u00f6ner ist, h\u00e4ngt von den individuellen Vorlieben ab\" \/>\n<meta name=\"robots\" content=\"index, follow, max-snippet:-1, max-image-preview:large, max-video-preview:-1\" \/>\n<link rel=\"canonical\" href=\"https:\/\/www.urlaubcornwall.de\/blog\/was-ist-schoener-manchester-oder-liverpool\/\" \/>\n<meta property=\"og:locale\" content=\"en_US\" \/>\n<meta property=\"og:type\" content=\"article\" \/>\n<meta property=\"og:title\" content=\"Was ist sch\u00f6ner Manchester oder Liverpool? - Urlaub &amp; Reisen\" \/>\n<meta property=\"og:description\" content=\"Manchester und Liverpool sind zwei sehr unterschiedliche St\u00e4dte, und welche Stadt sch\u00f6ner ist, h\u00e4ngt von den individuellen Vorlieben ab\" \/>\n<meta property=\"og:url\" content=\"https:\/\/www.urlaubcornwall.de\/blog\/was-ist-schoener-manchester-oder-liverpool\/\" \/>\n<meta property=\"og:site_name\" content=\"Urlaub &amp; Reisen\" \/>\n<meta property=\"article:modified_time\" content=\"2024-05-30T11:08:12+00:00\" \/>\n<meta property=\"og:image\" content=\"https:\/\/www.urlaubcornwall.de\/blog\/wp-content\/uploads\/2024\/03\/manchester-old-trafford.jpg\" \/>\n<meta name=\"twitter:card\" content=\"summary\" \/>\n<meta name=\"twitter:label1\" content=\"Est. reading time\" \/>\n\t<meta name=\"twitter:data1\" content=\"3 minutes\" \/>\n<script type=\"application\/ld+json\" class=\"yoast-schema-graph\">{\"@context\":\"https:\/\/schema.org\",\"@graph\":[{\"@type\":\"WebSite\",\"@id\":\"https:\/\/www.urlaubcornwall.de\/blog\/#website\",\"url\":\"https:\/\/www.urlaubcornwall.de\/blog\/\",\"name\":\"Urlaub &amp; Reisen\",\"description\":\"Urlaub, Reisen, Cornwall und S\u00fcdengland: eine perfekte Kombination\",\"potentialAction\":[{\"@type\":\"SearchAction\",\"target\":{\"@type\":\"EntryPoint\",\"urlTemplate\":\"https:\/\/www.urlaubcornwall.de\/blog\/?s={search_term_string}\"},\"query-input\":\"required name=search_term_string\"}],\"inLanguage\":\"en-US\"},{\"@type\":\"WebPage\",\"@id\":\"https:\/\/www.urlaubcornwall.de\/blog\/was-ist-schoener-manchester-oder-liverpool\/\",\"url\":\"https:\/\/www.urlaubcornwall.de\/blog\/was-ist-schoener-manchester-oder-liverpool\/\",\"name\":\"Was ist sch\u00f6ner Manchester oder Liverpool? - Urlaub &amp; Reisen\",\"isPartOf\":{\"@id\":\"https:\/\/www.urlaubcornwall.de\/blog\/#website\"},\"datePublished\":\"2023-04-28T10:01:09+00:00\",\"dateModified\":\"2024-05-30T11:08:12+00:00\",\"description\":\"Manchester und Liverpool sind zwei sehr unterschiedliche St\u00e4dte, und welche Stadt sch\u00f6ner ist, h\u00e4ngt von den individuellen Vorlieben ab\",\"breadcrumb\":{\"@id\":\"https:\/\/www.urlaubcornwall.de\/blog\/was-ist-schoener-manchester-oder-liverpool\/#breadcrumb\"},\"inLanguage\":\"en-US\",\"potentialAction\":[{\"@type\":\"ReadAction\",\"target\":[\"https:\/\/www.urlaubcornwall.de\/blog\/was-ist-schoener-manchester-oder-liverpool\/\"]}]},{\"@type\":\"BreadcrumbList\",\"@id\":\"https:\/\/www.urlaubcornwall.de\/blog\/was-ist-schoener-manchester-oder-liverpool\/#breadcrumb\",\"itemListElement\":[{\"@type\":\"ListItem\",\"position\":1,\"name\":\"Home\",\"item\":\"https:\/\/www.urlaubcornwall.de\/blog\/\"},{\"@type\":\"ListItem\",\"position\":2,\"name\":\"Was ist sch\u00f6ner Manchester oder Liverpool?\"}]}]}<\/script>\n<!-- \/ Yoast SEO plugin. -->","yoast_head_json":{"title":"Was ist sch\u00f6ner Manchester oder Liverpool? - Urlaub &amp; Reisen","description":"Manchester und Liverpool sind zwei sehr unterschiedliche St\u00e4dte, und welche Stadt sch\u00f6ner ist, h\u00e4ngt von den individuellen Vorlieben ab","robots":{"index":"index","follow":"follow","max-snippet":"max-snippet:-1","max-image-preview":"max-image-preview:large","max-video-preview":"max-video-preview:-1"},"canonical":"https:\/\/www.urlaubcornwall.de\/blog\/was-ist-schoener-manchester-oder-liverpool\/","og_locale":"en_US","og_type":"article","og_title":"Was ist sch\u00f6ner Manchester oder Liverpool? - Urlaub &amp; Reisen","og_description":"Manchester und Liverpool sind zwei sehr unterschiedliche St\u00e4dte, und welche Stadt sch\u00f6ner ist, h\u00e4ngt von den individuellen Vorlieben ab","og_url":"https:\/\/www.urlaubcornwall.de\/blog\/was-ist-schoener-manchester-oder-liverpool\/","og_site_name":"Urlaub &amp; Reisen","article_modified_time":"2024-05-30T11:08:12+00:00","og_image":[{"url":"https:\/\/www.urlaubcornwall.de\/blog\/wp-content\/uploads\/2024\/03\/manchester-old-trafford.jpg"}],"twitter_card":"summary","twitter_misc":{"Est. reading time":"3 minutes"},"schema":{"@context":"https:\/\/schema.org","@graph":[{"@type":"WebSite","@id":"https:\/\/www.urlaubcornwall.de\/blog\/#website","url":"https:\/\/www.urlaubcornwall.de\/blog\/","name":"Urlaub &amp; Reisen","description":"Urlaub, Reisen, Cornwall und S\u00fcdengland: eine perfekte Kombination","potentialAction":[{"@type":"SearchAction","target":{"@type":"EntryPoint","urlTemplate":"https:\/\/www.urlaubcornwall.de\/blog\/?s={search_term_string}"},"query-input":"required name=search_term_string"}],"inLanguage":"en-US"},{"@type":"WebPage","@id":"https:\/\/www.urlaubcornwall.de\/blog\/was-ist-schoener-manchester-oder-liverpool\/","url":"https:\/\/www.urlaubcornwall.de\/blog\/was-ist-schoener-manchester-oder-liverpool\/","name":"Was ist sch\u00f6ner Manchester oder Liverpool? - Urlaub &amp; Reisen","isPartOf":{"@id":"https:\/\/www.urlaubcornwall.de\/blog\/#website"},"datePublished":"2023-04-28T10:01:09+00:00","dateModified":"2024-05-30T11:08:12+00:00","description":"Manchester und Liverpool sind zwei sehr unterschiedliche St\u00e4dte, und welche Stadt sch\u00f6ner ist, h\u00e4ngt von den individuellen Vorlieben ab","breadcrumb":{"@id":"https:\/\/www.urlaubcornwall.de\/blog\/was-ist-schoener-manchester-oder-liverpool\/#breadcrumb"},"inLanguage":"en-US","potentialAction":[{"@type":"ReadAction","target":["https:\/\/www.urlaubcornwall.de\/blog\/was-ist-schoener-manchester-oder-liverpool\/"]}]},{"@type":"BreadcrumbList","@id":"https:\/\/www.urlaubcornwall.de\/blog\/was-ist-schoener-manchester-oder-liverpool\/#breadcrumb","itemListElement":[{"@type":"ListItem","position":1,"name":"Home","item":"https:\/\/www.urlaubcornwall.de\/blog\/"},{"@type":"ListItem","position":2,"name":"Was ist sch\u00f6ner Manchester oder Liverpool?"}]}]}},"_links":{"self":[{"href":"https:\/\/www.urlaubcornwall.de\/blog\/wp-json\/wp\/v2\/pages\/46456"}],"collection":[{"href":"https:\/\/www.urlaubcornwall.de\/blog\/wp-json\/wp\/v2\/pages"}],"about":[{"href":"https:\/\/www.urlaubcornwall.de\/blog\/wp-json\/wp\/v2\/types\/page"}],"author":[{"embeddable":true,"href":"https:\/\/www.urlaubcornwall.de\/blog\/wp-json\/wp\/v2\/users\/1"}],"replies":[{"embeddable":true,"href":"https:\/\/www.urlaubcornwall.de\/blog\/wp-json\/wp\/v2\/comments?post=46456"}],"version-history":[{"count":5,"href":"https:\/\/www.urlaubcornwall.de\/blog\/wp-json\/wp\/v2\/pages\/46456\/revisions"}],"predecessor-version":[{"id":50952,"href":"https:\/\/www.urlaubcornwall.de\/blog\/wp-json\/wp\/v2\/pages\/46456\/revisions\/50952"}],"wp:attachment":[{"href":"https:\/\/www.urlaubcornwall.de\/blog\/wp-json\/wp\/v2\/media?parent=46456"}],"curies":[{"name":"wp","href":"https:\/\/api.w.org\/{rel}","templated":true}]}}