{"id":46448,"date":"2023-04-27T16:06:19","date_gmt":"2023-04-27T16:06:19","guid":{"rendered":"https:\/\/www.urlaubcornwall.de\/blog\/?page_id=46448"},"modified":"2024-04-15T14:44:42","modified_gmt":"2024-04-15T14:44:42","slug":"unsere-top-10-tipps-fuer-autoreisen-in-schottland","status":"publish","type":"page","link":"https:\/\/www.urlaubcornwall.de\/blog\/unsere-top-10-tipps-fuer-autoreisen-in-schottland\/","title":{"rendered":"Unsere Top 10 Tipps f\u00fcr Autorundreisen in Schottland"},"content":{"rendered":"<p><img loading=\"lazy\" class=\"aligncenter size-full wp-image-47803\" src=\"https:\/\/www.urlaubcornwall.de\/blog\/wp-content\/uploads\/2024\/03\/schottland-seen.jpg\" alt=\"schottland loch\" width=\"750\" height=\"500\" srcset=\"https:\/\/www.urlaubcornwall.de\/blog\/wp-content\/uploads\/2024\/03\/schottland-seen.jpg 750w, https:\/\/www.urlaubcornwall.de\/blog\/wp-content\/uploads\/2024\/03\/schottland-seen-300x200.jpg 300w\" sizes=\"(max-width: 750px) 100vw, 750px\" \/><\/p>\n<p>Autofahren in <a href=\"https:\/\/www.urlaubcornwall.de\/reiseziel\/schottland.php\">Schottland<\/a> kann eine gro\u00dfartige M\u00f6glichkeit sein, die atemberaubende Landschaft und die kulturellen Sehensw\u00fcrdigkeiten zu erleben. Hier sind einige Tipps, um Ihre <a href=\"https:\/\/www.urlaubcornwall.de\/blog\/rundreisen-schottland\/\">Autoreise in Schottland <\/a>angenehmer zu gestalten:<\/p>\n<p>Mieten Sie ein Automatikfahrzeug, wenn Sie normalerweise ein Schaltgetriebe fahren. Dies wird das Fahren auf der linken Seite der Stra\u00dfe erleichtern, da Sie sich weniger auf das Schalten konzentrieren m\u00fcssen.<\/p>\n<p>Verwenden Sie ein GPS-Navigationssystem oder laden Sie eine Karten-App auf Ihr Telefon, um den Weg zu finden. Stellen Sie sicher, dass Sie vorherige Karten-Updates durchgef\u00fchrt haben und eine mobile Internetverbindung haben.<\/p>\n<p>Verstehen Sie die Verkehrsregeln und -schilder. Lesen Sie sich vorab in die lokalen Verkehrsregeln ein, um keine unn\u00f6tigen Strafzettel oder Bu\u00dfgelder zu riskieren.<\/p>\n<p>Fahren Sie langsamer als gewohnt und halten Sie einen gr\u00f6\u00dferen Abstand zum Vordermann. Linksverkehr kann ungewohnt sein und Ihre Reaktionszeit beeintr\u00e4chtigen.<\/p>\n<p>Achten Sie auf schmale Stra\u00dfen und unerwartete Kurven. Die Stra\u00dfen in Schottland k\u00f6nnen schmal und kurvig sein, insbesondere in l\u00e4ndlichen Gebieten.<\/p>\n<p>Planen Sie Ihre Route im Voraus und legen Sie Pausen ein, um sich auszuruhen und die Sehensw\u00fcrdigkeiten zu genie\u00dfen.<\/p>\n<p>Fahren Sie vorsichtig auf den schottischen Landstra\u00dfen, da viele von ihnen einspurig sind und Sie m\u00f6glicherweise auf entgegenkommenden Verkehr sto\u00dfen.<\/p>\n<p>Beachten Sie die Parkregeln, um Strafzettel zu vermeiden. In st\u00e4dtischen Gebieten gibt es zahlreiche Parkbeschr\u00e4nkungen und Zonen, die einheimischen Fahrern vertraut sind.<\/p>\n<p>Achten Sie auf Tiere wie Schafe und Rinder, die m\u00f6glicherweise auf der Stra\u00dfe unterwegs sind.<\/p>\n<p>Stellen Sie sicher, dass Sie eine geeignete Versicherung haben, um im Fall eines Unfalls vollst\u00e4ndig gesch\u00fctzt zu sein.<\/p>\n<h1>Unser Rundreisenservice in Schottland<\/h1>\n<p>Weshalb \u00fcber uns buchen?<\/p>\n<p>Firmensitz in Cornwall und ein Team Deutsch sprechender Reisespezialisten.<\/p>\n<p>Wir haben eine Leidenschaft f\u00fcrs Reisen und gestalten den perfekten Urlaub.<\/p>\n<p>Ortskenntnisse und Insidertipps f\u00fcr unsere Kunden.<\/p>\n<p>Sonderangebote und Preisnachl\u00e4sse<\/p>\n<p>S\u00e4mtliche unserer Rundreisen sind durch einen voll versicherten deutschen Reiseveranstalter gesichert.<\/p>\n<p style=\"text-align: center;\"><a class=\"tidycta\" href=\"https:\/\/www.urlaubcornwall.de\/blog\/rundreisen-schottland\/\"> Mehr Info<\/a><\/p>\n<div class=\"snippet\"> <a class=\"featured-item\" href=\" https:\/\/www.urlaubcornwall.de\/ferienhaeuser\/schottland.php\"> <span class=\"image-holder\" style=\"background-image: url(' https:\/\/www.urlaubcornwall.de\/blog\/wp-content\/uploads\/2019\/01\/urlaub-schottland-highlands-1.jpg ');\"><\/span> <span class=\"featured-content\"> \n<h2 class=\"featured-title\">Bei uns finden Sie Ferienh\u00e4user in Schottland zum Verlieben!<\/h2>\n<p class=\"featured-body\">Untenstehend finden Sie eine Auswahl an Ferienh\u00e4usern in Schottland. Hier finden Sie pers\u00f6nlich inspizierte Cottages entlang der schottischen K\u00fcste, in den schottischen Highlands und auf den Inseln&#8230;..<\/p>\n<\/span> <span class=\"featured-link-holder\"> <span class=\"featured-extra-info\"> \n<p>F\u00fcr Paare, Familien &#038; Gruppen<\/p>\n<\/span> \n<p class=\"featured-link\">DETAILS<\/p>\n<\/span> <\/a><\/div>\n","protected":false},"excerpt":{"rendered":"<p>Autofahren in Schottland kann eine gro\u00dfartige M\u00f6glichkeit sein, die atemberaubende Landschaft und die kulturellen Sehensw\u00fcrdigkeiten zu erleben. Hier sind einige Tipps, um Ihre Autoreise in Schottland angenehmer zu gestalten: Mieten Sie ein Automatikfahrzeug, wenn Sie normalerweise ein Schaltgetriebe fahren. Dies wird das Fahren auf der linken Seite der Stra\u00dfe erleichtern, da Sie sich weniger auf [&hellip;]<\/p>\n","protected":false},"author":1,"featured_media":0,"parent":0,"menu_order":0,"comment_status":"closed","ping_status":"closed","template":"single-four.php","meta":[],"acf":[],"yoast_head":"<!-- This site is optimized with the Yoast SEO plugin v19.4 - https:\/\/yoast.com\/wordpress\/plugins\/seo\/ -->\n<title>Unsere Top 10 Tipps f\u00fcr Autorundreisen in Schottland - Urlaub &amp; Reisen<\/title>\n<meta name=\"description\" content=\"Autofahren in Schottland kann eine gro\u00dfartige M\u00f6glichkeit sein, die atemberaubende Landschaft und die kulturellen Sehensw\u00fcrdigkeiten\" \/>\n<meta name=\"robots\" content=\"index, follow, max-snippet:-1, max-image-preview:large, max-video-preview:-1\" \/>\n<link rel=\"canonical\" href=\"https:\/\/www.urlaubcornwall.de\/blog\/unsere-top-10-tipps-fuer-autoreisen-in-schottland\/\" \/>\n<meta property=\"og:locale\" content=\"en_US\" \/>\n<meta property=\"og:type\" content=\"article\" \/>\n<meta property=\"og:title\" content=\"Unsere Top 10 Tipps f\u00fcr Autorundreisen in Schottland - Urlaub &amp; Reisen\" \/>\n<meta property=\"og:description\" content=\"Autofahren in Schottland kann eine gro\u00dfartige M\u00f6glichkeit sein, die atemberaubende Landschaft und die kulturellen Sehensw\u00fcrdigkeiten\" \/>\n<meta property=\"og:url\" content=\"https:\/\/www.urlaubcornwall.de\/blog\/unsere-top-10-tipps-fuer-autoreisen-in-schottland\/\" \/>\n<meta property=\"og:site_name\" content=\"Urlaub &amp; Reisen\" \/>\n<meta property=\"article:modified_time\" content=\"2024-04-15T14:44:42+00:00\" \/>\n<meta property=\"og:image\" content=\"https:\/\/www.urlaubcornwall.de\/blog\/wp-content\/uploads\/2024\/03\/schottland-seen.jpg\" \/>\n<meta name=\"twitter:card\" content=\"summary\" \/>\n<meta name=\"twitter:label1\" content=\"Est. reading time\" \/>\n\t<meta name=\"twitter:data1\" content=\"2 minutes\" \/>\n<script type=\"application\/ld+json\" class=\"yoast-schema-graph\">{\"@context\":\"https:\/\/schema.org\",\"@graph\":[{\"@type\":\"WebSite\",\"@id\":\"https:\/\/www.urlaubcornwall.de\/blog\/#website\",\"url\":\"https:\/\/www.urlaubcornwall.de\/blog\/\",\"name\":\"Urlaub &amp; Reisen\",\"description\":\"Urlaub, Reisen, Cornwall und S\u00fcdengland: eine perfekte Kombination\",\"potentialAction\":[{\"@type\":\"SearchAction\",\"target\":{\"@type\":\"EntryPoint\",\"urlTemplate\":\"https:\/\/www.urlaubcornwall.de\/blog\/?s={search_term_string}\"},\"query-input\":\"required name=search_term_string\"}],\"inLanguage\":\"en-US\"},{\"@type\":\"WebPage\",\"@id\":\"https:\/\/www.urlaubcornwall.de\/blog\/unsere-top-10-tipps-fuer-autoreisen-in-schottland\/\",\"url\":\"https:\/\/www.urlaubcornwall.de\/blog\/unsere-top-10-tipps-fuer-autoreisen-in-schottland\/\",\"name\":\"Unsere Top 10 Tipps f\u00fcr Autorundreisen in Schottland - Urlaub &amp; Reisen\",\"isPartOf\":{\"@id\":\"https:\/\/www.urlaubcornwall.de\/blog\/#website\"},\"datePublished\":\"2023-04-27T16:06:19+00:00\",\"dateModified\":\"2024-04-15T14:44:42+00:00\",\"description\":\"Autofahren in Schottland kann eine gro\u00dfartige M\u00f6glichkeit sein, die atemberaubende Landschaft und die kulturellen Sehensw\u00fcrdigkeiten\",\"breadcrumb\":{\"@id\":\"https:\/\/www.urlaubcornwall.de\/blog\/unsere-top-10-tipps-fuer-autoreisen-in-schottland\/#breadcrumb\"},\"inLanguage\":\"en-US\",\"potentialAction\":[{\"@type\":\"ReadAction\",\"target\":[\"https:\/\/www.urlaubcornwall.de\/blog\/unsere-top-10-tipps-fuer-autoreisen-in-schottland\/\"]}]},{\"@type\":\"BreadcrumbList\",\"@id\":\"https:\/\/www.urlaubcornwall.de\/blog\/unsere-top-10-tipps-fuer-autoreisen-in-schottland\/#breadcrumb\",\"itemListElement\":[{\"@type\":\"ListItem\",\"position\":1,\"name\":\"Home\",\"item\":\"https:\/\/www.urlaubcornwall.de\/blog\/\"},{\"@type\":\"ListItem\",\"position\":2,\"name\":\"Unsere Top 10 Tipps f\u00fcr Autorundreisen in Schottland\"}]}]}<\/script>\n<!-- \/ Yoast SEO plugin. -->","yoast_head_json":{"title":"Unsere Top 10 Tipps f\u00fcr Autorundreisen in Schottland - Urlaub &amp; Reisen","description":"Autofahren in Schottland kann eine gro\u00dfartige M\u00f6glichkeit sein, die atemberaubende Landschaft und die kulturellen Sehensw\u00fcrdigkeiten","robots":{"index":"index","follow":"follow","max-snippet":"max-snippet:-1","max-image-preview":"max-image-preview:large","max-video-preview":"max-video-preview:-1"},"canonical":"https:\/\/www.urlaubcornwall.de\/blog\/unsere-top-10-tipps-fuer-autoreisen-in-schottland\/","og_locale":"en_US","og_type":"article","og_title":"Unsere Top 10 Tipps f\u00fcr Autorundreisen in Schottland - Urlaub &amp; Reisen","og_description":"Autofahren in Schottland kann eine gro\u00dfartige M\u00f6glichkeit sein, die atemberaubende Landschaft und die kulturellen Sehensw\u00fcrdigkeiten","og_url":"https:\/\/www.urlaubcornwall.de\/blog\/unsere-top-10-tipps-fuer-autoreisen-in-schottland\/","og_site_name":"Urlaub &amp; Reisen","article_modified_time":"2024-04-15T14:44:42+00:00","og_image":[{"url":"https:\/\/www.urlaubcornwall.de\/blog\/wp-content\/uploads\/2024\/03\/schottland-seen.jpg"}],"twitter_card":"summary","twitter_misc":{"Est. reading time":"2 minutes"},"schema":{"@context":"https:\/\/schema.org","@graph":[{"@type":"WebSite","@id":"https:\/\/www.urlaubcornwall.de\/blog\/#website","url":"https:\/\/www.urlaubcornwall.de\/blog\/","name":"Urlaub &amp; Reisen","description":"Urlaub, Reisen, Cornwall und S\u00fcdengland: eine perfekte Kombination","potentialAction":[{"@type":"SearchAction","target":{"@type":"EntryPoint","urlTemplate":"https:\/\/www.urlaubcornwall.de\/blog\/?s={search_term_string}"},"query-input":"required name=search_term_string"}],"inLanguage":"en-US"},{"@type":"WebPage","@id":"https:\/\/www.urlaubcornwall.de\/blog\/unsere-top-10-tipps-fuer-autoreisen-in-schottland\/","url":"https:\/\/www.urlaubcornwall.de\/blog\/unsere-top-10-tipps-fuer-autoreisen-in-schottland\/","name":"Unsere Top 10 Tipps f\u00fcr Autorundreisen in Schottland - Urlaub &amp; Reisen","isPartOf":{"@id":"https:\/\/www.urlaubcornwall.de\/blog\/#website"},"datePublished":"2023-04-27T16:06:19+00:00","dateModified":"2024-04-15T14:44:42+00:00","description":"Autofahren in Schottland kann eine gro\u00dfartige M\u00f6glichkeit sein, die atemberaubende Landschaft und die kulturellen Sehensw\u00fcrdigkeiten","breadcrumb":{"@id":"https:\/\/www.urlaubcornwall.de\/blog\/unsere-top-10-tipps-fuer-autoreisen-in-schottland\/#breadcrumb"},"inLanguage":"en-US","potentialAction":[{"@type":"ReadAction","target":["https:\/\/www.urlaubcornwall.de\/blog\/unsere-top-10-tipps-fuer-autoreisen-in-schottland\/"]}]},{"@type":"BreadcrumbList","@id":"https:\/\/www.urlaubcornwall.de\/blog\/unsere-top-10-tipps-fuer-autoreisen-in-schottland\/#breadcrumb","itemListElement":[{"@type":"ListItem","position":1,"name":"Home","item":"https:\/\/www.urlaubcornwall.de\/blog\/"},{"@type":"ListItem","position":2,"name":"Unsere Top 10 Tipps f\u00fcr Autorundreisen in Schottland"}]}]}},"_links":{"self":[{"href":"https:\/\/www.urlaubcornwall.de\/blog\/wp-json\/wp\/v2\/pages\/46448"}],"collection":[{"href":"https:\/\/www.urlaubcornwall.de\/blog\/wp-json\/wp\/v2\/pages"}],"about":[{"href":"https:\/\/www.urlaubcornwall.de\/blog\/wp-json\/wp\/v2\/types\/page"}],"author":[{"embeddable":true,"href":"https:\/\/www.urlaubcornwall.de\/blog\/wp-json\/wp\/v2\/users\/1"}],"replies":[{"embeddable":true,"href":"https:\/\/www.urlaubcornwall.de\/blog\/wp-json\/wp\/v2\/comments?post=46448"}],"version-history":[{"count":5,"href":"https:\/\/www.urlaubcornwall.de\/blog\/wp-json\/wp\/v2\/pages\/46448\/revisions"}],"predecessor-version":[{"id":49607,"href":"https:\/\/www.urlaubcornwall.de\/blog\/wp-json\/wp\/v2\/pages\/46448\/revisions\/49607"}],"wp:attachment":[{"href":"https:\/\/www.urlaubcornwall.de\/blog\/wp-json\/wp\/v2\/media?parent=46448"}],"curies":[{"name":"wp","href":"https:\/\/api.w.org\/{rel}","templated":true}]}}