{"id":46446,"date":"2023-04-27T15:18:17","date_gmt":"2023-04-27T15:18:17","guid":{"rendered":"https:\/\/www.urlaubcornwall.de\/blog\/?page_id=46446"},"modified":"2023-04-29T08:48:08","modified_gmt":"2023-04-29T08:48:08","slug":"unsere-top-10-tipps-fuer-autoreisen-in-irland","status":"publish","type":"page","link":"https:\/\/www.urlaubcornwall.de\/blog\/unsere-top-10-tipps-fuer-autoreisen-in-irland\/","title":{"rendered":"Unsere Top 10 Tipps f\u00fcr Rundreisen in Irland"},"content":{"rendered":"<p><img loading=\"lazy\" class=\"aligncenter size-full wp-image-24301\" src=\"https:\/\/www.urlaubcornwall.de\/blog\/wp-content\/uploads\/2016\/05\/rundreise-irland.jpg\" alt=\"urlaub irland\" width=\"750\" height=\"399\"\/><\/p>\n<p>Autofahren in <a href=\"https:\/\/www.urlaubcornwall.de\/blog\/erleben-sie-irland-die-emerald-insel\/\">Irland<\/a> kann eine wunderbare M\u00f6glichkeit sein, die malerische Landschaft zu erkunden. Hier sind einige Tipps, um <a href=\"https:\/\/www.urlaubcornwall.de\/blog\/rundreisen-irland\/\">Ihre Autoreise in Irland<\/a> angenehmer zu gestalten:<\/p>\n<p>1. Mieten Sie ein Automatikfahrzeug, wenn Sie normalerweise ein Schaltgetriebe fahren. Dies wird das Fahren auf der linken Seite der Stra\u00dfe erleichtern, da Sie sich weniger auf das Schalten konzentrieren m\u00fcssen.<\/p>\n<p>2. Verwenden Sie ein GPS-Navigationssystem oder laden Sie eine Karten-App auf Ihr Telefon, um den Weg zu finden. Stellen Sie sicher, dass Sie vorherige Karten-Updates durchgef\u00fchrt haben und eine mobile Internetverbindung haben.<\/p>\n<p>3. Verstehen Sie die Verkehrsregeln und -schilder. Lesen Sie sich vorab in die lokalen Verkehrsregeln ein, um keine unn\u00f6tigen Strafzettel oder Bu\u00dfgelder zu riskieren.<\/p>\n<p>4. Fahren Sie langsamer als gewohnt und halten Sie einen gr\u00f6\u00dferen Abstand zum Vordermann. Linksverkehr kann ungewohnt sein und Ihre Reaktionszeit beeintr\u00e4chtigen.<\/p>\n<p>5. Achten Sie auf schmale Stra\u00dfen und unerwartete Kurven. Die Stra\u00dfen in Irland k\u00f6nnen schmal und kurvig sein, insbesondere in l\u00e4ndlichen Gebieten.<\/p>\n<p><img loading=\"lazy\" class=\"aligncenter size-full wp-image-34719\" src=\"https:\/\/www.urlaubcornwall.de\/blog\/wp-content\/uploads\/2018\/12\/wild-atlantic-way-cork-irland.jpg\" alt=\"wild atlantic way cork irland\" width=\"748\" height=\"413\" srcset=\"https:\/\/www.urlaubcornwall.de\/blog\/wp-content\/uploads\/2018\/12\/wild-atlantic-way-cork-irland.jpg 748w, https:\/\/www.urlaubcornwall.de\/blog\/wp-content\/uploads\/2018\/12\/wild-atlantic-way-cork-irland-300x166.jpg 300w\" sizes=\"(max-width: 748px) 100vw, 748px\" \/><\/p>\n<p>6. Beachten Sie die Parkregeln, um Strafzettel zu vermeiden. In st\u00e4dtischen Gebieten gibt es zahlreiche Parkbeschr\u00e4nkungen und Zonen, die einheimischen Fahrern vertraut sind.<\/p>\n<p>7. Planen Sie Ihre Route im Voraus und legen Sie Pausen ein, um sich auszuruhen und die Sehensw\u00fcrdigkeiten zu genie\u00dfen.<\/p>\n<p>8. Fahren Sie vorsichtig auf den irischen Landstra\u00dfen, da viele von ihnen einspurig sind und Sie m\u00f6glicherweise auf entgegenkommenden Verkehr sto\u00dfen.<\/p>\n<p>9. Achten Sie auf Tiere wie Schafe und Rinder, die m\u00f6glicherweise auf der Stra\u00dfe unterwegs sind.<\/p>\n<p>10. Versichern Sie sich vorab, dass Sie eine geeignete Versicherung haben, um im Fall eines Unfalls vollst\u00e4ndig gesch\u00fctzt zu sein.<\/p>\n<h1>Unser Rundreisenservice in Irland<\/h1>\n<p>Weshalb \u00fcber uns buchen?<\/p>\n<p>Firmensitz in Cornwall und ein Team Deutsch sprechender Reisespezialisten.<\/p>\n<p>Wir haben eine Leidenschaft f\u00fcrs Reisen und gestalten den perfekten Urlaub.<\/p>\n<p>Ortskenntnisse und Insidertipps f\u00fcr unsere Kunden.<\/p>\n<p>Sonderangebote und Preisnachl\u00e4sse<\/p>\n<p>S\u00e4mtliche unserer Rundreisen sind durch einen voll versicherten deutschen Reiseveranstalter gesichert.<\/p>\n<p style=\"text-align: center;\"><a class=\"tidycta\" href=\"https:\/\/www.urlaubcornwall.de\/blog\/rundreisen-irland\/\"> Mehr Info<\/a><\/p>\n","protected":false},"excerpt":{"rendered":"<p>Autofahren in Irland kann eine wunderbare M\u00f6glichkeit sein, die malerische Landschaft zu erkunden. Hier sind einige Tipps, um Ihre Autoreise in Irland angenehmer zu gestalten: 1. Mieten Sie ein Automatikfahrzeug, wenn Sie normalerweise ein Schaltgetriebe fahren. Dies wird das Fahren auf der linken Seite der Stra\u00dfe erleichtern, da Sie sich weniger auf das Schalten konzentrieren [&hellip;]<\/p>\n","protected":false},"author":1,"featured_media":0,"parent":0,"menu_order":0,"comment_status":"closed","ping_status":"closed","template":"single-four.php","meta":[],"acf":[],"yoast_head":"<!-- This site is optimized with the Yoast SEO plugin v19.4 - https:\/\/yoast.com\/wordpress\/plugins\/seo\/ -->\n<title>Unsere Top 10 Tipps f\u00fcr Rundreisen in Irland - Urlaub &amp; Reisen<\/title>\n<meta name=\"description\" content=\"Autofahren in Irland kann eine wunderbare M\u00f6glichkeit sein, die malerische Landschaft zu erkunden. Hier sind einige Tipps, um Ihre Autoreise\" \/>\n<meta name=\"robots\" content=\"index, follow, max-snippet:-1, max-image-preview:large, max-video-preview:-1\" \/>\n<link rel=\"canonical\" href=\"https:\/\/www.urlaubcornwall.de\/blog\/unsere-top-10-tipps-fuer-autoreisen-in-irland\/\" \/>\n<meta property=\"og:locale\" content=\"en_US\" \/>\n<meta property=\"og:type\" content=\"article\" \/>\n<meta property=\"og:title\" content=\"Unsere Top 10 Tipps f\u00fcr Rundreisen in Irland - Urlaub &amp; Reisen\" \/>\n<meta property=\"og:description\" content=\"Autofahren in Irland kann eine wunderbare M\u00f6glichkeit sein, die malerische Landschaft zu erkunden. Hier sind einige Tipps, um Ihre Autoreise\" \/>\n<meta property=\"og:url\" content=\"https:\/\/www.urlaubcornwall.de\/blog\/unsere-top-10-tipps-fuer-autoreisen-in-irland\/\" \/>\n<meta property=\"og:site_name\" content=\"Urlaub &amp; Reisen\" \/>\n<meta property=\"article:modified_time\" content=\"2023-04-29T08:48:08+00:00\" \/>\n<meta property=\"og:image\" content=\"https:\/\/www.urlaubcornwall.de\/blog\/wp-content\/uploads\/2016\/05\/rundreise-irland.jpg\" \/>\n<meta name=\"twitter:card\" content=\"summary\" \/>\n<meta name=\"twitter:label1\" content=\"Est. reading time\" \/>\n\t<meta name=\"twitter:data1\" content=\"1 minute\" \/>\n<script type=\"application\/ld+json\" class=\"yoast-schema-graph\">{\"@context\":\"https:\/\/schema.org\",\"@graph\":[{\"@type\":\"WebSite\",\"@id\":\"https:\/\/www.urlaubcornwall.de\/blog\/#website\",\"url\":\"https:\/\/www.urlaubcornwall.de\/blog\/\",\"name\":\"Urlaub &amp; Reisen\",\"description\":\"Urlaub, Reisen, Cornwall und S\u00fcdengland: eine perfekte Kombination\",\"potentialAction\":[{\"@type\":\"SearchAction\",\"target\":{\"@type\":\"EntryPoint\",\"urlTemplate\":\"https:\/\/www.urlaubcornwall.de\/blog\/?s={search_term_string}\"},\"query-input\":\"required name=search_term_string\"}],\"inLanguage\":\"en-US\"},{\"@type\":\"WebPage\",\"@id\":\"https:\/\/www.urlaubcornwall.de\/blog\/unsere-top-10-tipps-fuer-autoreisen-in-irland\/\",\"url\":\"https:\/\/www.urlaubcornwall.de\/blog\/unsere-top-10-tipps-fuer-autoreisen-in-irland\/\",\"name\":\"Unsere Top 10 Tipps f\u00fcr Rundreisen in Irland - Urlaub &amp; Reisen\",\"isPartOf\":{\"@id\":\"https:\/\/www.urlaubcornwall.de\/blog\/#website\"},\"datePublished\":\"2023-04-27T15:18:17+00:00\",\"dateModified\":\"2023-04-29T08:48:08+00:00\",\"description\":\"Autofahren in Irland kann eine wunderbare M\u00f6glichkeit sein, die malerische Landschaft zu erkunden. Hier sind einige Tipps, um Ihre Autoreise\",\"breadcrumb\":{\"@id\":\"https:\/\/www.urlaubcornwall.de\/blog\/unsere-top-10-tipps-fuer-autoreisen-in-irland\/#breadcrumb\"},\"inLanguage\":\"en-US\",\"potentialAction\":[{\"@type\":\"ReadAction\",\"target\":[\"https:\/\/www.urlaubcornwall.de\/blog\/unsere-top-10-tipps-fuer-autoreisen-in-irland\/\"]}]},{\"@type\":\"BreadcrumbList\",\"@id\":\"https:\/\/www.urlaubcornwall.de\/blog\/unsere-top-10-tipps-fuer-autoreisen-in-irland\/#breadcrumb\",\"itemListElement\":[{\"@type\":\"ListItem\",\"position\":1,\"name\":\"Home\",\"item\":\"https:\/\/www.urlaubcornwall.de\/blog\/\"},{\"@type\":\"ListItem\",\"position\":2,\"name\":\"Unsere Top 10 Tipps f\u00fcr Rundreisen in Irland\"}]}]}<\/script>\n<!-- \/ Yoast SEO plugin. -->","yoast_head_json":{"title":"Unsere Top 10 Tipps f\u00fcr Rundreisen in Irland - Urlaub &amp; Reisen","description":"Autofahren in Irland kann eine wunderbare M\u00f6glichkeit sein, die malerische Landschaft zu erkunden. Hier sind einige Tipps, um Ihre Autoreise","robots":{"index":"index","follow":"follow","max-snippet":"max-snippet:-1","max-image-preview":"max-image-preview:large","max-video-preview":"max-video-preview:-1"},"canonical":"https:\/\/www.urlaubcornwall.de\/blog\/unsere-top-10-tipps-fuer-autoreisen-in-irland\/","og_locale":"en_US","og_type":"article","og_title":"Unsere Top 10 Tipps f\u00fcr Rundreisen in Irland - Urlaub &amp; Reisen","og_description":"Autofahren in Irland kann eine wunderbare M\u00f6glichkeit sein, die malerische Landschaft zu erkunden. Hier sind einige Tipps, um Ihre Autoreise","og_url":"https:\/\/www.urlaubcornwall.de\/blog\/unsere-top-10-tipps-fuer-autoreisen-in-irland\/","og_site_name":"Urlaub &amp; Reisen","article_modified_time":"2023-04-29T08:48:08+00:00","og_image":[{"url":"https:\/\/www.urlaubcornwall.de\/blog\/wp-content\/uploads\/2016\/05\/rundreise-irland.jpg"}],"twitter_card":"summary","twitter_misc":{"Est. reading time":"1 minute"},"schema":{"@context":"https:\/\/schema.org","@graph":[{"@type":"WebSite","@id":"https:\/\/www.urlaubcornwall.de\/blog\/#website","url":"https:\/\/www.urlaubcornwall.de\/blog\/","name":"Urlaub &amp; Reisen","description":"Urlaub, Reisen, Cornwall und S\u00fcdengland: eine perfekte Kombination","potentialAction":[{"@type":"SearchAction","target":{"@type":"EntryPoint","urlTemplate":"https:\/\/www.urlaubcornwall.de\/blog\/?s={search_term_string}"},"query-input":"required name=search_term_string"}],"inLanguage":"en-US"},{"@type":"WebPage","@id":"https:\/\/www.urlaubcornwall.de\/blog\/unsere-top-10-tipps-fuer-autoreisen-in-irland\/","url":"https:\/\/www.urlaubcornwall.de\/blog\/unsere-top-10-tipps-fuer-autoreisen-in-irland\/","name":"Unsere Top 10 Tipps f\u00fcr Rundreisen in Irland - Urlaub &amp; Reisen","isPartOf":{"@id":"https:\/\/www.urlaubcornwall.de\/blog\/#website"},"datePublished":"2023-04-27T15:18:17+00:00","dateModified":"2023-04-29T08:48:08+00:00","description":"Autofahren in Irland kann eine wunderbare M\u00f6glichkeit sein, die malerische Landschaft zu erkunden. Hier sind einige Tipps, um Ihre Autoreise","breadcrumb":{"@id":"https:\/\/www.urlaubcornwall.de\/blog\/unsere-top-10-tipps-fuer-autoreisen-in-irland\/#breadcrumb"},"inLanguage":"en-US","potentialAction":[{"@type":"ReadAction","target":["https:\/\/www.urlaubcornwall.de\/blog\/unsere-top-10-tipps-fuer-autoreisen-in-irland\/"]}]},{"@type":"BreadcrumbList","@id":"https:\/\/www.urlaubcornwall.de\/blog\/unsere-top-10-tipps-fuer-autoreisen-in-irland\/#breadcrumb","itemListElement":[{"@type":"ListItem","position":1,"name":"Home","item":"https:\/\/www.urlaubcornwall.de\/blog\/"},{"@type":"ListItem","position":2,"name":"Unsere Top 10 Tipps f\u00fcr Rundreisen in Irland"}]}]}},"_links":{"self":[{"href":"https:\/\/www.urlaubcornwall.de\/blog\/wp-json\/wp\/v2\/pages\/46446"}],"collection":[{"href":"https:\/\/www.urlaubcornwall.de\/blog\/wp-json\/wp\/v2\/pages"}],"about":[{"href":"https:\/\/www.urlaubcornwall.de\/blog\/wp-json\/wp\/v2\/types\/page"}],"author":[{"embeddable":true,"href":"https:\/\/www.urlaubcornwall.de\/blog\/wp-json\/wp\/v2\/users\/1"}],"replies":[{"embeddable":true,"href":"https:\/\/www.urlaubcornwall.de\/blog\/wp-json\/wp\/v2\/comments?post=46446"}],"version-history":[{"count":2,"href":"https:\/\/www.urlaubcornwall.de\/blog\/wp-json\/wp\/v2\/pages\/46446\/revisions"}],"predecessor-version":[{"id":46485,"href":"https:\/\/www.urlaubcornwall.de\/blog\/wp-json\/wp\/v2\/pages\/46446\/revisions\/46485"}],"wp:attachment":[{"href":"https:\/\/www.urlaubcornwall.de\/blog\/wp-json\/wp\/v2\/media?parent=46446"}],"curies":[{"name":"wp","href":"https:\/\/api.w.org\/{rel}","templated":true}]}}