{"id":46435,"date":"2023-04-27T13:05:46","date_gmt":"2023-04-27T13:05:46","guid":{"rendered":"https:\/\/www.urlaubcornwall.de\/blog\/?page_id=46435"},"modified":"2024-05-31T12:08:16","modified_gmt":"2024-05-31T12:08:16","slug":"5-malerische-autofahrten-durch-suedengland","status":"publish","type":"page","link":"https:\/\/www.urlaubcornwall.de\/blog\/5-malerische-autofahrten-durch-suedengland\/","title":{"rendered":"5 malerische Autofahrten durch S\u00fcdengland"},"content":{"rendered":"<p><a href=\"https:\/\/www.urlaubcornwall.de\/blog\/wp-content\/uploads\/2024\/03\/eastbourne-pier.jpg\"><img loading=\"lazy\" src=\"https:\/\/www.urlaubcornwall.de\/blog\/wp-content\/uploads\/2024\/03\/eastbourne-pier.jpg\" alt=\"eastbourne pier\" width=\"750\" height=\"284\" class=\"alignnone size-full wp-image-47895\" srcset=\"https:\/\/www.urlaubcornwall.de\/blog\/wp-content\/uploads\/2024\/03\/eastbourne-pier.jpg 750w, https:\/\/www.urlaubcornwall.de\/blog\/wp-content\/uploads\/2024\/03\/eastbourne-pier-300x114.jpg 300w\" sizes=\"(max-width: 750px) 100vw, 750px\" \/><\/a><\/p>\n<p>1. Die K\u00fcstenstra\u00dfe von <a href=\"https:\/\/www.urlaubcornwall.de\/blog\/urlaub-in-brighton-sussex-sehenswuerdigkeiten-unterkunft-und-geschichte\/\">Brighton<\/a> nach <a href=\"https:\/\/www.urlaubcornwall.de\/blog\/urlaub-in-eastbourne-sussex-sehenswuerdigkeiten-unterkunft-und-geschichte\/\">Eastbourne<\/a>: Entlang der wundersch\u00f6nen <a href=\"https:\/\/www.urlaubcornwall.de\/reiseziel\/sussex.php\">K\u00fcste von Sussex<\/a> f\u00fchrt diese Stra\u00dfe durch charmante K\u00fcstend\u00f6rfer wie Rottingdean und Seaford. Genie\u00dfen Sie die Aussicht auf das Meer und die atemberaubenden Kreideklippen der Seven Sisters.<\/p>\n<p>2. Die Stra\u00dfe von Salisbury nach <a href=\"https:\/\/www.urlaubcornwall.de\/ferienhaeuser-fewos\/eng\/somerset\/bath.html\">Bath<\/a>: Diese malerische Strecke f\u00fchrt Sie durch das Herz von <a href=\"https:\/\/www.urlaubcornwall.de\/reiseziel\/suedengland.php\">S\u00fcdengland<\/a>, vorbei an historischen St\u00e4dten wie Shaftesbury und <a href=\"https:\/\/www.urlaubcornwall.de\/ferienhaeuser-fewos\/eng\/wiltshire\/bradford-on-avon.html\">Bradford-on-Avon<\/a>. Auf dem Weg k\u00f6nnen Sie die atemberaubende Landschaft der Cotswolds und des Mendip Hills genie\u00dfen.<\/p>\n<p>3. Von <a href=\"https:\/\/www.urlaubcornwall.de\/blog\/urlaub-exeter-unterkunft-sehenswuerdigkeiten-und-geschichte\/\">Exeter<\/a> nach <a href=\"https:\/\/www.urlaubcornwall.de\/blog\/urlaub-plymouth-unterkunft-sehenswuerdigkeiten-und-geschichte\/\">Plymouth<\/a>: Diese Strecke f\u00fchrt Sie durch den <a href=\"https:\/\/www.urlaubcornwall.de\/ferienhaeuser-fewos\/eng\/sued-devon\/devon-dartmoor.html\">Dartmoor-Nationalpark<\/a>, eine wundersch\u00f6ne Landschaft mit wilden Moorlandschaften, Fl\u00fcssen und T\u00e4lern. Sie k\u00f6nnen auch die historischen St\u00e4dte Tavistock und Plymouth besuchen.<\/p>\n<p>4. Von <a href=\"https:\/\/www.urlaubcornwall.de\/blog\/urlaub-in-oxford-unterkunft-sehenswuerdigkeiten-und-geschichte\/\">Oxford<\/a> nach <a href=\"https:\/\/www.urlaubcornwall.de\/blog\/urlaub-stratford-upon-avon-und-dem-land-shakespeares\/\">Stratford-upon-Avon<\/a>: Diese Route f\u00fchrt Sie durch die <a href=\"https:\/\/www.urlaubcornwall.de\/reiseziel\/cotswolds.php\">malerischen D\u00f6rfer der Cotswolds<\/a> und entlang des Flusses Thames. Sie k\u00f6nnen auch die historischen St\u00e4dte Oxford, Warwick und Stratford-upon-Avon besuchen.<\/p>\n<p>5. Von <a href=\"https:\/\/www.urlaubcornwall.de\/blog\/urlaub-reisen-southampton-unterkunft-sehenswuerdigkeiten-und-geschichte\/\">Southampton<\/a> nach <a href=\"https:\/\/www.urlaubcornwall.de\/blog\/urlaub-portsmouth-unterkunft-sehenswuerdigkeiten-und-geschichte\/\">Portsmouth<\/a>: Diese Strecke f\u00fchrt Sie entlang der S\u00fcdk\u00fcste von <a href=\"https:\/\/www.urlaubcornwall.de\/reiseziel\/hampshire.php\">Hampshire<\/a> und bietet eine herrliche Aussicht auf das Meer. Sie k\u00f6nnen auch historische St\u00e4dte wie <a href=\"https:\/\/www.urlaubcornwall.de\/blog\/urlaub-in-winchester-sehenswuerdigkeiten-unterkunft-und-geschichte\/\">Winchester<\/a> und Portsmouth besuchen, um die ber\u00fchmte HMS Victory zu sehen.<\/p>\n<h1>Unser Rundreisenservice in S\u00fcdengland<\/h1>\n<p>Weshalb \u00fcber uns buchen?<\/p>\n<p>Firmensitz in Cornwall und ein Team Deutsch sprechender Reisespezialisten.<\/p>\n<p>Wir haben eine Leidenschaft f\u00fcrs Reisen und gestalten den perfekten Urlaub.<\/p>\n<p>Ortskenntnisse und Insidertipps f\u00fcr unsere Kunden.<\/p>\n<p>Sonderangebote und Preisnachl\u00e4sse<\/p>\n<p>S\u00e4mtliche unserer Rundreisen sind durch einen voll versicherten deutschen Reiseveranstalter gesichert.<\/p>\n<p style=\"text-align: center;\"><a class=\"tidycta\" href=\"https:\/\/www.urlaubcornwall.de\/rundreisen\/cornwall-suedengland.php\"> Mehr Info<\/a><\/p>\n<div class=\"snippet\"> <a class=\"featured-item\" href=\"https:\/\/www.urlaubcornwall.de\/ferienhaeuser\/suedengland.php\"> <span class=\"image-holder\" style=\"background-image: url('https:\/\/www.urlaubcornwall.de\/blog\/wp-content\/uploads\/2018\/12\/ferienhaus-cornwall-mit-hund.jpg');\"><\/span> <span class=\"featured-content\"> \n<h2 class=\"featured-title\">Ferienh\u00e4user in S\u00fcdengland<\/h2>\n<p class=\"featured-body\">Bei uns finden Sie Ferienh\u00e4user zum Verlieben &#8211; so einfach ist das! Dank seiner langen Geschichte, der reizvollen Landschaften und seinen vielen Attraktionen ist S\u00fcdengland ein wahres Mekka f\u00fcr Urlauber&#8230;..<\/p><\/span> <span class=\"featured-link-holder\"> <span class=\"featured-extra-info\"> \n<p>Pers\u00f6nlich inspizierter Ferienh\u00e4user<\/p>\n<\/span> \n<p class=\"featured-link\">DETAILS<\/p>\n<\/span> <\/a><\/div>\n","protected":false},"excerpt":{"rendered":"<p>1. Die K\u00fcstenstra\u00dfe von Brighton nach Eastbourne: Entlang der wundersch\u00f6nen K\u00fcste von Sussex f\u00fchrt diese Stra\u00dfe durch charmante K\u00fcstend\u00f6rfer wie Rottingdean und Seaford. Genie\u00dfen Sie die Aussicht auf das Meer und die atemberaubenden Kreideklippen der Seven Sisters. 2. Die Stra\u00dfe von Salisbury nach Bath: Diese malerische Strecke f\u00fchrt Sie durch das Herz von S\u00fcdengland, vorbei [&hellip;]<\/p>\n","protected":false},"author":1,"featured_media":0,"parent":0,"menu_order":0,"comment_status":"closed","ping_status":"closed","template":"single-four.php","meta":[],"acf":[],"yoast_head":"<!-- This site is optimized with the Yoast SEO plugin v19.4 - https:\/\/yoast.com\/wordpress\/plugins\/seo\/ -->\n<title>5 malerische Autofahrten durch S\u00fcdengland - Urlaub &amp; Reisen<\/title>\n<meta name=\"robots\" content=\"index, follow, max-snippet:-1, max-image-preview:large, max-video-preview:-1\" \/>\n<link rel=\"canonical\" href=\"https:\/\/www.urlaubcornwall.de\/blog\/5-malerische-autofahrten-durch-suedengland\/\" \/>\n<meta property=\"og:locale\" content=\"en_US\" \/>\n<meta property=\"og:type\" content=\"article\" \/>\n<meta property=\"og:title\" content=\"5 malerische Autofahrten durch S\u00fcdengland - Urlaub &amp; Reisen\" \/>\n<meta property=\"og:description\" content=\"1. Die K\u00fcstenstra\u00dfe von Brighton nach Eastbourne: Entlang der wundersch\u00f6nen K\u00fcste von Sussex f\u00fchrt diese Stra\u00dfe durch charmante K\u00fcstend\u00f6rfer wie Rottingdean und Seaford. Genie\u00dfen Sie die Aussicht auf das Meer und die atemberaubenden Kreideklippen der Seven Sisters. 2. Die Stra\u00dfe von Salisbury nach Bath: Diese malerische Strecke f\u00fchrt Sie durch das Herz von S\u00fcdengland, vorbei [&hellip;]\" \/>\n<meta property=\"og:url\" content=\"https:\/\/www.urlaubcornwall.de\/blog\/5-malerische-autofahrten-durch-suedengland\/\" \/>\n<meta property=\"og:site_name\" content=\"Urlaub &amp; Reisen\" \/>\n<meta property=\"article:modified_time\" content=\"2024-05-31T12:08:16+00:00\" \/>\n<meta property=\"og:image\" content=\"https:\/\/www.urlaubcornwall.de\/blog\/wp-content\/uploads\/2024\/03\/eastbourne-pier.jpg\" \/>\n<meta name=\"twitter:card\" content=\"summary\" \/>\n<meta name=\"twitter:label1\" content=\"Est. reading time\" \/>\n\t<meta name=\"twitter:data1\" content=\"2 minutes\" \/>\n<script type=\"application\/ld+json\" class=\"yoast-schema-graph\">{\"@context\":\"https:\/\/schema.org\",\"@graph\":[{\"@type\":\"WebSite\",\"@id\":\"https:\/\/www.urlaubcornwall.de\/blog\/#website\",\"url\":\"https:\/\/www.urlaubcornwall.de\/blog\/\",\"name\":\"Urlaub &amp; Reisen\",\"description\":\"Urlaub, Reisen, Cornwall und S\u00fcdengland: eine perfekte Kombination\",\"potentialAction\":[{\"@type\":\"SearchAction\",\"target\":{\"@type\":\"EntryPoint\",\"urlTemplate\":\"https:\/\/www.urlaubcornwall.de\/blog\/?s={search_term_string}\"},\"query-input\":\"required name=search_term_string\"}],\"inLanguage\":\"en-US\"},{\"@type\":\"WebPage\",\"@id\":\"https:\/\/www.urlaubcornwall.de\/blog\/5-malerische-autofahrten-durch-suedengland\/\",\"url\":\"https:\/\/www.urlaubcornwall.de\/blog\/5-malerische-autofahrten-durch-suedengland\/\",\"name\":\"5 malerische Autofahrten durch S\u00fcdengland - Urlaub &amp; Reisen\",\"isPartOf\":{\"@id\":\"https:\/\/www.urlaubcornwall.de\/blog\/#website\"},\"datePublished\":\"2023-04-27T13:05:46+00:00\",\"dateModified\":\"2024-05-31T12:08:16+00:00\",\"breadcrumb\":{\"@id\":\"https:\/\/www.urlaubcornwall.de\/blog\/5-malerische-autofahrten-durch-suedengland\/#breadcrumb\"},\"inLanguage\":\"en-US\",\"potentialAction\":[{\"@type\":\"ReadAction\",\"target\":[\"https:\/\/www.urlaubcornwall.de\/blog\/5-malerische-autofahrten-durch-suedengland\/\"]}]},{\"@type\":\"BreadcrumbList\",\"@id\":\"https:\/\/www.urlaubcornwall.de\/blog\/5-malerische-autofahrten-durch-suedengland\/#breadcrumb\",\"itemListElement\":[{\"@type\":\"ListItem\",\"position\":1,\"name\":\"Home\",\"item\":\"https:\/\/www.urlaubcornwall.de\/blog\/\"},{\"@type\":\"ListItem\",\"position\":2,\"name\":\"5 malerische Autofahrten durch S\u00fcdengland\"}]}]}<\/script>\n<!-- \/ Yoast SEO plugin. -->","yoast_head_json":{"title":"5 malerische Autofahrten durch S\u00fcdengland - Urlaub &amp; Reisen","robots":{"index":"index","follow":"follow","max-snippet":"max-snippet:-1","max-image-preview":"max-image-preview:large","max-video-preview":"max-video-preview:-1"},"canonical":"https:\/\/www.urlaubcornwall.de\/blog\/5-malerische-autofahrten-durch-suedengland\/","og_locale":"en_US","og_type":"article","og_title":"5 malerische Autofahrten durch S\u00fcdengland - Urlaub &amp; Reisen","og_description":"1. Die K\u00fcstenstra\u00dfe von Brighton nach Eastbourne: Entlang der wundersch\u00f6nen K\u00fcste von Sussex f\u00fchrt diese Stra\u00dfe durch charmante K\u00fcstend\u00f6rfer wie Rottingdean und Seaford. Genie\u00dfen Sie die Aussicht auf das Meer und die atemberaubenden Kreideklippen der Seven Sisters. 2. Die Stra\u00dfe von Salisbury nach Bath: Diese malerische Strecke f\u00fchrt Sie durch das Herz von S\u00fcdengland, vorbei [&hellip;]","og_url":"https:\/\/www.urlaubcornwall.de\/blog\/5-malerische-autofahrten-durch-suedengland\/","og_site_name":"Urlaub &amp; Reisen","article_modified_time":"2024-05-31T12:08:16+00:00","og_image":[{"url":"https:\/\/www.urlaubcornwall.de\/blog\/wp-content\/uploads\/2024\/03\/eastbourne-pier.jpg"}],"twitter_card":"summary","twitter_misc":{"Est. reading time":"2 minutes"},"schema":{"@context":"https:\/\/schema.org","@graph":[{"@type":"WebSite","@id":"https:\/\/www.urlaubcornwall.de\/blog\/#website","url":"https:\/\/www.urlaubcornwall.de\/blog\/","name":"Urlaub &amp; Reisen","description":"Urlaub, Reisen, Cornwall und S\u00fcdengland: eine perfekte Kombination","potentialAction":[{"@type":"SearchAction","target":{"@type":"EntryPoint","urlTemplate":"https:\/\/www.urlaubcornwall.de\/blog\/?s={search_term_string}"},"query-input":"required name=search_term_string"}],"inLanguage":"en-US"},{"@type":"WebPage","@id":"https:\/\/www.urlaubcornwall.de\/blog\/5-malerische-autofahrten-durch-suedengland\/","url":"https:\/\/www.urlaubcornwall.de\/blog\/5-malerische-autofahrten-durch-suedengland\/","name":"5 malerische Autofahrten durch S\u00fcdengland - Urlaub &amp; Reisen","isPartOf":{"@id":"https:\/\/www.urlaubcornwall.de\/blog\/#website"},"datePublished":"2023-04-27T13:05:46+00:00","dateModified":"2024-05-31T12:08:16+00:00","breadcrumb":{"@id":"https:\/\/www.urlaubcornwall.de\/blog\/5-malerische-autofahrten-durch-suedengland\/#breadcrumb"},"inLanguage":"en-US","potentialAction":[{"@type":"ReadAction","target":["https:\/\/www.urlaubcornwall.de\/blog\/5-malerische-autofahrten-durch-suedengland\/"]}]},{"@type":"BreadcrumbList","@id":"https:\/\/www.urlaubcornwall.de\/blog\/5-malerische-autofahrten-durch-suedengland\/#breadcrumb","itemListElement":[{"@type":"ListItem","position":1,"name":"Home","item":"https:\/\/www.urlaubcornwall.de\/blog\/"},{"@type":"ListItem","position":2,"name":"5 malerische Autofahrten durch S\u00fcdengland"}]}]}},"_links":{"self":[{"href":"https:\/\/www.urlaubcornwall.de\/blog\/wp-json\/wp\/v2\/pages\/46435"}],"collection":[{"href":"https:\/\/www.urlaubcornwall.de\/blog\/wp-json\/wp\/v2\/pages"}],"about":[{"href":"https:\/\/www.urlaubcornwall.de\/blog\/wp-json\/wp\/v2\/types\/page"}],"author":[{"embeddable":true,"href":"https:\/\/www.urlaubcornwall.de\/blog\/wp-json\/wp\/v2\/users\/1"}],"replies":[{"embeddable":true,"href":"https:\/\/www.urlaubcornwall.de\/blog\/wp-json\/wp\/v2\/comments?post=46435"}],"version-history":[{"count":5,"href":"https:\/\/www.urlaubcornwall.de\/blog\/wp-json\/wp\/v2\/pages\/46435\/revisions"}],"predecessor-version":[{"id":51358,"href":"https:\/\/www.urlaubcornwall.de\/blog\/wp-json\/wp\/v2\/pages\/46435\/revisions\/51358"}],"wp:attachment":[{"href":"https:\/\/www.urlaubcornwall.de\/blog\/wp-json\/wp\/v2\/media?parent=46435"}],"curies":[{"name":"wp","href":"https:\/\/api.w.org\/{rel}","templated":true}]}}