{"id":46409,"date":"2023-04-23T18:20:35","date_gmt":"2023-04-23T18:20:35","guid":{"rendered":"https:\/\/www.urlaubcornwall.de\/blog\/?page_id=46409"},"modified":"2024-04-16T09:48:59","modified_gmt":"2024-04-16T09:48:59","slug":"die-bedeutung-lokaler-pubs-fuer-das-dorfleben-in-england","status":"publish","type":"page","link":"https:\/\/www.urlaubcornwall.de\/blog\/die-bedeutung-lokaler-pubs-fuer-das-dorfleben-in-england\/","title":{"rendered":"Die Bedeutung lokaler Pubs f\u00fcr das Dorfleben in England"},"content":{"rendered":"<p><img loading=\"lazy\" class=\"aligncenter size-full wp-image-49843\" src=\"https:\/\/www.urlaubcornwall.de\/blog\/wp-content\/uploads\/2024\/04\/village-cricket-dorf.jpg\" alt=\"village-cricket-dorf\" width=\"750\" height=\"500\" srcset=\"https:\/\/www.urlaubcornwall.de\/blog\/wp-content\/uploads\/2024\/04\/village-cricket-dorf.jpg 750w, https:\/\/www.urlaubcornwall.de\/blog\/wp-content\/uploads\/2024\/04\/village-cricket-dorf-300x200.jpg 300w\" sizes=\"(max-width: 750px) 100vw, 750px\" \/><\/p>\n<p>Lokale Pubs sind ein wichtiger Bestandteil des Dorflebens in England und haben eine lange Tradition in der englischen Kultur. In vielen D\u00f6rfern sind sie ein Treffpunkt f\u00fcr Einheimische und Besucher und bieten eine Gelegenheit, sich zu entspannen und zu sozialisieren.<\/p>\n<p>Kneipen fungieren oft als das soziale Zentrum eines Dorfes und bieten eine Vielzahl von Dienstleistungen, wie zum Beispiel ein Ort, um lokale Nachrichten auszutauschen, lokale Veranstaltungen zu organisieren und lokale Produkte zu verkaufen. Sie bieten auch einen wichtigen Ort f\u00fcr Gemeindeveranstaltungen, wie beispielsweise Wohlt\u00e4tigkeitsveranstaltungen oder Sportturniere.<\/p>\n<p>In vielen D\u00f6rfern ist der \u00f6rtliche Pub der einzige Ort, an dem man Essen und Trinken kaufen kann, und daher ein wichtiger wirtschaftlicher Faktor f\u00fcr das Dorf. Viele Pubs dienen auch als Unterkunft f\u00fcr Reisende und Touristen, die die Umgebung erkunden m\u00f6chten.<\/p>\n<p>Lokale Kneipen f\u00f6rdern auch das Zusammengeh\u00f6rigkeitsgef\u00fchl in einer Gemeinde, indem sie den Einheimischen eine M\u00f6glichkeit geben, sich zu treffen und zu interagieren. Viele lokale Pubs haben eine lange Geschichte und sind ein wichtiger Teil des kulturellen Erbes des Dorfes.<\/p>\n<p>Insgesamt spielen lokale Kneipen eine wichtige Rolle im Dorfleben in England und sind ein wichtiger Bestandteil der englischen Kultur. Sie tragen zur wirtschaftlichen Entwicklung des Dorfes bei, f\u00f6rdern das Zusammengeh\u00f6rigkeitsgef\u00fchl und dienen als Ort des sozialen Austauschs und der Entspannung.<\/p>\n<h1>Unser Rundreisenservice in S\u00fcdengland<\/h1>\n<p>Weshalb \u00fcber uns buchen?<\/p>\n<p>Firmensitz in Cornwall und ein Team Deutsch sprechender Reisespezialisten.<\/p>\n<p>Wir haben eine Leidenschaft f\u00fcrs Reisen und gestalten den perfekten Urlaub.<\/p>\n<p>Ortskenntnisse und Insidertipps f\u00fcr unsere Kunden.<\/p>\n<p>Sonderangebote und Preisnachl\u00e4sse<\/p>\n<p>S\u00e4mtliche unserer Rundreisen sind durch einen voll versicherten deutschen Reiseveranstalter gesichert.<\/p>\n<p style=\"text-align: center;\"><a class=\"tidycta\" href=\"https:\/\/www.urlaubcornwall.de\/rundreisen\/cornwall-suedengland.php\"> Mehr Info<\/a><\/p>\n<div class=\"snippet\"> <a class=\"featured-item\" href=\"https:\/\/www.urlaubcornwall.de\/ferienhaeuser\/suedengland.php\"> <span class=\"image-holder\" style=\"background-image: url('https:\/\/www.urlaubcornwall.de\/blog\/wp-content\/uploads\/2018\/12\/ferienhaus-cornwall-mit-hund.jpg');\"><\/span> <span class=\"featured-content\"> \n<h2 class=\"featured-title\">Ferienh\u00e4user in S\u00fcdengland<\/h2>\n<p class=\"featured-body\">Bei uns finden Sie Ferienh\u00e4user zum Verlieben &#8211; so einfach ist das! Dank seiner langen Geschichte, der reizvollen Landschaften und seinen vielen Attraktionen ist S\u00fcdengland ein wahres Mekka f\u00fcr Urlauber&#8230;..<\/p><\/span> <span class=\"featured-link-holder\"> <span class=\"featured-extra-info\"> \n<p>Pers\u00f6nlich inspizierter Ferienh\u00e4user<\/p>\n<\/span> \n<p class=\"featured-link\">DETAILS<\/p>\n<\/span> <\/a><\/div>\n","protected":false},"excerpt":{"rendered":"<p>Lokale Pubs sind ein wichtiger Bestandteil des Dorflebens in England und haben eine lange Tradition in der englischen Kultur. In vielen D\u00f6rfern sind sie ein Treffpunkt f\u00fcr Einheimische und Besucher und bieten eine Gelegenheit, sich zu entspannen und zu sozialisieren. Kneipen fungieren oft als das soziale Zentrum eines Dorfes und bieten eine Vielzahl von Dienstleistungen, [&hellip;]<\/p>\n","protected":false},"author":1,"featured_media":0,"parent":0,"menu_order":0,"comment_status":"closed","ping_status":"closed","template":"single-four.php","meta":[],"acf":[],"yoast_head":"<!-- This site is optimized with the Yoast SEO plugin v19.4 - https:\/\/yoast.com\/wordpress\/plugins\/seo\/ -->\n<title>Die Bedeutung lokaler Pubs f\u00fcr das Dorfleben in England - Urlaub &amp; Reisen<\/title>\n<meta name=\"robots\" content=\"index, follow, max-snippet:-1, max-image-preview:large, max-video-preview:-1\" \/>\n<link rel=\"canonical\" href=\"https:\/\/www.urlaubcornwall.de\/blog\/die-bedeutung-lokaler-pubs-fuer-das-dorfleben-in-england\/\" \/>\n<meta property=\"og:locale\" content=\"en_US\" \/>\n<meta property=\"og:type\" content=\"article\" \/>\n<meta property=\"og:title\" content=\"Die Bedeutung lokaler Pubs f\u00fcr das Dorfleben in England - Urlaub &amp; Reisen\" \/>\n<meta property=\"og:description\" content=\"Lokale Pubs sind ein wichtiger Bestandteil des Dorflebens in England und haben eine lange Tradition in der englischen Kultur. In vielen D\u00f6rfern sind sie ein Treffpunkt f\u00fcr Einheimische und Besucher und bieten eine Gelegenheit, sich zu entspannen und zu sozialisieren. Kneipen fungieren oft als das soziale Zentrum eines Dorfes und bieten eine Vielzahl von Dienstleistungen, [&hellip;]\" \/>\n<meta property=\"og:url\" content=\"https:\/\/www.urlaubcornwall.de\/blog\/die-bedeutung-lokaler-pubs-fuer-das-dorfleben-in-england\/\" \/>\n<meta property=\"og:site_name\" content=\"Urlaub &amp; Reisen\" \/>\n<meta property=\"article:modified_time\" content=\"2024-04-16T09:48:59+00:00\" \/>\n<meta property=\"og:image\" content=\"https:\/\/www.urlaubcornwall.de\/blog\/wp-content\/uploads\/2024\/04\/village-cricket-dorf.jpg\" \/>\n<meta name=\"twitter:card\" content=\"summary\" \/>\n<meta name=\"twitter:label1\" content=\"Est. reading time\" \/>\n\t<meta name=\"twitter:data1\" content=\"2 minutes\" \/>\n<script type=\"application\/ld+json\" class=\"yoast-schema-graph\">{\"@context\":\"https:\/\/schema.org\",\"@graph\":[{\"@type\":\"WebSite\",\"@id\":\"https:\/\/www.urlaubcornwall.de\/blog\/#website\",\"url\":\"https:\/\/www.urlaubcornwall.de\/blog\/\",\"name\":\"Urlaub &amp; Reisen\",\"description\":\"Urlaub, Reisen, Cornwall und S\u00fcdengland: eine perfekte Kombination\",\"potentialAction\":[{\"@type\":\"SearchAction\",\"target\":{\"@type\":\"EntryPoint\",\"urlTemplate\":\"https:\/\/www.urlaubcornwall.de\/blog\/?s={search_term_string}\"},\"query-input\":\"required name=search_term_string\"}],\"inLanguage\":\"en-US\"},{\"@type\":\"WebPage\",\"@id\":\"https:\/\/www.urlaubcornwall.de\/blog\/die-bedeutung-lokaler-pubs-fuer-das-dorfleben-in-england\/\",\"url\":\"https:\/\/www.urlaubcornwall.de\/blog\/die-bedeutung-lokaler-pubs-fuer-das-dorfleben-in-england\/\",\"name\":\"Die Bedeutung lokaler Pubs f\u00fcr das Dorfleben in England - Urlaub &amp; Reisen\",\"isPartOf\":{\"@id\":\"https:\/\/www.urlaubcornwall.de\/blog\/#website\"},\"datePublished\":\"2023-04-23T18:20:35+00:00\",\"dateModified\":\"2024-04-16T09:48:59+00:00\",\"breadcrumb\":{\"@id\":\"https:\/\/www.urlaubcornwall.de\/blog\/die-bedeutung-lokaler-pubs-fuer-das-dorfleben-in-england\/#breadcrumb\"},\"inLanguage\":\"en-US\",\"potentialAction\":[{\"@type\":\"ReadAction\",\"target\":[\"https:\/\/www.urlaubcornwall.de\/blog\/die-bedeutung-lokaler-pubs-fuer-das-dorfleben-in-england\/\"]}]},{\"@type\":\"BreadcrumbList\",\"@id\":\"https:\/\/www.urlaubcornwall.de\/blog\/die-bedeutung-lokaler-pubs-fuer-das-dorfleben-in-england\/#breadcrumb\",\"itemListElement\":[{\"@type\":\"ListItem\",\"position\":1,\"name\":\"Home\",\"item\":\"https:\/\/www.urlaubcornwall.de\/blog\/\"},{\"@type\":\"ListItem\",\"position\":2,\"name\":\"Die Bedeutung lokaler Pubs f\u00fcr das Dorfleben in England\"}]}]}<\/script>\n<!-- \/ Yoast SEO plugin. -->","yoast_head_json":{"title":"Die Bedeutung lokaler Pubs f\u00fcr das Dorfleben in England - Urlaub &amp; Reisen","robots":{"index":"index","follow":"follow","max-snippet":"max-snippet:-1","max-image-preview":"max-image-preview:large","max-video-preview":"max-video-preview:-1"},"canonical":"https:\/\/www.urlaubcornwall.de\/blog\/die-bedeutung-lokaler-pubs-fuer-das-dorfleben-in-england\/","og_locale":"en_US","og_type":"article","og_title":"Die Bedeutung lokaler Pubs f\u00fcr das Dorfleben in England - Urlaub &amp; Reisen","og_description":"Lokale Pubs sind ein wichtiger Bestandteil des Dorflebens in England und haben eine lange Tradition in der englischen Kultur. In vielen D\u00f6rfern sind sie ein Treffpunkt f\u00fcr Einheimische und Besucher und bieten eine Gelegenheit, sich zu entspannen und zu sozialisieren. Kneipen fungieren oft als das soziale Zentrum eines Dorfes und bieten eine Vielzahl von Dienstleistungen, [&hellip;]","og_url":"https:\/\/www.urlaubcornwall.de\/blog\/die-bedeutung-lokaler-pubs-fuer-das-dorfleben-in-england\/","og_site_name":"Urlaub &amp; Reisen","article_modified_time":"2024-04-16T09:48:59+00:00","og_image":[{"url":"https:\/\/www.urlaubcornwall.de\/blog\/wp-content\/uploads\/2024\/04\/village-cricket-dorf.jpg"}],"twitter_card":"summary","twitter_misc":{"Est. reading time":"2 minutes"},"schema":{"@context":"https:\/\/schema.org","@graph":[{"@type":"WebSite","@id":"https:\/\/www.urlaubcornwall.de\/blog\/#website","url":"https:\/\/www.urlaubcornwall.de\/blog\/","name":"Urlaub &amp; Reisen","description":"Urlaub, Reisen, Cornwall und S\u00fcdengland: eine perfekte Kombination","potentialAction":[{"@type":"SearchAction","target":{"@type":"EntryPoint","urlTemplate":"https:\/\/www.urlaubcornwall.de\/blog\/?s={search_term_string}"},"query-input":"required name=search_term_string"}],"inLanguage":"en-US"},{"@type":"WebPage","@id":"https:\/\/www.urlaubcornwall.de\/blog\/die-bedeutung-lokaler-pubs-fuer-das-dorfleben-in-england\/","url":"https:\/\/www.urlaubcornwall.de\/blog\/die-bedeutung-lokaler-pubs-fuer-das-dorfleben-in-england\/","name":"Die Bedeutung lokaler Pubs f\u00fcr das Dorfleben in England - Urlaub &amp; Reisen","isPartOf":{"@id":"https:\/\/www.urlaubcornwall.de\/blog\/#website"},"datePublished":"2023-04-23T18:20:35+00:00","dateModified":"2024-04-16T09:48:59+00:00","breadcrumb":{"@id":"https:\/\/www.urlaubcornwall.de\/blog\/die-bedeutung-lokaler-pubs-fuer-das-dorfleben-in-england\/#breadcrumb"},"inLanguage":"en-US","potentialAction":[{"@type":"ReadAction","target":["https:\/\/www.urlaubcornwall.de\/blog\/die-bedeutung-lokaler-pubs-fuer-das-dorfleben-in-england\/"]}]},{"@type":"BreadcrumbList","@id":"https:\/\/www.urlaubcornwall.de\/blog\/die-bedeutung-lokaler-pubs-fuer-das-dorfleben-in-england\/#breadcrumb","itemListElement":[{"@type":"ListItem","position":1,"name":"Home","item":"https:\/\/www.urlaubcornwall.de\/blog\/"},{"@type":"ListItem","position":2,"name":"Die Bedeutung lokaler Pubs f\u00fcr das Dorfleben in England"}]}]}},"_links":{"self":[{"href":"https:\/\/www.urlaubcornwall.de\/blog\/wp-json\/wp\/v2\/pages\/46409"}],"collection":[{"href":"https:\/\/www.urlaubcornwall.de\/blog\/wp-json\/wp\/v2\/pages"}],"about":[{"href":"https:\/\/www.urlaubcornwall.de\/blog\/wp-json\/wp\/v2\/types\/page"}],"author":[{"embeddable":true,"href":"https:\/\/www.urlaubcornwall.de\/blog\/wp-json\/wp\/v2\/users\/1"}],"replies":[{"embeddable":true,"href":"https:\/\/www.urlaubcornwall.de\/blog\/wp-json\/wp\/v2\/comments?post=46409"}],"version-history":[{"count":9,"href":"https:\/\/www.urlaubcornwall.de\/blog\/wp-json\/wp\/v2\/pages\/46409\/revisions"}],"predecessor-version":[{"id":49845,"href":"https:\/\/www.urlaubcornwall.de\/blog\/wp-json\/wp\/v2\/pages\/46409\/revisions\/49845"}],"wp:attachment":[{"href":"https:\/\/www.urlaubcornwall.de\/blog\/wp-json\/wp\/v2\/media?parent=46409"}],"curies":[{"name":"wp","href":"https:\/\/api.w.org\/{rel}","templated":true}]}}