{"id":46407,"date":"2023-04-27T08:23:14","date_gmt":"2023-04-27T08:23:14","guid":{"rendered":"https:\/\/www.urlaubcornwall.de\/blog\/?page_id=46407"},"modified":"2024-04-16T09:48:34","modified_gmt":"2024-04-16T09:48:34","slug":"malerische-doerfer-mit-lokale-kneipen-in-der-naehe-london","status":"publish","type":"page","link":"https:\/\/www.urlaubcornwall.de\/blog\/malerische-doerfer-mit-lokale-kneipen-in-der-naehe-london\/","title":{"rendered":"Malerische D\u00f6rfer mit lokale Kneipen in der N\u00e4he London"},"content":{"rendered":"<p><img loading=\"lazy\" class=\"aligncenter size-full wp-image-49843\" src=\"https:\/\/www.urlaubcornwall.de\/blog\/wp-content\/uploads\/2024\/04\/village-cricket-dorf.jpg\" alt=\"village-cricket-dorf\" width=\"750\" height=\"500\" srcset=\"https:\/\/www.urlaubcornwall.de\/blog\/wp-content\/uploads\/2024\/04\/village-cricket-dorf.jpg 750w, https:\/\/www.urlaubcornwall.de\/blog\/wp-content\/uploads\/2024\/04\/village-cricket-dorf-300x200.jpg 300w\" sizes=\"(max-width: 750px) 100vw, 750px\" \/><\/p>\n<p>Hier sind einige weniger bekannte und malerische D\u00f6rfer in der N\u00e4he von London, die einen Besuch wert sind:<\/p>\n<p>Chalfont St. Giles &#8211; Ein charmantes Dorf in Buckinghamshire mit einem historischen Pub namens The Merlin&#8217;s Cave und einer sch\u00f6nen Dorfkirche.<\/p>\n<p>Cookham &#8211; Ein h\u00fcbsches Dorf in Berkshire am Fluss Thames gelegen, das f\u00fcr seine malerischen Gassen und malerischen H\u00e4user bekannt ist. Hier befindet sich das ber\u00fchmte Pub The Old Swan Uppers.<\/p>\n<p>Sarratt &#8211; Ein Dorf in Hertfordshire, das von H\u00fcgeln und Feldern umgeben ist. Es hat <a href=\"https:\/\/www.urlaubcornwall.de\/blog\/die-bedeutung-lokaler-pubs-fuer-das-dorfleben-in-england\/\">eine lokale Kneipe<\/a> namens The Boot, die f\u00fcr ihre exzellenten Speisen und Getr\u00e4nke bekannt ist.<\/p>\n<p>Kemsing &#8211; Ein Dorf in Kent mit einer reichen Geschichte und einem Dorfplatz voller Charme. Hier gibt es eine lokale Kneipe namens The Bell, die seit mehr als 400 Jahren in Betrieb ist.<\/p>\n<p>Henley-on-Thames &#8211; Ein bekannter Flussort in Oxfordshire, aber die umliegenden D\u00f6rfer wie Shiplake und Remenham bieten malerische Unterk\u00fcnfte und traditionelle Pubs, die einen Besuch wert sind.<\/p>\n<p>Bray &#8211; Ein Dorf in Berkshire mit zwei Michelin-Stern-Restaurants, The Fat Duck und The Waterside Inn. Es ist auch Heimat von The Hinds Head, einem traditionellen Pub mit einer modernen Note.<\/p>\n<p>Alle diese D\u00f6rfer sind leicht von London aus erreichbar und bieten eine Flucht aus der Stadt in idyllische Landschaften.<\/p>\n<h1>Unser Rundreisenservice in S\u00fcdengland<\/h1>\n<p>Weshalb \u00fcber uns buchen?<\/p>\n<p>Firmensitz in Cornwall und ein Team Deutsch sprechender Reisespezialisten.<\/p>\n<p>Wir haben eine Leidenschaft f\u00fcrs Reisen und gestalten den perfekten Urlaub.<\/p>\n<p>Ortskenntnisse und Insidertipps f\u00fcr unsere Kunden.<\/p>\n<p>Sonderangebote und Preisnachl\u00e4sse<\/p>\n<p>S\u00e4mtliche unserer Rundreisen sind durch einen voll versicherten deutschen Reiseveranstalter gesichert.<\/p>\n<p style=\"text-align: center;\"><a class=\"tidycta\" href=\"https:\/\/www.urlaubcornwall.de\/rundreisen\/cornwall-suedengland.php\"> Mehr Info<\/a><\/p>\n<div class=\"snippet\"> <a class=\"featured-item\" href=\"https:\/\/www.urlaubcornwall.de\/ferienhaeuser\/suedengland.php\"> <span class=\"image-holder\" style=\"background-image: url('https:\/\/www.urlaubcornwall.de\/blog\/wp-content\/uploads\/2018\/12\/ferienhaus-cornwall-mit-hund.jpg');\"><\/span> <span class=\"featured-content\"> \n<h2 class=\"featured-title\">Ferienh\u00e4user in S\u00fcdengland<\/h2>\n<p class=\"featured-body\">Bei uns finden Sie Ferienh\u00e4user zum Verlieben &#8211; so einfach ist das! Dank seiner langen Geschichte, der reizvollen Landschaften und seinen vielen Attraktionen ist S\u00fcdengland ein wahres Mekka f\u00fcr Urlauber&#8230;..<\/p><\/span> <span class=\"featured-link-holder\"> <span class=\"featured-extra-info\"> \n<p>Pers\u00f6nlich inspizierter Ferienh\u00e4user<\/p>\n<\/span> \n<p class=\"featured-link\">DETAILS<\/p>\n<\/span> <\/a><\/div>\n","protected":false},"excerpt":{"rendered":"<p>Hier sind einige weniger bekannte und malerische D\u00f6rfer in der N\u00e4he von London, die einen Besuch wert sind: Chalfont St. Giles &#8211; Ein charmantes Dorf in Buckinghamshire mit einem historischen Pub namens The Merlin&#8217;s Cave und einer sch\u00f6nen Dorfkirche. Cookham &#8211; Ein h\u00fcbsches Dorf in Berkshire am Fluss Thames gelegen, das f\u00fcr seine malerischen Gassen [&hellip;]<\/p>\n","protected":false},"author":1,"featured_media":0,"parent":0,"menu_order":0,"comment_status":"closed","ping_status":"closed","template":"single-four.php","meta":[],"acf":[],"yoast_head":"<!-- This site is optimized with the Yoast SEO plugin v19.4 - https:\/\/yoast.com\/wordpress\/plugins\/seo\/ -->\n<title>Malerische D\u00f6rfer mit lokale Kneipen in der N\u00e4he London - Urlaub &amp; Reisen<\/title>\n<meta name=\"robots\" content=\"index, follow, max-snippet:-1, max-image-preview:large, max-video-preview:-1\" \/>\n<link rel=\"canonical\" href=\"https:\/\/www.urlaubcornwall.de\/blog\/malerische-doerfer-mit-lokale-kneipen-in-der-naehe-london\/\" \/>\n<meta property=\"og:locale\" content=\"en_US\" \/>\n<meta property=\"og:type\" content=\"article\" \/>\n<meta property=\"og:title\" content=\"Malerische D\u00f6rfer mit lokale Kneipen in der N\u00e4he London - Urlaub &amp; Reisen\" \/>\n<meta property=\"og:description\" content=\"Hier sind einige weniger bekannte und malerische D\u00f6rfer in der N\u00e4he von London, die einen Besuch wert sind: Chalfont St. Giles &#8211; Ein charmantes Dorf in Buckinghamshire mit einem historischen Pub namens The Merlin&#8217;s Cave und einer sch\u00f6nen Dorfkirche. Cookham &#8211; Ein h\u00fcbsches Dorf in Berkshire am Fluss Thames gelegen, das f\u00fcr seine malerischen Gassen [&hellip;]\" \/>\n<meta property=\"og:url\" content=\"https:\/\/www.urlaubcornwall.de\/blog\/malerische-doerfer-mit-lokale-kneipen-in-der-naehe-london\/\" \/>\n<meta property=\"og:site_name\" content=\"Urlaub &amp; Reisen\" \/>\n<meta property=\"article:modified_time\" content=\"2024-04-16T09:48:34+00:00\" \/>\n<meta property=\"og:image\" content=\"https:\/\/www.urlaubcornwall.de\/blog\/wp-content\/uploads\/2024\/04\/village-cricket-dorf.jpg\" \/>\n<meta name=\"twitter:card\" content=\"summary\" \/>\n<meta name=\"twitter:label1\" content=\"Est. reading time\" \/>\n\t<meta name=\"twitter:data1\" content=\"2 minutes\" \/>\n<script type=\"application\/ld+json\" class=\"yoast-schema-graph\">{\"@context\":\"https:\/\/schema.org\",\"@graph\":[{\"@type\":\"WebSite\",\"@id\":\"https:\/\/www.urlaubcornwall.de\/blog\/#website\",\"url\":\"https:\/\/www.urlaubcornwall.de\/blog\/\",\"name\":\"Urlaub &amp; Reisen\",\"description\":\"Urlaub, Reisen, Cornwall und S\u00fcdengland: eine perfekte Kombination\",\"potentialAction\":[{\"@type\":\"SearchAction\",\"target\":{\"@type\":\"EntryPoint\",\"urlTemplate\":\"https:\/\/www.urlaubcornwall.de\/blog\/?s={search_term_string}\"},\"query-input\":\"required name=search_term_string\"}],\"inLanguage\":\"en-US\"},{\"@type\":\"WebPage\",\"@id\":\"https:\/\/www.urlaubcornwall.de\/blog\/malerische-doerfer-mit-lokale-kneipen-in-der-naehe-london\/\",\"url\":\"https:\/\/www.urlaubcornwall.de\/blog\/malerische-doerfer-mit-lokale-kneipen-in-der-naehe-london\/\",\"name\":\"Malerische D\u00f6rfer mit lokale Kneipen in der N\u00e4he London - Urlaub &amp; Reisen\",\"isPartOf\":{\"@id\":\"https:\/\/www.urlaubcornwall.de\/blog\/#website\"},\"datePublished\":\"2023-04-27T08:23:14+00:00\",\"dateModified\":\"2024-04-16T09:48:34+00:00\",\"breadcrumb\":{\"@id\":\"https:\/\/www.urlaubcornwall.de\/blog\/malerische-doerfer-mit-lokale-kneipen-in-der-naehe-london\/#breadcrumb\"},\"inLanguage\":\"en-US\",\"potentialAction\":[{\"@type\":\"ReadAction\",\"target\":[\"https:\/\/www.urlaubcornwall.de\/blog\/malerische-doerfer-mit-lokale-kneipen-in-der-naehe-london\/\"]}]},{\"@type\":\"BreadcrumbList\",\"@id\":\"https:\/\/www.urlaubcornwall.de\/blog\/malerische-doerfer-mit-lokale-kneipen-in-der-naehe-london\/#breadcrumb\",\"itemListElement\":[{\"@type\":\"ListItem\",\"position\":1,\"name\":\"Home\",\"item\":\"https:\/\/www.urlaubcornwall.de\/blog\/\"},{\"@type\":\"ListItem\",\"position\":2,\"name\":\"Malerische D\u00f6rfer mit lokale Kneipen in der N\u00e4he London\"}]}]}<\/script>\n<!-- \/ Yoast SEO plugin. -->","yoast_head_json":{"title":"Malerische D\u00f6rfer mit lokale Kneipen in der N\u00e4he London - Urlaub &amp; Reisen","robots":{"index":"index","follow":"follow","max-snippet":"max-snippet:-1","max-image-preview":"max-image-preview:large","max-video-preview":"max-video-preview:-1"},"canonical":"https:\/\/www.urlaubcornwall.de\/blog\/malerische-doerfer-mit-lokale-kneipen-in-der-naehe-london\/","og_locale":"en_US","og_type":"article","og_title":"Malerische D\u00f6rfer mit lokale Kneipen in der N\u00e4he London - Urlaub &amp; Reisen","og_description":"Hier sind einige weniger bekannte und malerische D\u00f6rfer in der N\u00e4he von London, die einen Besuch wert sind: Chalfont St. Giles &#8211; Ein charmantes Dorf in Buckinghamshire mit einem historischen Pub namens The Merlin&#8217;s Cave und einer sch\u00f6nen Dorfkirche. Cookham &#8211; Ein h\u00fcbsches Dorf in Berkshire am Fluss Thames gelegen, das f\u00fcr seine malerischen Gassen [&hellip;]","og_url":"https:\/\/www.urlaubcornwall.de\/blog\/malerische-doerfer-mit-lokale-kneipen-in-der-naehe-london\/","og_site_name":"Urlaub &amp; Reisen","article_modified_time":"2024-04-16T09:48:34+00:00","og_image":[{"url":"https:\/\/www.urlaubcornwall.de\/blog\/wp-content\/uploads\/2024\/04\/village-cricket-dorf.jpg"}],"twitter_card":"summary","twitter_misc":{"Est. reading time":"2 minutes"},"schema":{"@context":"https:\/\/schema.org","@graph":[{"@type":"WebSite","@id":"https:\/\/www.urlaubcornwall.de\/blog\/#website","url":"https:\/\/www.urlaubcornwall.de\/blog\/","name":"Urlaub &amp; Reisen","description":"Urlaub, Reisen, Cornwall und S\u00fcdengland: eine perfekte Kombination","potentialAction":[{"@type":"SearchAction","target":{"@type":"EntryPoint","urlTemplate":"https:\/\/www.urlaubcornwall.de\/blog\/?s={search_term_string}"},"query-input":"required name=search_term_string"}],"inLanguage":"en-US"},{"@type":"WebPage","@id":"https:\/\/www.urlaubcornwall.de\/blog\/malerische-doerfer-mit-lokale-kneipen-in-der-naehe-london\/","url":"https:\/\/www.urlaubcornwall.de\/blog\/malerische-doerfer-mit-lokale-kneipen-in-der-naehe-london\/","name":"Malerische D\u00f6rfer mit lokale Kneipen in der N\u00e4he London - Urlaub &amp; Reisen","isPartOf":{"@id":"https:\/\/www.urlaubcornwall.de\/blog\/#website"},"datePublished":"2023-04-27T08:23:14+00:00","dateModified":"2024-04-16T09:48:34+00:00","breadcrumb":{"@id":"https:\/\/www.urlaubcornwall.de\/blog\/malerische-doerfer-mit-lokale-kneipen-in-der-naehe-london\/#breadcrumb"},"inLanguage":"en-US","potentialAction":[{"@type":"ReadAction","target":["https:\/\/www.urlaubcornwall.de\/blog\/malerische-doerfer-mit-lokale-kneipen-in-der-naehe-london\/"]}]},{"@type":"BreadcrumbList","@id":"https:\/\/www.urlaubcornwall.de\/blog\/malerische-doerfer-mit-lokale-kneipen-in-der-naehe-london\/#breadcrumb","itemListElement":[{"@type":"ListItem","position":1,"name":"Home","item":"https:\/\/www.urlaubcornwall.de\/blog\/"},{"@type":"ListItem","position":2,"name":"Malerische D\u00f6rfer mit lokale Kneipen in der N\u00e4he London"}]}]}},"_links":{"self":[{"href":"https:\/\/www.urlaubcornwall.de\/blog\/wp-json\/wp\/v2\/pages\/46407"}],"collection":[{"href":"https:\/\/www.urlaubcornwall.de\/blog\/wp-json\/wp\/v2\/pages"}],"about":[{"href":"https:\/\/www.urlaubcornwall.de\/blog\/wp-json\/wp\/v2\/types\/page"}],"author":[{"embeddable":true,"href":"https:\/\/www.urlaubcornwall.de\/blog\/wp-json\/wp\/v2\/users\/1"}],"replies":[{"embeddable":true,"href":"https:\/\/www.urlaubcornwall.de\/blog\/wp-json\/wp\/v2\/comments?post=46407"}],"version-history":[{"count":6,"href":"https:\/\/www.urlaubcornwall.de\/blog\/wp-json\/wp\/v2\/pages\/46407\/revisions"}],"predecessor-version":[{"id":49844,"href":"https:\/\/www.urlaubcornwall.de\/blog\/wp-json\/wp\/v2\/pages\/46407\/revisions\/49844"}],"wp:attachment":[{"href":"https:\/\/www.urlaubcornwall.de\/blog\/wp-json\/wp\/v2\/media?parent=46407"}],"curies":[{"name":"wp","href":"https:\/\/api.w.org\/{rel}","templated":true}]}}