{"id":46402,"date":"2023-04-27T09:11:10","date_gmt":"2023-04-27T09:11:10","guid":{"rendered":"https:\/\/www.urlaubcornwall.de\/blog\/?page_id=46402"},"modified":"2024-05-31T12:01:04","modified_gmt":"2024-05-31T12:01:04","slug":"malerische-doerfer-in-hampshire-mit-lokale-kneipen","status":"publish","type":"page","link":"https:\/\/www.urlaubcornwall.de\/blog\/malerische-doerfer-in-hampshire-mit-lokale-kneipen\/","title":{"rendered":"Malerische D\u00f6rfer in Hampshire mit lokale Kneipen"},"content":{"rendered":"<p><a href=\"https:\/\/www.urlaubcornwall.de\/blog\/wp-content\/uploads\/2019\/01\/gartenreise-kent-sussex-hampshire.jpg\"><img loading=\"lazy\" src=\"https:\/\/www.urlaubcornwall.de\/blog\/wp-content\/uploads\/2019\/01\/gartenreise-kent-sussex-hampshire.jpg\" alt=\"gartenreise\" width=\"395\" height=\"296\" class=\"alignnone size-full wp-image-34947\" srcset=\"https:\/\/www.urlaubcornwall.de\/blog\/wp-content\/uploads\/2019\/01\/gartenreise-kent-sussex-hampshire.jpg 395w, https:\/\/www.urlaubcornwall.de\/blog\/wp-content\/uploads\/2019\/01\/gartenreise-kent-sussex-hampshire-300x225.jpg 300w\" sizes=\"(max-width: 395px) 100vw, 395px\" \/><\/a><\/p>\n<p>Hier sind einige weniger bekannte, <a href=\"https:\/\/www.urlaubcornwall.de\/ferienhaeuser-fewos\/eng\/hampshire\/hampshire.html\">malerische D\u00f6rfer in Hampshire<\/a>, die einen Besuch wert sind:<\/p>\n<p>Chawton: Ein kleines Dorf in der N\u00e4he von Alton, das bekannt ist f\u00fcr das Jane Austen&#8217;s House Museum. Hier lebte die Schriftstellerin von 1809 bis 1817 und schrieb einige ihrer bekanntesten Werke.<\/p>\n<p>Selborne: Ein ruhiges und charmantes Dorf am Rande des South Downs National Park. Hier kann man das Haus von Gilbert White besuchen, einem Naturforscher des 18. Jahrhunderts, der in seinem Buch &#8220;The Natural History of Selborne&#8221; die Tier- und Pflanzenwelt der Umgebung beschrieben hat.<\/p>\n<p>Beaulieu: Ein malerisches Dorf am Ufer des Flusses Beaulieu, das bekannt ist f\u00fcr das Beaulieu National Motor Museum und den Palace House &amp; Gardens. Das Dorf hat auch eine alte Abtei und eine Kneipe namens &#8220;The Montagu Arms&#8221;.<\/p>\n<p>Burley: Ein malerisches Dorf im New Forest National Park, das von W\u00e4ldern und Heidefl\u00e4chen umgeben ist. Hier kann man Pferde und Esel frei auf den Stra\u00dfen herumlaufen sehen und es gibt einige gem\u00fctliche Pubs, wie z.B. das &#8220;Queen&#8217;s Head&#8221;.<\/p>\n<p>Steep: Ein h\u00fcbsches Dorf am Fu\u00dfe der South Downs mit Blick auf die umliegende Landschaft. Hier kann man den Hanger Farm Art Centre besuchen, das Ausstellungen und Workshops zu verschiedenen Kunstformen anbietet. Es gibt auch die <a href=\"https:\/\/www.urlaubcornwall.de\/blog\/die-bedeutung-lokaler-pubs-fuer-das-dorfleben-in-england\/\">Kneipe<\/a> &#8220;The Harrow Inn&#8221;, die f\u00fcr ihre Steakgerichte bekannt ist.<\/p>\n<p>Ich hoffe, das hilft bei der Planung Ihres n\u00e4chsten Urlaubs in Hampshire!<\/p>\n<h1>Unser Rundreisenservice in S\u00fcdengland<\/h1>\n<p>Weshalb \u00fcber uns buchen?<\/p>\n<p>Firmensitz in Cornwall und ein Team Deutsch sprechender Reisespezialisten.<\/p>\n<p>Wir haben eine Leidenschaft f\u00fcrs Reisen und gestalten den perfekten Urlaub.<\/p>\n<p>Ortskenntnisse und Insidertipps f\u00fcr unsere Kunden.<\/p>\n<p>Sonderangebote und Preisnachl\u00e4sse<\/p>\n<p>S\u00e4mtliche unserer Rundreisen sind durch einen voll versicherten deutschen Reiseveranstalter gesichert.<\/p>\n<p style=\"text-align: center;\"><a class=\"tidycta\" href=\"https:\/\/www.urlaubcornwall.de\/rundreisen\/cornwall-suedengland.php\"> Mehr Info<\/a><\/p>\n<div class=\"snippet\"> <a class=\"featured-item\" href=\"https:\/\/www.urlaubcornwall.de\/ferienhaeuser\/suedengland.php\"> <span class=\"image-holder\" style=\"background-image: url('https:\/\/www.urlaubcornwall.de\/blog\/wp-content\/uploads\/2018\/12\/ferienhaus-cornwall-mit-hund.jpg');\"><\/span> <span class=\"featured-content\"> \n<h2 class=\"featured-title\">Ferienh\u00e4user in S\u00fcdengland<\/h2>\n<p class=\"featured-body\">Bei uns finden Sie Ferienh\u00e4user zum Verlieben &#8211; so einfach ist das! Dank seiner langen Geschichte, der reizvollen Landschaften und seinen vielen Attraktionen ist S\u00fcdengland ein wahres Mekka f\u00fcr Urlauber&#8230;..<\/p><\/span> <span class=\"featured-link-holder\"> <span class=\"featured-extra-info\"> \n<p>Pers\u00f6nlich inspizierter Ferienh\u00e4user<\/p>\n<\/span> \n<p class=\"featured-link\">DETAILS<\/p>\n<\/span> <\/a><\/div>\n","protected":false},"excerpt":{"rendered":"<p>Hier sind einige weniger bekannte, malerische D\u00f6rfer in Hampshire, die einen Besuch wert sind: Chawton: Ein kleines Dorf in der N\u00e4he von Alton, das bekannt ist f\u00fcr das Jane Austen&#8217;s House Museum. Hier lebte die Schriftstellerin von 1809 bis 1817 und schrieb einige ihrer bekanntesten Werke. Selborne: Ein ruhiges und charmantes Dorf am Rande des [&hellip;]<\/p>\n","protected":false},"author":1,"featured_media":0,"parent":0,"menu_order":0,"comment_status":"closed","ping_status":"closed","template":"single-four.php","meta":[],"acf":[],"yoast_head":"<!-- This site is optimized with the Yoast SEO plugin v19.4 - https:\/\/yoast.com\/wordpress\/plugins\/seo\/ -->\n<title>Malerische D\u00f6rfer in Hampshire mit lokale Kneipen - Urlaub &amp; Reisen<\/title>\n<meta name=\"description\" content=\"Hier sind einige weniger bekannte, malerische D\u00f6rfer in Hampshire, die einen Besuch wert sind: Chawton: Ein kleines Dorf in der N\u00e4he von Alton\" \/>\n<meta name=\"robots\" content=\"index, follow, max-snippet:-1, max-image-preview:large, max-video-preview:-1\" \/>\n<link rel=\"canonical\" href=\"https:\/\/www.urlaubcornwall.de\/blog\/malerische-doerfer-in-hampshire-mit-lokale-kneipen\/\" \/>\n<meta property=\"og:locale\" content=\"en_US\" \/>\n<meta property=\"og:type\" content=\"article\" \/>\n<meta property=\"og:title\" content=\"Malerische D\u00f6rfer in Hampshire mit lokale Kneipen - Urlaub &amp; Reisen\" \/>\n<meta property=\"og:description\" content=\"Hier sind einige weniger bekannte, malerische D\u00f6rfer in Hampshire, die einen Besuch wert sind: Chawton: Ein kleines Dorf in der N\u00e4he von Alton\" \/>\n<meta property=\"og:url\" content=\"https:\/\/www.urlaubcornwall.de\/blog\/malerische-doerfer-in-hampshire-mit-lokale-kneipen\/\" \/>\n<meta property=\"og:site_name\" content=\"Urlaub &amp; Reisen\" \/>\n<meta property=\"article:modified_time\" content=\"2024-05-31T12:01:04+00:00\" \/>\n<meta property=\"og:image\" content=\"https:\/\/www.urlaubcornwall.de\/blog\/wp-content\/uploads\/2019\/01\/gartenreise-kent-sussex-hampshire.jpg\" \/>\n<meta name=\"twitter:card\" content=\"summary\" \/>\n<meta name=\"twitter:label1\" content=\"Est. reading time\" \/>\n\t<meta name=\"twitter:data1\" content=\"2 minutes\" \/>\n<script type=\"application\/ld+json\" class=\"yoast-schema-graph\">{\"@context\":\"https:\/\/schema.org\",\"@graph\":[{\"@type\":\"WebSite\",\"@id\":\"https:\/\/www.urlaubcornwall.de\/blog\/#website\",\"url\":\"https:\/\/www.urlaubcornwall.de\/blog\/\",\"name\":\"Urlaub &amp; Reisen\",\"description\":\"Urlaub, Reisen, Cornwall und S\u00fcdengland: eine perfekte Kombination\",\"potentialAction\":[{\"@type\":\"SearchAction\",\"target\":{\"@type\":\"EntryPoint\",\"urlTemplate\":\"https:\/\/www.urlaubcornwall.de\/blog\/?s={search_term_string}\"},\"query-input\":\"required name=search_term_string\"}],\"inLanguage\":\"en-US\"},{\"@type\":\"WebPage\",\"@id\":\"https:\/\/www.urlaubcornwall.de\/blog\/malerische-doerfer-in-hampshire-mit-lokale-kneipen\/\",\"url\":\"https:\/\/www.urlaubcornwall.de\/blog\/malerische-doerfer-in-hampshire-mit-lokale-kneipen\/\",\"name\":\"Malerische D\u00f6rfer in Hampshire mit lokale Kneipen - Urlaub &amp; Reisen\",\"isPartOf\":{\"@id\":\"https:\/\/www.urlaubcornwall.de\/blog\/#website\"},\"datePublished\":\"2023-04-27T09:11:10+00:00\",\"dateModified\":\"2024-05-31T12:01:04+00:00\",\"description\":\"Hier sind einige weniger bekannte, malerische D\u00f6rfer in Hampshire, die einen Besuch wert sind: Chawton: Ein kleines Dorf in der N\u00e4he von Alton\",\"breadcrumb\":{\"@id\":\"https:\/\/www.urlaubcornwall.de\/blog\/malerische-doerfer-in-hampshire-mit-lokale-kneipen\/#breadcrumb\"},\"inLanguage\":\"en-US\",\"potentialAction\":[{\"@type\":\"ReadAction\",\"target\":[\"https:\/\/www.urlaubcornwall.de\/blog\/malerische-doerfer-in-hampshire-mit-lokale-kneipen\/\"]}]},{\"@type\":\"BreadcrumbList\",\"@id\":\"https:\/\/www.urlaubcornwall.de\/blog\/malerische-doerfer-in-hampshire-mit-lokale-kneipen\/#breadcrumb\",\"itemListElement\":[{\"@type\":\"ListItem\",\"position\":1,\"name\":\"Home\",\"item\":\"https:\/\/www.urlaubcornwall.de\/blog\/\"},{\"@type\":\"ListItem\",\"position\":2,\"name\":\"Malerische D\u00f6rfer in Hampshire mit lokale Kneipen\"}]}]}<\/script>\n<!-- \/ Yoast SEO plugin. -->","yoast_head_json":{"title":"Malerische D\u00f6rfer in Hampshire mit lokale Kneipen - Urlaub &amp; Reisen","description":"Hier sind einige weniger bekannte, malerische D\u00f6rfer in Hampshire, die einen Besuch wert sind: Chawton: Ein kleines Dorf in der N\u00e4he von Alton","robots":{"index":"index","follow":"follow","max-snippet":"max-snippet:-1","max-image-preview":"max-image-preview:large","max-video-preview":"max-video-preview:-1"},"canonical":"https:\/\/www.urlaubcornwall.de\/blog\/malerische-doerfer-in-hampshire-mit-lokale-kneipen\/","og_locale":"en_US","og_type":"article","og_title":"Malerische D\u00f6rfer in Hampshire mit lokale Kneipen - Urlaub &amp; Reisen","og_description":"Hier sind einige weniger bekannte, malerische D\u00f6rfer in Hampshire, die einen Besuch wert sind: Chawton: Ein kleines Dorf in der N\u00e4he von Alton","og_url":"https:\/\/www.urlaubcornwall.de\/blog\/malerische-doerfer-in-hampshire-mit-lokale-kneipen\/","og_site_name":"Urlaub &amp; Reisen","article_modified_time":"2024-05-31T12:01:04+00:00","og_image":[{"url":"https:\/\/www.urlaubcornwall.de\/blog\/wp-content\/uploads\/2019\/01\/gartenreise-kent-sussex-hampshire.jpg"}],"twitter_card":"summary","twitter_misc":{"Est. reading time":"2 minutes"},"schema":{"@context":"https:\/\/schema.org","@graph":[{"@type":"WebSite","@id":"https:\/\/www.urlaubcornwall.de\/blog\/#website","url":"https:\/\/www.urlaubcornwall.de\/blog\/","name":"Urlaub &amp; Reisen","description":"Urlaub, Reisen, Cornwall und S\u00fcdengland: eine perfekte Kombination","potentialAction":[{"@type":"SearchAction","target":{"@type":"EntryPoint","urlTemplate":"https:\/\/www.urlaubcornwall.de\/blog\/?s={search_term_string}"},"query-input":"required name=search_term_string"}],"inLanguage":"en-US"},{"@type":"WebPage","@id":"https:\/\/www.urlaubcornwall.de\/blog\/malerische-doerfer-in-hampshire-mit-lokale-kneipen\/","url":"https:\/\/www.urlaubcornwall.de\/blog\/malerische-doerfer-in-hampshire-mit-lokale-kneipen\/","name":"Malerische D\u00f6rfer in Hampshire mit lokale Kneipen - Urlaub &amp; Reisen","isPartOf":{"@id":"https:\/\/www.urlaubcornwall.de\/blog\/#website"},"datePublished":"2023-04-27T09:11:10+00:00","dateModified":"2024-05-31T12:01:04+00:00","description":"Hier sind einige weniger bekannte, malerische D\u00f6rfer in Hampshire, die einen Besuch wert sind: Chawton: Ein kleines Dorf in der N\u00e4he von Alton","breadcrumb":{"@id":"https:\/\/www.urlaubcornwall.de\/blog\/malerische-doerfer-in-hampshire-mit-lokale-kneipen\/#breadcrumb"},"inLanguage":"en-US","potentialAction":[{"@type":"ReadAction","target":["https:\/\/www.urlaubcornwall.de\/blog\/malerische-doerfer-in-hampshire-mit-lokale-kneipen\/"]}]},{"@type":"BreadcrumbList","@id":"https:\/\/www.urlaubcornwall.de\/blog\/malerische-doerfer-in-hampshire-mit-lokale-kneipen\/#breadcrumb","itemListElement":[{"@type":"ListItem","position":1,"name":"Home","item":"https:\/\/www.urlaubcornwall.de\/blog\/"},{"@type":"ListItem","position":2,"name":"Malerische D\u00f6rfer in Hampshire mit lokale Kneipen"}]}]}},"_links":{"self":[{"href":"https:\/\/www.urlaubcornwall.de\/blog\/wp-json\/wp\/v2\/pages\/46402"}],"collection":[{"href":"https:\/\/www.urlaubcornwall.de\/blog\/wp-json\/wp\/v2\/pages"}],"about":[{"href":"https:\/\/www.urlaubcornwall.de\/blog\/wp-json\/wp\/v2\/types\/page"}],"author":[{"embeddable":true,"href":"https:\/\/www.urlaubcornwall.de\/blog\/wp-json\/wp\/v2\/users\/1"}],"replies":[{"embeddable":true,"href":"https:\/\/www.urlaubcornwall.de\/blog\/wp-json\/wp\/v2\/comments?post=46402"}],"version-history":[{"count":4,"href":"https:\/\/www.urlaubcornwall.de\/blog\/wp-json\/wp\/v2\/pages\/46402\/revisions"}],"predecessor-version":[{"id":51348,"href":"https:\/\/www.urlaubcornwall.de\/blog\/wp-json\/wp\/v2\/pages\/46402\/revisions\/51348"}],"wp:attachment":[{"href":"https:\/\/www.urlaubcornwall.de\/blog\/wp-json\/wp\/v2\/media?parent=46402"}],"curies":[{"name":"wp","href":"https:\/\/api.w.org\/{rel}","templated":true}]}}