{"id":46400,"date":"2023-04-27T08:35:17","date_gmt":"2023-04-27T08:35:17","guid":{"rendered":"https:\/\/www.urlaubcornwall.de\/blog\/?page_id=46400"},"modified":"2024-05-31T12:01:33","modified_gmt":"2024-05-31T12:01:33","slug":"malerische-doerfer-in-dorset-mit-lokale-kneipen","status":"publish","type":"page","link":"https:\/\/www.urlaubcornwall.de\/blog\/malerische-doerfer-in-dorset-mit-lokale-kneipen\/","title":{"rendered":"Malerische D\u00f6rfer in Dorset mit lokale Kneipen"},"content":{"rendered":"<p><a href=\"https:\/\/www.urlaubcornwall.de\/blog\/wp-content\/uploads\/2024\/05\/IMG_0665-scaled-e1715764935943.jpg\"><img loading=\"lazy\" src=\"https:\/\/www.urlaubcornwall.de\/blog\/wp-content\/uploads\/2024\/05\/IMG_0665-1024x768.jpg\" alt=\"dorset\" width=\"1024\" height=\"768\" class=\"alignnone size-large wp-image-50130\" \/><\/a><\/p>\n<p>Hier sind einige weniger bekannte, aber <a href=\"https:\/\/www.urlaubcornwall.de\/ferienhaeuser-fewos\/eng\/dorset\/dorset.html\">malerische D\u00f6rfer in Dorset<\/a>, die einen Besuch wert sind und <a href=\"https:\/\/www.urlaubcornwall.de\/blog\/die-bedeutung-lokaler-pubs-fuer-das-dorfleben-in-england\/\">eine lokale Kneipe<\/a> haben:<\/p>\n<p><a href=\"https:\/\/www.urlaubcornwall.de\/ferienhaeuser-fewos\/eng\/dorset\/cerne-abbas.html\">Cerne Abbas<\/a> &#8211; ein malerisches Dorf, bekannt f\u00fcr das gigantische Cerne Abbas-H\u00fcgelbild und die historische St. Mary&#8217;s Church. Die Royal Oak ist eine beliebte lokale Kneipe mit einem gem\u00fctlichen Ambiente und einer guten Auswahl an Bieren und Speisen.<\/p>\n<p><a href=\"https:\/\/www.urlaubcornwall.de\/ferienhaeuser-fewos\/eng\/dorset\/burton-bradstock.html\">Burton Bradstock<\/a> &#8211; ein charmantes Dorf mit atemberaubenden Blicken auf die Jurassic Coast. Die Three Horseshoes ist eine lokale Kneipe mit einer freundlichen Atmosph\u00e4re und k\u00f6stlichem Essen.<\/p>\n<p>Milton Abbas &#8211; ein historisches Dorf mit gut erhaltenen Geb\u00e4uden aus dem 18. Jahrhundert. Die Hambro Arms ist eine beliebte lokale Kneipe mit einem h\u00fcbschen Biergarten und einer guten Auswahl an lokalen Ales.<\/p>\n<p><a href=\"https:\/\/www.urlaubcornwall.de\/ferienhaeuser-fewos\/eng\/dorset\/abbotsbury.html\">Abbotsbury<\/a> &#8211; ein idyllisches Dorf mit h\u00fcbschen Cottages und Blick auf den Chesil Beach. The Ilchester Arms ist eine traditionelle lokale Kneipe mit einem gem\u00fctlichen Kamin und einer guten Auswahl an lokalen Bieren und Weinen.<\/p>\n<p>Puncknowle &#8211; ein ruhiges Dorf mit einer malerischen Kirche und einer F\u00fclle von Wanderwegen. The Crown Inn ist eine gem\u00fctliche lokale Kneipe mit einem offenen Kamin und einer guten Auswahl an Speisen und Getr\u00e4nken.<\/p>\n<h1>Unser Rundreisenservice in S\u00fcdengland<\/h1>\n<p>Weshalb \u00fcber uns buchen?<\/p>\n<p>Firmensitz in Cornwall und ein Team Deutsch sprechender Reisespezialisten.<\/p>\n<p>Wir haben eine Leidenschaft f\u00fcrs Reisen und gestalten den perfekten Urlaub.<\/p>\n<p>Ortskenntnisse und Insidertipps f\u00fcr unsere Kunden.<\/p>\n<p>Sonderangebote und Preisnachl\u00e4sse<\/p>\n<p>S\u00e4mtliche unserer Rundreisen sind durch einen voll versicherten deutschen Reiseveranstalter gesichert.<\/p>\n<p style=\"text-align: center;\"><a class=\"tidycta\" href=\"https:\/\/www.urlaubcornwall.de\/rundreisen\/cornwall-suedengland.php\"> Mehr Info<\/a><\/p>\n<div class=\"snippet\"> <a class=\"featured-item\" href=\"https:\/\/www.urlaubcornwall.de\/ferienhaeuser\/suedengland.php\"> <span class=\"image-holder\" style=\"background-image: url('https:\/\/www.urlaubcornwall.de\/blog\/wp-content\/uploads\/2018\/12\/ferienhaus-cornwall-mit-hund.jpg');\"><\/span> <span class=\"featured-content\"> \n<h2 class=\"featured-title\">Ferienh\u00e4user in S\u00fcdengland<\/h2>\n<p class=\"featured-body\">Bei uns finden Sie Ferienh\u00e4user zum Verlieben &#8211; so einfach ist das! Dank seiner langen Geschichte, der reizvollen Landschaften und seinen vielen Attraktionen ist S\u00fcdengland ein wahres Mekka f\u00fcr Urlauber&#8230;..<\/p><\/span> <span class=\"featured-link-holder\"> <span class=\"featured-extra-info\"> \n<p>Pers\u00f6nlich inspizierter Ferienh\u00e4user<\/p>\n<\/span> \n<p class=\"featured-link\">DETAILS<\/p>\n<\/span> <\/a><\/div>\n","protected":false},"excerpt":{"rendered":"<p>Hier sind einige weniger bekannte, aber malerische D\u00f6rfer in Dorset, die einen Besuch wert sind und eine lokale Kneipe haben: Cerne Abbas &#8211; ein malerisches Dorf, bekannt f\u00fcr das gigantische Cerne Abbas-H\u00fcgelbild und die historische St. Mary&#8217;s Church. Die Royal Oak ist eine beliebte lokale Kneipe mit einem gem\u00fctlichen Ambiente und einer guten Auswahl an [&hellip;]<\/p>\n","protected":false},"author":1,"featured_media":0,"parent":0,"menu_order":0,"comment_status":"closed","ping_status":"closed","template":"single-four.php","meta":[],"acf":[],"yoast_head":"<!-- This site is optimized with the Yoast SEO plugin v19.4 - https:\/\/yoast.com\/wordpress\/plugins\/seo\/ -->\n<title>Malerische D\u00f6rfer in Dorset mit lokale Kneipen - Urlaub &amp; Reisen<\/title>\n<meta name=\"description\" content=\"Hier sind einige weniger bekannte, aber malerische D\u00f6rfer in Dorset, die einen Besuch wert sind und eine lokale Kneipe haben:\" \/>\n<meta name=\"robots\" content=\"index, follow, max-snippet:-1, max-image-preview:large, max-video-preview:-1\" \/>\n<link rel=\"canonical\" href=\"https:\/\/www.urlaubcornwall.de\/blog\/malerische-doerfer-in-dorset-mit-lokale-kneipen\/\" \/>\n<meta property=\"og:locale\" content=\"en_US\" \/>\n<meta property=\"og:type\" content=\"article\" \/>\n<meta property=\"og:title\" content=\"Malerische D\u00f6rfer in Dorset mit lokale Kneipen - Urlaub &amp; Reisen\" \/>\n<meta property=\"og:description\" content=\"Hier sind einige weniger bekannte, aber malerische D\u00f6rfer in Dorset, die einen Besuch wert sind und eine lokale Kneipe haben:\" \/>\n<meta property=\"og:url\" content=\"https:\/\/www.urlaubcornwall.de\/blog\/malerische-doerfer-in-dorset-mit-lokale-kneipen\/\" \/>\n<meta property=\"og:site_name\" content=\"Urlaub &amp; Reisen\" \/>\n<meta property=\"article:modified_time\" content=\"2024-05-31T12:01:33+00:00\" \/>\n<meta property=\"og:image\" content=\"https:\/\/www.urlaubcornwall.de\/blog\/wp-content\/uploads\/2024\/05\/IMG_0665-1024x768.jpg\" \/>\n<meta name=\"twitter:card\" content=\"summary\" \/>\n<meta name=\"twitter:label1\" content=\"Est. reading time\" \/>\n\t<meta name=\"twitter:data1\" content=\"2 minutes\" \/>\n<script type=\"application\/ld+json\" class=\"yoast-schema-graph\">{\"@context\":\"https:\/\/schema.org\",\"@graph\":[{\"@type\":\"WebSite\",\"@id\":\"https:\/\/www.urlaubcornwall.de\/blog\/#website\",\"url\":\"https:\/\/www.urlaubcornwall.de\/blog\/\",\"name\":\"Urlaub &amp; Reisen\",\"description\":\"Urlaub, Reisen, Cornwall und S\u00fcdengland: eine perfekte Kombination\",\"potentialAction\":[{\"@type\":\"SearchAction\",\"target\":{\"@type\":\"EntryPoint\",\"urlTemplate\":\"https:\/\/www.urlaubcornwall.de\/blog\/?s={search_term_string}\"},\"query-input\":\"required name=search_term_string\"}],\"inLanguage\":\"en-US\"},{\"@type\":\"WebPage\",\"@id\":\"https:\/\/www.urlaubcornwall.de\/blog\/malerische-doerfer-in-dorset-mit-lokale-kneipen\/\",\"url\":\"https:\/\/www.urlaubcornwall.de\/blog\/malerische-doerfer-in-dorset-mit-lokale-kneipen\/\",\"name\":\"Malerische D\u00f6rfer in Dorset mit lokale Kneipen - Urlaub &amp; Reisen\",\"isPartOf\":{\"@id\":\"https:\/\/www.urlaubcornwall.de\/blog\/#website\"},\"datePublished\":\"2023-04-27T08:35:17+00:00\",\"dateModified\":\"2024-05-31T12:01:33+00:00\",\"description\":\"Hier sind einige weniger bekannte, aber malerische D\u00f6rfer in Dorset, die einen Besuch wert sind und eine lokale Kneipe haben:\",\"breadcrumb\":{\"@id\":\"https:\/\/www.urlaubcornwall.de\/blog\/malerische-doerfer-in-dorset-mit-lokale-kneipen\/#breadcrumb\"},\"inLanguage\":\"en-US\",\"potentialAction\":[{\"@type\":\"ReadAction\",\"target\":[\"https:\/\/www.urlaubcornwall.de\/blog\/malerische-doerfer-in-dorset-mit-lokale-kneipen\/\"]}]},{\"@type\":\"BreadcrumbList\",\"@id\":\"https:\/\/www.urlaubcornwall.de\/blog\/malerische-doerfer-in-dorset-mit-lokale-kneipen\/#breadcrumb\",\"itemListElement\":[{\"@type\":\"ListItem\",\"position\":1,\"name\":\"Home\",\"item\":\"https:\/\/www.urlaubcornwall.de\/blog\/\"},{\"@type\":\"ListItem\",\"position\":2,\"name\":\"Malerische D\u00f6rfer in Dorset mit lokale Kneipen\"}]}]}<\/script>\n<!-- \/ Yoast SEO plugin. -->","yoast_head_json":{"title":"Malerische D\u00f6rfer in Dorset mit lokale Kneipen - Urlaub &amp; Reisen","description":"Hier sind einige weniger bekannte, aber malerische D\u00f6rfer in Dorset, die einen Besuch wert sind und eine lokale Kneipe haben:","robots":{"index":"index","follow":"follow","max-snippet":"max-snippet:-1","max-image-preview":"max-image-preview:large","max-video-preview":"max-video-preview:-1"},"canonical":"https:\/\/www.urlaubcornwall.de\/blog\/malerische-doerfer-in-dorset-mit-lokale-kneipen\/","og_locale":"en_US","og_type":"article","og_title":"Malerische D\u00f6rfer in Dorset mit lokale Kneipen - Urlaub &amp; Reisen","og_description":"Hier sind einige weniger bekannte, aber malerische D\u00f6rfer in Dorset, die einen Besuch wert sind und eine lokale Kneipe haben:","og_url":"https:\/\/www.urlaubcornwall.de\/blog\/malerische-doerfer-in-dorset-mit-lokale-kneipen\/","og_site_name":"Urlaub &amp; Reisen","article_modified_time":"2024-05-31T12:01:33+00:00","og_image":[{"url":"https:\/\/www.urlaubcornwall.de\/blog\/wp-content\/uploads\/2024\/05\/IMG_0665-1024x768.jpg"}],"twitter_card":"summary","twitter_misc":{"Est. reading time":"2 minutes"},"schema":{"@context":"https:\/\/schema.org","@graph":[{"@type":"WebSite","@id":"https:\/\/www.urlaubcornwall.de\/blog\/#website","url":"https:\/\/www.urlaubcornwall.de\/blog\/","name":"Urlaub &amp; Reisen","description":"Urlaub, Reisen, Cornwall und S\u00fcdengland: eine perfekte Kombination","potentialAction":[{"@type":"SearchAction","target":{"@type":"EntryPoint","urlTemplate":"https:\/\/www.urlaubcornwall.de\/blog\/?s={search_term_string}"},"query-input":"required name=search_term_string"}],"inLanguage":"en-US"},{"@type":"WebPage","@id":"https:\/\/www.urlaubcornwall.de\/blog\/malerische-doerfer-in-dorset-mit-lokale-kneipen\/","url":"https:\/\/www.urlaubcornwall.de\/blog\/malerische-doerfer-in-dorset-mit-lokale-kneipen\/","name":"Malerische D\u00f6rfer in Dorset mit lokale Kneipen - Urlaub &amp; Reisen","isPartOf":{"@id":"https:\/\/www.urlaubcornwall.de\/blog\/#website"},"datePublished":"2023-04-27T08:35:17+00:00","dateModified":"2024-05-31T12:01:33+00:00","description":"Hier sind einige weniger bekannte, aber malerische D\u00f6rfer in Dorset, die einen Besuch wert sind und eine lokale Kneipe haben:","breadcrumb":{"@id":"https:\/\/www.urlaubcornwall.de\/blog\/malerische-doerfer-in-dorset-mit-lokale-kneipen\/#breadcrumb"},"inLanguage":"en-US","potentialAction":[{"@type":"ReadAction","target":["https:\/\/www.urlaubcornwall.de\/blog\/malerische-doerfer-in-dorset-mit-lokale-kneipen\/"]}]},{"@type":"BreadcrumbList","@id":"https:\/\/www.urlaubcornwall.de\/blog\/malerische-doerfer-in-dorset-mit-lokale-kneipen\/#breadcrumb","itemListElement":[{"@type":"ListItem","position":1,"name":"Home","item":"https:\/\/www.urlaubcornwall.de\/blog\/"},{"@type":"ListItem","position":2,"name":"Malerische D\u00f6rfer in Dorset mit lokale Kneipen"}]}]}},"_links":{"self":[{"href":"https:\/\/www.urlaubcornwall.de\/blog\/wp-json\/wp\/v2\/pages\/46400"}],"collection":[{"href":"https:\/\/www.urlaubcornwall.de\/blog\/wp-json\/wp\/v2\/pages"}],"about":[{"href":"https:\/\/www.urlaubcornwall.de\/blog\/wp-json\/wp\/v2\/types\/page"}],"author":[{"embeddable":true,"href":"https:\/\/www.urlaubcornwall.de\/blog\/wp-json\/wp\/v2\/users\/1"}],"replies":[{"embeddable":true,"href":"https:\/\/www.urlaubcornwall.de\/blog\/wp-json\/wp\/v2\/comments?post=46400"}],"version-history":[{"count":6,"href":"https:\/\/www.urlaubcornwall.de\/blog\/wp-json\/wp\/v2\/pages\/46400\/revisions"}],"predecessor-version":[{"id":51349,"href":"https:\/\/www.urlaubcornwall.de\/blog\/wp-json\/wp\/v2\/pages\/46400\/revisions\/51349"}],"wp:attachment":[{"href":"https:\/\/www.urlaubcornwall.de\/blog\/wp-json\/wp\/v2\/media?parent=46400"}],"curies":[{"name":"wp","href":"https:\/\/api.w.org\/{rel}","templated":true}]}}