{"id":46398,"date":"2023-04-27T08:27:55","date_gmt":"2023-04-27T08:27:55","guid":{"rendered":"https:\/\/www.urlaubcornwall.de\/blog\/?page_id=46398"},"modified":"2024-05-31T12:01:56","modified_gmt":"2024-05-31T12:01:56","slug":"malerische-doerfer-in-sussex-mit-lokale-kneipen","status":"publish","type":"page","link":"https:\/\/www.urlaubcornwall.de\/blog\/malerische-doerfer-in-sussex-mit-lokale-kneipen\/","title":{"rendered":"Malerische D\u00f6rfer in Sussex mit lokale Kneipen"},"content":{"rendered":"<p><a href=\"https:\/\/www.urlaubcornwall.de\/blog\/wp-content\/uploads\/2024\/03\/rye-sussex.jpg\"><img loading=\"lazy\" src=\"https:\/\/www.urlaubcornwall.de\/blog\/wp-content\/uploads\/2024\/03\/rye-sussex.jpg\" alt=\"rye sussex\" width=\"750\" height=\"486\" class=\"alignnone size-full wp-image-48046\" srcset=\"https:\/\/www.urlaubcornwall.de\/blog\/wp-content\/uploads\/2024\/03\/rye-sussex.jpg 750w, https:\/\/www.urlaubcornwall.de\/blog\/wp-content\/uploads\/2024\/03\/rye-sussex-300x194.jpg 300w\" sizes=\"(max-width: 750px) 100vw, 750px\" \/><\/a><\/p>\n<p>Hier sind einige weniger bekannte und malerische D\u00f6rfer in Sussex, die <a href=\"https:\/\/www.urlaubcornwall.de\/blog\/die-bedeutung-lokaler-pubs-fuer-das-dorfleben-in-england\/\">eine lokale Kneipe<\/a> haben und ein sch\u00f6nes Ziel f\u00fcr einen Aufenthalt in einem Ferienhaus sein k\u00f6nnten:<\/p>\n<p>Alfriston &#8211; ein charmantes Dorf am Fu\u00dfe der South Downs mit vielen historischen Geb\u00e4uden und einer sch\u00f6nen mittelalterlichen Kirche. Es gibt auch mehrere Pubs, darunter das George Inn aus dem 14. Jahrhundert.<\/p>\n<p>Amberley &#8211; ein idyllisches Dorf in den South Downs mit einem malerischen Fluss und einer 900 Jahre alten Burg. Es gibt auch eine Handvoll Pubs, darunter das Bridge Inn und das Black Horse.<\/p>\n<p>Petworth &#8211; ein historisches Marktst\u00e4dtchen mit einem malerischen Dorfplatz und vielen georgianischen Geb\u00e4uden. Es gibt auch mehrere Pubs und Gasth\u00e4user, darunter das White Hart Inn und das Star and Garter.<\/p>\n<p>Rottingdean &#8211; ein K\u00fcstendorf mit einem sch\u00f6nen Kieselstrand und vielen traditionellen englischen H\u00e4usern aus dem 17. und 18. Jahrhundert. Es gibt auch eine Reihe von Pubs, darunter das Black Horse und das Queen Victoria.<\/p>\n<p>Ticehurst &#8211; ein kleines Dorf mit einer mittelalterlichen Kirche und vielen traditionellen Fachwerkh\u00e4usern. Es gibt auch mehrere Pubs, darunter das Bell Inn und das Bull Inn.<\/p>\n<p>Ich hoffe, das hilft Ihnen bei der Planung Ihres n\u00e4chsten Aufenthalts in Sussex!<\/p>\n<h1>Unser Rundreisenservice in S\u00fcdengland<\/h1>\n<p>Weshalb \u00fcber uns buchen?<\/p>\n<p>Firmensitz in Cornwall und ein Team Deutsch sprechender Reisespezialisten.<\/p>\n<p>Wir haben eine Leidenschaft f\u00fcrs Reisen und gestalten den perfekten Urlaub.<\/p>\n<p>Ortskenntnisse und Insidertipps f\u00fcr unsere Kunden.<\/p>\n<p>Sonderangebote und Preisnachl\u00e4sse<\/p>\n<p>S\u00e4mtliche unserer Rundreisen sind durch einen voll versicherten deutschen Reiseveranstalter gesichert.<\/p>\n<p style=\"text-align: center;\"><a class=\"tidycta\" href=\"https:\/\/www.urlaubcornwall.de\/rundreisen\/cornwall-suedengland.php\"> Mehr Info<\/a><\/p>\n<div class=\"snippet\"> <a class=\"featured-item\" href=\"https:\/\/www.urlaubcornwall.de\/ferienhaeuser\/suedengland.php\"> <span class=\"image-holder\" style=\"background-image: url('https:\/\/www.urlaubcornwall.de\/blog\/wp-content\/uploads\/2018\/12\/ferienhaus-cornwall-mit-hund.jpg');\"><\/span> <span class=\"featured-content\"> \n<h2 class=\"featured-title\">Ferienh\u00e4user in S\u00fcdengland<\/h2>\n<p class=\"featured-body\">Bei uns finden Sie Ferienh\u00e4user zum Verlieben &#8211; so einfach ist das! Dank seiner langen Geschichte, der reizvollen Landschaften und seinen vielen Attraktionen ist S\u00fcdengland ein wahres Mekka f\u00fcr Urlauber&#8230;..<\/p><\/span> <span class=\"featured-link-holder\"> <span class=\"featured-extra-info\"> \n<p>Pers\u00f6nlich inspizierter Ferienh\u00e4user<\/p>\n<\/span> \n<p class=\"featured-link\">DETAILS<\/p>\n<\/span> <\/a><\/div>\n","protected":false},"excerpt":{"rendered":"<p>Hier sind einige weniger bekannte und malerische D\u00f6rfer in Sussex, die eine lokale Kneipe haben und ein sch\u00f6nes Ziel f\u00fcr einen Aufenthalt in einem Ferienhaus sein k\u00f6nnten: Alfriston &#8211; ein charmantes Dorf am Fu\u00dfe der South Downs mit vielen historischen Geb\u00e4uden und einer sch\u00f6nen mittelalterlichen Kirche. Es gibt auch mehrere Pubs, darunter das George Inn [&hellip;]<\/p>\n","protected":false},"author":1,"featured_media":0,"parent":0,"menu_order":0,"comment_status":"closed","ping_status":"closed","template":"single-four.php","meta":[],"acf":[],"yoast_head":"<!-- This site is optimized with the Yoast SEO plugin v19.4 - https:\/\/yoast.com\/wordpress\/plugins\/seo\/ -->\n<title>Malerische D\u00f6rfer in Sussex mit lokale Kneipen - Urlaub &amp; Reisen<\/title>\n<meta name=\"description\" content=\"Hier sind einige weniger bekannte und malerische D\u00f6rfer in Sussex, die eine lokale Kneipe haben und ein sch\u00f6nes Ziel\" \/>\n<meta name=\"robots\" content=\"index, follow, max-snippet:-1, max-image-preview:large, max-video-preview:-1\" \/>\n<link rel=\"canonical\" href=\"https:\/\/www.urlaubcornwall.de\/blog\/malerische-doerfer-in-sussex-mit-lokale-kneipen\/\" \/>\n<meta property=\"og:locale\" content=\"en_US\" \/>\n<meta property=\"og:type\" content=\"article\" \/>\n<meta property=\"og:title\" content=\"Malerische D\u00f6rfer in Sussex mit lokale Kneipen - Urlaub &amp; Reisen\" \/>\n<meta property=\"og:description\" content=\"Hier sind einige weniger bekannte und malerische D\u00f6rfer in Sussex, die eine lokale Kneipe haben und ein sch\u00f6nes Ziel\" \/>\n<meta property=\"og:url\" content=\"https:\/\/www.urlaubcornwall.de\/blog\/malerische-doerfer-in-sussex-mit-lokale-kneipen\/\" \/>\n<meta property=\"og:site_name\" content=\"Urlaub &amp; Reisen\" \/>\n<meta property=\"article:modified_time\" content=\"2024-05-31T12:01:56+00:00\" \/>\n<meta property=\"og:image\" content=\"https:\/\/www.urlaubcornwall.de\/blog\/wp-content\/uploads\/2024\/03\/rye-sussex.jpg\" \/>\n<meta name=\"twitter:card\" content=\"summary\" \/>\n<meta name=\"twitter:label1\" content=\"Est. reading time\" \/>\n\t<meta name=\"twitter:data1\" content=\"2 minutes\" \/>\n<script type=\"application\/ld+json\" class=\"yoast-schema-graph\">{\"@context\":\"https:\/\/schema.org\",\"@graph\":[{\"@type\":\"WebSite\",\"@id\":\"https:\/\/www.urlaubcornwall.de\/blog\/#website\",\"url\":\"https:\/\/www.urlaubcornwall.de\/blog\/\",\"name\":\"Urlaub &amp; Reisen\",\"description\":\"Urlaub, Reisen, Cornwall und S\u00fcdengland: eine perfekte Kombination\",\"potentialAction\":[{\"@type\":\"SearchAction\",\"target\":{\"@type\":\"EntryPoint\",\"urlTemplate\":\"https:\/\/www.urlaubcornwall.de\/blog\/?s={search_term_string}\"},\"query-input\":\"required name=search_term_string\"}],\"inLanguage\":\"en-US\"},{\"@type\":\"WebPage\",\"@id\":\"https:\/\/www.urlaubcornwall.de\/blog\/malerische-doerfer-in-sussex-mit-lokale-kneipen\/\",\"url\":\"https:\/\/www.urlaubcornwall.de\/blog\/malerische-doerfer-in-sussex-mit-lokale-kneipen\/\",\"name\":\"Malerische D\u00f6rfer in Sussex mit lokale Kneipen - Urlaub &amp; Reisen\",\"isPartOf\":{\"@id\":\"https:\/\/www.urlaubcornwall.de\/blog\/#website\"},\"datePublished\":\"2023-04-27T08:27:55+00:00\",\"dateModified\":\"2024-05-31T12:01:56+00:00\",\"description\":\"Hier sind einige weniger bekannte und malerische D\u00f6rfer in Sussex, die eine lokale Kneipe haben und ein sch\u00f6nes Ziel\",\"breadcrumb\":{\"@id\":\"https:\/\/www.urlaubcornwall.de\/blog\/malerische-doerfer-in-sussex-mit-lokale-kneipen\/#breadcrumb\"},\"inLanguage\":\"en-US\",\"potentialAction\":[{\"@type\":\"ReadAction\",\"target\":[\"https:\/\/www.urlaubcornwall.de\/blog\/malerische-doerfer-in-sussex-mit-lokale-kneipen\/\"]}]},{\"@type\":\"BreadcrumbList\",\"@id\":\"https:\/\/www.urlaubcornwall.de\/blog\/malerische-doerfer-in-sussex-mit-lokale-kneipen\/#breadcrumb\",\"itemListElement\":[{\"@type\":\"ListItem\",\"position\":1,\"name\":\"Home\",\"item\":\"https:\/\/www.urlaubcornwall.de\/blog\/\"},{\"@type\":\"ListItem\",\"position\":2,\"name\":\"Malerische D\u00f6rfer in Sussex mit lokale Kneipen\"}]}]}<\/script>\n<!-- \/ Yoast SEO plugin. -->","yoast_head_json":{"title":"Malerische D\u00f6rfer in Sussex mit lokale Kneipen - Urlaub &amp; Reisen","description":"Hier sind einige weniger bekannte und malerische D\u00f6rfer in Sussex, die eine lokale Kneipe haben und ein sch\u00f6nes Ziel","robots":{"index":"index","follow":"follow","max-snippet":"max-snippet:-1","max-image-preview":"max-image-preview:large","max-video-preview":"max-video-preview:-1"},"canonical":"https:\/\/www.urlaubcornwall.de\/blog\/malerische-doerfer-in-sussex-mit-lokale-kneipen\/","og_locale":"en_US","og_type":"article","og_title":"Malerische D\u00f6rfer in Sussex mit lokale Kneipen - Urlaub &amp; Reisen","og_description":"Hier sind einige weniger bekannte und malerische D\u00f6rfer in Sussex, die eine lokale Kneipe haben und ein sch\u00f6nes Ziel","og_url":"https:\/\/www.urlaubcornwall.de\/blog\/malerische-doerfer-in-sussex-mit-lokale-kneipen\/","og_site_name":"Urlaub &amp; Reisen","article_modified_time":"2024-05-31T12:01:56+00:00","og_image":[{"url":"https:\/\/www.urlaubcornwall.de\/blog\/wp-content\/uploads\/2024\/03\/rye-sussex.jpg"}],"twitter_card":"summary","twitter_misc":{"Est. reading time":"2 minutes"},"schema":{"@context":"https:\/\/schema.org","@graph":[{"@type":"WebSite","@id":"https:\/\/www.urlaubcornwall.de\/blog\/#website","url":"https:\/\/www.urlaubcornwall.de\/blog\/","name":"Urlaub &amp; Reisen","description":"Urlaub, Reisen, Cornwall und S\u00fcdengland: eine perfekte Kombination","potentialAction":[{"@type":"SearchAction","target":{"@type":"EntryPoint","urlTemplate":"https:\/\/www.urlaubcornwall.de\/blog\/?s={search_term_string}"},"query-input":"required name=search_term_string"}],"inLanguage":"en-US"},{"@type":"WebPage","@id":"https:\/\/www.urlaubcornwall.de\/blog\/malerische-doerfer-in-sussex-mit-lokale-kneipen\/","url":"https:\/\/www.urlaubcornwall.de\/blog\/malerische-doerfer-in-sussex-mit-lokale-kneipen\/","name":"Malerische D\u00f6rfer in Sussex mit lokale Kneipen - Urlaub &amp; Reisen","isPartOf":{"@id":"https:\/\/www.urlaubcornwall.de\/blog\/#website"},"datePublished":"2023-04-27T08:27:55+00:00","dateModified":"2024-05-31T12:01:56+00:00","description":"Hier sind einige weniger bekannte und malerische D\u00f6rfer in Sussex, die eine lokale Kneipe haben und ein sch\u00f6nes Ziel","breadcrumb":{"@id":"https:\/\/www.urlaubcornwall.de\/blog\/malerische-doerfer-in-sussex-mit-lokale-kneipen\/#breadcrumb"},"inLanguage":"en-US","potentialAction":[{"@type":"ReadAction","target":["https:\/\/www.urlaubcornwall.de\/blog\/malerische-doerfer-in-sussex-mit-lokale-kneipen\/"]}]},{"@type":"BreadcrumbList","@id":"https:\/\/www.urlaubcornwall.de\/blog\/malerische-doerfer-in-sussex-mit-lokale-kneipen\/#breadcrumb","itemListElement":[{"@type":"ListItem","position":1,"name":"Home","item":"https:\/\/www.urlaubcornwall.de\/blog\/"},{"@type":"ListItem","position":2,"name":"Malerische D\u00f6rfer in Sussex mit lokale Kneipen"}]}]}},"_links":{"self":[{"href":"https:\/\/www.urlaubcornwall.de\/blog\/wp-json\/wp\/v2\/pages\/46398"}],"collection":[{"href":"https:\/\/www.urlaubcornwall.de\/blog\/wp-json\/wp\/v2\/pages"}],"about":[{"href":"https:\/\/www.urlaubcornwall.de\/blog\/wp-json\/wp\/v2\/types\/page"}],"author":[{"embeddable":true,"href":"https:\/\/www.urlaubcornwall.de\/blog\/wp-json\/wp\/v2\/users\/1"}],"replies":[{"embeddable":true,"href":"https:\/\/www.urlaubcornwall.de\/blog\/wp-json\/wp\/v2\/comments?post=46398"}],"version-history":[{"count":5,"href":"https:\/\/www.urlaubcornwall.de\/blog\/wp-json\/wp\/v2\/pages\/46398\/revisions"}],"predecessor-version":[{"id":51350,"href":"https:\/\/www.urlaubcornwall.de\/blog\/wp-json\/wp\/v2\/pages\/46398\/revisions\/51350"}],"wp:attachment":[{"href":"https:\/\/www.urlaubcornwall.de\/blog\/wp-json\/wp\/v2\/media?parent=46398"}],"curies":[{"name":"wp","href":"https:\/\/api.w.org\/{rel}","templated":true}]}}