{"id":46386,"date":"2023-04-27T10:25:49","date_gmt":"2023-04-27T10:25:49","guid":{"rendered":"https:\/\/www.urlaubcornwall.de\/blog\/?page_id=46386"},"modified":"2024-05-31T11:54:49","modified_gmt":"2024-05-31T11:54:49","slug":"was-ist-schoener-glasgow-or-edinburgh","status":"publish","type":"page","link":"https:\/\/www.urlaubcornwall.de\/blog\/was-ist-schoener-glasgow-or-edinburgh\/","title":{"rendered":"Was ist sch\u00f6ner Glasgow or Edinburgh?"},"content":{"rendered":"<p>Sowohl Glasgow als auch Edinburgh haben ihre eigenen einzigartigen Vorz\u00fcge und Sch\u00f6nheiten, die schwer zu vergleichen sind.<\/p>\n<p><a href=\"https:\/\/www.urlaubcornwall.de\/blog\/wp-content\/uploads\/2024\/03\/Edinburgh-Castle-Edinburgh-schottland.jpg\"><img loading=\"lazy\" src=\"https:\/\/www.urlaubcornwall.de\/blog\/wp-content\/uploads\/2024\/03\/Edinburgh-Castle-Edinburgh-schottland.jpg\" alt=\"Edinburgh Castle, Edinburgh, schottland\" width=\"750\" height=\"500\" class=\"alignnone size-full wp-image-48015\" srcset=\"https:\/\/www.urlaubcornwall.de\/blog\/wp-content\/uploads\/2024\/03\/Edinburgh-Castle-Edinburgh-schottland.jpg 750w, https:\/\/www.urlaubcornwall.de\/blog\/wp-content\/uploads\/2024\/03\/Edinburgh-Castle-Edinburgh-schottland-300x200.jpg 300w\" sizes=\"(max-width: 750px) 100vw, 750px\" \/><\/a><\/p>\n<p><a href=\"https:\/\/www.urlaubcornwall.de\/blog\/reisetipps-fuer-edinburgh-unsere-top-10-sie-sie-sehen-und-erleben-sollten\/\">Edinburgh<\/a> ist bekannt f\u00fcr seine beeindruckende historische Architektur, die sich in der gesamten Stadt, insbesondere in der Altstadt und der Royal Mile, zeigt. Die Stadt hat auch einen atemberaubenden Blick auf die umliegenden H\u00fcgel und den Firth of Forth, der einen besonderen Charme ausstrahlt. Edinburgh ist auch f\u00fcr seine Kulturveranstaltungen und Festivals bekannt, wie das weltber\u00fchmte Edinburgh Festival Fringe im August.<\/p>\n<p><a href=\"https:\/\/www.urlaubcornwall.de\/blog\/wp-content\/uploads\/2024\/03\/Buchanan-Galleries-Glasgow.jpg\"><img loading=\"lazy\" src=\"https:\/\/www.urlaubcornwall.de\/blog\/wp-content\/uploads\/2024\/03\/Buchanan-Galleries-Glasgow.jpg\" alt=\"Buchanan Galleries, Glasgow\" width=\"750\" height=\"500\" class=\"alignnone size-full wp-image-48013\" srcset=\"https:\/\/www.urlaubcornwall.de\/blog\/wp-content\/uploads\/2024\/03\/Buchanan-Galleries-Glasgow.jpg 750w, https:\/\/www.urlaubcornwall.de\/blog\/wp-content\/uploads\/2024\/03\/Buchanan-Galleries-Glasgow-300x200.jpg 300w\" sizes=\"(max-width: 750px) 100vw, 750px\" \/><\/a><\/p>\n<p><a href=\"https:\/\/www.urlaubcornwall.de\/blog\/urlaub-in-glasgow-sehenswuerdigkeiten-geschichte-und-unterkunft\/\">Glasgow<\/a> hingegen ist eine kosmopolitische Stadt mit einem reichen kulturellen Erbe, die f\u00fcr ihre Museen, Kunstgalerien und die beeindruckende Glasgow School of Art bekannt ist. Die Stadt hat auch eine florierende Musikszene und ist f\u00fcr ihre freundliche und gastfreundliche Atmosph\u00e4re bekannt. Glasgow hat viele Parks und Gr\u00fcnfl\u00e4chen, die es zu einem angenehmen Ort zum Leben und Besuchen machen.<\/p>\n<p>Es kommt also ganz darauf an, welche Art von Stadt Sie bevorzugen. Wenn Sie historische Architektur und eine malerische Landschaft genie\u00dfen, k\u00f6nnte Edinburgh die richtige Wahl f\u00fcr Sie sein. Wenn Sie eine lebendige, moderne Stadt mit einer gro\u00dfen kulturellen Szene suchen, ist Glasgow vielleicht die bessere Wahl.<\/p>\n<h1>Unser Rundreisenservice in Schottland<\/h1>\n<p>Weshalb \u00fcber uns buchen?<\/p>\n<p>Firmensitz in Cornwall und ein Team Deutsch sprechender Reisespezialisten.<\/p>\n<p>Wir haben eine Leidenschaft f\u00fcrs Reisen und gestalten den perfekten Urlaub.<\/p>\n<p>Ortskenntnisse und Insidertipps f\u00fcr unsere Kunden.<\/p>\n<p>Sonderangebote und Preisnachl\u00e4sse<\/p>\n<p>S\u00e4mtliche unserer Rundreisen sind durch einen voll versicherten deutschen Reiseveranstalter gesichert.<\/p>\n<p style=\"text-align: center;\"><a class=\"tidycta\" href=\"https:\/\/www.urlaubcornwall.de\/blog\/rundreisen-schottland\/\"> Mehr Info<\/a><\/p>\n<div class=\"snippet\"> <a class=\"featured-item\" href=\" https:\/\/www.urlaubcornwall.de\/ferienhaeuser\/schottland.php\"> <span class=\"image-holder\" style=\"background-image: url(' https:\/\/www.urlaubcornwall.de\/blog\/wp-content\/uploads\/2019\/01\/urlaub-schottland-highlands-1.jpg ');\"><\/span> <span class=\"featured-content\"> \n<h2 class=\"featured-title\">Bei uns finden Sie Ferienh\u00e4user in Schottland zum Verlieben!<\/h2>\n<p class=\"featured-body\">Untenstehend finden Sie eine Auswahl an Ferienh\u00e4usern in Schottland. Hier finden Sie pers\u00f6nlich inspizierte Cottages entlang der schottischen K\u00fcste, in den schottischen Highlands und auf den Inseln&#8230;..<\/p>\n<\/span> <span class=\"featured-link-holder\"> <span class=\"featured-extra-info\"> \n<p>F\u00fcr Paare, Familien &#038; Gruppen<\/p>\n<\/span> \n<p class=\"featured-link\">DETAILS<\/p>\n<\/span> <\/a><\/div>\n","protected":false},"excerpt":{"rendered":"<p>Sowohl Glasgow als auch Edinburgh haben ihre eigenen einzigartigen Vorz\u00fcge und Sch\u00f6nheiten, die schwer zu vergleichen sind. Edinburgh ist bekannt f\u00fcr seine beeindruckende historische Architektur, die sich in der gesamten Stadt, insbesondere in der Altstadt und der Royal Mile, zeigt. Die Stadt hat auch einen atemberaubenden Blick auf die umliegenden H\u00fcgel und den Firth of [&hellip;]<\/p>\n","protected":false},"author":1,"featured_media":0,"parent":0,"menu_order":0,"comment_status":"closed","ping_status":"closed","template":"single-four.php","meta":[],"acf":[],"yoast_head":"<!-- This site is optimized with the Yoast SEO plugin v19.4 - https:\/\/yoast.com\/wordpress\/plugins\/seo\/ -->\n<title>Was ist sch\u00f6ner Glasgow or Edinburgh? - Urlaub &amp; Reisen<\/title>\n<meta name=\"description\" content=\"Sowohl Glasgow als auch Edinburgh haben ihre eigenen einzigartigen Vorz\u00fcge und Sch\u00f6nheiten, die schwer zu vergleichen sind.\" \/>\n<meta name=\"robots\" content=\"index, follow, max-snippet:-1, max-image-preview:large, max-video-preview:-1\" \/>\n<link rel=\"canonical\" href=\"https:\/\/www.urlaubcornwall.de\/blog\/was-ist-schoener-glasgow-or-edinburgh\/\" \/>\n<meta property=\"og:locale\" content=\"en_US\" \/>\n<meta property=\"og:type\" content=\"article\" \/>\n<meta property=\"og:title\" content=\"Was ist sch\u00f6ner Glasgow or Edinburgh? - Urlaub &amp; Reisen\" \/>\n<meta property=\"og:description\" content=\"Sowohl Glasgow als auch Edinburgh haben ihre eigenen einzigartigen Vorz\u00fcge und Sch\u00f6nheiten, die schwer zu vergleichen sind.\" \/>\n<meta property=\"og:url\" content=\"https:\/\/www.urlaubcornwall.de\/blog\/was-ist-schoener-glasgow-or-edinburgh\/\" \/>\n<meta property=\"og:site_name\" content=\"Urlaub &amp; Reisen\" \/>\n<meta property=\"article:modified_time\" content=\"2024-05-31T11:54:49+00:00\" \/>\n<meta property=\"og:image\" content=\"https:\/\/www.urlaubcornwall.de\/blog\/wp-content\/uploads\/2024\/03\/Edinburgh-Castle-Edinburgh-schottland.jpg\" \/>\n<meta name=\"twitter:card\" content=\"summary\" \/>\n<meta name=\"twitter:label1\" content=\"Est. reading time\" \/>\n\t<meta name=\"twitter:data1\" content=\"2 minutes\" \/>\n<script type=\"application\/ld+json\" class=\"yoast-schema-graph\">{\"@context\":\"https:\/\/schema.org\",\"@graph\":[{\"@type\":\"WebSite\",\"@id\":\"https:\/\/www.urlaubcornwall.de\/blog\/#website\",\"url\":\"https:\/\/www.urlaubcornwall.de\/blog\/\",\"name\":\"Urlaub &amp; Reisen\",\"description\":\"Urlaub, Reisen, Cornwall und S\u00fcdengland: eine perfekte Kombination\",\"potentialAction\":[{\"@type\":\"SearchAction\",\"target\":{\"@type\":\"EntryPoint\",\"urlTemplate\":\"https:\/\/www.urlaubcornwall.de\/blog\/?s={search_term_string}\"},\"query-input\":\"required name=search_term_string\"}],\"inLanguage\":\"en-US\"},{\"@type\":\"WebPage\",\"@id\":\"https:\/\/www.urlaubcornwall.de\/blog\/was-ist-schoener-glasgow-or-edinburgh\/\",\"url\":\"https:\/\/www.urlaubcornwall.de\/blog\/was-ist-schoener-glasgow-or-edinburgh\/\",\"name\":\"Was ist sch\u00f6ner Glasgow or Edinburgh? - Urlaub &amp; Reisen\",\"isPartOf\":{\"@id\":\"https:\/\/www.urlaubcornwall.de\/blog\/#website\"},\"datePublished\":\"2023-04-27T10:25:49+00:00\",\"dateModified\":\"2024-05-31T11:54:49+00:00\",\"description\":\"Sowohl Glasgow als auch Edinburgh haben ihre eigenen einzigartigen Vorz\u00fcge und Sch\u00f6nheiten, die schwer zu vergleichen sind.\",\"breadcrumb\":{\"@id\":\"https:\/\/www.urlaubcornwall.de\/blog\/was-ist-schoener-glasgow-or-edinburgh\/#breadcrumb\"},\"inLanguage\":\"en-US\",\"potentialAction\":[{\"@type\":\"ReadAction\",\"target\":[\"https:\/\/www.urlaubcornwall.de\/blog\/was-ist-schoener-glasgow-or-edinburgh\/\"]}]},{\"@type\":\"BreadcrumbList\",\"@id\":\"https:\/\/www.urlaubcornwall.de\/blog\/was-ist-schoener-glasgow-or-edinburgh\/#breadcrumb\",\"itemListElement\":[{\"@type\":\"ListItem\",\"position\":1,\"name\":\"Home\",\"item\":\"https:\/\/www.urlaubcornwall.de\/blog\/\"},{\"@type\":\"ListItem\",\"position\":2,\"name\":\"Was ist sch\u00f6ner Glasgow or Edinburgh?\"}]}]}<\/script>\n<!-- \/ Yoast SEO plugin. -->","yoast_head_json":{"title":"Was ist sch\u00f6ner Glasgow or Edinburgh? - Urlaub &amp; Reisen","description":"Sowohl Glasgow als auch Edinburgh haben ihre eigenen einzigartigen Vorz\u00fcge und Sch\u00f6nheiten, die schwer zu vergleichen sind.","robots":{"index":"index","follow":"follow","max-snippet":"max-snippet:-1","max-image-preview":"max-image-preview:large","max-video-preview":"max-video-preview:-1"},"canonical":"https:\/\/www.urlaubcornwall.de\/blog\/was-ist-schoener-glasgow-or-edinburgh\/","og_locale":"en_US","og_type":"article","og_title":"Was ist sch\u00f6ner Glasgow or Edinburgh? - Urlaub &amp; Reisen","og_description":"Sowohl Glasgow als auch Edinburgh haben ihre eigenen einzigartigen Vorz\u00fcge und Sch\u00f6nheiten, die schwer zu vergleichen sind.","og_url":"https:\/\/www.urlaubcornwall.de\/blog\/was-ist-schoener-glasgow-or-edinburgh\/","og_site_name":"Urlaub &amp; Reisen","article_modified_time":"2024-05-31T11:54:49+00:00","og_image":[{"url":"https:\/\/www.urlaubcornwall.de\/blog\/wp-content\/uploads\/2024\/03\/Edinburgh-Castle-Edinburgh-schottland.jpg"}],"twitter_card":"summary","twitter_misc":{"Est. reading time":"2 minutes"},"schema":{"@context":"https:\/\/schema.org","@graph":[{"@type":"WebSite","@id":"https:\/\/www.urlaubcornwall.de\/blog\/#website","url":"https:\/\/www.urlaubcornwall.de\/blog\/","name":"Urlaub &amp; Reisen","description":"Urlaub, Reisen, Cornwall und S\u00fcdengland: eine perfekte Kombination","potentialAction":[{"@type":"SearchAction","target":{"@type":"EntryPoint","urlTemplate":"https:\/\/www.urlaubcornwall.de\/blog\/?s={search_term_string}"},"query-input":"required name=search_term_string"}],"inLanguage":"en-US"},{"@type":"WebPage","@id":"https:\/\/www.urlaubcornwall.de\/blog\/was-ist-schoener-glasgow-or-edinburgh\/","url":"https:\/\/www.urlaubcornwall.de\/blog\/was-ist-schoener-glasgow-or-edinburgh\/","name":"Was ist sch\u00f6ner Glasgow or Edinburgh? - Urlaub &amp; Reisen","isPartOf":{"@id":"https:\/\/www.urlaubcornwall.de\/blog\/#website"},"datePublished":"2023-04-27T10:25:49+00:00","dateModified":"2024-05-31T11:54:49+00:00","description":"Sowohl Glasgow als auch Edinburgh haben ihre eigenen einzigartigen Vorz\u00fcge und Sch\u00f6nheiten, die schwer zu vergleichen sind.","breadcrumb":{"@id":"https:\/\/www.urlaubcornwall.de\/blog\/was-ist-schoener-glasgow-or-edinburgh\/#breadcrumb"},"inLanguage":"en-US","potentialAction":[{"@type":"ReadAction","target":["https:\/\/www.urlaubcornwall.de\/blog\/was-ist-schoener-glasgow-or-edinburgh\/"]}]},{"@type":"BreadcrumbList","@id":"https:\/\/www.urlaubcornwall.de\/blog\/was-ist-schoener-glasgow-or-edinburgh\/#breadcrumb","itemListElement":[{"@type":"ListItem","position":1,"name":"Home","item":"https:\/\/www.urlaubcornwall.de\/blog\/"},{"@type":"ListItem","position":2,"name":"Was ist sch\u00f6ner Glasgow or Edinburgh?"}]}]}},"_links":{"self":[{"href":"https:\/\/www.urlaubcornwall.de\/blog\/wp-json\/wp\/v2\/pages\/46386"}],"collection":[{"href":"https:\/\/www.urlaubcornwall.de\/blog\/wp-json\/wp\/v2\/pages"}],"about":[{"href":"https:\/\/www.urlaubcornwall.de\/blog\/wp-json\/wp\/v2\/types\/page"}],"author":[{"embeddable":true,"href":"https:\/\/www.urlaubcornwall.de\/blog\/wp-json\/wp\/v2\/users\/1"}],"replies":[{"embeddable":true,"href":"https:\/\/www.urlaubcornwall.de\/blog\/wp-json\/wp\/v2\/comments?post=46386"}],"version-history":[{"count":5,"href":"https:\/\/www.urlaubcornwall.de\/blog\/wp-json\/wp\/v2\/pages\/46386\/revisions"}],"predecessor-version":[{"id":51342,"href":"https:\/\/www.urlaubcornwall.de\/blog\/wp-json\/wp\/v2\/pages\/46386\/revisions\/51342"}],"wp:attachment":[{"href":"https:\/\/www.urlaubcornwall.de\/blog\/wp-json\/wp\/v2\/media?parent=46386"}],"curies":[{"name":"wp","href":"https:\/\/api.w.org\/{rel}","templated":true}]}}