{"id":46378,"date":"2023-04-27T10:18:34","date_gmt":"2023-04-27T10:18:34","guid":{"rendered":"https:\/\/www.urlaubcornwall.de\/blog\/?page_id=46378"},"modified":"2024-04-16T09:53:29","modified_gmt":"2024-04-16T09:53:29","slug":"muss-gaerten-in-der-naehe-von-london-sehen","status":"publish","type":"page","link":"https:\/\/www.urlaubcornwall.de\/blog\/muss-gaerten-in-der-naehe-von-london-sehen\/","title":{"rendered":"Muss G\u00e4rten in der N\u00e4he von London sehen"},"content":{"rendered":"<p><img loading=\"lazy\" class=\"aligncenter size-full wp-image-47986\" src=\"https:\/\/www.urlaubcornwall.de\/blog\/wp-content\/uploads\/2024\/03\/hever-castle.jpg\" alt=\"hever castle\" width=\"750\" height=\"500\" srcset=\"https:\/\/www.urlaubcornwall.de\/blog\/wp-content\/uploads\/2024\/03\/hever-castle.jpg 750w, https:\/\/www.urlaubcornwall.de\/blog\/wp-content\/uploads\/2024\/03\/hever-castle-300x200.jpg 300w\" sizes=\"(max-width: 750px) 100vw, 750px\" \/><\/p>\n<p>Ber\u00fchmtesten G\u00e4rten in der N\u00e4he von London &#8211; Es gibt <a href=\"https:\/\/www.urlaubcornwall.de\/gartenreise.php\">viele ber\u00fchmte G\u00e4rten<\/a> innerhalb einer Autostunde von London, von denen jeder eine faszinierende Entwicklungsgeschichte hat. Hier sind einige der bekanntesten G\u00e4rten und ihre Entwicklungen:<\/p>\n<p><a href=\"https:\/\/www.hevercastle.co.uk\/\"rel=\"nofollow\">Hever Castle and Gardens<\/a>: Hever Castle wurde im 13. Jahrhundert erbaut und war sp\u00e4ter das Zuhause von Anne Boleyn, der zweiten Frau von K\u00f6nig Heinrich VIII. Der Garten von Hever Castle in <a href=\"https:\/\/www.urlaubcornwall.de\/reiseziel\/kent.php\">Kent<\/a> ist bekannt f\u00fcr seine Renaissance- und italienischen Einfl\u00fcsse sowie seine vielen Themeng\u00e4rten, darunter den Rose Garden und den Japanese Garden. Der Garten wurde in den 1900er Jahren von William Waldorf Astor erweitert und renoviert.<\/p>\n<p><a href=\"https:\/\/www.nationaltrust.org.uk\/visit\/kent\/sissinghurst-castle-garden\"rel=\"nofollow\">Sissinghurst Castle Garden<\/a>: Der Sissinghurst Castle Garten wurde in den 1930er Jahren von dem bekannten Gartenarchitekten Vita Sackville-West und ihrem Ehemann Harold Nicolson angelegt. Der Garten ist bekannt f\u00fcr seine romantischen Kletterrosen, seine formellen G\u00e4rten und seinen ber\u00fchmten wei\u00dfen Garten. Sissinghurst Castle und der Garten sind heute im Besitz des National Trust.<\/p>\n<p><a href=\"https:\/\/www.greatdixter.co.uk\/\"rel=\"nofollow\">Great Dixter House and Gardens<\/a>: Great Dixter wurde im 15. Jahrhundert erbaut und beherbergte sp\u00e4ter den bekannten Gartenarchitekten Christopher Lloyd. Der Garten von Great Dixter in <a href=\"https:\/\/www.urlaubcornwall.de\/reiseziel\/sussex.php\">Sussex<\/a> ist bekannt f\u00fcr seine unkonventionelle Gestaltung und seine Verwendung von wilden Pflanzen. Der Garten hat sich im Laufe der Jahre st\u00e4ndig weiterentwickelt und umfasst heute viele verschiedene Bereiche, darunter den Long Border Garden, den Orchard Garden und den Exotic Garden.<\/p>\n<p><a href=\"https:\/\/www.rhs.org.uk\/gardens\/hyde-hall\"rel=\"nofollow\">RHS Garden Hyde Hall<\/a>: Der RHS Garden Hyde Hall ist einer der j\u00fcngsten G\u00e4rten auf dieser Liste und wurde 1955 von der Royal Horticultural Society gegr\u00fcndet. Der Garten ist bekannt f\u00fcr seine spektakul\u00e4ren Ausblicke auf die umliegende Landschaft und seine Themeng\u00e4rten, darunter der Dry Garden und der Global Growth Vegetable Garden. Hyde Hall hat sich im Laufe der Jahre st\u00e4ndig weiterentwickelt und umfasst heute mehrere neue Bereiche wie den Hilltop Garden und den Woodland Garden.<\/p>\n<p><a href=\"https:\/\/www.nationaltrust.org.uk\/visit\/oxfordshire-buckinghamshire-berkshire\/cliveden\"rel=\"nofollow\">Cliveden House and Gardens<\/a>: Cliveden wurde im 17. Jahrhundert erbaut und war einst das Zuhause von Nancy Astor, der ersten Frau, die in das britische Parlament gew\u00e4hlt wurde. Der Garten von Cliveden ist bekannt f\u00fcr seine formellen G\u00e4rten, seine Aussichtspunkte auf die Themse und seine vielen Themeng\u00e4rten, darunter den Water Garden und den Parterre Garden. Der Garten hat im Laufe der Jahre viele Ver\u00e4nderungen durchgemacht, darunter eine gro\u00dfe Erweiterung in den 1960er Jahren.<\/p>\n<p>Diese G\u00e4rten sind nur einige Beispiele f\u00fcr die vielen ber\u00fchmten G\u00e4rten innerhalb einer Autostunde von London, von denen jeder eine einzigartige Geschichte und Entwicklungsgeschichte hat.<\/p>\n<h1>Unser Rundreisenservice in S\u00fcdengland<\/h1>\n<p>Weshalb \u00fcber uns buchen?<\/p>\n<p>Firmensitz in Cornwall und ein Team Deutsch sprechender Reisespezialisten.<\/p>\n<p>Wir haben eine Leidenschaft f\u00fcrs Reisen und gestalten den perfekten Urlaub.<\/p>\n<p>Ortskenntnisse und Insidertipps f\u00fcr unsere Kunden.<\/p>\n<p>Sonderangebote und Preisnachl\u00e4sse<\/p>\n<p>S\u00e4mtliche unserer Rundreisen sind durch einen voll versicherten deutschen Reiseveranstalter gesichert.<\/p>\n<p style=\"text-align: center;\"><a class=\"tidycta\" href=\"https:\/\/www.urlaubcornwall.de\/rundreisen\/cornwall-suedengland.php\"> Mehr Info<\/a><\/p>\n<div class=\"snippet\"> <a class=\"featured-item\" href=\"https:\/\/www.urlaubcornwall.de\/ferienhaeuser\/suedengland.php\"> <span class=\"image-holder\" style=\"background-image: url('<img loading=\"lazy\" class=\"aligncenter size-full wp-image-49843\" src=\"https:\/\/www.urlaubcornwall.de\/blog\/wp-content\/uploads\/2024\/04\/village-cricket-dorf.jpg\" alt=\"village-cricket-dorf\" width=\"750\" height=\"500\" srcset=\"https:\/\/www.urlaubcornwall.de\/blog\/wp-content\/uploads\/2024\/04\/village-cricket-dorf.jpg 750w, https:\/\/www.urlaubcornwall.de\/blog\/wp-content\/uploads\/2024\/04\/village-cricket-dorf-300x200.jpg 300w\" sizes=\"(max-width: 750px) 100vw, 750px\"><\/span>&#8216;);&#8221;> <span class=\"featured-content\"> \n<h2 class=\"featured-title\">Ferienh\u00e4user in S\u00fcdengland<\/h2>\n<p class=\"featured-body\">Bei uns finden Sie Ferienh\u00e4user zum Verlieben &#8211; so einfach ist das! Dank seiner langen Geschichte, der reizvollen Landschaften und seinen vielen Attraktionen ist S\u00fcdengland ein wahres Mekka f\u00fcr Urlauber&#8230;..<\/p><\/span> <span class=\"featured-link-holder\"> <span class=\"featured-extra-info\"> \n<p>Pers\u00f6nlich inspizierter Ferienh\u00e4user<\/p>\n<\/span> \n<p class=\"featured-link\">DETAILS<\/p>\n<\/span> <\/a><\/div>\n","protected":false},"excerpt":{"rendered":"<p>Ber\u00fchmtesten G\u00e4rten in der N\u00e4he von London &#8211; Es gibt viele ber\u00fchmte G\u00e4rten innerhalb einer Autostunde von London, von denen jeder eine faszinierende Entwicklungsgeschichte hat. Hier sind einige der bekanntesten G\u00e4rten und ihre Entwicklungen: Hever Castle and Gardens: Hever Castle wurde im 13. Jahrhundert erbaut und war sp\u00e4ter das Zuhause von Anne Boleyn, der zweiten [&hellip;]<\/p>\n","protected":false},"author":1,"featured_media":0,"parent":0,"menu_order":0,"comment_status":"closed","ping_status":"closed","template":"single-four.php","meta":[],"acf":[],"yoast_head":"<!-- This site is optimized with the Yoast SEO plugin v19.4 - https:\/\/yoast.com\/wordpress\/plugins\/seo\/ -->\n<title>Muss G\u00e4rten in der N\u00e4he von London sehen - Urlaub &amp; Reisen<\/title>\n<meta name=\"description\" content=\"Ber\u00fchmtesten G\u00e4rten in der N\u00e4he von London - Es gibt viele ber\u00fchmte G\u00e4rten innerhalb einer Autostunde von London\" \/>\n<meta name=\"robots\" content=\"index, follow, max-snippet:-1, max-image-preview:large, max-video-preview:-1\" \/>\n<link rel=\"canonical\" href=\"https:\/\/www.urlaubcornwall.de\/blog\/muss-gaerten-in-der-naehe-von-london-sehen\/\" \/>\n<meta property=\"og:locale\" content=\"en_US\" \/>\n<meta property=\"og:type\" content=\"article\" \/>\n<meta property=\"og:title\" content=\"Muss G\u00e4rten in der N\u00e4he von London sehen - Urlaub &amp; Reisen\" \/>\n<meta property=\"og:description\" content=\"Ber\u00fchmtesten G\u00e4rten in der N\u00e4he von London - Es gibt viele ber\u00fchmte G\u00e4rten innerhalb einer Autostunde von London\" \/>\n<meta property=\"og:url\" content=\"https:\/\/www.urlaubcornwall.de\/blog\/muss-gaerten-in-der-naehe-von-london-sehen\/\" \/>\n<meta property=\"og:site_name\" content=\"Urlaub &amp; Reisen\" \/>\n<meta property=\"article:modified_time\" content=\"2024-04-16T09:53:29+00:00\" \/>\n<meta property=\"og:image\" content=\"https:\/\/www.urlaubcornwall.de\/blog\/wp-content\/uploads\/2024\/03\/hever-castle.jpg\" \/>\n<meta name=\"twitter:card\" content=\"summary\" \/>\n<meta name=\"twitter:label1\" content=\"Est. reading time\" \/>\n\t<meta name=\"twitter:data1\" content=\"3 minutes\" \/>\n<script type=\"application\/ld+json\" class=\"yoast-schema-graph\">{\"@context\":\"https:\/\/schema.org\",\"@graph\":[{\"@type\":\"WebSite\",\"@id\":\"https:\/\/www.urlaubcornwall.de\/blog\/#website\",\"url\":\"https:\/\/www.urlaubcornwall.de\/blog\/\",\"name\":\"Urlaub &amp; Reisen\",\"description\":\"Urlaub, Reisen, Cornwall und S\u00fcdengland: eine perfekte Kombination\",\"potentialAction\":[{\"@type\":\"SearchAction\",\"target\":{\"@type\":\"EntryPoint\",\"urlTemplate\":\"https:\/\/www.urlaubcornwall.de\/blog\/?s={search_term_string}\"},\"query-input\":\"required name=search_term_string\"}],\"inLanguage\":\"en-US\"},{\"@type\":\"WebPage\",\"@id\":\"https:\/\/www.urlaubcornwall.de\/blog\/muss-gaerten-in-der-naehe-von-london-sehen\/\",\"url\":\"https:\/\/www.urlaubcornwall.de\/blog\/muss-gaerten-in-der-naehe-von-london-sehen\/\",\"name\":\"Muss G\u00e4rten in der N\u00e4he von London sehen - Urlaub &amp; Reisen\",\"isPartOf\":{\"@id\":\"https:\/\/www.urlaubcornwall.de\/blog\/#website\"},\"datePublished\":\"2023-04-27T10:18:34+00:00\",\"dateModified\":\"2024-04-16T09:53:29+00:00\",\"description\":\"Ber\u00fchmtesten G\u00e4rten in der N\u00e4he von London - Es gibt viele ber\u00fchmte G\u00e4rten innerhalb einer Autostunde von London\",\"breadcrumb\":{\"@id\":\"https:\/\/www.urlaubcornwall.de\/blog\/muss-gaerten-in-der-naehe-von-london-sehen\/#breadcrumb\"},\"inLanguage\":\"en-US\",\"potentialAction\":[{\"@type\":\"ReadAction\",\"target\":[\"https:\/\/www.urlaubcornwall.de\/blog\/muss-gaerten-in-der-naehe-von-london-sehen\/\"]}]},{\"@type\":\"BreadcrumbList\",\"@id\":\"https:\/\/www.urlaubcornwall.de\/blog\/muss-gaerten-in-der-naehe-von-london-sehen\/#breadcrumb\",\"itemListElement\":[{\"@type\":\"ListItem\",\"position\":1,\"name\":\"Home\",\"item\":\"https:\/\/www.urlaubcornwall.de\/blog\/\"},{\"@type\":\"ListItem\",\"position\":2,\"name\":\"Muss G\u00e4rten in der N\u00e4he von London sehen\"}]}]}<\/script>\n<!-- \/ Yoast SEO plugin. -->","yoast_head_json":{"title":"Muss G\u00e4rten in der N\u00e4he von London sehen - Urlaub &amp; Reisen","description":"Ber\u00fchmtesten G\u00e4rten in der N\u00e4he von London - Es gibt viele ber\u00fchmte G\u00e4rten innerhalb einer Autostunde von London","robots":{"index":"index","follow":"follow","max-snippet":"max-snippet:-1","max-image-preview":"max-image-preview:large","max-video-preview":"max-video-preview:-1"},"canonical":"https:\/\/www.urlaubcornwall.de\/blog\/muss-gaerten-in-der-naehe-von-london-sehen\/","og_locale":"en_US","og_type":"article","og_title":"Muss G\u00e4rten in der N\u00e4he von London sehen - Urlaub &amp; Reisen","og_description":"Ber\u00fchmtesten G\u00e4rten in der N\u00e4he von London - Es gibt viele ber\u00fchmte G\u00e4rten innerhalb einer Autostunde von London","og_url":"https:\/\/www.urlaubcornwall.de\/blog\/muss-gaerten-in-der-naehe-von-london-sehen\/","og_site_name":"Urlaub &amp; Reisen","article_modified_time":"2024-04-16T09:53:29+00:00","og_image":[{"url":"https:\/\/www.urlaubcornwall.de\/blog\/wp-content\/uploads\/2024\/03\/hever-castle.jpg"}],"twitter_card":"summary","twitter_misc":{"Est. reading time":"3 minutes"},"schema":{"@context":"https:\/\/schema.org","@graph":[{"@type":"WebSite","@id":"https:\/\/www.urlaubcornwall.de\/blog\/#website","url":"https:\/\/www.urlaubcornwall.de\/blog\/","name":"Urlaub &amp; Reisen","description":"Urlaub, Reisen, Cornwall und S\u00fcdengland: eine perfekte Kombination","potentialAction":[{"@type":"SearchAction","target":{"@type":"EntryPoint","urlTemplate":"https:\/\/www.urlaubcornwall.de\/blog\/?s={search_term_string}"},"query-input":"required name=search_term_string"}],"inLanguage":"en-US"},{"@type":"WebPage","@id":"https:\/\/www.urlaubcornwall.de\/blog\/muss-gaerten-in-der-naehe-von-london-sehen\/","url":"https:\/\/www.urlaubcornwall.de\/blog\/muss-gaerten-in-der-naehe-von-london-sehen\/","name":"Muss G\u00e4rten in der N\u00e4he von London sehen - Urlaub &amp; Reisen","isPartOf":{"@id":"https:\/\/www.urlaubcornwall.de\/blog\/#website"},"datePublished":"2023-04-27T10:18:34+00:00","dateModified":"2024-04-16T09:53:29+00:00","description":"Ber\u00fchmtesten G\u00e4rten in der N\u00e4he von London - Es gibt viele ber\u00fchmte G\u00e4rten innerhalb einer Autostunde von London","breadcrumb":{"@id":"https:\/\/www.urlaubcornwall.de\/blog\/muss-gaerten-in-der-naehe-von-london-sehen\/#breadcrumb"},"inLanguage":"en-US","potentialAction":[{"@type":"ReadAction","target":["https:\/\/www.urlaubcornwall.de\/blog\/muss-gaerten-in-der-naehe-von-london-sehen\/"]}]},{"@type":"BreadcrumbList","@id":"https:\/\/www.urlaubcornwall.de\/blog\/muss-gaerten-in-der-naehe-von-london-sehen\/#breadcrumb","itemListElement":[{"@type":"ListItem","position":1,"name":"Home","item":"https:\/\/www.urlaubcornwall.de\/blog\/"},{"@type":"ListItem","position":2,"name":"Muss G\u00e4rten in der N\u00e4he von London sehen"}]}]}},"_links":{"self":[{"href":"https:\/\/www.urlaubcornwall.de\/blog\/wp-json\/wp\/v2\/pages\/46378"}],"collection":[{"href":"https:\/\/www.urlaubcornwall.de\/blog\/wp-json\/wp\/v2\/pages"}],"about":[{"href":"https:\/\/www.urlaubcornwall.de\/blog\/wp-json\/wp\/v2\/types\/page"}],"author":[{"embeddable":true,"href":"https:\/\/www.urlaubcornwall.de\/blog\/wp-json\/wp\/v2\/users\/1"}],"replies":[{"embeddable":true,"href":"https:\/\/www.urlaubcornwall.de\/blog\/wp-json\/wp\/v2\/comments?post=46378"}],"version-history":[{"count":6,"href":"https:\/\/www.urlaubcornwall.de\/blog\/wp-json\/wp\/v2\/pages\/46378\/revisions"}],"predecessor-version":[{"id":49848,"href":"https:\/\/www.urlaubcornwall.de\/blog\/wp-json\/wp\/v2\/pages\/46378\/revisions\/49848"}],"wp:attachment":[{"href":"https:\/\/www.urlaubcornwall.de\/blog\/wp-json\/wp\/v2\/media?parent=46378"}],"curies":[{"name":"wp","href":"https:\/\/api.w.org\/{rel}","templated":true}]}}