{"id":46376,"date":"2023-04-27T09:21:15","date_gmt":"2023-04-27T09:21:15","guid":{"rendered":"https:\/\/www.urlaubcornwall.de\/blog\/?page_id=46376"},"modified":"2024-04-15T15:42:47","modified_gmt":"2024-04-15T15:42:47","slug":"die-geschichte-englands-beruehmtesten-gaerten","status":"publish","type":"page","link":"https:\/\/www.urlaubcornwall.de\/blog\/die-geschichte-englands-beruehmtesten-gaerten\/","title":{"rendered":"Die Geschichte von Englands ber\u00fchmtesten G\u00e4rten"},"content":{"rendered":"<p><img loading=\"lazy\" class=\"aligncenter size-full wp-image-46426\" src=\"https:\/\/www.urlaubcornwall.de\/blog\/wp-content\/uploads\/2024\/03\/sissinghirst.jpg\" alt=\"sissinghirst\" width=\"750\" height=\"563\"\/><\/p>\n<p>England hat eine reiche <a href=\"https:\/\/www.urlaubcornwall.de\/gartenreise.php\">Geschichte von ber\u00fchmten G\u00e4rten<\/a>, die im Laufe der Jahrhunderte von K\u00f6nigen, K\u00f6niginnen, Adligen und reichen B\u00fcrgern angelegt wurden. Hier sind einige der bekanntesten G\u00e4rten Englands und ihre Entwicklungen:<\/p>\n<p>Sissinghurst Castle Garden: Der Sissinghurst Castle Garden in <a href=\"https:\/\/www.urlaubcornwall.de\/reiseziel\/kent.php\">Kent<\/a> wurde in den 1930er Jahren von dem Schriftsteller und Gartenliebhaber Vita Sackville-West und ihrem Ehemann Harold Nicolson angelegt. Der Garten ist ber\u00fchmt f\u00fcr seine romantischen Themeng\u00e4rten, darunter den ber\u00fchmten wei\u00dfen Garten, der mit wei\u00dfen Blumen und Pflanzen bepflanzt ist.<\/p>\n<p>Kew Gardens: Die Kew Gardens in London wurden 1759 gegr\u00fcndet und sind einer der \u00e4ltesten botanischen G\u00e4rten der Welt. Der Garten erstreckt sich \u00fcber 121 Hektar und beherbergt mehr als 50.000 Pflanzenarten. Im Laufe der Zeit wurden die G\u00e4rten immer weiter ausgebaut und umfassen jetzt Gew\u00e4chsh\u00e4user, Pavillons und andere Attraktionen.<\/p>\n<p>Hampton Court Palace Gardens: Die Hampton Court Palace Gardens wurden im 16. Jahrhundert von K\u00f6nig Heinrich VIII. angelegt und sind ber\u00fchmt f\u00fcr ihre barocken G\u00e4rten, Wasserspiele und Labyrinthe. Der Garten erstreckt sich \u00fcber 60 Hektar und umfasst auch den k\u00f6niglichen Park, der einst zum Jagdrevier des K\u00f6nigs geh\u00f6rte.<\/p>\n<p>Hidcote Manor Garden: Der Hidcote Manor Garden in <a href=\"https:\/\/www.urlaubcornwall.de\/reiseziel\/cotswolds.php\">Gloucestershire<\/a> wurde in den 1900er Jahren von Lawrence Johnston, einem amerikanischen Pflanzenliebhaber, angelegt. Der Garten ist ber\u00fchmt f\u00fcr seine \u00fcppigen Blumenbeete, Gartenzimmer und formellen Parterres, die von Hecken und Pflanzen umgeben sind.<\/p>\n<p>Blenheim Palace Gardens: Die <a href=\"https:\/\/www.urlaubcornwall.de\/blog\/urlaubsfuehrer-fuer-den-besuch-des-blenheim-palace\/\">Blenheim Palace<\/a> Gardens in Oxfordshire wurden im 18. Jahrhundert von dem Landschaftsarchitekten Capability Brown angelegt und sind ber\u00fchmt f\u00fcr ihre weitl\u00e4ufigen Rasenfl\u00e4chen, Seen und Alleen. Der Garten ist auch ber\u00fchmt f\u00fcr seine Barockg\u00e4rten und den italienischen Garten.<\/p>\n<p>Diese G\u00e4rten sind nur einige Beispiele f\u00fcr die vielf\u00e4ltigen und ber\u00fchmten G\u00e4rten Englands, die im Laufe der Jahrhunderte angelegt wurden. Jeder Garten hat eine einzigartige Geschichte und Entwicklungsgeschichte, die es zu entdecken und zu genie\u00dfen gilt.<\/p>\n<h1>Unser Rundreisenservice in S\u00fcdengland<\/h1>\n<p>Weshalb \u00fcber uns buchen?<\/p>\n<p>Firmensitz in Cornwall und ein Team Deutsch sprechender Reisespezialisten.<\/p>\n<p>Wir haben eine Leidenschaft f\u00fcrs Reisen und gestalten den perfekten Urlaub.<\/p>\n<p>Ortskenntnisse und Insidertipps f\u00fcr unsere Kunden.<\/p>\n<p>Sonderangebote und Preisnachl\u00e4sse<\/p>\n<p>S\u00e4mtliche unserer Rundreisen sind durch einen voll versicherten deutschen Reiseveranstalter gesichert.<\/p>\n<p style=\"text-align: center;\"><a class=\"tidycta\" href=\"https:\/\/www.urlaubcornwall.de\/rundreisen\/cornwall-suedengland.php\"> Mehr Info<\/a><\/p>\n<div class=\"snippet\"> <a class=\"featured-item\" href=\"https:\/\/www.urlaubcornwall.de\/ferienhaeuser\/suedengland.php\"> <span class=\"image-holder\" style=\"background-image: url('https:\/\/www.urlaubcornwall.de\/blog\/wp-content\/uploads\/2018\/12\/ferienhaus-cornwall-mit-hund.jpg');\"><\/span> <span class=\"featured-content\"> \n<h2 class=\"featured-title\">Ferienh\u00e4user in S\u00fcdengland<\/h2>\n<p class=\"featured-body\">Bei uns finden Sie Ferienh\u00e4user zum Verlieben &#8211; so einfach ist das! Dank seiner langen Geschichte, der reizvollen Landschaften und seinen vielen Attraktionen ist S\u00fcdengland ein wahres Mekka f\u00fcr Urlauber&#8230;..<\/p><\/span> <span class=\"featured-link-holder\"> <span class=\"featured-extra-info\"> \n<p>Pers\u00f6nlich inspizierter Ferienh\u00e4user<\/p>\n<\/span> \n<p class=\"featured-link\">DETAILS<\/p>\n<\/span> <\/a><\/div>\n","protected":false},"excerpt":{"rendered":"<p>England hat eine reiche Geschichte von ber\u00fchmten G\u00e4rten, die im Laufe der Jahrhunderte von K\u00f6nigen, K\u00f6niginnen, Adligen und reichen B\u00fcrgern angelegt wurden. Hier sind einige der bekanntesten G\u00e4rten Englands und ihre Entwicklungen: Sissinghurst Castle Garden: Der Sissinghurst Castle Garden in Kent wurde in den 1930er Jahren von dem Schriftsteller und Gartenliebhaber Vita Sackville-West und ihrem [&hellip;]<\/p>\n","protected":false},"author":1,"featured_media":0,"parent":0,"menu_order":0,"comment_status":"closed","ping_status":"closed","template":"single-four.php","meta":[],"acf":[],"yoast_head":"<!-- This site is optimized with the Yoast SEO plugin v19.4 - https:\/\/yoast.com\/wordpress\/plugins\/seo\/ -->\n<title>Die Geschichte von Englands ber\u00fchmtesten G\u00e4rten - Urlaub &amp; Reisen<\/title>\n<meta name=\"description\" content=\"England hat eine reiche Geschichte von ber\u00fchmten G\u00e4rten, die im Laufe der Jahrhunderte von K\u00f6nigen, K\u00f6niginnen, Adligen und reichen B\u00fcrgern\" \/>\n<meta name=\"robots\" content=\"index, follow, max-snippet:-1, max-image-preview:large, max-video-preview:-1\" \/>\n<link rel=\"canonical\" href=\"https:\/\/www.urlaubcornwall.de\/blog\/die-geschichte-englands-beruehmtesten-gaerten\/\" \/>\n<meta property=\"og:locale\" content=\"en_US\" \/>\n<meta property=\"og:type\" content=\"article\" \/>\n<meta property=\"og:title\" content=\"Die Geschichte von Englands ber\u00fchmtesten G\u00e4rten - Urlaub &amp; Reisen\" \/>\n<meta property=\"og:description\" content=\"England hat eine reiche Geschichte von ber\u00fchmten G\u00e4rten, die im Laufe der Jahrhunderte von K\u00f6nigen, K\u00f6niginnen, Adligen und reichen B\u00fcrgern\" \/>\n<meta property=\"og:url\" content=\"https:\/\/www.urlaubcornwall.de\/blog\/die-geschichte-englands-beruehmtesten-gaerten\/\" \/>\n<meta property=\"og:site_name\" content=\"Urlaub &amp; Reisen\" \/>\n<meta property=\"article:modified_time\" content=\"2024-04-15T15:42:47+00:00\" \/>\n<meta property=\"og:image\" content=\"https:\/\/www.urlaubcornwall.de\/blog\/wp-content\/uploads\/2024\/03\/sissinghirst.jpg\" \/>\n<meta name=\"twitter:card\" content=\"summary\" \/>\n<meta name=\"twitter:label1\" content=\"Est. reading time\" \/>\n\t<meta name=\"twitter:data1\" content=\"2 minutes\" \/>\n<script type=\"application\/ld+json\" class=\"yoast-schema-graph\">{\"@context\":\"https:\/\/schema.org\",\"@graph\":[{\"@type\":\"WebSite\",\"@id\":\"https:\/\/www.urlaubcornwall.de\/blog\/#website\",\"url\":\"https:\/\/www.urlaubcornwall.de\/blog\/\",\"name\":\"Urlaub &amp; Reisen\",\"description\":\"Urlaub, Reisen, Cornwall und S\u00fcdengland: eine perfekte Kombination\",\"potentialAction\":[{\"@type\":\"SearchAction\",\"target\":{\"@type\":\"EntryPoint\",\"urlTemplate\":\"https:\/\/www.urlaubcornwall.de\/blog\/?s={search_term_string}\"},\"query-input\":\"required name=search_term_string\"}],\"inLanguage\":\"en-US\"},{\"@type\":\"WebPage\",\"@id\":\"https:\/\/www.urlaubcornwall.de\/blog\/die-geschichte-englands-beruehmtesten-gaerten\/\",\"url\":\"https:\/\/www.urlaubcornwall.de\/blog\/die-geschichte-englands-beruehmtesten-gaerten\/\",\"name\":\"Die Geschichte von Englands ber\u00fchmtesten G\u00e4rten - Urlaub &amp; Reisen\",\"isPartOf\":{\"@id\":\"https:\/\/www.urlaubcornwall.de\/blog\/#website\"},\"datePublished\":\"2023-04-27T09:21:15+00:00\",\"dateModified\":\"2024-04-15T15:42:47+00:00\",\"description\":\"England hat eine reiche Geschichte von ber\u00fchmten G\u00e4rten, die im Laufe der Jahrhunderte von K\u00f6nigen, K\u00f6niginnen, Adligen und reichen B\u00fcrgern\",\"breadcrumb\":{\"@id\":\"https:\/\/www.urlaubcornwall.de\/blog\/die-geschichte-englands-beruehmtesten-gaerten\/#breadcrumb\"},\"inLanguage\":\"en-US\",\"potentialAction\":[{\"@type\":\"ReadAction\",\"target\":[\"https:\/\/www.urlaubcornwall.de\/blog\/die-geschichte-englands-beruehmtesten-gaerten\/\"]}]},{\"@type\":\"BreadcrumbList\",\"@id\":\"https:\/\/www.urlaubcornwall.de\/blog\/die-geschichte-englands-beruehmtesten-gaerten\/#breadcrumb\",\"itemListElement\":[{\"@type\":\"ListItem\",\"position\":1,\"name\":\"Home\",\"item\":\"https:\/\/www.urlaubcornwall.de\/blog\/\"},{\"@type\":\"ListItem\",\"position\":2,\"name\":\"Die Geschichte von Englands ber\u00fchmtesten G\u00e4rten\"}]}]}<\/script>\n<!-- \/ Yoast SEO plugin. -->","yoast_head_json":{"title":"Die Geschichte von Englands ber\u00fchmtesten G\u00e4rten - Urlaub &amp; Reisen","description":"England hat eine reiche Geschichte von ber\u00fchmten G\u00e4rten, die im Laufe der Jahrhunderte von K\u00f6nigen, K\u00f6niginnen, Adligen und reichen B\u00fcrgern","robots":{"index":"index","follow":"follow","max-snippet":"max-snippet:-1","max-image-preview":"max-image-preview:large","max-video-preview":"max-video-preview:-1"},"canonical":"https:\/\/www.urlaubcornwall.de\/blog\/die-geschichte-englands-beruehmtesten-gaerten\/","og_locale":"en_US","og_type":"article","og_title":"Die Geschichte von Englands ber\u00fchmtesten G\u00e4rten - Urlaub &amp; Reisen","og_description":"England hat eine reiche Geschichte von ber\u00fchmten G\u00e4rten, die im Laufe der Jahrhunderte von K\u00f6nigen, K\u00f6niginnen, Adligen und reichen B\u00fcrgern","og_url":"https:\/\/www.urlaubcornwall.de\/blog\/die-geschichte-englands-beruehmtesten-gaerten\/","og_site_name":"Urlaub &amp; Reisen","article_modified_time":"2024-04-15T15:42:47+00:00","og_image":[{"url":"https:\/\/www.urlaubcornwall.de\/blog\/wp-content\/uploads\/2024\/03\/sissinghirst.jpg"}],"twitter_card":"summary","twitter_misc":{"Est. reading time":"2 minutes"},"schema":{"@context":"https:\/\/schema.org","@graph":[{"@type":"WebSite","@id":"https:\/\/www.urlaubcornwall.de\/blog\/#website","url":"https:\/\/www.urlaubcornwall.de\/blog\/","name":"Urlaub &amp; Reisen","description":"Urlaub, Reisen, Cornwall und S\u00fcdengland: eine perfekte Kombination","potentialAction":[{"@type":"SearchAction","target":{"@type":"EntryPoint","urlTemplate":"https:\/\/www.urlaubcornwall.de\/blog\/?s={search_term_string}"},"query-input":"required name=search_term_string"}],"inLanguage":"en-US"},{"@type":"WebPage","@id":"https:\/\/www.urlaubcornwall.de\/blog\/die-geschichte-englands-beruehmtesten-gaerten\/","url":"https:\/\/www.urlaubcornwall.de\/blog\/die-geschichte-englands-beruehmtesten-gaerten\/","name":"Die Geschichte von Englands ber\u00fchmtesten G\u00e4rten - Urlaub &amp; Reisen","isPartOf":{"@id":"https:\/\/www.urlaubcornwall.de\/blog\/#website"},"datePublished":"2023-04-27T09:21:15+00:00","dateModified":"2024-04-15T15:42:47+00:00","description":"England hat eine reiche Geschichte von ber\u00fchmten G\u00e4rten, die im Laufe der Jahrhunderte von K\u00f6nigen, K\u00f6niginnen, Adligen und reichen B\u00fcrgern","breadcrumb":{"@id":"https:\/\/www.urlaubcornwall.de\/blog\/die-geschichte-englands-beruehmtesten-gaerten\/#breadcrumb"},"inLanguage":"en-US","potentialAction":[{"@type":"ReadAction","target":["https:\/\/www.urlaubcornwall.de\/blog\/die-geschichte-englands-beruehmtesten-gaerten\/"]}]},{"@type":"BreadcrumbList","@id":"https:\/\/www.urlaubcornwall.de\/blog\/die-geschichte-englands-beruehmtesten-gaerten\/#breadcrumb","itemListElement":[{"@type":"ListItem","position":1,"name":"Home","item":"https:\/\/www.urlaubcornwall.de\/blog\/"},{"@type":"ListItem","position":2,"name":"Die Geschichte von Englands ber\u00fchmtesten G\u00e4rten"}]}]}},"_links":{"self":[{"href":"https:\/\/www.urlaubcornwall.de\/blog\/wp-json\/wp\/v2\/pages\/46376"}],"collection":[{"href":"https:\/\/www.urlaubcornwall.de\/blog\/wp-json\/wp\/v2\/pages"}],"about":[{"href":"https:\/\/www.urlaubcornwall.de\/blog\/wp-json\/wp\/v2\/types\/page"}],"author":[{"embeddable":true,"href":"https:\/\/www.urlaubcornwall.de\/blog\/wp-json\/wp\/v2\/users\/1"}],"replies":[{"embeddable":true,"href":"https:\/\/www.urlaubcornwall.de\/blog\/wp-json\/wp\/v2\/comments?post=46376"}],"version-history":[{"count":5,"href":"https:\/\/www.urlaubcornwall.de\/blog\/wp-json\/wp\/v2\/pages\/46376\/revisions"}],"predecessor-version":[{"id":49724,"href":"https:\/\/www.urlaubcornwall.de\/blog\/wp-json\/wp\/v2\/pages\/46376\/revisions\/49724"}],"wp:attachment":[{"href":"https:\/\/www.urlaubcornwall.de\/blog\/wp-json\/wp\/v2\/media?parent=46376"}],"curies":[{"name":"wp","href":"https:\/\/api.w.org\/{rel}","templated":true}]}}