{"id":46364,"date":"2023-04-27T13:19:17","date_gmt":"2023-04-27T13:19:17","guid":{"rendered":"https:\/\/www.urlaubcornwall.de\/blog\/?page_id=46364"},"modified":"2024-05-31T11:50:44","modified_gmt":"2024-05-31T11:50:44","slug":"wie-macht-man-das-beste-aus-einem-besuch-in-dartmoor","status":"publish","type":"page","link":"https:\/\/www.urlaubcornwall.de\/blog\/wie-macht-man-das-beste-aus-einem-besuch-in-dartmoor\/","title":{"rendered":"Wie macht man das Beste aus einem Besuch in Dartmoor?"},"content":{"rendered":"<p><a href=\"https:\/\/www.urlaubcornwall.de\/blog\/wp-content\/uploads\/2024\/03\/dartmoor.jpg\"><img loading=\"lazy\" src=\"https:\/\/www.urlaubcornwall.de\/blog\/wp-content\/uploads\/2024\/03\/dartmoor.jpg\" alt=\"dartmoor\" width=\"750\" height=\"500\" class=\"alignnone size-full wp-image-47878\" srcset=\"https:\/\/www.urlaubcornwall.de\/blog\/wp-content\/uploads\/2024\/03\/dartmoor.jpg 750w, https:\/\/www.urlaubcornwall.de\/blog\/wp-content\/uploads\/2024\/03\/dartmoor-300x200.jpg 300w\" sizes=\"(max-width: 750px) 100vw, 750px\" \/><\/a><br \/>\nDartmoor in <a href=\"https:\/\/www.urlaubcornwall.de\/reiseziel\/devon.php\">Devon<\/a> ist ein riesiges, <a href=\"https:\/\/www.urlaubcornwall.de\/blog\/urlaub-dartmoor-unterkunft-sehenswuerdigkeiten-und-geschichte\/\">wildes und faszinierendes Gebiet im S\u00fcdwesten Englands<\/a>. Hier sind einige Tipps, um das Beste aus Ihrem Besuch auf Dartmoor zu machen:<\/p>\n<p>Machen Sie eine Wanderung: Dartmoor ist ein Paradies f\u00fcr Wanderer mit einer Vielzahl von Wanderwegen und Routen. Sie k\u00f6nnen eine kurze Wanderung durch die T\u00e4ler und Moore machen oder sich an einen der vielen anspruchsvollen Gipfel wagen.<\/p>\n<p>Besuchen Sie historische St\u00e4tten: Dartmoor ist reich an Geschichte und hat eine Vielzahl von pr\u00e4historischen St\u00e4tten wie Steinkreise, Grabh\u00fcgel und Steinreihen. Besuchen Sie auch das Tor Royal, das ehemalige Jagdschloss von K\u00f6nig Charles II.<\/p>\n<p>Machen Sie eine Fahrt mit der Dampfeisenbahn: Die <a href=\"https:\/\/www.southdevonrailway.co.uk\/\"rel=\"nofollow\">Dampfeisenbahn von Dartmoor<\/a> ist eine nostalgische M\u00f6glichkeit, die Landschaft zu erkunden. Sie k\u00f6nnen eine malerische Fahrt durch die T\u00e4ler und H\u00fcgel unternehmen und die Landschaft genie\u00dfen.<\/p>\n<p>Besuchen Sie das Dartmoor Prison Museum: Das Dartmoor Prison Museum bietet Einblicke in das Leben und die Geschichten der Gefangenen und W\u00e4rter im ber\u00fchmten Hochsicherheitsgef\u00e4ngnis von Dartmoor.<\/p>\n<p>Probieren Sie lokale Spezialit\u00e4ten: Dartmoor ist bekannt f\u00fcr seine hervorragenden lokalen Spezialit\u00e4ten wie Devonshire Cream Tea, Pasteten und Ale. Besuchen Sie auch den <a href=\"https:\/\/www.urlaubcornwall.de\/ferienhaeuser-fewos\/eng\/sued-devon\/tavistock.html\">Tavistock<\/a> Farmers Market, wo Sie lokale Produkte und Spezialit\u00e4ten finden k\u00f6nnen.<\/p>\n<p>Genie\u00dfen Sie die Tierwelt: Dartmoor ist ein Lebensraum f\u00fcr eine Vielzahl von Tieren wie Ponys, Schafen, K\u00fchen und Hirschen. Sie k\u00f6nnen auch eine Vielzahl von V\u00f6geln wie Falken, Eulen und Kiebitzen beobachten.<\/p>\n<p>Besuchen Sie die G\u00e4rten von Castle Drogo: Die G\u00e4rten von <a href=\"https:\/\/www.nationaltrust.org.uk\/visit\/devon\/castle-drogo\"rel=\"nofollow\">Castle Drogo<\/a> sind ein Paradies f\u00fcr Gartenliebhaber mit herrlichen Blumen, B\u00e4umen und Str\u00e4uchern. Hier k\u00f6nnen Sie durch die gepflegten G\u00e4rten spazieren und die Aussicht auf das Tal genie\u00dfen.<\/p>\n<p>Erkunden Sie das Princetown Visitor Centre: Das Princetown Visitor Centre bietet eine F\u00fclle von Informationen \u00fcber Dartmoor, einschlie\u00dflich der Geschichte, Tierwelt und Landschaft. Hier k\u00f6nnen Sie auch gef\u00fchrte Touren buchen und lokale Karten und F\u00fchrer kaufen.<\/p>\n<p>Insgesamt gibt es auf Dartmoor viel zu sehen und zu erleben, und diese Tipps sollten Ihnen helfen, das Beste aus Ihrem Besuch zu machen. Vergessen Sie nicht, sich auf das unvorhersehbare Wetter und die rauen Landschaften vorzubereiten, um ein unvergessliches Abenteuer auf Dartmoor zu erleben.<\/p>\n<p style=\"text-align: center;\"><a class=\"tidycta\" href=\"https:\/\/www.urlaubcornwall.de\/ferienhaeuser-fewos\/eng\/sued-devon\/devon-dartmoor.html\">Suche Ferienh\u00e4user in Dartmoor<\/a><\/p>\n","protected":false},"excerpt":{"rendered":"<p>Dartmoor in Devon ist ein riesiges, wildes und faszinierendes Gebiet im S\u00fcdwesten Englands. Hier sind einige Tipps, um das Beste aus Ihrem Besuch auf Dartmoor zu machen: Machen Sie eine Wanderung: Dartmoor ist ein Paradies f\u00fcr Wanderer mit einer Vielzahl von Wanderwegen und Routen. Sie k\u00f6nnen eine kurze Wanderung durch die T\u00e4ler und Moore machen [&hellip;]<\/p>\n","protected":false},"author":1,"featured_media":0,"parent":0,"menu_order":0,"comment_status":"closed","ping_status":"closed","template":"single-four.php","meta":[],"acf":[],"yoast_head":"<!-- This site is optimized with the Yoast SEO plugin v19.4 - https:\/\/yoast.com\/wordpress\/plugins\/seo\/ -->\n<title>Wie macht man das Beste aus einem Besuch in Dartmoor? - Urlaub &amp; Reisen<\/title>\n<meta name=\"description\" content=\"Dartmoor ist ein riesiges, wildes und faszinierendes Gebiet im S\u00fcdwesten Englands. Hier sind einige Tipps, um das Beste\" \/>\n<meta name=\"robots\" content=\"index, follow, max-snippet:-1, max-image-preview:large, max-video-preview:-1\" \/>\n<link rel=\"canonical\" href=\"https:\/\/www.urlaubcornwall.de\/blog\/wie-macht-man-das-beste-aus-einem-besuch-in-dartmoor\/\" \/>\n<meta property=\"og:locale\" content=\"en_US\" \/>\n<meta property=\"og:type\" content=\"article\" \/>\n<meta property=\"og:title\" content=\"Wie macht man das Beste aus einem Besuch in Dartmoor? - Urlaub &amp; Reisen\" \/>\n<meta property=\"og:description\" content=\"Dartmoor ist ein riesiges, wildes und faszinierendes Gebiet im S\u00fcdwesten Englands. Hier sind einige Tipps, um das Beste\" \/>\n<meta property=\"og:url\" content=\"https:\/\/www.urlaubcornwall.de\/blog\/wie-macht-man-das-beste-aus-einem-besuch-in-dartmoor\/\" \/>\n<meta property=\"og:site_name\" content=\"Urlaub &amp; Reisen\" \/>\n<meta property=\"article:modified_time\" content=\"2024-05-31T11:50:44+00:00\" \/>\n<meta property=\"og:image\" content=\"https:\/\/www.urlaubcornwall.de\/blog\/wp-content\/uploads\/2024\/03\/dartmoor.jpg\" \/>\n<meta name=\"twitter:card\" content=\"summary\" \/>\n<meta name=\"twitter:label1\" content=\"Est. reading time\" \/>\n\t<meta name=\"twitter:data1\" content=\"2 minutes\" \/>\n<script type=\"application\/ld+json\" class=\"yoast-schema-graph\">{\"@context\":\"https:\/\/schema.org\",\"@graph\":[{\"@type\":\"WebSite\",\"@id\":\"https:\/\/www.urlaubcornwall.de\/blog\/#website\",\"url\":\"https:\/\/www.urlaubcornwall.de\/blog\/\",\"name\":\"Urlaub &amp; Reisen\",\"description\":\"Urlaub, Reisen, Cornwall und S\u00fcdengland: eine perfekte Kombination\",\"potentialAction\":[{\"@type\":\"SearchAction\",\"target\":{\"@type\":\"EntryPoint\",\"urlTemplate\":\"https:\/\/www.urlaubcornwall.de\/blog\/?s={search_term_string}\"},\"query-input\":\"required name=search_term_string\"}],\"inLanguage\":\"en-US\"},{\"@type\":\"WebPage\",\"@id\":\"https:\/\/www.urlaubcornwall.de\/blog\/wie-macht-man-das-beste-aus-einem-besuch-in-dartmoor\/\",\"url\":\"https:\/\/www.urlaubcornwall.de\/blog\/wie-macht-man-das-beste-aus-einem-besuch-in-dartmoor\/\",\"name\":\"Wie macht man das Beste aus einem Besuch in Dartmoor? - Urlaub &amp; Reisen\",\"isPartOf\":{\"@id\":\"https:\/\/www.urlaubcornwall.de\/blog\/#website\"},\"datePublished\":\"2023-04-27T13:19:17+00:00\",\"dateModified\":\"2024-05-31T11:50:44+00:00\",\"description\":\"Dartmoor ist ein riesiges, wildes und faszinierendes Gebiet im S\u00fcdwesten Englands. Hier sind einige Tipps, um das Beste\",\"breadcrumb\":{\"@id\":\"https:\/\/www.urlaubcornwall.de\/blog\/wie-macht-man-das-beste-aus-einem-besuch-in-dartmoor\/#breadcrumb\"},\"inLanguage\":\"en-US\",\"potentialAction\":[{\"@type\":\"ReadAction\",\"target\":[\"https:\/\/www.urlaubcornwall.de\/blog\/wie-macht-man-das-beste-aus-einem-besuch-in-dartmoor\/\"]}]},{\"@type\":\"BreadcrumbList\",\"@id\":\"https:\/\/www.urlaubcornwall.de\/blog\/wie-macht-man-das-beste-aus-einem-besuch-in-dartmoor\/#breadcrumb\",\"itemListElement\":[{\"@type\":\"ListItem\",\"position\":1,\"name\":\"Home\",\"item\":\"https:\/\/www.urlaubcornwall.de\/blog\/\"},{\"@type\":\"ListItem\",\"position\":2,\"name\":\"Wie macht man das Beste aus einem Besuch in Dartmoor?\"}]}]}<\/script>\n<!-- \/ Yoast SEO plugin. -->","yoast_head_json":{"title":"Wie macht man das Beste aus einem Besuch in Dartmoor? - Urlaub &amp; Reisen","description":"Dartmoor ist ein riesiges, wildes und faszinierendes Gebiet im S\u00fcdwesten Englands. Hier sind einige Tipps, um das Beste","robots":{"index":"index","follow":"follow","max-snippet":"max-snippet:-1","max-image-preview":"max-image-preview:large","max-video-preview":"max-video-preview:-1"},"canonical":"https:\/\/www.urlaubcornwall.de\/blog\/wie-macht-man-das-beste-aus-einem-besuch-in-dartmoor\/","og_locale":"en_US","og_type":"article","og_title":"Wie macht man das Beste aus einem Besuch in Dartmoor? - Urlaub &amp; Reisen","og_description":"Dartmoor ist ein riesiges, wildes und faszinierendes Gebiet im S\u00fcdwesten Englands. Hier sind einige Tipps, um das Beste","og_url":"https:\/\/www.urlaubcornwall.de\/blog\/wie-macht-man-das-beste-aus-einem-besuch-in-dartmoor\/","og_site_name":"Urlaub &amp; Reisen","article_modified_time":"2024-05-31T11:50:44+00:00","og_image":[{"url":"https:\/\/www.urlaubcornwall.de\/blog\/wp-content\/uploads\/2024\/03\/dartmoor.jpg"}],"twitter_card":"summary","twitter_misc":{"Est. reading time":"2 minutes"},"schema":{"@context":"https:\/\/schema.org","@graph":[{"@type":"WebSite","@id":"https:\/\/www.urlaubcornwall.de\/blog\/#website","url":"https:\/\/www.urlaubcornwall.de\/blog\/","name":"Urlaub &amp; Reisen","description":"Urlaub, Reisen, Cornwall und S\u00fcdengland: eine perfekte Kombination","potentialAction":[{"@type":"SearchAction","target":{"@type":"EntryPoint","urlTemplate":"https:\/\/www.urlaubcornwall.de\/blog\/?s={search_term_string}"},"query-input":"required name=search_term_string"}],"inLanguage":"en-US"},{"@type":"WebPage","@id":"https:\/\/www.urlaubcornwall.de\/blog\/wie-macht-man-das-beste-aus-einem-besuch-in-dartmoor\/","url":"https:\/\/www.urlaubcornwall.de\/blog\/wie-macht-man-das-beste-aus-einem-besuch-in-dartmoor\/","name":"Wie macht man das Beste aus einem Besuch in Dartmoor? - Urlaub &amp; Reisen","isPartOf":{"@id":"https:\/\/www.urlaubcornwall.de\/blog\/#website"},"datePublished":"2023-04-27T13:19:17+00:00","dateModified":"2024-05-31T11:50:44+00:00","description":"Dartmoor ist ein riesiges, wildes und faszinierendes Gebiet im S\u00fcdwesten Englands. Hier sind einige Tipps, um das Beste","breadcrumb":{"@id":"https:\/\/www.urlaubcornwall.de\/blog\/wie-macht-man-das-beste-aus-einem-besuch-in-dartmoor\/#breadcrumb"},"inLanguage":"en-US","potentialAction":[{"@type":"ReadAction","target":["https:\/\/www.urlaubcornwall.de\/blog\/wie-macht-man-das-beste-aus-einem-besuch-in-dartmoor\/"]}]},{"@type":"BreadcrumbList","@id":"https:\/\/www.urlaubcornwall.de\/blog\/wie-macht-man-das-beste-aus-einem-besuch-in-dartmoor\/#breadcrumb","itemListElement":[{"@type":"ListItem","position":1,"name":"Home","item":"https:\/\/www.urlaubcornwall.de\/blog\/"},{"@type":"ListItem","position":2,"name":"Wie macht man das Beste aus einem Besuch in Dartmoor?"}]}]}},"_links":{"self":[{"href":"https:\/\/www.urlaubcornwall.de\/blog\/wp-json\/wp\/v2\/pages\/46364"}],"collection":[{"href":"https:\/\/www.urlaubcornwall.de\/blog\/wp-json\/wp\/v2\/pages"}],"about":[{"href":"https:\/\/www.urlaubcornwall.de\/blog\/wp-json\/wp\/v2\/types\/page"}],"author":[{"embeddable":true,"href":"https:\/\/www.urlaubcornwall.de\/blog\/wp-json\/wp\/v2\/users\/1"}],"replies":[{"embeddable":true,"href":"https:\/\/www.urlaubcornwall.de\/blog\/wp-json\/wp\/v2\/comments?post=46364"}],"version-history":[{"count":3,"href":"https:\/\/www.urlaubcornwall.de\/blog\/wp-json\/wp\/v2\/pages\/46364\/revisions"}],"predecessor-version":[{"id":51337,"href":"https:\/\/www.urlaubcornwall.de\/blog\/wp-json\/wp\/v2\/pages\/46364\/revisions\/51337"}],"wp:attachment":[{"href":"https:\/\/www.urlaubcornwall.de\/blog\/wp-json\/wp\/v2\/media?parent=46364"}],"curies":[{"name":"wp","href":"https:\/\/api.w.org\/{rel}","templated":true}]}}