{"id":46354,"date":"2023-04-19T12:37:20","date_gmt":"2023-04-19T12:37:20","guid":{"rendered":"https:\/\/www.urlaubcornwall.de\/blog\/?page_id=46354"},"modified":"2024-05-31T11:47:20","modified_gmt":"2024-05-31T11:47:20","slug":"was-ist-schoener-im-norden-oder-sueden-von-cornwall","status":"publish","type":"page","link":"https:\/\/www.urlaubcornwall.de\/blog\/was-ist-schoener-im-norden-oder-sueden-von-cornwall\/","title":{"rendered":"Was ist sch\u00f6ner im Norden oder S\u00fcden von Cornwall?"},"content":{"rendered":"<p>Beide, der Norden und der S\u00fcden von <a href=\"https:\/\/www.urlaubcornwall.de\/reiseziel\/cornwall.php\">Cornwall<\/a>, haben ihren eigenen Charme und bieten eine F\u00fclle von Sch\u00f6nheit und Attraktionen. Hier sind einige Gr\u00fcnde und Beispiele, was jeder Teil von Cornwall zu bieten hat:<\/p>\n<p><a href=\"https:\/\/www.urlaubcornwall.de\/blog\/die-cornische-riviera-hoehepunkte-und-orte-die-sie-unbedingt-sehen-muessen\/\">S\u00fcd-Cornwall:<\/a><\/p>\n<p><img loading=\"lazy\" class=\"aligncenter size-full wp-image-42216\" src=\"https:\/\/www.urlaubcornwall.de\/blog\/wp-content\/uploads\/2021\/08\/pendower-strand_urlaub2.jpg\" alt=\"pendower strand_urlaub\" width=\"750\" height=\"536\" srcset=\"https:\/\/www.urlaubcornwall.de\/blog\/wp-content\/uploads\/2021\/08\/pendower-strand_urlaub2.jpg 750w, https:\/\/www.urlaubcornwall.de\/blog\/wp-content\/uploads\/2021\/08\/pendower-strand_urlaub2-300x214.jpg 300w\" sizes=\"(max-width: 750px) 100vw, 750px\" \/><\/p>\n<p><a href=\"https:\/\/www.urlaubcornwall.de\/blog\/schoensten-straende-an-der-suedkueste-cornwall\/\">Sch\u00f6ne Str\u00e4nde<\/a>: Der S\u00fcden von Cornwall ist ber\u00fchmt f\u00fcr seine malerischen Str\u00e4nde, wie Porthcurno, Praa Sands, Sennen Cove und Gyllyngvase, die kristallklares Wasser und goldene Sandstr\u00e4nde bieten.<\/p>\n<p>Geschichte und Kultur: <a href=\"https:\/\/www.urlaubcornwall.de\/ferienhaeuser-fewos\/suedkueste-cornwall.html\">S\u00fcd-Cornwall<\/a> hat eine reiche Geschichte und Kultur zu bieten, von den geheimnisvollen Lost Gardens of Heligan \u00fcber das Minack Theatre bis hin zu den <a href=\"https:\/\/www.urlaubcornwall.de\/blog\/national-trust-historische-haeuser-cornwall-devon\/\">National Trust-Attraktionen<\/a> wie Lanhydrock House und Trelissick Gardens.<\/p>\n<p>Essen und Trinken: S\u00fcd-Cornwall ist auch bekannt f\u00fcr seine kulinarischen K\u00f6stlichkeiten, insbesondere Meeresfr\u00fcchte, mit vielen hervorragenden Restaurants und Pubs, darunter <a href=\"https:\/\/www.hiddenhut.co.uk\/\"rel=\"nofollow\">The Hidden Hut<\/a> und <a href=\"https:\/\/www.pandorainn.com\/\"rel=\"nofollow\">The Pandora Inn<\/a>.<\/p>\n<div class=\"snippet\"> <a class=\"featured-item\" href=\"https:\/\/www.urlaubcornwall.de\/ferienhaeuser\/suedengland.php\"> <span class=\"image-holder\" style=\"background-image: url('https:\/\/www.urlaubcornwall.de\/blog\/wp-content\/uploads\/2024\/03\/ferienhaus-england-cornwall.jpg');\"><\/span> <span class=\"featured-content\"> \n<h2 class=\"featured-title\">Ferienh\u00e4user in Cornwall &#038; S\u00fcdengland<\/h2>\n<p class=\"featured-body\">Bei uns finden Sie Ferienh\u00e4user zum Verlieben &#8211; so einfach ist das! Dank seiner langen Geschichte, der reizvollen Landschaften und seinen vielen Attraktionen ist S\u00fcdengland ein wahres Mekka f\u00fcr Urlauber&#8230;..<\/p><\/span> <span class=\"featured-link-holder\"> <span class=\"featured-extra-info\"> \n<p>Pers\u00f6nlich inspizierter Ferienh\u00e4user<\/p>\n<\/span> \n<p class=\"featured-link\">DETAILS<\/p>\n<\/span> <\/a><\/div>\n<p><a href=\"https:\/\/www.urlaubcornwall.de\/blog\/hoehepunkte-und-orte-die-gruppen-an-der-nordkueste-cornwalls-gesehen-haben-muessen\/\">Nord-Cornwall:<\/a><\/p>\n<p><img loading=\"lazy\" class=\"aligncenter size-full wp-image-50931\" src=\"https:\/\/www.urlaubcornwall.de\/blog\/wp-content\/uploads\/2024\/05\/tintagel_bridge.jpg\" alt=\"tintagel_bridge\" width=\"750\" height=\"643\" srcset=\"https:\/\/www.urlaubcornwall.de\/blog\/wp-content\/uploads\/2024\/05\/tintagel_bridge.jpg 750w, https:\/\/www.urlaubcornwall.de\/blog\/wp-content\/uploads\/2024\/05\/tintagel_bridge-300x257.jpg 300w\" sizes=\"(max-width: 750px) 100vw, 750px\" \/><\/p>\n<p>Dramatische Landschaften: Der <a href=\"https:\/\/www.urlaubcornwall.de\/ferienhaeuser-fewos\/nordkueste-cornwall.html\">Norden von Cornwall<\/a> ist ber\u00fchmt f\u00fcr seine dramatischen K\u00fcstenlandschaften, wie den beeindruckenden Klippenpfad am Bedruthan Steps und das atemberaubende Bucht von Crackington Haven.<\/p>\n<p>Abgeschiedenheit: Der Norden von Cornwall ist etwas weniger touristisch als der S\u00fcden und bietet abgelegene Orte wie <a href=\"https:\/\/www.urlaubcornwall.de\/ferienhaeuser-fewos\/boscastle.html\">Boscastle<\/a>, Port Quin und St. Agnes Head.<\/p>\n<p>Aktivit\u00e4ten im Freien: Der Norden von Cornwall ist ideal f\u00fcr Aktivit\u00e4ten im Freien wie Surfen, Kajakfahren und <a href=\"https:\/\/www.urlaubcornwall.de\/wanderurlaub\/cornwall.php\">Wandern<\/a>, mit vielen Outdoor-Aktivit\u00e4tszentren und Verleihgesch\u00e4ften.<\/p>\n<p>Letztendlich h\u00e4ngt es von Ihren pers\u00f6nlichen Vorlieben ab, welcher Teil von Cornwall f\u00fcr Sie sch\u00f6ner ist. Wenn Sie sich f\u00fcr historische St\u00e4tten, Kultur und kulinarische K\u00f6stlichkeiten interessieren, k\u00f6nnte der S\u00fcden von Cornwall f\u00fcr Sie passen. Wenn Sie jedoch dramatische Landschaften, abgelegene Orte und Aktivit\u00e4ten im Freien bevorzugen, ist der Norden von Cornwall m\u00f6glicherweise das Richtige f\u00fcr Sie.<\/p>\n<h1><a href=\"https:\/\/www.urlaubcornwall.de\/rundreisen\/cornwall-suedengland.php\">Unser Rundreisenservice in Cornwall &#038; Devon<\/a><\/h1>\n<p>Weshalb \u00fcber uns buchen?<\/p>\n<p>Firmensitz in Cornwall und ein Team Deutsch sprechender Reisespezialisten.<\/p>\n<p>Wir haben eine Leidenschaft f\u00fcrs Reisen und gestalten den perfekten Urlaub.<\/p>\n<p>Ortskenntnisse und Insidertipps f\u00fcr unsere Kunden.<\/p>\n<p>Sonderangebote und Preisnachl\u00e4sse<\/p>\n<p>S\u00e4mtliche unserer Rundreisen sind durch einen voll versicherten deutschen Reiseveranstalter gesichert.<\/p>\n<p style=\"text-align: center;\"><a class=\"tidycta\" href=\"https:\/\/www.urlaubcornwall.de\/rundreisen\/cornwall-suedengland.php\"> Mehr Info<\/a><\/p>\n","protected":false},"excerpt":{"rendered":"<p>Beide, der Norden und der S\u00fcden von Cornwall, haben ihren eigenen Charme und bieten eine F\u00fclle von Sch\u00f6nheit und Attraktionen. Hier sind einige Gr\u00fcnde und Beispiele, was jeder Teil von Cornwall zu bieten hat: S\u00fcd-Cornwall: Sch\u00f6ne Str\u00e4nde: Der S\u00fcden von Cornwall ist ber\u00fchmt f\u00fcr seine malerischen Str\u00e4nde, wie Porthcurno, Praa Sands, Sennen Cove und Gyllyngvase, [&hellip;]<\/p>\n","protected":false},"author":1,"featured_media":0,"parent":0,"menu_order":0,"comment_status":"closed","ping_status":"closed","template":"single-four.php","meta":[],"acf":[],"yoast_head":"<!-- This site is optimized with the Yoast SEO plugin v19.4 - https:\/\/yoast.com\/wordpress\/plugins\/seo\/ -->\n<title>Was ist sch\u00f6ner im Norden oder S\u00fcden von Cornwall? - Urlaub &amp; Reisen<\/title>\n<meta name=\"description\" content=\"Sowohl der Norden als auch der S\u00fcden von Cornwall haben ihre eigenen Vorz\u00fcge und Sch\u00f6nheiten. Im Norden von Cornwall findet man\" \/>\n<meta name=\"robots\" content=\"index, follow, max-snippet:-1, max-image-preview:large, max-video-preview:-1\" \/>\n<link rel=\"canonical\" href=\"https:\/\/www.urlaubcornwall.de\/blog\/was-ist-schoener-im-norden-oder-sueden-von-cornwall\/\" \/>\n<meta property=\"og:locale\" content=\"en_US\" \/>\n<meta property=\"og:type\" content=\"article\" \/>\n<meta property=\"og:title\" content=\"Was ist sch\u00f6ner im Norden oder S\u00fcden von Cornwall? - Urlaub &amp; Reisen\" \/>\n<meta property=\"og:description\" content=\"Sowohl der Norden als auch der S\u00fcden von Cornwall haben ihre eigenen Vorz\u00fcge und Sch\u00f6nheiten. Im Norden von Cornwall findet man\" \/>\n<meta property=\"og:url\" content=\"https:\/\/www.urlaubcornwall.de\/blog\/was-ist-schoener-im-norden-oder-sueden-von-cornwall\/\" \/>\n<meta property=\"og:site_name\" content=\"Urlaub &amp; Reisen\" \/>\n<meta property=\"article:modified_time\" content=\"2024-05-31T11:47:20+00:00\" \/>\n<meta property=\"og:image\" content=\"https:\/\/www.urlaubcornwall.de\/blog\/wp-content\/uploads\/2021\/08\/pendower-strand_urlaub2.jpg\" \/>\n<meta name=\"twitter:card\" content=\"summary\" \/>\n<meta name=\"twitter:label1\" content=\"Est. reading time\" \/>\n\t<meta name=\"twitter:data1\" content=\"2 minutes\" \/>\n<script type=\"application\/ld+json\" class=\"yoast-schema-graph\">{\"@context\":\"https:\/\/schema.org\",\"@graph\":[{\"@type\":\"WebSite\",\"@id\":\"https:\/\/www.urlaubcornwall.de\/blog\/#website\",\"url\":\"https:\/\/www.urlaubcornwall.de\/blog\/\",\"name\":\"Urlaub &amp; Reisen\",\"description\":\"Urlaub, Reisen, Cornwall und S\u00fcdengland: eine perfekte Kombination\",\"potentialAction\":[{\"@type\":\"SearchAction\",\"target\":{\"@type\":\"EntryPoint\",\"urlTemplate\":\"https:\/\/www.urlaubcornwall.de\/blog\/?s={search_term_string}\"},\"query-input\":\"required name=search_term_string\"}],\"inLanguage\":\"en-US\"},{\"@type\":\"WebPage\",\"@id\":\"https:\/\/www.urlaubcornwall.de\/blog\/was-ist-schoener-im-norden-oder-sueden-von-cornwall\/\",\"url\":\"https:\/\/www.urlaubcornwall.de\/blog\/was-ist-schoener-im-norden-oder-sueden-von-cornwall\/\",\"name\":\"Was ist sch\u00f6ner im Norden oder S\u00fcden von Cornwall? - Urlaub &amp; Reisen\",\"isPartOf\":{\"@id\":\"https:\/\/www.urlaubcornwall.de\/blog\/#website\"},\"datePublished\":\"2023-04-19T12:37:20+00:00\",\"dateModified\":\"2024-05-31T11:47:20+00:00\",\"description\":\"Sowohl der Norden als auch der S\u00fcden von Cornwall haben ihre eigenen Vorz\u00fcge und Sch\u00f6nheiten. Im Norden von Cornwall findet man\",\"breadcrumb\":{\"@id\":\"https:\/\/www.urlaubcornwall.de\/blog\/was-ist-schoener-im-norden-oder-sueden-von-cornwall\/#breadcrumb\"},\"inLanguage\":\"en-US\",\"potentialAction\":[{\"@type\":\"ReadAction\",\"target\":[\"https:\/\/www.urlaubcornwall.de\/blog\/was-ist-schoener-im-norden-oder-sueden-von-cornwall\/\"]}]},{\"@type\":\"BreadcrumbList\",\"@id\":\"https:\/\/www.urlaubcornwall.de\/blog\/was-ist-schoener-im-norden-oder-sueden-von-cornwall\/#breadcrumb\",\"itemListElement\":[{\"@type\":\"ListItem\",\"position\":1,\"name\":\"Home\",\"item\":\"https:\/\/www.urlaubcornwall.de\/blog\/\"},{\"@type\":\"ListItem\",\"position\":2,\"name\":\"Was ist sch\u00f6ner im Norden oder S\u00fcden von Cornwall?\"}]}]}<\/script>\n<!-- \/ Yoast SEO plugin. -->","yoast_head_json":{"title":"Was ist sch\u00f6ner im Norden oder S\u00fcden von Cornwall? - Urlaub &amp; Reisen","description":"Sowohl der Norden als auch der S\u00fcden von Cornwall haben ihre eigenen Vorz\u00fcge und Sch\u00f6nheiten. Im Norden von Cornwall findet man","robots":{"index":"index","follow":"follow","max-snippet":"max-snippet:-1","max-image-preview":"max-image-preview:large","max-video-preview":"max-video-preview:-1"},"canonical":"https:\/\/www.urlaubcornwall.de\/blog\/was-ist-schoener-im-norden-oder-sueden-von-cornwall\/","og_locale":"en_US","og_type":"article","og_title":"Was ist sch\u00f6ner im Norden oder S\u00fcden von Cornwall? - Urlaub &amp; Reisen","og_description":"Sowohl der Norden als auch der S\u00fcden von Cornwall haben ihre eigenen Vorz\u00fcge und Sch\u00f6nheiten. Im Norden von Cornwall findet man","og_url":"https:\/\/www.urlaubcornwall.de\/blog\/was-ist-schoener-im-norden-oder-sueden-von-cornwall\/","og_site_name":"Urlaub &amp; Reisen","article_modified_time":"2024-05-31T11:47:20+00:00","og_image":[{"url":"https:\/\/www.urlaubcornwall.de\/blog\/wp-content\/uploads\/2021\/08\/pendower-strand_urlaub2.jpg"}],"twitter_card":"summary","twitter_misc":{"Est. reading time":"2 minutes"},"schema":{"@context":"https:\/\/schema.org","@graph":[{"@type":"WebSite","@id":"https:\/\/www.urlaubcornwall.de\/blog\/#website","url":"https:\/\/www.urlaubcornwall.de\/blog\/","name":"Urlaub &amp; Reisen","description":"Urlaub, Reisen, Cornwall und S\u00fcdengland: eine perfekte Kombination","potentialAction":[{"@type":"SearchAction","target":{"@type":"EntryPoint","urlTemplate":"https:\/\/www.urlaubcornwall.de\/blog\/?s={search_term_string}"},"query-input":"required name=search_term_string"}],"inLanguage":"en-US"},{"@type":"WebPage","@id":"https:\/\/www.urlaubcornwall.de\/blog\/was-ist-schoener-im-norden-oder-sueden-von-cornwall\/","url":"https:\/\/www.urlaubcornwall.de\/blog\/was-ist-schoener-im-norden-oder-sueden-von-cornwall\/","name":"Was ist sch\u00f6ner im Norden oder S\u00fcden von Cornwall? - Urlaub &amp; Reisen","isPartOf":{"@id":"https:\/\/www.urlaubcornwall.de\/blog\/#website"},"datePublished":"2023-04-19T12:37:20+00:00","dateModified":"2024-05-31T11:47:20+00:00","description":"Sowohl der Norden als auch der S\u00fcden von Cornwall haben ihre eigenen Vorz\u00fcge und Sch\u00f6nheiten. Im Norden von Cornwall findet man","breadcrumb":{"@id":"https:\/\/www.urlaubcornwall.de\/blog\/was-ist-schoener-im-norden-oder-sueden-von-cornwall\/#breadcrumb"},"inLanguage":"en-US","potentialAction":[{"@type":"ReadAction","target":["https:\/\/www.urlaubcornwall.de\/blog\/was-ist-schoener-im-norden-oder-sueden-von-cornwall\/"]}]},{"@type":"BreadcrumbList","@id":"https:\/\/www.urlaubcornwall.de\/blog\/was-ist-schoener-im-norden-oder-sueden-von-cornwall\/#breadcrumb","itemListElement":[{"@type":"ListItem","position":1,"name":"Home","item":"https:\/\/www.urlaubcornwall.de\/blog\/"},{"@type":"ListItem","position":2,"name":"Was ist sch\u00f6ner im Norden oder S\u00fcden von Cornwall?"}]}]}},"_links":{"self":[{"href":"https:\/\/www.urlaubcornwall.de\/blog\/wp-json\/wp\/v2\/pages\/46354"}],"collection":[{"href":"https:\/\/www.urlaubcornwall.de\/blog\/wp-json\/wp\/v2\/pages"}],"about":[{"href":"https:\/\/www.urlaubcornwall.de\/blog\/wp-json\/wp\/v2\/types\/page"}],"author":[{"embeddable":true,"href":"https:\/\/www.urlaubcornwall.de\/blog\/wp-json\/wp\/v2\/users\/1"}],"replies":[{"embeddable":true,"href":"https:\/\/www.urlaubcornwall.de\/blog\/wp-json\/wp\/v2\/comments?post=46354"}],"version-history":[{"count":7,"href":"https:\/\/www.urlaubcornwall.de\/blog\/wp-json\/wp\/v2\/pages\/46354\/revisions"}],"predecessor-version":[{"id":51326,"href":"https:\/\/www.urlaubcornwall.de\/blog\/wp-json\/wp\/v2\/pages\/46354\/revisions\/51326"}],"wp:attachment":[{"href":"https:\/\/www.urlaubcornwall.de\/blog\/wp-json\/wp\/v2\/media?parent=46354"}],"curies":[{"name":"wp","href":"https:\/\/api.w.org\/{rel}","templated":true}]}}