{"id":46350,"date":"2023-04-19T10:03:40","date_gmt":"2023-04-19T10:03:40","guid":{"rendered":"https:\/\/www.urlaubcornwall.de\/blog\/?page_id=46350"},"modified":"2024-04-30T15:27:53","modified_gmt":"2024-04-30T15:27:53","slug":"wo-in-sussex-urlaub-machen","status":"publish","type":"page","link":"https:\/\/www.urlaubcornwall.de\/blog\/wo-in-sussex-urlaub-machen\/","title":{"rendered":"Wo in Sussex Urlaub machen?"},"content":{"rendered":"<p><img loading=\"lazy\" class=\"aligncenter size-full wp-image-48095\" src=\"https:\/\/www.urlaubcornwall.de\/blog\/wp-content\/uploads\/2024\/03\/arundel-schloss-rotated.jpg\" alt=\"arundel schloss\" width=\"750\" height=\"563\" srcset=\"https:\/\/www.urlaubcornwall.de\/blog\/wp-content\/uploads\/2024\/03\/arundel-schloss-rotated.jpg 750w, https:\/\/www.urlaubcornwall.de\/blog\/wp-content\/uploads\/2024\/03\/arundel-schloss-300x225.jpg 300w\" sizes=\"(max-width: 750px) 100vw, 750px\" \/><\/p>\n<p><a href=\"https:\/\/www.urlaubcornwall.de\/reiseziel\/sussex.php\">Sussex ist eine wundersch\u00f6ne Region in England<\/a> mit vielen Sehensw\u00fcrdigkeiten und Attraktionen. Hier sind einige Vorschl\u00e4ge f\u00fcr Orte, an denen Sie in Sussex Urlaub machen k\u00f6nnen:<\/p>\n<p>Brighton: <a href=\"https:\/\/www.urlaubcornwall.de\/ferienhaeuser-fewos\/eng\/sussex\/brighton.html\">Brighton<\/a> ist ein bekannter Ferienort an der K\u00fcste von Sussex. Hier gibt es eine Vielzahl von Aktivit\u00e4ten wie den Brighton Pier, den Royal Pavilion und den Strand.<\/p>\n<p>Eastbourne: <a href=\"https:\/\/www.urlaubcornwall.de\/ferienhaeuser-fewos\/eng\/sussex\/eastbourne.html\">Eastbourne<\/a> ist eine K\u00fcstenstadt mit einem langen Sandstrand und sch\u00f6nen G\u00e4rten. Hier k\u00f6nnen Sie auch das Towner Art Gallery und das Redoubt Fortress besuchen.<\/p>\n<p>Arundel: <a href=\"https:\/\/www.urlaubcornwall.de\/blog\/arundel-castle-west-sussex\/\">Arundel<\/a> ist eine malerische Stadt mit einem Schloss, das auf eine lange Geschichte zur\u00fcckblickt. Hier gibt es auch eine Kathedrale, zahlreiche Antiquit\u00e4tenl\u00e4den und Restaurants.<\/p>\n<p>Lewes: <a href=\"https:\/\/www.urlaubcornwall.de\/ferienhaeuser-fewos\/eng\/sussex\/lewes.html\">Lewes<\/a> ist eine historische Stadt mit einer mittelalterlichen Burg und engen Gassen. Hier k\u00f6nnen Sie auch die Lewes Priory Ruinen und das Anne of Cleves Haus besuchen.<\/p>\n<p>Chichester: <a href=\"https:\/\/www.urlaubcornwall.de\/ferienhaeuser-fewos\/eng\/sussex\/chichester.html\">Chichester<\/a> ist eine h\u00fcbsche Marktstadt mit einer Kathedrale und einem r\u00f6mischen Amphitheater. Hier gibt es auch zahlreiche Gesch\u00e4fte und Restaurants.<\/p>\n<p>South Downs Nationalpark: Der <a href=\"https:\/\/www.urlaubcornwall.de\/blog\/ist-sussex-ein-wunderschoenes-urlaubsziel\/\">South Downs Nationalpark<\/a> bietet eine atemberaubende Landschaft mit H\u00fcgeln, T\u00e4lern und historischen D\u00f6rfern. Hier k\u00f6nnen Sie wandern, Rad fahren oder einfach nur die Aussicht genie\u00dfen.<\/p>\n<p>Wir vermieten Ferienh\u00e4user und Ferienwohnungen, darunter auch mit die <a href=\"https:\/\/www.urlaubcornwall.de\/ferienhaeuser-fewos\/eng\/sussex\/sussex.html\">interessantesten Cottages und Selbstversorgerunterk\u00fcnfte in Sussex<\/a>, den South Downs und bis nach East Hampshire. Unsere Urlaubsunterk\u00fcnfte werden sorgf\u00e4ltig ausgesucht und umfassen Stadtapartments ebenso wie schnuckelige reetgedeckte Cottages, Bauernh\u00e4user auf dem Land und ger\u00e4umige <a href=\"https:\/\/www.urlaubcornwall.de\/ferienhaeuser-fewos\/eng\/sussex\/sussex-am-meer.html\">Familienh\u00e4user am Meer<\/a>, in denen Sie sich bei Ihrem Besuch in Sussex und den South Downs bestimmt wohlf\u00fchlen werden.<\/p>\n<p style=\"text-align: center;\"><a class=\"tidycta\" href=\"https:\/\/www.urlaubcornwall.de\/ferienhaeuser-fewos\/eng\/sussex\/sussex.html\">Suche Ferienh\u00e4user in Sussex<\/a><\/p>\n<div class=\"snippet\"> <a class=\"featured-item\" href=\"https:\/\/www.urlaubcornwall.de\/ferienhaeuser\/suedengland.php\"> <span class=\"image-holder\" style=\"background-image: url('https:\/\/www.urlaubcornwall.de\/blog\/wp-content\/uploads\/2024\/03\/ferienhaus-england-cornwall.jpg');\"><\/span> <span class=\"featured-content\"> \n<h2 class=\"featured-title\">Ferienh\u00e4user in S\u00fcdengland<\/h2>\n<p class=\"featured-body\">Bei uns finden Sie Ferienh\u00e4user zum Verlieben &#8211; so einfach ist das! Dank seiner langen Geschichte, der reizvollen Landschaften und seinen vielen Attraktionen ist S\u00fcdengland ein wahres Mekka f\u00fcr Urlauber&#8230;..<\/p><\/span> <span class=\"featured-link-holder\"> <span class=\"featured-extra-info\"> \n<p>Pers\u00f6nlich inspizierter Ferienh\u00e4user<\/p>\n<\/span> \n<p class=\"featured-link\">DETAILS<\/p>\n<\/span> <\/a><\/div>\n","protected":false},"excerpt":{"rendered":"<p>Sussex ist eine wundersch\u00f6ne Region in England mit vielen Sehensw\u00fcrdigkeiten und Attraktionen. Hier sind einige Vorschl\u00e4ge f\u00fcr Orte, an denen Sie in Sussex Urlaub machen k\u00f6nnen: Brighton: Brighton ist ein bekannter Ferienort an der K\u00fcste von Sussex. Hier gibt es eine Vielzahl von Aktivit\u00e4ten wie den Brighton Pier, den Royal Pavilion und den Strand. Eastbourne: [&hellip;]<\/p>\n","protected":false},"author":1,"featured_media":0,"parent":0,"menu_order":0,"comment_status":"closed","ping_status":"closed","template":"single-four.php","meta":[],"acf":[],"yoast_head":"<!-- This site is optimized with the Yoast SEO plugin v19.4 - https:\/\/yoast.com\/wordpress\/plugins\/seo\/ -->\n<title>Wo in Sussex Urlaub machen? - Urlaub &amp; Reisen<\/title>\n<meta name=\"description\" content=\"Sussex ist eine wundersch\u00f6ne Region in England mit vielen Sehensw\u00fcrdigkeiten und Attraktionen. Hier sind einige Vorschl\u00e4ge f\u00fcr Orte\" \/>\n<meta name=\"robots\" content=\"index, follow, max-snippet:-1, max-image-preview:large, max-video-preview:-1\" \/>\n<link rel=\"canonical\" href=\"https:\/\/www.urlaubcornwall.de\/blog\/wo-in-sussex-urlaub-machen\/\" \/>\n<meta property=\"og:locale\" content=\"en_US\" \/>\n<meta property=\"og:type\" content=\"article\" \/>\n<meta property=\"og:title\" content=\"Wo in Sussex Urlaub machen? - Urlaub &amp; Reisen\" \/>\n<meta property=\"og:description\" content=\"Sussex ist eine wundersch\u00f6ne Region in England mit vielen Sehensw\u00fcrdigkeiten und Attraktionen. Hier sind einige Vorschl\u00e4ge f\u00fcr Orte\" \/>\n<meta property=\"og:url\" content=\"https:\/\/www.urlaubcornwall.de\/blog\/wo-in-sussex-urlaub-machen\/\" \/>\n<meta property=\"og:site_name\" content=\"Urlaub &amp; Reisen\" \/>\n<meta property=\"article:modified_time\" content=\"2024-04-30T15:27:53+00:00\" \/>\n<meta property=\"og:image\" content=\"https:\/\/www.urlaubcornwall.de\/blog\/wp-content\/uploads\/2024\/03\/arundel-schloss-rotated.jpg\" \/>\n<meta name=\"twitter:card\" content=\"summary\" \/>\n<meta name=\"twitter:label1\" content=\"Est. reading time\" \/>\n\t<meta name=\"twitter:data1\" content=\"2 minutes\" \/>\n<script type=\"application\/ld+json\" class=\"yoast-schema-graph\">{\"@context\":\"https:\/\/schema.org\",\"@graph\":[{\"@type\":\"WebSite\",\"@id\":\"https:\/\/www.urlaubcornwall.de\/blog\/#website\",\"url\":\"https:\/\/www.urlaubcornwall.de\/blog\/\",\"name\":\"Urlaub &amp; Reisen\",\"description\":\"Urlaub, Reisen, Cornwall und S\u00fcdengland: eine perfekte Kombination\",\"potentialAction\":[{\"@type\":\"SearchAction\",\"target\":{\"@type\":\"EntryPoint\",\"urlTemplate\":\"https:\/\/www.urlaubcornwall.de\/blog\/?s={search_term_string}\"},\"query-input\":\"required name=search_term_string\"}],\"inLanguage\":\"en-US\"},{\"@type\":\"WebPage\",\"@id\":\"https:\/\/www.urlaubcornwall.de\/blog\/wo-in-sussex-urlaub-machen\/\",\"url\":\"https:\/\/www.urlaubcornwall.de\/blog\/wo-in-sussex-urlaub-machen\/\",\"name\":\"Wo in Sussex Urlaub machen? - Urlaub &amp; Reisen\",\"isPartOf\":{\"@id\":\"https:\/\/www.urlaubcornwall.de\/blog\/#website\"},\"datePublished\":\"2023-04-19T10:03:40+00:00\",\"dateModified\":\"2024-04-30T15:27:53+00:00\",\"description\":\"Sussex ist eine wundersch\u00f6ne Region in England mit vielen Sehensw\u00fcrdigkeiten und Attraktionen. Hier sind einige Vorschl\u00e4ge f\u00fcr Orte\",\"breadcrumb\":{\"@id\":\"https:\/\/www.urlaubcornwall.de\/blog\/wo-in-sussex-urlaub-machen\/#breadcrumb\"},\"inLanguage\":\"en-US\",\"potentialAction\":[{\"@type\":\"ReadAction\",\"target\":[\"https:\/\/www.urlaubcornwall.de\/blog\/wo-in-sussex-urlaub-machen\/\"]}]},{\"@type\":\"BreadcrumbList\",\"@id\":\"https:\/\/www.urlaubcornwall.de\/blog\/wo-in-sussex-urlaub-machen\/#breadcrumb\",\"itemListElement\":[{\"@type\":\"ListItem\",\"position\":1,\"name\":\"Home\",\"item\":\"https:\/\/www.urlaubcornwall.de\/blog\/\"},{\"@type\":\"ListItem\",\"position\":2,\"name\":\"Wo in Sussex Urlaub machen?\"}]}]}<\/script>\n<!-- \/ Yoast SEO plugin. -->","yoast_head_json":{"title":"Wo in Sussex Urlaub machen? - Urlaub &amp; Reisen","description":"Sussex ist eine wundersch\u00f6ne Region in England mit vielen Sehensw\u00fcrdigkeiten und Attraktionen. Hier sind einige Vorschl\u00e4ge f\u00fcr Orte","robots":{"index":"index","follow":"follow","max-snippet":"max-snippet:-1","max-image-preview":"max-image-preview:large","max-video-preview":"max-video-preview:-1"},"canonical":"https:\/\/www.urlaubcornwall.de\/blog\/wo-in-sussex-urlaub-machen\/","og_locale":"en_US","og_type":"article","og_title":"Wo in Sussex Urlaub machen? - Urlaub &amp; Reisen","og_description":"Sussex ist eine wundersch\u00f6ne Region in England mit vielen Sehensw\u00fcrdigkeiten und Attraktionen. Hier sind einige Vorschl\u00e4ge f\u00fcr Orte","og_url":"https:\/\/www.urlaubcornwall.de\/blog\/wo-in-sussex-urlaub-machen\/","og_site_name":"Urlaub &amp; Reisen","article_modified_time":"2024-04-30T15:27:53+00:00","og_image":[{"url":"https:\/\/www.urlaubcornwall.de\/blog\/wp-content\/uploads\/2024\/03\/arundel-schloss-rotated.jpg"}],"twitter_card":"summary","twitter_misc":{"Est. reading time":"2 minutes"},"schema":{"@context":"https:\/\/schema.org","@graph":[{"@type":"WebSite","@id":"https:\/\/www.urlaubcornwall.de\/blog\/#website","url":"https:\/\/www.urlaubcornwall.de\/blog\/","name":"Urlaub &amp; Reisen","description":"Urlaub, Reisen, Cornwall und S\u00fcdengland: eine perfekte Kombination","potentialAction":[{"@type":"SearchAction","target":{"@type":"EntryPoint","urlTemplate":"https:\/\/www.urlaubcornwall.de\/blog\/?s={search_term_string}"},"query-input":"required name=search_term_string"}],"inLanguage":"en-US"},{"@type":"WebPage","@id":"https:\/\/www.urlaubcornwall.de\/blog\/wo-in-sussex-urlaub-machen\/","url":"https:\/\/www.urlaubcornwall.de\/blog\/wo-in-sussex-urlaub-machen\/","name":"Wo in Sussex Urlaub machen? - Urlaub &amp; Reisen","isPartOf":{"@id":"https:\/\/www.urlaubcornwall.de\/blog\/#website"},"datePublished":"2023-04-19T10:03:40+00:00","dateModified":"2024-04-30T15:27:53+00:00","description":"Sussex ist eine wundersch\u00f6ne Region in England mit vielen Sehensw\u00fcrdigkeiten und Attraktionen. Hier sind einige Vorschl\u00e4ge f\u00fcr Orte","breadcrumb":{"@id":"https:\/\/www.urlaubcornwall.de\/blog\/wo-in-sussex-urlaub-machen\/#breadcrumb"},"inLanguage":"en-US","potentialAction":[{"@type":"ReadAction","target":["https:\/\/www.urlaubcornwall.de\/blog\/wo-in-sussex-urlaub-machen\/"]}]},{"@type":"BreadcrumbList","@id":"https:\/\/www.urlaubcornwall.de\/blog\/wo-in-sussex-urlaub-machen\/#breadcrumb","itemListElement":[{"@type":"ListItem","position":1,"name":"Home","item":"https:\/\/www.urlaubcornwall.de\/blog\/"},{"@type":"ListItem","position":2,"name":"Wo in Sussex Urlaub machen?"}]}]}},"_links":{"self":[{"href":"https:\/\/www.urlaubcornwall.de\/blog\/wp-json\/wp\/v2\/pages\/46350"}],"collection":[{"href":"https:\/\/www.urlaubcornwall.de\/blog\/wp-json\/wp\/v2\/pages"}],"about":[{"href":"https:\/\/www.urlaubcornwall.de\/blog\/wp-json\/wp\/v2\/types\/page"}],"author":[{"embeddable":true,"href":"https:\/\/www.urlaubcornwall.de\/blog\/wp-json\/wp\/v2\/users\/1"}],"replies":[{"embeddable":true,"href":"https:\/\/www.urlaubcornwall.de\/blog\/wp-json\/wp\/v2\/comments?post=46350"}],"version-history":[{"count":3,"href":"https:\/\/www.urlaubcornwall.de\/blog\/wp-json\/wp\/v2\/pages\/46350\/revisions"}],"predecessor-version":[{"id":49979,"href":"https:\/\/www.urlaubcornwall.de\/blog\/wp-json\/wp\/v2\/pages\/46350\/revisions\/49979"}],"wp:attachment":[{"href":"https:\/\/www.urlaubcornwall.de\/blog\/wp-json\/wp\/v2\/media?parent=46350"}],"curies":[{"name":"wp","href":"https:\/\/api.w.org\/{rel}","templated":true}]}}