{"id":46318,"date":"2023-04-18T12:15:34","date_gmt":"2023-04-18T12:15:34","guid":{"rendered":"https:\/\/www.urlaubcornwall.de\/blog\/?page_id=46318"},"modified":"2024-04-15T14:27:16","modified_gmt":"2024-04-15T14:27:16","slug":"rundreise-north-coast-500-in-schottland","status":"publish","type":"page","link":"https:\/\/www.urlaubcornwall.de\/blog\/rundreise-north-coast-500-in-schottland\/","title":{"rendered":"Wie viele Tage dauert die Rundreise North Coast 500 Schottland?"},"content":{"rendered":"<p><img loading=\"lazy\" class=\"aligncenter size-full wp-image-46247\" src=\"https:\/\/www.urlaubcornwall.de\/blog\/wp-content\/uploads\/2023\/04\/urlaub-highlands-schottland.jpg\" alt=\"urlaub highlands schottland\" width=\"750\" height=\"498\" srcset=\"https:\/\/www.urlaubcornwall.de\/blog\/wp-content\/uploads\/2023\/04\/urlaub-highlands-schottland.jpg 750w, https:\/\/www.urlaubcornwall.de\/blog\/wp-content\/uploads\/2023\/04\/urlaub-highlands-schottland-300x199.jpg 300w\" sizes=\"(max-width: 750px) 100vw, 750px\" \/><\/p>\n<p>Die <a href=\"https:\/\/www.urlaubcornwall.de\/blog\/rundreisen-schottland\/\">North Coast 500 in Schottland<\/a> ist eine rund 830 Kilometer lange Strecke, die durch einige der atemberaubendsten Landschaften Schottlands f\u00fchrt. Um diese Rundreise zu machen und auch gen\u00fcgend Zeit f\u00fcr Aktivit\u00e4ten wie Wandern, Bootsfahrten und Entspannung einzuplanen, w\u00fcrde ich eine Dauer von mindestens 7 bis 10 Tagen empfehlen.<\/p>\n<p><strong>Einige der Highlights auf der North Coast 500 sind:<\/strong><\/p>\n<p>Die K\u00fcstenstadt Inverness<\/p>\n<p>Die Black Isle Halbinsel<\/p>\n<p>Die Schl\u00f6sser Dunrobin und Mey<\/p>\n<p>Die Fischerd\u00f6rfer Ullapool und Lochinver<\/p>\n<p>Die Str\u00e4nde bei Achmelvich und Durness<\/p>\n<p>Die Aussicht vom Bealach na B\u00e0 Pass<\/p>\n<p>Die K\u00fcstenst\u00e4dte Dornoch und Tain<\/p>\n<p>Die Natur des Caithness &amp; Sutherland Geoparks<\/p>\n<p>Die St\u00e4dte Thurso und Wick<\/p>\n<p>Der Whisky Trail in Speyside<\/p>\n<p>Nat\u00fcrlich kann man je nach Zeit und Interessen auch eine k\u00fcrzere oder l\u00e4ngere Rundreise planen und mehr Zeit an einigen Orten verbringen. Die genaue Dauer h\u00e4ngt davon ab, welche Orte man besuchen und wie viel Zeit man an jedem Ort verbringen m\u00f6chte.<\/p>\n<h1>Unser Rundreisenservice f\u00fcr Schottland<\/h1>\n<p>Weshalb \u00fcber uns buchen?<\/p>\n<p>Firmensitz in Cornwall und ein Team Deutsch sprechender Reisespezialisten.<\/p>\n<p>Wir haben eine Leidenschaft f\u00fcrs Reisen und gestalten den perfekten Urlaub.<\/p>\n<p>Ortskenntnisse und Insidertipps f\u00fcr unsere Kunden.<\/p>\n<p>Sonderangebote und Preisnachl\u00e4sse<\/p>\n<p>S\u00e4mtliche unserer Rundreisen sind durch einen voll versicherten deutschen Reiseveranstalter gesichert.<\/p>\n<p style=\"text-align: center;\"><a class=\"tidycta\" href=\"https:\/\/www.urlaubcornwall.de\/blog\/rundreisen-schottland\/\"> Mehr Info<\/a><\/p>\n<div class=\"snippet\"> <a class=\"featured-item\" href=\" https:\/\/www.urlaubcornwall.de\/ferienhaeuser\/schottland.php\"> <span class=\"image-holder\" style=\"background-image: url(' https:\/\/www.urlaubcornwall.de\/blog\/wp-content\/uploads\/2019\/01\/urlaub-schottland-highlands.jpg ');\"><\/span> <span class=\"featured-content\"> \n<h2 class=\"featured-title\">Bei uns finden Sie Ferienh\u00e4user in Schottland zum Verlieben!<\/h2>\n<p class=\"featured-body\">Untenstehend finden Sie eine Auswahl an Ferienh\u00e4usern in Schottland. Hier finden Sie pers\u00f6nlich inspizierte Cottages entlang der schottischen K\u00fcste, in den schottischen Highlands und auf den Inseln&#8230;..<\/p>\n<\/span> <span class=\"featured-link-holder\"> <span class=\"featured-extra-info\"> \n<p>F\u00fcr Paare, Familien &#038; Gruppen<\/p>\n<\/span> \n<p class=\"featured-link\">DETAILS<\/p>\n<\/span> <\/a><\/div>\n","protected":false},"excerpt":{"rendered":"<p>Die North Coast 500 in Schottland ist eine rund 830 Kilometer lange Strecke, die durch einige der atemberaubendsten Landschaften Schottlands f\u00fchrt. Um diese Rundreise zu machen und auch gen\u00fcgend Zeit f\u00fcr Aktivit\u00e4ten wie Wandern, Bootsfahrten und Entspannung einzuplanen, w\u00fcrde ich eine Dauer von mindestens 7 bis 10 Tagen empfehlen. Einige der Highlights auf der North [&hellip;]<\/p>\n","protected":false},"author":1,"featured_media":0,"parent":0,"menu_order":0,"comment_status":"closed","ping_status":"closed","template":"single-four.php","meta":[],"acf":[],"yoast_head":"<!-- This site is optimized with the Yoast SEO plugin v19.4 - https:\/\/yoast.com\/wordpress\/plugins\/seo\/ -->\n<title>Wie viele Tage dauert die Rundreise North Coast 500 Schottland? - Urlaub &amp; Reisen<\/title>\n<meta name=\"description\" content=\"Die North Coast 500 in Schottland ist eine rund 830 Kilometer lange Strecke, die durch einige der atemberaubendsten Landschaften Schottlands\" \/>\n<meta name=\"robots\" content=\"index, follow, max-snippet:-1, max-image-preview:large, max-video-preview:-1\" \/>\n<link rel=\"canonical\" href=\"https:\/\/www.urlaubcornwall.de\/blog\/rundreise-north-coast-500-in-schottland\/\" \/>\n<meta property=\"og:locale\" content=\"en_US\" \/>\n<meta property=\"og:type\" content=\"article\" \/>\n<meta property=\"og:title\" content=\"Wie viele Tage dauert die Rundreise North Coast 500 Schottland? - Urlaub &amp; Reisen\" \/>\n<meta property=\"og:description\" content=\"Die North Coast 500 in Schottland ist eine rund 830 Kilometer lange Strecke, die durch einige der atemberaubendsten Landschaften Schottlands\" \/>\n<meta property=\"og:url\" content=\"https:\/\/www.urlaubcornwall.de\/blog\/rundreise-north-coast-500-in-schottland\/\" \/>\n<meta property=\"og:site_name\" content=\"Urlaub &amp; Reisen\" \/>\n<meta property=\"article:modified_time\" content=\"2024-04-15T14:27:16+00:00\" \/>\n<meta property=\"og:image\" content=\"https:\/\/www.urlaubcornwall.de\/blog\/wp-content\/uploads\/2023\/04\/urlaub-highlands-schottland.jpg\" \/>\n<meta name=\"twitter:card\" content=\"summary\" \/>\n<meta name=\"twitter:label1\" content=\"Est. reading time\" \/>\n\t<meta name=\"twitter:data1\" content=\"2 minutes\" \/>\n<script type=\"application\/ld+json\" class=\"yoast-schema-graph\">{\"@context\":\"https:\/\/schema.org\",\"@graph\":[{\"@type\":\"WebSite\",\"@id\":\"https:\/\/www.urlaubcornwall.de\/blog\/#website\",\"url\":\"https:\/\/www.urlaubcornwall.de\/blog\/\",\"name\":\"Urlaub &amp; Reisen\",\"description\":\"Urlaub, Reisen, Cornwall und S\u00fcdengland: eine perfekte Kombination\",\"potentialAction\":[{\"@type\":\"SearchAction\",\"target\":{\"@type\":\"EntryPoint\",\"urlTemplate\":\"https:\/\/www.urlaubcornwall.de\/blog\/?s={search_term_string}\"},\"query-input\":\"required name=search_term_string\"}],\"inLanguage\":\"en-US\"},{\"@type\":\"WebPage\",\"@id\":\"https:\/\/www.urlaubcornwall.de\/blog\/rundreise-north-coast-500-in-schottland\/\",\"url\":\"https:\/\/www.urlaubcornwall.de\/blog\/rundreise-north-coast-500-in-schottland\/\",\"name\":\"Wie viele Tage dauert die Rundreise North Coast 500 Schottland? - Urlaub &amp; Reisen\",\"isPartOf\":{\"@id\":\"https:\/\/www.urlaubcornwall.de\/blog\/#website\"},\"datePublished\":\"2023-04-18T12:15:34+00:00\",\"dateModified\":\"2024-04-15T14:27:16+00:00\",\"description\":\"Die North Coast 500 in Schottland ist eine rund 830 Kilometer lange Strecke, die durch einige der atemberaubendsten Landschaften Schottlands\",\"breadcrumb\":{\"@id\":\"https:\/\/www.urlaubcornwall.de\/blog\/rundreise-north-coast-500-in-schottland\/#breadcrumb\"},\"inLanguage\":\"en-US\",\"potentialAction\":[{\"@type\":\"ReadAction\",\"target\":[\"https:\/\/www.urlaubcornwall.de\/blog\/rundreise-north-coast-500-in-schottland\/\"]}]},{\"@type\":\"BreadcrumbList\",\"@id\":\"https:\/\/www.urlaubcornwall.de\/blog\/rundreise-north-coast-500-in-schottland\/#breadcrumb\",\"itemListElement\":[{\"@type\":\"ListItem\",\"position\":1,\"name\":\"Home\",\"item\":\"https:\/\/www.urlaubcornwall.de\/blog\/\"},{\"@type\":\"ListItem\",\"position\":2,\"name\":\"Wie viele Tage dauert die Rundreise North Coast 500 Schottland?\"}]}]}<\/script>\n<!-- \/ Yoast SEO plugin. -->","yoast_head_json":{"title":"Wie viele Tage dauert die Rundreise North Coast 500 Schottland? - Urlaub &amp; Reisen","description":"Die North Coast 500 in Schottland ist eine rund 830 Kilometer lange Strecke, die durch einige der atemberaubendsten Landschaften Schottlands","robots":{"index":"index","follow":"follow","max-snippet":"max-snippet:-1","max-image-preview":"max-image-preview:large","max-video-preview":"max-video-preview:-1"},"canonical":"https:\/\/www.urlaubcornwall.de\/blog\/rundreise-north-coast-500-in-schottland\/","og_locale":"en_US","og_type":"article","og_title":"Wie viele Tage dauert die Rundreise North Coast 500 Schottland? - Urlaub &amp; Reisen","og_description":"Die North Coast 500 in Schottland ist eine rund 830 Kilometer lange Strecke, die durch einige der atemberaubendsten Landschaften Schottlands","og_url":"https:\/\/www.urlaubcornwall.de\/blog\/rundreise-north-coast-500-in-schottland\/","og_site_name":"Urlaub &amp; Reisen","article_modified_time":"2024-04-15T14:27:16+00:00","og_image":[{"url":"https:\/\/www.urlaubcornwall.de\/blog\/wp-content\/uploads\/2023\/04\/urlaub-highlands-schottland.jpg"}],"twitter_card":"summary","twitter_misc":{"Est. reading time":"2 minutes"},"schema":{"@context":"https:\/\/schema.org","@graph":[{"@type":"WebSite","@id":"https:\/\/www.urlaubcornwall.de\/blog\/#website","url":"https:\/\/www.urlaubcornwall.de\/blog\/","name":"Urlaub &amp; Reisen","description":"Urlaub, Reisen, Cornwall und S\u00fcdengland: eine perfekte Kombination","potentialAction":[{"@type":"SearchAction","target":{"@type":"EntryPoint","urlTemplate":"https:\/\/www.urlaubcornwall.de\/blog\/?s={search_term_string}"},"query-input":"required name=search_term_string"}],"inLanguage":"en-US"},{"@type":"WebPage","@id":"https:\/\/www.urlaubcornwall.de\/blog\/rundreise-north-coast-500-in-schottland\/","url":"https:\/\/www.urlaubcornwall.de\/blog\/rundreise-north-coast-500-in-schottland\/","name":"Wie viele Tage dauert die Rundreise North Coast 500 Schottland? - Urlaub &amp; Reisen","isPartOf":{"@id":"https:\/\/www.urlaubcornwall.de\/blog\/#website"},"datePublished":"2023-04-18T12:15:34+00:00","dateModified":"2024-04-15T14:27:16+00:00","description":"Die North Coast 500 in Schottland ist eine rund 830 Kilometer lange Strecke, die durch einige der atemberaubendsten Landschaften Schottlands","breadcrumb":{"@id":"https:\/\/www.urlaubcornwall.de\/blog\/rundreise-north-coast-500-in-schottland\/#breadcrumb"},"inLanguage":"en-US","potentialAction":[{"@type":"ReadAction","target":["https:\/\/www.urlaubcornwall.de\/blog\/rundreise-north-coast-500-in-schottland\/"]}]},{"@type":"BreadcrumbList","@id":"https:\/\/www.urlaubcornwall.de\/blog\/rundreise-north-coast-500-in-schottland\/#breadcrumb","itemListElement":[{"@type":"ListItem","position":1,"name":"Home","item":"https:\/\/www.urlaubcornwall.de\/blog\/"},{"@type":"ListItem","position":2,"name":"Wie viele Tage dauert die Rundreise North Coast 500 Schottland?"}]}]}},"_links":{"self":[{"href":"https:\/\/www.urlaubcornwall.de\/blog\/wp-json\/wp\/v2\/pages\/46318"}],"collection":[{"href":"https:\/\/www.urlaubcornwall.de\/blog\/wp-json\/wp\/v2\/pages"}],"about":[{"href":"https:\/\/www.urlaubcornwall.de\/blog\/wp-json\/wp\/v2\/types\/page"}],"author":[{"embeddable":true,"href":"https:\/\/www.urlaubcornwall.de\/blog\/wp-json\/wp\/v2\/users\/1"}],"replies":[{"embeddable":true,"href":"https:\/\/www.urlaubcornwall.de\/blog\/wp-json\/wp\/v2\/comments?post=46318"}],"version-history":[{"count":4,"href":"https:\/\/www.urlaubcornwall.de\/blog\/wp-json\/wp\/v2\/pages\/46318\/revisions"}],"predecessor-version":[{"id":49551,"href":"https:\/\/www.urlaubcornwall.de\/blog\/wp-json\/wp\/v2\/pages\/46318\/revisions\/49551"}],"wp:attachment":[{"href":"https:\/\/www.urlaubcornwall.de\/blog\/wp-json\/wp\/v2\/media?parent=46318"}],"curies":[{"name":"wp","href":"https:\/\/api.w.org\/{rel}","templated":true}]}}