{"id":46316,"date":"2023-04-19T08:46:42","date_gmt":"2023-04-19T08:46:42","guid":{"rendered":"https:\/\/www.urlaubcornwall.de\/blog\/?page_id=46316"},"modified":"2023-04-19T08:46:42","modified_gmt":"2023-04-19T08:46:42","slug":"wie-viele-tage-fuer-lake-district-yorkshire-rundreise","status":"publish","type":"page","link":"https:\/\/www.urlaubcornwall.de\/blog\/wie-viele-tage-fuer-lake-district-yorkshire-rundreise\/","title":{"rendered":"Wie viele Tage f\u00fcr Lake District &#038; Yorkshire Rundreise?"},"content":{"rendered":"<p><img loading=\"lazy\" class=\"aligncenter size-full wp-image-33693\" src=\"https:\/\/www.urlaubcornwall.de\/blog\/wp-content\/uploads\/2018\/04\/Die-wundersch\u00f6nen-Seen-des-Lake-Distrikt-Urlaub-in-Nordengland.jpg\" alt=\"Die wundersch\u00f6nen Seen des Lake Distrikt\" width=\"747\" height=\"558\"\/><\/p>\n<p>F\u00fcr eine <a href=\"https:\/\/www.urlaubcornwall.de\/reiseziel\/lake-district-nationalpark.php\">Rundreise durch den Lake District und Yorkshire<\/a> w\u00fcrde ich eine Dauer von mindestens 5 bis 7 Tagen empfehlen, um die wichtigsten Sehensw\u00fcrdigkeiten und Landschaften zu erkunden.<\/p>\n<p>Im Lake District gibt es eine Vielzahl von Aktivit\u00e4ten und Orten zu besuchen, darunter die Seen Windermere, Coniston und Derwentwater, die Berge Helvellyn und Scafell Pike, der <a href=\"https:\/\/www.urlaubcornwall.de\/blog\/schoensten-seen-im-lake-distrikt\/\">Nationalpark Lake District<\/a> und St\u00e4dte wie Keswick und Ambleside. Man kann wandern, Bootsfahrten auf den Seen unternehmen und die Natur genie\u00dfen.<\/p>\n<p>In <a href=\"https:\/\/www.urlaubcornwall.de\/blog\/highlights-rundreise-nordengland\/\">Yorkshire<\/a> gibt es auch viele interessante Orte, darunter historische St\u00e4dte wie York, Harrogate und Leeds, die Yorkshire Dales und Moors Nationalparks, die Fountains Abbey and Studley Royal Water Garden, die Scarborough-Klippen und die K\u00fcstenst\u00e4dte Whitby und Robin Hood&#8217;s Bay.<\/p>\n<p>Um beide Regionen zu besuchen und auch gen\u00fcgend Zeit f\u00fcr Aktivit\u00e4ten wie Wandern, Radfahren und Entspannung einzuplanen, w\u00fcrde ich eine Dauer von mindestens 5 bis 7 Tagen empfehlen. Nat\u00fcrlich kann man je nach Zeit und Interessen auch eine k\u00fcrzere oder l\u00e4ngere Rundreise planen.<\/p>\n<h1><a href=\"https:\/\/www.urlaubcornwall.de\/reiseziel\/lake-district-nationalpark.php\">Unser Rundreisenservice f\u00fcr die Lake District<\/a><\/h1>\n<p>Weshalb \u00fcber uns buchen?<\/p>\n<p>Firmensitz in Cornwall und ein Team Deutsch sprechender Reisespezialisten.<\/p>\n<p>Wir haben eine Leidenschaft f\u00fcrs Reisen und gestalten den perfekten Urlaub.<\/p>\n<p>Ortskenntnisse und Insidertipps f\u00fcr unsere Kunden.<\/p>\n<p>Sonderangebote und Preisnachl\u00e4sse<\/p>\n<p>S\u00e4mtliche unserer Rundreisen sind durch einen voll versicherten deutschen Reiseveranstalter gesichert.<\/p>\n<p style=\"text-align: center;\"><a class=\"tidycta\" href=\"https:\/\/www.urlaubcornwall.de\/blog\/rundreisen-england-wales\/\"> Mehr Info<\/a><\/p>\n<div class=\"snippet\"> <a class=\"featured-item\" href=\" https:\/\/www.urlaubcornwall.de\/ferienhaeuser-fewos\/eng\/lake-district\/lake-district.html\"> <span class=\"image-holder\" style=\"background-image: url(' https:\/\/www.urlaubcornwall.de\/blog\/wp-content\/uploads\/2019\/01\/urlaub-lake-distrikt.jpg');\"><\/span> <span class=\"featured-content\"> \n<h2 class=\"featured-title\">Ferienh\u00e4user im Lake Distrikt zum Verlieben!<\/h2>\n<p class=\"featured-body\">Enge Stra\u00dfen, hoch aufragende Berge, herabst\u00fcrzende Wasserf\u00e4lle und Seen jeglichen Umfangs und jeglicher Form schaffen eine Landschaft&#8230;..<\/p>\n<\/span> <span class=\"featured-link-holder\"> <span class=\"featured-extra-info\"> \n<p>F\u00fcr Paare, Familien &#038; Gruppen<\/p>\n<\/span> \n<p class=\"featured-link\">DETAILS<\/p>\n<\/span> <\/a><\/div>\n","protected":false},"excerpt":{"rendered":"<p>F\u00fcr eine Rundreise durch den Lake District und Yorkshire w\u00fcrde ich eine Dauer von mindestens 5 bis 7 Tagen empfehlen, um die wichtigsten Sehensw\u00fcrdigkeiten und Landschaften zu erkunden. Im Lake District gibt es eine Vielzahl von Aktivit\u00e4ten und Orten zu besuchen, darunter die Seen Windermere, Coniston und Derwentwater, die Berge Helvellyn und Scafell Pike, der [&hellip;]<\/p>\n","protected":false},"author":1,"featured_media":0,"parent":0,"menu_order":0,"comment_status":"closed","ping_status":"closed","template":"single-four.php","meta":[],"acf":[],"yoast_head":"<!-- This site is optimized with the Yoast SEO plugin v19.4 - https:\/\/yoast.com\/wordpress\/plugins\/seo\/ -->\n<title>Wie viele Tage f\u00fcr Lake District &amp; Yorkshire Rundreise? - Urlaub &amp; Reisen<\/title>\n<meta name=\"description\" content=\"F\u00fcr eine Rundreise durch den Lake District und Yorkshire w\u00fcrde ich eine Dauer von mindestens 5 bis 7 Tagen empfehlen, um die wichtigsten\" \/>\n<meta name=\"robots\" content=\"index, follow, max-snippet:-1, max-image-preview:large, max-video-preview:-1\" \/>\n<link rel=\"canonical\" href=\"https:\/\/www.urlaubcornwall.de\/blog\/wie-viele-tage-fuer-lake-district-yorkshire-rundreise\/\" \/>\n<meta property=\"og:locale\" content=\"en_US\" \/>\n<meta property=\"og:type\" content=\"article\" \/>\n<meta property=\"og:title\" content=\"Wie viele Tage f\u00fcr Lake District &amp; Yorkshire Rundreise? - Urlaub &amp; Reisen\" \/>\n<meta property=\"og:description\" content=\"F\u00fcr eine Rundreise durch den Lake District und Yorkshire w\u00fcrde ich eine Dauer von mindestens 5 bis 7 Tagen empfehlen, um die wichtigsten\" \/>\n<meta property=\"og:url\" content=\"https:\/\/www.urlaubcornwall.de\/blog\/wie-viele-tage-fuer-lake-district-yorkshire-rundreise\/\" \/>\n<meta property=\"og:site_name\" content=\"Urlaub &amp; Reisen\" \/>\n<meta name=\"twitter:card\" content=\"summary\" \/>\n<meta name=\"twitter:label1\" content=\"Est. reading time\" \/>\n\t<meta name=\"twitter:data1\" content=\"1 minute\" \/>\n<script type=\"application\/ld+json\" class=\"yoast-schema-graph\">{\"@context\":\"https:\/\/schema.org\",\"@graph\":[{\"@type\":\"WebSite\",\"@id\":\"https:\/\/www.urlaubcornwall.de\/blog\/#website\",\"url\":\"https:\/\/www.urlaubcornwall.de\/blog\/\",\"name\":\"Urlaub &amp; Reisen\",\"description\":\"Urlaub, Reisen, Cornwall und S\u00fcdengland: eine perfekte Kombination\",\"potentialAction\":[{\"@type\":\"SearchAction\",\"target\":{\"@type\":\"EntryPoint\",\"urlTemplate\":\"https:\/\/www.urlaubcornwall.de\/blog\/?s={search_term_string}\"},\"query-input\":\"required name=search_term_string\"}],\"inLanguage\":\"en-US\"},{\"@type\":\"WebPage\",\"@id\":\"https:\/\/www.urlaubcornwall.de\/blog\/wie-viele-tage-fuer-lake-district-yorkshire-rundreise\/\",\"url\":\"https:\/\/www.urlaubcornwall.de\/blog\/wie-viele-tage-fuer-lake-district-yorkshire-rundreise\/\",\"name\":\"Wie viele Tage f\u00fcr Lake District & Yorkshire Rundreise? - Urlaub &amp; Reisen\",\"isPartOf\":{\"@id\":\"https:\/\/www.urlaubcornwall.de\/blog\/#website\"},\"datePublished\":\"2023-04-19T08:46:42+00:00\",\"dateModified\":\"2023-04-19T08:46:42+00:00\",\"description\":\"F\u00fcr eine Rundreise durch den Lake District und Yorkshire w\u00fcrde ich eine Dauer von mindestens 5 bis 7 Tagen empfehlen, um die wichtigsten\",\"breadcrumb\":{\"@id\":\"https:\/\/www.urlaubcornwall.de\/blog\/wie-viele-tage-fuer-lake-district-yorkshire-rundreise\/#breadcrumb\"},\"inLanguage\":\"en-US\",\"potentialAction\":[{\"@type\":\"ReadAction\",\"target\":[\"https:\/\/www.urlaubcornwall.de\/blog\/wie-viele-tage-fuer-lake-district-yorkshire-rundreise\/\"]}]},{\"@type\":\"BreadcrumbList\",\"@id\":\"https:\/\/www.urlaubcornwall.de\/blog\/wie-viele-tage-fuer-lake-district-yorkshire-rundreise\/#breadcrumb\",\"itemListElement\":[{\"@type\":\"ListItem\",\"position\":1,\"name\":\"Home\",\"item\":\"https:\/\/www.urlaubcornwall.de\/blog\/\"},{\"@type\":\"ListItem\",\"position\":2,\"name\":\"Wie viele Tage f\u00fcr Lake District &#038; Yorkshire Rundreise?\"}]}]}<\/script>\n<!-- \/ Yoast SEO plugin. -->","yoast_head_json":{"title":"Wie viele Tage f\u00fcr Lake District & Yorkshire Rundreise? - Urlaub &amp; Reisen","description":"F\u00fcr eine Rundreise durch den Lake District und Yorkshire w\u00fcrde ich eine Dauer von mindestens 5 bis 7 Tagen empfehlen, um die wichtigsten","robots":{"index":"index","follow":"follow","max-snippet":"max-snippet:-1","max-image-preview":"max-image-preview:large","max-video-preview":"max-video-preview:-1"},"canonical":"https:\/\/www.urlaubcornwall.de\/blog\/wie-viele-tage-fuer-lake-district-yorkshire-rundreise\/","og_locale":"en_US","og_type":"article","og_title":"Wie viele Tage f\u00fcr Lake District & Yorkshire Rundreise? - Urlaub &amp; Reisen","og_description":"F\u00fcr eine Rundreise durch den Lake District und Yorkshire w\u00fcrde ich eine Dauer von mindestens 5 bis 7 Tagen empfehlen, um die wichtigsten","og_url":"https:\/\/www.urlaubcornwall.de\/blog\/wie-viele-tage-fuer-lake-district-yorkshire-rundreise\/","og_site_name":"Urlaub &amp; Reisen","twitter_card":"summary","twitter_misc":{"Est. reading time":"1 minute"},"schema":{"@context":"https:\/\/schema.org","@graph":[{"@type":"WebSite","@id":"https:\/\/www.urlaubcornwall.de\/blog\/#website","url":"https:\/\/www.urlaubcornwall.de\/blog\/","name":"Urlaub &amp; Reisen","description":"Urlaub, Reisen, Cornwall und S\u00fcdengland: eine perfekte Kombination","potentialAction":[{"@type":"SearchAction","target":{"@type":"EntryPoint","urlTemplate":"https:\/\/www.urlaubcornwall.de\/blog\/?s={search_term_string}"},"query-input":"required name=search_term_string"}],"inLanguage":"en-US"},{"@type":"WebPage","@id":"https:\/\/www.urlaubcornwall.de\/blog\/wie-viele-tage-fuer-lake-district-yorkshire-rundreise\/","url":"https:\/\/www.urlaubcornwall.de\/blog\/wie-viele-tage-fuer-lake-district-yorkshire-rundreise\/","name":"Wie viele Tage f\u00fcr Lake District & Yorkshire Rundreise? - Urlaub &amp; Reisen","isPartOf":{"@id":"https:\/\/www.urlaubcornwall.de\/blog\/#website"},"datePublished":"2023-04-19T08:46:42+00:00","dateModified":"2023-04-19T08:46:42+00:00","description":"F\u00fcr eine Rundreise durch den Lake District und Yorkshire w\u00fcrde ich eine Dauer von mindestens 5 bis 7 Tagen empfehlen, um die wichtigsten","breadcrumb":{"@id":"https:\/\/www.urlaubcornwall.de\/blog\/wie-viele-tage-fuer-lake-district-yorkshire-rundreise\/#breadcrumb"},"inLanguage":"en-US","potentialAction":[{"@type":"ReadAction","target":["https:\/\/www.urlaubcornwall.de\/blog\/wie-viele-tage-fuer-lake-district-yorkshire-rundreise\/"]}]},{"@type":"BreadcrumbList","@id":"https:\/\/www.urlaubcornwall.de\/blog\/wie-viele-tage-fuer-lake-district-yorkshire-rundreise\/#breadcrumb","itemListElement":[{"@type":"ListItem","position":1,"name":"Home","item":"https:\/\/www.urlaubcornwall.de\/blog\/"},{"@type":"ListItem","position":2,"name":"Wie viele Tage f\u00fcr Lake District &#038; Yorkshire Rundreise?"}]}]}},"_links":{"self":[{"href":"https:\/\/www.urlaubcornwall.de\/blog\/wp-json\/wp\/v2\/pages\/46316"}],"collection":[{"href":"https:\/\/www.urlaubcornwall.de\/blog\/wp-json\/wp\/v2\/pages"}],"about":[{"href":"https:\/\/www.urlaubcornwall.de\/blog\/wp-json\/wp\/v2\/types\/page"}],"author":[{"embeddable":true,"href":"https:\/\/www.urlaubcornwall.de\/blog\/wp-json\/wp\/v2\/users\/1"}],"replies":[{"embeddable":true,"href":"https:\/\/www.urlaubcornwall.de\/blog\/wp-json\/wp\/v2\/comments?post=46316"}],"version-history":[{"count":2,"href":"https:\/\/www.urlaubcornwall.de\/blog\/wp-json\/wp\/v2\/pages\/46316\/revisions"}],"predecessor-version":[{"id":46334,"href":"https:\/\/www.urlaubcornwall.de\/blog\/wp-json\/wp\/v2\/pages\/46316\/revisions\/46334"}],"wp:attachment":[{"href":"https:\/\/www.urlaubcornwall.de\/blog\/wp-json\/wp\/v2\/media?parent=46316"}],"curies":[{"name":"wp","href":"https:\/\/api.w.org\/{rel}","templated":true}]}}