{"id":46312,"date":"2023-04-19T09:37:28","date_gmt":"2023-04-19T09:37:28","guid":{"rendered":"https:\/\/www.urlaubcornwall.de\/blog\/?page_id=46312"},"modified":"2024-05-31T11:48:07","modified_gmt":"2024-05-31T11:48:07","slug":"wie-viele-tage-fuer-devon-rundreise","status":"publish","type":"page","link":"https:\/\/www.urlaubcornwall.de\/blog\/wie-viele-tage-fuer-devon-rundreise\/","title":{"rendered":"Wie viele Tage f\u00fcr Devon Rundreise?"},"content":{"rendered":"<p><a href=\"https:\/\/www.urlaubcornwall.de\/blog\/wp-content\/uploads\/2024\/03\/dartmoor.jpg\"><img loading=\"lazy\" src=\"https:\/\/www.urlaubcornwall.de\/blog\/wp-content\/uploads\/2024\/03\/dartmoor.jpg\" alt=\"dartmoor\" width=\"750\" height=\"500\" class=\"alignnone size-full wp-image-47878\" srcset=\"https:\/\/www.urlaubcornwall.de\/blog\/wp-content\/uploads\/2024\/03\/dartmoor.jpg 750w, https:\/\/www.urlaubcornwall.de\/blog\/wp-content\/uploads\/2024\/03\/dartmoor-300x200.jpg 300w\" sizes=\"(max-width: 750px) 100vw, 750px\" \/><\/a><\/p>\n<p>F\u00fcr eine <a href=\"https:\/\/www.urlaubcornwall.de\/rundreisen\/cornwall-suedengland.php\">Rundreise durch Devon<\/a> empfehle ich eine Dauer von mindestens 7 bis 10 Tagen, um die wichtigsten Sehensw\u00fcrdigkeiten und Landschaften dieser <a href=\"https:\/\/www.urlaubcornwall.de\/reiseziel\/devon.php\">wundersch\u00f6nen Grafschaft im S\u00fcdwesten Englands<\/a> zu besuchen. Devon bietet eine breite Palette von Aktivit\u00e4ten und Sehensw\u00fcrdigkeiten, darunter historische St\u00e4dte, idyllische D\u00f6rfer, spektakul\u00e4re Landschaften, wundersch\u00f6ne Str\u00e4nde und eine reiche Kultur.<\/p>\n<p>Einige der wichtigsten Sehensw\u00fcrdigkeiten, die man w\u00e4hrend einer Rundreise in Devon besuchen kann, sind:<\/p>\n<p>Dartmoor National Park<\/p>\n<p>Exmoor National Park<\/p>\n<p>Die K\u00fcstenst\u00e4dte Exeter, Plymouth, Torquay und Paignton<\/p>\n<p>Die K\u00fcstenorte Salcombe, Dartmouth und Brixham<\/p>\n<p>Die historischen St\u00e4dte Totnes und Tavistock<\/p>\n<p>Die charmanten D\u00f6rfer Lynton &amp; Lynmouth, Clovelly und Beer<\/p>\n<p>Die historischen Burgen und Herrenh\u00e4user wie Powderham Castle und Buckland Abbey<\/p>\n<p>Die Str\u00e4nde von Saunton Sands, Woolacombe, Bude und Westward Ho!<\/p>\n<p>Die genaue Dauer h\u00e4ngt jedoch von den eigenen Interessen und Pl\u00e4nen ab. Wenn man sich zum Beispiel mehr auf Wandern und Naturerlebnisse konzentrieren m\u00f6chte, k\u00f6nnte man mehr Zeit im Dartmoor und Exmoor National Park verbringen. Wenn man sich mehr f\u00fcr die K\u00fcste interessiert, k\u00f6nnte man mehr Zeit in den K\u00fcstenst\u00e4dten und -d\u00f6rfern einplanen.<\/p>\n<p>Insgesamt w\u00fcrde ich sagen, dass eine Dauer von mindestens 7 bis 10 Tagen ausreicht, um das Beste von Devon zu erleben.<\/p>\n<h1><a href=\"https:\/\/www.urlaubcornwall.de\/rundreisen\/cornwall-suedengland.php\">Unser Rundreisenservice in S\u00fcdengland<\/a><\/h1>\n<p>Weshalb \u00fcber uns buchen?<\/p>\n<p>Firmensitz in Cornwall und ein Team Deutsch sprechender Reisespezialisten.<\/p>\n<p>Wir haben eine Leidenschaft f\u00fcrs Reisen und gestalten den perfekten Urlaub.<\/p>\n<p>Ortskenntnisse und Insidertipps f\u00fcr unsere Kunden.<\/p>\n<p>Sonderangebote und Preisnachl\u00e4sse<\/p>\n<p>S\u00e4mtliche unserer Rundreisen sind durch einen voll versicherten deutschen Reiseveranstalter gesichert.<\/p>\n<p style=\"text-align: center;\"><a class=\"tidycta\" href=\"https:\/\/www.urlaubcornwall.de\/rundreisen\/cornwall-suedengland.php\"> Mehr Info<\/a><\/p>\n<div class=\"snippet\"> <a class=\"featured-item\" href=\"https:\/\/www.urlaubcornwall.de\/ferienhaeuser\/suedengland.php\"> <span class=\"image-holder\" style=\"background-image: url('https:\/\/www.urlaubcornwall.de\/blog\/wp-content\/uploads\/2024\/03\/ferienhaus-england-cornwall.jpg');\"><\/span> <span class=\"featured-content\"> \n<h2 class=\"featured-title\">Ferienh\u00e4user in Devon &#038; S\u00fcdengland<\/h2>\n<p class=\"featured-body\">Bei uns finden Sie Ferienh\u00e4user zum Verlieben &#8211; so einfach ist das! Dank seiner langen Geschichte, der reizvollen Landschaften und seinen vielen Attraktionen ist S\u00fcdengland ein wahres Mekka f\u00fcr Urlauber&#8230;..<\/p><\/span> <span class=\"featured-link-holder\"> <span class=\"featured-extra-info\"> \n<p>Pers\u00f6nlich inspizierter Ferienh\u00e4user<\/p>\n<\/span> \n<p class=\"featured-link\">DETAILS<\/p>\n<\/span> <\/a><\/div>\n","protected":false},"excerpt":{"rendered":"<p>F\u00fcr eine Rundreise durch Devon empfehle ich eine Dauer von mindestens 7 bis 10 Tagen, um die wichtigsten Sehensw\u00fcrdigkeiten und Landschaften dieser wundersch\u00f6nen Grafschaft im S\u00fcdwesten Englands zu besuchen. Devon bietet eine breite Palette von Aktivit\u00e4ten und Sehensw\u00fcrdigkeiten, darunter historische St\u00e4dte, idyllische D\u00f6rfer, spektakul\u00e4re Landschaften, wundersch\u00f6ne Str\u00e4nde und eine reiche Kultur. Einige der wichtigsten Sehensw\u00fcrdigkeiten, [&hellip;]<\/p>\n","protected":false},"author":1,"featured_media":0,"parent":0,"menu_order":0,"comment_status":"closed","ping_status":"closed","template":"single-four.php","meta":[],"acf":[],"yoast_head":"<!-- This site is optimized with the Yoast SEO plugin v19.4 - https:\/\/yoast.com\/wordpress\/plugins\/seo\/ -->\n<title>Wie viele Tage f\u00fcr Devon Rundreise? - Urlaub &amp; Reisen<\/title>\n<meta name=\"description\" content=\"F\u00fcr eine Rundreise durch Devon empfehle ich eine Dauer von mindestens 7 bis 10 Tagen, um die wichtigsten Sehensw\u00fcrdigkeiten\" \/>\n<meta name=\"robots\" content=\"index, follow, max-snippet:-1, max-image-preview:large, max-video-preview:-1\" \/>\n<link rel=\"canonical\" href=\"https:\/\/www.urlaubcornwall.de\/blog\/wie-viele-tage-fuer-devon-rundreise\/\" \/>\n<meta property=\"og:locale\" content=\"en_US\" \/>\n<meta property=\"og:type\" content=\"article\" \/>\n<meta property=\"og:title\" content=\"Wie viele Tage f\u00fcr Devon Rundreise? - Urlaub &amp; Reisen\" \/>\n<meta property=\"og:description\" content=\"F\u00fcr eine Rundreise durch Devon empfehle ich eine Dauer von mindestens 7 bis 10 Tagen, um die wichtigsten Sehensw\u00fcrdigkeiten\" \/>\n<meta property=\"og:url\" content=\"https:\/\/www.urlaubcornwall.de\/blog\/wie-viele-tage-fuer-devon-rundreise\/\" \/>\n<meta property=\"og:site_name\" content=\"Urlaub &amp; Reisen\" \/>\n<meta property=\"article:modified_time\" content=\"2024-05-31T11:48:07+00:00\" \/>\n<meta property=\"og:image\" content=\"https:\/\/www.urlaubcornwall.de\/blog\/wp-content\/uploads\/2024\/03\/dartmoor.jpg\" \/>\n<meta name=\"twitter:card\" content=\"summary\" \/>\n<meta name=\"twitter:label1\" content=\"Est. reading time\" \/>\n\t<meta name=\"twitter:data1\" content=\"2 minutes\" \/>\n<script type=\"application\/ld+json\" class=\"yoast-schema-graph\">{\"@context\":\"https:\/\/schema.org\",\"@graph\":[{\"@type\":\"WebSite\",\"@id\":\"https:\/\/www.urlaubcornwall.de\/blog\/#website\",\"url\":\"https:\/\/www.urlaubcornwall.de\/blog\/\",\"name\":\"Urlaub &amp; Reisen\",\"description\":\"Urlaub, Reisen, Cornwall und S\u00fcdengland: eine perfekte Kombination\",\"potentialAction\":[{\"@type\":\"SearchAction\",\"target\":{\"@type\":\"EntryPoint\",\"urlTemplate\":\"https:\/\/www.urlaubcornwall.de\/blog\/?s={search_term_string}\"},\"query-input\":\"required name=search_term_string\"}],\"inLanguage\":\"en-US\"},{\"@type\":\"WebPage\",\"@id\":\"https:\/\/www.urlaubcornwall.de\/blog\/wie-viele-tage-fuer-devon-rundreise\/\",\"url\":\"https:\/\/www.urlaubcornwall.de\/blog\/wie-viele-tage-fuer-devon-rundreise\/\",\"name\":\"Wie viele Tage f\u00fcr Devon Rundreise? - Urlaub &amp; Reisen\",\"isPartOf\":{\"@id\":\"https:\/\/www.urlaubcornwall.de\/blog\/#website\"},\"datePublished\":\"2023-04-19T09:37:28+00:00\",\"dateModified\":\"2024-05-31T11:48:07+00:00\",\"description\":\"F\u00fcr eine Rundreise durch Devon empfehle ich eine Dauer von mindestens 7 bis 10 Tagen, um die wichtigsten Sehensw\u00fcrdigkeiten\",\"breadcrumb\":{\"@id\":\"https:\/\/www.urlaubcornwall.de\/blog\/wie-viele-tage-fuer-devon-rundreise\/#breadcrumb\"},\"inLanguage\":\"en-US\",\"potentialAction\":[{\"@type\":\"ReadAction\",\"target\":[\"https:\/\/www.urlaubcornwall.de\/blog\/wie-viele-tage-fuer-devon-rundreise\/\"]}]},{\"@type\":\"BreadcrumbList\",\"@id\":\"https:\/\/www.urlaubcornwall.de\/blog\/wie-viele-tage-fuer-devon-rundreise\/#breadcrumb\",\"itemListElement\":[{\"@type\":\"ListItem\",\"position\":1,\"name\":\"Home\",\"item\":\"https:\/\/www.urlaubcornwall.de\/blog\/\"},{\"@type\":\"ListItem\",\"position\":2,\"name\":\"Wie viele Tage f\u00fcr Devon Rundreise?\"}]}]}<\/script>\n<!-- \/ Yoast SEO plugin. -->","yoast_head_json":{"title":"Wie viele Tage f\u00fcr Devon Rundreise? - Urlaub &amp; Reisen","description":"F\u00fcr eine Rundreise durch Devon empfehle ich eine Dauer von mindestens 7 bis 10 Tagen, um die wichtigsten Sehensw\u00fcrdigkeiten","robots":{"index":"index","follow":"follow","max-snippet":"max-snippet:-1","max-image-preview":"max-image-preview:large","max-video-preview":"max-video-preview:-1"},"canonical":"https:\/\/www.urlaubcornwall.de\/blog\/wie-viele-tage-fuer-devon-rundreise\/","og_locale":"en_US","og_type":"article","og_title":"Wie viele Tage f\u00fcr Devon Rundreise? - Urlaub &amp; Reisen","og_description":"F\u00fcr eine Rundreise durch Devon empfehle ich eine Dauer von mindestens 7 bis 10 Tagen, um die wichtigsten Sehensw\u00fcrdigkeiten","og_url":"https:\/\/www.urlaubcornwall.de\/blog\/wie-viele-tage-fuer-devon-rundreise\/","og_site_name":"Urlaub &amp; Reisen","article_modified_time":"2024-05-31T11:48:07+00:00","og_image":[{"url":"https:\/\/www.urlaubcornwall.de\/blog\/wp-content\/uploads\/2024\/03\/dartmoor.jpg"}],"twitter_card":"summary","twitter_misc":{"Est. reading time":"2 minutes"},"schema":{"@context":"https:\/\/schema.org","@graph":[{"@type":"WebSite","@id":"https:\/\/www.urlaubcornwall.de\/blog\/#website","url":"https:\/\/www.urlaubcornwall.de\/blog\/","name":"Urlaub &amp; Reisen","description":"Urlaub, Reisen, Cornwall und S\u00fcdengland: eine perfekte Kombination","potentialAction":[{"@type":"SearchAction","target":{"@type":"EntryPoint","urlTemplate":"https:\/\/www.urlaubcornwall.de\/blog\/?s={search_term_string}"},"query-input":"required name=search_term_string"}],"inLanguage":"en-US"},{"@type":"WebPage","@id":"https:\/\/www.urlaubcornwall.de\/blog\/wie-viele-tage-fuer-devon-rundreise\/","url":"https:\/\/www.urlaubcornwall.de\/blog\/wie-viele-tage-fuer-devon-rundreise\/","name":"Wie viele Tage f\u00fcr Devon Rundreise? - Urlaub &amp; Reisen","isPartOf":{"@id":"https:\/\/www.urlaubcornwall.de\/blog\/#website"},"datePublished":"2023-04-19T09:37:28+00:00","dateModified":"2024-05-31T11:48:07+00:00","description":"F\u00fcr eine Rundreise durch Devon empfehle ich eine Dauer von mindestens 7 bis 10 Tagen, um die wichtigsten Sehensw\u00fcrdigkeiten","breadcrumb":{"@id":"https:\/\/www.urlaubcornwall.de\/blog\/wie-viele-tage-fuer-devon-rundreise\/#breadcrumb"},"inLanguage":"en-US","potentialAction":[{"@type":"ReadAction","target":["https:\/\/www.urlaubcornwall.de\/blog\/wie-viele-tage-fuer-devon-rundreise\/"]}]},{"@type":"BreadcrumbList","@id":"https:\/\/www.urlaubcornwall.de\/blog\/wie-viele-tage-fuer-devon-rundreise\/#breadcrumb","itemListElement":[{"@type":"ListItem","position":1,"name":"Home","item":"https:\/\/www.urlaubcornwall.de\/blog\/"},{"@type":"ListItem","position":2,"name":"Wie viele Tage f\u00fcr Devon Rundreise?"}]}]}},"_links":{"self":[{"href":"https:\/\/www.urlaubcornwall.de\/blog\/wp-json\/wp\/v2\/pages\/46312"}],"collection":[{"href":"https:\/\/www.urlaubcornwall.de\/blog\/wp-json\/wp\/v2\/pages"}],"about":[{"href":"https:\/\/www.urlaubcornwall.de\/blog\/wp-json\/wp\/v2\/types\/page"}],"author":[{"embeddable":true,"href":"https:\/\/www.urlaubcornwall.de\/blog\/wp-json\/wp\/v2\/users\/1"}],"replies":[{"embeddable":true,"href":"https:\/\/www.urlaubcornwall.de\/blog\/wp-json\/wp\/v2\/comments?post=46312"}],"version-history":[{"count":4,"href":"https:\/\/www.urlaubcornwall.de\/blog\/wp-json\/wp\/v2\/pages\/46312\/revisions"}],"predecessor-version":[{"id":51327,"href":"https:\/\/www.urlaubcornwall.de\/blog\/wp-json\/wp\/v2\/pages\/46312\/revisions\/51327"}],"wp:attachment":[{"href":"https:\/\/www.urlaubcornwall.de\/blog\/wp-json\/wp\/v2\/media?parent=46312"}],"curies":[{"name":"wp","href":"https:\/\/api.w.org\/{rel}","templated":true}]}}