{"id":46305,"date":"2023-04-18T10:37:09","date_gmt":"2023-04-18T10:37:09","guid":{"rendered":"https:\/\/www.urlaubcornwall.de\/blog\/?page_id=46305"},"modified":"2024-04-30T15:30:10","modified_gmt":"2024-04-30T15:30:10","slug":"was-macht-die-dorset-so-besonders","status":"publish","type":"page","link":"https:\/\/www.urlaubcornwall.de\/blog\/was-macht-die-dorset-so-besonders\/","title":{"rendered":"Was macht die Dorset so besonders?"},"content":{"rendered":"<p><img loading=\"lazy\" class=\"aligncenter size-full wp-image-47909\" src=\"https:\/\/www.urlaubcornwall.de\/blog\/wp-content\/uploads\/2024\/03\/lyme-regis-dorset.jpg\" alt=\"lyme regis dorset\" width=\"750\" height=\"379\" srcset=\"https:\/\/www.urlaubcornwall.de\/blog\/wp-content\/uploads\/2024\/03\/lyme-regis-dorset.jpg 750w, https:\/\/www.urlaubcornwall.de\/blog\/wp-content\/uploads\/2024\/03\/lyme-regis-dorset-300x152.jpg 300w\" sizes=\"(max-width: 750px) 100vw, 750px\" \/><\/p>\n<p>Die K\u00fcste und Landschaft von <a href=\"https:\/\/www.urlaubcornwall.de\/reiseziel\/dorset.php\">Dorset im S\u00fcden Englands<\/a> sind bekannt f\u00fcr ihre nat\u00fcrliche Sch\u00f6nheit und geologische Vielfalt. Hier sind einige Gr\u00fcnde, warum sie so besonders sind:<\/p>\n<p>D\u00f6rfer und St\u00e4dte: Die Landschaft von Dorset ist auch gepr\u00e4gt von vielen charmanten D\u00f6rfern und historischen St\u00e4dten wie <a href=\"https:\/\/www.urlaubcornwall.de\/ferienhaeuser-fewos\/eng\/dorset\/sherborne.html\">Sherborne<\/a>, <a href=\"https:\/\/www.urlaubcornwall.de\/ferienhaeuser-fewos\/eng\/dorset\/bridport.html\">Bridport<\/a> und <a href=\"https:\/\/www.urlaubcornwall.de\/ferienhaeuser-fewos\/eng\/dorset\/dorchester.html\">Dorchester<\/a>, die eine reiche Geschichte und Kultur aufweisen.<\/p>\n<p>Jurassic Coast: Die <a href=\"https:\/\/www.urlaubcornwall.de\/blog\/die-schoensten-straende-in-dorset-jurassic-kueste\/\">K\u00fcste von Dorset<\/a> ist Teil der Jurassic Coast, die als Weltkulturerbe von der UNESCO anerkannt ist. Die K\u00fcstenlinie erstreckt sich \u00fcber 153 Kilometer und bietet spektakul\u00e4re Klippen, Buchten und Str\u00e4nde sowie Fossilien und geologische Formationen aus der Zeit des Jura und Kreidezeit.<\/p>\n<p>Felsformationen: Die K\u00fcste von Dorset ist auch bekannt f\u00fcr ihre einzigartigen Felsformationen, wie zum Beispiel der Durdle Door, ein nat\u00fcrliches Felsentor im Meer, sowie der Old Harry Rocks, zwei markante Felsen in der N\u00e4he von <a href=\"https:\/\/www.urlaubcornwall.de\/ferienhaeuser-fewos\/eng\/dorset\/studland.html\">Studland Bay<\/a>.<\/p>\n<p>Sandstr\u00e4nde: Entlang der K\u00fcste gibt es auch viele sch\u00f6ne Sandstr\u00e4nde, darunter der lange Sandstrand von <a href=\"https:\/\/www.urlaubcornwall.de\/ferienhaeuser-fewos\/eng\/dorset\/weymouth.html\">Weymouth<\/a> und der charmante K\u00fcstenort <a href=\"https:\/\/www.urlaubcornwall.de\/blog\/lyme-regis-dorset-unterkunft-sehenswuerdigkeiten-und-geschichte\/\">Lyme Regis<\/a>.<\/p>\n<p>H\u00fcgel und T\u00e4ler: Im Landesinneren gibt es viele sanfte H\u00fcgel und T\u00e4ler, die eine malerische Kulisse f\u00fcr Spazierg\u00e4nge und Wanderungen bieten. Der h\u00f6chste Punkt ist der H\u00fcgel Lewesdon Hill mit einer H\u00f6he von 279 Metern.<\/p>\n<p>Insgesamt bietet die K\u00fcste und Landschaft von Dorset eine vielf\u00e4ltige Mischung aus Natur, Geschichte und Kultur, die es zu einem besonderen Reiseziel macht.<\/p>\n<p><strong>Bei uns finden Sie Ferienh\u00e4user in Gro\u00dfbritannien zum Verlieben; so einfach ist das! <\/strong><\/p>\n<p>Selbstversorgerunterkunft ist eine flexible Alternative f\u00fcr Familien und Paare, die ihren Urlaub in Dorset &#038; S\u00fcdengland verbringen m\u00f6chten.<\/p>\n<div class=\"snippet\"> <a class=\"featured-item\" href=\"https:\/\/www.urlaubcornwall.de\/ferienhaeuser\/suedengland.php\"> <span class=\"image-holder\" style=\"background-image: url('https:\/\/www.urlaubcornwall.de\/blog\/wp-content\/uploads\/2024\/03\/ferienhaus-england-cornwall.jpg');\"><\/span> <span class=\"featured-content\"> \n<h2 class=\"featured-title\">Ferienh\u00e4user in Dorset &#038; S\u00fcdengland<\/h2>\n<p class=\"featured-body\">Bei uns finden Sie Ferienh\u00e4user zum Verlieben &#8211; so einfach ist das! Dank seiner langen Geschichte, der reizvollen Landschaften und seinen vielen Attraktionen ist S\u00fcdengland ein wahres Mekka f\u00fcr Urlauber&#8230;..<\/p><\/span> <span class=\"featured-link-holder\"> <span class=\"featured-extra-info\"> \n<p>Pers\u00f6nlich inspizierter Ferienh\u00e4user<\/p>\n<\/span> \n<p class=\"featured-link\">DETAILS<\/p>\n<\/span> <\/a><\/div>\n","protected":false},"excerpt":{"rendered":"<p>Die K\u00fcste und Landschaft von Dorset im S\u00fcden Englands sind bekannt f\u00fcr ihre nat\u00fcrliche Sch\u00f6nheit und geologische Vielfalt. Hier sind einige Gr\u00fcnde, warum sie so besonders sind: D\u00f6rfer und St\u00e4dte: Die Landschaft von Dorset ist auch gepr\u00e4gt von vielen charmanten D\u00f6rfern und historischen St\u00e4dten wie Sherborne, Bridport und Dorchester, die eine reiche Geschichte und Kultur [&hellip;]<\/p>\n","protected":false},"author":1,"featured_media":0,"parent":0,"menu_order":0,"comment_status":"closed","ping_status":"closed","template":"single-four.php","meta":[],"acf":[],"yoast_head":"<!-- This site is optimized with the Yoast SEO plugin v19.4 - https:\/\/yoast.com\/wordpress\/plugins\/seo\/ -->\n<title>Was macht die Dorset so besonders? - Urlaub &amp; Reisen<\/title>\n<meta name=\"description\" content=\"Die K\u00fcste und Landschaft von Dorset im S\u00fcden Englands sind bekannt f\u00fcr ihre nat\u00fcrliche Sch\u00f6nheit und geologische Vielfalt. Hier sind einige\" \/>\n<meta name=\"robots\" content=\"index, follow, max-snippet:-1, max-image-preview:large, max-video-preview:-1\" \/>\n<link rel=\"canonical\" href=\"https:\/\/www.urlaubcornwall.de\/blog\/was-macht-die-dorset-so-besonders\/\" \/>\n<meta property=\"og:locale\" content=\"en_US\" \/>\n<meta property=\"og:type\" content=\"article\" \/>\n<meta property=\"og:title\" content=\"Was macht die Dorset so besonders? - Urlaub &amp; Reisen\" \/>\n<meta property=\"og:description\" content=\"Die K\u00fcste und Landschaft von Dorset im S\u00fcden Englands sind bekannt f\u00fcr ihre nat\u00fcrliche Sch\u00f6nheit und geologische Vielfalt. Hier sind einige\" \/>\n<meta property=\"og:url\" content=\"https:\/\/www.urlaubcornwall.de\/blog\/was-macht-die-dorset-so-besonders\/\" \/>\n<meta property=\"og:site_name\" content=\"Urlaub &amp; Reisen\" \/>\n<meta property=\"article:modified_time\" content=\"2024-04-30T15:30:10+00:00\" \/>\n<meta property=\"og:image\" content=\"https:\/\/www.urlaubcornwall.de\/blog\/wp-content\/uploads\/2024\/03\/lyme-regis-dorset.jpg\" \/>\n<meta name=\"twitter:card\" content=\"summary\" \/>\n<meta name=\"twitter:label1\" content=\"Est. reading time\" \/>\n\t<meta name=\"twitter:data1\" content=\"2 minutes\" \/>\n<script type=\"application\/ld+json\" class=\"yoast-schema-graph\">{\"@context\":\"https:\/\/schema.org\",\"@graph\":[{\"@type\":\"WebSite\",\"@id\":\"https:\/\/www.urlaubcornwall.de\/blog\/#website\",\"url\":\"https:\/\/www.urlaubcornwall.de\/blog\/\",\"name\":\"Urlaub &amp; Reisen\",\"description\":\"Urlaub, Reisen, Cornwall und S\u00fcdengland: eine perfekte Kombination\",\"potentialAction\":[{\"@type\":\"SearchAction\",\"target\":{\"@type\":\"EntryPoint\",\"urlTemplate\":\"https:\/\/www.urlaubcornwall.de\/blog\/?s={search_term_string}\"},\"query-input\":\"required name=search_term_string\"}],\"inLanguage\":\"en-US\"},{\"@type\":\"WebPage\",\"@id\":\"https:\/\/www.urlaubcornwall.de\/blog\/was-macht-die-dorset-so-besonders\/\",\"url\":\"https:\/\/www.urlaubcornwall.de\/blog\/was-macht-die-dorset-so-besonders\/\",\"name\":\"Was macht die Dorset so besonders? - Urlaub &amp; Reisen\",\"isPartOf\":{\"@id\":\"https:\/\/www.urlaubcornwall.de\/blog\/#website\"},\"datePublished\":\"2023-04-18T10:37:09+00:00\",\"dateModified\":\"2024-04-30T15:30:10+00:00\",\"description\":\"Die K\u00fcste und Landschaft von Dorset im S\u00fcden Englands sind bekannt f\u00fcr ihre nat\u00fcrliche Sch\u00f6nheit und geologische Vielfalt. Hier sind einige\",\"breadcrumb\":{\"@id\":\"https:\/\/www.urlaubcornwall.de\/blog\/was-macht-die-dorset-so-besonders\/#breadcrumb\"},\"inLanguage\":\"en-US\",\"potentialAction\":[{\"@type\":\"ReadAction\",\"target\":[\"https:\/\/www.urlaubcornwall.de\/blog\/was-macht-die-dorset-so-besonders\/\"]}]},{\"@type\":\"BreadcrumbList\",\"@id\":\"https:\/\/www.urlaubcornwall.de\/blog\/was-macht-die-dorset-so-besonders\/#breadcrumb\",\"itemListElement\":[{\"@type\":\"ListItem\",\"position\":1,\"name\":\"Home\",\"item\":\"https:\/\/www.urlaubcornwall.de\/blog\/\"},{\"@type\":\"ListItem\",\"position\":2,\"name\":\"Was macht die Dorset so besonders?\"}]}]}<\/script>\n<!-- \/ Yoast SEO plugin. -->","yoast_head_json":{"title":"Was macht die Dorset so besonders? - Urlaub &amp; Reisen","description":"Die K\u00fcste und Landschaft von Dorset im S\u00fcden Englands sind bekannt f\u00fcr ihre nat\u00fcrliche Sch\u00f6nheit und geologische Vielfalt. Hier sind einige","robots":{"index":"index","follow":"follow","max-snippet":"max-snippet:-1","max-image-preview":"max-image-preview:large","max-video-preview":"max-video-preview:-1"},"canonical":"https:\/\/www.urlaubcornwall.de\/blog\/was-macht-die-dorset-so-besonders\/","og_locale":"en_US","og_type":"article","og_title":"Was macht die Dorset so besonders? - Urlaub &amp; Reisen","og_description":"Die K\u00fcste und Landschaft von Dorset im S\u00fcden Englands sind bekannt f\u00fcr ihre nat\u00fcrliche Sch\u00f6nheit und geologische Vielfalt. Hier sind einige","og_url":"https:\/\/www.urlaubcornwall.de\/blog\/was-macht-die-dorset-so-besonders\/","og_site_name":"Urlaub &amp; Reisen","article_modified_time":"2024-04-30T15:30:10+00:00","og_image":[{"url":"https:\/\/www.urlaubcornwall.de\/blog\/wp-content\/uploads\/2024\/03\/lyme-regis-dorset.jpg"}],"twitter_card":"summary","twitter_misc":{"Est. reading time":"2 minutes"},"schema":{"@context":"https:\/\/schema.org","@graph":[{"@type":"WebSite","@id":"https:\/\/www.urlaubcornwall.de\/blog\/#website","url":"https:\/\/www.urlaubcornwall.de\/blog\/","name":"Urlaub &amp; Reisen","description":"Urlaub, Reisen, Cornwall und S\u00fcdengland: eine perfekte Kombination","potentialAction":[{"@type":"SearchAction","target":{"@type":"EntryPoint","urlTemplate":"https:\/\/www.urlaubcornwall.de\/blog\/?s={search_term_string}"},"query-input":"required name=search_term_string"}],"inLanguage":"en-US"},{"@type":"WebPage","@id":"https:\/\/www.urlaubcornwall.de\/blog\/was-macht-die-dorset-so-besonders\/","url":"https:\/\/www.urlaubcornwall.de\/blog\/was-macht-die-dorset-so-besonders\/","name":"Was macht die Dorset so besonders? - Urlaub &amp; Reisen","isPartOf":{"@id":"https:\/\/www.urlaubcornwall.de\/blog\/#website"},"datePublished":"2023-04-18T10:37:09+00:00","dateModified":"2024-04-30T15:30:10+00:00","description":"Die K\u00fcste und Landschaft von Dorset im S\u00fcden Englands sind bekannt f\u00fcr ihre nat\u00fcrliche Sch\u00f6nheit und geologische Vielfalt. Hier sind einige","breadcrumb":{"@id":"https:\/\/www.urlaubcornwall.de\/blog\/was-macht-die-dorset-so-besonders\/#breadcrumb"},"inLanguage":"en-US","potentialAction":[{"@type":"ReadAction","target":["https:\/\/www.urlaubcornwall.de\/blog\/was-macht-die-dorset-so-besonders\/"]}]},{"@type":"BreadcrumbList","@id":"https:\/\/www.urlaubcornwall.de\/blog\/was-macht-die-dorset-so-besonders\/#breadcrumb","itemListElement":[{"@type":"ListItem","position":1,"name":"Home","item":"https:\/\/www.urlaubcornwall.de\/blog\/"},{"@type":"ListItem","position":2,"name":"Was macht die Dorset so besonders?"}]}]}},"_links":{"self":[{"href":"https:\/\/www.urlaubcornwall.de\/blog\/wp-json\/wp\/v2\/pages\/46305"}],"collection":[{"href":"https:\/\/www.urlaubcornwall.de\/blog\/wp-json\/wp\/v2\/pages"}],"about":[{"href":"https:\/\/www.urlaubcornwall.de\/blog\/wp-json\/wp\/v2\/types\/page"}],"author":[{"embeddable":true,"href":"https:\/\/www.urlaubcornwall.de\/blog\/wp-json\/wp\/v2\/users\/1"}],"replies":[{"embeddable":true,"href":"https:\/\/www.urlaubcornwall.de\/blog\/wp-json\/wp\/v2\/comments?post=46305"}],"version-history":[{"count":4,"href":"https:\/\/www.urlaubcornwall.de\/blog\/wp-json\/wp\/v2\/pages\/46305\/revisions"}],"predecessor-version":[{"id":49984,"href":"https:\/\/www.urlaubcornwall.de\/blog\/wp-json\/wp\/v2\/pages\/46305\/revisions\/49984"}],"wp:attachment":[{"href":"https:\/\/www.urlaubcornwall.de\/blog\/wp-json\/wp\/v2\/media?parent=46305"}],"curies":[{"name":"wp","href":"https:\/\/api.w.org\/{rel}","templated":true}]}}