{"id":46301,"date":"2023-04-18T09:30:52","date_gmt":"2023-04-18T09:30:52","guid":{"rendered":"https:\/\/www.urlaubcornwall.de\/blog\/?page_id=46301"},"modified":"2023-06-07T08:57:28","modified_gmt":"2023-06-07T08:57:28","slug":"was-ist-schoener-newquay-oder-falmouth","status":"publish","type":"page","link":"https:\/\/www.urlaubcornwall.de\/blog\/was-ist-schoener-newquay-oder-falmouth\/","title":{"rendered":"Was ist sch\u00f6ner Newquay oder Falmouth?"},"content":{"rendered":"<p>Beide Orte haben ihren eigenen Charme und sind auf ihre Weise wundersch\u00f6n. <\/p>\n<p><img loading=\"lazy\" class=\"aligncenter size-full wp-image-40133\" src=\"https:\/\/www.urlaubcornwall.de\/blog\/wp-content\/uploads\/2020\/05\/towan-strand-newquay-rotated.jpg\" alt=\"towan strand newquay\" width=\"750\" height=\"562\" srcset=\"https:\/\/www.urlaubcornwall.de\/blog\/wp-content\/uploads\/2020\/05\/towan-strand-newquay-rotated.jpg 750w, https:\/\/www.urlaubcornwall.de\/blog\/wp-content\/uploads\/2020\/05\/towan-strand-newquay-300x225.jpg 300w\" sizes=\"(max-width: 750px) 100vw, 750px\" \/><\/p>\n<p><a href=\"https:\/\/www.urlaubcornwall.de\/ferienhaeuser-fewos\/newquay.html\">Newquay ist ein bekannter Badeort mit vielen sch\u00f6nen Str\u00e4nden<\/a> und einer F\u00fclle von Aktivit\u00e4ten wie Surfen, Tauchen und Angeln. Es gibt auch eine lebhafte Stadt mit vielen Restaurants, Bars und Gesch\u00e4ften, die eine Menge Unterhaltung bieten.<\/p>\n<p><img loading=\"lazy\" class=\"aligncenter size-full wp-image-43328\" src=\"https:\/\/www.urlaubcornwall.de\/blog\/wp-content\/uploads\/2021\/10\/falmouth-hafen.jpg\" alt=\"falmouth hafen\" width=\"750\" height=\"546\"\/><\/p>\n<p><a href=\"https:\/\/www.urlaubcornwall.de\/ferienhaeuser-fewos\/falmouth.html\">Falmouth ist eine h\u00fcbsche Stadt am Meer<\/a> mit einer reichen maritimen Geschichte. Es gibt eine F\u00fclle von Aktivit\u00e4ten wie Bootsfahrten, Museumsbesuche und Wassersportarten. Die Stadt hat auch eine F\u00fclle von Gesch\u00e4ften, Restaurants und Bars und ist bekannt f\u00fcr ihre erstklassige K\u00fcche.<\/p>\n<p>Letztendlich h\u00e4ngt es davon ab, was Sie suchen. Wenn Sie eine lebhafte Stadt mit vielen Aktivit\u00e4ten und Unterhaltungsm\u00f6glichkeiten suchen, k\u00f6nnte Newquay die bessere Wahl f\u00fcr Sie sein. Wenn Sie hingegen eine h\u00fcbsche Stadt mit einer reichen maritimen Geschichte und erstklassiger K\u00fcche suchen, k\u00f6nnte Falmouth besser zu Ihnen passen. Beide Orte sind jedoch wundersch\u00f6n und einen Besuch wert.<\/p>\n<p>Cornwall ist das perfekte Urlaubsziel \u2013 suchen Sie sich also ein Ferienhaus mit Selbstverpflegung in Cornwall am Meer aus, wo es auch landeinw\u00e4rts viel zu entdecken gibt. Mit seinem \u00fcberaus milden Klima werden Sie sich fragen, ob Sie sich tats\u00e4chlich in England befinden.Um UrlaubCornwall.de <a href=\"https:\/\/www.urlaubcornwall.de\/ferienhaeuser-fewos\/cornwall.html\">einzigartige Kollektion nach Ihrem idealen Ferienhaus zu durchsuchen<\/a>. <\/p>\n<p style=\"text-align: center;\"><a class=\"tidycta\" href=\"https:\/\/www.urlaubcornwall.de\/ferienhaeuser-fewos\/cornwall.html\">Suche Ferienh\u00e4user in Cornwall<\/a><\/p>\n<div class=\"snippet\"> <a class=\"featured-item\" href=\"https:\/\/www.urlaubcornwall.de\/ferienhaeuser\/cornwall.php\"> <span class=\"image-holder\" style=\"background-image: url('https:\/\/www.urlaubcornwall.de\/blog\/wp-content\/uploads\/2018\/12\/familienurlaub-corwnall-snippet.jpg');\"><\/span> <span class=\"featured-content\"> \n<h2 class=\"featured-title\">Ferienh\u00e4user in Cornwall am Meer<\/h2>\n<p class=\"featured-body\">Cornwall besitzt mehr K\u00fcstenlinien als jede andere Grafschaft und bietet einige der besten Str\u00e4nde, K\u00fcstenwanderwege und Klippenlandschaften, die man \u00fcberhaupt finden kann&#8230; <\/p><\/span> <span class=\"featured-link-holder\"> <span class=\"featured-extra-info\"> \n<p>F\u00fcr Paare, Familien &#038; Gruppen<\/p>\n<\/span> \n<p class=\"featured-link\">DETAILS<\/p>\n<\/span> <\/a><\/div>\n","protected":false},"excerpt":{"rendered":"<p>Beide Orte haben ihren eigenen Charme und sind auf ihre Weise wundersch\u00f6n. Newquay ist ein bekannter Badeort mit vielen sch\u00f6nen Str\u00e4nden und einer F\u00fclle von Aktivit\u00e4ten wie Surfen, Tauchen und Angeln. Es gibt auch eine lebhafte Stadt mit vielen Restaurants, Bars und Gesch\u00e4ften, die eine Menge Unterhaltung bieten. Falmouth ist eine h\u00fcbsche Stadt am Meer [&hellip;]<\/p>\n","protected":false},"author":1,"featured_media":0,"parent":0,"menu_order":0,"comment_status":"closed","ping_status":"closed","template":"single-four.php","meta":[],"acf":[],"yoast_head":"<!-- This site is optimized with the Yoast SEO plugin v19.4 - https:\/\/yoast.com\/wordpress\/plugins\/seo\/ -->\n<title>Was ist sch\u00f6ner Newquay oder Falmouth? - Urlaub &amp; Reisen<\/title>\n<meta name=\"description\" content=\"Letztendlich h\u00e4ngt es davon ab, was Sie suchen. Wenn Sie eine lebhafte Stadt mit vielen Aktivit\u00e4ten und Unterhaltungsm\u00f6glichkeiten suchen\" \/>\n<meta name=\"robots\" content=\"index, follow, max-snippet:-1, max-image-preview:large, max-video-preview:-1\" \/>\n<link rel=\"canonical\" href=\"https:\/\/www.urlaubcornwall.de\/blog\/was-ist-schoener-newquay-oder-falmouth\/\" \/>\n<meta property=\"og:locale\" content=\"en_US\" \/>\n<meta property=\"og:type\" content=\"article\" \/>\n<meta property=\"og:title\" content=\"Was ist sch\u00f6ner Newquay oder Falmouth? - Urlaub &amp; Reisen\" \/>\n<meta property=\"og:description\" content=\"Letztendlich h\u00e4ngt es davon ab, was Sie suchen. Wenn Sie eine lebhafte Stadt mit vielen Aktivit\u00e4ten und Unterhaltungsm\u00f6glichkeiten suchen\" \/>\n<meta property=\"og:url\" content=\"https:\/\/www.urlaubcornwall.de\/blog\/was-ist-schoener-newquay-oder-falmouth\/\" \/>\n<meta property=\"og:site_name\" content=\"Urlaub &amp; Reisen\" \/>\n<meta property=\"article:modified_time\" content=\"2023-06-07T08:57:28+00:00\" \/>\n<meta property=\"og:image\" content=\"https:\/\/www.urlaubcornwall.de\/blog\/wp-content\/uploads\/2020\/05\/towan-strand-newquay-rotated.jpg\" \/>\n<meta name=\"twitter:card\" content=\"summary\" \/>\n<meta name=\"twitter:label1\" content=\"Est. reading time\" \/>\n\t<meta name=\"twitter:data1\" content=\"2 minutes\" \/>\n<script type=\"application\/ld+json\" class=\"yoast-schema-graph\">{\"@context\":\"https:\/\/schema.org\",\"@graph\":[{\"@type\":\"WebSite\",\"@id\":\"https:\/\/www.urlaubcornwall.de\/blog\/#website\",\"url\":\"https:\/\/www.urlaubcornwall.de\/blog\/\",\"name\":\"Urlaub &amp; Reisen\",\"description\":\"Urlaub, Reisen, Cornwall und S\u00fcdengland: eine perfekte Kombination\",\"potentialAction\":[{\"@type\":\"SearchAction\",\"target\":{\"@type\":\"EntryPoint\",\"urlTemplate\":\"https:\/\/www.urlaubcornwall.de\/blog\/?s={search_term_string}\"},\"query-input\":\"required name=search_term_string\"}],\"inLanguage\":\"en-US\"},{\"@type\":\"WebPage\",\"@id\":\"https:\/\/www.urlaubcornwall.de\/blog\/was-ist-schoener-newquay-oder-falmouth\/\",\"url\":\"https:\/\/www.urlaubcornwall.de\/blog\/was-ist-schoener-newquay-oder-falmouth\/\",\"name\":\"Was ist sch\u00f6ner Newquay oder Falmouth? - Urlaub &amp; Reisen\",\"isPartOf\":{\"@id\":\"https:\/\/www.urlaubcornwall.de\/blog\/#website\"},\"datePublished\":\"2023-04-18T09:30:52+00:00\",\"dateModified\":\"2023-06-07T08:57:28+00:00\",\"description\":\"Letztendlich h\u00e4ngt es davon ab, was Sie suchen. Wenn Sie eine lebhafte Stadt mit vielen Aktivit\u00e4ten und Unterhaltungsm\u00f6glichkeiten suchen\",\"breadcrumb\":{\"@id\":\"https:\/\/www.urlaubcornwall.de\/blog\/was-ist-schoener-newquay-oder-falmouth\/#breadcrumb\"},\"inLanguage\":\"en-US\",\"potentialAction\":[{\"@type\":\"ReadAction\",\"target\":[\"https:\/\/www.urlaubcornwall.de\/blog\/was-ist-schoener-newquay-oder-falmouth\/\"]}]},{\"@type\":\"BreadcrumbList\",\"@id\":\"https:\/\/www.urlaubcornwall.de\/blog\/was-ist-schoener-newquay-oder-falmouth\/#breadcrumb\",\"itemListElement\":[{\"@type\":\"ListItem\",\"position\":1,\"name\":\"Home\",\"item\":\"https:\/\/www.urlaubcornwall.de\/blog\/\"},{\"@type\":\"ListItem\",\"position\":2,\"name\":\"Was ist sch\u00f6ner Newquay oder Falmouth?\"}]}]}<\/script>\n<!-- \/ Yoast SEO plugin. -->","yoast_head_json":{"title":"Was ist sch\u00f6ner Newquay oder Falmouth? - Urlaub &amp; Reisen","description":"Letztendlich h\u00e4ngt es davon ab, was Sie suchen. Wenn Sie eine lebhafte Stadt mit vielen Aktivit\u00e4ten und Unterhaltungsm\u00f6glichkeiten suchen","robots":{"index":"index","follow":"follow","max-snippet":"max-snippet:-1","max-image-preview":"max-image-preview:large","max-video-preview":"max-video-preview:-1"},"canonical":"https:\/\/www.urlaubcornwall.de\/blog\/was-ist-schoener-newquay-oder-falmouth\/","og_locale":"en_US","og_type":"article","og_title":"Was ist sch\u00f6ner Newquay oder Falmouth? - Urlaub &amp; Reisen","og_description":"Letztendlich h\u00e4ngt es davon ab, was Sie suchen. Wenn Sie eine lebhafte Stadt mit vielen Aktivit\u00e4ten und Unterhaltungsm\u00f6glichkeiten suchen","og_url":"https:\/\/www.urlaubcornwall.de\/blog\/was-ist-schoener-newquay-oder-falmouth\/","og_site_name":"Urlaub &amp; Reisen","article_modified_time":"2023-06-07T08:57:28+00:00","og_image":[{"url":"https:\/\/www.urlaubcornwall.de\/blog\/wp-content\/uploads\/2020\/05\/towan-strand-newquay-rotated.jpg"}],"twitter_card":"summary","twitter_misc":{"Est. reading time":"2 minutes"},"schema":{"@context":"https:\/\/schema.org","@graph":[{"@type":"WebSite","@id":"https:\/\/www.urlaubcornwall.de\/blog\/#website","url":"https:\/\/www.urlaubcornwall.de\/blog\/","name":"Urlaub &amp; Reisen","description":"Urlaub, Reisen, Cornwall und S\u00fcdengland: eine perfekte Kombination","potentialAction":[{"@type":"SearchAction","target":{"@type":"EntryPoint","urlTemplate":"https:\/\/www.urlaubcornwall.de\/blog\/?s={search_term_string}"},"query-input":"required name=search_term_string"}],"inLanguage":"en-US"},{"@type":"WebPage","@id":"https:\/\/www.urlaubcornwall.de\/blog\/was-ist-schoener-newquay-oder-falmouth\/","url":"https:\/\/www.urlaubcornwall.de\/blog\/was-ist-schoener-newquay-oder-falmouth\/","name":"Was ist sch\u00f6ner Newquay oder Falmouth? - Urlaub &amp; Reisen","isPartOf":{"@id":"https:\/\/www.urlaubcornwall.de\/blog\/#website"},"datePublished":"2023-04-18T09:30:52+00:00","dateModified":"2023-06-07T08:57:28+00:00","description":"Letztendlich h\u00e4ngt es davon ab, was Sie suchen. Wenn Sie eine lebhafte Stadt mit vielen Aktivit\u00e4ten und Unterhaltungsm\u00f6glichkeiten suchen","breadcrumb":{"@id":"https:\/\/www.urlaubcornwall.de\/blog\/was-ist-schoener-newquay-oder-falmouth\/#breadcrumb"},"inLanguage":"en-US","potentialAction":[{"@type":"ReadAction","target":["https:\/\/www.urlaubcornwall.de\/blog\/was-ist-schoener-newquay-oder-falmouth\/"]}]},{"@type":"BreadcrumbList","@id":"https:\/\/www.urlaubcornwall.de\/blog\/was-ist-schoener-newquay-oder-falmouth\/#breadcrumb","itemListElement":[{"@type":"ListItem","position":1,"name":"Home","item":"https:\/\/www.urlaubcornwall.de\/blog\/"},{"@type":"ListItem","position":2,"name":"Was ist sch\u00f6ner Newquay oder Falmouth?"}]}]}},"_links":{"self":[{"href":"https:\/\/www.urlaubcornwall.de\/blog\/wp-json\/wp\/v2\/pages\/46301"}],"collection":[{"href":"https:\/\/www.urlaubcornwall.de\/blog\/wp-json\/wp\/v2\/pages"}],"about":[{"href":"https:\/\/www.urlaubcornwall.de\/blog\/wp-json\/wp\/v2\/types\/page"}],"author":[{"embeddable":true,"href":"https:\/\/www.urlaubcornwall.de\/blog\/wp-json\/wp\/v2\/users\/1"}],"replies":[{"embeddable":true,"href":"https:\/\/www.urlaubcornwall.de\/blog\/wp-json\/wp\/v2\/comments?post=46301"}],"version-history":[{"count":2,"href":"https:\/\/www.urlaubcornwall.de\/blog\/wp-json\/wp\/v2\/pages\/46301\/revisions"}],"predecessor-version":[{"id":46720,"href":"https:\/\/www.urlaubcornwall.de\/blog\/wp-json\/wp\/v2\/pages\/46301\/revisions\/46720"}],"wp:attachment":[{"href":"https:\/\/www.urlaubcornwall.de\/blog\/wp-json\/wp\/v2\/media?parent=46301"}],"curies":[{"name":"wp","href":"https:\/\/api.w.org\/{rel}","templated":true}]}}