{"id":46298,"date":"2023-04-18T09:23:48","date_gmt":"2023-04-18T09:23:48","guid":{"rendered":"https:\/\/www.urlaubcornwall.de\/blog\/?page_id=46298"},"modified":"2023-06-07T08:57:13","modified_gmt":"2023-06-07T08:57:13","slug":"was-ist-schoener-padstow-oder-fowey","status":"publish","type":"page","link":"https:\/\/www.urlaubcornwall.de\/blog\/was-ist-schoener-padstow-oder-fowey\/","title":{"rendered":"Was ist sch\u00f6ner Padstow oder Fowey?"},"content":{"rendered":"<p>Beide Orte haben ihren eigenen Charme und sind auf ihre Weise wundersch\u00f6n. <\/p>\n<p><img loading=\"lazy\" class=\"aligncenter size-full wp-image-43326\" src=\"https:\/\/www.urlaubcornwall.de\/blog\/wp-content\/uploads\/2021\/10\/padstow_hafen.jpg\" alt=\"padstow_hafen\" width=\"750\" height=\"432\" srcset=\"https:\/\/www.urlaubcornwall.de\/blog\/wp-content\/uploads\/2021\/10\/padstow_hafen.jpg 750w, https:\/\/www.urlaubcornwall.de\/blog\/wp-content\/uploads\/2021\/10\/padstow_hafen-300x173.jpg 300w\" sizes=\"(max-width: 750px) 100vw, 750px\" \/><\/p>\n<p><a href=\"https:\/\/www.urlaubcornwall.de\/ferienhaeuser-fewos\/padstow.html\">Padstow ist ein malerisches Fischerdorf<\/a> mit einer atemberaubenden Landschaft und einer F\u00fclle von Aktivit\u00e4ten. Es ist bekannt f\u00fcr seine erstklassige K\u00fcche, insbesondere f\u00fcr Meeresfr\u00fcchte und Fischgerichte. Die Stadt bietet auch eine F\u00fclle von Wander- und Radwegen, die Sie durch die wundersch\u00f6ne Landschaft f\u00fchren. Au\u00dferdem ist es ein gro\u00dfartiger Ort, um Boote zu mieten und die nahegelegenen Str\u00e4nde und Buchten zu erkunden.<\/p>\n<p><img loading=\"lazy\" class=\"aligncenter size-full wp-image-43344\" src=\"https:\/\/www.urlaubcornwall.de\/blog\/wp-content\/uploads\/2021\/10\/fowey-1.jpg\" alt=\"fowey\" width=\"750\" height=\"500\" srcset=\"https:\/\/www.urlaubcornwall.de\/blog\/wp-content\/uploads\/2021\/10\/fowey-1.jpg 750w, https:\/\/www.urlaubcornwall.de\/blog\/wp-content\/uploads\/2021\/10\/fowey-1-300x200.jpg 300w\" sizes=\"(max-width: 750px) 100vw, 750px\" \/><\/p>\n<p><a href=\"https:\/\/www.urlaubcornwall.de\/ferienhaeuser-fewos\/fowey.html\">Fowey ist eine h\u00fcbsche Stadt an der M\u00fcndung des Flusses Fowey<\/a>, mit einem sch\u00f6nen Hafen und einer F\u00fclle von charmanten Gesch\u00e4ften und Caf\u00e9s. Es ist auch ein gro\u00dfartiger Ausgangspunkt, um die umliegenden Str\u00e4nde und Buchten zu erkunden und eine F\u00fclle von Wander- und Radwegen zu genie\u00dfen. Fowey hat auch eine reiche maritime Geschichte, die in der Stadt durch ihre architektonischen Merkmale und ihre Sehensw\u00fcrdigkeiten reflektiert wird.<\/p>\n<p>Letztendlich h\u00e4ngt es davon ab, was Sie suchen. Wenn Sie eine F\u00fclle von Aktivit\u00e4ten und eine erstklassige K\u00fcche suchen, k\u00f6nnte Padstow die bessere Wahl f\u00fcr Sie sein. Wenn Sie hingegen eine h\u00fcbsche Stadt mit einem charmanten Hafen und einer reichen maritimen Geschichte suchen, k\u00f6nnte Fowey besser zu Ihnen passen. Beide Orte sind jedoch wundersch\u00f6n und einen Besuch wert.<\/p>\n<p>Cornwall ist das perfekte Urlaubsziel \u2013 suchen Sie sich also ein Ferienhaus mit Selbstverpflegung in Cornwall am Meer aus, wo es auch landeinw\u00e4rts viel zu entdecken gibt. Mit seinem \u00fcberaus milden Klima werden Sie sich fragen, ob Sie sich tats\u00e4chlich in England befinden.Um UrlaubCornwall.de <a href=\"https:\/\/www.urlaubcornwall.de\/ferienhaeuser-fewos\/cornwall.html\">einzigartige Kollektion nach Ihrem idealen Ferienhaus zu durchsuchen<\/a>. <\/p>\n<p style=\"text-align: center;\"><a class=\"tidycta\" href=\"https:\/\/www.urlaubcornwall.de\/ferienhaeuser-fewos\/cornwall.html\">Suche Ferienh\u00e4user in Cornwall<\/a><\/p>\n<div class=\"snippet\"> <a class=\"featured-item\" href=\"https:\/\/www.urlaubcornwall.de\/ferienhaeuser\/cornwall.php\"> <span class=\"image-holder\" style=\"background-image: url('https:\/\/www.urlaubcornwall.de\/blog\/wp-content\/uploads\/2018\/12\/familienurlaub-corwnall-snippet.jpg');\"><\/span> <span class=\"featured-content\"> \n<h2 class=\"featured-title\">Ferienh\u00e4user in Cornwall am Meer<\/h2>\n<p class=\"featured-body\">Cornwall besitzt mehr K\u00fcstenlinien als jede andere Grafschaft und bietet einige der besten Str\u00e4nde, K\u00fcstenwanderwege und Klippenlandschaften, die man \u00fcberhaupt finden kann&#8230; <\/p><\/span> <span class=\"featured-link-holder\"> <span class=\"featured-extra-info\"> \n<p>F\u00fcr Paare, Familien &#038; Gruppen<\/p>\n<\/span> \n<p class=\"featured-link\">DETAILS<\/p>\n<\/span> <\/a><\/div>\n","protected":false},"excerpt":{"rendered":"<p>Beide Orte haben ihren eigenen Charme und sind auf ihre Weise wundersch\u00f6n. Padstow ist ein malerisches Fischerdorf mit einer atemberaubenden Landschaft und einer F\u00fclle von Aktivit\u00e4ten. Es ist bekannt f\u00fcr seine erstklassige K\u00fcche, insbesondere f\u00fcr Meeresfr\u00fcchte und Fischgerichte. Die Stadt bietet auch eine F\u00fclle von Wander- und Radwegen, die Sie durch die wundersch\u00f6ne Landschaft f\u00fchren. [&hellip;]<\/p>\n","protected":false},"author":1,"featured_media":0,"parent":0,"menu_order":0,"comment_status":"closed","ping_status":"closed","template":"single-four.php","meta":[],"acf":[],"yoast_head":"<!-- This site is optimized with the Yoast SEO plugin v19.4 - https:\/\/yoast.com\/wordpress\/plugins\/seo\/ -->\n<title>Was ist sch\u00f6ner Padstow oder Fowey? - Urlaub &amp; Reisen<\/title>\n<meta name=\"description\" content=\"Beide Orte haben ihren eigenen Charme und sind auf ihre Weise wundersch\u00f6n. Es h\u00e4ngt also letztendlich von Ihren pers\u00f6nlichen Vorlieben ab.\" \/>\n<meta name=\"robots\" content=\"index, follow, max-snippet:-1, max-image-preview:large, max-video-preview:-1\" \/>\n<link rel=\"canonical\" href=\"https:\/\/www.urlaubcornwall.de\/blog\/was-ist-schoener-padstow-oder-fowey\/\" \/>\n<meta property=\"og:locale\" content=\"en_US\" \/>\n<meta property=\"og:type\" content=\"article\" \/>\n<meta property=\"og:title\" content=\"Was ist sch\u00f6ner Padstow oder Fowey? - Urlaub &amp; Reisen\" \/>\n<meta property=\"og:description\" content=\"Beide Orte haben ihren eigenen Charme und sind auf ihre Weise wundersch\u00f6n. Es h\u00e4ngt also letztendlich von Ihren pers\u00f6nlichen Vorlieben ab.\" \/>\n<meta property=\"og:url\" content=\"https:\/\/www.urlaubcornwall.de\/blog\/was-ist-schoener-padstow-oder-fowey\/\" \/>\n<meta property=\"og:site_name\" content=\"Urlaub &amp; Reisen\" \/>\n<meta property=\"article:modified_time\" content=\"2023-06-07T08:57:13+00:00\" \/>\n<meta property=\"og:image\" content=\"https:\/\/www.urlaubcornwall.de\/blog\/wp-content\/uploads\/2021\/10\/padstow_hafen.jpg\" \/>\n<meta name=\"twitter:card\" content=\"summary\" \/>\n<meta name=\"twitter:label1\" content=\"Est. reading time\" \/>\n\t<meta name=\"twitter:data1\" content=\"2 minutes\" \/>\n<script type=\"application\/ld+json\" class=\"yoast-schema-graph\">{\"@context\":\"https:\/\/schema.org\",\"@graph\":[{\"@type\":\"WebSite\",\"@id\":\"https:\/\/www.urlaubcornwall.de\/blog\/#website\",\"url\":\"https:\/\/www.urlaubcornwall.de\/blog\/\",\"name\":\"Urlaub &amp; Reisen\",\"description\":\"Urlaub, Reisen, Cornwall und S\u00fcdengland: eine perfekte Kombination\",\"potentialAction\":[{\"@type\":\"SearchAction\",\"target\":{\"@type\":\"EntryPoint\",\"urlTemplate\":\"https:\/\/www.urlaubcornwall.de\/blog\/?s={search_term_string}\"},\"query-input\":\"required name=search_term_string\"}],\"inLanguage\":\"en-US\"},{\"@type\":\"WebPage\",\"@id\":\"https:\/\/www.urlaubcornwall.de\/blog\/was-ist-schoener-padstow-oder-fowey\/\",\"url\":\"https:\/\/www.urlaubcornwall.de\/blog\/was-ist-schoener-padstow-oder-fowey\/\",\"name\":\"Was ist sch\u00f6ner Padstow oder Fowey? - Urlaub &amp; Reisen\",\"isPartOf\":{\"@id\":\"https:\/\/www.urlaubcornwall.de\/blog\/#website\"},\"datePublished\":\"2023-04-18T09:23:48+00:00\",\"dateModified\":\"2023-06-07T08:57:13+00:00\",\"description\":\"Beide Orte haben ihren eigenen Charme und sind auf ihre Weise wundersch\u00f6n. Es h\u00e4ngt also letztendlich von Ihren pers\u00f6nlichen Vorlieben ab.\",\"breadcrumb\":{\"@id\":\"https:\/\/www.urlaubcornwall.de\/blog\/was-ist-schoener-padstow-oder-fowey\/#breadcrumb\"},\"inLanguage\":\"en-US\",\"potentialAction\":[{\"@type\":\"ReadAction\",\"target\":[\"https:\/\/www.urlaubcornwall.de\/blog\/was-ist-schoener-padstow-oder-fowey\/\"]}]},{\"@type\":\"BreadcrumbList\",\"@id\":\"https:\/\/www.urlaubcornwall.de\/blog\/was-ist-schoener-padstow-oder-fowey\/#breadcrumb\",\"itemListElement\":[{\"@type\":\"ListItem\",\"position\":1,\"name\":\"Home\",\"item\":\"https:\/\/www.urlaubcornwall.de\/blog\/\"},{\"@type\":\"ListItem\",\"position\":2,\"name\":\"Was ist sch\u00f6ner Padstow oder Fowey?\"}]}]}<\/script>\n<!-- \/ Yoast SEO plugin. -->","yoast_head_json":{"title":"Was ist sch\u00f6ner Padstow oder Fowey? - Urlaub &amp; Reisen","description":"Beide Orte haben ihren eigenen Charme und sind auf ihre Weise wundersch\u00f6n. Es h\u00e4ngt also letztendlich von Ihren pers\u00f6nlichen Vorlieben ab.","robots":{"index":"index","follow":"follow","max-snippet":"max-snippet:-1","max-image-preview":"max-image-preview:large","max-video-preview":"max-video-preview:-1"},"canonical":"https:\/\/www.urlaubcornwall.de\/blog\/was-ist-schoener-padstow-oder-fowey\/","og_locale":"en_US","og_type":"article","og_title":"Was ist sch\u00f6ner Padstow oder Fowey? - Urlaub &amp; Reisen","og_description":"Beide Orte haben ihren eigenen Charme und sind auf ihre Weise wundersch\u00f6n. Es h\u00e4ngt also letztendlich von Ihren pers\u00f6nlichen Vorlieben ab.","og_url":"https:\/\/www.urlaubcornwall.de\/blog\/was-ist-schoener-padstow-oder-fowey\/","og_site_name":"Urlaub &amp; Reisen","article_modified_time":"2023-06-07T08:57:13+00:00","og_image":[{"url":"https:\/\/www.urlaubcornwall.de\/blog\/wp-content\/uploads\/2021\/10\/padstow_hafen.jpg"}],"twitter_card":"summary","twitter_misc":{"Est. reading time":"2 minutes"},"schema":{"@context":"https:\/\/schema.org","@graph":[{"@type":"WebSite","@id":"https:\/\/www.urlaubcornwall.de\/blog\/#website","url":"https:\/\/www.urlaubcornwall.de\/blog\/","name":"Urlaub &amp; Reisen","description":"Urlaub, Reisen, Cornwall und S\u00fcdengland: eine perfekte Kombination","potentialAction":[{"@type":"SearchAction","target":{"@type":"EntryPoint","urlTemplate":"https:\/\/www.urlaubcornwall.de\/blog\/?s={search_term_string}"},"query-input":"required name=search_term_string"}],"inLanguage":"en-US"},{"@type":"WebPage","@id":"https:\/\/www.urlaubcornwall.de\/blog\/was-ist-schoener-padstow-oder-fowey\/","url":"https:\/\/www.urlaubcornwall.de\/blog\/was-ist-schoener-padstow-oder-fowey\/","name":"Was ist sch\u00f6ner Padstow oder Fowey? - Urlaub &amp; Reisen","isPartOf":{"@id":"https:\/\/www.urlaubcornwall.de\/blog\/#website"},"datePublished":"2023-04-18T09:23:48+00:00","dateModified":"2023-06-07T08:57:13+00:00","description":"Beide Orte haben ihren eigenen Charme und sind auf ihre Weise wundersch\u00f6n. Es h\u00e4ngt also letztendlich von Ihren pers\u00f6nlichen Vorlieben ab.","breadcrumb":{"@id":"https:\/\/www.urlaubcornwall.de\/blog\/was-ist-schoener-padstow-oder-fowey\/#breadcrumb"},"inLanguage":"en-US","potentialAction":[{"@type":"ReadAction","target":["https:\/\/www.urlaubcornwall.de\/blog\/was-ist-schoener-padstow-oder-fowey\/"]}]},{"@type":"BreadcrumbList","@id":"https:\/\/www.urlaubcornwall.de\/blog\/was-ist-schoener-padstow-oder-fowey\/#breadcrumb","itemListElement":[{"@type":"ListItem","position":1,"name":"Home","item":"https:\/\/www.urlaubcornwall.de\/blog\/"},{"@type":"ListItem","position":2,"name":"Was ist sch\u00f6ner Padstow oder Fowey?"}]}]}},"_links":{"self":[{"href":"https:\/\/www.urlaubcornwall.de\/blog\/wp-json\/wp\/v2\/pages\/46298"}],"collection":[{"href":"https:\/\/www.urlaubcornwall.de\/blog\/wp-json\/wp\/v2\/pages"}],"about":[{"href":"https:\/\/www.urlaubcornwall.de\/blog\/wp-json\/wp\/v2\/types\/page"}],"author":[{"embeddable":true,"href":"https:\/\/www.urlaubcornwall.de\/blog\/wp-json\/wp\/v2\/users\/1"}],"replies":[{"embeddable":true,"href":"https:\/\/www.urlaubcornwall.de\/blog\/wp-json\/wp\/v2\/comments?post=46298"}],"version-history":[{"count":2,"href":"https:\/\/www.urlaubcornwall.de\/blog\/wp-json\/wp\/v2\/pages\/46298\/revisions"}],"predecessor-version":[{"id":46719,"href":"https:\/\/www.urlaubcornwall.de\/blog\/wp-json\/wp\/v2\/pages\/46298\/revisions\/46719"}],"wp:attachment":[{"href":"https:\/\/www.urlaubcornwall.de\/blog\/wp-json\/wp\/v2\/media?parent=46298"}],"curies":[{"name":"wp","href":"https:\/\/api.w.org\/{rel}","templated":true}]}}