{"id":46290,"date":"2023-04-18T08:26:56","date_gmt":"2023-04-18T08:26:56","guid":{"rendered":"https:\/\/www.urlaubcornwall.de\/blog\/?page_id=46290"},"modified":"2024-04-15T11:20:40","modified_gmt":"2024-04-15T11:20:40","slug":"kann-man-in-cornwall-wassersport-betreiben","status":"publish","type":"page","link":"https:\/\/www.urlaubcornwall.de\/blog\/kann-man-in-cornwall-wassersport-betreiben\/","title":{"rendered":"Kann man in Cornwall Wassersport betreiben?"},"content":{"rendered":"<p><img loading=\"lazy\" class=\"aligncenter size-full wp-image-47783\" src=\"https:\/\/www.urlaubcornwall.de\/blog\/wp-content\/uploads\/2024\/03\/Fistral-strand.jpg\" alt=\"Fistral strand\" width=\"750\" height=\"482\" srcset=\"https:\/\/www.urlaubcornwall.de\/blog\/wp-content\/uploads\/2024\/03\/Fistral-strand.jpg 750w, https:\/\/www.urlaubcornwall.de\/blog\/wp-content\/uploads\/2024\/03\/Fistral-strand-300x193.jpg 300w\" sizes=\"(max-width: 750px) 100vw, 750px\" \/><\/p>\n<p>Ja, Cornwall ist ein hervorragendes Ziel f\u00fcr Wassersportaktivit\u00e4ten. Mit seinen langen Str\u00e4nden, zerkl\u00fcfteten K\u00fcstenlinien und glitzernden Gew\u00e4ssern ist es ein beliebtes Reiseziel f\u00fcr Wassersportfans.<\/p>\n<p>Zu den beliebtesten Wassersportarten in Cornwall geh\u00f6ren Surfen, Kitesurfen, Windsurfen, Stand-up-Paddleboarding, Segeln und Kayaking. Es gibt zahlreiche Schulen und Verleihstationen, die eine breite Palette an Wassersportausr\u00fcstung und -unterricht anbieten, so dass f\u00fcr jeden etwas dabei ist, egal ob Sie ein Anf\u00e4nger oder ein erfahrener Profi sind.<\/p>\n<p>Einige der besten Orte f\u00fcr Wassersport in Cornwall sind <a href=\"https:\/\/www.urlaubcornwall.de\/blog\/fistral-beach-surfstrand-newquay\/\">Fistral Beach<\/a>, <a href=\"https:\/\/www.urlaubcornwall.de\/blog\/watergate-bay-newquay\/\">Watergate Bay<\/a>, <a href=\"https:\/\/www.urlaubcornwall.de\/blog\/polzeath-strand-nahe-wadebridge\/\">Polzeath Strand<\/a>, <a href=\"https:\/\/www.urlaubcornwall.de\/blog\/straende-westkueste-cornwall-insidertipps\/\">Porthmeor Strand<\/a> und <a href=\"https:\/\/www.urlaubcornwall.de\/blog\/was-sie-in-sennen-tun-koennen\/\">Sennen Cove<\/a>. Diese Str\u00e4nde bieten hervorragende Bedingungen zum Surfen und andere Wassersportarten sowie eine beeindruckende Landschaft, die Sie begeistern wird.<\/p>\n<p>Cornwall ist das perfekte Urlaubsziel \u2013 suchen Sie sich also ein Ferienhaus mit Selbstverpflegung in Cornwall am Meer aus, wo es auch landeinw\u00e4rts viel zu entdecken gibt. Mit seinem \u00fcberaus milden Klima werden Sie sich fragen, ob Sie sich tats\u00e4chlich in England befinden.Um UrlaubCornwall.de <a href=\"https:\/\/www.urlaubcornwall.de\/ferienhaeuser-fewos\/cornwall.html\">einzigartige Kollektion nach Ihrem idealen Ferienhaus zu durchsuchen<\/a>. <\/p>\n<p style=\"text-align: center;\"><a class=\"tidycta\" href=\"https:\/\/www.urlaubcornwall.de\/ferienhaeuser-fewos\/cornwall.html\">Suche Ferienh\u00e4user in Cornwall<\/a><\/p>\n<div class=\"snippet\"> <a class=\"featured-item\" href=\"https:\/\/www.urlaubcornwall.de\/ferienhaeuser\/cornwall.php\"> <span class=\"image-holder\" style=\"background-image: url('https:\/\/www.urlaubcornwall.de\/blog\/wp-content\/uploads\/2018\/12\/familienurlaub-corwnall-snippet.jpg');\"><\/span> <span class=\"featured-content\"> \n<h2 class=\"featured-title\">Ferienh\u00e4user in Cornwall am Meer<\/h2>\n<p class=\"featured-body\">Cornwall besitzt mehr K\u00fcstenlinien als jede andere Grafschaft und bietet einige der besten Str\u00e4nde, K\u00fcstenwanderwege und Klippenlandschaften, die man \u00fcberhaupt finden kann&#8230; <\/p><\/span> <span class=\"featured-link-holder\"> <span class=\"featured-extra-info\"> \n<p>F\u00fcr Paare, Familien &#038; Gruppen<\/p>\n<\/span> \n<p class=\"featured-link\">DETAILS<\/p>\n<\/span> <\/a><\/div>\n","protected":false},"excerpt":{"rendered":"<p>Ja, Cornwall ist ein hervorragendes Ziel f\u00fcr Wassersportaktivit\u00e4ten. Mit seinen langen Str\u00e4nden, zerkl\u00fcfteten K\u00fcstenlinien und glitzernden Gew\u00e4ssern ist es ein beliebtes Reiseziel f\u00fcr Wassersportfans. Zu den beliebtesten Wassersportarten in Cornwall geh\u00f6ren Surfen, Kitesurfen, Windsurfen, Stand-up-Paddleboarding, Segeln und Kayaking. Es gibt zahlreiche Schulen und Verleihstationen, die eine breite Palette an Wassersportausr\u00fcstung und -unterricht anbieten, so dass [&hellip;]<\/p>\n","protected":false},"author":1,"featured_media":0,"parent":0,"menu_order":0,"comment_status":"closed","ping_status":"closed","template":"single-four.php","meta":[],"acf":[],"yoast_head":"<!-- This site is optimized with the Yoast SEO plugin v19.4 - https:\/\/yoast.com\/wordpress\/plugins\/seo\/ -->\n<title>Kann man in Cornwall Wassersport betreiben? - Urlaub &amp; Reisen<\/title>\n<meta name=\"description\" content=\"Ja, Cornwall ist ein hervorragendes Ziel f\u00fcr Wassersportaktivit\u00e4ten. Mit seinen langen Str\u00e4nden, zerkl\u00fcfteten K\u00fcstenlinien und glitzernden\" \/>\n<meta name=\"robots\" content=\"index, follow, max-snippet:-1, max-image-preview:large, max-video-preview:-1\" \/>\n<link rel=\"canonical\" href=\"https:\/\/www.urlaubcornwall.de\/blog\/kann-man-in-cornwall-wassersport-betreiben\/\" \/>\n<meta property=\"og:locale\" content=\"en_US\" \/>\n<meta property=\"og:type\" content=\"article\" \/>\n<meta property=\"og:title\" content=\"Kann man in Cornwall Wassersport betreiben? - Urlaub &amp; Reisen\" \/>\n<meta property=\"og:description\" content=\"Ja, Cornwall ist ein hervorragendes Ziel f\u00fcr Wassersportaktivit\u00e4ten. Mit seinen langen Str\u00e4nden, zerkl\u00fcfteten K\u00fcstenlinien und glitzernden\" \/>\n<meta property=\"og:url\" content=\"https:\/\/www.urlaubcornwall.de\/blog\/kann-man-in-cornwall-wassersport-betreiben\/\" \/>\n<meta property=\"og:site_name\" content=\"Urlaub &amp; Reisen\" \/>\n<meta property=\"article:modified_time\" content=\"2024-04-15T11:20:40+00:00\" \/>\n<meta property=\"og:image\" content=\"https:\/\/www.urlaubcornwall.de\/blog\/wp-content\/uploads\/2024\/03\/Fistral-strand.jpg\" \/>\n<meta name=\"twitter:card\" content=\"summary\" \/>\n<meta name=\"twitter:label1\" content=\"Est. reading time\" \/>\n\t<meta name=\"twitter:data1\" content=\"2 minutes\" \/>\n<script type=\"application\/ld+json\" class=\"yoast-schema-graph\">{\"@context\":\"https:\/\/schema.org\",\"@graph\":[{\"@type\":\"WebSite\",\"@id\":\"https:\/\/www.urlaubcornwall.de\/blog\/#website\",\"url\":\"https:\/\/www.urlaubcornwall.de\/blog\/\",\"name\":\"Urlaub &amp; Reisen\",\"description\":\"Urlaub, Reisen, Cornwall und S\u00fcdengland: eine perfekte Kombination\",\"potentialAction\":[{\"@type\":\"SearchAction\",\"target\":{\"@type\":\"EntryPoint\",\"urlTemplate\":\"https:\/\/www.urlaubcornwall.de\/blog\/?s={search_term_string}\"},\"query-input\":\"required name=search_term_string\"}],\"inLanguage\":\"en-US\"},{\"@type\":\"WebPage\",\"@id\":\"https:\/\/www.urlaubcornwall.de\/blog\/kann-man-in-cornwall-wassersport-betreiben\/\",\"url\":\"https:\/\/www.urlaubcornwall.de\/blog\/kann-man-in-cornwall-wassersport-betreiben\/\",\"name\":\"Kann man in Cornwall Wassersport betreiben? - Urlaub &amp; Reisen\",\"isPartOf\":{\"@id\":\"https:\/\/www.urlaubcornwall.de\/blog\/#website\"},\"datePublished\":\"2023-04-18T08:26:56+00:00\",\"dateModified\":\"2024-04-15T11:20:40+00:00\",\"description\":\"Ja, Cornwall ist ein hervorragendes Ziel f\u00fcr Wassersportaktivit\u00e4ten. Mit seinen langen Str\u00e4nden, zerkl\u00fcfteten K\u00fcstenlinien und glitzernden\",\"breadcrumb\":{\"@id\":\"https:\/\/www.urlaubcornwall.de\/blog\/kann-man-in-cornwall-wassersport-betreiben\/#breadcrumb\"},\"inLanguage\":\"en-US\",\"potentialAction\":[{\"@type\":\"ReadAction\",\"target\":[\"https:\/\/www.urlaubcornwall.de\/blog\/kann-man-in-cornwall-wassersport-betreiben\/\"]}]},{\"@type\":\"BreadcrumbList\",\"@id\":\"https:\/\/www.urlaubcornwall.de\/blog\/kann-man-in-cornwall-wassersport-betreiben\/#breadcrumb\",\"itemListElement\":[{\"@type\":\"ListItem\",\"position\":1,\"name\":\"Home\",\"item\":\"https:\/\/www.urlaubcornwall.de\/blog\/\"},{\"@type\":\"ListItem\",\"position\":2,\"name\":\"Kann man in Cornwall Wassersport betreiben?\"}]}]}<\/script>\n<!-- \/ Yoast SEO plugin. -->","yoast_head_json":{"title":"Kann man in Cornwall Wassersport betreiben? - Urlaub &amp; Reisen","description":"Ja, Cornwall ist ein hervorragendes Ziel f\u00fcr Wassersportaktivit\u00e4ten. Mit seinen langen Str\u00e4nden, zerkl\u00fcfteten K\u00fcstenlinien und glitzernden","robots":{"index":"index","follow":"follow","max-snippet":"max-snippet:-1","max-image-preview":"max-image-preview:large","max-video-preview":"max-video-preview:-1"},"canonical":"https:\/\/www.urlaubcornwall.de\/blog\/kann-man-in-cornwall-wassersport-betreiben\/","og_locale":"en_US","og_type":"article","og_title":"Kann man in Cornwall Wassersport betreiben? - Urlaub &amp; Reisen","og_description":"Ja, Cornwall ist ein hervorragendes Ziel f\u00fcr Wassersportaktivit\u00e4ten. Mit seinen langen Str\u00e4nden, zerkl\u00fcfteten K\u00fcstenlinien und glitzernden","og_url":"https:\/\/www.urlaubcornwall.de\/blog\/kann-man-in-cornwall-wassersport-betreiben\/","og_site_name":"Urlaub &amp; Reisen","article_modified_time":"2024-04-15T11:20:40+00:00","og_image":[{"url":"https:\/\/www.urlaubcornwall.de\/blog\/wp-content\/uploads\/2024\/03\/Fistral-strand.jpg"}],"twitter_card":"summary","twitter_misc":{"Est. reading time":"2 minutes"},"schema":{"@context":"https:\/\/schema.org","@graph":[{"@type":"WebSite","@id":"https:\/\/www.urlaubcornwall.de\/blog\/#website","url":"https:\/\/www.urlaubcornwall.de\/blog\/","name":"Urlaub &amp; Reisen","description":"Urlaub, Reisen, Cornwall und S\u00fcdengland: eine perfekte Kombination","potentialAction":[{"@type":"SearchAction","target":{"@type":"EntryPoint","urlTemplate":"https:\/\/www.urlaubcornwall.de\/blog\/?s={search_term_string}"},"query-input":"required name=search_term_string"}],"inLanguage":"en-US"},{"@type":"WebPage","@id":"https:\/\/www.urlaubcornwall.de\/blog\/kann-man-in-cornwall-wassersport-betreiben\/","url":"https:\/\/www.urlaubcornwall.de\/blog\/kann-man-in-cornwall-wassersport-betreiben\/","name":"Kann man in Cornwall Wassersport betreiben? - Urlaub &amp; Reisen","isPartOf":{"@id":"https:\/\/www.urlaubcornwall.de\/blog\/#website"},"datePublished":"2023-04-18T08:26:56+00:00","dateModified":"2024-04-15T11:20:40+00:00","description":"Ja, Cornwall ist ein hervorragendes Ziel f\u00fcr Wassersportaktivit\u00e4ten. Mit seinen langen Str\u00e4nden, zerkl\u00fcfteten K\u00fcstenlinien und glitzernden","breadcrumb":{"@id":"https:\/\/www.urlaubcornwall.de\/blog\/kann-man-in-cornwall-wassersport-betreiben\/#breadcrumb"},"inLanguage":"en-US","potentialAction":[{"@type":"ReadAction","target":["https:\/\/www.urlaubcornwall.de\/blog\/kann-man-in-cornwall-wassersport-betreiben\/"]}]},{"@type":"BreadcrumbList","@id":"https:\/\/www.urlaubcornwall.de\/blog\/kann-man-in-cornwall-wassersport-betreiben\/#breadcrumb","itemListElement":[{"@type":"ListItem","position":1,"name":"Home","item":"https:\/\/www.urlaubcornwall.de\/blog\/"},{"@type":"ListItem","position":2,"name":"Kann man in Cornwall Wassersport betreiben?"}]}]}},"_links":{"self":[{"href":"https:\/\/www.urlaubcornwall.de\/blog\/wp-json\/wp\/v2\/pages\/46290"}],"collection":[{"href":"https:\/\/www.urlaubcornwall.de\/blog\/wp-json\/wp\/v2\/pages"}],"about":[{"href":"https:\/\/www.urlaubcornwall.de\/blog\/wp-json\/wp\/v2\/types\/page"}],"author":[{"embeddable":true,"href":"https:\/\/www.urlaubcornwall.de\/blog\/wp-json\/wp\/v2\/users\/1"}],"replies":[{"embeddable":true,"href":"https:\/\/www.urlaubcornwall.de\/blog\/wp-json\/wp\/v2\/comments?post=46290"}],"version-history":[{"count":2,"href":"https:\/\/www.urlaubcornwall.de\/blog\/wp-json\/wp\/v2\/pages\/46290\/revisions"}],"predecessor-version":[{"id":49459,"href":"https:\/\/www.urlaubcornwall.de\/blog\/wp-json\/wp\/v2\/pages\/46290\/revisions\/49459"}],"wp:attachment":[{"href":"https:\/\/www.urlaubcornwall.de\/blog\/wp-json\/wp\/v2\/media?parent=46290"}],"curies":[{"name":"wp","href":"https:\/\/api.w.org\/{rel}","templated":true}]}}