{"id":46275,"date":"2023-04-17T14:14:29","date_gmt":"2023-04-17T14:14:29","guid":{"rendered":"https:\/\/www.urlaubcornwall.de\/blog\/?page_id=46275"},"modified":"2024-05-31T11:42:35","modified_gmt":"2024-05-31T11:42:35","slug":"was-sind-die-besten-fotospots-in-cornwall","status":"publish","type":"page","link":"https:\/\/www.urlaubcornwall.de\/blog\/was-sind-die-besten-fotospots-in-cornwall\/","title":{"rendered":"Was sind die besten Fotospots &#038; Fotoreise in Cornwall?"},"content":{"rendered":"<p><img loading=\"lazy\" class=\"aligncenter size-full wp-image-46285\" src=\"https:\/\/www.urlaubcornwall.de\/blog\/wp-content\/uploads\/2023\/04\/st_michaels-mount_newer.jpg\" alt=\"st_michaels mount\" width=\"750\" height=\"563\" srcset=\"https:\/\/www.urlaubcornwall.de\/blog\/wp-content\/uploads\/2023\/04\/st_michaels-mount_newer.jpg 750w, https:\/\/www.urlaubcornwall.de\/blog\/wp-content\/uploads\/2023\/04\/st_michaels-mount_newer-300x225.jpg 300w\" sizes=\"(max-width: 750px) 100vw, 750px\" \/><\/p>\n<p><a href=\"https:\/\/www.urlaubcornwall.de\/ferienhaeuser-fewos\/cornwall.html\">Cornwall ist ein wundersch\u00f6ner Ort<\/a> mit vielen gro\u00dfartigen Fotospots, daher gibt es viele Orte, die sich f\u00fcr gro\u00dfartige Fotos eignen. Hier sind einige der besten Fotospots in Cornwall:<\/p>\n<p><strong>St. Michael&#8217;s Mount:<\/strong> Diese malerische Burg auf einer Insel vor der K\u00fcste von Cornwall nahe Marazion bietet eine beeindruckende Kulisse f\u00fcr Fotos.<\/p>\n<p><strong>Lands End:<\/strong> Dieser <a href=\"https:\/\/www.urlaubcornwall.de\/ferienhaeuser-fewos\/lands-end.html\">ber\u00fchmte Punkt ist das westlichste Ende Englands<\/a> und bietet eine atemberaubende Aussicht auf das Meer und die umliegende Landschaft.<\/p>\n<p><strong>Die K\u00fcstenpfade:<\/strong> Cornwall hat eine atemberaubende K\u00fcste mit vielen Klippen und Buchten, die sich hervorragend f\u00fcr Fotos eignen. Beliebte K\u00fcstenpfade sind der <a href=\"https:\/\/www.urlaubcornwall.de\/wanderurlaub\/cornwall.php\">South West Coast Path<\/a> und der <a href=\"https:\/\/www.urlaubcornwall.de\/ferienhaeuser-fewos\/bude.html\">Bude<\/a> to <a href=\"https:\/\/www.urlaubcornwall.de\/ferienhaeuser-fewos\/boscastle.html\">Boscastle<\/a> Coastal Path.<\/p>\n<p><img loading=\"lazy\" class=\"aligncenter size-full wp-image-47547\" src=\"https:\/\/www.urlaubcornwall.de\/blog\/wp-content\/uploads\/2024\/02\/credit-minack-theatre.jpg\" alt=\"minack-theatre\" width=\"750\" height=\"501\" srcset=\"https:\/\/www.urlaubcornwall.de\/blog\/wp-content\/uploads\/2024\/02\/credit-minack-theatre.jpg 750w, https:\/\/www.urlaubcornwall.de\/blog\/wp-content\/uploads\/2024\/02\/credit-minack-theatre-300x200.jpg 300w\" sizes=\"(max-width: 750px) 100vw, 750px\" \/><br \/>\ncredit-minack-theatre<\/p>\n<p><strong>Der Minack Theatre:<\/strong> Das Minack Theatre nahe <a href=\"https:\/\/www.urlaubcornwall.de\/ferienhaeuser-fewos\/porthcurno.html\">Porthcurno<\/a> ist ein einzigartiges Amphitheater, das in die Felsen am Meer gebaut wurde und eine beeindruckende Kulisse f\u00fcr Fotos bietet.<\/p>\n<p><strong>St. Ives:<\/strong> Diese <a href=\"https:\/\/www.urlaubcornwall.de\/ferienhaeuser-fewos\/st-ives.html\">malerische K\u00fcstenstadt<\/a> bietet viele Fotom\u00f6glichkeiten, einschlie\u00dflich des Hafens, der Str\u00e4nde und der engen Gassen mit ihren charmanten H\u00e4usern.<\/p>\n<p><strong>Die G\u00e4rten von Cornwall:<\/strong> <a href=\"https:\/\/www.urlaubcornwall.de\/blog\/wunderschoene-gaerten-gartenreise-in-cornwall\/\">Cornwall hat viele wundersch\u00f6ne G\u00e4rten<\/a>, die sich hervorragend f\u00fcr Fotos eignen, darunter der Lost Gardens of Heligan und der Trebah Garden.<\/p>\n<p><img loading=\"lazy\" class=\"aligncenter size-full wp-image-50931\" src=\"https:\/\/www.urlaubcornwall.de\/blog\/wp-content\/uploads\/2024\/05\/tintagel_bridge.jpg\" alt=\"tintagel_bridge\" width=\"750\" height=\"643\" srcset=\"https:\/\/www.urlaubcornwall.de\/blog\/wp-content\/uploads\/2024\/05\/tintagel_bridge.jpg 750w, https:\/\/www.urlaubcornwall.de\/blog\/wp-content\/uploads\/2024\/05\/tintagel_bridge-300x257.jpg 300w\" sizes=\"(max-width: 750px) 100vw, 750px\" \/><\/p>\n<p><strong>Die Tintagel Burg:<\/strong> Die Tintagel Burg auf einer Klippe hoch \u00fcber dem Meer bietet eine beeindruckende Kulisse f\u00fcr Fotos.<\/p>\n<p><strong>Die Hafenst\u00e4dte von Cornwall:<\/strong> Es gibt viele charmante Hafenst\u00e4dte in Cornwall, darunter <a href=\"https:\/\/www.urlaubcornwall.de\/ferienhaeuser-fewos\/padstow.html\">Padstow<\/a> und <a href=\"https:\/\/www.urlaubcornwall.de\/ferienhaeuser-fewos\/fowey.html\">Fowey<\/a>, die sich hervorragend f\u00fcr Fotos eignen.<\/p>\n<p><strong>Die Stauseen von Cornwall:<\/strong> Cornwall hat einige beeindruckende Stauseen, darunter den Stausee Roadford und den Stausee Siblyback, die sich hervorragend f\u00fcr Fotos eignen.<\/p>\n<p><strong>Die Zinnminen:<\/strong> <a href=\"https:\/\/www.urlaubcornwall.de\/ferienhaeuser-fewos\/west-cornwall.html\">West Cornwall<\/a> hat eine reiche Geschichte im Bergbau und es gibt viele verlassene Zinnminen, die sich hervorragend f\u00fcr Fotos eignen, darunter die Levant Mine und die Botallack Mine.<\/p>\n<p>Cornwall ist das perfekte Urlaubsziel \u2013 suchen Sie sich also ein Ferienhaus mit Selbstverpflegung in Cornwall aus, wo es auch landeinw\u00e4rts viel zu entdecken gibt. Mit seinem \u00fcberaus milden Klima werden Sie sich fragen, ob Sie sich tats\u00e4chlich in England befinden.Um UrlaubCornwall.de <a href=\"https:\/\/www.urlaubcornwall.de\/ferienhaeuser-fewos\/cornwall.html\">einzigartige Kollektion nach Ihrem idealen Ferienhaus zu durchsuchen<\/a>. <\/p>\n<p style=\"text-align: center;\"><a class=\"tidycta\" href=\"https:\/\/www.urlaubcornwall.de\/ferienhaeuser-fewos\/cornwall.html\">Suche Ferienh\u00e4user in Cornwall<\/a><\/p>\n<div class=\"snippet\"> <a class=\"featured-item\" href=\"https:\/\/www.urlaubcornwall.de\/ferienhaeuser\/cornwall.php\"> <span class=\"image-holder\" style=\"background-image: url('https:\/\/www.urlaubcornwall.de\/blog\/wp-content\/uploads\/2018\/12\/familienurlaub-corwnall-snippet.jpg');\"><\/span> <span class=\"featured-content\"> \n<h2 class=\"featured-title\">Ferienh\u00e4user in Cornwall am Strand<\/h2>\n<p class=\"featured-body\">Cornwall besitzt mehr K\u00fcstenlinien als jede andere Grafschaft und bietet einige der besten Str\u00e4nde, K\u00fcstenwanderwege und Klippenlandschaften, die man \u00fcberhaupt finden kann&#8230; <\/p><\/span> <span class=\"featured-link-holder\"> <span class=\"featured-extra-info\"> \n<p>F\u00fcr Paare, Familien &#038; Gruppen<\/p>\n<\/span> \n<p class=\"featured-link\">DETAILS<\/p>\n<\/span> <\/a><\/div>\n","protected":false},"excerpt":{"rendered":"<p>Cornwall ist ein wundersch\u00f6ner Ort mit vielen gro\u00dfartigen Fotospots, daher gibt es viele Orte, die sich f\u00fcr gro\u00dfartige Fotos eignen. Hier sind einige der besten Fotospots in Cornwall: St. Michael&#8217;s Mount: Diese malerische Burg auf einer Insel vor der K\u00fcste von Cornwall nahe Marazion bietet eine beeindruckende Kulisse f\u00fcr Fotos. Lands End: Dieser ber\u00fchmte Punkt [&hellip;]<\/p>\n","protected":false},"author":1,"featured_media":0,"parent":0,"menu_order":0,"comment_status":"closed","ping_status":"closed","template":"single-four.php","meta":[],"acf":[],"yoast_head":"<!-- This site is optimized with the Yoast SEO plugin v19.4 - https:\/\/yoast.com\/wordpress\/plugins\/seo\/ -->\n<title>Was sind die besten Fotospots &amp; Fotoreise in Cornwall? - Urlaub &amp; Reisen<\/title>\n<meta name=\"robots\" content=\"index, follow, max-snippet:-1, max-image-preview:large, max-video-preview:-1\" \/>\n<link rel=\"canonical\" href=\"https:\/\/www.urlaubcornwall.de\/blog\/was-sind-die-besten-fotospots-in-cornwall\/\" \/>\n<meta property=\"og:locale\" content=\"en_US\" \/>\n<meta property=\"og:type\" content=\"article\" \/>\n<meta property=\"og:title\" content=\"Was sind die besten Fotospots &amp; Fotoreise in Cornwall? - Urlaub &amp; Reisen\" \/>\n<meta property=\"og:description\" content=\"Cornwall ist ein wundersch\u00f6ner Ort mit vielen gro\u00dfartigen Fotospots, daher gibt es viele Orte, die sich f\u00fcr gro\u00dfartige Fotos eignen. Hier sind einige der besten Fotospots in Cornwall: St. Michael&#8217;s Mount: Diese malerische Burg auf einer Insel vor der K\u00fcste von Cornwall nahe Marazion bietet eine beeindruckende Kulisse f\u00fcr Fotos. Lands End: Dieser ber\u00fchmte Punkt [&hellip;]\" \/>\n<meta property=\"og:url\" content=\"https:\/\/www.urlaubcornwall.de\/blog\/was-sind-die-besten-fotospots-in-cornwall\/\" \/>\n<meta property=\"og:site_name\" content=\"Urlaub &amp; Reisen\" \/>\n<meta property=\"article:modified_time\" content=\"2024-05-31T11:42:35+00:00\" \/>\n<meta property=\"og:image\" content=\"https:\/\/www.urlaubcornwall.de\/blog\/wp-content\/uploads\/2023\/04\/st_michaels-mount_newer.jpg\" \/>\n<meta name=\"twitter:card\" content=\"summary\" \/>\n<meta name=\"twitter:label1\" content=\"Est. reading time\" \/>\n\t<meta name=\"twitter:data1\" content=\"3 minutes\" \/>\n<script type=\"application\/ld+json\" class=\"yoast-schema-graph\">{\"@context\":\"https:\/\/schema.org\",\"@graph\":[{\"@type\":\"WebSite\",\"@id\":\"https:\/\/www.urlaubcornwall.de\/blog\/#website\",\"url\":\"https:\/\/www.urlaubcornwall.de\/blog\/\",\"name\":\"Urlaub &amp; Reisen\",\"description\":\"Urlaub, Reisen, Cornwall und S\u00fcdengland: eine perfekte Kombination\",\"potentialAction\":[{\"@type\":\"SearchAction\",\"target\":{\"@type\":\"EntryPoint\",\"urlTemplate\":\"https:\/\/www.urlaubcornwall.de\/blog\/?s={search_term_string}\"},\"query-input\":\"required name=search_term_string\"}],\"inLanguage\":\"en-US\"},{\"@type\":\"WebPage\",\"@id\":\"https:\/\/www.urlaubcornwall.de\/blog\/was-sind-die-besten-fotospots-in-cornwall\/\",\"url\":\"https:\/\/www.urlaubcornwall.de\/blog\/was-sind-die-besten-fotospots-in-cornwall\/\",\"name\":\"Was sind die besten Fotospots & Fotoreise in Cornwall? - Urlaub &amp; Reisen\",\"isPartOf\":{\"@id\":\"https:\/\/www.urlaubcornwall.de\/blog\/#website\"},\"datePublished\":\"2023-04-17T14:14:29+00:00\",\"dateModified\":\"2024-05-31T11:42:35+00:00\",\"breadcrumb\":{\"@id\":\"https:\/\/www.urlaubcornwall.de\/blog\/was-sind-die-besten-fotospots-in-cornwall\/#breadcrumb\"},\"inLanguage\":\"en-US\",\"potentialAction\":[{\"@type\":\"ReadAction\",\"target\":[\"https:\/\/www.urlaubcornwall.de\/blog\/was-sind-die-besten-fotospots-in-cornwall\/\"]}]},{\"@type\":\"BreadcrumbList\",\"@id\":\"https:\/\/www.urlaubcornwall.de\/blog\/was-sind-die-besten-fotospots-in-cornwall\/#breadcrumb\",\"itemListElement\":[{\"@type\":\"ListItem\",\"position\":1,\"name\":\"Home\",\"item\":\"https:\/\/www.urlaubcornwall.de\/blog\/\"},{\"@type\":\"ListItem\",\"position\":2,\"name\":\"Was sind die besten Fotospots &#038; Fotoreise in Cornwall?\"}]}]}<\/script>\n<!-- \/ Yoast SEO plugin. -->","yoast_head_json":{"title":"Was sind die besten Fotospots & Fotoreise in Cornwall? - Urlaub &amp; Reisen","robots":{"index":"index","follow":"follow","max-snippet":"max-snippet:-1","max-image-preview":"max-image-preview:large","max-video-preview":"max-video-preview:-1"},"canonical":"https:\/\/www.urlaubcornwall.de\/blog\/was-sind-die-besten-fotospots-in-cornwall\/","og_locale":"en_US","og_type":"article","og_title":"Was sind die besten Fotospots & Fotoreise in Cornwall? - Urlaub &amp; Reisen","og_description":"Cornwall ist ein wundersch\u00f6ner Ort mit vielen gro\u00dfartigen Fotospots, daher gibt es viele Orte, die sich f\u00fcr gro\u00dfartige Fotos eignen. Hier sind einige der besten Fotospots in Cornwall: St. Michael&#8217;s Mount: Diese malerische Burg auf einer Insel vor der K\u00fcste von Cornwall nahe Marazion bietet eine beeindruckende Kulisse f\u00fcr Fotos. Lands End: Dieser ber\u00fchmte Punkt [&hellip;]","og_url":"https:\/\/www.urlaubcornwall.de\/blog\/was-sind-die-besten-fotospots-in-cornwall\/","og_site_name":"Urlaub &amp; Reisen","article_modified_time":"2024-05-31T11:42:35+00:00","og_image":[{"url":"https:\/\/www.urlaubcornwall.de\/blog\/wp-content\/uploads\/2023\/04\/st_michaels-mount_newer.jpg"}],"twitter_card":"summary","twitter_misc":{"Est. reading time":"3 minutes"},"schema":{"@context":"https:\/\/schema.org","@graph":[{"@type":"WebSite","@id":"https:\/\/www.urlaubcornwall.de\/blog\/#website","url":"https:\/\/www.urlaubcornwall.de\/blog\/","name":"Urlaub &amp; Reisen","description":"Urlaub, Reisen, Cornwall und S\u00fcdengland: eine perfekte Kombination","potentialAction":[{"@type":"SearchAction","target":{"@type":"EntryPoint","urlTemplate":"https:\/\/www.urlaubcornwall.de\/blog\/?s={search_term_string}"},"query-input":"required name=search_term_string"}],"inLanguage":"en-US"},{"@type":"WebPage","@id":"https:\/\/www.urlaubcornwall.de\/blog\/was-sind-die-besten-fotospots-in-cornwall\/","url":"https:\/\/www.urlaubcornwall.de\/blog\/was-sind-die-besten-fotospots-in-cornwall\/","name":"Was sind die besten Fotospots & Fotoreise in Cornwall? - Urlaub &amp; Reisen","isPartOf":{"@id":"https:\/\/www.urlaubcornwall.de\/blog\/#website"},"datePublished":"2023-04-17T14:14:29+00:00","dateModified":"2024-05-31T11:42:35+00:00","breadcrumb":{"@id":"https:\/\/www.urlaubcornwall.de\/blog\/was-sind-die-besten-fotospots-in-cornwall\/#breadcrumb"},"inLanguage":"en-US","potentialAction":[{"@type":"ReadAction","target":["https:\/\/www.urlaubcornwall.de\/blog\/was-sind-die-besten-fotospots-in-cornwall\/"]}]},{"@type":"BreadcrumbList","@id":"https:\/\/www.urlaubcornwall.de\/blog\/was-sind-die-besten-fotospots-in-cornwall\/#breadcrumb","itemListElement":[{"@type":"ListItem","position":1,"name":"Home","item":"https:\/\/www.urlaubcornwall.de\/blog\/"},{"@type":"ListItem","position":2,"name":"Was sind die besten Fotospots &#038; Fotoreise in Cornwall?"}]}]}},"_links":{"self":[{"href":"https:\/\/www.urlaubcornwall.de\/blog\/wp-json\/wp\/v2\/pages\/46275"}],"collection":[{"href":"https:\/\/www.urlaubcornwall.de\/blog\/wp-json\/wp\/v2\/pages"}],"about":[{"href":"https:\/\/www.urlaubcornwall.de\/blog\/wp-json\/wp\/v2\/types\/page"}],"author":[{"embeddable":true,"href":"https:\/\/www.urlaubcornwall.de\/blog\/wp-json\/wp\/v2\/users\/1"}],"replies":[{"embeddable":true,"href":"https:\/\/www.urlaubcornwall.de\/blog\/wp-json\/wp\/v2\/comments?post=46275"}],"version-history":[{"count":8,"href":"https:\/\/www.urlaubcornwall.de\/blog\/wp-json\/wp\/v2\/pages\/46275\/revisions"}],"predecessor-version":[{"id":51317,"href":"https:\/\/www.urlaubcornwall.de\/blog\/wp-json\/wp\/v2\/pages\/46275\/revisions\/51317"}],"wp:attachment":[{"href":"https:\/\/www.urlaubcornwall.de\/blog\/wp-json\/wp\/v2\/media?parent=46275"}],"curies":[{"name":"wp","href":"https:\/\/api.w.org\/{rel}","templated":true}]}}