{"id":46274,"date":"2023-04-18T09:14:46","date_gmt":"2023-04-18T09:14:46","guid":{"rendered":"https:\/\/www.urlaubcornwall.de\/blog\/?page_id=46274"},"modified":"2023-04-18T09:14:46","modified_gmt":"2023-04-18T09:14:46","slug":"was-sind-die-besten-fotospots-auf-den-kanalinseln","status":"publish","type":"page","link":"https:\/\/www.urlaubcornwall.de\/blog\/was-sind-die-besten-fotospots-auf-den-kanalinseln\/","title":{"rendered":"Was sind die besten Fotospots auf den Kanalinseln?"},"content":{"rendered":"<p><img loading=\"lazy\" class=\"aligncenter size-full wp-image-45936\" src=\"https:\/\/www.urlaubcornwall.de\/blog\/wp-content\/uploads\/2023\/02\/La-Corbiere-lighthouse-jersey.jpg\" alt=\"La Corbi\u00e8re lighthouse jersey\" width=\"750\" height=\"500\" srcset=\"https:\/\/www.urlaubcornwall.de\/blog\/wp-content\/uploads\/2023\/02\/La-Corbiere-lighthouse-jersey.jpg 750w, https:\/\/www.urlaubcornwall.de\/blog\/wp-content\/uploads\/2023\/02\/La-Corbiere-lighthouse-jersey-300x200.jpg 300w\" sizes=\"(max-width: 750px) 100vw, 750px\" \/><\/p>\n<p>Es gibt viele gro\u00dfartige Fotospots auf den <a href=\"https:\/\/www.urlaubcornwall.de\/reiseziel\/kanalinseln\/\">Kanalinseln<\/a>, je nachdem, welche Art von Motiven und Landschaften Sie bevorzugen. Hier sind einige der beliebtesten Fotospots auf den Kanalinseln:<\/p>\n<p>Der Leuchtturm von La Corbi\u00e8re: Der Leuchtturm von La Corbi\u00e8re auf Jersey ist ein ikonisches Wahrzeichen und bietet eine wundersch\u00f6ne Kulisse f\u00fcr Fotos.<\/p>\n<p>Die Klippen von Jersey: Jersey hat einige der beeindruckendsten Klippenlandschaften in Europa, darunter die Klippen von Pl\u00e9mont und die Klippen von La Corbi\u00e8re.<\/p>\n<p>Die Str\u00e4nde von Guernsey: Die Str\u00e4nde von Guernsey sind sehr malerisch und bieten eine wundersch\u00f6ne Kulisse f\u00fcr Fotos. Zu den bekanntesten Str\u00e4nden geh\u00f6ren Petit Bot Bay und L&#8217;Ancresse Bay.<\/p>\n<p><img loading=\"lazy\" class=\"aligncenter size-full wp-image-45928\" src=\"https:\/\/www.urlaubcornwall.de\/blog\/wp-content\/uploads\/2023\/02\/floral_st_peter_port_blick.jpg\" alt=\"floral_st_peter_port_blick\" width=\"750\" height=\"500\" srcset=\"https:\/\/www.urlaubcornwall.de\/blog\/wp-content\/uploads\/2023\/02\/floral_st_peter_port_blick.jpg 750w, https:\/\/www.urlaubcornwall.de\/blog\/wp-content\/uploads\/2023\/02\/floral_st_peter_port_blick-300x200.jpg 300w\" sizes=\"(max-width: 750px) 100vw, 750px\" \/><\/p>\n<p>Der Hafen von St. Peter Port: Der Hafen von St. Peter Port auf Guernsey bietet eine malerische Kulisse mit Blick auf das Meer und die umliegenden Geb\u00e4ude.<\/p>\n<p>Sark: Die kleine Insel Sark ist ein Paradies f\u00fcr Fotografen, mit seiner wilden, unber\u00fchrten Landschaft, den Klippen und Buchten, alten Bauernh\u00f6fen und G\u00e4rten sowie dem malerischen Dorf.<\/p>\n<p>Die Blumeng\u00e4rten auf Guernsey: Guernsey ist bekannt f\u00fcr seine Blumeng\u00e4rten, darunter der Candie Gardens und der Saumarez Park.<\/p>\n<p>Das Elizabeth Castle: Das Elizabeth Castle auf Jersey bietet einen gro\u00dfartigen Hintergrund f\u00fcr Fotos, insbesondere bei Sonnenuntergang.<\/p>\n<p><img loading=\"lazy\" class=\"aligncenter size-full wp-image-36714\" src=\"https:\/\/www.urlaubcornwall.de\/blog\/wp-content\/uploads\/2019\/02\/gruppenreisen-jersey-kanalinseln.jpg\" alt=\"Mont Orgueil Castle\" width=\"750\" height=\"441\"\/><\/p>\n<p>Die Burgruine von Mont Orgueil: Die Burgruine von Mont Orgueil auf Jersey ist eine beeindruckende mittelalterliche Festung und bietet eine gro\u00dfartige Kulisse f\u00fcr Fotos.<\/p>\n<p>Die K\u00fcstenwege: Die K\u00fcstenwege auf den Kanalinseln sind landschaftlich reizvoll und bieten viele gro\u00dfartige Fotom\u00f6glichkeiten entlang der Klippen und Buchten.<\/p>\n<p>Die kleinen Fischerd\u00f6rfer: Es gibt viele malerische Fischerd\u00f6rfer auf den Kanalinseln, darunter St. Aubin auf Jersey und St. Martins auf Guernsey, die sich hervorragend f\u00fcr Fotos eignen.<\/p>\n<h1><a href=\"https:\/\/www.urlaubcornwall.de\/blog\/spezialist-reisen-kanalinseln\/\">Ihr Spezialist f\u00fcr Reisen auf die Kanalinseln! Entdecken Sie das einzigartige Paradies im Atlantik<\/a><\/h1>\n<p><strong>Ein komplettes Urlaub mit Inklusive Flug<\/strong><\/p>\n<p>In der Tat gibt es zu viele malerische Fleckchen, um sie alle in einen Urlaub zu zw\u00e4ngen. Was also tun als Sch\u00f6nheitssuchender? Planen Sie Ihren Urlaub, gef\u00fcllt mit lediglich den sch\u00f6nsten Orten!<\/p>\n<p>Hier sind einige Ideen, die sicherstellen, dass Ihre n\u00e4chste <a href=\"https:\/\/www.urlaubcornwall.de\/reiseziel\/kanalinseln\/\">Reise nach Kanalinseln<\/a> die Instagram-Reise schlechthin darstellt.<\/p>\n","protected":false},"excerpt":{"rendered":"<p>Es gibt viele gro\u00dfartige Fotospots auf den Kanalinseln, je nachdem, welche Art von Motiven und Landschaften Sie bevorzugen. Hier sind einige der beliebtesten Fotospots auf den Kanalinseln: Der Leuchtturm von La Corbi\u00e8re: Der Leuchtturm von La Corbi\u00e8re auf Jersey ist ein ikonisches Wahrzeichen und bietet eine wundersch\u00f6ne Kulisse f\u00fcr Fotos. Die Klippen von Jersey: Jersey [&hellip;]<\/p>\n","protected":false},"author":1,"featured_media":0,"parent":0,"menu_order":0,"comment_status":"closed","ping_status":"closed","template":"single-four.php","meta":[],"acf":[],"yoast_head":"<!-- This site is optimized with the Yoast SEO plugin v19.4 - https:\/\/yoast.com\/wordpress\/plugins\/seo\/ -->\n<title>Was sind die besten Fotospots auf den Kanalinseln? - Urlaub &amp; Reisen<\/title>\n<meta name=\"robots\" content=\"index, follow, max-snippet:-1, max-image-preview:large, max-video-preview:-1\" \/>\n<link rel=\"canonical\" href=\"https:\/\/www.urlaubcornwall.de\/blog\/was-sind-die-besten-fotospots-auf-den-kanalinseln\/\" \/>\n<meta property=\"og:locale\" content=\"en_US\" \/>\n<meta property=\"og:type\" content=\"article\" \/>\n<meta property=\"og:title\" content=\"Was sind die besten Fotospots auf den Kanalinseln? - Urlaub &amp; Reisen\" \/>\n<meta property=\"og:description\" content=\"Es gibt viele gro\u00dfartige Fotospots auf den Kanalinseln, je nachdem, welche Art von Motiven und Landschaften Sie bevorzugen. Hier sind einige der beliebtesten Fotospots auf den Kanalinseln: Der Leuchtturm von La Corbi\u00e8re: Der Leuchtturm von La Corbi\u00e8re auf Jersey ist ein ikonisches Wahrzeichen und bietet eine wundersch\u00f6ne Kulisse f\u00fcr Fotos. Die Klippen von Jersey: Jersey [&hellip;]\" \/>\n<meta property=\"og:url\" content=\"https:\/\/www.urlaubcornwall.de\/blog\/was-sind-die-besten-fotospots-auf-den-kanalinseln\/\" \/>\n<meta property=\"og:site_name\" content=\"Urlaub &amp; Reisen\" \/>\n<meta property=\"og:image\" content=\"https:\/\/www.urlaubcornwall.de\/blog\/wp-content\/uploads\/2023\/02\/La-Corbiere-lighthouse-jersey.jpg\" \/>\n<meta name=\"twitter:card\" content=\"summary\" \/>\n<meta name=\"twitter:label1\" content=\"Est. reading time\" \/>\n\t<meta name=\"twitter:data1\" content=\"3 minutes\" \/>\n<script type=\"application\/ld+json\" class=\"yoast-schema-graph\">{\"@context\":\"https:\/\/schema.org\",\"@graph\":[{\"@type\":\"WebSite\",\"@id\":\"https:\/\/www.urlaubcornwall.de\/blog\/#website\",\"url\":\"https:\/\/www.urlaubcornwall.de\/blog\/\",\"name\":\"Urlaub &amp; Reisen\",\"description\":\"Urlaub, Reisen, Cornwall und S\u00fcdengland: eine perfekte Kombination\",\"potentialAction\":[{\"@type\":\"SearchAction\",\"target\":{\"@type\":\"EntryPoint\",\"urlTemplate\":\"https:\/\/www.urlaubcornwall.de\/blog\/?s={search_term_string}\"},\"query-input\":\"required name=search_term_string\"}],\"inLanguage\":\"en-US\"},{\"@type\":\"WebPage\",\"@id\":\"https:\/\/www.urlaubcornwall.de\/blog\/was-sind-die-besten-fotospots-auf-den-kanalinseln\/\",\"url\":\"https:\/\/www.urlaubcornwall.de\/blog\/was-sind-die-besten-fotospots-auf-den-kanalinseln\/\",\"name\":\"Was sind die besten Fotospots auf den Kanalinseln? - Urlaub &amp; Reisen\",\"isPartOf\":{\"@id\":\"https:\/\/www.urlaubcornwall.de\/blog\/#website\"},\"datePublished\":\"2023-04-18T09:14:46+00:00\",\"dateModified\":\"2023-04-18T09:14:46+00:00\",\"breadcrumb\":{\"@id\":\"https:\/\/www.urlaubcornwall.de\/blog\/was-sind-die-besten-fotospots-auf-den-kanalinseln\/#breadcrumb\"},\"inLanguage\":\"en-US\",\"potentialAction\":[{\"@type\":\"ReadAction\",\"target\":[\"https:\/\/www.urlaubcornwall.de\/blog\/was-sind-die-besten-fotospots-auf-den-kanalinseln\/\"]}]},{\"@type\":\"BreadcrumbList\",\"@id\":\"https:\/\/www.urlaubcornwall.de\/blog\/was-sind-die-besten-fotospots-auf-den-kanalinseln\/#breadcrumb\",\"itemListElement\":[{\"@type\":\"ListItem\",\"position\":1,\"name\":\"Home\",\"item\":\"https:\/\/www.urlaubcornwall.de\/blog\/\"},{\"@type\":\"ListItem\",\"position\":2,\"name\":\"Was sind die besten Fotospots auf den Kanalinseln?\"}]}]}<\/script>\n<!-- \/ Yoast SEO plugin. -->","yoast_head_json":{"title":"Was sind die besten Fotospots auf den Kanalinseln? - Urlaub &amp; Reisen","robots":{"index":"index","follow":"follow","max-snippet":"max-snippet:-1","max-image-preview":"max-image-preview:large","max-video-preview":"max-video-preview:-1"},"canonical":"https:\/\/www.urlaubcornwall.de\/blog\/was-sind-die-besten-fotospots-auf-den-kanalinseln\/","og_locale":"en_US","og_type":"article","og_title":"Was sind die besten Fotospots auf den Kanalinseln? - Urlaub &amp; Reisen","og_description":"Es gibt viele gro\u00dfartige Fotospots auf den Kanalinseln, je nachdem, welche Art von Motiven und Landschaften Sie bevorzugen. Hier sind einige der beliebtesten Fotospots auf den Kanalinseln: Der Leuchtturm von La Corbi\u00e8re: Der Leuchtturm von La Corbi\u00e8re auf Jersey ist ein ikonisches Wahrzeichen und bietet eine wundersch\u00f6ne Kulisse f\u00fcr Fotos. Die Klippen von Jersey: Jersey [&hellip;]","og_url":"https:\/\/www.urlaubcornwall.de\/blog\/was-sind-die-besten-fotospots-auf-den-kanalinseln\/","og_site_name":"Urlaub &amp; Reisen","og_image":[{"url":"https:\/\/www.urlaubcornwall.de\/blog\/wp-content\/uploads\/2023\/02\/La-Corbiere-lighthouse-jersey.jpg"}],"twitter_card":"summary","twitter_misc":{"Est. reading time":"3 minutes"},"schema":{"@context":"https:\/\/schema.org","@graph":[{"@type":"WebSite","@id":"https:\/\/www.urlaubcornwall.de\/blog\/#website","url":"https:\/\/www.urlaubcornwall.de\/blog\/","name":"Urlaub &amp; Reisen","description":"Urlaub, Reisen, Cornwall und S\u00fcdengland: eine perfekte Kombination","potentialAction":[{"@type":"SearchAction","target":{"@type":"EntryPoint","urlTemplate":"https:\/\/www.urlaubcornwall.de\/blog\/?s={search_term_string}"},"query-input":"required name=search_term_string"}],"inLanguage":"en-US"},{"@type":"WebPage","@id":"https:\/\/www.urlaubcornwall.de\/blog\/was-sind-die-besten-fotospots-auf-den-kanalinseln\/","url":"https:\/\/www.urlaubcornwall.de\/blog\/was-sind-die-besten-fotospots-auf-den-kanalinseln\/","name":"Was sind die besten Fotospots auf den Kanalinseln? - Urlaub &amp; Reisen","isPartOf":{"@id":"https:\/\/www.urlaubcornwall.de\/blog\/#website"},"datePublished":"2023-04-18T09:14:46+00:00","dateModified":"2023-04-18T09:14:46+00:00","breadcrumb":{"@id":"https:\/\/www.urlaubcornwall.de\/blog\/was-sind-die-besten-fotospots-auf-den-kanalinseln\/#breadcrumb"},"inLanguage":"en-US","potentialAction":[{"@type":"ReadAction","target":["https:\/\/www.urlaubcornwall.de\/blog\/was-sind-die-besten-fotospots-auf-den-kanalinseln\/"]}]},{"@type":"BreadcrumbList","@id":"https:\/\/www.urlaubcornwall.de\/blog\/was-sind-die-besten-fotospots-auf-den-kanalinseln\/#breadcrumb","itemListElement":[{"@type":"ListItem","position":1,"name":"Home","item":"https:\/\/www.urlaubcornwall.de\/blog\/"},{"@type":"ListItem","position":2,"name":"Was sind die besten Fotospots auf den Kanalinseln?"}]}]}},"_links":{"self":[{"href":"https:\/\/www.urlaubcornwall.de\/blog\/wp-json\/wp\/v2\/pages\/46274"}],"collection":[{"href":"https:\/\/www.urlaubcornwall.de\/blog\/wp-json\/wp\/v2\/pages"}],"about":[{"href":"https:\/\/www.urlaubcornwall.de\/blog\/wp-json\/wp\/v2\/types\/page"}],"author":[{"embeddable":true,"href":"https:\/\/www.urlaubcornwall.de\/blog\/wp-json\/wp\/v2\/users\/1"}],"replies":[{"embeddable":true,"href":"https:\/\/www.urlaubcornwall.de\/blog\/wp-json\/wp\/v2\/comments?post=46274"}],"version-history":[{"count":1,"href":"https:\/\/www.urlaubcornwall.de\/blog\/wp-json\/wp\/v2\/pages\/46274\/revisions"}],"predecessor-version":[{"id":46297,"href":"https:\/\/www.urlaubcornwall.de\/blog\/wp-json\/wp\/v2\/pages\/46274\/revisions\/46297"}],"wp:attachment":[{"href":"https:\/\/www.urlaubcornwall.de\/blog\/wp-json\/wp\/v2\/media?parent=46274"}],"curies":[{"name":"wp","href":"https:\/\/api.w.org\/{rel}","templated":true}]}}