{"id":46272,"date":"2023-04-17T14:34:35","date_gmt":"2023-04-17T14:34:35","guid":{"rendered":"https:\/\/www.urlaubcornwall.de\/blog\/?page_id=46272"},"modified":"2024-05-31T11:41:36","modified_gmt":"2024-05-31T11:41:36","slug":"was-macht-die-sussex-so-besonders","status":"publish","type":"page","link":"https:\/\/www.urlaubcornwall.de\/blog\/was-macht-die-sussex-so-besonders\/","title":{"rendered":"Was macht die Sussex so besonders?"},"content":{"rendered":"<p><a href=\"https:\/\/www.urlaubcornwall.de\/blog\/wp-content\/uploads\/2018\/07\/urlaub-brighton-am-meer.jpg\"><img loading=\"lazy\" src=\"https:\/\/www.urlaubcornwall.de\/blog\/wp-content\/uploads\/2018\/07\/urlaub-brighton-am-meer.jpg\" alt=\"urlaub hove am meer\" width=\"745\" height=\"390\" class=\"alignnone size-full wp-image-33960\" srcset=\"https:\/\/www.urlaubcornwall.de\/blog\/wp-content\/uploads\/2018\/07\/urlaub-brighton-am-meer.jpg 745w, https:\/\/www.urlaubcornwall.de\/blog\/wp-content\/uploads\/2018\/07\/urlaub-brighton-am-meer-300x157.jpg 300w\" sizes=\"(max-width: 745px) 100vw, 745px\" \/><\/a><br \/>\nDie <a href=\"https:\/\/www.urlaubcornwall.de\/reiseziel\/sussex.php\">Grafschaft Sussex in S\u00fcdengland<\/a> hat viele besondere Merkmale, die sie zu einem einzigartigen und interessanten Ort machen. Hier sind einige Beispiele:<\/p>\n<p><strong>Geschichte:<\/strong> Sussex hat eine reiche und lange Geschichte, die bis in die pr\u00e4historische Zeit zur\u00fcckreicht. Es gibt viele historische St\u00e4tten in Sussex, wie die <a href=\"https:\/\/www.urlaubcornwall.de\/blog\/arundel-castle-west-sussex\/\">Burgen von Arundel<\/a> und Lewes sowie die r\u00f6mische <a href=\"https:\/\/www.urlaubcornwall.de\/blog\/urlaub-in-chichester-sussex-sehenswuerdigkeiten-unterkunft-und-geschichte\/\">Stadt Chichester<\/a>.<\/p>\n<p><strong>Landschaft:<\/strong> Sussex hat eine abwechslungsreiche Landschaft, darunter die South Downs, eine atemberaubende H\u00fcgellandschaft mit spektakul\u00e4ren Aussichten und vielen Wander- und Radwegen. Es gibt auch malerische D\u00f6rfer, Fl\u00fcsse, W\u00e4lder und Str\u00e4nde entlang der K\u00fcste.<\/p>\n<p><strong>Kultur:<\/strong> <a href=\"https:\/\/www.urlaubcornwall.de\/ferienhaeuser-fewos\/eng\/sussex\/sussex.html\">Sussex<\/a> hat eine reiche kulturelle Szene mit vielen Museen, Theatern, Galerien und Festivals. Es gibt auch viele lokale Kunsthandwerker, die traditionelle Handwerkskunst produzieren, wie Keramik und Schmuck.<\/p>\n<p><strong>Essen und Trinken:<\/strong> Sussex ist bekannt f\u00fcr seine lokale K\u00fcche, einschlie\u00dflich Gerichten wie dem Sussex-Schinken, dem Cheddar-K\u00e4se und den ber\u00fchmten S\u00fc\u00dfigkeiten von <a href=\"https:\/\/www.urlaubcornwall.de\/blog\/urlaub-in-brighton-sussex-sehenswuerdigkeiten-unterkunft-und-geschichte\/\">Brighton<\/a>, den Brighton Rock-Bonbons. Es gibt auch viele lokale Brauereien und Weinberge, die preisgekr\u00f6nte Biere und Weine produzieren.<\/p>\n<p><strong>Architektur:<\/strong> Sussex hat eine Vielzahl von Architekturstilen, die die Geschichte und Kultur der Region widerspiegeln. Einige Beispiele sind die Tudor-H\u00e4user von Horsham, die viktorianische Architektur von Brighton und die gotischen Kathedralen von Chichester und Arundel.<\/p>\n<p>Wir vermieten Ferienh\u00e4user und Ferienwohnungen, darunter auch mit die interessantesten Cottages und Selbstversorgerunterk\u00fcnfte in Sussex, den South Downs und bis nach East Hampshire. Unsere Urlaubsunterk\u00fcnfte werden sorgf\u00e4ltig ausgesucht und umfassen Stadtapartments ebenso wie schnuckelige reetgedeckte Cottages, Bauernh\u00e4user auf dem Land und ger\u00e4umige <a href=\"https:\/\/www.urlaubcornwall.de\/ferienhaeuser-fewos\/eng\/sussex\/sussex-am-meer.html\">Familienh\u00e4user am Meer<\/a>, in denen Sie sich bei Ihrem Besuch in Sussex und den South Downs bestimmt wohlf\u00fchlen werden.<\/p>\n<p style=\"text-align: center;\"><a class=\"tidycta\" href=\"https:\/\/www.urlaubcornwall.de\/ferienhaeuser-fewos\/eng\/sussex\/sussex.html\">Suche Ferienh\u00e4user in Sussex<\/a><\/p>\n<div class=\"snippet\"> <a class=\"featured-item\" href=\"https:\/\/www.urlaubcornwall.de\/ferienhaeuser\/suedengland.php\"> <span class=\"image-holder\" style=\"background-image: url('https:\/\/www.urlaubcornwall.de\/blog\/wp-content\/uploads\/2024\/03\/ferienhaus-england-cornwall.jpg');\"><\/span> <span class=\"featured-content\"> \n<h2 class=\"featured-title\">Ferienh\u00e4user in S\u00fcdengland<\/h2>\n<p class=\"featured-body\">Bei uns finden Sie Ferienh\u00e4user zum Verlieben &#8211; so einfach ist das! Dank seiner langen Geschichte, der reizvollen Landschaften und seinen vielen Attraktionen ist S\u00fcdengland ein wahres Mekka f\u00fcr Urlauber&#8230;..<\/p><\/span> <span class=\"featured-link-holder\"> <span class=\"featured-extra-info\"> \n<p>Pers\u00f6nlich inspizierter Ferienh\u00e4user<\/p>\n<\/span> \n<p class=\"featured-link\">DETAILS<\/p>\n<\/span> <\/a><\/div>\n","protected":false},"excerpt":{"rendered":"<p>Die Grafschaft Sussex in S\u00fcdengland hat viele besondere Merkmale, die sie zu einem einzigartigen und interessanten Ort machen. Hier sind einige Beispiele: Geschichte: Sussex hat eine reiche und lange Geschichte, die bis in die pr\u00e4historische Zeit zur\u00fcckreicht. Es gibt viele historische St\u00e4tten in Sussex, wie die Burgen von Arundel und Lewes sowie die r\u00f6mische Stadt [&hellip;]<\/p>\n","protected":false},"author":1,"featured_media":0,"parent":0,"menu_order":0,"comment_status":"closed","ping_status":"closed","template":"single-four.php","meta":[],"acf":[],"yoast_head":"<!-- This site is optimized with the Yoast SEO plugin v19.4 - https:\/\/yoast.com\/wordpress\/plugins\/seo\/ -->\n<title>Was macht die Sussex so besonders? - Urlaub &amp; Reisen<\/title>\n<meta name=\"description\" content=\"Die Grafschaft Sussex in S\u00fcdengland hat viele besondere Merkmale, die sie zu einem einzigartigen und interessanten Ort machen\" \/>\n<meta name=\"robots\" content=\"index, follow, max-snippet:-1, max-image-preview:large, max-video-preview:-1\" \/>\n<link rel=\"canonical\" href=\"https:\/\/www.urlaubcornwall.de\/blog\/was-macht-die-sussex-so-besonders\/\" \/>\n<meta property=\"og:locale\" content=\"en_US\" \/>\n<meta property=\"og:type\" content=\"article\" \/>\n<meta property=\"og:title\" content=\"Was macht die Sussex so besonders? - Urlaub &amp; Reisen\" \/>\n<meta property=\"og:description\" content=\"Die Grafschaft Sussex in S\u00fcdengland hat viele besondere Merkmale, die sie zu einem einzigartigen und interessanten Ort machen\" \/>\n<meta property=\"og:url\" content=\"https:\/\/www.urlaubcornwall.de\/blog\/was-macht-die-sussex-so-besonders\/\" \/>\n<meta property=\"og:site_name\" content=\"Urlaub &amp; Reisen\" \/>\n<meta property=\"article:modified_time\" content=\"2024-05-31T11:41:36+00:00\" \/>\n<meta property=\"og:image\" content=\"https:\/\/www.urlaubcornwall.de\/blog\/wp-content\/uploads\/2018\/07\/urlaub-brighton-am-meer.jpg\" \/>\n<meta name=\"twitter:card\" content=\"summary\" \/>\n<meta name=\"twitter:label1\" content=\"Est. reading time\" \/>\n\t<meta name=\"twitter:data1\" content=\"2 minutes\" \/>\n<script type=\"application\/ld+json\" class=\"yoast-schema-graph\">{\"@context\":\"https:\/\/schema.org\",\"@graph\":[{\"@type\":\"WebSite\",\"@id\":\"https:\/\/www.urlaubcornwall.de\/blog\/#website\",\"url\":\"https:\/\/www.urlaubcornwall.de\/blog\/\",\"name\":\"Urlaub &amp; Reisen\",\"description\":\"Urlaub, Reisen, Cornwall und S\u00fcdengland: eine perfekte Kombination\",\"potentialAction\":[{\"@type\":\"SearchAction\",\"target\":{\"@type\":\"EntryPoint\",\"urlTemplate\":\"https:\/\/www.urlaubcornwall.de\/blog\/?s={search_term_string}\"},\"query-input\":\"required name=search_term_string\"}],\"inLanguage\":\"en-US\"},{\"@type\":\"WebPage\",\"@id\":\"https:\/\/www.urlaubcornwall.de\/blog\/was-macht-die-sussex-so-besonders\/\",\"url\":\"https:\/\/www.urlaubcornwall.de\/blog\/was-macht-die-sussex-so-besonders\/\",\"name\":\"Was macht die Sussex so besonders? - Urlaub &amp; Reisen\",\"isPartOf\":{\"@id\":\"https:\/\/www.urlaubcornwall.de\/blog\/#website\"},\"datePublished\":\"2023-04-17T14:34:35+00:00\",\"dateModified\":\"2024-05-31T11:41:36+00:00\",\"description\":\"Die Grafschaft Sussex in S\u00fcdengland hat viele besondere Merkmale, die sie zu einem einzigartigen und interessanten Ort machen\",\"breadcrumb\":{\"@id\":\"https:\/\/www.urlaubcornwall.de\/blog\/was-macht-die-sussex-so-besonders\/#breadcrumb\"},\"inLanguage\":\"en-US\",\"potentialAction\":[{\"@type\":\"ReadAction\",\"target\":[\"https:\/\/www.urlaubcornwall.de\/blog\/was-macht-die-sussex-so-besonders\/\"]}]},{\"@type\":\"BreadcrumbList\",\"@id\":\"https:\/\/www.urlaubcornwall.de\/blog\/was-macht-die-sussex-so-besonders\/#breadcrumb\",\"itemListElement\":[{\"@type\":\"ListItem\",\"position\":1,\"name\":\"Home\",\"item\":\"https:\/\/www.urlaubcornwall.de\/blog\/\"},{\"@type\":\"ListItem\",\"position\":2,\"name\":\"Was macht die Sussex so besonders?\"}]}]}<\/script>\n<!-- \/ Yoast SEO plugin. -->","yoast_head_json":{"title":"Was macht die Sussex so besonders? - Urlaub &amp; Reisen","description":"Die Grafschaft Sussex in S\u00fcdengland hat viele besondere Merkmale, die sie zu einem einzigartigen und interessanten Ort machen","robots":{"index":"index","follow":"follow","max-snippet":"max-snippet:-1","max-image-preview":"max-image-preview:large","max-video-preview":"max-video-preview:-1"},"canonical":"https:\/\/www.urlaubcornwall.de\/blog\/was-macht-die-sussex-so-besonders\/","og_locale":"en_US","og_type":"article","og_title":"Was macht die Sussex so besonders? - Urlaub &amp; Reisen","og_description":"Die Grafschaft Sussex in S\u00fcdengland hat viele besondere Merkmale, die sie zu einem einzigartigen und interessanten Ort machen","og_url":"https:\/\/www.urlaubcornwall.de\/blog\/was-macht-die-sussex-so-besonders\/","og_site_name":"Urlaub &amp; Reisen","article_modified_time":"2024-05-31T11:41:36+00:00","og_image":[{"url":"https:\/\/www.urlaubcornwall.de\/blog\/wp-content\/uploads\/2018\/07\/urlaub-brighton-am-meer.jpg"}],"twitter_card":"summary","twitter_misc":{"Est. reading time":"2 minutes"},"schema":{"@context":"https:\/\/schema.org","@graph":[{"@type":"WebSite","@id":"https:\/\/www.urlaubcornwall.de\/blog\/#website","url":"https:\/\/www.urlaubcornwall.de\/blog\/","name":"Urlaub &amp; Reisen","description":"Urlaub, Reisen, Cornwall und S\u00fcdengland: eine perfekte Kombination","potentialAction":[{"@type":"SearchAction","target":{"@type":"EntryPoint","urlTemplate":"https:\/\/www.urlaubcornwall.de\/blog\/?s={search_term_string}"},"query-input":"required name=search_term_string"}],"inLanguage":"en-US"},{"@type":"WebPage","@id":"https:\/\/www.urlaubcornwall.de\/blog\/was-macht-die-sussex-so-besonders\/","url":"https:\/\/www.urlaubcornwall.de\/blog\/was-macht-die-sussex-so-besonders\/","name":"Was macht die Sussex so besonders? - Urlaub &amp; Reisen","isPartOf":{"@id":"https:\/\/www.urlaubcornwall.de\/blog\/#website"},"datePublished":"2023-04-17T14:34:35+00:00","dateModified":"2024-05-31T11:41:36+00:00","description":"Die Grafschaft Sussex in S\u00fcdengland hat viele besondere Merkmale, die sie zu einem einzigartigen und interessanten Ort machen","breadcrumb":{"@id":"https:\/\/www.urlaubcornwall.de\/blog\/was-macht-die-sussex-so-besonders\/#breadcrumb"},"inLanguage":"en-US","potentialAction":[{"@type":"ReadAction","target":["https:\/\/www.urlaubcornwall.de\/blog\/was-macht-die-sussex-so-besonders\/"]}]},{"@type":"BreadcrumbList","@id":"https:\/\/www.urlaubcornwall.de\/blog\/was-macht-die-sussex-so-besonders\/#breadcrumb","itemListElement":[{"@type":"ListItem","position":1,"name":"Home","item":"https:\/\/www.urlaubcornwall.de\/blog\/"},{"@type":"ListItem","position":2,"name":"Was macht die Sussex so besonders?"}]}]}},"_links":{"self":[{"href":"https:\/\/www.urlaubcornwall.de\/blog\/wp-json\/wp\/v2\/pages\/46272"}],"collection":[{"href":"https:\/\/www.urlaubcornwall.de\/blog\/wp-json\/wp\/v2\/pages"}],"about":[{"href":"https:\/\/www.urlaubcornwall.de\/blog\/wp-json\/wp\/v2\/types\/page"}],"author":[{"embeddable":true,"href":"https:\/\/www.urlaubcornwall.de\/blog\/wp-json\/wp\/v2\/users\/1"}],"replies":[{"embeddable":true,"href":"https:\/\/www.urlaubcornwall.de\/blog\/wp-json\/wp\/v2\/comments?post=46272"}],"version-history":[{"count":6,"href":"https:\/\/www.urlaubcornwall.de\/blog\/wp-json\/wp\/v2\/pages\/46272\/revisions"}],"predecessor-version":[{"id":51316,"href":"https:\/\/www.urlaubcornwall.de\/blog\/wp-json\/wp\/v2\/pages\/46272\/revisions\/51316"}],"wp:attachment":[{"href":"https:\/\/www.urlaubcornwall.de\/blog\/wp-json\/wp\/v2\/media?parent=46272"}],"curies":[{"name":"wp","href":"https:\/\/api.w.org\/{rel}","templated":true}]}}