{"id":46268,"date":"2023-04-17T09:40:05","date_gmt":"2023-04-17T09:40:05","guid":{"rendered":"https:\/\/www.urlaubcornwall.de\/blog\/?page_id=46268"},"modified":"2023-04-17T09:40:05","modified_gmt":"2023-04-17T09:40:05","slug":"ist-wales-schoen","status":"publish","type":"page","link":"https:\/\/www.urlaubcornwall.de\/blog\/ist-wales-schoen\/","title":{"rendered":"Ist Wales sch\u00f6n?"},"content":{"rendered":"<p><img loading=\"lazy\" class=\"aligncenter size-full wp-image-36094\" src=\"https:\/\/www.urlaubcornwall.de\/blog\/wp-content\/uploads\/2019\/02\/rundreise_wales_snowdonia-1.jpg\" alt=\"urlaub_wales_snowdonia\" width=\"750\" height=\"397\" srcset=\"https:\/\/www.urlaubcornwall.de\/blog\/wp-content\/uploads\/2019\/02\/rundreise_wales_snowdonia-1.jpg 748w, https:\/\/www.urlaubcornwall.de\/blog\/wp-content\/uploads\/2019\/02\/rundreise_wales_snowdonia-1-300x159.jpg 300w\" sizes=\"(max-width: 750px) 100vw, 750px\" \/><\/p>\n<p>Ja, <a href=\"https:\/\/www.urlaubcornwall.de\/reiseziel\/wales.php\">Wales ist eine sehr sch\u00f6ne Region im Vereinigten K\u00f6nigreich<\/a>. Es gibt viele atemberaubende Landschaften wie die Snowdonia-Berge, die Str\u00e4nde an der K\u00fcste, historische Burgen und St\u00e4dte wie Cardiff. Auch das walisische Kulturerbe und die Traditionen sind sehr interessant und machen die Region zu einem einzigartigen Ort. Es gibt viele Gr\u00fcnde, warum <a href=\"https:\/\/www.urlaubcornwall.de\/blog\/rundreisen-england-wales\/\">Wales ein beliebtes Reiseziel f\u00fcr Touristen<\/a> ist.<\/p>\n<p><strong>Nationalparks:<\/strong> Wales hat drei beeindruckende Nationalparks, darunter Snowdonia, <a href=\"https:\/\/www.urlaubcornwall.de\/blog\/urlaub-brecon-beacons-mittelwales-sehenswuerdigkeiten-und-unterkunft\/\">Brecon Beacons<\/a> und <a href=\"https:\/\/www.urlaubcornwall.de\/blog\/der-pembrokeshire-kuesten-nationalpark\/\">Pembrokeshire Coast<\/a>, die alle eine Vielzahl von Outdoor-Aktivit\u00e4ten wie Wandern, Klettern, Radfahren und Kanufahren bieten.<\/p>\n<p><strong>Historische St\u00e4tten:<\/strong> Wales hat eine reiche Geschichte und viele historische St\u00e4tten, darunter zahlreiche Burgen, <a href=\"https:\/\/www.urlaubcornwall.de\/blog\/die-herrenhaeuser-shloesser-wales-entdecken-sie-die-mythen-und-legenden\/\">Schl\u00f6sser<\/a> und Abteien, die besucht werden k\u00f6nnen. Einige Beispiele sind das ber\u00fchmte Caernarfon Castle, das mittelalterliche Conwy Castle und die beeindruckende Tintern Abbey.<\/p>\n<p><strong>K\u00fcsten- und Strandlandschaften:<\/strong> Mit einer <a href=\"https:\/\/www.urlaubcornwall.de\/blog\/walisische-kueste-urlaub-in-wales\/\">K\u00fcstenlinie von fast 1.500 Kilometern<\/a> bietet Wales viele malerische K\u00fcstenorte und Str\u00e4nde, darunter die bekannte Gower-Halbinsel und die Str\u00e4nde von Anglesey.<\/p>\n<p><strong>Kultur und Sprache:<\/strong> Wales hat eine einzigartige Kultur und Sprache. Die walisische Sprache wird von vielen Einwohnern gesprochen und es gibt zahlreiche kulturelle Veranstaltungen und Festivals, wie das Eisteddfod-Festival, das j\u00e4hrlich stattfindet.<\/p>\n<p><strong>Essen und Trinken:<\/strong> Wales ist bekannt f\u00fcr seine traditionelle K\u00fcche, darunter Gerichte wie Lamm mit Minzsauce, Bara Brith (ein traditionelles walisisches Fr\u00fcchtebrot) und Caerphilly-K\u00e4se. Es gibt auch viele lokale Brauereien und Brennereien, die Bier, Cider und Whisky produzieren.<\/p>\n<h1>Unser Rundreisenservice f\u00fcr Wales<\/h1>\n<p>Weshalb \u00fcber uns buchen?<\/p>\n<p>Firmensitz in Cornwall und ein Team Deutsch sprechender Reisespezialisten.<\/p>\n<p>Wir haben eine Leidenschaft f\u00fcrs Reisen und gestalten den perfekten Urlaub.<\/p>\n<p>Ortskenntnisse und Insidertipps f\u00fcr unsere Kunden.<\/p>\n<p>Sonderangebote und Preisnachl\u00e4sse<\/p>\n<p>S\u00e4mtliche unserer Rundreisen sind durch einen voll versicherten deutschen Reiseveranstalter gesichert.<\/p>\n<p style=\"text-align: center;\"><a class=\"tidycta\" href=\"https:\/\/www.urlaubcornwall.de\/blog\/rundreisen-england-wales\/\"> Mehr Info<\/a><\/p>\n<div class=\"snippet\"> <a class=\"featured-item\" href=\" https:\/\/www.urlaubcornwall.de\/ferienhaeuser\/wales.php\"> <span class=\"image-holder\" style=\"background-image: url(' https:\/\/www.urlaubcornwall.de\/blog\/wp-content\/uploads\/2018\/12\/busreisen-wales-england.jpg');\"><\/span> <span class=\"featured-content\"> \n<h2 class=\"featured-title\">Bei uns finden Sie Ferienh\u00e4user in Wales zum Verlieben!<\/h2>\n<p class=\"featured-body\">Untenstehend finden Sie eine Auswahl an Selbstversorger-Ferienh\u00e4usern in Wales. Hier finden Sie handverlesene, pers\u00f6nlich inspizierte Cottages entlang der walisischen K\u00fcste&#8230;..<\/p>\n<\/span> <span class=\"featured-link-holder\"> <span class=\"featured-extra-info\"> \n<p>F\u00fcr Paare, Familien &#038; Gruppen<\/p>\n<\/span> \n<p class=\"featured-link\">DETAILS<\/p>\n<\/span> <\/a><\/div>\n<p>UrlaubCornwall.de hat eine einzigartige Sammlung pers\u00f6nlich inspizierter Ferienh\u00e4user und Ferienwohnungen in Wales, <a href=\"https:\/\/www.urlaubcornwall.de\/ferienhaeuser\/suedengland.php\">S\u00fcdengland<\/a> und nun auch im gesamten Gro\u00dfbritannien. <\/p>\n","protected":false},"excerpt":{"rendered":"<p>Ja, Wales ist eine sehr sch\u00f6ne Region im Vereinigten K\u00f6nigreich. Es gibt viele atemberaubende Landschaften wie die Snowdonia-Berge, die Str\u00e4nde an der K\u00fcste, historische Burgen und St\u00e4dte wie Cardiff. Auch das walisische Kulturerbe und die Traditionen sind sehr interessant und machen die Region zu einem einzigartigen Ort. Es gibt viele Gr\u00fcnde, warum Wales ein beliebtes [&hellip;]<\/p>\n","protected":false},"author":1,"featured_media":0,"parent":0,"menu_order":0,"comment_status":"closed","ping_status":"closed","template":"single-four.php","meta":[],"acf":[],"yoast_head":"<!-- This site is optimized with the Yoast SEO plugin v19.4 - https:\/\/yoast.com\/wordpress\/plugins\/seo\/ -->\n<title>Ist Wales sch\u00f6n? - Urlaub &amp; Reisen<\/title>\n<meta name=\"description\" content=\"Ja, Wales ist eine sehr sch\u00f6ne Region im Vereinigten K\u00f6nigreich. Es gibt viele atemberaubende Landschaften wie die Snowdonia-Berge\" \/>\n<meta name=\"robots\" content=\"index, follow, max-snippet:-1, max-image-preview:large, max-video-preview:-1\" \/>\n<link rel=\"canonical\" href=\"https:\/\/www.urlaubcornwall.de\/blog\/ist-wales-schoen\/\" \/>\n<meta property=\"og:locale\" content=\"en_US\" \/>\n<meta property=\"og:type\" content=\"article\" \/>\n<meta property=\"og:title\" content=\"Ist Wales sch\u00f6n? - Urlaub &amp; Reisen\" \/>\n<meta property=\"og:description\" content=\"Ja, Wales ist eine sehr sch\u00f6ne Region im Vereinigten K\u00f6nigreich. Es gibt viele atemberaubende Landschaften wie die Snowdonia-Berge\" \/>\n<meta property=\"og:url\" content=\"https:\/\/www.urlaubcornwall.de\/blog\/ist-wales-schoen\/\" \/>\n<meta property=\"og:site_name\" content=\"Urlaub &amp; Reisen\" \/>\n<meta property=\"og:image\" content=\"https:\/\/www.urlaubcornwall.de\/blog\/wp-content\/uploads\/2019\/02\/rundreise_wales_snowdonia-1.jpg\" \/>\n<meta name=\"twitter:card\" content=\"summary\" \/>\n<meta name=\"twitter:label1\" content=\"Est. reading time\" \/>\n\t<meta name=\"twitter:data1\" content=\"1 minute\" \/>\n<script type=\"application\/ld+json\" class=\"yoast-schema-graph\">{\"@context\":\"https:\/\/schema.org\",\"@graph\":[{\"@type\":\"WebSite\",\"@id\":\"https:\/\/www.urlaubcornwall.de\/blog\/#website\",\"url\":\"https:\/\/www.urlaubcornwall.de\/blog\/\",\"name\":\"Urlaub &amp; Reisen\",\"description\":\"Urlaub, Reisen, Cornwall und S\u00fcdengland: eine perfekte Kombination\",\"potentialAction\":[{\"@type\":\"SearchAction\",\"target\":{\"@type\":\"EntryPoint\",\"urlTemplate\":\"https:\/\/www.urlaubcornwall.de\/blog\/?s={search_term_string}\"},\"query-input\":\"required name=search_term_string\"}],\"inLanguage\":\"en-US\"},{\"@type\":\"WebPage\",\"@id\":\"https:\/\/www.urlaubcornwall.de\/blog\/ist-wales-schoen\/\",\"url\":\"https:\/\/www.urlaubcornwall.de\/blog\/ist-wales-schoen\/\",\"name\":\"Ist Wales sch\u00f6n? - Urlaub &amp; Reisen\",\"isPartOf\":{\"@id\":\"https:\/\/www.urlaubcornwall.de\/blog\/#website\"},\"datePublished\":\"2023-04-17T09:40:05+00:00\",\"dateModified\":\"2023-04-17T09:40:05+00:00\",\"description\":\"Ja, Wales ist eine sehr sch\u00f6ne Region im Vereinigten K\u00f6nigreich. Es gibt viele atemberaubende Landschaften wie die Snowdonia-Berge\",\"breadcrumb\":{\"@id\":\"https:\/\/www.urlaubcornwall.de\/blog\/ist-wales-schoen\/#breadcrumb\"},\"inLanguage\":\"en-US\",\"potentialAction\":[{\"@type\":\"ReadAction\",\"target\":[\"https:\/\/www.urlaubcornwall.de\/blog\/ist-wales-schoen\/\"]}]},{\"@type\":\"BreadcrumbList\",\"@id\":\"https:\/\/www.urlaubcornwall.de\/blog\/ist-wales-schoen\/#breadcrumb\",\"itemListElement\":[{\"@type\":\"ListItem\",\"position\":1,\"name\":\"Home\",\"item\":\"https:\/\/www.urlaubcornwall.de\/blog\/\"},{\"@type\":\"ListItem\",\"position\":2,\"name\":\"Ist Wales sch\u00f6n?\"}]}]}<\/script>\n<!-- \/ Yoast SEO plugin. -->","yoast_head_json":{"title":"Ist Wales sch\u00f6n? - Urlaub &amp; Reisen","description":"Ja, Wales ist eine sehr sch\u00f6ne Region im Vereinigten K\u00f6nigreich. Es gibt viele atemberaubende Landschaften wie die Snowdonia-Berge","robots":{"index":"index","follow":"follow","max-snippet":"max-snippet:-1","max-image-preview":"max-image-preview:large","max-video-preview":"max-video-preview:-1"},"canonical":"https:\/\/www.urlaubcornwall.de\/blog\/ist-wales-schoen\/","og_locale":"en_US","og_type":"article","og_title":"Ist Wales sch\u00f6n? - Urlaub &amp; Reisen","og_description":"Ja, Wales ist eine sehr sch\u00f6ne Region im Vereinigten K\u00f6nigreich. Es gibt viele atemberaubende Landschaften wie die Snowdonia-Berge","og_url":"https:\/\/www.urlaubcornwall.de\/blog\/ist-wales-schoen\/","og_site_name":"Urlaub &amp; Reisen","og_image":[{"url":"https:\/\/www.urlaubcornwall.de\/blog\/wp-content\/uploads\/2019\/02\/rundreise_wales_snowdonia-1.jpg"}],"twitter_card":"summary","twitter_misc":{"Est. reading time":"1 minute"},"schema":{"@context":"https:\/\/schema.org","@graph":[{"@type":"WebSite","@id":"https:\/\/www.urlaubcornwall.de\/blog\/#website","url":"https:\/\/www.urlaubcornwall.de\/blog\/","name":"Urlaub &amp; Reisen","description":"Urlaub, Reisen, Cornwall und S\u00fcdengland: eine perfekte Kombination","potentialAction":[{"@type":"SearchAction","target":{"@type":"EntryPoint","urlTemplate":"https:\/\/www.urlaubcornwall.de\/blog\/?s={search_term_string}"},"query-input":"required name=search_term_string"}],"inLanguage":"en-US"},{"@type":"WebPage","@id":"https:\/\/www.urlaubcornwall.de\/blog\/ist-wales-schoen\/","url":"https:\/\/www.urlaubcornwall.de\/blog\/ist-wales-schoen\/","name":"Ist Wales sch\u00f6n? - Urlaub &amp; Reisen","isPartOf":{"@id":"https:\/\/www.urlaubcornwall.de\/blog\/#website"},"datePublished":"2023-04-17T09:40:05+00:00","dateModified":"2023-04-17T09:40:05+00:00","description":"Ja, Wales ist eine sehr sch\u00f6ne Region im Vereinigten K\u00f6nigreich. Es gibt viele atemberaubende Landschaften wie die Snowdonia-Berge","breadcrumb":{"@id":"https:\/\/www.urlaubcornwall.de\/blog\/ist-wales-schoen\/#breadcrumb"},"inLanguage":"en-US","potentialAction":[{"@type":"ReadAction","target":["https:\/\/www.urlaubcornwall.de\/blog\/ist-wales-schoen\/"]}]},{"@type":"BreadcrumbList","@id":"https:\/\/www.urlaubcornwall.de\/blog\/ist-wales-schoen\/#breadcrumb","itemListElement":[{"@type":"ListItem","position":1,"name":"Home","item":"https:\/\/www.urlaubcornwall.de\/blog\/"},{"@type":"ListItem","position":2,"name":"Ist Wales sch\u00f6n?"}]}]}},"_links":{"self":[{"href":"https:\/\/www.urlaubcornwall.de\/blog\/wp-json\/wp\/v2\/pages\/46268"}],"collection":[{"href":"https:\/\/www.urlaubcornwall.de\/blog\/wp-json\/wp\/v2\/pages"}],"about":[{"href":"https:\/\/www.urlaubcornwall.de\/blog\/wp-json\/wp\/v2\/types\/page"}],"author":[{"embeddable":true,"href":"https:\/\/www.urlaubcornwall.de\/blog\/wp-json\/wp\/v2\/users\/1"}],"replies":[{"embeddable":true,"href":"https:\/\/www.urlaubcornwall.de\/blog\/wp-json\/wp\/v2\/comments?post=46268"}],"version-history":[{"count":1,"href":"https:\/\/www.urlaubcornwall.de\/blog\/wp-json\/wp\/v2\/pages\/46268\/revisions"}],"predecessor-version":[{"id":46270,"href":"https:\/\/www.urlaubcornwall.de\/blog\/wp-json\/wp\/v2\/pages\/46268\/revisions\/46270"}],"wp:attachment":[{"href":"https:\/\/www.urlaubcornwall.de\/blog\/wp-json\/wp\/v2\/media?parent=46268"}],"curies":[{"name":"wp","href":"https:\/\/api.w.org\/{rel}","templated":true}]}}