{"id":46259,"date":"2023-04-19T08:01:35","date_gmt":"2023-04-19T08:01:35","guid":{"rendered":"https:\/\/www.urlaubcornwall.de\/blog\/?page_id=46259"},"modified":"2024-04-12T10:32:06","modified_gmt":"2024-04-12T10:32:06","slug":"wie-viele-tage-fuer-wales-rundreise","status":"publish","type":"page","link":"https:\/\/www.urlaubcornwall.de\/blog\/wie-viele-tage-fuer-wales-rundreise\/","title":{"rendered":"Wie viele Tage f\u00fcr Wales Rundreise?"},"content":{"rendered":"<p><img loading=\"lazy\" class=\"aligncenter size-full wp-image-47959\" src=\"https:\/\/www.urlaubcornwall.de\/blog\/wp-content\/uploads\/2024\/03\/gower-halbinsel-wales-1.jpg\" alt=\"gower halbinsel wales\" width=\"750\" height=\"500\" srcset=\"https:\/\/www.urlaubcornwall.de\/blog\/wp-content\/uploads\/2024\/03\/gower-halbinsel-wales-1.jpg 750w, https:\/\/www.urlaubcornwall.de\/blog\/wp-content\/uploads\/2024\/03\/gower-halbinsel-wales-1-300x200.jpg 300w\" sizes=\"(max-width: 750px) 100vw, 750px\" \/><\/p>\n<p>Eine <a href=\"https:\/\/www.urlaubcornwall.de\/blog\/rundreisen-england-wales\/\">Rundreise durch Wales<\/a> kann sehr abwechslungsreich sein und h\u00e4ngt von verschiedenen Faktoren ab, wie der Route, den Sehensw\u00fcrdigkeiten, die man besichtigen m\u00f6chte, und dem Reisetempo, das man bevorzugt.<\/p>\n<p>F\u00fcr eine Rundreise durch ganz <a href=\"https:\/\/www.urlaubcornwall.de\/reiseziel\/wales.php\">Wales<\/a> w\u00fcrde ich empfehlen, mindestens 7-10 Tage einzuplanen, um die wichtigsten Sehensw\u00fcrdigkeiten und landschaftlichen H\u00f6hepunkte der Region zu sehen. Zu den beliebtesten Zielen z\u00e4hlen die historischen St\u00e4dte wie Cardiff, Swansea und Conwy, die atemberaubenden Landschaften des <a href=\"https:\/\/www.urlaubcornwall.de\/blog\/urlaub-in-snowdonia-sehenswuerdigkeiten-und-unterkunft\/\">Snowdonia Nationalparks<\/a>, die Str\u00e4nde der Gower-Halbinsel und die K\u00fcstenregion von Pembrokeshire.<\/p>\n<p>Wenn man weniger Zeit hat, kann man auch eine bestimmte Region ausw\u00e4hlen, um sich auf diese zu konzentrieren. Zum Beispiel kann man den Nordosten von Wales mit dem Snowdonia Nationalpark und der <a href=\"https:\/\/www.urlaubcornwall.de\/blog\/urlaub-anglesey-nord-wales-sehenswuerdigkeiten-geschichte-und-unterkunft\/\">Insel Anglesey<\/a> in 3-4 Tagen erkunden, oder man kann sich auf den S\u00fcdwesten von Wales mit der K\u00fcstenregion von <a href=\"https:\/\/www.urlaubcornwall.de\/blog\/urlaub-in-west-wales-sehenswuerdigkeiten-und-unterkunft\/\">Pembrokeshire<\/a> und der historischen Stadt St. Davids konzentrieren, was etwa 4-5 Tage dauern w\u00fcrde.<\/p>\n<h1>Unser Rundreisenservice f\u00fcr Wales<\/h1>\n<p>Weshalb \u00fcber uns buchen?<\/p>\n<p>Firmensitz in Cornwall und ein Team Deutsch sprechender Reisespezialisten.<\/p>\n<p>Wir haben eine Leidenschaft f\u00fcrs Reisen und gestalten den perfekten Urlaub.<\/p>\n<p>Ortskenntnisse und Insidertipps f\u00fcr unsere Kunden.<\/p>\n<p>Sonderangebote und Preisnachl\u00e4sse<\/p>\n<p>S\u00e4mtliche unserer Rundreisen sind durch einen voll versicherten deutschen Reiseveranstalter gesichert.<\/p>\n<p style=\"text-align: center;\"><a class=\"tidycta\" href=\"https:\/\/www.urlaubcornwall.de\/rundreisenservice.php\"> Mehr Info<\/a><\/p>\n<div class=\"snippet\"> <a class=\"featured-item\" href=\" https:\/\/www.urlaubcornwall.de\/ferienhaeuser\/wales.php\"> <span class=\"image-holder\" style=\"background-image: url(' https:\/\/www.urlaubcornwall.de\/blog\/wp-content\/uploads\/2018\/12\/busreisen-wales-england.jpg');\"><\/span> <span class=\"featured-content\"> \n<h2 class=\"featured-title\">Bei uns finden Sie Ferienh\u00e4user in Wales zum Verlieben!<\/h2>\n<p class=\"featured-body\">Untenstehend finden Sie eine Auswahl an Selbstversorger-Ferienh\u00e4usern in Wales. Hier finden Sie handverlesene, pers\u00f6nlich inspizierte Cottages entlang der walisischen K\u00fcste&#8230;..<\/p>\n<\/span> <span class=\"featured-link-holder\"> <span class=\"featured-extra-info\"> \n<p>F\u00fcr Paare, Familien &#038; Gruppen<\/p>\n<\/span> \n<p class=\"featured-link\">DETAILS<\/p>\n<\/span> <\/a><\/div>\n<p>UrlaubCornwall.de hat eine einzigartige Sammlung pers\u00f6nlich inspizierter Ferienh\u00e4user und Ferienwohnungen in Wales, <a href=\"https:\/\/www.urlaubcornwall.de\/ferienhaeuser\/suedengland.php\">S\u00fcdengland<\/a> und nun auch im gesamten Gro\u00dfbritannien. <\/p>\n","protected":false},"excerpt":{"rendered":"<p>Eine Rundreise durch Wales kann sehr abwechslungsreich sein und h\u00e4ngt von verschiedenen Faktoren ab, wie der Route, den Sehensw\u00fcrdigkeiten, die man besichtigen m\u00f6chte, und dem Reisetempo, das man bevorzugt. F\u00fcr eine Rundreise durch ganz Wales w\u00fcrde ich empfehlen, mindestens 7-10 Tage einzuplanen, um die wichtigsten Sehensw\u00fcrdigkeiten und landschaftlichen H\u00f6hepunkte der Region zu sehen. Zu den [&hellip;]<\/p>\n","protected":false},"author":1,"featured_media":0,"parent":0,"menu_order":0,"comment_status":"closed","ping_status":"closed","template":"single-four.php","meta":[],"acf":[],"yoast_head":"<!-- This site is optimized with the Yoast SEO plugin v19.4 - https:\/\/yoast.com\/wordpress\/plugins\/seo\/ -->\n<title>Wie viele Tage f\u00fcr Wales Rundreise? - Urlaub &amp; Reisen<\/title>\n<meta name=\"description\" content=\"Eine Rundreise durch Wales kann sehr abwechslungsreich sein und h\u00e4ngt von verschiedenen Faktoren ab\" \/>\n<meta name=\"robots\" content=\"index, follow, max-snippet:-1, max-image-preview:large, max-video-preview:-1\" \/>\n<link rel=\"canonical\" href=\"https:\/\/www.urlaubcornwall.de\/blog\/wie-viele-tage-fuer-wales-rundreise\/\" \/>\n<meta property=\"og:locale\" content=\"en_US\" \/>\n<meta property=\"og:type\" content=\"article\" \/>\n<meta property=\"og:title\" content=\"Wie viele Tage f\u00fcr Wales Rundreise? - Urlaub &amp; Reisen\" \/>\n<meta property=\"og:description\" content=\"Eine Rundreise durch Wales kann sehr abwechslungsreich sein und h\u00e4ngt von verschiedenen Faktoren ab\" \/>\n<meta property=\"og:url\" content=\"https:\/\/www.urlaubcornwall.de\/blog\/wie-viele-tage-fuer-wales-rundreise\/\" \/>\n<meta property=\"og:site_name\" content=\"Urlaub &amp; Reisen\" \/>\n<meta property=\"article:modified_time\" content=\"2024-04-12T10:32:06+00:00\" \/>\n<meta property=\"og:image\" content=\"https:\/\/www.urlaubcornwall.de\/blog\/wp-content\/uploads\/2024\/03\/gower-halbinsel-wales-1.jpg\" \/>\n<meta name=\"twitter:card\" content=\"summary\" \/>\n<meta name=\"twitter:label1\" content=\"Est. reading time\" \/>\n\t<meta name=\"twitter:data1\" content=\"2 minutes\" \/>\n<script type=\"application\/ld+json\" class=\"yoast-schema-graph\">{\"@context\":\"https:\/\/schema.org\",\"@graph\":[{\"@type\":\"WebSite\",\"@id\":\"https:\/\/www.urlaubcornwall.de\/blog\/#website\",\"url\":\"https:\/\/www.urlaubcornwall.de\/blog\/\",\"name\":\"Urlaub &amp; Reisen\",\"description\":\"Urlaub, Reisen, Cornwall und S\u00fcdengland: eine perfekte Kombination\",\"potentialAction\":[{\"@type\":\"SearchAction\",\"target\":{\"@type\":\"EntryPoint\",\"urlTemplate\":\"https:\/\/www.urlaubcornwall.de\/blog\/?s={search_term_string}\"},\"query-input\":\"required name=search_term_string\"}],\"inLanguage\":\"en-US\"},{\"@type\":\"WebPage\",\"@id\":\"https:\/\/www.urlaubcornwall.de\/blog\/wie-viele-tage-fuer-wales-rundreise\/\",\"url\":\"https:\/\/www.urlaubcornwall.de\/blog\/wie-viele-tage-fuer-wales-rundreise\/\",\"name\":\"Wie viele Tage f\u00fcr Wales Rundreise? - Urlaub &amp; Reisen\",\"isPartOf\":{\"@id\":\"https:\/\/www.urlaubcornwall.de\/blog\/#website\"},\"datePublished\":\"2023-04-19T08:01:35+00:00\",\"dateModified\":\"2024-04-12T10:32:06+00:00\",\"description\":\"Eine Rundreise durch Wales kann sehr abwechslungsreich sein und h\u00e4ngt von verschiedenen Faktoren ab\",\"breadcrumb\":{\"@id\":\"https:\/\/www.urlaubcornwall.de\/blog\/wie-viele-tage-fuer-wales-rundreise\/#breadcrumb\"},\"inLanguage\":\"en-US\",\"potentialAction\":[{\"@type\":\"ReadAction\",\"target\":[\"https:\/\/www.urlaubcornwall.de\/blog\/wie-viele-tage-fuer-wales-rundreise\/\"]}]},{\"@type\":\"BreadcrumbList\",\"@id\":\"https:\/\/www.urlaubcornwall.de\/blog\/wie-viele-tage-fuer-wales-rundreise\/#breadcrumb\",\"itemListElement\":[{\"@type\":\"ListItem\",\"position\":1,\"name\":\"Home\",\"item\":\"https:\/\/www.urlaubcornwall.de\/blog\/\"},{\"@type\":\"ListItem\",\"position\":2,\"name\":\"Wie viele Tage f\u00fcr Wales Rundreise?\"}]}]}<\/script>\n<!-- \/ Yoast SEO plugin. -->","yoast_head_json":{"title":"Wie viele Tage f\u00fcr Wales Rundreise? - Urlaub &amp; Reisen","description":"Eine Rundreise durch Wales kann sehr abwechslungsreich sein und h\u00e4ngt von verschiedenen Faktoren ab","robots":{"index":"index","follow":"follow","max-snippet":"max-snippet:-1","max-image-preview":"max-image-preview:large","max-video-preview":"max-video-preview:-1"},"canonical":"https:\/\/www.urlaubcornwall.de\/blog\/wie-viele-tage-fuer-wales-rundreise\/","og_locale":"en_US","og_type":"article","og_title":"Wie viele Tage f\u00fcr Wales Rundreise? - Urlaub &amp; Reisen","og_description":"Eine Rundreise durch Wales kann sehr abwechslungsreich sein und h\u00e4ngt von verschiedenen Faktoren ab","og_url":"https:\/\/www.urlaubcornwall.de\/blog\/wie-viele-tage-fuer-wales-rundreise\/","og_site_name":"Urlaub &amp; Reisen","article_modified_time":"2024-04-12T10:32:06+00:00","og_image":[{"url":"https:\/\/www.urlaubcornwall.de\/blog\/wp-content\/uploads\/2024\/03\/gower-halbinsel-wales-1.jpg"}],"twitter_card":"summary","twitter_misc":{"Est. reading time":"2 minutes"},"schema":{"@context":"https:\/\/schema.org","@graph":[{"@type":"WebSite","@id":"https:\/\/www.urlaubcornwall.de\/blog\/#website","url":"https:\/\/www.urlaubcornwall.de\/blog\/","name":"Urlaub &amp; Reisen","description":"Urlaub, Reisen, Cornwall und S\u00fcdengland: eine perfekte Kombination","potentialAction":[{"@type":"SearchAction","target":{"@type":"EntryPoint","urlTemplate":"https:\/\/www.urlaubcornwall.de\/blog\/?s={search_term_string}"},"query-input":"required name=search_term_string"}],"inLanguage":"en-US"},{"@type":"WebPage","@id":"https:\/\/www.urlaubcornwall.de\/blog\/wie-viele-tage-fuer-wales-rundreise\/","url":"https:\/\/www.urlaubcornwall.de\/blog\/wie-viele-tage-fuer-wales-rundreise\/","name":"Wie viele Tage f\u00fcr Wales Rundreise? - Urlaub &amp; Reisen","isPartOf":{"@id":"https:\/\/www.urlaubcornwall.de\/blog\/#website"},"datePublished":"2023-04-19T08:01:35+00:00","dateModified":"2024-04-12T10:32:06+00:00","description":"Eine Rundreise durch Wales kann sehr abwechslungsreich sein und h\u00e4ngt von verschiedenen Faktoren ab","breadcrumb":{"@id":"https:\/\/www.urlaubcornwall.de\/blog\/wie-viele-tage-fuer-wales-rundreise\/#breadcrumb"},"inLanguage":"en-US","potentialAction":[{"@type":"ReadAction","target":["https:\/\/www.urlaubcornwall.de\/blog\/wie-viele-tage-fuer-wales-rundreise\/"]}]},{"@type":"BreadcrumbList","@id":"https:\/\/www.urlaubcornwall.de\/blog\/wie-viele-tage-fuer-wales-rundreise\/#breadcrumb","itemListElement":[{"@type":"ListItem","position":1,"name":"Home","item":"https:\/\/www.urlaubcornwall.de\/blog\/"},{"@type":"ListItem","position":2,"name":"Wie viele Tage f\u00fcr Wales Rundreise?"}]}]}},"_links":{"self":[{"href":"https:\/\/www.urlaubcornwall.de\/blog\/wp-json\/wp\/v2\/pages\/46259"}],"collection":[{"href":"https:\/\/www.urlaubcornwall.de\/blog\/wp-json\/wp\/v2\/pages"}],"about":[{"href":"https:\/\/www.urlaubcornwall.de\/blog\/wp-json\/wp\/v2\/types\/page"}],"author":[{"embeddable":true,"href":"https:\/\/www.urlaubcornwall.de\/blog\/wp-json\/wp\/v2\/users\/1"}],"replies":[{"embeddable":true,"href":"https:\/\/www.urlaubcornwall.de\/blog\/wp-json\/wp\/v2\/comments?post=46259"}],"version-history":[{"count":6,"href":"https:\/\/www.urlaubcornwall.de\/blog\/wp-json\/wp\/v2\/pages\/46259\/revisions"}],"predecessor-version":[{"id":49252,"href":"https:\/\/www.urlaubcornwall.de\/blog\/wp-json\/wp\/v2\/pages\/46259\/revisions\/49252"}],"wp:attachment":[{"href":"https:\/\/www.urlaubcornwall.de\/blog\/wp-json\/wp\/v2\/media?parent=46259"}],"curies":[{"name":"wp","href":"https:\/\/api.w.org\/{rel}","templated":true}]}}