{"id":46224,"date":"2023-04-17T08:21:38","date_gmt":"2023-04-17T08:21:38","guid":{"rendered":"https:\/\/www.urlaubcornwall.de\/blog\/?page_id=46224"},"modified":"2024-04-30T15:30:38","modified_gmt":"2024-04-30T15:30:38","slug":"highlights-rundreise-devon-cornwall","status":"publish","type":"page","link":"https:\/\/www.urlaubcornwall.de\/blog\/highlights-rundreise-devon-cornwall\/","title":{"rendered":"Was sind die Highlights einer Rundreise nach Cornwall &#038; Devon"},"content":{"rendered":"<p><img loading=\"lazy\" class=\"aligncenter size-full wp-image-33394\" src=\"https:\/\/www.urlaubcornwall.de\/blog\/wp-content\/uploads\/2018\/03\/lastminute-sonderangebote-devon.jpg\" alt=\"kingswear devon\" width=\"750\" height=\"399\"\/><\/p>\n<p>Eine <a href=\"https:\/\/www.urlaubcornwall.de\/rundreisen\/cornwall-suedengland.php\">Rundreise durch Devon und Cornwall<\/a> bietet viele faszinierende Sehensw\u00fcrdigkeiten und Aktivit\u00e4ten. Hier sind einige der Highlights, die Sie auf Ihrer Reise erleben k\u00f6nnen:<\/p>\n<p>Die K\u00fcstenlinie von Devon und Cornwall: Die K\u00fcstenlinie der beiden Grafschaften bietet atemberaubende Aussichten auf das Meer, felsige Klippen, Sandstr\u00e4nde und malerische Fischerd\u00f6rfer wie <a href=\"https:\/\/www.urlaubcornwall.de\/blog\/st-ives-geschichte-sehenswuerdigkeiten-und-unterkunft\/\">St. Ives<\/a>, <a href=\"https:\/\/www.urlaubcornwall.de\/blog\/padstow-geschichte-sehenswuerdigkeiten-und-unterkunft\/\">Padstow<\/a>, <a href=\"https:\/\/www.urlaubcornwall.de\/blog\/urlaub-salcombe-unterkunft-sehenswuerdigkeiten-und-geschichte\/\">Salcombe<\/a> und <a href=\"https:\/\/www.urlaubcornwall.de\/blog\/urlaub-dartmouth-unterkunft-sehenswuerdigkeiten-und-geschichte\/\">Dartmouth<\/a>.<\/p>\n<p><strong>Die Stadt Plymouth:<\/strong> <a href=\"https:\/\/www.urlaubcornwall.de\/blog\/urlaub-plymouth-unterkunft-sehenswuerdigkeiten-und-geschichte\/\">Plymouth ist eine historische Stadt<\/a>, die eine wichtige Rolle in der britischen Seefahrtsgeschichte spielt, darunter der Ort, an dem Sir Francis Drake 1588 die spanische Armada besiegte. Die Stadt bietet auch das National Marine Aquarium und das Plymouth Gin Distillery.<\/p>\n<p><strong>Die Dartmoor National Park:<\/strong> Der <a href=\"https:\/\/www.urlaubcornwall.de\/blog\/urlaub-dartmoor-unterkunft-sehenswuerdigkeiten-und-geschichte\/\">Dartmoor Nationalpark<\/a> ist ein Naturschutzgebiet, das eine malerische Landschaft mit Granit-Tors, W\u00e4ldern, Fl\u00fcssen und Mooren bietet, und bietet hervorragende Wanderm\u00f6glichkeiten und die Chance, Wildpferde und andere Tierarten zu sehen.<\/p>\n<p><strong>Die Stadt Exeter:<\/strong> Exeter ist eine <a href=\"https:\/\/www.urlaubcornwall.de\/blog\/urlaub-exeter-unterkunft-sehenswuerdigkeiten-und-geschichte\/\">historische Stadt mit einer Kathedrale<\/a> aus dem 12. Jahrhundert, dem Royal Albert Memorial Museum und der M\u00f6glichkeit, die unterirdischen Passagen von Exeter zu erkunden.<\/p>\n<p><strong>Die Eden Project:<\/strong> Das <a href=\"https:\/\/www.urlaubcornwall.de\/blog\/all-das-was-sie-schon-immer-ueber-das-eden-project-wissen-wollten\/\">Eden Project<\/a> ist eine beeindruckende Sammlung von tropischen Biomen in riesigen Gew\u00e4chsh\u00e4usern, die eine Vielzahl von Pflanzen aus der ganzen Welt beherbergen.<\/p>\n<p><strong>Die Tintagel Castle:<\/strong> Das <a href=\"https:\/\/www.urlaubcornwall.de\/blog\/legenden-und-geschichte-cornwalls\/\">Tintagel Castle<\/a> ist eine spektakul\u00e4re Burgruine, die auf einer Klippe an der K\u00fcste von Cornwall liegt und mit der Legende von K\u00f6nig Artus verbunden ist.<\/p>\n<p><strong>Die St. Michael&#8217;s Mount:<\/strong> Die <a href=\"https:\/\/www.urlaubcornwall.de\/blog\/das-st-michaels-mount-die-ikonische-attraktion-in-westcornwall\/\">St. Michael&#8217;s Mount<\/a> ist eine Insel vor der K\u00fcste von Cornwall, die eine imposante Burg und eine Kapelle beherbergt und mit einem Gezeitenweg erreicht werden kann.<\/p>\n<p><strong>Die Lost Gardens of Heligan:<\/strong> Die <a href=\"https:\/\/www.urlaubcornwall.de\/blog\/die-lost-gardens-of-heligan-ein-muss-unter-den-kornischen-gaerten\/\">Lost Gardens of Heligan<\/a> sind eine der beliebtesten Gartenattraktionen in Gro\u00dfbritannien, die restaurierten G\u00e4rten und Waldgebiete mit seltenen Pflanzen und beeindruckenden Skulpturen umfassen.<\/p>\n<h1>Unser Rundreisenservice in Cornwall &#038; Devon<\/h1>\n<p>Weshalb \u00fcber uns buchen?<\/p>\n<p>Firmensitz in Cornwall und ein Team Deutsch sprechender Reisespezialisten.<\/p>\n<p>Wir haben eine Leidenschaft f\u00fcrs Reisen und gestalten den perfekten Urlaub.<\/p>\n<p>Ortskenntnisse und Insidertipps f\u00fcr unsere Kunden.<\/p>\n<p>Sonderangebote und Preisnachl\u00e4sse<\/p>\n<p>S\u00e4mtliche unserer Rundreisen sind durch einen voll versicherten deutschen Reiseveranstalter gesichert.<\/p>\n<p style=\"text-align: center;\"><a class=\"tidycta\" href=\"https:\/\/www.urlaubcornwall.de\/rundreisen\/cornwall-suedengland.php\"> Mehr Info<\/a><\/p>\n<div class=\"snippet\"> <a class=\"featured-item\" href=\"https:\/\/www.urlaubcornwall.de\/ferienhaeuser\/suedengland.php\"> <span class=\"image-holder\" style=\"background-image: url('https:\/\/www.urlaubcornwall.de\/blog\/wp-content\/uploads\/2024\/03\/ferienhaus-england-cornwall.jpg');\"><\/span> <span class=\"featured-content\"> \n<h2 class=\"featured-title\">Ferienh\u00e4user in S\u00fcdengland<\/h2>\n<p class=\"featured-body\">Bei uns finden Sie Ferienh\u00e4user zum Verlieben &#8211; so einfach ist das! Dank seiner langen Geschichte, der reizvollen Landschaften und seinen vielen Attraktionen ist S\u00fcdengland ein wahres Mekka f\u00fcr Urlauber&#8230;..<\/p><\/span> <span class=\"featured-link-holder\"> <span class=\"featured-extra-info\"> \n<p>Pers\u00f6nlich inspizierter Ferienh\u00e4user<\/p>\n<\/span> \n<p class=\"featured-link\">DETAILS<\/p>\n<\/span> <\/a><\/div>\n","protected":false},"excerpt":{"rendered":"<p>Eine Rundreise durch Devon und Cornwall bietet viele faszinierende Sehensw\u00fcrdigkeiten und Aktivit\u00e4ten. Hier sind einige der Highlights, die Sie auf Ihrer Reise erleben k\u00f6nnen: Die K\u00fcstenlinie von Devon und Cornwall: Die K\u00fcstenlinie der beiden Grafschaften bietet atemberaubende Aussichten auf das Meer, felsige Klippen, Sandstr\u00e4nde und malerische Fischerd\u00f6rfer wie St. Ives, Padstow, Salcombe und Dartmouth. Die [&hellip;]<\/p>\n","protected":false},"author":1,"featured_media":0,"parent":0,"menu_order":0,"comment_status":"closed","ping_status":"closed","template":"single-four.php","meta":[],"acf":[],"yoast_head":"<!-- This site is optimized with the Yoast SEO plugin v19.4 - https:\/\/yoast.com\/wordpress\/plugins\/seo\/ -->\n<title>Was sind die Highlights einer Rundreise nach Cornwall &amp; Devon - Urlaub &amp; Reisen<\/title>\n<meta name=\"description\" content=\"Eine Rundreise durch Devon und Cornwall bietet viele faszinierende Sehensw\u00fcrdigkeiten und Aktivit\u00e4ten. Hier sind einige der Highlights\" \/>\n<meta name=\"robots\" content=\"index, follow, max-snippet:-1, max-image-preview:large, max-video-preview:-1\" \/>\n<link rel=\"canonical\" href=\"https:\/\/www.urlaubcornwall.de\/blog\/highlights-rundreise-devon-cornwall\/\" \/>\n<meta property=\"og:locale\" content=\"en_US\" \/>\n<meta property=\"og:type\" content=\"article\" \/>\n<meta property=\"og:title\" content=\"Was sind die Highlights einer Rundreise nach Cornwall &amp; Devon - Urlaub &amp; Reisen\" \/>\n<meta property=\"og:description\" content=\"Eine Rundreise durch Devon und Cornwall bietet viele faszinierende Sehensw\u00fcrdigkeiten und Aktivit\u00e4ten. Hier sind einige der Highlights\" \/>\n<meta property=\"og:url\" content=\"https:\/\/www.urlaubcornwall.de\/blog\/highlights-rundreise-devon-cornwall\/\" \/>\n<meta property=\"og:site_name\" content=\"Urlaub &amp; Reisen\" \/>\n<meta property=\"article:modified_time\" content=\"2024-04-30T15:30:38+00:00\" \/>\n<meta property=\"og:image\" content=\"https:\/\/www.urlaubcornwall.de\/blog\/wp-content\/uploads\/2018\/03\/lastminute-sonderangebote-devon.jpg\" \/>\n<meta name=\"twitter:card\" content=\"summary\" \/>\n<meta name=\"twitter:label1\" content=\"Est. reading time\" \/>\n\t<meta name=\"twitter:data1\" content=\"2 minutes\" \/>\n<script type=\"application\/ld+json\" class=\"yoast-schema-graph\">{\"@context\":\"https:\/\/schema.org\",\"@graph\":[{\"@type\":\"WebSite\",\"@id\":\"https:\/\/www.urlaubcornwall.de\/blog\/#website\",\"url\":\"https:\/\/www.urlaubcornwall.de\/blog\/\",\"name\":\"Urlaub &amp; Reisen\",\"description\":\"Urlaub, Reisen, Cornwall und S\u00fcdengland: eine perfekte Kombination\",\"potentialAction\":[{\"@type\":\"SearchAction\",\"target\":{\"@type\":\"EntryPoint\",\"urlTemplate\":\"https:\/\/www.urlaubcornwall.de\/blog\/?s={search_term_string}\"},\"query-input\":\"required name=search_term_string\"}],\"inLanguage\":\"en-US\"},{\"@type\":\"WebPage\",\"@id\":\"https:\/\/www.urlaubcornwall.de\/blog\/highlights-rundreise-devon-cornwall\/\",\"url\":\"https:\/\/www.urlaubcornwall.de\/blog\/highlights-rundreise-devon-cornwall\/\",\"name\":\"Was sind die Highlights einer Rundreise nach Cornwall & Devon - Urlaub &amp; Reisen\",\"isPartOf\":{\"@id\":\"https:\/\/www.urlaubcornwall.de\/blog\/#website\"},\"datePublished\":\"2023-04-17T08:21:38+00:00\",\"dateModified\":\"2024-04-30T15:30:38+00:00\",\"description\":\"Eine Rundreise durch Devon und Cornwall bietet viele faszinierende Sehensw\u00fcrdigkeiten und Aktivit\u00e4ten. Hier sind einige der Highlights\",\"breadcrumb\":{\"@id\":\"https:\/\/www.urlaubcornwall.de\/blog\/highlights-rundreise-devon-cornwall\/#breadcrumb\"},\"inLanguage\":\"en-US\",\"potentialAction\":[{\"@type\":\"ReadAction\",\"target\":[\"https:\/\/www.urlaubcornwall.de\/blog\/highlights-rundreise-devon-cornwall\/\"]}]},{\"@type\":\"BreadcrumbList\",\"@id\":\"https:\/\/www.urlaubcornwall.de\/blog\/highlights-rundreise-devon-cornwall\/#breadcrumb\",\"itemListElement\":[{\"@type\":\"ListItem\",\"position\":1,\"name\":\"Home\",\"item\":\"https:\/\/www.urlaubcornwall.de\/blog\/\"},{\"@type\":\"ListItem\",\"position\":2,\"name\":\"Was sind die Highlights einer Rundreise nach Cornwall &#038; Devon\"}]}]}<\/script>\n<!-- \/ Yoast SEO plugin. -->","yoast_head_json":{"title":"Was sind die Highlights einer Rundreise nach Cornwall & Devon - Urlaub &amp; Reisen","description":"Eine Rundreise durch Devon und Cornwall bietet viele faszinierende Sehensw\u00fcrdigkeiten und Aktivit\u00e4ten. Hier sind einige der Highlights","robots":{"index":"index","follow":"follow","max-snippet":"max-snippet:-1","max-image-preview":"max-image-preview:large","max-video-preview":"max-video-preview:-1"},"canonical":"https:\/\/www.urlaubcornwall.de\/blog\/highlights-rundreise-devon-cornwall\/","og_locale":"en_US","og_type":"article","og_title":"Was sind die Highlights einer Rundreise nach Cornwall & Devon - Urlaub &amp; Reisen","og_description":"Eine Rundreise durch Devon und Cornwall bietet viele faszinierende Sehensw\u00fcrdigkeiten und Aktivit\u00e4ten. Hier sind einige der Highlights","og_url":"https:\/\/www.urlaubcornwall.de\/blog\/highlights-rundreise-devon-cornwall\/","og_site_name":"Urlaub &amp; Reisen","article_modified_time":"2024-04-30T15:30:38+00:00","og_image":[{"url":"https:\/\/www.urlaubcornwall.de\/blog\/wp-content\/uploads\/2018\/03\/lastminute-sonderangebote-devon.jpg"}],"twitter_card":"summary","twitter_misc":{"Est. reading time":"2 minutes"},"schema":{"@context":"https:\/\/schema.org","@graph":[{"@type":"WebSite","@id":"https:\/\/www.urlaubcornwall.de\/blog\/#website","url":"https:\/\/www.urlaubcornwall.de\/blog\/","name":"Urlaub &amp; Reisen","description":"Urlaub, Reisen, Cornwall und S\u00fcdengland: eine perfekte Kombination","potentialAction":[{"@type":"SearchAction","target":{"@type":"EntryPoint","urlTemplate":"https:\/\/www.urlaubcornwall.de\/blog\/?s={search_term_string}"},"query-input":"required name=search_term_string"}],"inLanguage":"en-US"},{"@type":"WebPage","@id":"https:\/\/www.urlaubcornwall.de\/blog\/highlights-rundreise-devon-cornwall\/","url":"https:\/\/www.urlaubcornwall.de\/blog\/highlights-rundreise-devon-cornwall\/","name":"Was sind die Highlights einer Rundreise nach Cornwall & Devon - Urlaub &amp; Reisen","isPartOf":{"@id":"https:\/\/www.urlaubcornwall.de\/blog\/#website"},"datePublished":"2023-04-17T08:21:38+00:00","dateModified":"2024-04-30T15:30:38+00:00","description":"Eine Rundreise durch Devon und Cornwall bietet viele faszinierende Sehensw\u00fcrdigkeiten und Aktivit\u00e4ten. Hier sind einige der Highlights","breadcrumb":{"@id":"https:\/\/www.urlaubcornwall.de\/blog\/highlights-rundreise-devon-cornwall\/#breadcrumb"},"inLanguage":"en-US","potentialAction":[{"@type":"ReadAction","target":["https:\/\/www.urlaubcornwall.de\/blog\/highlights-rundreise-devon-cornwall\/"]}]},{"@type":"BreadcrumbList","@id":"https:\/\/www.urlaubcornwall.de\/blog\/highlights-rundreise-devon-cornwall\/#breadcrumb","itemListElement":[{"@type":"ListItem","position":1,"name":"Home","item":"https:\/\/www.urlaubcornwall.de\/blog\/"},{"@type":"ListItem","position":2,"name":"Was sind die Highlights einer Rundreise nach Cornwall &#038; Devon"}]}]}},"_links":{"self":[{"href":"https:\/\/www.urlaubcornwall.de\/blog\/wp-json\/wp\/v2\/pages\/46224"}],"collection":[{"href":"https:\/\/www.urlaubcornwall.de\/blog\/wp-json\/wp\/v2\/pages"}],"about":[{"href":"https:\/\/www.urlaubcornwall.de\/blog\/wp-json\/wp\/v2\/types\/page"}],"author":[{"embeddable":true,"href":"https:\/\/www.urlaubcornwall.de\/blog\/wp-json\/wp\/v2\/users\/1"}],"replies":[{"embeddable":true,"href":"https:\/\/www.urlaubcornwall.de\/blog\/wp-json\/wp\/v2\/comments?post=46224"}],"version-history":[{"count":5,"href":"https:\/\/www.urlaubcornwall.de\/blog\/wp-json\/wp\/v2\/pages\/46224\/revisions"}],"predecessor-version":[{"id":49986,"href":"https:\/\/www.urlaubcornwall.de\/blog\/wp-json\/wp\/v2\/pages\/46224\/revisions\/49986"}],"wp:attachment":[{"href":"https:\/\/www.urlaubcornwall.de\/blog\/wp-json\/wp\/v2\/media?parent=46224"}],"curies":[{"name":"wp","href":"https:\/\/api.w.org\/{rel}","templated":true}]}}