{"id":46221,"date":"2023-04-16T10:15:44","date_gmt":"2023-04-16T10:15:44","guid":{"rendered":"https:\/\/www.urlaubcornwall.de\/blog\/?page_id=46221"},"modified":"2023-04-17T07:11:01","modified_gmt":"2023-04-17T07:11:01","slug":"highlights-rundreise-cotswolds-mittelengland","status":"publish","type":"page","link":"https:\/\/www.urlaubcornwall.de\/blog\/highlights-rundreise-cotswolds-mittelengland\/","title":{"rendered":"Was sind die Highlights einer Rundreise nach Cotswolds &#038; Mittelengland?"},"content":{"rendered":"<p><img loading=\"lazy\" class=\"aligncenter size-full wp-image-27295\" src=\"https:\/\/www.urlaubcornwall.de\/blog\/wp-content\/uploads\/2017\/03\/urlaub-broadway-cotswolds.jpg\" alt=\"urlaub broadway cotswolds\" width=\"750\" height=\"407\"\/><\/p>\n<p>Eine Rundreise durch Cotswolds und Mittelengland bietet viele faszinierende Sehensw\u00fcrdigkeiten und Aktivit\u00e4ten. Hier sind einige der Highlights, die Sie auf Ihrer Reise erleben k\u00f6nnen:<\/p>\n<p><strong>Die Cotswolds:<\/strong> <a href=\"https:\/\/www.urlaubcornwall.de\/blog\/10-gruende-die-dafuer-sprechen-die-cotswolds-zu-besuchen\/\">Die Cotswolds sind bekannt f\u00fcr ihre malerischen D\u00f6rfer<\/a>, sanften H\u00fcgel und charmanten Kirchen und bieten eine atemberaubende Landschaft, die sich perfekt f\u00fcr eine Wanderung oder Radtour eignet.<\/p>\n<p><strong>Die Stadt Bath:<\/strong> Die Stadt ist bekannt f\u00fcr ihre r\u00f6mischen B\u00e4der, ihre beeindruckende Georgianische Architektur und ihre Geschichte als Kurort.<\/p>\n<p><strong>Die Stadt Stratford-upon-Avon:<\/strong> <a href=\"https:\/\/www.urlaubcornwall.de\/blog\/urlaub-stratford-upon-avon-und-dem-land-shakespeares\/\">Stratford-upon-Avon<\/a> ist bekannt als Geburtsort von William Shakespeare und bietet eine reiche Geschichte, darunter das Geburtshaus von Shakespeare und die Holy Trinity Church, in der er begraben ist.<\/p>\n<p><strong>Die Stadt Oxford:<\/strong> <a href=\"https:\/\/www.urlaubcornwall.de\/blog\/urlaub-in-oxford-unterkunft-sehenswuerdigkeiten-und-geschichte\/\">Die Stadt ist bekannt f\u00fcr ihre renommierte Universit\u00e4t<\/a> und ihre beeindruckende Architektur, einschlie\u00dflich der Bodleian Library und des Ashmolean Museum.<\/p>\n<p><strong>Die Grafschaft Warwickshire:<\/strong> Die Grafschaft bietet historische Sehensw\u00fcrdigkeiten wie das Warwick Castle und das Kenilworth Castle sowie eine atemberaubende Landschaft, einschlie\u00dflich des Forest of Arden und des River Avon.<\/p>\n<p><strong>Die Stadt Worcester:<\/strong> Die Stadt ist bekannt f\u00fcr ihre sch\u00f6ne Kathedrale und ihre Geschichte als Ort der englischen B\u00fcrgerkriegsschlacht.<\/p>\n<p><strong>Die Grafschaft Shropshire:<\/strong> Die Grafschaft bietet malerische D\u00f6rfer wie <a href=\"https:\/\/www.urlaubcornwall.de\/ferienhaeuser-fewos\/eng\/shropshire\/ludlow.html\">Ludlow<\/a> und <a href=\"https:\/\/www.urlaubcornwall.de\/ferienhaeuser-fewos\/eng\/shropshire\/ironbridge.html\">Ironbridge<\/a>, sowie historische Sehensw\u00fcrdigkeiten wie das Blists Hill Victorian Town und das Shrewsbury Castle.<\/p>\n<p><strong>Die Stadt Leicester:<\/strong> Leicester bietet eine reiche Geschichte, darunter das Richard III Visitor Centre und das Leicester Cathedral, in der Richard III begraben liegt.<\/p>\n<h1>Unser Rundreisenservice<\/h1>\n<p>Weshalb \u00fcber uns buchen?<\/p>\n<p>Firmensitz in Cornwall und ein Team Deutsch sprechender Reisespezialisten.<\/p>\n<p>Wir haben eine Leidenschaft f\u00fcrs Reisen und gestalten den perfekten Urlaub.<\/p>\n<p>Ortskenntnisse und Insidertipps f\u00fcr unsere Kunden.<\/p>\n<p>Sonderangebote und Preisnachl\u00e4sse<\/p>\n<p>S\u00e4mtliche unserer Rundreisen sind durch einen voll versicherten deutschen Reiseveranstalter gesichert.<\/p>\n<p style=\"text-align: center;\"><a class=\"tidycta\" href=\"https:\/\/www.urlaubcornwall.de\/rundreisen\/cornwall-suedengland.php\"> Mehr Info<\/a><\/p>\n<div class=\"snippet\"> <a class=\"featured-item\" href=\"https:\/\/www.urlaubcornwall.de\/ferienhaeuser\/cornwall.php\"> <span class=\"image-holder\" style=\"background-image: url('https:\/\/www.urlaubcornwall.de\/blog\/wp-content\/uploads\/2018\/12\/familienurlaub-corwnall-snippet.jpg');\"><\/span> <span class=\"featured-content\"> \n<h2 class=\"featured-title\">Ferienh\u00e4user in Cornwall am Meer<\/h2>\n<p class=\"featured-body\">Cornwall besitzt mehr K\u00fcstenlinien als jede andere Grafschaft und bietet einige der besten Str\u00e4nde, K\u00fcstenwanderwege und Klippenlandschaften, die man \u00fcberhaupt finden kann&#8230; <\/p><\/span> <span class=\"featured-link-holder\"> <span class=\"featured-extra-info\"> \n<p>F\u00fcr Paare, Familien &#038; Gruppen<\/p>\n<\/span> \n<p class=\"featured-link\">DETAILS<\/p>\n<\/span> <\/a><\/div>\n","protected":false},"excerpt":{"rendered":"<p>Eine Rundreise durch Cotswolds und Mittelengland bietet viele faszinierende Sehensw\u00fcrdigkeiten und Aktivit\u00e4ten. Hier sind einige der Highlights, die Sie auf Ihrer Reise erleben k\u00f6nnen: Die Cotswolds: Die Cotswolds sind bekannt f\u00fcr ihre malerischen D\u00f6rfer, sanften H\u00fcgel und charmanten Kirchen und bieten eine atemberaubende Landschaft, die sich perfekt f\u00fcr eine Wanderung oder Radtour eignet. Die Stadt [&hellip;]<\/p>\n","protected":false},"author":1,"featured_media":0,"parent":0,"menu_order":0,"comment_status":"closed","ping_status":"closed","template":"single-four.php","meta":[],"acf":[],"yoast_head":"<!-- This site is optimized with the Yoast SEO plugin v19.4 - https:\/\/yoast.com\/wordpress\/plugins\/seo\/ -->\n<title>Was sind die Highlights einer Rundreise nach Cotswolds &amp; Mittelengland? - Urlaub &amp; Reisen<\/title>\n<meta name=\"description\" content=\"Eine Rundreise durch Cotswolds und Mittelengland bietet viele faszinierende Sehensw\u00fcrdigkeiten und Aktivit\u00e4ten. Hier sind einige\" \/>\n<meta name=\"robots\" content=\"index, follow, max-snippet:-1, max-image-preview:large, max-video-preview:-1\" \/>\n<link rel=\"canonical\" href=\"https:\/\/www.urlaubcornwall.de\/blog\/highlights-rundreise-cotswolds-mittelengland\/\" \/>\n<meta property=\"og:locale\" content=\"en_US\" \/>\n<meta property=\"og:type\" content=\"article\" \/>\n<meta property=\"og:title\" content=\"Was sind die Highlights einer Rundreise nach Cotswolds &amp; Mittelengland? - Urlaub &amp; Reisen\" \/>\n<meta property=\"og:description\" content=\"Eine Rundreise durch Cotswolds und Mittelengland bietet viele faszinierende Sehensw\u00fcrdigkeiten und Aktivit\u00e4ten. Hier sind einige\" \/>\n<meta property=\"og:url\" content=\"https:\/\/www.urlaubcornwall.de\/blog\/highlights-rundreise-cotswolds-mittelengland\/\" \/>\n<meta property=\"og:site_name\" content=\"Urlaub &amp; Reisen\" \/>\n<meta property=\"article:modified_time\" content=\"2023-04-17T07:11:01+00:00\" \/>\n<meta property=\"og:image\" content=\"https:\/\/www.urlaubcornwall.de\/blog\/wp-content\/uploads\/2017\/03\/urlaub-broadway-cotswolds.jpg\" \/>\n<meta name=\"twitter:card\" content=\"summary\" \/>\n<meta name=\"twitter:label1\" content=\"Est. reading time\" \/>\n\t<meta name=\"twitter:data1\" content=\"2 minutes\" \/>\n<script type=\"application\/ld+json\" class=\"yoast-schema-graph\">{\"@context\":\"https:\/\/schema.org\",\"@graph\":[{\"@type\":\"WebSite\",\"@id\":\"https:\/\/www.urlaubcornwall.de\/blog\/#website\",\"url\":\"https:\/\/www.urlaubcornwall.de\/blog\/\",\"name\":\"Urlaub &amp; Reisen\",\"description\":\"Urlaub, Reisen, Cornwall und S\u00fcdengland: eine perfekte Kombination\",\"potentialAction\":[{\"@type\":\"SearchAction\",\"target\":{\"@type\":\"EntryPoint\",\"urlTemplate\":\"https:\/\/www.urlaubcornwall.de\/blog\/?s={search_term_string}\"},\"query-input\":\"required name=search_term_string\"}],\"inLanguage\":\"en-US\"},{\"@type\":\"WebPage\",\"@id\":\"https:\/\/www.urlaubcornwall.de\/blog\/highlights-rundreise-cotswolds-mittelengland\/\",\"url\":\"https:\/\/www.urlaubcornwall.de\/blog\/highlights-rundreise-cotswolds-mittelengland\/\",\"name\":\"Was sind die Highlights einer Rundreise nach Cotswolds & Mittelengland? - Urlaub &amp; Reisen\",\"isPartOf\":{\"@id\":\"https:\/\/www.urlaubcornwall.de\/blog\/#website\"},\"datePublished\":\"2023-04-16T10:15:44+00:00\",\"dateModified\":\"2023-04-17T07:11:01+00:00\",\"description\":\"Eine Rundreise durch Cotswolds und Mittelengland bietet viele faszinierende Sehensw\u00fcrdigkeiten und Aktivit\u00e4ten. Hier sind einige\",\"breadcrumb\":{\"@id\":\"https:\/\/www.urlaubcornwall.de\/blog\/highlights-rundreise-cotswolds-mittelengland\/#breadcrumb\"},\"inLanguage\":\"en-US\",\"potentialAction\":[{\"@type\":\"ReadAction\",\"target\":[\"https:\/\/www.urlaubcornwall.de\/blog\/highlights-rundreise-cotswolds-mittelengland\/\"]}]},{\"@type\":\"BreadcrumbList\",\"@id\":\"https:\/\/www.urlaubcornwall.de\/blog\/highlights-rundreise-cotswolds-mittelengland\/#breadcrumb\",\"itemListElement\":[{\"@type\":\"ListItem\",\"position\":1,\"name\":\"Home\",\"item\":\"https:\/\/www.urlaubcornwall.de\/blog\/\"},{\"@type\":\"ListItem\",\"position\":2,\"name\":\"Was sind die Highlights einer Rundreise nach Cotswolds &#038; Mittelengland?\"}]}]}<\/script>\n<!-- \/ Yoast SEO plugin. -->","yoast_head_json":{"title":"Was sind die Highlights einer Rundreise nach Cotswolds & Mittelengland? - Urlaub &amp; Reisen","description":"Eine Rundreise durch Cotswolds und Mittelengland bietet viele faszinierende Sehensw\u00fcrdigkeiten und Aktivit\u00e4ten. Hier sind einige","robots":{"index":"index","follow":"follow","max-snippet":"max-snippet:-1","max-image-preview":"max-image-preview:large","max-video-preview":"max-video-preview:-1"},"canonical":"https:\/\/www.urlaubcornwall.de\/blog\/highlights-rundreise-cotswolds-mittelengland\/","og_locale":"en_US","og_type":"article","og_title":"Was sind die Highlights einer Rundreise nach Cotswolds & Mittelengland? - Urlaub &amp; Reisen","og_description":"Eine Rundreise durch Cotswolds und Mittelengland bietet viele faszinierende Sehensw\u00fcrdigkeiten und Aktivit\u00e4ten. Hier sind einige","og_url":"https:\/\/www.urlaubcornwall.de\/blog\/highlights-rundreise-cotswolds-mittelengland\/","og_site_name":"Urlaub &amp; Reisen","article_modified_time":"2023-04-17T07:11:01+00:00","og_image":[{"url":"https:\/\/www.urlaubcornwall.de\/blog\/wp-content\/uploads\/2017\/03\/urlaub-broadway-cotswolds.jpg"}],"twitter_card":"summary","twitter_misc":{"Est. reading time":"2 minutes"},"schema":{"@context":"https:\/\/schema.org","@graph":[{"@type":"WebSite","@id":"https:\/\/www.urlaubcornwall.de\/blog\/#website","url":"https:\/\/www.urlaubcornwall.de\/blog\/","name":"Urlaub &amp; Reisen","description":"Urlaub, Reisen, Cornwall und S\u00fcdengland: eine perfekte Kombination","potentialAction":[{"@type":"SearchAction","target":{"@type":"EntryPoint","urlTemplate":"https:\/\/www.urlaubcornwall.de\/blog\/?s={search_term_string}"},"query-input":"required name=search_term_string"}],"inLanguage":"en-US"},{"@type":"WebPage","@id":"https:\/\/www.urlaubcornwall.de\/blog\/highlights-rundreise-cotswolds-mittelengland\/","url":"https:\/\/www.urlaubcornwall.de\/blog\/highlights-rundreise-cotswolds-mittelengland\/","name":"Was sind die Highlights einer Rundreise nach Cotswolds & Mittelengland? - Urlaub &amp; Reisen","isPartOf":{"@id":"https:\/\/www.urlaubcornwall.de\/blog\/#website"},"datePublished":"2023-04-16T10:15:44+00:00","dateModified":"2023-04-17T07:11:01+00:00","description":"Eine Rundreise durch Cotswolds und Mittelengland bietet viele faszinierende Sehensw\u00fcrdigkeiten und Aktivit\u00e4ten. Hier sind einige","breadcrumb":{"@id":"https:\/\/www.urlaubcornwall.de\/blog\/highlights-rundreise-cotswolds-mittelengland\/#breadcrumb"},"inLanguage":"en-US","potentialAction":[{"@type":"ReadAction","target":["https:\/\/www.urlaubcornwall.de\/blog\/highlights-rundreise-cotswolds-mittelengland\/"]}]},{"@type":"BreadcrumbList","@id":"https:\/\/www.urlaubcornwall.de\/blog\/highlights-rundreise-cotswolds-mittelengland\/#breadcrumb","itemListElement":[{"@type":"ListItem","position":1,"name":"Home","item":"https:\/\/www.urlaubcornwall.de\/blog\/"},{"@type":"ListItem","position":2,"name":"Was sind die Highlights einer Rundreise nach Cotswolds &#038; Mittelengland?"}]}]}},"_links":{"self":[{"href":"https:\/\/www.urlaubcornwall.de\/blog\/wp-json\/wp\/v2\/pages\/46221"}],"collection":[{"href":"https:\/\/www.urlaubcornwall.de\/blog\/wp-json\/wp\/v2\/pages"}],"about":[{"href":"https:\/\/www.urlaubcornwall.de\/blog\/wp-json\/wp\/v2\/types\/page"}],"author":[{"embeddable":true,"href":"https:\/\/www.urlaubcornwall.de\/blog\/wp-json\/wp\/v2\/users\/1"}],"replies":[{"embeddable":true,"href":"https:\/\/www.urlaubcornwall.de\/blog\/wp-json\/wp\/v2\/comments?post=46221"}],"version-history":[{"count":8,"href":"https:\/\/www.urlaubcornwall.de\/blog\/wp-json\/wp\/v2\/pages\/46221\/revisions"}],"predecessor-version":[{"id":46240,"href":"https:\/\/www.urlaubcornwall.de\/blog\/wp-json\/wp\/v2\/pages\/46221\/revisions\/46240"}],"wp:attachment":[{"href":"https:\/\/www.urlaubcornwall.de\/blog\/wp-json\/wp\/v2\/media?parent=46221"}],"curies":[{"name":"wp","href":"https:\/\/api.w.org\/{rel}","templated":true}]}}