{"id":46219,"date":"2023-04-17T07:24:02","date_gmt":"2023-04-17T07:24:02","guid":{"rendered":"https:\/\/www.urlaubcornwall.de\/blog\/?page_id=46219"},"modified":"2024-05-31T11:46:04","modified_gmt":"2024-05-31T11:46:04","slug":"highlights-einer-rundreise-nach-suedost-england","status":"publish","type":"page","link":"https:\/\/www.urlaubcornwall.de\/blog\/highlights-einer-rundreise-nach-suedost-england\/","title":{"rendered":"Was sind die Highlights einer Rundreise nach S\u00fcdostengland?"},"content":{"rendered":"<p><a href=\"https:\/\/www.urlaubcornwall.de\/blog\/wp-content\/uploads\/2024\/03\/london-park.jpg\"><img loading=\"lazy\" src=\"https:\/\/www.urlaubcornwall.de\/blog\/wp-content\/uploads\/2024\/03\/london-park.jpg\" alt=\"london park\" width=\"750\" height=\"500\" class=\"alignnone size-full wp-image-47843\" srcset=\"https:\/\/www.urlaubcornwall.de\/blog\/wp-content\/uploads\/2024\/03\/london-park.jpg 750w, https:\/\/www.urlaubcornwall.de\/blog\/wp-content\/uploads\/2024\/03\/london-park-300x200.jpg 300w\" sizes=\"(max-width: 750px) 100vw, 750px\" \/><\/a><\/p>\n<p>Eine <a href=\"https:\/\/www.urlaubcornwall.de\/rundreisen\/cornwall-suedengland.php\">Rundreise durch S\u00fcdostengland<\/a> bietet viele faszinierende Sehensw\u00fcrdigkeiten und Aktivit\u00e4ten. Hier sind einige der Highlights, die Sie auf Ihrer Reise erleben k\u00f6nnen:<\/p>\n<p><strong>Die Stadt London:<\/strong> Die britische Hauptstadt ist voller Kultur, Geschichte und Unterhaltungsm\u00f6glichkeiten, einschlie\u00dflich der Big Ben, des Tower of London, des British Museum, des Buckingham Palace und vieles mehr.<\/p>\n<p><strong>Die Kreidefelsen von Dover:<\/strong> Diese beeindruckende Klippen bieten atemberaubende Aussichten auf das Meer und den \u00c4rmelkanal.<\/p>\n<p><strong>Die Stadt Canterbury:<\/strong> <a href=\"https:\/\/www.urlaubcornwall.de\/blog\/canterbury-kent-unterkunft-sehenswuerdigkeiten-und-geschichte\/\">Die Stadt ist bekannt f\u00fcr ihre historische Kathedrale<\/a>, die eine wichtige Rolle in der britischen Geschichte spielt, sowie f\u00fcr die malerischen engen Gassen und charmanten M\u00e4rkte.<\/p>\n<p><strong>Die Grafschaft Kent:<\/strong> <a href=\"https:\/\/www.urlaubcornwall.de\/reiseziel\/kent.php\">Die Grafschaft bietet eine malerische Landschaft<\/a>, einschlie\u00dflich der ber\u00fchmten Kent Downs, sowie historische Sehensw\u00fcrdigkeiten wie das Leeds Castle und die Hever Castle and Gardens.<\/p>\n<p><strong>Die Stadt Brighton:<\/strong> <a href=\"https:\/\/www.urlaubcornwall.de\/blog\/urlaub-in-brighton-sussex-sehenswuerdigkeiten-unterkunft-und-geschichte\/\">Brighton ist ein beliebter Ferienort<\/a> mit einer lebhaften Strandpromenade, einem ber\u00fchmten Pier und einer Vielzahl von Unterhaltungsm\u00f6glichkeiten.<\/p>\n<p><strong>Die Grafschaft Surrey:<\/strong> Surrey bietet viele sch\u00f6ne Landschaften und historische Sehensw\u00fcrdigkeiten, einschlie\u00dflich des Hampton Court Palace und der Polesden Lacey.<\/p>\n<p><strong>Die Grafschaft Sussex:<\/strong> <a href=\"https:\/\/www.urlaubcornwall.de\/reiseziel\/sussex.php\">Die Grafschaft ist bekannt f\u00fcr ihre herrlichen Str\u00e4nde<\/a>, darunter der bekannte Badeort Brighton Beach, sowie historische Sehensw\u00fcrdigkeiten wie das Arundel Castle und das Petworth House and Park.<\/p>\n<p><strong>Die Stadt Oxford:<\/strong> Die Stadt ist bekannt f\u00fcr ihre weltber\u00fchmte Universit\u00e4t und die beeindruckende Architektur, einschlie\u00dflich der Bodleian Library und des Ashmolean Museum.<\/p>\n<h1>Unser Rundreisenservice<\/h1>\n<p>Weshalb \u00fcber uns buchen?<\/p>\n<p>Firmensitz in Cornwall und ein Team Deutsch sprechender Reisespezialisten.<\/p>\n<p>Wir haben eine Leidenschaft f\u00fcrs Reisen und gestalten den perfekten Urlaub.<\/p>\n<p>Ortskenntnisse und Insidertipps f\u00fcr unsere Kunden.<\/p>\n<p>Sonderangebote und Preisnachl\u00e4sse<\/p>\n<p>S\u00e4mtliche unserer Rundreisen sind durch einen voll versicherten deutschen Reiseveranstalter gesichert.<\/p>\n<p style=\"text-align: center;\"><a class=\"tidycta\" href=\"https:\/\/www.urlaubcornwall.de\/rundreisen\/cornwall-suedengland.php\"> Mehr Info<\/a><\/p>\n<div class=\"snippet\"> <a class=\"featured-item\" href=\"https:\/\/www.urlaubcornwall.de\/ferienhaeuser\/suedengland.php\"> <span class=\"image-holder\" style=\"background-image: url('https:\/\/www.urlaubcornwall.de\/blog\/wp-content\/uploads\/2024\/03\/ferienhaus-england-cornwall.jpg');\"><\/span> <span class=\"featured-content\"> \n<h2 class=\"featured-title\">Ferienh\u00e4user in S\u00fcdengland<\/h2>\n<p class=\"featured-body\">Bei uns finden Sie Ferienh\u00e4user zum Verlieben &#8211; so einfach ist das! Dank seiner langen Geschichte, der reizvollen Landschaften und seinen vielen Attraktionen ist S\u00fcdengland ein wahres Mekka f\u00fcr Urlauber&#8230;..<\/p><\/span> <span class=\"featured-link-holder\"> <span class=\"featured-extra-info\"> \n<p>Pers\u00f6nlich inspizierter Ferienh\u00e4user<\/p>\n<\/span> \n<p class=\"featured-link\">DETAILS<\/p>\n<\/span> <\/a><\/div>\n","protected":false},"excerpt":{"rendered":"<p>Eine Rundreise durch S\u00fcdostengland bietet viele faszinierende Sehensw\u00fcrdigkeiten und Aktivit\u00e4ten. Hier sind einige der Highlights, die Sie auf Ihrer Reise erleben k\u00f6nnen: Die Stadt London: Die britische Hauptstadt ist voller Kultur, Geschichte und Unterhaltungsm\u00f6glichkeiten, einschlie\u00dflich der Big Ben, des Tower of London, des British Museum, des Buckingham Palace und vieles mehr. Die Kreidefelsen von Dover: [&hellip;]<\/p>\n","protected":false},"author":1,"featured_media":0,"parent":0,"menu_order":0,"comment_status":"closed","ping_status":"closed","template":"single-four.php","meta":[],"acf":[],"yoast_head":"<!-- This site is optimized with the Yoast SEO plugin v19.4 - https:\/\/yoast.com\/wordpress\/plugins\/seo\/ -->\n<title>Was sind die Highlights einer Rundreise nach S\u00fcdostengland? - Urlaub &amp; Reisen<\/title>\n<meta name=\"description\" content=\"Eine Rundreise durch S\u00fcdostengland bietet viele faszinierende Sehensw\u00fcrdigkeiten und Aktivit\u00e4ten. Hier sind einige der Highlights\" \/>\n<meta name=\"robots\" content=\"index, follow, max-snippet:-1, max-image-preview:large, max-video-preview:-1\" \/>\n<link rel=\"canonical\" href=\"https:\/\/www.urlaubcornwall.de\/blog\/highlights-einer-rundreise-nach-suedost-england\/\" \/>\n<meta property=\"og:locale\" content=\"en_US\" \/>\n<meta property=\"og:type\" content=\"article\" \/>\n<meta property=\"og:title\" content=\"Was sind die Highlights einer Rundreise nach S\u00fcdostengland? - Urlaub &amp; Reisen\" \/>\n<meta property=\"og:description\" content=\"Eine Rundreise durch S\u00fcdostengland bietet viele faszinierende Sehensw\u00fcrdigkeiten und Aktivit\u00e4ten. Hier sind einige der Highlights\" \/>\n<meta property=\"og:url\" content=\"https:\/\/www.urlaubcornwall.de\/blog\/highlights-einer-rundreise-nach-suedost-england\/\" \/>\n<meta property=\"og:site_name\" content=\"Urlaub &amp; Reisen\" \/>\n<meta property=\"article:modified_time\" content=\"2024-05-31T11:46:04+00:00\" \/>\n<meta property=\"og:image\" content=\"https:\/\/www.urlaubcornwall.de\/blog\/wp-content\/uploads\/2024\/03\/london-park.jpg\" \/>\n<meta name=\"twitter:card\" content=\"summary\" \/>\n<meta name=\"twitter:label1\" content=\"Est. reading time\" \/>\n\t<meta name=\"twitter:data1\" content=\"2 minutes\" \/>\n<script type=\"application\/ld+json\" class=\"yoast-schema-graph\">{\"@context\":\"https:\/\/schema.org\",\"@graph\":[{\"@type\":\"WebSite\",\"@id\":\"https:\/\/www.urlaubcornwall.de\/blog\/#website\",\"url\":\"https:\/\/www.urlaubcornwall.de\/blog\/\",\"name\":\"Urlaub &amp; Reisen\",\"description\":\"Urlaub, Reisen, Cornwall und S\u00fcdengland: eine perfekte Kombination\",\"potentialAction\":[{\"@type\":\"SearchAction\",\"target\":{\"@type\":\"EntryPoint\",\"urlTemplate\":\"https:\/\/www.urlaubcornwall.de\/blog\/?s={search_term_string}\"},\"query-input\":\"required name=search_term_string\"}],\"inLanguage\":\"en-US\"},{\"@type\":\"WebPage\",\"@id\":\"https:\/\/www.urlaubcornwall.de\/blog\/highlights-einer-rundreise-nach-suedost-england\/\",\"url\":\"https:\/\/www.urlaubcornwall.de\/blog\/highlights-einer-rundreise-nach-suedost-england\/\",\"name\":\"Was sind die Highlights einer Rundreise nach S\u00fcdostengland? - Urlaub &amp; Reisen\",\"isPartOf\":{\"@id\":\"https:\/\/www.urlaubcornwall.de\/blog\/#website\"},\"datePublished\":\"2023-04-17T07:24:02+00:00\",\"dateModified\":\"2024-05-31T11:46:04+00:00\",\"description\":\"Eine Rundreise durch S\u00fcdostengland bietet viele faszinierende Sehensw\u00fcrdigkeiten und Aktivit\u00e4ten. Hier sind einige der Highlights\",\"breadcrumb\":{\"@id\":\"https:\/\/www.urlaubcornwall.de\/blog\/highlights-einer-rundreise-nach-suedost-england\/#breadcrumb\"},\"inLanguage\":\"en-US\",\"potentialAction\":[{\"@type\":\"ReadAction\",\"target\":[\"https:\/\/www.urlaubcornwall.de\/blog\/highlights-einer-rundreise-nach-suedost-england\/\"]}]},{\"@type\":\"BreadcrumbList\",\"@id\":\"https:\/\/www.urlaubcornwall.de\/blog\/highlights-einer-rundreise-nach-suedost-england\/#breadcrumb\",\"itemListElement\":[{\"@type\":\"ListItem\",\"position\":1,\"name\":\"Home\",\"item\":\"https:\/\/www.urlaubcornwall.de\/blog\/\"},{\"@type\":\"ListItem\",\"position\":2,\"name\":\"Was sind die Highlights einer Rundreise nach S\u00fcdostengland?\"}]}]}<\/script>\n<!-- \/ Yoast SEO plugin. -->","yoast_head_json":{"title":"Was sind die Highlights einer Rundreise nach S\u00fcdostengland? - Urlaub &amp; Reisen","description":"Eine Rundreise durch S\u00fcdostengland bietet viele faszinierende Sehensw\u00fcrdigkeiten und Aktivit\u00e4ten. Hier sind einige der Highlights","robots":{"index":"index","follow":"follow","max-snippet":"max-snippet:-1","max-image-preview":"max-image-preview:large","max-video-preview":"max-video-preview:-1"},"canonical":"https:\/\/www.urlaubcornwall.de\/blog\/highlights-einer-rundreise-nach-suedost-england\/","og_locale":"en_US","og_type":"article","og_title":"Was sind die Highlights einer Rundreise nach S\u00fcdostengland? - Urlaub &amp; Reisen","og_description":"Eine Rundreise durch S\u00fcdostengland bietet viele faszinierende Sehensw\u00fcrdigkeiten und Aktivit\u00e4ten. Hier sind einige der Highlights","og_url":"https:\/\/www.urlaubcornwall.de\/blog\/highlights-einer-rundreise-nach-suedost-england\/","og_site_name":"Urlaub &amp; Reisen","article_modified_time":"2024-05-31T11:46:04+00:00","og_image":[{"url":"https:\/\/www.urlaubcornwall.de\/blog\/wp-content\/uploads\/2024\/03\/london-park.jpg"}],"twitter_card":"summary","twitter_misc":{"Est. reading time":"2 minutes"},"schema":{"@context":"https:\/\/schema.org","@graph":[{"@type":"WebSite","@id":"https:\/\/www.urlaubcornwall.de\/blog\/#website","url":"https:\/\/www.urlaubcornwall.de\/blog\/","name":"Urlaub &amp; Reisen","description":"Urlaub, Reisen, Cornwall und S\u00fcdengland: eine perfekte Kombination","potentialAction":[{"@type":"SearchAction","target":{"@type":"EntryPoint","urlTemplate":"https:\/\/www.urlaubcornwall.de\/blog\/?s={search_term_string}"},"query-input":"required name=search_term_string"}],"inLanguage":"en-US"},{"@type":"WebPage","@id":"https:\/\/www.urlaubcornwall.de\/blog\/highlights-einer-rundreise-nach-suedost-england\/","url":"https:\/\/www.urlaubcornwall.de\/blog\/highlights-einer-rundreise-nach-suedost-england\/","name":"Was sind die Highlights einer Rundreise nach S\u00fcdostengland? - Urlaub &amp; Reisen","isPartOf":{"@id":"https:\/\/www.urlaubcornwall.de\/blog\/#website"},"datePublished":"2023-04-17T07:24:02+00:00","dateModified":"2024-05-31T11:46:04+00:00","description":"Eine Rundreise durch S\u00fcdostengland bietet viele faszinierende Sehensw\u00fcrdigkeiten und Aktivit\u00e4ten. Hier sind einige der Highlights","breadcrumb":{"@id":"https:\/\/www.urlaubcornwall.de\/blog\/highlights-einer-rundreise-nach-suedost-england\/#breadcrumb"},"inLanguage":"en-US","potentialAction":[{"@type":"ReadAction","target":["https:\/\/www.urlaubcornwall.de\/blog\/highlights-einer-rundreise-nach-suedost-england\/"]}]},{"@type":"BreadcrumbList","@id":"https:\/\/www.urlaubcornwall.de\/blog\/highlights-einer-rundreise-nach-suedost-england\/#breadcrumb","itemListElement":[{"@type":"ListItem","position":1,"name":"Home","item":"https:\/\/www.urlaubcornwall.de\/blog\/"},{"@type":"ListItem","position":2,"name":"Was sind die Highlights einer Rundreise nach S\u00fcdostengland?"}]}]}},"_links":{"self":[{"href":"https:\/\/www.urlaubcornwall.de\/blog\/wp-json\/wp\/v2\/pages\/46219"}],"collection":[{"href":"https:\/\/www.urlaubcornwall.de\/blog\/wp-json\/wp\/v2\/pages"}],"about":[{"href":"https:\/\/www.urlaubcornwall.de\/blog\/wp-json\/wp\/v2\/types\/page"}],"author":[{"embeddable":true,"href":"https:\/\/www.urlaubcornwall.de\/blog\/wp-json\/wp\/v2\/users\/1"}],"replies":[{"embeddable":true,"href":"https:\/\/www.urlaubcornwall.de\/blog\/wp-json\/wp\/v2\/comments?post=46219"}],"version-history":[{"count":7,"href":"https:\/\/www.urlaubcornwall.de\/blog\/wp-json\/wp\/v2\/pages\/46219\/revisions"}],"predecessor-version":[{"id":51325,"href":"https:\/\/www.urlaubcornwall.de\/blog\/wp-json\/wp\/v2\/pages\/46219\/revisions\/51325"}],"wp:attachment":[{"href":"https:\/\/www.urlaubcornwall.de\/blog\/wp-json\/wp\/v2\/media?parent=46219"}],"curies":[{"name":"wp","href":"https:\/\/api.w.org\/{rel}","templated":true}]}}