{"id":46217,"date":"2023-04-17T08:09:46","date_gmt":"2023-04-17T08:09:46","guid":{"rendered":"https:\/\/www.urlaubcornwall.de\/blog\/?page_id=46217"},"modified":"2024-04-30T15:30:52","modified_gmt":"2024-04-30T15:30:52","slug":"highlights-rundreise-ost-england","status":"publish","type":"page","link":"https:\/\/www.urlaubcornwall.de\/blog\/highlights-rundreise-ost-england\/","title":{"rendered":"Was sind die Highlights einer Rundreise nach Ost-England?"},"content":{"rendered":"<p><a href=\"https:\/\/www.urlaubcornwall.de\/blog\/wp-content\/uploads\/2024\/03\/norfolk-windmill.jpg\"><img loading=\"lazy\" src=\"https:\/\/www.urlaubcornwall.de\/blog\/wp-content\/uploads\/2024\/03\/norfolk-windmill.jpg\" alt=\"norfolk windmill\" width=\"750\" height=\"500\" class=\"alignnone size-full wp-image-47799\" srcset=\"https:\/\/www.urlaubcornwall.de\/blog\/wp-content\/uploads\/2024\/03\/norfolk-windmill.jpg 750w, https:\/\/www.urlaubcornwall.de\/blog\/wp-content\/uploads\/2024\/03\/norfolk-windmill-300x200.jpg 300w\" sizes=\"(max-width: 750px) 100vw, 750px\" \/><\/a><\/p>\n<p>Eine <a href=\"https:\/\/www.urlaubcornwall.de\/rundreisenservice.php\">Rundreise durch Ostengland<\/a> bietet viele faszinierende Sehensw\u00fcrdigkeiten und Aktivit\u00e4ten. Hier sind einige der Highlights, die Sie auf Ihrer Reise erleben k\u00f6nnen:<\/p>\n<p><strong>Die Stadt Cambridge:<\/strong> Die <a href=\"https:\/\/www.urlaubcornwall.de\/blog\/urlaub-in-cambridge-east-anglia\/\">Stadt ist bekannt f\u00fcr ihre renommierte Universit\u00e4t<\/a> und ihre pr\u00e4chtige Architektur, einschlie\u00dflich der King&#8217;s College Chapel und der Bridge of Sighs.<\/p>\n<p><strong>Die K\u00fcste von Norfolk:<\/strong> Die K\u00fcste bietet malerische Fischerd\u00f6rfer wie Cromer und Wells-next-the-Sea, <a href=\"https:\/\/www.urlaubcornwall.de\/blog\/die-schoensten-straende-in-norfolk-east-anglia\/\">herrliche Str\u00e4nde<\/a> und Naturgebiete wie die Norfolk Broads.<\/p>\n<p><strong>Die Stadt Norwich:<\/strong> Die mittelalterliche Stadt hat eine reiche Geschichte und bietet Sehensw\u00fcrdigkeiten wie das Norwich Castle Museum und den Norwich Cathedral Close.<\/p>\n<p><strong>Die Grafschaft Suffolk:<\/strong> Die <a href=\"https:\/\/www.urlaubcornwall.de\/blog\/wunderschoene-ostkueste-norfolk-broads-suffolk-8-tage\/\">Grafschaft ist bekannt f\u00fcr ihre malerischen D\u00f6rfer<\/a>, wie Lavenham und Long Melford, sowie f\u00fcr die ber\u00fchmten Sutton Hoo Grabh\u00fcgel.<\/p>\n<p><strong>Die Stadt Colchester:<\/strong> Colchester ist die \u00e4lteste aufgezeichnete Stadt in England und bietet eine reiche Geschichte und kulturelle Sehensw\u00fcrdigkeiten wie das Colchester Castle und das Mercury Theatre.<\/p>\n<p><strong>Die Grafschaft Essex:<\/strong> <a href=\"https:\/\/www.urlaubcornwall.de\/blog\/urlaub-in-essex-geschichte-landschaft-und-straende\/\">Die Grafschaft ist bekannt f\u00fcr ihre h\u00fcbschen D\u00f6rfer<\/a>, wie Finchingfield und Dedham, sowie f\u00fcr ihre wundersch\u00f6ne K\u00fcste und das Dedham Vale Area of Outstanding Natural Beauty.<\/p>\n<p><strong>Die Stadt Bury St. Edmunds:<\/strong> Die Stadt ist bekannt f\u00fcr ihre historischen Sehensw\u00fcrdigkeiten, wie die Ruinen der Bury St. Edmunds Abbey und den St. Edmundsbury Cathedral.<\/p>\n<p><strong>Die Grafschaft Hertfordshire:<\/strong> Die Grafschaft bietet viele h\u00fcbsche D\u00f6rfer, wie St. Albans und Hitchin, sowie den beeindruckenden Knebworth House and Gardens.<\/p>\n<h1>Unser Rundreisenservice f\u00fcr Ost-England<\/h1>\n<p>Weshalb \u00fcber uns buchen?<\/p>\n<p>Firmensitz in Cornwall und ein Team Deutsch sprechender Reisespezialisten.<\/p>\n<p>Wir haben eine Leidenschaft f\u00fcrs Reisen und gestalten den perfekten Urlaub.<\/p>\n<p>Ortskenntnisse und Insidertipps f\u00fcr unsere Kunden.<\/p>\n<p>Sonderangebote und Preisnachl\u00e4sse<\/p>\n<p>S\u00e4mtliche unserer Rundreisen sind durch einen voll versicherten deutschen Reiseveranstalter gesichert.<\/p>\n<p style=\"text-align: center;\"><a class=\"tidycta\" href=\"https:\/\/www.urlaubcornwall.de\/rundreisenservice.php\"> Mehr Info<\/a><\/p>\n<div class=\"snippet\"> <a class=\"featured-item\" href=\"https:\/\/www.urlaubcornwall.de\/ferienhaeuser\/suedengland.php\"> <span class=\"image-holder\" style=\"background-image: url('https:\/\/www.urlaubcornwall.de\/blog\/wp-content\/uploads\/2024\/03\/ferienhaus-england-cornwall.jpg');\"><\/span> <span class=\"featured-content\"> \n<h2 class=\"featured-title\">Ferienh\u00e4user in S\u00fcdengland<\/h2>\n<p class=\"featured-body\">Bei uns finden Sie Ferienh\u00e4user zum Verlieben &#8211; so einfach ist das! Dank seiner langen Geschichte, der reizvollen Landschaften und seinen vielen Attraktionen ist S\u00fcdengland ein wahres Mekka f\u00fcr Urlauber&#8230;..<\/p><\/span> <span class=\"featured-link-holder\"> <span class=\"featured-extra-info\"> \n<p>Pers\u00f6nlich inspizierter Ferienh\u00e4user<\/p>\n<\/span> \n<p class=\"featured-link\">DETAILS<\/p>\n<\/span> <\/a><\/div>\n","protected":false},"excerpt":{"rendered":"<p>Eine Rundreise durch Ostengland bietet viele faszinierende Sehensw\u00fcrdigkeiten und Aktivit\u00e4ten. Hier sind einige der Highlights, die Sie auf Ihrer Reise erleben k\u00f6nnen: Die Stadt Cambridge: Die Stadt ist bekannt f\u00fcr ihre renommierte Universit\u00e4t und ihre pr\u00e4chtige Architektur, einschlie\u00dflich der King&#8217;s College Chapel und der Bridge of Sighs. Die K\u00fcste von Norfolk: Die K\u00fcste bietet malerische [&hellip;]<\/p>\n","protected":false},"author":1,"featured_media":0,"parent":0,"menu_order":0,"comment_status":"closed","ping_status":"closed","template":"single-four.php","meta":[],"acf":[],"yoast_head":"<!-- This site is optimized with the Yoast SEO plugin v19.4 - https:\/\/yoast.com\/wordpress\/plugins\/seo\/ -->\n<title>Was sind die Highlights einer Rundreise nach Ost-England? - Urlaub &amp; Reisen<\/title>\n<meta name=\"description\" content=\"Eine Rundreise durch Ostengland bietet viele faszinierende Sehensw\u00fcrdigkeiten und Aktivit\u00e4ten. Hier sind einige der Highlights, die Sie auf\" \/>\n<meta name=\"robots\" content=\"index, follow, max-snippet:-1, max-image-preview:large, max-video-preview:-1\" \/>\n<link rel=\"canonical\" href=\"https:\/\/www.urlaubcornwall.de\/blog\/highlights-rundreise-ost-england\/\" \/>\n<meta property=\"og:locale\" content=\"en_US\" \/>\n<meta property=\"og:type\" content=\"article\" \/>\n<meta property=\"og:title\" content=\"Was sind die Highlights einer Rundreise nach Ost-England? - Urlaub &amp; Reisen\" \/>\n<meta property=\"og:description\" content=\"Eine Rundreise durch Ostengland bietet viele faszinierende Sehensw\u00fcrdigkeiten und Aktivit\u00e4ten. Hier sind einige der Highlights, die Sie auf\" \/>\n<meta property=\"og:url\" content=\"https:\/\/www.urlaubcornwall.de\/blog\/highlights-rundreise-ost-england\/\" \/>\n<meta property=\"og:site_name\" content=\"Urlaub &amp; Reisen\" \/>\n<meta property=\"article:modified_time\" content=\"2024-04-30T15:30:52+00:00\" \/>\n<meta property=\"og:image\" content=\"https:\/\/www.urlaubcornwall.de\/blog\/wp-content\/uploads\/2024\/03\/norfolk-windmill.jpg\" \/>\n<meta name=\"twitter:card\" content=\"summary\" \/>\n<meta name=\"twitter:label1\" content=\"Est. reading time\" \/>\n\t<meta name=\"twitter:data1\" content=\"2 minutes\" \/>\n<script type=\"application\/ld+json\" class=\"yoast-schema-graph\">{\"@context\":\"https:\/\/schema.org\",\"@graph\":[{\"@type\":\"WebSite\",\"@id\":\"https:\/\/www.urlaubcornwall.de\/blog\/#website\",\"url\":\"https:\/\/www.urlaubcornwall.de\/blog\/\",\"name\":\"Urlaub &amp; Reisen\",\"description\":\"Urlaub, Reisen, Cornwall und S\u00fcdengland: eine perfekte Kombination\",\"potentialAction\":[{\"@type\":\"SearchAction\",\"target\":{\"@type\":\"EntryPoint\",\"urlTemplate\":\"https:\/\/www.urlaubcornwall.de\/blog\/?s={search_term_string}\"},\"query-input\":\"required name=search_term_string\"}],\"inLanguage\":\"en-US\"},{\"@type\":\"WebPage\",\"@id\":\"https:\/\/www.urlaubcornwall.de\/blog\/highlights-rundreise-ost-england\/\",\"url\":\"https:\/\/www.urlaubcornwall.de\/blog\/highlights-rundreise-ost-england\/\",\"name\":\"Was sind die Highlights einer Rundreise nach Ost-England? - Urlaub &amp; Reisen\",\"isPartOf\":{\"@id\":\"https:\/\/www.urlaubcornwall.de\/blog\/#website\"},\"datePublished\":\"2023-04-17T08:09:46+00:00\",\"dateModified\":\"2024-04-30T15:30:52+00:00\",\"description\":\"Eine Rundreise durch Ostengland bietet viele faszinierende Sehensw\u00fcrdigkeiten und Aktivit\u00e4ten. Hier sind einige der Highlights, die Sie auf\",\"breadcrumb\":{\"@id\":\"https:\/\/www.urlaubcornwall.de\/blog\/highlights-rundreise-ost-england\/#breadcrumb\"},\"inLanguage\":\"en-US\",\"potentialAction\":[{\"@type\":\"ReadAction\",\"target\":[\"https:\/\/www.urlaubcornwall.de\/blog\/highlights-rundreise-ost-england\/\"]}]},{\"@type\":\"BreadcrumbList\",\"@id\":\"https:\/\/www.urlaubcornwall.de\/blog\/highlights-rundreise-ost-england\/#breadcrumb\",\"itemListElement\":[{\"@type\":\"ListItem\",\"position\":1,\"name\":\"Home\",\"item\":\"https:\/\/www.urlaubcornwall.de\/blog\/\"},{\"@type\":\"ListItem\",\"position\":2,\"name\":\"Was sind die Highlights einer Rundreise nach Ost-England?\"}]}]}<\/script>\n<!-- \/ Yoast SEO plugin. -->","yoast_head_json":{"title":"Was sind die Highlights einer Rundreise nach Ost-England? - Urlaub &amp; Reisen","description":"Eine Rundreise durch Ostengland bietet viele faszinierende Sehensw\u00fcrdigkeiten und Aktivit\u00e4ten. Hier sind einige der Highlights, die Sie auf","robots":{"index":"index","follow":"follow","max-snippet":"max-snippet:-1","max-image-preview":"max-image-preview:large","max-video-preview":"max-video-preview:-1"},"canonical":"https:\/\/www.urlaubcornwall.de\/blog\/highlights-rundreise-ost-england\/","og_locale":"en_US","og_type":"article","og_title":"Was sind die Highlights einer Rundreise nach Ost-England? - Urlaub &amp; Reisen","og_description":"Eine Rundreise durch Ostengland bietet viele faszinierende Sehensw\u00fcrdigkeiten und Aktivit\u00e4ten. Hier sind einige der Highlights, die Sie auf","og_url":"https:\/\/www.urlaubcornwall.de\/blog\/highlights-rundreise-ost-england\/","og_site_name":"Urlaub &amp; Reisen","article_modified_time":"2024-04-30T15:30:52+00:00","og_image":[{"url":"https:\/\/www.urlaubcornwall.de\/blog\/wp-content\/uploads\/2024\/03\/norfolk-windmill.jpg"}],"twitter_card":"summary","twitter_misc":{"Est. reading time":"2 minutes"},"schema":{"@context":"https:\/\/schema.org","@graph":[{"@type":"WebSite","@id":"https:\/\/www.urlaubcornwall.de\/blog\/#website","url":"https:\/\/www.urlaubcornwall.de\/blog\/","name":"Urlaub &amp; Reisen","description":"Urlaub, Reisen, Cornwall und S\u00fcdengland: eine perfekte Kombination","potentialAction":[{"@type":"SearchAction","target":{"@type":"EntryPoint","urlTemplate":"https:\/\/www.urlaubcornwall.de\/blog\/?s={search_term_string}"},"query-input":"required name=search_term_string"}],"inLanguage":"en-US"},{"@type":"WebPage","@id":"https:\/\/www.urlaubcornwall.de\/blog\/highlights-rundreise-ost-england\/","url":"https:\/\/www.urlaubcornwall.de\/blog\/highlights-rundreise-ost-england\/","name":"Was sind die Highlights einer Rundreise nach Ost-England? - Urlaub &amp; Reisen","isPartOf":{"@id":"https:\/\/www.urlaubcornwall.de\/blog\/#website"},"datePublished":"2023-04-17T08:09:46+00:00","dateModified":"2024-04-30T15:30:52+00:00","description":"Eine Rundreise durch Ostengland bietet viele faszinierende Sehensw\u00fcrdigkeiten und Aktivit\u00e4ten. Hier sind einige der Highlights, die Sie auf","breadcrumb":{"@id":"https:\/\/www.urlaubcornwall.de\/blog\/highlights-rundreise-ost-england\/#breadcrumb"},"inLanguage":"en-US","potentialAction":[{"@type":"ReadAction","target":["https:\/\/www.urlaubcornwall.de\/blog\/highlights-rundreise-ost-england\/"]}]},{"@type":"BreadcrumbList","@id":"https:\/\/www.urlaubcornwall.de\/blog\/highlights-rundreise-ost-england\/#breadcrumb","itemListElement":[{"@type":"ListItem","position":1,"name":"Home","item":"https:\/\/www.urlaubcornwall.de\/blog\/"},{"@type":"ListItem","position":2,"name":"Was sind die Highlights einer Rundreise nach Ost-England?"}]}]}},"_links":{"self":[{"href":"https:\/\/www.urlaubcornwall.de\/blog\/wp-json\/wp\/v2\/pages\/46217"}],"collection":[{"href":"https:\/\/www.urlaubcornwall.de\/blog\/wp-json\/wp\/v2\/pages"}],"about":[{"href":"https:\/\/www.urlaubcornwall.de\/blog\/wp-json\/wp\/v2\/types\/page"}],"author":[{"embeddable":true,"href":"https:\/\/www.urlaubcornwall.de\/blog\/wp-json\/wp\/v2\/users\/1"}],"replies":[{"embeddable":true,"href":"https:\/\/www.urlaubcornwall.de\/blog\/wp-json\/wp\/v2\/comments?post=46217"}],"version-history":[{"count":6,"href":"https:\/\/www.urlaubcornwall.de\/blog\/wp-json\/wp\/v2\/pages\/46217\/revisions"}],"predecessor-version":[{"id":49987,"href":"https:\/\/www.urlaubcornwall.de\/blog\/wp-json\/wp\/v2\/pages\/46217\/revisions\/49987"}],"wp:attachment":[{"href":"https:\/\/www.urlaubcornwall.de\/blog\/wp-json\/wp\/v2\/media?parent=46217"}],"curies":[{"name":"wp","href":"https:\/\/api.w.org\/{rel}","templated":true}]}}