{"id":46215,"date":"2023-04-17T07:54:41","date_gmt":"2023-04-17T07:54:41","guid":{"rendered":"https:\/\/www.urlaubcornwall.de\/blog\/?page_id=46215"},"modified":"2024-04-15T14:26:37","modified_gmt":"2024-04-15T14:26:37","slug":"highlights-rundreise-schottland-highlands","status":"publish","type":"page","link":"https:\/\/www.urlaubcornwall.de\/blog\/highlights-rundreise-schottland-highlands\/","title":{"rendered":"Was sind die Highlights einer Rundreise nach Schottland Highlands?"},"content":{"rendered":"<p><img loading=\"lazy\" class=\"aligncenter size-full wp-image-46247\" src=\"https:\/\/www.urlaubcornwall.de\/blog\/wp-content\/uploads\/2023\/04\/urlaub-highlands-schottland.jpg\" alt=\"urlaub highlands schottland\" width=\"750\" height=\"498\" srcset=\"https:\/\/www.urlaubcornwall.de\/blog\/wp-content\/uploads\/2023\/04\/urlaub-highlands-schottland.jpg 750w, https:\/\/www.urlaubcornwall.de\/blog\/wp-content\/uploads\/2023\/04\/urlaub-highlands-schottland-300x199.jpg 300w\" sizes=\"(max-width: 750px) 100vw, 750px\" \/><\/p>\n<p>Eine <a href=\"https:\/\/www.urlaubcornwall.de\/blog\/rundreisen-schottland\/\">Rundreise durch die schottischen Highlands<\/a> bietet viele atemberaubende Sehensw\u00fcrdigkeiten und Aktivit\u00e4ten. Hier sind einige der Highlights, die Sie auf Ihrer Reise erleben k\u00f6nnen:<\/p>\n<p><strong>Die Isle of Skye:<\/strong> Diese <a href=\"https:\/\/www.urlaubcornwall.de\/blog\/urlaub-insel-skye-sehenswuerdigkeiten-geschichte-und-unterkunft\/\">malerische Insel<\/a> ist bekannt f\u00fcr ihre raue K\u00fcste, ihre Berglandschaften und ihre alten Schl\u00f6sser.<\/p>\n<p><strong>Loch Ness:<\/strong> Dieser <a href=\"https:\/\/www.urlaubcornwall.de\/blog\/urlaub-in-inverness-sehenswuerdigkeiten-geschichte-und-unterkunft\/\">ber\u00fchmte See<\/a> ist bekannt f\u00fcr das legend\u00e4re Ungeheuer, das angeblich in seinen Tiefen lebt.<\/p>\n<p><strong>Die Cairngorms:<\/strong> Dies ist das <a href=\"https:\/\/www.urlaubcornwall.de\/blog\/urlaub-in-aviemore-cairngorms-nationalpark-sehenswuerdigkeiten-unterkunft-und-geschichte\/\">gr\u00f6\u00dfte Gebirgsgebiet in Gro\u00dfbritannien<\/a> und bietet spektakul\u00e4re Berglandschaften und eine reiche Tierwelt.<\/p>\n<p><strong>Die Westk\u00fcste Schottlands:<\/strong> Die K\u00fcste ist bekannt f\u00fcr ihre <a href=\"https:\/\/www.urlaubcornwall.de\/blog\/urlaub-in-fort-william-sehenswuerdigkeiten-geschichte-und-unterkunft\/\">malerischen Fischerd\u00f6rfer<\/a>, ihre raue Sch\u00f6nheit und ihre Fisch- und Meeresfr\u00fcchte.<\/p>\n<p><strong>Die Whisky-Destillerien:<\/strong> Schottland ist bekannt f\u00fcr seine <a href=\"https:\/\/www.urlaubcornwall.de\/blog\/whisky-tour-rundreise-schottland-8-tage\/\">Whisky-Produktion<\/a>, und es gibt viele Destillerien, die besichtigt werden k\u00f6nnen.<\/p>\n<p><strong>Die Schl\u00f6sser:<\/strong> Es gibt viele historische Schl\u00f6sser in den Highlands, darunter das ber\u00fchmte Eilean Donan Castle und das Cawdor Castle.<\/p>\n<p><strong>Der Ben Nevis:<\/strong> Dies ist der h\u00f6chste Berg in Gro\u00dfbritannien und bietet spektakul\u00e4re Aussichten und Wanderm\u00f6glichkeiten.<\/p>\n<p><strong>Die Inverness:<\/strong> Die Hauptstadt der Highlands bietet eine reiche Kulturgeschichte und eine F\u00fclle von Aktivit\u00e4ten, darunter Bootsfahrten auf dem Loch Ness und Stadtrundfahrten.<\/p>\n<p><strong>Die Northern Highlands:<\/strong> Diese abgelegene Region bietet eine spektakul\u00e4re Landschaft, einschlie\u00dflich der beeindruckenden K\u00fcste von <a href=\"https:\/\/www.urlaubcornwall.de\/ferienhaeuser-fewos\/sco\/nordschottland\/nordschottland.html\">Caithness und Sutherland<\/a> und der einsamen Landschaft von Assynt.<\/p>\n<h1>Unser Rundreisenservice f\u00fcr Schottland<\/h1>\n<p>Weshalb \u00fcber uns buchen?<\/p>\n<p>Firmensitz in Cornwall und ein Team Deutsch sprechender Reisespezialisten.<\/p>\n<p>Wir haben eine Leidenschaft f\u00fcrs Reisen und gestalten den perfekten Urlaub.<\/p>\n<p>Ortskenntnisse und Insidertipps f\u00fcr unsere Kunden.<\/p>\n<p>Sonderangebote und Preisnachl\u00e4sse<\/p>\n<p>S\u00e4mtliche unserer Rundreisen sind durch einen voll versicherten deutschen Reiseveranstalter gesichert.<\/p>\n<p style=\"text-align: center;\"><a class=\"tidycta\" href=\"https:\/\/www.urlaubcornwall.de\/blog\/rundreisen-schottland\/\"> Mehr Info<\/a><\/p>\n<div class=\"snippet\"> <a class=\"featured-item\" href=\" https:\/\/www.urlaubcornwall.de\/ferienhaeuser\/schottland.php\"> <span class=\"image-holder\" style=\"background-image: url(' https:\/\/www.urlaubcornwall.de\/blog\/wp-content\/uploads\/2019\/01\/urlaub-schottland-highlands.jpg ');\"><\/span> <span class=\"featured-content\"> \n<h2 class=\"featured-title\">Bei uns finden Sie Ferienh\u00e4user in Schottland zum Verlieben!<\/h2>\n<p class=\"featured-body\">Untenstehend finden Sie eine Auswahl an Ferienh\u00e4usern in Schottland. Hier finden Sie pers\u00f6nlich inspizierte Cottages entlang der schottischen K\u00fcste, in den schottischen Highlands und auf den Inseln&#8230;..<\/p>\n<\/span> <span class=\"featured-link-holder\"> <span class=\"featured-extra-info\"> \n<p>F\u00fcr Paare, Familien &#038; Gruppen<\/p>\n<\/span> \n<p class=\"featured-link\">DETAILS<\/p>\n<\/span> <\/a><\/div>\n","protected":false},"excerpt":{"rendered":"<p>Eine Rundreise durch die schottischen Highlands bietet viele atemberaubende Sehensw\u00fcrdigkeiten und Aktivit\u00e4ten. Hier sind einige der Highlights, die Sie auf Ihrer Reise erleben k\u00f6nnen: Die Isle of Skye: Diese malerische Insel ist bekannt f\u00fcr ihre raue K\u00fcste, ihre Berglandschaften und ihre alten Schl\u00f6sser. Loch Ness: Dieser ber\u00fchmte See ist bekannt f\u00fcr das legend\u00e4re Ungeheuer, das [&hellip;]<\/p>\n","protected":false},"author":1,"featured_media":0,"parent":0,"menu_order":0,"comment_status":"closed","ping_status":"closed","template":"single-four.php","meta":[],"acf":[],"yoast_head":"<!-- This site is optimized with the Yoast SEO plugin v19.4 - https:\/\/yoast.com\/wordpress\/plugins\/seo\/ -->\n<title>Was sind die Highlights einer Rundreise nach Schottland Highlands? - Urlaub &amp; Reisen<\/title>\n<meta name=\"description\" content=\"Eine Rundreise durch die schottischen Highlands bietet viele atemberaubende Sehensw\u00fcrdigkeiten und Aktivit\u00e4ten.\" \/>\n<meta name=\"robots\" content=\"index, follow, max-snippet:-1, max-image-preview:large, max-video-preview:-1\" \/>\n<link rel=\"canonical\" href=\"https:\/\/www.urlaubcornwall.de\/blog\/highlights-rundreise-schottland-highlands\/\" \/>\n<meta property=\"og:locale\" content=\"en_US\" \/>\n<meta property=\"og:type\" content=\"article\" \/>\n<meta property=\"og:title\" content=\"Was sind die Highlights einer Rundreise nach Schottland Highlands? - Urlaub &amp; Reisen\" \/>\n<meta property=\"og:description\" content=\"Eine Rundreise durch die schottischen Highlands bietet viele atemberaubende Sehensw\u00fcrdigkeiten und Aktivit\u00e4ten.\" \/>\n<meta property=\"og:url\" content=\"https:\/\/www.urlaubcornwall.de\/blog\/highlights-rundreise-schottland-highlands\/\" \/>\n<meta property=\"og:site_name\" content=\"Urlaub &amp; Reisen\" \/>\n<meta property=\"article:modified_time\" content=\"2024-04-15T14:26:37+00:00\" \/>\n<meta property=\"og:image\" content=\"https:\/\/www.urlaubcornwall.de\/blog\/wp-content\/uploads\/2023\/04\/urlaub-highlands-schottland.jpg\" \/>\n<meta name=\"twitter:card\" content=\"summary\" \/>\n<meta name=\"twitter:label1\" content=\"Est. reading time\" \/>\n\t<meta name=\"twitter:data1\" content=\"2 minutes\" \/>\n<script type=\"application\/ld+json\" class=\"yoast-schema-graph\">{\"@context\":\"https:\/\/schema.org\",\"@graph\":[{\"@type\":\"WebSite\",\"@id\":\"https:\/\/www.urlaubcornwall.de\/blog\/#website\",\"url\":\"https:\/\/www.urlaubcornwall.de\/blog\/\",\"name\":\"Urlaub &amp; Reisen\",\"description\":\"Urlaub, Reisen, Cornwall und S\u00fcdengland: eine perfekte Kombination\",\"potentialAction\":[{\"@type\":\"SearchAction\",\"target\":{\"@type\":\"EntryPoint\",\"urlTemplate\":\"https:\/\/www.urlaubcornwall.de\/blog\/?s={search_term_string}\"},\"query-input\":\"required name=search_term_string\"}],\"inLanguage\":\"en-US\"},{\"@type\":\"WebPage\",\"@id\":\"https:\/\/www.urlaubcornwall.de\/blog\/highlights-rundreise-schottland-highlands\/\",\"url\":\"https:\/\/www.urlaubcornwall.de\/blog\/highlights-rundreise-schottland-highlands\/\",\"name\":\"Was sind die Highlights einer Rundreise nach Schottland Highlands? - Urlaub &amp; Reisen\",\"isPartOf\":{\"@id\":\"https:\/\/www.urlaubcornwall.de\/blog\/#website\"},\"datePublished\":\"2023-04-17T07:54:41+00:00\",\"dateModified\":\"2024-04-15T14:26:37+00:00\",\"description\":\"Eine Rundreise durch die schottischen Highlands bietet viele atemberaubende Sehensw\u00fcrdigkeiten und Aktivit\u00e4ten.\",\"breadcrumb\":{\"@id\":\"https:\/\/www.urlaubcornwall.de\/blog\/highlights-rundreise-schottland-highlands\/#breadcrumb\"},\"inLanguage\":\"en-US\",\"potentialAction\":[{\"@type\":\"ReadAction\",\"target\":[\"https:\/\/www.urlaubcornwall.de\/blog\/highlights-rundreise-schottland-highlands\/\"]}]},{\"@type\":\"BreadcrumbList\",\"@id\":\"https:\/\/www.urlaubcornwall.de\/blog\/highlights-rundreise-schottland-highlands\/#breadcrumb\",\"itemListElement\":[{\"@type\":\"ListItem\",\"position\":1,\"name\":\"Home\",\"item\":\"https:\/\/www.urlaubcornwall.de\/blog\/\"},{\"@type\":\"ListItem\",\"position\":2,\"name\":\"Was sind die Highlights einer Rundreise nach Schottland Highlands?\"}]}]}<\/script>\n<!-- \/ Yoast SEO plugin. -->","yoast_head_json":{"title":"Was sind die Highlights einer Rundreise nach Schottland Highlands? - Urlaub &amp; Reisen","description":"Eine Rundreise durch die schottischen Highlands bietet viele atemberaubende Sehensw\u00fcrdigkeiten und Aktivit\u00e4ten.","robots":{"index":"index","follow":"follow","max-snippet":"max-snippet:-1","max-image-preview":"max-image-preview:large","max-video-preview":"max-video-preview:-1"},"canonical":"https:\/\/www.urlaubcornwall.de\/blog\/highlights-rundreise-schottland-highlands\/","og_locale":"en_US","og_type":"article","og_title":"Was sind die Highlights einer Rundreise nach Schottland Highlands? - Urlaub &amp; Reisen","og_description":"Eine Rundreise durch die schottischen Highlands bietet viele atemberaubende Sehensw\u00fcrdigkeiten und Aktivit\u00e4ten.","og_url":"https:\/\/www.urlaubcornwall.de\/blog\/highlights-rundreise-schottland-highlands\/","og_site_name":"Urlaub &amp; Reisen","article_modified_time":"2024-04-15T14:26:37+00:00","og_image":[{"url":"https:\/\/www.urlaubcornwall.de\/blog\/wp-content\/uploads\/2023\/04\/urlaub-highlands-schottland.jpg"}],"twitter_card":"summary","twitter_misc":{"Est. reading time":"2 minutes"},"schema":{"@context":"https:\/\/schema.org","@graph":[{"@type":"WebSite","@id":"https:\/\/www.urlaubcornwall.de\/blog\/#website","url":"https:\/\/www.urlaubcornwall.de\/blog\/","name":"Urlaub &amp; Reisen","description":"Urlaub, Reisen, Cornwall und S\u00fcdengland: eine perfekte Kombination","potentialAction":[{"@type":"SearchAction","target":{"@type":"EntryPoint","urlTemplate":"https:\/\/www.urlaubcornwall.de\/blog\/?s={search_term_string}"},"query-input":"required name=search_term_string"}],"inLanguage":"en-US"},{"@type":"WebPage","@id":"https:\/\/www.urlaubcornwall.de\/blog\/highlights-rundreise-schottland-highlands\/","url":"https:\/\/www.urlaubcornwall.de\/blog\/highlights-rundreise-schottland-highlands\/","name":"Was sind die Highlights einer Rundreise nach Schottland Highlands? - Urlaub &amp; Reisen","isPartOf":{"@id":"https:\/\/www.urlaubcornwall.de\/blog\/#website"},"datePublished":"2023-04-17T07:54:41+00:00","dateModified":"2024-04-15T14:26:37+00:00","description":"Eine Rundreise durch die schottischen Highlands bietet viele atemberaubende Sehensw\u00fcrdigkeiten und Aktivit\u00e4ten.","breadcrumb":{"@id":"https:\/\/www.urlaubcornwall.de\/blog\/highlights-rundreise-schottland-highlands\/#breadcrumb"},"inLanguage":"en-US","potentialAction":[{"@type":"ReadAction","target":["https:\/\/www.urlaubcornwall.de\/blog\/highlights-rundreise-schottland-highlands\/"]}]},{"@type":"BreadcrumbList","@id":"https:\/\/www.urlaubcornwall.de\/blog\/highlights-rundreise-schottland-highlands\/#breadcrumb","itemListElement":[{"@type":"ListItem","position":1,"name":"Home","item":"https:\/\/www.urlaubcornwall.de\/blog\/"},{"@type":"ListItem","position":2,"name":"Was sind die Highlights einer Rundreise nach Schottland Highlands?"}]}]}},"_links":{"self":[{"href":"https:\/\/www.urlaubcornwall.de\/blog\/wp-json\/wp\/v2\/pages\/46215"}],"collection":[{"href":"https:\/\/www.urlaubcornwall.de\/blog\/wp-json\/wp\/v2\/pages"}],"about":[{"href":"https:\/\/www.urlaubcornwall.de\/blog\/wp-json\/wp\/v2\/types\/page"}],"author":[{"embeddable":true,"href":"https:\/\/www.urlaubcornwall.de\/blog\/wp-json\/wp\/v2\/users\/1"}],"replies":[{"embeddable":true,"href":"https:\/\/www.urlaubcornwall.de\/blog\/wp-json\/wp\/v2\/comments?post=46215"}],"version-history":[{"count":4,"href":"https:\/\/www.urlaubcornwall.de\/blog\/wp-json\/wp\/v2\/pages\/46215\/revisions"}],"predecessor-version":[{"id":49548,"href":"https:\/\/www.urlaubcornwall.de\/blog\/wp-json\/wp\/v2\/pages\/46215\/revisions\/49548"}],"wp:attachment":[{"href":"https:\/\/www.urlaubcornwall.de\/blog\/wp-json\/wp\/v2\/media?parent=46215"}],"curies":[{"name":"wp","href":"https:\/\/api.w.org\/{rel}","templated":true}]}}