{"id":46201,"date":"2023-04-19T08:37:42","date_gmt":"2023-04-19T08:37:42","guid":{"rendered":"https:\/\/www.urlaubcornwall.de\/blog\/?page_id=46201"},"modified":"2024-04-29T16:04:51","modified_gmt":"2024-04-29T16:04:51","slug":"top-10-attraktionen-innerhalb-einer-autostunde-vom-zentrum-londons","status":"publish","type":"page","link":"https:\/\/www.urlaubcornwall.de\/blog\/top-10-attraktionen-innerhalb-einer-autostunde-vom-zentrum-londons\/","title":{"rendered":"Top 10 Attraktionen innerhalb einer Autostunde vom Zentrum Londons"},"content":{"rendered":"<p><img loading=\"lazy\" class=\"aligncenter size-full wp-image-47907\" src=\"https:\/\/www.urlaubcornwall.de\/blog\/wp-content\/uploads\/2024\/03\/windsor-castle.jpg\" alt=\"windsor castle\" width=\"749\" height=\"569\" srcset=\"https:\/\/www.urlaubcornwall.de\/blog\/wp-content\/uploads\/2024\/03\/windsor-castle.jpg 749w, https:\/\/www.urlaubcornwall.de\/blog\/wp-content\/uploads\/2024\/03\/windsor-castle-300x228.jpg 300w\" sizes=\"(max-width: 749px) 100vw, 749px\" \/><\/p>\n<p>Es gibt viele Sehensw\u00fcrdigkeiten und Attraktionen innerhalb einer Autostunde von der Londoner Innenstadt. Hier sind zehn der Top-Attraktionen, die Sie besuchen k\u00f6nnen:<\/p>\n<p><a href=\"https:\/\/www.rct.uk\/visit\/windsor-castle\"rel=\"nofollow\">Windsor Castle<\/a>: Eine k\u00f6nigliche Residenz in der Stadt Windsor, die seit \u00fcber 900 Jahren von den britischen Monarchen genutzt wird.<\/p>\n<p><a href=\"https:\/\/www.hrp.org.uk\/hampton-court-palace\/\"rel=\"nofollow\">Hampton Court Palace<\/a>: Ein pr\u00e4chtiger Tudor-Palast am Ufer der Themse, der einst von Heinrich VIII. bewohnt wurde.<\/p>\n<p><a href=\"https:\/\/www.kew.org\/\"rel=\"nofollow\">Kew Gardens<\/a>: Ein wundersch\u00f6ner botanischer Garten in Kew, westlich von London.<\/p>\n<p><a href=\"https:\/\/www.legolandholidays.co.uk\/\"rel=\"nofollow\">Legoland Windsor<\/a>: Ein Freizeitpark mit \u00fcber 55 Fahrten und Attraktionen f\u00fcr die ganze Familie.<\/p>\n<p><a href=\"https:\/\/www.chessington.com\/\"rel=\"nofollow\">Chessington World of Adventures<\/a>: Ein Themenpark mit Achterbahnen, Tierattraktionen und Wasserspielen.<\/p>\n<p><a href=\"https:\/\/www.wbstudiotour.co.uk\/\"rel=\"nofollow\">Warner Bros. Studio Tour London<\/a>: The Making of Harry Potter: Eine Tour durch die Kulissen und Kost\u00fcme der Harry-Potter-Filme.<\/p>\n<p><a href=\"https:\/\/www.urlaubcornwall.de\/blog\/urlaubsfuehrer-fuer-den-besuch-des-blenheim-palace\/\">Blenheim Palace<\/a>: Ein pr\u00e4chtiger Landsitz in Oxfordshire, der einst der Geburtsort von Sir Winston Churchill war.<\/p>\n<p><a href=\"https:\/\/www.urlaubcornwall.de\/blog\/urlaub-in-oxford-unterkunft-sehenswuerdigkeiten-und-geschichte\/\">Oxford<\/a>: Eine historische Universit\u00e4tsstadt mit einer malerischen Altstadt, die seit Jahrhunderten als Kulisse f\u00fcr zahlreiche Filme und Fernsehsendungen dient.<\/p>\n<p><a href=\"https:\/\/bletchleypark.org.uk\/\">Bletchley Park<\/a>: Der Geburtsort des modernen Computers und eine wichtige Site der Entschl\u00fcsselung w\u00e4hrend des Zweiten Weltkriegs.<\/p>\n<p><a href=\"https:\/\/www.visitgreenwich.org.uk\/\"rel=\"nofollow\">Greenwich<\/a>: Ein Stadtteil im S\u00fcdosten Londons, der f\u00fcr sein Observatorium, den Royal Greenwich Park und das Cutty Sark Segelschiff bekannt ist.<\/p>\n<h1><a href=\"https:\/\/www.urlaubcornwall.de\/rundreisen\/cornwall-suedengland.php\">Unser Rundreisenservice in S\u00fcdengland<\/a><\/h1>\n<p>Weshalb \u00fcber uns buchen?<\/p>\n<p>Firmensitz in Cornwall und ein Team Deutsch sprechender Reisespezialisten.<\/p>\n<p>Wir haben eine Leidenschaft f\u00fcrs Reisen und gestalten den perfekten Urlaub.<\/p>\n<p>Ortskenntnisse und Insidertipps f\u00fcr unsere Kunden.<\/p>\n<p>Sonderangebote und Preisnachl\u00e4sse<\/p>\n<p>S\u00e4mtliche unserer Rundreisen sind durch einen voll versicherten deutschen Reiseveranstalter gesichert.<\/p>\n<p style=\"text-align: center;\"><a class=\"tidycta\" href=\"https:\/\/www.urlaubcornwall.de\/rundreisen\/cornwall-suedengland.php\"> Mehr Info<\/a><\/p>\n<div class=\"snippet\"> <a class=\"featured-item\" href=\"https:\/\/www.urlaubcornwall.de\/ferienhaeuser\/suedengland.php\"> <span class=\"image-holder\" style=\"background-image: url('https:\/\/www.urlaubcornwall.de\/blog\/wp-content\/uploads\/2024\/03\/ferienhaus-england-cornwall.jpg');\"><\/span> <span class=\"featured-content\"> \n<h2 class=\"featured-title\">Ferienh\u00e4user in S\u00fcdengland<\/h2>\n<p class=\"featured-body\">Bei uns finden Sie Ferienh\u00e4user zum Verlieben &#8211; so einfach ist das! Dank seiner langen Geschichte, der reizvollen Landschaften und seinen vielen Attraktionen ist S\u00fcdengland ein wahres Mekka f\u00fcr Urlauber&#8230;..<\/p><\/span> <span class=\"featured-link-holder\"> <span class=\"featured-extra-info\"> \n<p>Pers\u00f6nlich inspizierter Ferienh\u00e4user<\/p>\n<\/span> \n<p class=\"featured-link\">DETAILS<\/p>\n<\/span> <\/a><\/div>\n","protected":false},"excerpt":{"rendered":"<p>Es gibt viele Sehensw\u00fcrdigkeiten und Attraktionen innerhalb einer Autostunde von der Londoner Innenstadt. Hier sind zehn der Top-Attraktionen, die Sie besuchen k\u00f6nnen: Windsor Castle: Eine k\u00f6nigliche Residenz in der Stadt Windsor, die seit \u00fcber 900 Jahren von den britischen Monarchen genutzt wird. Hampton Court Palace: Ein pr\u00e4chtiger Tudor-Palast am Ufer der Themse, der einst von [&hellip;]<\/p>\n","protected":false},"author":1,"featured_media":0,"parent":0,"menu_order":0,"comment_status":"closed","ping_status":"closed","template":"single-four.php","meta":[],"acf":[],"yoast_head":"<!-- This site is optimized with the Yoast SEO plugin v19.4 - https:\/\/yoast.com\/wordpress\/plugins\/seo\/ -->\n<title>Top 10 Attraktionen innerhalb einer Autostunde vom Zentrum Londons - Urlaub &amp; Reisen<\/title>\n<meta name=\"robots\" content=\"index, follow, max-snippet:-1, max-image-preview:large, max-video-preview:-1\" \/>\n<link rel=\"canonical\" href=\"https:\/\/www.urlaubcornwall.de\/blog\/top-10-attraktionen-innerhalb-einer-autostunde-vom-zentrum-londons\/\" \/>\n<meta property=\"og:locale\" content=\"en_US\" \/>\n<meta property=\"og:type\" content=\"article\" \/>\n<meta property=\"og:title\" content=\"Top 10 Attraktionen innerhalb einer Autostunde vom Zentrum Londons - Urlaub &amp; Reisen\" \/>\n<meta property=\"og:description\" content=\"Es gibt viele Sehensw\u00fcrdigkeiten und Attraktionen innerhalb einer Autostunde von der Londoner Innenstadt. Hier sind zehn der Top-Attraktionen, die Sie besuchen k\u00f6nnen: Windsor Castle: Eine k\u00f6nigliche Residenz in der Stadt Windsor, die seit \u00fcber 900 Jahren von den britischen Monarchen genutzt wird. Hampton Court Palace: Ein pr\u00e4chtiger Tudor-Palast am Ufer der Themse, der einst von [&hellip;]\" \/>\n<meta property=\"og:url\" content=\"https:\/\/www.urlaubcornwall.de\/blog\/top-10-attraktionen-innerhalb-einer-autostunde-vom-zentrum-londons\/\" \/>\n<meta property=\"og:site_name\" content=\"Urlaub &amp; Reisen\" \/>\n<meta property=\"article:modified_time\" content=\"2024-04-29T16:04:51+00:00\" \/>\n<meta property=\"og:image\" content=\"https:\/\/www.urlaubcornwall.de\/blog\/wp-content\/uploads\/2024\/03\/windsor-castle.jpg\" \/>\n<meta name=\"twitter:card\" content=\"summary\" \/>\n<meta name=\"twitter:label1\" content=\"Est. reading time\" \/>\n\t<meta name=\"twitter:data1\" content=\"2 minutes\" \/>\n<script type=\"application\/ld+json\" class=\"yoast-schema-graph\">{\"@context\":\"https:\/\/schema.org\",\"@graph\":[{\"@type\":\"WebSite\",\"@id\":\"https:\/\/www.urlaubcornwall.de\/blog\/#website\",\"url\":\"https:\/\/www.urlaubcornwall.de\/blog\/\",\"name\":\"Urlaub &amp; Reisen\",\"description\":\"Urlaub, Reisen, Cornwall und S\u00fcdengland: eine perfekte Kombination\",\"potentialAction\":[{\"@type\":\"SearchAction\",\"target\":{\"@type\":\"EntryPoint\",\"urlTemplate\":\"https:\/\/www.urlaubcornwall.de\/blog\/?s={search_term_string}\"},\"query-input\":\"required name=search_term_string\"}],\"inLanguage\":\"en-US\"},{\"@type\":\"WebPage\",\"@id\":\"https:\/\/www.urlaubcornwall.de\/blog\/top-10-attraktionen-innerhalb-einer-autostunde-vom-zentrum-londons\/\",\"url\":\"https:\/\/www.urlaubcornwall.de\/blog\/top-10-attraktionen-innerhalb-einer-autostunde-vom-zentrum-londons\/\",\"name\":\"Top 10 Attraktionen innerhalb einer Autostunde vom Zentrum Londons - Urlaub &amp; Reisen\",\"isPartOf\":{\"@id\":\"https:\/\/www.urlaubcornwall.de\/blog\/#website\"},\"datePublished\":\"2023-04-19T08:37:42+00:00\",\"dateModified\":\"2024-04-29T16:04:51+00:00\",\"breadcrumb\":{\"@id\":\"https:\/\/www.urlaubcornwall.de\/blog\/top-10-attraktionen-innerhalb-einer-autostunde-vom-zentrum-londons\/#breadcrumb\"},\"inLanguage\":\"en-US\",\"potentialAction\":[{\"@type\":\"ReadAction\",\"target\":[\"https:\/\/www.urlaubcornwall.de\/blog\/top-10-attraktionen-innerhalb-einer-autostunde-vom-zentrum-londons\/\"]}]},{\"@type\":\"BreadcrumbList\",\"@id\":\"https:\/\/www.urlaubcornwall.de\/blog\/top-10-attraktionen-innerhalb-einer-autostunde-vom-zentrum-londons\/#breadcrumb\",\"itemListElement\":[{\"@type\":\"ListItem\",\"position\":1,\"name\":\"Home\",\"item\":\"https:\/\/www.urlaubcornwall.de\/blog\/\"},{\"@type\":\"ListItem\",\"position\":2,\"name\":\"Top 10 Attraktionen innerhalb einer Autostunde vom Zentrum Londons\"}]}]}<\/script>\n<!-- \/ Yoast SEO plugin. -->","yoast_head_json":{"title":"Top 10 Attraktionen innerhalb einer Autostunde vom Zentrum Londons - Urlaub &amp; Reisen","robots":{"index":"index","follow":"follow","max-snippet":"max-snippet:-1","max-image-preview":"max-image-preview:large","max-video-preview":"max-video-preview:-1"},"canonical":"https:\/\/www.urlaubcornwall.de\/blog\/top-10-attraktionen-innerhalb-einer-autostunde-vom-zentrum-londons\/","og_locale":"en_US","og_type":"article","og_title":"Top 10 Attraktionen innerhalb einer Autostunde vom Zentrum Londons - Urlaub &amp; Reisen","og_description":"Es gibt viele Sehensw\u00fcrdigkeiten und Attraktionen innerhalb einer Autostunde von der Londoner Innenstadt. Hier sind zehn der Top-Attraktionen, die Sie besuchen k\u00f6nnen: Windsor Castle: Eine k\u00f6nigliche Residenz in der Stadt Windsor, die seit \u00fcber 900 Jahren von den britischen Monarchen genutzt wird. Hampton Court Palace: Ein pr\u00e4chtiger Tudor-Palast am Ufer der Themse, der einst von [&hellip;]","og_url":"https:\/\/www.urlaubcornwall.de\/blog\/top-10-attraktionen-innerhalb-einer-autostunde-vom-zentrum-londons\/","og_site_name":"Urlaub &amp; Reisen","article_modified_time":"2024-04-29T16:04:51+00:00","og_image":[{"url":"https:\/\/www.urlaubcornwall.de\/blog\/wp-content\/uploads\/2024\/03\/windsor-castle.jpg"}],"twitter_card":"summary","twitter_misc":{"Est. reading time":"2 minutes"},"schema":{"@context":"https:\/\/schema.org","@graph":[{"@type":"WebSite","@id":"https:\/\/www.urlaubcornwall.de\/blog\/#website","url":"https:\/\/www.urlaubcornwall.de\/blog\/","name":"Urlaub &amp; Reisen","description":"Urlaub, Reisen, Cornwall und S\u00fcdengland: eine perfekte Kombination","potentialAction":[{"@type":"SearchAction","target":{"@type":"EntryPoint","urlTemplate":"https:\/\/www.urlaubcornwall.de\/blog\/?s={search_term_string}"},"query-input":"required name=search_term_string"}],"inLanguage":"en-US"},{"@type":"WebPage","@id":"https:\/\/www.urlaubcornwall.de\/blog\/top-10-attraktionen-innerhalb-einer-autostunde-vom-zentrum-londons\/","url":"https:\/\/www.urlaubcornwall.de\/blog\/top-10-attraktionen-innerhalb-einer-autostunde-vom-zentrum-londons\/","name":"Top 10 Attraktionen innerhalb einer Autostunde vom Zentrum Londons - Urlaub &amp; Reisen","isPartOf":{"@id":"https:\/\/www.urlaubcornwall.de\/blog\/#website"},"datePublished":"2023-04-19T08:37:42+00:00","dateModified":"2024-04-29T16:04:51+00:00","breadcrumb":{"@id":"https:\/\/www.urlaubcornwall.de\/blog\/top-10-attraktionen-innerhalb-einer-autostunde-vom-zentrum-londons\/#breadcrumb"},"inLanguage":"en-US","potentialAction":[{"@type":"ReadAction","target":["https:\/\/www.urlaubcornwall.de\/blog\/top-10-attraktionen-innerhalb-einer-autostunde-vom-zentrum-londons\/"]}]},{"@type":"BreadcrumbList","@id":"https:\/\/www.urlaubcornwall.de\/blog\/top-10-attraktionen-innerhalb-einer-autostunde-vom-zentrum-londons\/#breadcrumb","itemListElement":[{"@type":"ListItem","position":1,"name":"Home","item":"https:\/\/www.urlaubcornwall.de\/blog\/"},{"@type":"ListItem","position":2,"name":"Top 10 Attraktionen innerhalb einer Autostunde vom Zentrum Londons"}]}]}},"_links":{"self":[{"href":"https:\/\/www.urlaubcornwall.de\/blog\/wp-json\/wp\/v2\/pages\/46201"}],"collection":[{"href":"https:\/\/www.urlaubcornwall.de\/blog\/wp-json\/wp\/v2\/pages"}],"about":[{"href":"https:\/\/www.urlaubcornwall.de\/blog\/wp-json\/wp\/v2\/types\/page"}],"author":[{"embeddable":true,"href":"https:\/\/www.urlaubcornwall.de\/blog\/wp-json\/wp\/v2\/users\/1"}],"replies":[{"embeddable":true,"href":"https:\/\/www.urlaubcornwall.de\/blog\/wp-json\/wp\/v2\/comments?post=46201"}],"version-history":[{"count":5,"href":"https:\/\/www.urlaubcornwall.de\/blog\/wp-json\/wp\/v2\/pages\/46201\/revisions"}],"predecessor-version":[{"id":49949,"href":"https:\/\/www.urlaubcornwall.de\/blog\/wp-json\/wp\/v2\/pages\/46201\/revisions\/49949"}],"wp:attachment":[{"href":"https:\/\/www.urlaubcornwall.de\/blog\/wp-json\/wp\/v2\/media?parent=46201"}],"curies":[{"name":"wp","href":"https:\/\/api.w.org\/{rel}","templated":true}]}}