{"id":46197,"date":"2023-04-17T13:47:55","date_gmt":"2023-04-17T13:47:55","guid":{"rendered":"https:\/\/www.urlaubcornwall.de\/blog\/?page_id=46197"},"modified":"2024-04-05T14:04:51","modified_gmt":"2024-04-05T14:04:51","slug":"unterschiede-zwischen-nord-sued-west-ost-irland","status":"publish","type":"page","link":"https:\/\/www.urlaubcornwall.de\/blog\/unterschiede-zwischen-nord-sued-west-ost-irland\/","title":{"rendered":"Die Unterschiede zwischen der Nord-, S\u00fcd-, West &#038; Ost von Irland?"},"content":{"rendered":"<p><a href=\"https:\/\/www.urlaubcornwall.de\/blog\/wp-content\/uploads\/2024\/03\/cliffs-of-moher-irland.jpg\"><img loading=\"lazy\" class=\"alignnone size-full wp-image-47810\" src=\"https:\/\/www.urlaubcornwall.de\/blog\/wp-content\/uploads\/2024\/03\/cliffs-of-moher-irland.jpg\" alt=\"cliffs of moher irland\" width=\"750\" height=\"500\" srcset=\"https:\/\/www.urlaubcornwall.de\/blog\/wp-content\/uploads\/2024\/03\/cliffs-of-moher-irland.jpg 750w, https:\/\/www.urlaubcornwall.de\/blog\/wp-content\/uploads\/2024\/03\/cliffs-of-moher-irland-300x200.jpg 300w\" sizes=\"(max-width: 750px) 100vw, 750px\" \/><\/a><\/p>\n<p><a href=\"https:\/\/www.urlaubcornwall.de\/blog\/erleben-sie-irland-die-emerald-insel\/\">Irland<\/a> hat vier geografische Regionen, die Nord, S\u00fcd, West und Ost umfassen. Hier sind einige der Unterschiede zwischen den Regionen, die Sie auf <a href=\"https:\/\/www.urlaubcornwall.de\/blog\/rundreisen-irland\/\">einer Rundreise in Irland<\/a> erkunden k\u00f6nnen: <\/p>\n<p><strong>Nordirland:<\/strong> Diese Region umfasst sechs der neun Grafschaften von Ulster und ist bekannt f\u00fcr ihre dramatische K\u00fcstenlinie, historischen St\u00e4dte wie Belfast und Derry, und ihre Verbindung zum Titanic.<\/p>\n<p><strong>S\u00fcdirland:<\/strong> Diese Region umfasst die Grafschaften Munster und Leinster und ist bekannt f\u00fcr ihre atemberaubende Landschaft, von den Klippen von Moher bis zu den gr\u00fcnen H\u00fcgeln von Wicklow.<\/p>\n<p><strong>Westirland:<\/strong> Diese Region umfasst die Grafschaften Connacht und Galway und ist bekannt f\u00fcr ihre wilde und raue K\u00fcstenlandschaft, die Aran-Inseln, und den Connemara-Nationalpark.<\/p>\n<p><strong>Ostirland:<\/strong> Diese Region umfasst die Grafschaften Leinster und Teile von Ulster und ist bekannt f\u00fcr ihre historischen St\u00e4dte wie Dublin, die Wicklow Mountains und die G\u00e4rten von Powerscourt.<\/p>\n<p>Jede Region von Irland hat ihre eigenen einzigartigen Besonderheiten und Sch\u00f6nheiten. Es lohnt sich, eine Rundreise zu planen und alle Regionen zu besuchen, um die Vielfalt von Irland zu entdecken.<\/p>\n<h1>Unser Rundreisenservice f\u00fcr Irland<\/h1>\n<p>Weshalb \u00fcber uns buchen?<\/p>\n<p>Firmensitz in Cornwall und ein Team Deutsch sprechender Reisespezialisten.<\/p>\n<p>Wir haben eine Leidenschaft f\u00fcrs Reisen und gestalten den perfekten Urlaub.<\/p>\n<p>Ortskenntnisse und Insidertipps f\u00fcr unsere Kunden.<\/p>\n<p>Sonderangebote und Preisnachl\u00e4sse<\/p>\n<p>S\u00e4mtliche unserer Rundreisen sind durch einen voll versicherten deutschen Reiseveranstalter gesichert.<\/p>\n<p style=\"text-align: center;\"><a class=\"tidycta\" href=\"https:\/\/www.urlaubcornwall.de\/blog\/rundreisen-irland\/\"> Mehr Info<\/a><\/p>\n","protected":false},"excerpt":{"rendered":"<p>Irland hat vier geografische Regionen, die Nord, S\u00fcd, West und Ost umfassen. Hier sind einige der Unterschiede zwischen den Regionen, die Sie auf einer Rundreise in Irland erkunden k\u00f6nnen: Nordirland: Diese Region umfasst sechs der neun Grafschaften von Ulster und ist bekannt f\u00fcr ihre dramatische K\u00fcstenlinie, historischen St\u00e4dte wie Belfast und Derry, und ihre Verbindung [&hellip;]<\/p>\n","protected":false},"author":1,"featured_media":0,"parent":0,"menu_order":0,"comment_status":"closed","ping_status":"closed","template":"single-four.php","meta":[],"acf":[],"yoast_head":"<!-- This site is optimized with the Yoast SEO plugin v19.4 - https:\/\/yoast.com\/wordpress\/plugins\/seo\/ -->\n<title>Die Unterschiede zwischen der Nord-, S\u00fcd-, West &amp; Ost von Irland? - Urlaub &amp; Reisen<\/title>\n<meta name=\"description\" content=\"Irland hat vier geografische Regionen, die Nord, S\u00fcd, West und Ost umfassen. Hier sind einige der Unterschiede zwischen den Regionen:\" \/>\n<meta name=\"robots\" content=\"index, follow, max-snippet:-1, max-image-preview:large, max-video-preview:-1\" \/>\n<link rel=\"canonical\" href=\"https:\/\/www.urlaubcornwall.de\/blog\/unterschiede-zwischen-nord-sued-west-ost-irland\/\" \/>\n<meta property=\"og:locale\" content=\"en_US\" \/>\n<meta property=\"og:type\" content=\"article\" \/>\n<meta property=\"og:title\" content=\"Die Unterschiede zwischen der Nord-, S\u00fcd-, West &amp; Ost von Irland? - Urlaub &amp; Reisen\" \/>\n<meta property=\"og:description\" content=\"Irland hat vier geografische Regionen, die Nord, S\u00fcd, West und Ost umfassen. Hier sind einige der Unterschiede zwischen den Regionen:\" \/>\n<meta property=\"og:url\" content=\"https:\/\/www.urlaubcornwall.de\/blog\/unterschiede-zwischen-nord-sued-west-ost-irland\/\" \/>\n<meta property=\"og:site_name\" content=\"Urlaub &amp; Reisen\" \/>\n<meta property=\"article:modified_time\" content=\"2024-04-05T14:04:51+00:00\" \/>\n<meta property=\"og:image\" content=\"https:\/\/www.urlaubcornwall.de\/blog\/wp-content\/uploads\/2024\/03\/cliffs-of-moher-irland.jpg\" \/>\n<meta name=\"twitter:card\" content=\"summary\" \/>\n<meta name=\"twitter:label1\" content=\"Est. reading time\" \/>\n\t<meta name=\"twitter:data1\" content=\"2 minutes\" \/>\n<script type=\"application\/ld+json\" class=\"yoast-schema-graph\">{\"@context\":\"https:\/\/schema.org\",\"@graph\":[{\"@type\":\"WebSite\",\"@id\":\"https:\/\/www.urlaubcornwall.de\/blog\/#website\",\"url\":\"https:\/\/www.urlaubcornwall.de\/blog\/\",\"name\":\"Urlaub &amp; Reisen\",\"description\":\"Urlaub, Reisen, Cornwall und S\u00fcdengland: eine perfekte Kombination\",\"potentialAction\":[{\"@type\":\"SearchAction\",\"target\":{\"@type\":\"EntryPoint\",\"urlTemplate\":\"https:\/\/www.urlaubcornwall.de\/blog\/?s={search_term_string}\"},\"query-input\":\"required name=search_term_string\"}],\"inLanguage\":\"en-US\"},{\"@type\":\"WebPage\",\"@id\":\"https:\/\/www.urlaubcornwall.de\/blog\/unterschiede-zwischen-nord-sued-west-ost-irland\/\",\"url\":\"https:\/\/www.urlaubcornwall.de\/blog\/unterschiede-zwischen-nord-sued-west-ost-irland\/\",\"name\":\"Die Unterschiede zwischen der Nord-, S\u00fcd-, West & Ost von Irland? - Urlaub &amp; Reisen\",\"isPartOf\":{\"@id\":\"https:\/\/www.urlaubcornwall.de\/blog\/#website\"},\"datePublished\":\"2023-04-17T13:47:55+00:00\",\"dateModified\":\"2024-04-05T14:04:51+00:00\",\"description\":\"Irland hat vier geografische Regionen, die Nord, S\u00fcd, West und Ost umfassen. Hier sind einige der Unterschiede zwischen den Regionen:\",\"breadcrumb\":{\"@id\":\"https:\/\/www.urlaubcornwall.de\/blog\/unterschiede-zwischen-nord-sued-west-ost-irland\/#breadcrumb\"},\"inLanguage\":\"en-US\",\"potentialAction\":[{\"@type\":\"ReadAction\",\"target\":[\"https:\/\/www.urlaubcornwall.de\/blog\/unterschiede-zwischen-nord-sued-west-ost-irland\/\"]}]},{\"@type\":\"BreadcrumbList\",\"@id\":\"https:\/\/www.urlaubcornwall.de\/blog\/unterschiede-zwischen-nord-sued-west-ost-irland\/#breadcrumb\",\"itemListElement\":[{\"@type\":\"ListItem\",\"position\":1,\"name\":\"Home\",\"item\":\"https:\/\/www.urlaubcornwall.de\/blog\/\"},{\"@type\":\"ListItem\",\"position\":2,\"name\":\"Die Unterschiede zwischen der Nord-, S\u00fcd-, West &#038; Ost von Irland?\"}]}]}<\/script>\n<!-- \/ Yoast SEO plugin. -->","yoast_head_json":{"title":"Die Unterschiede zwischen der Nord-, S\u00fcd-, West & Ost von Irland? - Urlaub &amp; Reisen","description":"Irland hat vier geografische Regionen, die Nord, S\u00fcd, West und Ost umfassen. Hier sind einige der Unterschiede zwischen den Regionen:","robots":{"index":"index","follow":"follow","max-snippet":"max-snippet:-1","max-image-preview":"max-image-preview:large","max-video-preview":"max-video-preview:-1"},"canonical":"https:\/\/www.urlaubcornwall.de\/blog\/unterschiede-zwischen-nord-sued-west-ost-irland\/","og_locale":"en_US","og_type":"article","og_title":"Die Unterschiede zwischen der Nord-, S\u00fcd-, West & Ost von Irland? - Urlaub &amp; Reisen","og_description":"Irland hat vier geografische Regionen, die Nord, S\u00fcd, West und Ost umfassen. Hier sind einige der Unterschiede zwischen den Regionen:","og_url":"https:\/\/www.urlaubcornwall.de\/blog\/unterschiede-zwischen-nord-sued-west-ost-irland\/","og_site_name":"Urlaub &amp; Reisen","article_modified_time":"2024-04-05T14:04:51+00:00","og_image":[{"url":"https:\/\/www.urlaubcornwall.de\/blog\/wp-content\/uploads\/2024\/03\/cliffs-of-moher-irland.jpg"}],"twitter_card":"summary","twitter_misc":{"Est. reading time":"2 minutes"},"schema":{"@context":"https:\/\/schema.org","@graph":[{"@type":"WebSite","@id":"https:\/\/www.urlaubcornwall.de\/blog\/#website","url":"https:\/\/www.urlaubcornwall.de\/blog\/","name":"Urlaub &amp; Reisen","description":"Urlaub, Reisen, Cornwall und S\u00fcdengland: eine perfekte Kombination","potentialAction":[{"@type":"SearchAction","target":{"@type":"EntryPoint","urlTemplate":"https:\/\/www.urlaubcornwall.de\/blog\/?s={search_term_string}"},"query-input":"required name=search_term_string"}],"inLanguage":"en-US"},{"@type":"WebPage","@id":"https:\/\/www.urlaubcornwall.de\/blog\/unterschiede-zwischen-nord-sued-west-ost-irland\/","url":"https:\/\/www.urlaubcornwall.de\/blog\/unterschiede-zwischen-nord-sued-west-ost-irland\/","name":"Die Unterschiede zwischen der Nord-, S\u00fcd-, West & Ost von Irland? - Urlaub &amp; Reisen","isPartOf":{"@id":"https:\/\/www.urlaubcornwall.de\/blog\/#website"},"datePublished":"2023-04-17T13:47:55+00:00","dateModified":"2024-04-05T14:04:51+00:00","description":"Irland hat vier geografische Regionen, die Nord, S\u00fcd, West und Ost umfassen. Hier sind einige der Unterschiede zwischen den Regionen:","breadcrumb":{"@id":"https:\/\/www.urlaubcornwall.de\/blog\/unterschiede-zwischen-nord-sued-west-ost-irland\/#breadcrumb"},"inLanguage":"en-US","potentialAction":[{"@type":"ReadAction","target":["https:\/\/www.urlaubcornwall.de\/blog\/unterschiede-zwischen-nord-sued-west-ost-irland\/"]}]},{"@type":"BreadcrumbList","@id":"https:\/\/www.urlaubcornwall.de\/blog\/unterschiede-zwischen-nord-sued-west-ost-irland\/#breadcrumb","itemListElement":[{"@type":"ListItem","position":1,"name":"Home","item":"https:\/\/www.urlaubcornwall.de\/blog\/"},{"@type":"ListItem","position":2,"name":"Die Unterschiede zwischen der Nord-, S\u00fcd-, West &#038; Ost von Irland?"}]}]}},"_links":{"self":[{"href":"https:\/\/www.urlaubcornwall.de\/blog\/wp-json\/wp\/v2\/pages\/46197"}],"collection":[{"href":"https:\/\/www.urlaubcornwall.de\/blog\/wp-json\/wp\/v2\/pages"}],"about":[{"href":"https:\/\/www.urlaubcornwall.de\/blog\/wp-json\/wp\/v2\/types\/page"}],"author":[{"embeddable":true,"href":"https:\/\/www.urlaubcornwall.de\/blog\/wp-json\/wp\/v2\/users\/1"}],"replies":[{"embeddable":true,"href":"https:\/\/www.urlaubcornwall.de\/blog\/wp-json\/wp\/v2\/comments?post=46197"}],"version-history":[{"count":5,"href":"https:\/\/www.urlaubcornwall.de\/blog\/wp-json\/wp\/v2\/pages\/46197\/revisions"}],"predecessor-version":[{"id":48999,"href":"https:\/\/www.urlaubcornwall.de\/blog\/wp-json\/wp\/v2\/pages\/46197\/revisions\/48999"}],"wp:attachment":[{"href":"https:\/\/www.urlaubcornwall.de\/blog\/wp-json\/wp\/v2\/media?parent=46197"}],"curies":[{"name":"wp","href":"https:\/\/api.w.org\/{rel}","templated":true}]}}