{"id":46195,"date":"2023-04-14T15:46:55","date_gmt":"2023-04-14T15:46:55","guid":{"rendered":"https:\/\/www.urlaubcornwall.de\/blog\/?page_id=46195"},"modified":"2024-04-15T14:19:15","modified_gmt":"2024-04-15T14:19:15","slug":"die-unterschiede-zwischen-der-nord-sued-und-west-und-ost-von-schottland","status":"publish","type":"page","link":"https:\/\/www.urlaubcornwall.de\/blog\/die-unterschiede-zwischen-der-nord-sued-und-west-und-ost-von-schottland\/","title":{"rendered":"Die Unterschiede zwischen Nord-, S\u00fcd-, West &#038; Ost von Schottland"},"content":{"rendered":"<p><img loading=\"lazy\" class=\"aligncenter size-full wp-image-47803\" src=\"https:\/\/www.urlaubcornwall.de\/blog\/wp-content\/uploads\/2024\/03\/schottland-seen.jpg\" alt=\"schottland loch\" width=\"750\" height=\"500\" srcset=\"https:\/\/www.urlaubcornwall.de\/blog\/wp-content\/uploads\/2024\/03\/schottland-seen.jpg 750w, https:\/\/www.urlaubcornwall.de\/blog\/wp-content\/uploads\/2024\/03\/schottland-seen-300x200.jpg 300w\" sizes=\"(max-width: 750px) 100vw, 750px\" \/><\/p>\n<p><a href=\"https:\/\/www.urlaubcornwall.de\/reiseziel\/schottland.php\">Schottland ist eine Region mit einer reichen kulturellen Geschichte und abwechslungsreicher Landschaft<\/a>. Es gibt viele Unterschiede zwischen den Regionen im Norden, S\u00fcden, Westen und Osten Schottlands. Hier sind einige der Unterschiede:<\/p>\n<p><a href=\"https:\/\/www.urlaubcornwall.de\/ferienhaeuser-fewos\/sco\/nordschottland\/nordschottland.html\">Nord-Schottland<\/a>: Diese Region umfasst das Gebiet oberhalb von Inverness und ist bekannt f\u00fcr seine Wildnis, einsame Str\u00e4nde und dramatische Landschaften. Hier finden Sie auch die ber\u00fchmten North Coast 500 Stra\u00dfe und die Orkney-Inseln.<\/p>\n<p><a href=\"https:\/\/www.urlaubcornwall.de\/ferienhaeuser-fewos\/sco\/suedschottland\/suedschottland.html\">S\u00fcd-Schottland<\/a>: Diese Region erstreckt sich von <a href=\"https:\/\/www.urlaubcornwall.de\/ferienhaeuser-fewos\/sco\/zentralschottland\/edinburgh.html\">Edinburgh<\/a> bis zur englischen Grenze und ist bekannt f\u00fcr ihre historischen St\u00e4dte, Schl\u00f6sser und G\u00e4rten. Hier finden Sie auch die Scottish Borders und das Dumfries and Galloway Gebiet.<\/p>\n<p><a href=\"https:\/\/www.urlaubcornwall.de\/ferienhaeuser-fewos\/sco\/zentralschottland\/zentralschottland.html\">West-Schottland<\/a>: Die Westk\u00fcste Schottlands umfasst die K\u00fcstengebiete von Argyll und Bute bis zu den \u00c4u\u00dferen Hebriden. Diese Region ist bekannt f\u00fcr ihre zerkl\u00fcfteten Fjorde, abgelegenen Inseln und atemberaubende Landschaften.<\/p>\n<p>Ost-Schottland: Diese Region umfasst die <a href=\"https:\/\/www.urlaubcornwall.de\/ferienhaeuser-fewos\/sco\/zentralschottland\/edinburgh.html\">St\u00e4dte Edinburgh<\/a> und Dundee sowie das Gebiet um Aberdeen und ist bekannt f\u00fcr ihre reiche Geschichte, Burgen und Schl\u00f6sser sowie ihre malerischen K\u00fcstenst\u00e4dte.<\/p>\n<div class=\"snippet\"> <a class=\"featured-item\" href=\" https:\/\/www.urlaubcornwall.de\/ferienhaeuser-fewos\/sco\/schottland.html\"> <span class=\"image-holder\" style=\"background-image: url(' https:\/\/www.urlaubcornwall.de\/blog\/wp-content\/uploads\/2019\/01\/urlaub-schottland-highlands.jpg ');\"><\/span> <span class=\"featured-content\"> \n<h2 class=\"featured-title\">Bei uns finden Sie Ferienh\u00e4user in Schottland zum Verlieben!<\/h2>\n<p class=\"featured-body\">Untenstehend finden Sie eine Auswahl an Ferienh\u00e4usern in Schottland. Hier finden Sie pers\u00f6nlich inspizierte Cottages entlang der schottischen K\u00fcste, in den schottischen Highlands und auf den Inseln&#8230;..<\/p>\n<\/span> <span class=\"featured-link-holder\"> <span class=\"featured-extra-info\"> \n<p>F\u00fcr Paare, Familien &#038; Gruppen<\/p>\n<\/span> \n<p class=\"featured-link\">DETAILS<\/p>\n<\/span> <\/a><\/div>\n<div class=\"snippet\"> <a class=\"featured-item\" href=\" https:\/\/www.urlaubcornwall.de\/blog\/rundreisen-schottland\/\"> <span class=\"image-holder\" style=\"background-image: url(' https:\/\/www.urlaubcornwall.de\/blog\/wp-content\/uploads\/2019\/01\/rundreise-schottland.jpg ');\"><\/span> <span class=\"featured-content\"> \n<h2 class=\"featured-title\">Rundreise durch Schottland: mit dem Auto bereisen <\/h2>\n<p class=\"featured-body\">Urlaub in Schottland haben etwas f\u00fcr jeden Geschmack zu bieten \u2013 herrliche Sonnenunterg\u00e4nge \u00fcber magischen Inseln, wundersch\u00f6ne und dramatische K\u00fcstenstriche, tiefe, verborgene T\u00e4ler und eine unglaubliche Landschaft&#8230;<\/p>\n<\/span> <span class=\"featured-link-holder\"> <span class=\"featured-extra-info\"> \n<p>Ready Made Touren<\/p>\n<\/span> \n<p class=\"featured-link\">DETAILS<\/p>\n<\/span> <\/a><\/div>\n","protected":false},"excerpt":{"rendered":"<p>Schottland ist eine Region mit einer reichen kulturellen Geschichte und abwechslungsreicher Landschaft. Es gibt viele Unterschiede zwischen den Regionen im Norden, S\u00fcden, Westen und Osten Schottlands. Hier sind einige der Unterschiede: Nord-Schottland: Diese Region umfasst das Gebiet oberhalb von Inverness und ist bekannt f\u00fcr seine Wildnis, einsame Str\u00e4nde und dramatische Landschaften. Hier finden Sie auch [&hellip;]<\/p>\n","protected":false},"author":1,"featured_media":0,"parent":0,"menu_order":0,"comment_status":"closed","ping_status":"closed","template":"single-four.php","meta":[],"acf":[],"yoast_head":"<!-- This site is optimized with the Yoast SEO plugin v19.4 - https:\/\/yoast.com\/wordpress\/plugins\/seo\/ -->\n<title>Die Unterschiede zwischen Nord-, S\u00fcd-, West &amp; Ost von Schottland - Urlaub &amp; Reisen<\/title>\n<meta name=\"description\" content=\"Schottland ist eine Region mit einer reichen kulturellen Geschichte und abwechslungsreicher Landschaft. Es gibt viele Unterschiede\" \/>\n<meta name=\"robots\" content=\"index, follow, max-snippet:-1, max-image-preview:large, max-video-preview:-1\" \/>\n<link rel=\"canonical\" href=\"https:\/\/www.urlaubcornwall.de\/blog\/die-unterschiede-zwischen-der-nord-sued-und-west-und-ost-von-schottland\/\" \/>\n<meta property=\"og:locale\" content=\"en_US\" \/>\n<meta property=\"og:type\" content=\"article\" \/>\n<meta property=\"og:title\" content=\"Die Unterschiede zwischen Nord-, S\u00fcd-, West &amp; Ost von Schottland - Urlaub &amp; Reisen\" \/>\n<meta property=\"og:description\" content=\"Schottland ist eine Region mit einer reichen kulturellen Geschichte und abwechslungsreicher Landschaft. Es gibt viele Unterschiede\" \/>\n<meta property=\"og:url\" content=\"https:\/\/www.urlaubcornwall.de\/blog\/die-unterschiede-zwischen-der-nord-sued-und-west-und-ost-von-schottland\/\" \/>\n<meta property=\"og:site_name\" content=\"Urlaub &amp; Reisen\" \/>\n<meta property=\"article:modified_time\" content=\"2024-04-15T14:19:15+00:00\" \/>\n<meta property=\"og:image\" content=\"https:\/\/www.urlaubcornwall.de\/blog\/wp-content\/uploads\/2024\/03\/schottland-seen.jpg\" \/>\n<meta name=\"twitter:card\" content=\"summary\" \/>\n<meta name=\"twitter:label1\" content=\"Est. reading time\" \/>\n\t<meta name=\"twitter:data1\" content=\"2 minutes\" \/>\n<script type=\"application\/ld+json\" class=\"yoast-schema-graph\">{\"@context\":\"https:\/\/schema.org\",\"@graph\":[{\"@type\":\"WebSite\",\"@id\":\"https:\/\/www.urlaubcornwall.de\/blog\/#website\",\"url\":\"https:\/\/www.urlaubcornwall.de\/blog\/\",\"name\":\"Urlaub &amp; Reisen\",\"description\":\"Urlaub, Reisen, Cornwall und S\u00fcdengland: eine perfekte Kombination\",\"potentialAction\":[{\"@type\":\"SearchAction\",\"target\":{\"@type\":\"EntryPoint\",\"urlTemplate\":\"https:\/\/www.urlaubcornwall.de\/blog\/?s={search_term_string}\"},\"query-input\":\"required name=search_term_string\"}],\"inLanguage\":\"en-US\"},{\"@type\":\"WebPage\",\"@id\":\"https:\/\/www.urlaubcornwall.de\/blog\/die-unterschiede-zwischen-der-nord-sued-und-west-und-ost-von-schottland\/\",\"url\":\"https:\/\/www.urlaubcornwall.de\/blog\/die-unterschiede-zwischen-der-nord-sued-und-west-und-ost-von-schottland\/\",\"name\":\"Die Unterschiede zwischen Nord-, S\u00fcd-, West & Ost von Schottland - Urlaub &amp; Reisen\",\"isPartOf\":{\"@id\":\"https:\/\/www.urlaubcornwall.de\/blog\/#website\"},\"datePublished\":\"2023-04-14T15:46:55+00:00\",\"dateModified\":\"2024-04-15T14:19:15+00:00\",\"description\":\"Schottland ist eine Region mit einer reichen kulturellen Geschichte und abwechslungsreicher Landschaft. Es gibt viele Unterschiede\",\"breadcrumb\":{\"@id\":\"https:\/\/www.urlaubcornwall.de\/blog\/die-unterschiede-zwischen-der-nord-sued-und-west-und-ost-von-schottland\/#breadcrumb\"},\"inLanguage\":\"en-US\",\"potentialAction\":[{\"@type\":\"ReadAction\",\"target\":[\"https:\/\/www.urlaubcornwall.de\/blog\/die-unterschiede-zwischen-der-nord-sued-und-west-und-ost-von-schottland\/\"]}]},{\"@type\":\"BreadcrumbList\",\"@id\":\"https:\/\/www.urlaubcornwall.de\/blog\/die-unterschiede-zwischen-der-nord-sued-und-west-und-ost-von-schottland\/#breadcrumb\",\"itemListElement\":[{\"@type\":\"ListItem\",\"position\":1,\"name\":\"Home\",\"item\":\"https:\/\/www.urlaubcornwall.de\/blog\/\"},{\"@type\":\"ListItem\",\"position\":2,\"name\":\"Die Unterschiede zwischen Nord-, S\u00fcd-, West &#038; Ost von Schottland\"}]}]}<\/script>\n<!-- \/ Yoast SEO plugin. -->","yoast_head_json":{"title":"Die Unterschiede zwischen Nord-, S\u00fcd-, West & Ost von Schottland - Urlaub &amp; Reisen","description":"Schottland ist eine Region mit einer reichen kulturellen Geschichte und abwechslungsreicher Landschaft. Es gibt viele Unterschiede","robots":{"index":"index","follow":"follow","max-snippet":"max-snippet:-1","max-image-preview":"max-image-preview:large","max-video-preview":"max-video-preview:-1"},"canonical":"https:\/\/www.urlaubcornwall.de\/blog\/die-unterschiede-zwischen-der-nord-sued-und-west-und-ost-von-schottland\/","og_locale":"en_US","og_type":"article","og_title":"Die Unterschiede zwischen Nord-, S\u00fcd-, West & Ost von Schottland - Urlaub &amp; Reisen","og_description":"Schottland ist eine Region mit einer reichen kulturellen Geschichte und abwechslungsreicher Landschaft. Es gibt viele Unterschiede","og_url":"https:\/\/www.urlaubcornwall.de\/blog\/die-unterschiede-zwischen-der-nord-sued-und-west-und-ost-von-schottland\/","og_site_name":"Urlaub &amp; Reisen","article_modified_time":"2024-04-15T14:19:15+00:00","og_image":[{"url":"https:\/\/www.urlaubcornwall.de\/blog\/wp-content\/uploads\/2024\/03\/schottland-seen.jpg"}],"twitter_card":"summary","twitter_misc":{"Est. reading time":"2 minutes"},"schema":{"@context":"https:\/\/schema.org","@graph":[{"@type":"WebSite","@id":"https:\/\/www.urlaubcornwall.de\/blog\/#website","url":"https:\/\/www.urlaubcornwall.de\/blog\/","name":"Urlaub &amp; Reisen","description":"Urlaub, Reisen, Cornwall und S\u00fcdengland: eine perfekte Kombination","potentialAction":[{"@type":"SearchAction","target":{"@type":"EntryPoint","urlTemplate":"https:\/\/www.urlaubcornwall.de\/blog\/?s={search_term_string}"},"query-input":"required name=search_term_string"}],"inLanguage":"en-US"},{"@type":"WebPage","@id":"https:\/\/www.urlaubcornwall.de\/blog\/die-unterschiede-zwischen-der-nord-sued-und-west-und-ost-von-schottland\/","url":"https:\/\/www.urlaubcornwall.de\/blog\/die-unterschiede-zwischen-der-nord-sued-und-west-und-ost-von-schottland\/","name":"Die Unterschiede zwischen Nord-, S\u00fcd-, West & Ost von Schottland - Urlaub &amp; Reisen","isPartOf":{"@id":"https:\/\/www.urlaubcornwall.de\/blog\/#website"},"datePublished":"2023-04-14T15:46:55+00:00","dateModified":"2024-04-15T14:19:15+00:00","description":"Schottland ist eine Region mit einer reichen kulturellen Geschichte und abwechslungsreicher Landschaft. Es gibt viele Unterschiede","breadcrumb":{"@id":"https:\/\/www.urlaubcornwall.de\/blog\/die-unterschiede-zwischen-der-nord-sued-und-west-und-ost-von-schottland\/#breadcrumb"},"inLanguage":"en-US","potentialAction":[{"@type":"ReadAction","target":["https:\/\/www.urlaubcornwall.de\/blog\/die-unterschiede-zwischen-der-nord-sued-und-west-und-ost-von-schottland\/"]}]},{"@type":"BreadcrumbList","@id":"https:\/\/www.urlaubcornwall.de\/blog\/die-unterschiede-zwischen-der-nord-sued-und-west-und-ost-von-schottland\/#breadcrumb","itemListElement":[{"@type":"ListItem","position":1,"name":"Home","item":"https:\/\/www.urlaubcornwall.de\/blog\/"},{"@type":"ListItem","position":2,"name":"Die Unterschiede zwischen Nord-, S\u00fcd-, West &#038; Ost von Schottland"}]}]}},"_links":{"self":[{"href":"https:\/\/www.urlaubcornwall.de\/blog\/wp-json\/wp\/v2\/pages\/46195"}],"collection":[{"href":"https:\/\/www.urlaubcornwall.de\/blog\/wp-json\/wp\/v2\/pages"}],"about":[{"href":"https:\/\/www.urlaubcornwall.de\/blog\/wp-json\/wp\/v2\/types\/page"}],"author":[{"embeddable":true,"href":"https:\/\/www.urlaubcornwall.de\/blog\/wp-json\/wp\/v2\/users\/1"}],"replies":[{"embeddable":true,"href":"https:\/\/www.urlaubcornwall.de\/blog\/wp-json\/wp\/v2\/comments?post=46195"}],"version-history":[{"count":5,"href":"https:\/\/www.urlaubcornwall.de\/blog\/wp-json\/wp\/v2\/pages\/46195\/revisions"}],"predecessor-version":[{"id":49518,"href":"https:\/\/www.urlaubcornwall.de\/blog\/wp-json\/wp\/v2\/pages\/46195\/revisions\/49518"}],"wp:attachment":[{"href":"https:\/\/www.urlaubcornwall.de\/blog\/wp-json\/wp\/v2\/media?parent=46195"}],"curies":[{"name":"wp","href":"https:\/\/api.w.org\/{rel}","templated":true}]}}