{"id":46193,"date":"2023-04-14T15:26:59","date_gmt":"2023-04-14T15:26:59","guid":{"rendered":"https:\/\/www.urlaubcornwall.de\/blog\/?page_id=46193"},"modified":"2024-03-08T13:24:29","modified_gmt":"2024-03-08T13:24:29","slug":"was-sind-die-highlights-einer-rundreise-nach-wales","status":"publish","type":"page","link":"https:\/\/www.urlaubcornwall.de\/blog\/was-sind-die-highlights-einer-rundreise-nach-wales\/","title":{"rendered":"Was sind die Highlights einer Rundreise nach Wales?"},"content":{"rendered":"<p><img loading=\"lazy\" class=\"aligncenter size-full wp-image-47946\" src=\"https:\/\/www.urlaubcornwall.de\/blog\/wp-content\/uploads\/2024\/03\/Snowdon-Caernarfon.jpg\" alt=\"Snowdon, Caernarfon\" width=\"750\" height=\"500\" srcset=\"https:\/\/www.urlaubcornwall.de\/blog\/wp-content\/uploads\/2024\/03\/Snowdon-Caernarfon.jpg 750w, https:\/\/www.urlaubcornwall.de\/blog\/wp-content\/uploads\/2024\/03\/Snowdon-Caernarfon-300x200.jpg 300w\" sizes=\"(max-width: 750px) 100vw, 750px\" \/><\/p>\n<p><a href=\"https:\/\/www.urlaubcornwall.de\/reiseziel\/wales.php\">Wales ist ein wundersch\u00f6nes Reiseziel<\/a> mit vielen Highlights, die man besuchen kann. Hier sind einige der wichtigsten Highlights <a href=\"https:\/\/www.urlaubcornwall.de\/blog\/rundreisen-england-wales\/\">einer Rundreise durch Wales<\/a>:<\/p>\n<p>Snowdonia National Park: <a href=\"https:\/\/www.urlaubcornwall.de\/blog\/urlaub-in-snowdonia-sehenswuerdigkeiten-und-unterkunft\/\">Snowdonia ist der gr\u00f6\u00dfte Nationalpark in Wales<\/a> und bekannt f\u00fcr seine atemberaubende Landschaft. Hier k\u00f6nnen Sie wandern, Rad fahren, angeln oder einfach die atemberaubende Landschaft genie\u00dfen.<\/p>\n<p>Cardiff: <a href=\"https:\/\/www.urlaubcornwall.de\/blog\/urlaub-in-cardiff-sehenswuerdigkeiten-geschichte-und-unterkunft\/\">Cardiff ist die Hauptstadt von Wales<\/a> und bietet eine Mischung aus modernen Sehensw\u00fcrdigkeiten und historischen Geb\u00e4uden wie dem Cardiff Castle. Hier finden Sie auch viele Restaurants, Bars und Einkaufsm\u00f6glichkeiten.<\/p>\n<p>Brecon Beacons National Park: Der <a href=\"https:\/\/www.urlaubcornwall.de\/blog\/urlaub-brecon-beacons-mittelwales-sehenswuerdigkeiten-und-unterkunft\/\">Brecon Beacons National Park<\/a> ist bekannt f\u00fcr seine sanften H\u00fcgel, Wasserf\u00e4lle und atemberaubende Aussichten. Hier k\u00f6nnen Sie wandern, Rad fahren oder klettern.<\/p>\n<p><a href=\"https:\/\/www.urlaubcornwall.de\/blog\/der-pembrokeshire-kuesten-nationalpark\/\">Pembrokeshire Coast National Park<\/a>: Der Nationalpark umfasst 300 Kilometer der wundersch\u00f6nen K\u00fcstenlinie von Wales. Hier k\u00f6nnen Sie wandern, Rad fahren, schwimmen oder die Aussicht auf den Atlantik genie\u00dfen.<\/p>\n<p>Die Kultur von Wales: Wales hat eine reiche Kultur, die von der walisischen Sprache, Musik und Traditionen gepr\u00e4gt ist. Besuchen Sie das National Museum Cardiff, um mehr \u00fcber die Kultur von Wales zu erfahren.<\/p>\n<p>St. Davids: St. Davids ist die kleinste Stadt in Gro\u00dfbritannien und ist bekannt f\u00fcr seine atemberaubende Kathedrale und seine idyllische Lage am Meer.<\/p>\n<p>Die walisische K\u00fcche: Probieren Sie die lokalen Spezialit\u00e4ten von Wales, darunter Cawl (ein traditioneller Eintopf), Welsh Rarebit (ger\u00f6steter K\u00e4se auf Toast) und Bara Brith (ein traditionelles Fruchtbrot).<\/p>\n<p>Conwy: Conwy ist eine historische Stadt im <a href=\"https:\/\/www.urlaubcornwall.de\/blog\/urlaub-llandudno-und-colwyn-bay-nordkueste-wales-sehenswuerdigkeiten-und-unterkunft\/\">Norden von Wales<\/a> und bekannt f\u00fcr ihre Stadtmauern, die Burg von Conwy und die atemberaubende Aussicht auf das Meer.<\/p>\n<h1>Unser Rundreisenservice f\u00fcr Wales<\/h1>\n<p>Weshalb \u00fcber uns buchen?<\/p>\n<p>Firmensitz in Cornwall und ein Team Deutsch sprechender Reisespezialisten.<\/p>\n<p>Wir haben eine Leidenschaft f\u00fcrs Reisen und gestalten den perfekten Urlaub.<\/p>\n<p>Ortskenntnisse und Insidertipps f\u00fcr unsere Kunden.<\/p>\n<p>Sonderangebote und Preisnachl\u00e4sse<\/p>\n<p>S\u00e4mtliche unserer Rundreisen sind durch einen voll versicherten deutschen Reiseveranstalter gesichert.<\/p>\n<p style=\"text-align: center;\"><a class=\"tidycta\" href=\"https:\/\/www.urlaubcornwall.de\/blog\/rundreisen-england-wales\/\"> Mehr Info<\/a><\/p>\n<div class=\"snippet\"> <a class=\"featured-item\" href=\" https:\/\/www.urlaubcornwall.de\/ferienhaeuser\/wales.php\"> <span class=\"image-holder\" style=\"background-image: url(' https:\/\/www.urlaubcornwall.de\/blog\/wp-content\/uploads\/2018\/12\/busreisen-wales-england.jpg');\"><\/span> <span class=\"featured-content\"> \n<h2 class=\"featured-title\">Bei uns finden Sie Ferienh\u00e4user in Wales zum Verlieben!<\/h2>\n<p class=\"featured-body\">Untenstehend finden Sie eine Auswahl an Selbstversorger-Ferienh\u00e4usern in Wales. Hier finden Sie handverlesene, pers\u00f6nlich inspizierte Cottages entlang der walisischen K\u00fcste&#8230;..<\/p>\n<\/span> <span class=\"featured-link-holder\"> <span class=\"featured-extra-info\"> \n<p>F\u00fcr Paare, Familien &#038; Gruppen<\/p>\n<\/span> \n<p class=\"featured-link\">DETAILS<\/p>\n<\/span> <\/a><\/div>\n<p>UrlaubCornwall.de hat eine einzigartige Sammlung pers\u00f6nlich inspizierter Ferienh\u00e4user und Ferienwohnungen in Wales, <a href=\"https:\/\/www.urlaubcornwall.de\/ferienhaeuser\/suedengland.php\">S\u00fcdengland<\/a> und nun auch im gesamten Gro\u00dfbritannien. <\/p>\n","protected":false},"excerpt":{"rendered":"<p>Wales ist ein wundersch\u00f6nes Reiseziel mit vielen Highlights, die man besuchen kann. Hier sind einige der wichtigsten Highlights einer Rundreise durch Wales: Snowdonia National Park: Snowdonia ist der gr\u00f6\u00dfte Nationalpark in Wales und bekannt f\u00fcr seine atemberaubende Landschaft. Hier k\u00f6nnen Sie wandern, Rad fahren, angeln oder einfach die atemberaubende Landschaft genie\u00dfen. Cardiff: Cardiff ist die [&hellip;]<\/p>\n","protected":false},"author":1,"featured_media":0,"parent":0,"menu_order":0,"comment_status":"closed","ping_status":"closed","template":"single-four.php","meta":[],"acf":[],"yoast_head":"<!-- This site is optimized with the Yoast SEO plugin v19.4 - https:\/\/yoast.com\/wordpress\/plugins\/seo\/ -->\n<title>Was sind die Highlights einer Rundreise nach Wales? - Urlaub &amp; Reisen<\/title>\n<meta name=\"robots\" content=\"index, follow, max-snippet:-1, max-image-preview:large, max-video-preview:-1\" \/>\n<link rel=\"canonical\" href=\"https:\/\/www.urlaubcornwall.de\/blog\/was-sind-die-highlights-einer-rundreise-nach-wales\/\" \/>\n<meta property=\"og:locale\" content=\"en_US\" \/>\n<meta property=\"og:type\" content=\"article\" \/>\n<meta property=\"og:title\" content=\"Was sind die Highlights einer Rundreise nach Wales? - Urlaub &amp; Reisen\" \/>\n<meta property=\"og:description\" content=\"Wales ist ein wundersch\u00f6nes Reiseziel mit vielen Highlights, die man besuchen kann. Hier sind einige der wichtigsten Highlights einer Rundreise durch Wales: Snowdonia National Park: Snowdonia ist der gr\u00f6\u00dfte Nationalpark in Wales und bekannt f\u00fcr seine atemberaubende Landschaft. Hier k\u00f6nnen Sie wandern, Rad fahren, angeln oder einfach die atemberaubende Landschaft genie\u00dfen. Cardiff: Cardiff ist die [&hellip;]\" \/>\n<meta property=\"og:url\" content=\"https:\/\/www.urlaubcornwall.de\/blog\/was-sind-die-highlights-einer-rundreise-nach-wales\/\" \/>\n<meta property=\"og:site_name\" content=\"Urlaub &amp; Reisen\" \/>\n<meta property=\"article:modified_time\" content=\"2024-03-08T13:24:29+00:00\" \/>\n<meta property=\"og:image\" content=\"https:\/\/www.urlaubcornwall.de\/blog\/wp-content\/uploads\/2024\/03\/Snowdon-Caernarfon.jpg\" \/>\n<meta name=\"twitter:card\" content=\"summary\" \/>\n<meta name=\"twitter:label1\" content=\"Est. reading time\" \/>\n\t<meta name=\"twitter:data1\" content=\"2 minutes\" \/>\n<script type=\"application\/ld+json\" class=\"yoast-schema-graph\">{\"@context\":\"https:\/\/schema.org\",\"@graph\":[{\"@type\":\"WebSite\",\"@id\":\"https:\/\/www.urlaubcornwall.de\/blog\/#website\",\"url\":\"https:\/\/www.urlaubcornwall.de\/blog\/\",\"name\":\"Urlaub &amp; Reisen\",\"description\":\"Urlaub, Reisen, Cornwall und S\u00fcdengland: eine perfekte Kombination\",\"potentialAction\":[{\"@type\":\"SearchAction\",\"target\":{\"@type\":\"EntryPoint\",\"urlTemplate\":\"https:\/\/www.urlaubcornwall.de\/blog\/?s={search_term_string}\"},\"query-input\":\"required name=search_term_string\"}],\"inLanguage\":\"en-US\"},{\"@type\":\"WebPage\",\"@id\":\"https:\/\/www.urlaubcornwall.de\/blog\/was-sind-die-highlights-einer-rundreise-nach-wales\/\",\"url\":\"https:\/\/www.urlaubcornwall.de\/blog\/was-sind-die-highlights-einer-rundreise-nach-wales\/\",\"name\":\"Was sind die Highlights einer Rundreise nach Wales? - Urlaub &amp; Reisen\",\"isPartOf\":{\"@id\":\"https:\/\/www.urlaubcornwall.de\/blog\/#website\"},\"datePublished\":\"2023-04-14T15:26:59+00:00\",\"dateModified\":\"2024-03-08T13:24:29+00:00\",\"breadcrumb\":{\"@id\":\"https:\/\/www.urlaubcornwall.de\/blog\/was-sind-die-highlights-einer-rundreise-nach-wales\/#breadcrumb\"},\"inLanguage\":\"en-US\",\"potentialAction\":[{\"@type\":\"ReadAction\",\"target\":[\"https:\/\/www.urlaubcornwall.de\/blog\/was-sind-die-highlights-einer-rundreise-nach-wales\/\"]}]},{\"@type\":\"BreadcrumbList\",\"@id\":\"https:\/\/www.urlaubcornwall.de\/blog\/was-sind-die-highlights-einer-rundreise-nach-wales\/#breadcrumb\",\"itemListElement\":[{\"@type\":\"ListItem\",\"position\":1,\"name\":\"Home\",\"item\":\"https:\/\/www.urlaubcornwall.de\/blog\/\"},{\"@type\":\"ListItem\",\"position\":2,\"name\":\"Was sind die Highlights einer Rundreise nach Wales?\"}]}]}<\/script>\n<!-- \/ Yoast SEO plugin. -->","yoast_head_json":{"title":"Was sind die Highlights einer Rundreise nach Wales? - Urlaub &amp; Reisen","robots":{"index":"index","follow":"follow","max-snippet":"max-snippet:-1","max-image-preview":"max-image-preview:large","max-video-preview":"max-video-preview:-1"},"canonical":"https:\/\/www.urlaubcornwall.de\/blog\/was-sind-die-highlights-einer-rundreise-nach-wales\/","og_locale":"en_US","og_type":"article","og_title":"Was sind die Highlights einer Rundreise nach Wales? - Urlaub &amp; Reisen","og_description":"Wales ist ein wundersch\u00f6nes Reiseziel mit vielen Highlights, die man besuchen kann. Hier sind einige der wichtigsten Highlights einer Rundreise durch Wales: Snowdonia National Park: Snowdonia ist der gr\u00f6\u00dfte Nationalpark in Wales und bekannt f\u00fcr seine atemberaubende Landschaft. Hier k\u00f6nnen Sie wandern, Rad fahren, angeln oder einfach die atemberaubende Landschaft genie\u00dfen. Cardiff: Cardiff ist die [&hellip;]","og_url":"https:\/\/www.urlaubcornwall.de\/blog\/was-sind-die-highlights-einer-rundreise-nach-wales\/","og_site_name":"Urlaub &amp; Reisen","article_modified_time":"2024-03-08T13:24:29+00:00","og_image":[{"url":"https:\/\/www.urlaubcornwall.de\/blog\/wp-content\/uploads\/2024\/03\/Snowdon-Caernarfon.jpg"}],"twitter_card":"summary","twitter_misc":{"Est. reading time":"2 minutes"},"schema":{"@context":"https:\/\/schema.org","@graph":[{"@type":"WebSite","@id":"https:\/\/www.urlaubcornwall.de\/blog\/#website","url":"https:\/\/www.urlaubcornwall.de\/blog\/","name":"Urlaub &amp; Reisen","description":"Urlaub, Reisen, Cornwall und S\u00fcdengland: eine perfekte Kombination","potentialAction":[{"@type":"SearchAction","target":{"@type":"EntryPoint","urlTemplate":"https:\/\/www.urlaubcornwall.de\/blog\/?s={search_term_string}"},"query-input":"required name=search_term_string"}],"inLanguage":"en-US"},{"@type":"WebPage","@id":"https:\/\/www.urlaubcornwall.de\/blog\/was-sind-die-highlights-einer-rundreise-nach-wales\/","url":"https:\/\/www.urlaubcornwall.de\/blog\/was-sind-die-highlights-einer-rundreise-nach-wales\/","name":"Was sind die Highlights einer Rundreise nach Wales? - Urlaub &amp; Reisen","isPartOf":{"@id":"https:\/\/www.urlaubcornwall.de\/blog\/#website"},"datePublished":"2023-04-14T15:26:59+00:00","dateModified":"2024-03-08T13:24:29+00:00","breadcrumb":{"@id":"https:\/\/www.urlaubcornwall.de\/blog\/was-sind-die-highlights-einer-rundreise-nach-wales\/#breadcrumb"},"inLanguage":"en-US","potentialAction":[{"@type":"ReadAction","target":["https:\/\/www.urlaubcornwall.de\/blog\/was-sind-die-highlights-einer-rundreise-nach-wales\/"]}]},{"@type":"BreadcrumbList","@id":"https:\/\/www.urlaubcornwall.de\/blog\/was-sind-die-highlights-einer-rundreise-nach-wales\/#breadcrumb","itemListElement":[{"@type":"ListItem","position":1,"name":"Home","item":"https:\/\/www.urlaubcornwall.de\/blog\/"},{"@type":"ListItem","position":2,"name":"Was sind die Highlights einer Rundreise nach Wales?"}]}]}},"_links":{"self":[{"href":"https:\/\/www.urlaubcornwall.de\/blog\/wp-json\/wp\/v2\/pages\/46193"}],"collection":[{"href":"https:\/\/www.urlaubcornwall.de\/blog\/wp-json\/wp\/v2\/pages"}],"about":[{"href":"https:\/\/www.urlaubcornwall.de\/blog\/wp-json\/wp\/v2\/types\/page"}],"author":[{"embeddable":true,"href":"https:\/\/www.urlaubcornwall.de\/blog\/wp-json\/wp\/v2\/users\/1"}],"replies":[{"embeddable":true,"href":"https:\/\/www.urlaubcornwall.de\/blog\/wp-json\/wp\/v2\/comments?post=46193"}],"version-history":[{"count":6,"href":"https:\/\/www.urlaubcornwall.de\/blog\/wp-json\/wp\/v2\/pages\/46193\/revisions"}],"predecessor-version":[{"id":47956,"href":"https:\/\/www.urlaubcornwall.de\/blog\/wp-json\/wp\/v2\/pages\/46193\/revisions\/47956"}],"wp:attachment":[{"href":"https:\/\/www.urlaubcornwall.de\/blog\/wp-json\/wp\/v2\/media?parent=46193"}],"curies":[{"name":"wp","href":"https:\/\/api.w.org\/{rel}","templated":true}]}}