{"id":46191,"date":"2023-04-14T15:34:00","date_gmt":"2023-04-14T15:34:00","guid":{"rendered":"https:\/\/www.urlaubcornwall.de\/blog\/?page_id=46191"},"modified":"2024-04-15T14:26:48","modified_gmt":"2024-04-15T14:26:48","slug":"was-sind-die-highlights-einer-rundreise-nach-schottland","status":"publish","type":"page","link":"https:\/\/www.urlaubcornwall.de\/blog\/was-sind-die-highlights-einer-rundreise-nach-schottland\/","title":{"rendered":"Was sind die Highlights einer Rundreise nach Schottland?"},"content":{"rendered":"<p><img loading=\"lazy\" class=\"aligncenter size-full wp-image-48099\" src=\"https:\/\/www.urlaubcornwall.de\/blog\/wp-content\/uploads\/2024\/03\/plockton.jpg\" alt=\"plockton\" width=\"750\" height=\"563\" srcset=\"https:\/\/www.urlaubcornwall.de\/blog\/wp-content\/uploads\/2024\/03\/plockton.jpg 750w, https:\/\/www.urlaubcornwall.de\/blog\/wp-content\/uploads\/2024\/03\/plockton-300x225.jpg 300w\" sizes=\"(max-width: 750px) 100vw, 750px\" \/><\/p>\n<p><a href=\"https:\/\/www.urlaubcornwall.de\/reiseziel\/schottland.php\">Schottland<\/a> hat viele Highlights zu bieten, die es zu einem unvergesslichen Reiseziel machen. Hier sind einige der H\u00f6hepunkte <a href=\"https:\/\/www.urlaubcornwall.de\/blog\/rundreisen-schottland\/\">einer Rundreise durch Schottland<\/a>:<\/p>\n<p>Edinburgh: <a href=\"https:\/\/www.urlaubcornwall.de\/blog\/reisetipps-fuer-edinburgh-unsere-top-10-sie-sie-sehen-und-erleben-sollten\/\">Die schottische Hauptstadt<\/a> ist bekannt f\u00fcr ihre beeindruckende Architektur und Geschichte. Besuchen Sie das Edinburgh Castle, spazieren Sie auf der Royal Mile und genie\u00dfen Sie das lebhafte Nachtleben der Stadt.<\/p>\n<p>Die schottischen Highlands: Die spektakul\u00e4re Landschaft der Highlands bietet eine F\u00fclle von Outdoor-Aktivit\u00e4ten wie Wandern, Angeln und Wildtierbeobachtungen. Besuchen Sie die Lochs, die T\u00e4ler und die Berggipfel, die Schottland zu einem der sch\u00f6nsten L\u00e4nder Europas machen.<\/p>\n<p><a href=\"https:\/\/www.urlaubcornwall.de\/blog\/urlaub-insel-skye-sehenswuerdigkeiten-geschichte-und-unterkunft\/\">Isle of Skye<\/a>: Die Insel ist bekannt f\u00fcr ihre atemberaubende Landschaft, darunter die spektakul\u00e4ren Felsformationen der Quiraing und die ber\u00fchmte Burg Eilean Donan.<\/p>\n<p>Die schottischen Whisky-Destillerien: Schottland ist weltber\u00fchmt f\u00fcr seine Whiskys, und es gibt viele Destillerien, die man besuchen kann, um mehr \u00fcber die Herstellung und Geschichte dieses Getr\u00e4nks zu erfahren.<\/p>\n<p>Loch Ness: Der ber\u00fchmte See ist bekannt f\u00fcr das mysteri\u00f6se Ungeheuer, das angeblich in seinen Tiefen lebt. Besuchen Sie das Loch Ness Centre and Exhibition, um mehr \u00fcber die <a href=\"https:\/\/www.urlaubcornwall.de\/blog\/top-10-wunderschoene-schottische-lochs-urlaubstipps-schottland\/\">Geschichte und Legenden des Sees<\/a> zu erfahren.<\/p>\n<p>Die schottischen Schl\u00f6sser: Schottland ist voller beeindruckender Schl\u00f6sser und Burgen, darunter das Stirling Castle, das <a href=\"https:\/\/www.urlaubcornwall.de\/blog\/reisetipps-fuer-edinburgh-unsere-top-10-sie-sie-sehen-und-erleben-sollten\/\">Edinburgh Castle <\/a>und das Blair Castle.<\/p>\n<p>Die schottische K\u00fcche: Schottland ist bekannt f\u00fcr seine traditionelle K\u00fcche, darunter Haggis, Neeps und Tatties sowie Fish and Chips. Probieren Sie auch die lokalen Spezialit\u00e4ten wie Cullen Skink und Cranachan.<\/p>\n<p><a href=\"https:\/\/www.urlaubcornwall.de\/ferienhaeuser-fewos\/sco\/schottische-inseln\/schottische-inseln.html\">Die schottischen Inseln<\/a>: Schottland hat viele sch\u00f6ne Inseln, darunter die Orkney-Inseln, die Shetland-Inseln und die Hebriden.<\/p>\n<h1>Unser Rundreisenservice f\u00fcr Schottland<\/h1>\n<p>Weshalb \u00fcber uns buchen?<\/p>\n<p>Firmensitz in Cornwall und ein Team Deutsch sprechender Reisespezialisten.<\/p>\n<p>Wir haben eine Leidenschaft f\u00fcrs Reisen und gestalten den perfekten Urlaub.<\/p>\n<p>Ortskenntnisse und Insidertipps f\u00fcr unsere Kunden.<\/p>\n<p>Sonderangebote und Preisnachl\u00e4sse<\/p>\n<p>S\u00e4mtliche unserer Rundreisen sind durch einen voll versicherten deutschen Reiseveranstalter gesichert.<\/p>\n<p style=\"text-align: center;\"><a class=\"tidycta\" href=\"https:\/\/www.urlaubcornwall.de\/blog\/rundreisen-schottland\/\"> Mehr Info<\/a><\/p>\n<div class=\"snippet\"> <a class=\"featured-item\" href=\" https:\/\/www.urlaubcornwall.de\/ferienhaeuser\/schottland.php\"> <span class=\"image-holder\" style=\"background-image: url(' https:\/\/www.urlaubcornwall.de\/blog\/wp-content\/uploads\/2019\/01\/urlaub-schottland-highlands.jpg ');\"><\/span> <span class=\"featured-content\"> \n<h2 class=\"featured-title\">Bei uns finden Sie Ferienh\u00e4user in Schottland zum Verlieben!<\/h2>\n<p class=\"featured-body\">Untenstehend finden Sie eine Auswahl an Ferienh\u00e4usern in Schottland. Hier finden Sie pers\u00f6nlich inspizierte Cottages entlang der schottischen K\u00fcste, in den schottischen Highlands und auf den Inseln&#8230;..<\/p>\n<\/span> <span class=\"featured-link-holder\"> <span class=\"featured-extra-info\"> \n<p>F\u00fcr Paare, Familien &#038; Gruppen<\/p>\n<\/span> \n<p class=\"featured-link\">DETAILS<\/p>\n<\/span> <\/a><\/div>\n","protected":false},"excerpt":{"rendered":"<p>Schottland hat viele Highlights zu bieten, die es zu einem unvergesslichen Reiseziel machen. Hier sind einige der H\u00f6hepunkte einer Rundreise durch Schottland: Edinburgh: Die schottische Hauptstadt ist bekannt f\u00fcr ihre beeindruckende Architektur und Geschichte. Besuchen Sie das Edinburgh Castle, spazieren Sie auf der Royal Mile und genie\u00dfen Sie das lebhafte Nachtleben der Stadt. Die schottischen [&hellip;]<\/p>\n","protected":false},"author":1,"featured_media":0,"parent":0,"menu_order":0,"comment_status":"closed","ping_status":"closed","template":"single-four.php","meta":[],"acf":[],"yoast_head":"<!-- This site is optimized with the Yoast SEO plugin v19.4 - https:\/\/yoast.com\/wordpress\/plugins\/seo\/ -->\n<title>Was sind die Highlights einer Rundreise nach Schottland? - Urlaub &amp; Reisen<\/title>\n<meta name=\"robots\" content=\"index, follow, max-snippet:-1, max-image-preview:large, max-video-preview:-1\" \/>\n<link rel=\"canonical\" href=\"https:\/\/www.urlaubcornwall.de\/blog\/was-sind-die-highlights-einer-rundreise-nach-schottland\/\" \/>\n<meta property=\"og:locale\" content=\"en_US\" \/>\n<meta property=\"og:type\" content=\"article\" \/>\n<meta property=\"og:title\" content=\"Was sind die Highlights einer Rundreise nach Schottland? - Urlaub &amp; Reisen\" \/>\n<meta property=\"og:description\" content=\"Schottland hat viele Highlights zu bieten, die es zu einem unvergesslichen Reiseziel machen. Hier sind einige der H\u00f6hepunkte einer Rundreise durch Schottland: Edinburgh: Die schottische Hauptstadt ist bekannt f\u00fcr ihre beeindruckende Architektur und Geschichte. Besuchen Sie das Edinburgh Castle, spazieren Sie auf der Royal Mile und genie\u00dfen Sie das lebhafte Nachtleben der Stadt. Die schottischen [&hellip;]\" \/>\n<meta property=\"og:url\" content=\"https:\/\/www.urlaubcornwall.de\/blog\/was-sind-die-highlights-einer-rundreise-nach-schottland\/\" \/>\n<meta property=\"og:site_name\" content=\"Urlaub &amp; Reisen\" \/>\n<meta property=\"article:modified_time\" content=\"2024-04-15T14:26:48+00:00\" \/>\n<meta property=\"og:image\" content=\"https:\/\/www.urlaubcornwall.de\/blog\/wp-content\/uploads\/2024\/03\/plockton.jpg\" \/>\n<meta name=\"twitter:card\" content=\"summary\" \/>\n<meta name=\"twitter:label1\" content=\"Est. reading time\" \/>\n\t<meta name=\"twitter:data1\" content=\"2 minutes\" \/>\n<script type=\"application\/ld+json\" class=\"yoast-schema-graph\">{\"@context\":\"https:\/\/schema.org\",\"@graph\":[{\"@type\":\"WebSite\",\"@id\":\"https:\/\/www.urlaubcornwall.de\/blog\/#website\",\"url\":\"https:\/\/www.urlaubcornwall.de\/blog\/\",\"name\":\"Urlaub &amp; Reisen\",\"description\":\"Urlaub, Reisen, Cornwall und S\u00fcdengland: eine perfekte Kombination\",\"potentialAction\":[{\"@type\":\"SearchAction\",\"target\":{\"@type\":\"EntryPoint\",\"urlTemplate\":\"https:\/\/www.urlaubcornwall.de\/blog\/?s={search_term_string}\"},\"query-input\":\"required name=search_term_string\"}],\"inLanguage\":\"en-US\"},{\"@type\":\"WebPage\",\"@id\":\"https:\/\/www.urlaubcornwall.de\/blog\/was-sind-die-highlights-einer-rundreise-nach-schottland\/\",\"url\":\"https:\/\/www.urlaubcornwall.de\/blog\/was-sind-die-highlights-einer-rundreise-nach-schottland\/\",\"name\":\"Was sind die Highlights einer Rundreise nach Schottland? - Urlaub &amp; Reisen\",\"isPartOf\":{\"@id\":\"https:\/\/www.urlaubcornwall.de\/blog\/#website\"},\"datePublished\":\"2023-04-14T15:34:00+00:00\",\"dateModified\":\"2024-04-15T14:26:48+00:00\",\"breadcrumb\":{\"@id\":\"https:\/\/www.urlaubcornwall.de\/blog\/was-sind-die-highlights-einer-rundreise-nach-schottland\/#breadcrumb\"},\"inLanguage\":\"en-US\",\"potentialAction\":[{\"@type\":\"ReadAction\",\"target\":[\"https:\/\/www.urlaubcornwall.de\/blog\/was-sind-die-highlights-einer-rundreise-nach-schottland\/\"]}]},{\"@type\":\"BreadcrumbList\",\"@id\":\"https:\/\/www.urlaubcornwall.de\/blog\/was-sind-die-highlights-einer-rundreise-nach-schottland\/#breadcrumb\",\"itemListElement\":[{\"@type\":\"ListItem\",\"position\":1,\"name\":\"Home\",\"item\":\"https:\/\/www.urlaubcornwall.de\/blog\/\"},{\"@type\":\"ListItem\",\"position\":2,\"name\":\"Was sind die Highlights einer Rundreise nach Schottland?\"}]}]}<\/script>\n<!-- \/ Yoast SEO plugin. -->","yoast_head_json":{"title":"Was sind die Highlights einer Rundreise nach Schottland? - Urlaub &amp; Reisen","robots":{"index":"index","follow":"follow","max-snippet":"max-snippet:-1","max-image-preview":"max-image-preview:large","max-video-preview":"max-video-preview:-1"},"canonical":"https:\/\/www.urlaubcornwall.de\/blog\/was-sind-die-highlights-einer-rundreise-nach-schottland\/","og_locale":"en_US","og_type":"article","og_title":"Was sind die Highlights einer Rundreise nach Schottland? - Urlaub &amp; Reisen","og_description":"Schottland hat viele Highlights zu bieten, die es zu einem unvergesslichen Reiseziel machen. Hier sind einige der H\u00f6hepunkte einer Rundreise durch Schottland: Edinburgh: Die schottische Hauptstadt ist bekannt f\u00fcr ihre beeindruckende Architektur und Geschichte. Besuchen Sie das Edinburgh Castle, spazieren Sie auf der Royal Mile und genie\u00dfen Sie das lebhafte Nachtleben der Stadt. Die schottischen [&hellip;]","og_url":"https:\/\/www.urlaubcornwall.de\/blog\/was-sind-die-highlights-einer-rundreise-nach-schottland\/","og_site_name":"Urlaub &amp; Reisen","article_modified_time":"2024-04-15T14:26:48+00:00","og_image":[{"url":"https:\/\/www.urlaubcornwall.de\/blog\/wp-content\/uploads\/2024\/03\/plockton.jpg"}],"twitter_card":"summary","twitter_misc":{"Est. reading time":"2 minutes"},"schema":{"@context":"https:\/\/schema.org","@graph":[{"@type":"WebSite","@id":"https:\/\/www.urlaubcornwall.de\/blog\/#website","url":"https:\/\/www.urlaubcornwall.de\/blog\/","name":"Urlaub &amp; Reisen","description":"Urlaub, Reisen, Cornwall und S\u00fcdengland: eine perfekte Kombination","potentialAction":[{"@type":"SearchAction","target":{"@type":"EntryPoint","urlTemplate":"https:\/\/www.urlaubcornwall.de\/blog\/?s={search_term_string}"},"query-input":"required name=search_term_string"}],"inLanguage":"en-US"},{"@type":"WebPage","@id":"https:\/\/www.urlaubcornwall.de\/blog\/was-sind-die-highlights-einer-rundreise-nach-schottland\/","url":"https:\/\/www.urlaubcornwall.de\/blog\/was-sind-die-highlights-einer-rundreise-nach-schottland\/","name":"Was sind die Highlights einer Rundreise nach Schottland? - Urlaub &amp; Reisen","isPartOf":{"@id":"https:\/\/www.urlaubcornwall.de\/blog\/#website"},"datePublished":"2023-04-14T15:34:00+00:00","dateModified":"2024-04-15T14:26:48+00:00","breadcrumb":{"@id":"https:\/\/www.urlaubcornwall.de\/blog\/was-sind-die-highlights-einer-rundreise-nach-schottland\/#breadcrumb"},"inLanguage":"en-US","potentialAction":[{"@type":"ReadAction","target":["https:\/\/www.urlaubcornwall.de\/blog\/was-sind-die-highlights-einer-rundreise-nach-schottland\/"]}]},{"@type":"BreadcrumbList","@id":"https:\/\/www.urlaubcornwall.de\/blog\/was-sind-die-highlights-einer-rundreise-nach-schottland\/#breadcrumb","itemListElement":[{"@type":"ListItem","position":1,"name":"Home","item":"https:\/\/www.urlaubcornwall.de\/blog\/"},{"@type":"ListItem","position":2,"name":"Was sind die Highlights einer Rundreise nach Schottland?"}]}]}},"_links":{"self":[{"href":"https:\/\/www.urlaubcornwall.de\/blog\/wp-json\/wp\/v2\/pages\/46191"}],"collection":[{"href":"https:\/\/www.urlaubcornwall.de\/blog\/wp-json\/wp\/v2\/pages"}],"about":[{"href":"https:\/\/www.urlaubcornwall.de\/blog\/wp-json\/wp\/v2\/types\/page"}],"author":[{"embeddable":true,"href":"https:\/\/www.urlaubcornwall.de\/blog\/wp-json\/wp\/v2\/users\/1"}],"replies":[{"embeddable":true,"href":"https:\/\/www.urlaubcornwall.de\/blog\/wp-json\/wp\/v2\/comments?post=46191"}],"version-history":[{"count":5,"href":"https:\/\/www.urlaubcornwall.de\/blog\/wp-json\/wp\/v2\/pages\/46191\/revisions"}],"predecessor-version":[{"id":49549,"href":"https:\/\/www.urlaubcornwall.de\/blog\/wp-json\/wp\/v2\/pages\/46191\/revisions\/49549"}],"wp:attachment":[{"href":"https:\/\/www.urlaubcornwall.de\/blog\/wp-json\/wp\/v2\/media?parent=46191"}],"curies":[{"name":"wp","href":"https:\/\/api.w.org\/{rel}","templated":true}]}}