{"id":46189,"date":"2023-04-14T11:21:02","date_gmt":"2023-04-14T11:21:02","guid":{"rendered":"https:\/\/www.urlaubcornwall.de\/blog\/?page_id=46189"},"modified":"2024-04-15T11:21:11","modified_gmt":"2024-04-15T11:21:11","slug":"was-sind-die-highlights-einer-rundreise-nach-cornwall","status":"publish","type":"page","link":"https:\/\/www.urlaubcornwall.de\/blog\/was-sind-die-highlights-einer-rundreise-nach-cornwall\/","title":{"rendered":"Was sind die Highlights einer Rundreise nach Cornwall?"},"content":{"rendered":"<p><img loading=\"lazy\" class=\"aligncenter size-full wp-image-47783\" src=\"https:\/\/www.urlaubcornwall.de\/blog\/wp-content\/uploads\/2024\/03\/Fistral-strand.jpg\" alt=\"Fistral strand\" width=\"750\" height=\"482\" srcset=\"https:\/\/www.urlaubcornwall.de\/blog\/wp-content\/uploads\/2024\/03\/Fistral-strand.jpg 750w, https:\/\/www.urlaubcornwall.de\/blog\/wp-content\/uploads\/2024\/03\/Fistral-strand-300x193.jpg 300w\" sizes=\"(max-width: 750px) 100vw, 750px\" \/><\/p>\n<p>Eine <a href=\"https:\/\/www.urlaubcornwall.de\/rundreisen\/cornwall-suedengland.php\">Rundreise durch Cornwall<\/a> bietet viele H\u00f6hepunkte und Sehensw\u00fcrdigkeiten. Hier sind einige der Highlights:<\/p>\n<p><strong>St. Michael&#8217;s Mount:<\/strong> Dieses historische Schloss auf einer kleinen Insel vor der K\u00fcste von Cornwall ist ein beeindruckendes Wahrzeichen und bietet eine atemberaubende Aussicht.<\/p>\n<p><strong>Die K\u00fcste von Cornwall:<\/strong> Eine wundersch\u00f6ne K\u00fcste mit malerischen Buchten, Str\u00e4nden, Klippen und Fischerd\u00f6rfern. Einige der bekanntesten K\u00fcstenorte sind <a href=\"https:\/\/www.urlaubcornwall.de\/blog\/st-ives-geschichte-sehenswuerdigkeiten-und-unterkunft\/\">St. Ives<\/a>, <a href=\"https:\/\/www.urlaubcornwall.de\/blog\/padstow-geschichte-sehenswuerdigkeiten-und-unterkunft\/\">Padstow<\/a> und <a href=\"https:\/\/www.urlaubcornwall.de\/blog\/port-isaac-fischerdorf-nordkueste-cornwalls\/\">Port Isaac<\/a>.<\/p>\n<p><strong>Die Minen von Cornwall:<\/strong> Eine reiche Bergbaugeschichte, die sich in den zahlreichen Bergwerksst\u00e4tten und Museen im Gebiet zeigt. Einige der bekanntesten Bergwerke sind Geevor Tin Mine, Levant Mine und Poldark Mine.<\/p>\n<p><strong>Die G\u00e4rten von Cornwall:<\/strong> Cornwall ist bekannt f\u00fcr seine <a href=\"https:\/\/www.urlaubcornwall.de\/blog\/wunderschoene-gaerten-gartenreise-in-cornwall\/\">G\u00e4rten und Parks<\/a>. Einige der bekanntesten sind die Lost Gardens of Heligan, die Eden Project und die Trebah Gardens.<\/p>\n<p><strong>Das St. Austell Brewery:<\/strong> St. Austell Brewery ist die \u00e4lteste unabh\u00e4ngige Brauerei in Cornwall und bietet F\u00fchrungen und Verkostungen an.<\/p>\n<p><strong>Das Tate St. Ives Museum:<\/strong> Das Museum hat eine Sammlung moderner Kunstwerke und organisiert auch Wechselausstellungen.<\/p>\n<p><strong>Die historischen St\u00e4dte von Cornwall:<\/strong> Es gibt viele historische St\u00e4dte in Cornwall, darunter <a href=\"https:\/\/www.urlaubcornwall.de\/blog\/truro-cornwall-geschichte-sehenswuerdigkeiten-und-unterkunft\/\">Truro<\/a>, <a href=\"https:\/\/www.urlaubcornwall.de\/blog\/falmouth-cornwall-geschichte-sehenswuerdigkeiten-und-unterkunft\/\">Falmouth<\/a> und <a href=\"https:\/\/www.urlaubcornwall.de\/blog\/penzance-geschichte-sehenswuerdigkeiten-und-unterkunft\/\">Penzance<\/a>, die alle eine reiche Geschichte und Kultur haben.<\/p>\n<p><strong>Die Cornish Cream Tea:<\/strong> Eine Reise nach Cornwall w\u00e4re nicht komplett ohne die Verkostung einer traditionellen Cornish Cream Tea, die aus Scones, Clotted Cream und Erdbeermarmelade besteht.<\/p>\n<h1>Unser Rundreisenservice f\u00fcr Cornwall<\/h1>\n<p>Weshalb \u00fcber uns buchen?<\/p>\n<p>Firmensitz in Cornwall und ein Team Deutsch sprechender Reisespezialisten.<\/p>\n<p>Wir haben eine Leidenschaft f\u00fcrs Reisen und gestalten den perfekten Urlaub.<\/p>\n<p>Ortskenntnisse und Insidertipps f\u00fcr unsere Kunden.<\/p>\n<p>Sonderangebote und Preisnachl\u00e4sse<\/p>\n<p>S\u00e4mtliche unserer Rundreisen sind durch einen voll versicherten deutschen Reiseveranstalter gesichert.<\/p>\n<p style=\"text-align: center;\"><a class=\"tidycta\" href=\"https:\/\/www.urlaubcornwall.de\/rundreisen\/cornwall-suedengland.php\"> Mehr Info<\/a><\/p>\n","protected":false},"excerpt":{"rendered":"<p>Eine Rundreise durch Cornwall bietet viele H\u00f6hepunkte und Sehensw\u00fcrdigkeiten. Hier sind einige der Highlights: St. Michael&#8217;s Mount: Dieses historische Schloss auf einer kleinen Insel vor der K\u00fcste von Cornwall ist ein beeindruckendes Wahrzeichen und bietet eine atemberaubende Aussicht. Die K\u00fcste von Cornwall: Eine wundersch\u00f6ne K\u00fcste mit malerischen Buchten, Str\u00e4nden, Klippen und Fischerd\u00f6rfern. Einige der bekanntesten [&hellip;]<\/p>\n","protected":false},"author":1,"featured_media":0,"parent":0,"menu_order":0,"comment_status":"closed","ping_status":"closed","template":"single-four.php","meta":[],"acf":[],"yoast_head":"<!-- This site is optimized with the Yoast SEO plugin v19.4 - https:\/\/yoast.com\/wordpress\/plugins\/seo\/ -->\n<title>Was sind die Highlights einer Rundreise nach Cornwall? - Urlaub &amp; Reisen<\/title>\n<meta name=\"robots\" content=\"index, follow, max-snippet:-1, max-image-preview:large, max-video-preview:-1\" \/>\n<link rel=\"canonical\" href=\"https:\/\/www.urlaubcornwall.de\/blog\/was-sind-die-highlights-einer-rundreise-nach-cornwall\/\" \/>\n<meta property=\"og:locale\" content=\"en_US\" \/>\n<meta property=\"og:type\" content=\"article\" \/>\n<meta property=\"og:title\" content=\"Was sind die Highlights einer Rundreise nach Cornwall? - Urlaub &amp; Reisen\" \/>\n<meta property=\"og:description\" content=\"Eine Rundreise durch Cornwall bietet viele H\u00f6hepunkte und Sehensw\u00fcrdigkeiten. Hier sind einige der Highlights: St. Michael&#8217;s Mount: Dieses historische Schloss auf einer kleinen Insel vor der K\u00fcste von Cornwall ist ein beeindruckendes Wahrzeichen und bietet eine atemberaubende Aussicht. Die K\u00fcste von Cornwall: Eine wundersch\u00f6ne K\u00fcste mit malerischen Buchten, Str\u00e4nden, Klippen und Fischerd\u00f6rfern. Einige der bekanntesten [&hellip;]\" \/>\n<meta property=\"og:url\" content=\"https:\/\/www.urlaubcornwall.de\/blog\/was-sind-die-highlights-einer-rundreise-nach-cornwall\/\" \/>\n<meta property=\"og:site_name\" content=\"Urlaub &amp; Reisen\" \/>\n<meta property=\"article:modified_time\" content=\"2024-04-15T11:21:11+00:00\" \/>\n<meta property=\"og:image\" content=\"https:\/\/www.urlaubcornwall.de\/blog\/wp-content\/uploads\/2024\/03\/Fistral-strand.jpg\" \/>\n<meta name=\"twitter:card\" content=\"summary\" \/>\n<meta name=\"twitter:label1\" content=\"Est. reading time\" \/>\n\t<meta name=\"twitter:data1\" content=\"2 minutes\" \/>\n<script type=\"application\/ld+json\" class=\"yoast-schema-graph\">{\"@context\":\"https:\/\/schema.org\",\"@graph\":[{\"@type\":\"WebSite\",\"@id\":\"https:\/\/www.urlaubcornwall.de\/blog\/#website\",\"url\":\"https:\/\/www.urlaubcornwall.de\/blog\/\",\"name\":\"Urlaub &amp; Reisen\",\"description\":\"Urlaub, Reisen, Cornwall und S\u00fcdengland: eine perfekte Kombination\",\"potentialAction\":[{\"@type\":\"SearchAction\",\"target\":{\"@type\":\"EntryPoint\",\"urlTemplate\":\"https:\/\/www.urlaubcornwall.de\/blog\/?s={search_term_string}\"},\"query-input\":\"required name=search_term_string\"}],\"inLanguage\":\"en-US\"},{\"@type\":\"WebPage\",\"@id\":\"https:\/\/www.urlaubcornwall.de\/blog\/was-sind-die-highlights-einer-rundreise-nach-cornwall\/\",\"url\":\"https:\/\/www.urlaubcornwall.de\/blog\/was-sind-die-highlights-einer-rundreise-nach-cornwall\/\",\"name\":\"Was sind die Highlights einer Rundreise nach Cornwall? - Urlaub &amp; Reisen\",\"isPartOf\":{\"@id\":\"https:\/\/www.urlaubcornwall.de\/blog\/#website\"},\"datePublished\":\"2023-04-14T11:21:02+00:00\",\"dateModified\":\"2024-04-15T11:21:11+00:00\",\"breadcrumb\":{\"@id\":\"https:\/\/www.urlaubcornwall.de\/blog\/was-sind-die-highlights-einer-rundreise-nach-cornwall\/#breadcrumb\"},\"inLanguage\":\"en-US\",\"potentialAction\":[{\"@type\":\"ReadAction\",\"target\":[\"https:\/\/www.urlaubcornwall.de\/blog\/was-sind-die-highlights-einer-rundreise-nach-cornwall\/\"]}]},{\"@type\":\"BreadcrumbList\",\"@id\":\"https:\/\/www.urlaubcornwall.de\/blog\/was-sind-die-highlights-einer-rundreise-nach-cornwall\/#breadcrumb\",\"itemListElement\":[{\"@type\":\"ListItem\",\"position\":1,\"name\":\"Home\",\"item\":\"https:\/\/www.urlaubcornwall.de\/blog\/\"},{\"@type\":\"ListItem\",\"position\":2,\"name\":\"Was sind die Highlights einer Rundreise nach Cornwall?\"}]}]}<\/script>\n<!-- \/ Yoast SEO plugin. -->","yoast_head_json":{"title":"Was sind die Highlights einer Rundreise nach Cornwall? - Urlaub &amp; Reisen","robots":{"index":"index","follow":"follow","max-snippet":"max-snippet:-1","max-image-preview":"max-image-preview:large","max-video-preview":"max-video-preview:-1"},"canonical":"https:\/\/www.urlaubcornwall.de\/blog\/was-sind-die-highlights-einer-rundreise-nach-cornwall\/","og_locale":"en_US","og_type":"article","og_title":"Was sind die Highlights einer Rundreise nach Cornwall? - Urlaub &amp; Reisen","og_description":"Eine Rundreise durch Cornwall bietet viele H\u00f6hepunkte und Sehensw\u00fcrdigkeiten. Hier sind einige der Highlights: St. Michael&#8217;s Mount: Dieses historische Schloss auf einer kleinen Insel vor der K\u00fcste von Cornwall ist ein beeindruckendes Wahrzeichen und bietet eine atemberaubende Aussicht. Die K\u00fcste von Cornwall: Eine wundersch\u00f6ne K\u00fcste mit malerischen Buchten, Str\u00e4nden, Klippen und Fischerd\u00f6rfern. Einige der bekanntesten [&hellip;]","og_url":"https:\/\/www.urlaubcornwall.de\/blog\/was-sind-die-highlights-einer-rundreise-nach-cornwall\/","og_site_name":"Urlaub &amp; Reisen","article_modified_time":"2024-04-15T11:21:11+00:00","og_image":[{"url":"https:\/\/www.urlaubcornwall.de\/blog\/wp-content\/uploads\/2024\/03\/Fistral-strand.jpg"}],"twitter_card":"summary","twitter_misc":{"Est. reading time":"2 minutes"},"schema":{"@context":"https:\/\/schema.org","@graph":[{"@type":"WebSite","@id":"https:\/\/www.urlaubcornwall.de\/blog\/#website","url":"https:\/\/www.urlaubcornwall.de\/blog\/","name":"Urlaub &amp; Reisen","description":"Urlaub, Reisen, Cornwall und S\u00fcdengland: eine perfekte Kombination","potentialAction":[{"@type":"SearchAction","target":{"@type":"EntryPoint","urlTemplate":"https:\/\/www.urlaubcornwall.de\/blog\/?s={search_term_string}"},"query-input":"required name=search_term_string"}],"inLanguage":"en-US"},{"@type":"WebPage","@id":"https:\/\/www.urlaubcornwall.de\/blog\/was-sind-die-highlights-einer-rundreise-nach-cornwall\/","url":"https:\/\/www.urlaubcornwall.de\/blog\/was-sind-die-highlights-einer-rundreise-nach-cornwall\/","name":"Was sind die Highlights einer Rundreise nach Cornwall? - Urlaub &amp; Reisen","isPartOf":{"@id":"https:\/\/www.urlaubcornwall.de\/blog\/#website"},"datePublished":"2023-04-14T11:21:02+00:00","dateModified":"2024-04-15T11:21:11+00:00","breadcrumb":{"@id":"https:\/\/www.urlaubcornwall.de\/blog\/was-sind-die-highlights-einer-rundreise-nach-cornwall\/#breadcrumb"},"inLanguage":"en-US","potentialAction":[{"@type":"ReadAction","target":["https:\/\/www.urlaubcornwall.de\/blog\/was-sind-die-highlights-einer-rundreise-nach-cornwall\/"]}]},{"@type":"BreadcrumbList","@id":"https:\/\/www.urlaubcornwall.de\/blog\/was-sind-die-highlights-einer-rundreise-nach-cornwall\/#breadcrumb","itemListElement":[{"@type":"ListItem","position":1,"name":"Home","item":"https:\/\/www.urlaubcornwall.de\/blog\/"},{"@type":"ListItem","position":2,"name":"Was sind die Highlights einer Rundreise nach Cornwall?"}]}]}},"_links":{"self":[{"href":"https:\/\/www.urlaubcornwall.de\/blog\/wp-json\/wp\/v2\/pages\/46189"}],"collection":[{"href":"https:\/\/www.urlaubcornwall.de\/blog\/wp-json\/wp\/v2\/pages"}],"about":[{"href":"https:\/\/www.urlaubcornwall.de\/blog\/wp-json\/wp\/v2\/types\/page"}],"author":[{"embeddable":true,"href":"https:\/\/www.urlaubcornwall.de\/blog\/wp-json\/wp\/v2\/users\/1"}],"replies":[{"embeddable":true,"href":"https:\/\/www.urlaubcornwall.de\/blog\/wp-json\/wp\/v2\/comments?post=46189"}],"version-history":[{"count":8,"href":"https:\/\/www.urlaubcornwall.de\/blog\/wp-json\/wp\/v2\/pages\/46189\/revisions"}],"predecessor-version":[{"id":49462,"href":"https:\/\/www.urlaubcornwall.de\/blog\/wp-json\/wp\/v2\/pages\/46189\/revisions\/49462"}],"wp:attachment":[{"href":"https:\/\/www.urlaubcornwall.de\/blog\/wp-json\/wp\/v2\/media?parent=46189"}],"curies":[{"name":"wp","href":"https:\/\/api.w.org\/{rel}","templated":true}]}}