{"id":46187,"date":"2023-04-14T11:03:41","date_gmt":"2023-04-14T11:03:41","guid":{"rendered":"https:\/\/www.urlaubcornwall.de\/blog\/?page_id=46187"},"modified":"2024-03-08T13:23:57","modified_gmt":"2024-03-08T13:23:57","slug":"wo-in-wales-urlaub-machen","status":"publish","type":"page","link":"https:\/\/www.urlaubcornwall.de\/blog\/wo-in-wales-urlaub-machen\/","title":{"rendered":"Wo in Wales Urlaub machen?"},"content":{"rendered":"<p><img loading=\"lazy\" class=\"aligncenter size-full wp-image-47946\" src=\"https:\/\/www.urlaubcornwall.de\/blog\/wp-content\/uploads\/2024\/03\/Snowdon-Caernarfon.jpg\" alt=\"Snowdon, Caernarfon\" width=\"750\" height=\"500\" srcset=\"https:\/\/www.urlaubcornwall.de\/blog\/wp-content\/uploads\/2024\/03\/Snowdon-Caernarfon.jpg 750w, https:\/\/www.urlaubcornwall.de\/blog\/wp-content\/uploads\/2024\/03\/Snowdon-Caernarfon-300x200.jpg 300w\" sizes=\"(max-width: 750px) 100vw, 750px\" \/><\/p>\n<p><a href=\"https:\/\/www.urlaubcornwall.de\/reiseziel\/wales.php\">Wales<\/a> hat viele verschiedene Regionen, die sich f\u00fcr einen Urlaub anbieten. Hier sind einige Vorschl\u00e4ge:<\/p>\n<p>Snowdonia: <a href=\"https:\/\/www.urlaubcornwall.de\/ferienhaeuser-fewos\/wal\/nordwales\/snowdonia-national-park.html\">Snowdonia ist ein Nationalpark in Nord-Wales<\/a> und bietet spektakul\u00e4re Landschaften, einschlie\u00dflich des h\u00f6chsten Bergs von Wales, Snowdon. Hier gibt es viele Wanderwege, Radwege, Seen und Fl\u00fcsse, die erkundet werden k\u00f6nnen.<\/p>\n<p><strong>Pembrokeshire Coast National Park:<\/strong> <a href=\"https:\/\/www.urlaubcornwall.de\/ferienhaeuser-fewos\/wal\/westwales\/pembroke.html\">Dieser Nationalpark befindet sich an der Westk\u00fcste von Wales<\/a> und bietet atemberaubende K\u00fcstenlandschaften mit Klippen, Buchten und Str\u00e4nden. Hier gibt es auch viele Aktivit\u00e4ten im Freien wie Wandern, Surfen, Kajakfahren und Bootsfahrten.<\/p>\n<p><strong>Cardiff:<\/strong> <a href=\"https:\/\/www.urlaubcornwall.de\/ferienhaeuser-fewos\/wal\/suedwales\/cardiff.html\">Die Hauptstadt von Wales<\/a> ist ein gro\u00dfartiger Ort, um Geschichte, Kultur und Nachtleben zu erleben. Zu den Highlights geh\u00f6ren das Cardiff Castle, das National Museum of Wales, das St. Fagans National History Museum und das Millennium Stadium.<\/p>\n<p><strong>Brecon Beacons National Park:<\/strong> <a href=\"https:\/\/www.urlaubcornwall.de\/ferienhaeuser-fewos\/wal\/mittelwales\/brecon.html\">Der Brecon Beacons National Park liegt im Zentrum von Wales<\/a> und bietet dramatische Landschaften, einschlie\u00dflich Bergen, Wasserf\u00e4llen, H\u00f6hlen und W\u00e4ldern. Hier gibt es viele Wanderwege, Radwege und Sehensw\u00fcrdigkeiten wie die Brecon Mountain Railway.<\/p>\n<p><strong>Conwy:<\/strong> <a href=\"https:\/\/www.urlaubcornwall.de\/ferienhaeuser-fewos\/wal\/nordwales\/conwy.html\">Conwy ist eine malerische mittelalterliche Stadt<\/a> an der Nordk\u00fcste von Wales und bietet eine beeindruckende Burg, Stadtmauern und eine ber\u00fchmte Br\u00fccke. Hier gibt es auch viele Restaurants, Pubs und Gesch\u00e4fte.<\/p>\n<p><strong>Gower Peninsula:<\/strong> <a href=\"https:\/\/www.urlaubcornwall.de\/ferienhaeuser-fewos\/wal\/suedwales\/gower.html\">Die Gower Peninsula ist eine Halbinsel im S\u00fcden von Wales<\/a> und bietet sch\u00f6ne Str\u00e4nde, Klippen und Sandd\u00fcnen. Hier gibt es viele M\u00f6glichkeiten zum Wandern, Surfen und Kajakfahren.<\/p>\n<p>Diese Orte sind nur einige der vielen Attraktionen, die Wales zu bieten hat. Es h\u00e4ngt von den Interessen und Vorlieben des Reisenden ab, wo genau in Wales sie ihren Urlaub verbringen m\u00f6chten.<\/p>\n<div class=\"snippet\"> <a class=\"featured-item\" href=\" https:\/\/www.urlaubcornwall.de\/ferienhaeuser\/wales.php\"> <span class=\"image-holder\" style=\"background-image: url(' https:\/\/www.urlaubcornwall.de\/blog\/wp-content\/uploads\/2018\/12\/busreisen-wales-england.jpg');\"><\/span> <span class=\"featured-content\"> \n<h2 class=\"featured-title\">Bei uns finden Sie Ferienh\u00e4user in Wales zum Verlieben!<\/h2>\n<p class=\"featured-body\">Untenstehend finden Sie eine Auswahl an Selbstversorger-Ferienh\u00e4usern in Wales. Hier finden Sie handverlesene, pers\u00f6nlich inspizierte Cottages entlang der walisischen K\u00fcste&#8230;..<\/p>\n<\/span> <span class=\"featured-link-holder\"> <span class=\"featured-extra-info\"> \n<p>F\u00fcr Paare, Familien &#038; Gruppen<\/p>\n<\/span> \n<p class=\"featured-link\">DETAILS<\/p>\n<\/span> <\/a><\/div>\n<p>UrlaubCornwall.de hat eine einzigartige Sammlung pers\u00f6nlich inspizierter Ferienh\u00e4user und Ferienwohnungen in Wales, <a href=\"https:\/\/www.urlaubcornwall.de\/ferienhaeuser\/suedengland.php\">S\u00fcdengland<\/a> und nun auch im gesamten Gro\u00dfbritannien. <\/p>\n","protected":false},"excerpt":{"rendered":"<p>Wales hat viele verschiedene Regionen, die sich f\u00fcr einen Urlaub anbieten. Hier sind einige Vorschl\u00e4ge: Snowdonia: Snowdonia ist ein Nationalpark in Nord-Wales und bietet spektakul\u00e4re Landschaften, einschlie\u00dflich des h\u00f6chsten Bergs von Wales, Snowdon. Hier gibt es viele Wanderwege, Radwege, Seen und Fl\u00fcsse, die erkundet werden k\u00f6nnen. Pembrokeshire Coast National Park: Dieser Nationalpark befindet sich an [&hellip;]<\/p>\n","protected":false},"author":1,"featured_media":0,"parent":0,"menu_order":0,"comment_status":"closed","ping_status":"closed","template":"single-four.php","meta":[],"acf":[],"yoast_head":"<!-- This site is optimized with the Yoast SEO plugin v19.4 - https:\/\/yoast.com\/wordpress\/plugins\/seo\/ -->\n<title>Wo in Wales Urlaub machen? - Urlaub &amp; Reisen<\/title>\n<meta name=\"robots\" content=\"index, follow, max-snippet:-1, max-image-preview:large, max-video-preview:-1\" \/>\n<link rel=\"canonical\" href=\"https:\/\/www.urlaubcornwall.de\/blog\/wo-in-wales-urlaub-machen\/\" \/>\n<meta property=\"og:locale\" content=\"en_US\" \/>\n<meta property=\"og:type\" content=\"article\" \/>\n<meta property=\"og:title\" content=\"Wo in Wales Urlaub machen? - Urlaub &amp; Reisen\" \/>\n<meta property=\"og:description\" content=\"Wales hat viele verschiedene Regionen, die sich f\u00fcr einen Urlaub anbieten. Hier sind einige Vorschl\u00e4ge: Snowdonia: Snowdonia ist ein Nationalpark in Nord-Wales und bietet spektakul\u00e4re Landschaften, einschlie\u00dflich des h\u00f6chsten Bergs von Wales, Snowdon. Hier gibt es viele Wanderwege, Radwege, Seen und Fl\u00fcsse, die erkundet werden k\u00f6nnen. Pembrokeshire Coast National Park: Dieser Nationalpark befindet sich an [&hellip;]\" \/>\n<meta property=\"og:url\" content=\"https:\/\/www.urlaubcornwall.de\/blog\/wo-in-wales-urlaub-machen\/\" \/>\n<meta property=\"og:site_name\" content=\"Urlaub &amp; Reisen\" \/>\n<meta property=\"article:modified_time\" content=\"2024-03-08T13:23:57+00:00\" \/>\n<meta property=\"og:image\" content=\"https:\/\/www.urlaubcornwall.de\/blog\/wp-content\/uploads\/2024\/03\/Snowdon-Caernarfon.jpg\" \/>\n<meta name=\"twitter:card\" content=\"summary\" \/>\n<meta name=\"twitter:label1\" content=\"Est. reading time\" \/>\n\t<meta name=\"twitter:data1\" content=\"2 minutes\" \/>\n<script type=\"application\/ld+json\" class=\"yoast-schema-graph\">{\"@context\":\"https:\/\/schema.org\",\"@graph\":[{\"@type\":\"WebSite\",\"@id\":\"https:\/\/www.urlaubcornwall.de\/blog\/#website\",\"url\":\"https:\/\/www.urlaubcornwall.de\/blog\/\",\"name\":\"Urlaub &amp; Reisen\",\"description\":\"Urlaub, Reisen, Cornwall und S\u00fcdengland: eine perfekte Kombination\",\"potentialAction\":[{\"@type\":\"SearchAction\",\"target\":{\"@type\":\"EntryPoint\",\"urlTemplate\":\"https:\/\/www.urlaubcornwall.de\/blog\/?s={search_term_string}\"},\"query-input\":\"required name=search_term_string\"}],\"inLanguage\":\"en-US\"},{\"@type\":\"WebPage\",\"@id\":\"https:\/\/www.urlaubcornwall.de\/blog\/wo-in-wales-urlaub-machen\/\",\"url\":\"https:\/\/www.urlaubcornwall.de\/blog\/wo-in-wales-urlaub-machen\/\",\"name\":\"Wo in Wales Urlaub machen? - Urlaub &amp; Reisen\",\"isPartOf\":{\"@id\":\"https:\/\/www.urlaubcornwall.de\/blog\/#website\"},\"datePublished\":\"2023-04-14T11:03:41+00:00\",\"dateModified\":\"2024-03-08T13:23:57+00:00\",\"breadcrumb\":{\"@id\":\"https:\/\/www.urlaubcornwall.de\/blog\/wo-in-wales-urlaub-machen\/#breadcrumb\"},\"inLanguage\":\"en-US\",\"potentialAction\":[{\"@type\":\"ReadAction\",\"target\":[\"https:\/\/www.urlaubcornwall.de\/blog\/wo-in-wales-urlaub-machen\/\"]}]},{\"@type\":\"BreadcrumbList\",\"@id\":\"https:\/\/www.urlaubcornwall.de\/blog\/wo-in-wales-urlaub-machen\/#breadcrumb\",\"itemListElement\":[{\"@type\":\"ListItem\",\"position\":1,\"name\":\"Home\",\"item\":\"https:\/\/www.urlaubcornwall.de\/blog\/\"},{\"@type\":\"ListItem\",\"position\":2,\"name\":\"Wo in Wales Urlaub machen?\"}]}]}<\/script>\n<!-- \/ Yoast SEO plugin. -->","yoast_head_json":{"title":"Wo in Wales Urlaub machen? - Urlaub &amp; Reisen","robots":{"index":"index","follow":"follow","max-snippet":"max-snippet:-1","max-image-preview":"max-image-preview:large","max-video-preview":"max-video-preview:-1"},"canonical":"https:\/\/www.urlaubcornwall.de\/blog\/wo-in-wales-urlaub-machen\/","og_locale":"en_US","og_type":"article","og_title":"Wo in Wales Urlaub machen? - Urlaub &amp; Reisen","og_description":"Wales hat viele verschiedene Regionen, die sich f\u00fcr einen Urlaub anbieten. Hier sind einige Vorschl\u00e4ge: Snowdonia: Snowdonia ist ein Nationalpark in Nord-Wales und bietet spektakul\u00e4re Landschaften, einschlie\u00dflich des h\u00f6chsten Bergs von Wales, Snowdon. Hier gibt es viele Wanderwege, Radwege, Seen und Fl\u00fcsse, die erkundet werden k\u00f6nnen. Pembrokeshire Coast National Park: Dieser Nationalpark befindet sich an [&hellip;]","og_url":"https:\/\/www.urlaubcornwall.de\/blog\/wo-in-wales-urlaub-machen\/","og_site_name":"Urlaub &amp; Reisen","article_modified_time":"2024-03-08T13:23:57+00:00","og_image":[{"url":"https:\/\/www.urlaubcornwall.de\/blog\/wp-content\/uploads\/2024\/03\/Snowdon-Caernarfon.jpg"}],"twitter_card":"summary","twitter_misc":{"Est. reading time":"2 minutes"},"schema":{"@context":"https:\/\/schema.org","@graph":[{"@type":"WebSite","@id":"https:\/\/www.urlaubcornwall.de\/blog\/#website","url":"https:\/\/www.urlaubcornwall.de\/blog\/","name":"Urlaub &amp; Reisen","description":"Urlaub, Reisen, Cornwall und S\u00fcdengland: eine perfekte Kombination","potentialAction":[{"@type":"SearchAction","target":{"@type":"EntryPoint","urlTemplate":"https:\/\/www.urlaubcornwall.de\/blog\/?s={search_term_string}"},"query-input":"required name=search_term_string"}],"inLanguage":"en-US"},{"@type":"WebPage","@id":"https:\/\/www.urlaubcornwall.de\/blog\/wo-in-wales-urlaub-machen\/","url":"https:\/\/www.urlaubcornwall.de\/blog\/wo-in-wales-urlaub-machen\/","name":"Wo in Wales Urlaub machen? - Urlaub &amp; Reisen","isPartOf":{"@id":"https:\/\/www.urlaubcornwall.de\/blog\/#website"},"datePublished":"2023-04-14T11:03:41+00:00","dateModified":"2024-03-08T13:23:57+00:00","breadcrumb":{"@id":"https:\/\/www.urlaubcornwall.de\/blog\/wo-in-wales-urlaub-machen\/#breadcrumb"},"inLanguage":"en-US","potentialAction":[{"@type":"ReadAction","target":["https:\/\/www.urlaubcornwall.de\/blog\/wo-in-wales-urlaub-machen\/"]}]},{"@type":"BreadcrumbList","@id":"https:\/\/www.urlaubcornwall.de\/blog\/wo-in-wales-urlaub-machen\/#breadcrumb","itemListElement":[{"@type":"ListItem","position":1,"name":"Home","item":"https:\/\/www.urlaubcornwall.de\/blog\/"},{"@type":"ListItem","position":2,"name":"Wo in Wales Urlaub machen?"}]}]}},"_links":{"self":[{"href":"https:\/\/www.urlaubcornwall.de\/blog\/wp-json\/wp\/v2\/pages\/46187"}],"collection":[{"href":"https:\/\/www.urlaubcornwall.de\/blog\/wp-json\/wp\/v2\/pages"}],"about":[{"href":"https:\/\/www.urlaubcornwall.de\/blog\/wp-json\/wp\/v2\/types\/page"}],"author":[{"embeddable":true,"href":"https:\/\/www.urlaubcornwall.de\/blog\/wp-json\/wp\/v2\/users\/1"}],"replies":[{"embeddable":true,"href":"https:\/\/www.urlaubcornwall.de\/blog\/wp-json\/wp\/v2\/comments?post=46187"}],"version-history":[{"count":3,"href":"https:\/\/www.urlaubcornwall.de\/blog\/wp-json\/wp\/v2\/pages\/46187\/revisions"}],"predecessor-version":[{"id":47955,"href":"https:\/\/www.urlaubcornwall.de\/blog\/wp-json\/wp\/v2\/pages\/46187\/revisions\/47955"}],"wp:attachment":[{"href":"https:\/\/www.urlaubcornwall.de\/blog\/wp-json\/wp\/v2\/media?parent=46187"}],"curies":[{"name":"wp","href":"https:\/\/api.w.org\/{rel}","templated":true}]}}