{"id":46183,"date":"2023-04-14T10:00:33","date_gmt":"2023-04-14T10:00:33","guid":{"rendered":"https:\/\/www.urlaubcornwall.de\/blog\/?page_id=46183"},"modified":"2024-05-31T11:14:11","modified_gmt":"2024-05-31T11:14:11","slug":"sind-die-kanalinseln-teuer","status":"publish","type":"page","link":"https:\/\/www.urlaubcornwall.de\/blog\/sind-die-kanalinseln-teuer\/","title":{"rendered":"Sind die Kanalinseln teuer?"},"content":{"rendered":"<p><a href=\"https:\/\/www.urlaubcornwall.de\/blog\/wp-content\/uploads\/2023\/02\/gorey-schloss-jersey-kanailinseln.jpg\"><img loading=\"lazy\" src=\"https:\/\/www.urlaubcornwall.de\/blog\/wp-content\/uploads\/2023\/02\/gorey-schloss-jersey-kanailinseln.jpg\" alt=\"gorey schloss jersey kanailinseln\" width=\"750\" height=\"500\" class=\"alignnone size-full wp-image-45940\" srcset=\"https:\/\/www.urlaubcornwall.de\/blog\/wp-content\/uploads\/2023\/02\/gorey-schloss-jersey-kanailinseln.jpg 750w, https:\/\/www.urlaubcornwall.de\/blog\/wp-content\/uploads\/2023\/02\/gorey-schloss-jersey-kanailinseln-300x200.jpg 300w\" sizes=\"(max-width: 750px) 100vw, 750px\" \/><\/a><\/p>\n<p>Ja, die <a href=\"https:\/\/www.urlaubcornwall.de\/reiseziel\/kanalinseln\/\">Kanalinseln<\/a> gelten im Allgemeinen als eine teurere Reiseoption, insbesondere im Vergleich zum Festland von Gro\u00dfbritannien. Da die Kanalinseln abgelegen sind und von Natur aus begrenzter sind, sind die Preise f\u00fcr Unterk\u00fcnfte, Lebensmittel, Getr\u00e4nke und Aktivit\u00e4ten tendenziell h\u00f6her als in anderen Teilen des Landes.<\/p>\n<p>Jedoch kann man je nach Saison und Art der Unterkunft auch preisg\u00fcnstigere Optionen finden. Es gibt auch viele kostenlose oder g\u00fcnstige Aktivit\u00e4ten wie Spazierg\u00e4nge an den Str\u00e4nden und durch die Landschaft, Besichtigungen historischer St\u00e4tten oder Besuche von lokalen M\u00e4rkten und Festivals, die man unternehmen kann. Es ist also m\u00f6glich, auf den Kanalinseln zu reisen, ohne unbedingt viel Geld auszugeben, aber im Allgemeinen sollten Reisende sich auf h\u00f6here Kosten einstellen.<\/p>\n<p>Planen Sie Ihren Urlaub, gef\u00fcllt mit lediglich den sch\u00f6nsten Orten! Hier sind einige Ideen, die sicherstellen, dass Ihre n\u00e4chste <a href=\"https:\/\/www.urlaubcornwall.de\/blog\/spezialist-reisen-kanalinseln\/\">Reise nach Kanalinseln<\/a> die Instagram-Reise schlechthin darstellt.<\/p>\n","protected":false},"excerpt":{"rendered":"<p>Ja, die Kanalinseln gelten im Allgemeinen als eine teurere Reiseoption, insbesondere im Vergleich zum Festland von Gro\u00dfbritannien. Da die Kanalinseln abgelegen sind und von Natur aus begrenzter sind, sind die Preise f\u00fcr Unterk\u00fcnfte, Lebensmittel, Getr\u00e4nke und Aktivit\u00e4ten tendenziell h\u00f6her als in anderen Teilen des Landes. Jedoch kann man je nach Saison und Art der Unterkunft [&hellip;]<\/p>\n","protected":false},"author":1,"featured_media":0,"parent":0,"menu_order":0,"comment_status":"closed","ping_status":"closed","template":"single-four.php","meta":[],"acf":[],"yoast_head":"<!-- This site is optimized with the Yoast SEO plugin v19.4 - https:\/\/yoast.com\/wordpress\/plugins\/seo\/ -->\n<title>Sind die Kanalinseln teuer? - Urlaub &amp; Reisen<\/title>\n<meta name=\"description\" content=\"Es ist also m\u00f6glich, auf den Kanalinseln zu reisen, ohne unbedingt viel Geld auszugeben, aber im Allgemeinen sollten Reisende sich auf\" \/>\n<meta name=\"robots\" content=\"index, follow, max-snippet:-1, max-image-preview:large, max-video-preview:-1\" \/>\n<link rel=\"canonical\" href=\"https:\/\/www.urlaubcornwall.de\/blog\/sind-die-kanalinseln-teuer\/\" \/>\n<meta property=\"og:locale\" content=\"en_US\" \/>\n<meta property=\"og:type\" content=\"article\" \/>\n<meta property=\"og:title\" content=\"Sind die Kanalinseln teuer? - Urlaub &amp; Reisen\" \/>\n<meta property=\"og:description\" content=\"Es ist also m\u00f6glich, auf den Kanalinseln zu reisen, ohne unbedingt viel Geld auszugeben, aber im Allgemeinen sollten Reisende sich auf\" \/>\n<meta property=\"og:url\" content=\"https:\/\/www.urlaubcornwall.de\/blog\/sind-die-kanalinseln-teuer\/\" \/>\n<meta property=\"og:site_name\" content=\"Urlaub &amp; Reisen\" \/>\n<meta property=\"article:modified_time\" content=\"2024-05-31T11:14:11+00:00\" \/>\n<meta property=\"og:image\" content=\"https:\/\/www.urlaubcornwall.de\/blog\/wp-content\/uploads\/2023\/02\/gorey-schloss-jersey-kanailinseln.jpg\" \/>\n<meta name=\"twitter:card\" content=\"summary\" \/>\n<meta name=\"twitter:label1\" content=\"Est. reading time\" \/>\n\t<meta name=\"twitter:data1\" content=\"1 minute\" \/>\n<script type=\"application\/ld+json\" class=\"yoast-schema-graph\">{\"@context\":\"https:\/\/schema.org\",\"@graph\":[{\"@type\":\"WebSite\",\"@id\":\"https:\/\/www.urlaubcornwall.de\/blog\/#website\",\"url\":\"https:\/\/www.urlaubcornwall.de\/blog\/\",\"name\":\"Urlaub &amp; Reisen\",\"description\":\"Urlaub, Reisen, Cornwall und S\u00fcdengland: eine perfekte Kombination\",\"potentialAction\":[{\"@type\":\"SearchAction\",\"target\":{\"@type\":\"EntryPoint\",\"urlTemplate\":\"https:\/\/www.urlaubcornwall.de\/blog\/?s={search_term_string}\"},\"query-input\":\"required name=search_term_string\"}],\"inLanguage\":\"en-US\"},{\"@type\":\"WebPage\",\"@id\":\"https:\/\/www.urlaubcornwall.de\/blog\/sind-die-kanalinseln-teuer\/\",\"url\":\"https:\/\/www.urlaubcornwall.de\/blog\/sind-die-kanalinseln-teuer\/\",\"name\":\"Sind die Kanalinseln teuer? - Urlaub &amp; Reisen\",\"isPartOf\":{\"@id\":\"https:\/\/www.urlaubcornwall.de\/blog\/#website\"},\"datePublished\":\"2023-04-14T10:00:33+00:00\",\"dateModified\":\"2024-05-31T11:14:11+00:00\",\"description\":\"Es ist also m\u00f6glich, auf den Kanalinseln zu reisen, ohne unbedingt viel Geld auszugeben, aber im Allgemeinen sollten Reisende sich auf\",\"breadcrumb\":{\"@id\":\"https:\/\/www.urlaubcornwall.de\/blog\/sind-die-kanalinseln-teuer\/#breadcrumb\"},\"inLanguage\":\"en-US\",\"potentialAction\":[{\"@type\":\"ReadAction\",\"target\":[\"https:\/\/www.urlaubcornwall.de\/blog\/sind-die-kanalinseln-teuer\/\"]}]},{\"@type\":\"BreadcrumbList\",\"@id\":\"https:\/\/www.urlaubcornwall.de\/blog\/sind-die-kanalinseln-teuer\/#breadcrumb\",\"itemListElement\":[{\"@type\":\"ListItem\",\"position\":1,\"name\":\"Home\",\"item\":\"https:\/\/www.urlaubcornwall.de\/blog\/\"},{\"@type\":\"ListItem\",\"position\":2,\"name\":\"Sind die Kanalinseln teuer?\"}]}]}<\/script>\n<!-- \/ Yoast SEO plugin. -->","yoast_head_json":{"title":"Sind die Kanalinseln teuer? - Urlaub &amp; Reisen","description":"Es ist also m\u00f6glich, auf den Kanalinseln zu reisen, ohne unbedingt viel Geld auszugeben, aber im Allgemeinen sollten Reisende sich auf","robots":{"index":"index","follow":"follow","max-snippet":"max-snippet:-1","max-image-preview":"max-image-preview:large","max-video-preview":"max-video-preview:-1"},"canonical":"https:\/\/www.urlaubcornwall.de\/blog\/sind-die-kanalinseln-teuer\/","og_locale":"en_US","og_type":"article","og_title":"Sind die Kanalinseln teuer? - Urlaub &amp; Reisen","og_description":"Es ist also m\u00f6glich, auf den Kanalinseln zu reisen, ohne unbedingt viel Geld auszugeben, aber im Allgemeinen sollten Reisende sich auf","og_url":"https:\/\/www.urlaubcornwall.de\/blog\/sind-die-kanalinseln-teuer\/","og_site_name":"Urlaub &amp; Reisen","article_modified_time":"2024-05-31T11:14:11+00:00","og_image":[{"url":"https:\/\/www.urlaubcornwall.de\/blog\/wp-content\/uploads\/2023\/02\/gorey-schloss-jersey-kanailinseln.jpg"}],"twitter_card":"summary","twitter_misc":{"Est. reading time":"1 minute"},"schema":{"@context":"https:\/\/schema.org","@graph":[{"@type":"WebSite","@id":"https:\/\/www.urlaubcornwall.de\/blog\/#website","url":"https:\/\/www.urlaubcornwall.de\/blog\/","name":"Urlaub &amp; Reisen","description":"Urlaub, Reisen, Cornwall und S\u00fcdengland: eine perfekte Kombination","potentialAction":[{"@type":"SearchAction","target":{"@type":"EntryPoint","urlTemplate":"https:\/\/www.urlaubcornwall.de\/blog\/?s={search_term_string}"},"query-input":"required name=search_term_string"}],"inLanguage":"en-US"},{"@type":"WebPage","@id":"https:\/\/www.urlaubcornwall.de\/blog\/sind-die-kanalinseln-teuer\/","url":"https:\/\/www.urlaubcornwall.de\/blog\/sind-die-kanalinseln-teuer\/","name":"Sind die Kanalinseln teuer? - Urlaub &amp; Reisen","isPartOf":{"@id":"https:\/\/www.urlaubcornwall.de\/blog\/#website"},"datePublished":"2023-04-14T10:00:33+00:00","dateModified":"2024-05-31T11:14:11+00:00","description":"Es ist also m\u00f6glich, auf den Kanalinseln zu reisen, ohne unbedingt viel Geld auszugeben, aber im Allgemeinen sollten Reisende sich auf","breadcrumb":{"@id":"https:\/\/www.urlaubcornwall.de\/blog\/sind-die-kanalinseln-teuer\/#breadcrumb"},"inLanguage":"en-US","potentialAction":[{"@type":"ReadAction","target":["https:\/\/www.urlaubcornwall.de\/blog\/sind-die-kanalinseln-teuer\/"]}]},{"@type":"BreadcrumbList","@id":"https:\/\/www.urlaubcornwall.de\/blog\/sind-die-kanalinseln-teuer\/#breadcrumb","itemListElement":[{"@type":"ListItem","position":1,"name":"Home","item":"https:\/\/www.urlaubcornwall.de\/blog\/"},{"@type":"ListItem","position":2,"name":"Sind die Kanalinseln teuer?"}]}]}},"_links":{"self":[{"href":"https:\/\/www.urlaubcornwall.de\/blog\/wp-json\/wp\/v2\/pages\/46183"}],"collection":[{"href":"https:\/\/www.urlaubcornwall.de\/blog\/wp-json\/wp\/v2\/pages"}],"about":[{"href":"https:\/\/www.urlaubcornwall.de\/blog\/wp-json\/wp\/v2\/types\/page"}],"author":[{"embeddable":true,"href":"https:\/\/www.urlaubcornwall.de\/blog\/wp-json\/wp\/v2\/users\/1"}],"replies":[{"embeddable":true,"href":"https:\/\/www.urlaubcornwall.de\/blog\/wp-json\/wp\/v2\/comments?post=46183"}],"version-history":[{"count":2,"href":"https:\/\/www.urlaubcornwall.de\/blog\/wp-json\/wp\/v2\/pages\/46183\/revisions"}],"predecessor-version":[{"id":51314,"href":"https:\/\/www.urlaubcornwall.de\/blog\/wp-json\/wp\/v2\/pages\/46183\/revisions\/51314"}],"wp:attachment":[{"href":"https:\/\/www.urlaubcornwall.de\/blog\/wp-json\/wp\/v2\/media?parent=46183"}],"curies":[{"name":"wp","href":"https:\/\/api.w.org\/{rel}","templated":true}]}}