{"id":46177,"date":"2023-04-14T09:28:54","date_gmt":"2023-04-14T09:28:54","guid":{"rendered":"https:\/\/www.urlaubcornwall.de\/blog\/?page_id=46177"},"modified":"2023-04-14T15:58:49","modified_gmt":"2023-04-14T15:58:49","slug":"wie-warm-ist-es-im-sommer-auf-den-kanalinseln","status":"publish","type":"page","link":"https:\/\/www.urlaubcornwall.de\/blog\/wie-warm-ist-es-im-sommer-auf-den-kanalinseln\/","title":{"rendered":"Wie warm ist es im Sommer auf den Kanalinseln?"},"content":{"rendered":"<p><img loading=\"lazy\" class=\"aligncenter size-full wp-image-45935\" src=\"https:\/\/www.urlaubcornwall.de\/blog\/wp-content\/uploads\/2023\/02\/urlaub-jersey.jpg\" alt=\"urlaub jersey\" width=\"750\" height=\"500\" srcset=\"https:\/\/www.urlaubcornwall.de\/blog\/wp-content\/uploads\/2023\/02\/urlaub-jersey.jpg 750w, https:\/\/www.urlaubcornwall.de\/blog\/wp-content\/uploads\/2023\/02\/urlaub-jersey-300x200.jpg 300w\" sizes=\"(max-width: 750px) 100vw, 750px\" \/><\/p>\n<p>Die Kanalinseln sind eine Inselgruppe im \u00c4rmelkanal, die zwischen England und Frankreich liegt. Im Sommer, von Juni bis August, ist das Wetter auf den Kanalinseln normalerweise mild und angenehm. Die durchschnittlichen Temperaturen liegen zwischen 18 und 21 Grad Celsius. Es kann jedoch auch hei\u00dfe Tage geben, an denen die Temperaturen bis zu 25 Grad Celsius erreichen k\u00f6nnen.<\/p>\n<p>Die Wassertemperaturen auf den Kanalinseln sind im Sommer ebenfalls angenehm. Sie liegen normalerweise zwischen 16 und 18 Grad Celsius, was es ideal zum Schwimmen und anderen Wassersportarten macht. Es ist jedoch zu beachten, dass das Wetter auf den Kanalinseln schnell wechseln kann, und es ist ratsam, wetterfeste Kleidung mitzunehmen, da es immer wieder zu Regenschauern kommen kann.<\/p>\n<p>In der Tat gibt es zu viele malerische Fleckchen, um sie alle in einen Urlaub zu zw\u00e4ngen. Was also tun als Sch\u00f6nheitssuchender? Planen Sie Ihren Urlaub, gef\u00fcllt mit lediglich den sch\u00f6nsten Orten! <\/p>\n<p>Hier sind einige Ideen, die sicherstellen, dass Ihre n\u00e4chste <a href=\"https:\/\/www.urlaubcornwall.de\/reiseziel\/kanalinseln\/\">Reise nach Kanalinseln<\/a> die Instagram-Reise schlechthin darstellt.<\/p>\n","protected":false},"excerpt":{"rendered":"<p>Die Kanalinseln sind eine Inselgruppe im \u00c4rmelkanal, die zwischen England und Frankreich liegt. Im Sommer, von Juni bis August, ist das Wetter auf den Kanalinseln normalerweise mild und angenehm. Die durchschnittlichen Temperaturen liegen zwischen 18 und 21 Grad Celsius. Es kann jedoch auch hei\u00dfe Tage geben, an denen die Temperaturen bis zu 25 Grad Celsius [&hellip;]<\/p>\n","protected":false},"author":1,"featured_media":0,"parent":0,"menu_order":0,"comment_status":"closed","ping_status":"closed","template":"single-four.php","meta":[],"acf":[],"yoast_head":"<!-- This site is optimized with the Yoast SEO plugin v19.4 - https:\/\/yoast.com\/wordpress\/plugins\/seo\/ -->\n<title>Wie warm ist es im Sommer auf den Kanalinseln? - Urlaub &amp; Reisen<\/title>\n<meta name=\"description\" content=\"Die Kanalinseln sind eine Inselgruppe im \u00c4rmelkanal, die zwischen England und Frankreich liegt. Im Sommer, von Juni bis August\" \/>\n<meta name=\"robots\" content=\"index, follow, max-snippet:-1, max-image-preview:large, max-video-preview:-1\" \/>\n<link rel=\"canonical\" href=\"https:\/\/www.urlaubcornwall.de\/blog\/wie-warm-ist-es-im-sommer-auf-den-kanalinseln\/\" \/>\n<meta property=\"og:locale\" content=\"en_US\" \/>\n<meta property=\"og:type\" content=\"article\" \/>\n<meta property=\"og:title\" content=\"Wie warm ist es im Sommer auf den Kanalinseln? - Urlaub &amp; Reisen\" \/>\n<meta property=\"og:description\" content=\"Die Kanalinseln sind eine Inselgruppe im \u00c4rmelkanal, die zwischen England und Frankreich liegt. Im Sommer, von Juni bis August\" \/>\n<meta property=\"og:url\" content=\"https:\/\/www.urlaubcornwall.de\/blog\/wie-warm-ist-es-im-sommer-auf-den-kanalinseln\/\" \/>\n<meta property=\"og:site_name\" content=\"Urlaub &amp; Reisen\" \/>\n<meta property=\"article:modified_time\" content=\"2023-04-14T15:58:49+00:00\" \/>\n<meta property=\"og:image\" content=\"https:\/\/www.urlaubcornwall.de\/blog\/wp-content\/uploads\/2023\/02\/urlaub-jersey.jpg\" \/>\n<meta name=\"twitter:card\" content=\"summary\" \/>\n<meta name=\"twitter:label1\" content=\"Est. reading time\" \/>\n\t<meta name=\"twitter:data1\" content=\"1 minute\" \/>\n<script type=\"application\/ld+json\" class=\"yoast-schema-graph\">{\"@context\":\"https:\/\/schema.org\",\"@graph\":[{\"@type\":\"WebSite\",\"@id\":\"https:\/\/www.urlaubcornwall.de\/blog\/#website\",\"url\":\"https:\/\/www.urlaubcornwall.de\/blog\/\",\"name\":\"Urlaub &amp; Reisen\",\"description\":\"Urlaub, Reisen, Cornwall und S\u00fcdengland: eine perfekte Kombination\",\"potentialAction\":[{\"@type\":\"SearchAction\",\"target\":{\"@type\":\"EntryPoint\",\"urlTemplate\":\"https:\/\/www.urlaubcornwall.de\/blog\/?s={search_term_string}\"},\"query-input\":\"required name=search_term_string\"}],\"inLanguage\":\"en-US\"},{\"@type\":\"WebPage\",\"@id\":\"https:\/\/www.urlaubcornwall.de\/blog\/wie-warm-ist-es-im-sommer-auf-den-kanalinseln\/\",\"url\":\"https:\/\/www.urlaubcornwall.de\/blog\/wie-warm-ist-es-im-sommer-auf-den-kanalinseln\/\",\"name\":\"Wie warm ist es im Sommer auf den Kanalinseln? - Urlaub &amp; Reisen\",\"isPartOf\":{\"@id\":\"https:\/\/www.urlaubcornwall.de\/blog\/#website\"},\"datePublished\":\"2023-04-14T09:28:54+00:00\",\"dateModified\":\"2023-04-14T15:58:49+00:00\",\"description\":\"Die Kanalinseln sind eine Inselgruppe im \u00c4rmelkanal, die zwischen England und Frankreich liegt. Im Sommer, von Juni bis August\",\"breadcrumb\":{\"@id\":\"https:\/\/www.urlaubcornwall.de\/blog\/wie-warm-ist-es-im-sommer-auf-den-kanalinseln\/#breadcrumb\"},\"inLanguage\":\"en-US\",\"potentialAction\":[{\"@type\":\"ReadAction\",\"target\":[\"https:\/\/www.urlaubcornwall.de\/blog\/wie-warm-ist-es-im-sommer-auf-den-kanalinseln\/\"]}]},{\"@type\":\"BreadcrumbList\",\"@id\":\"https:\/\/www.urlaubcornwall.de\/blog\/wie-warm-ist-es-im-sommer-auf-den-kanalinseln\/#breadcrumb\",\"itemListElement\":[{\"@type\":\"ListItem\",\"position\":1,\"name\":\"Home\",\"item\":\"https:\/\/www.urlaubcornwall.de\/blog\/\"},{\"@type\":\"ListItem\",\"position\":2,\"name\":\"Wie warm ist es im Sommer auf den Kanalinseln?\"}]}]}<\/script>\n<!-- \/ Yoast SEO plugin. -->","yoast_head_json":{"title":"Wie warm ist es im Sommer auf den Kanalinseln? - Urlaub &amp; Reisen","description":"Die Kanalinseln sind eine Inselgruppe im \u00c4rmelkanal, die zwischen England und Frankreich liegt. Im Sommer, von Juni bis August","robots":{"index":"index","follow":"follow","max-snippet":"max-snippet:-1","max-image-preview":"max-image-preview:large","max-video-preview":"max-video-preview:-1"},"canonical":"https:\/\/www.urlaubcornwall.de\/blog\/wie-warm-ist-es-im-sommer-auf-den-kanalinseln\/","og_locale":"en_US","og_type":"article","og_title":"Wie warm ist es im Sommer auf den Kanalinseln? - Urlaub &amp; Reisen","og_description":"Die Kanalinseln sind eine Inselgruppe im \u00c4rmelkanal, die zwischen England und Frankreich liegt. Im Sommer, von Juni bis August","og_url":"https:\/\/www.urlaubcornwall.de\/blog\/wie-warm-ist-es-im-sommer-auf-den-kanalinseln\/","og_site_name":"Urlaub &amp; Reisen","article_modified_time":"2023-04-14T15:58:49+00:00","og_image":[{"url":"https:\/\/www.urlaubcornwall.de\/blog\/wp-content\/uploads\/2023\/02\/urlaub-jersey.jpg"}],"twitter_card":"summary","twitter_misc":{"Est. reading time":"1 minute"},"schema":{"@context":"https:\/\/schema.org","@graph":[{"@type":"WebSite","@id":"https:\/\/www.urlaubcornwall.de\/blog\/#website","url":"https:\/\/www.urlaubcornwall.de\/blog\/","name":"Urlaub &amp; Reisen","description":"Urlaub, Reisen, Cornwall und S\u00fcdengland: eine perfekte Kombination","potentialAction":[{"@type":"SearchAction","target":{"@type":"EntryPoint","urlTemplate":"https:\/\/www.urlaubcornwall.de\/blog\/?s={search_term_string}"},"query-input":"required name=search_term_string"}],"inLanguage":"en-US"},{"@type":"WebPage","@id":"https:\/\/www.urlaubcornwall.de\/blog\/wie-warm-ist-es-im-sommer-auf-den-kanalinseln\/","url":"https:\/\/www.urlaubcornwall.de\/blog\/wie-warm-ist-es-im-sommer-auf-den-kanalinseln\/","name":"Wie warm ist es im Sommer auf den Kanalinseln? - Urlaub &amp; Reisen","isPartOf":{"@id":"https:\/\/www.urlaubcornwall.de\/blog\/#website"},"datePublished":"2023-04-14T09:28:54+00:00","dateModified":"2023-04-14T15:58:49+00:00","description":"Die Kanalinseln sind eine Inselgruppe im \u00c4rmelkanal, die zwischen England und Frankreich liegt. Im Sommer, von Juni bis August","breadcrumb":{"@id":"https:\/\/www.urlaubcornwall.de\/blog\/wie-warm-ist-es-im-sommer-auf-den-kanalinseln\/#breadcrumb"},"inLanguage":"en-US","potentialAction":[{"@type":"ReadAction","target":["https:\/\/www.urlaubcornwall.de\/blog\/wie-warm-ist-es-im-sommer-auf-den-kanalinseln\/"]}]},{"@type":"BreadcrumbList","@id":"https:\/\/www.urlaubcornwall.de\/blog\/wie-warm-ist-es-im-sommer-auf-den-kanalinseln\/#breadcrumb","itemListElement":[{"@type":"ListItem","position":1,"name":"Home","item":"https:\/\/www.urlaubcornwall.de\/blog\/"},{"@type":"ListItem","position":2,"name":"Wie warm ist es im Sommer auf den Kanalinseln?"}]}]}},"_links":{"self":[{"href":"https:\/\/www.urlaubcornwall.de\/blog\/wp-json\/wp\/v2\/pages\/46177"}],"collection":[{"href":"https:\/\/www.urlaubcornwall.de\/blog\/wp-json\/wp\/v2\/pages"}],"about":[{"href":"https:\/\/www.urlaubcornwall.de\/blog\/wp-json\/wp\/v2\/types\/page"}],"author":[{"embeddable":true,"href":"https:\/\/www.urlaubcornwall.de\/blog\/wp-json\/wp\/v2\/users\/1"}],"replies":[{"embeddable":true,"href":"https:\/\/www.urlaubcornwall.de\/blog\/wp-json\/wp\/v2\/comments?post=46177"}],"version-history":[{"count":3,"href":"https:\/\/www.urlaubcornwall.de\/blog\/wp-json\/wp\/v2\/pages\/46177\/revisions"}],"predecessor-version":[{"id":46210,"href":"https:\/\/www.urlaubcornwall.de\/blog\/wp-json\/wp\/v2\/pages\/46177\/revisions\/46210"}],"wp:attachment":[{"href":"https:\/\/www.urlaubcornwall.de\/blog\/wp-json\/wp\/v2\/media?parent=46177"}],"curies":[{"name":"wp","href":"https:\/\/api.w.org\/{rel}","templated":true}]}}