{"id":46174,"date":"2023-04-13T08:11:04","date_gmt":"2023-04-13T08:11:04","guid":{"rendered":"https:\/\/www.urlaubcornwall.de\/blog\/?page_id=46174"},"modified":"2024-10-14T10:02:54","modified_gmt":"2024-10-14T10:02:54","slug":"die-unterschiede-zwischen-der-nord-sued-und-westkueste-von-cornwall","status":"publish","type":"page","link":"https:\/\/www.urlaubcornwall.de\/blog\/die-unterschiede-zwischen-der-nord-sued-und-westkueste-von-cornwall\/","title":{"rendered":"Die Unterschiede zwischen der Nord-, S\u00fcd- und Westk\u00fcste von Cornwall"},"content":{"rendered":"<p><img loading=\"lazy\" class=\"aligncenter size-full wp-image-40101\" src=\"https:\/\/www.urlaubcornwall.de\/blog\/wp-content\/uploads\/2020\/05\/st-martins-blick.jpg\" alt=\"Urlaub in Cornwall\" width=\"750\" height=\"607\" srcset=\"https:\/\/www.urlaubcornwall.de\/blog\/wp-content\/uploads\/2020\/05\/st-martins-blick.jpg 750w, https:\/\/www.urlaubcornwall.de\/blog\/wp-content\/uploads\/2020\/05\/st-martins-blick-300x243.jpg 300w\" sizes=\"(max-width: 750px) 100vw, 750px\" \/><\/p>\n<p><a href=\"https:\/\/www.urlaubcornwall.de\/reiseziel\/cornwall.php\">Cornwall ist eine malerische Grafschaft<\/a> im S\u00fcdwesten Englands, die von drei Seiten vom Atlantik umgeben ist. Die K\u00fcstenlinie ist sehr abwechslungsreich und bietet je nach Region unterschiedliche Erlebnisse. Hier sind einige Unterschiede zwischen der Nord-, S\u00fcd- und Westk\u00fcste von Cornwall:<\/p>\n<p>Nordk\u00fcste: Die <a href=\"https:\/\/www.urlaubcornwall.de\/ferienhaeuser-fewos\/nordkueste-cornwall.html\">Nordk\u00fcste von Cornwall<\/a> ist bekannt f\u00fcr ihre wilde und raue <a href=\"https:\/\/www.urlaubcornwall.de\/blog\/schoensten-straende-nord-cornwall-urlaubstipps-cornwall\/\">Landschaft mit hohen Klippen<\/a>, felsigen Vorspr\u00fcngen und starken Wellen. Sie ist ein beliebtes Ziel f\u00fcr Surfer aufgrund ihrer starken Brandung. In der Gegend gibt es viele Surfschulen und Verleihe. Die Nordk\u00fcste ist auch Heimat vieler Fischerd\u00f6rfer wie <a href=\"https:\/\/www.urlaubcornwall.de\/ferienhaeuser-fewos\/padstow.html\">Padstow<\/a> und <a href=\"https:\/\/www.urlaubcornwall.de\/ferienhaeuser-fewos\/port-isaac.html\">Port Isaac<\/a>, die einen Einblick in das traditionelle maritime Erbe der Region geben.<\/p>\n<p>S\u00fcdk\u00fcste: Die <a href=\"https:\/\/www.urlaubcornwall.de\/ferienhaeuser-fewos\/suedkueste-cornwall.html\">S\u00fcdk\u00fcste von Cornwall<\/a> ist bekannt f\u00fcr ihre ruhigeren Gew\u00e4sser, gesch\u00fctzten <a href=\"https:\/\/www.urlaubcornwall.de\/blog\/schoensten-straende-an-der-suedkueste-cornwall\/\">Buchten und Sandstr\u00e4nde<\/a>. Die Landschaft ist sanfter, mit sanften H\u00fcgeln und malerischen Fischerd\u00f6rfern wie <a href=\"https:\/\/www.urlaubcornwall.de\/ferienhaeuser-fewos\/fowey.html\">Fowey<\/a> und <a href=\"https:\/\/www.urlaubcornwall.de\/ferienhaeuser-fewos\/mevagissey.html\">Mevagissey<\/a>. Die S\u00fcdk\u00fcste ist bei Familien und Menschen, die einen entspannteren Strandurlaub suchen, beliebt. Einige der Str\u00e4nde an der S\u00fcdk\u00fcste wurden mit der Blauen Flagge ausgezeichnet, was bedeutet, dass sie hohe Umwelt- und Sicherheitsstandards erf\u00fcllen.<\/p>\n<p><img loading=\"lazy\" class=\"aligncenter size-full wp-image-40103\" src=\"https:\/\/www.urlaubcornwall.de\/blog\/wp-content\/uploads\/2020\/05\/lands-end-blick2.jpg\" alt=\"lands end blick\" width=\"750\" height=\"641\" srcset=\"https:\/\/www.urlaubcornwall.de\/blog\/wp-content\/uploads\/2020\/05\/lands-end-blick2.jpg 750w, https:\/\/www.urlaubcornwall.de\/blog\/wp-content\/uploads\/2020\/05\/lands-end-blick2-300x256.jpg 300w\" sizes=\"(max-width: 750px) 100vw, 750px\" \/><\/p>\n<p>Westk\u00fcste: Die <a href=\"https:\/\/www.urlaubcornwall.de\/ferienhaeuser-fewos\/west-cornwall.html\">Westk\u00fcste von Cornwall<\/a> ist eine Mischung aus rauen Klippen, wildem Moorland und <a href=\"https:\/\/www.urlaubcornwall.de\/blog\/straende-westkueste-cornwall-insidertipps\/\">atemberaubenden Str\u00e4nden<\/a>. Sie ist weniger entwickelt als die Nord- und S\u00fcdk\u00fcste und bei Menschen beliebt, die einen ruhigeren, abgelegeneren Urlaub suchen. Die Gegend ist Heimat einiger der bekanntesten Wahrzeichen Cornwalls wie Land&#8217;s End und St. Michael&#8217;s Mount. Es gibt viele Wanderwege und malerische Stra\u00dfen, die man erkunden kann.<\/p>\n<p>Insgesamt bietet die <a href=\"https:\/\/www.urlaubcornwall.de\/ferienhaeuser-fewos\/cornwall-am-meer.html\">K\u00fcste Cornwalls<\/a> f\u00fcr jeden etwas, ob man wilde und raue Landschaften, gesch\u00fctzte Buchten und Sandstr\u00e4nde oder eine Mischung aus beidem sucht.<\/p>\n<p>Cornwall ist das perfekte Urlaubsziel \u2013 suchen Sie sich also ein Ferienhaus mit Selbstverpflegung in Cornwall aus, wo es auch landeinw\u00e4rts viel zu entdecken gibt. Mit seinem \u00fcberaus milden Klima werden Sie sich fragen, ob Sie sich tats\u00e4chlich in England befinden.Um UrlaubCornwall.de <a href=\"https:\/\/www.urlaubcornwall.de\/ferienhaeuser-fewos\/cornwall.html\">einzigartige Kollektion nach Ihrem idealen Ferienhaus zu durchsuchen<\/a>. <\/p>\n<p style=\"text-align: center;\"><a class=\"tidycta\" href=\"https:\/\/www.urlaubcornwall.de\/ferienhaeuser-fewos\/cornwall.html\">Suche Ferienh\u00e4user in Cornwall<\/a><\/p>\n","protected":false},"excerpt":{"rendered":"<p>Cornwall ist eine malerische Grafschaft im S\u00fcdwesten Englands, die von drei Seiten vom Atlantik umgeben ist. Die K\u00fcstenlinie ist sehr abwechslungsreich und bietet je nach Region unterschiedliche Erlebnisse. Hier sind einige Unterschiede zwischen der Nord-, S\u00fcd- und Westk\u00fcste von Cornwall: Nordk\u00fcste: Die Nordk\u00fcste von Cornwall ist bekannt f\u00fcr ihre wilde und raue Landschaft mit hohen [&hellip;]<\/p>\n","protected":false},"author":1,"featured_media":0,"parent":0,"menu_order":0,"comment_status":"closed","ping_status":"closed","template":"single-four.php","meta":[],"acf":[],"yoast_head":"<!-- This site is optimized with the Yoast SEO plugin v19.4 - https:\/\/yoast.com\/wordpress\/plugins\/seo\/ -->\n<title>Die Unterschiede zwischen der Nord-, S\u00fcd- und Westk\u00fcste von Cornwall - Urlaub &amp; Reisen<\/title>\n<meta name=\"description\" content=\"Cornwall ist eine malerische Grafschaft im S\u00fcdwesten Englands, die von drei Seiten vom Atlantik umgeben ist.\" \/>\n<meta name=\"robots\" content=\"index, follow, max-snippet:-1, max-image-preview:large, max-video-preview:-1\" \/>\n<link rel=\"canonical\" href=\"https:\/\/www.urlaubcornwall.de\/blog\/die-unterschiede-zwischen-der-nord-sued-und-westkueste-von-cornwall\/\" \/>\n<meta property=\"og:locale\" content=\"en_US\" \/>\n<meta property=\"og:type\" content=\"article\" \/>\n<meta property=\"og:title\" content=\"Die Unterschiede zwischen der Nord-, S\u00fcd- und Westk\u00fcste von Cornwall - Urlaub &amp; Reisen\" \/>\n<meta property=\"og:description\" content=\"Cornwall ist eine malerische Grafschaft im S\u00fcdwesten Englands, die von drei Seiten vom Atlantik umgeben ist.\" \/>\n<meta property=\"og:url\" content=\"https:\/\/www.urlaubcornwall.de\/blog\/die-unterschiede-zwischen-der-nord-sued-und-westkueste-von-cornwall\/\" \/>\n<meta property=\"og:site_name\" content=\"Urlaub &amp; Reisen\" \/>\n<meta property=\"article:modified_time\" content=\"2024-10-14T10:02:54+00:00\" \/>\n<meta property=\"og:image\" content=\"https:\/\/www.urlaubcornwall.de\/blog\/wp-content\/uploads\/2020\/05\/st-martins-blick.jpg\" \/>\n<meta name=\"twitter:card\" content=\"summary\" \/>\n<meta name=\"twitter:label1\" content=\"Est. reading time\" \/>\n\t<meta name=\"twitter:data1\" content=\"2 minutes\" \/>\n<script type=\"application\/ld+json\" class=\"yoast-schema-graph\">{\"@context\":\"https:\/\/schema.org\",\"@graph\":[{\"@type\":\"WebSite\",\"@id\":\"https:\/\/www.urlaubcornwall.de\/blog\/#website\",\"url\":\"https:\/\/www.urlaubcornwall.de\/blog\/\",\"name\":\"Urlaub &amp; Reisen\",\"description\":\"Urlaub, Reisen, Cornwall und S\u00fcdengland: eine perfekte Kombination\",\"potentialAction\":[{\"@type\":\"SearchAction\",\"target\":{\"@type\":\"EntryPoint\",\"urlTemplate\":\"https:\/\/www.urlaubcornwall.de\/blog\/?s={search_term_string}\"},\"query-input\":\"required name=search_term_string\"}],\"inLanguage\":\"en-US\"},{\"@type\":\"WebPage\",\"@id\":\"https:\/\/www.urlaubcornwall.de\/blog\/die-unterschiede-zwischen-der-nord-sued-und-westkueste-von-cornwall\/\",\"url\":\"https:\/\/www.urlaubcornwall.de\/blog\/die-unterschiede-zwischen-der-nord-sued-und-westkueste-von-cornwall\/\",\"name\":\"Die Unterschiede zwischen der Nord-, S\u00fcd- und Westk\u00fcste von Cornwall - Urlaub &amp; Reisen\",\"isPartOf\":{\"@id\":\"https:\/\/www.urlaubcornwall.de\/blog\/#website\"},\"datePublished\":\"2023-04-13T08:11:04+00:00\",\"dateModified\":\"2024-10-14T10:02:54+00:00\",\"description\":\"Cornwall ist eine malerische Grafschaft im S\u00fcdwesten Englands, die von drei Seiten vom Atlantik umgeben ist.\",\"breadcrumb\":{\"@id\":\"https:\/\/www.urlaubcornwall.de\/blog\/die-unterschiede-zwischen-der-nord-sued-und-westkueste-von-cornwall\/#breadcrumb\"},\"inLanguage\":\"en-US\",\"potentialAction\":[{\"@type\":\"ReadAction\",\"target\":[\"https:\/\/www.urlaubcornwall.de\/blog\/die-unterschiede-zwischen-der-nord-sued-und-westkueste-von-cornwall\/\"]}]},{\"@type\":\"BreadcrumbList\",\"@id\":\"https:\/\/www.urlaubcornwall.de\/blog\/die-unterschiede-zwischen-der-nord-sued-und-westkueste-von-cornwall\/#breadcrumb\",\"itemListElement\":[{\"@type\":\"ListItem\",\"position\":1,\"name\":\"Home\",\"item\":\"https:\/\/www.urlaubcornwall.de\/blog\/\"},{\"@type\":\"ListItem\",\"position\":2,\"name\":\"Die Unterschiede zwischen der Nord-, S\u00fcd- und Westk\u00fcste von Cornwall\"}]}]}<\/script>\n<!-- \/ Yoast SEO plugin. -->","yoast_head_json":{"title":"Die Unterschiede zwischen der Nord-, S\u00fcd- und Westk\u00fcste von Cornwall - Urlaub &amp; Reisen","description":"Cornwall ist eine malerische Grafschaft im S\u00fcdwesten Englands, die von drei Seiten vom Atlantik umgeben ist.","robots":{"index":"index","follow":"follow","max-snippet":"max-snippet:-1","max-image-preview":"max-image-preview:large","max-video-preview":"max-video-preview:-1"},"canonical":"https:\/\/www.urlaubcornwall.de\/blog\/die-unterschiede-zwischen-der-nord-sued-und-westkueste-von-cornwall\/","og_locale":"en_US","og_type":"article","og_title":"Die Unterschiede zwischen der Nord-, S\u00fcd- und Westk\u00fcste von Cornwall - Urlaub &amp; Reisen","og_description":"Cornwall ist eine malerische Grafschaft im S\u00fcdwesten Englands, die von drei Seiten vom Atlantik umgeben ist.","og_url":"https:\/\/www.urlaubcornwall.de\/blog\/die-unterschiede-zwischen-der-nord-sued-und-westkueste-von-cornwall\/","og_site_name":"Urlaub &amp; Reisen","article_modified_time":"2024-10-14T10:02:54+00:00","og_image":[{"url":"https:\/\/www.urlaubcornwall.de\/blog\/wp-content\/uploads\/2020\/05\/st-martins-blick.jpg"}],"twitter_card":"summary","twitter_misc":{"Est. reading time":"2 minutes"},"schema":{"@context":"https:\/\/schema.org","@graph":[{"@type":"WebSite","@id":"https:\/\/www.urlaubcornwall.de\/blog\/#website","url":"https:\/\/www.urlaubcornwall.de\/blog\/","name":"Urlaub &amp; Reisen","description":"Urlaub, Reisen, Cornwall und S\u00fcdengland: eine perfekte Kombination","potentialAction":[{"@type":"SearchAction","target":{"@type":"EntryPoint","urlTemplate":"https:\/\/www.urlaubcornwall.de\/blog\/?s={search_term_string}"},"query-input":"required name=search_term_string"}],"inLanguage":"en-US"},{"@type":"WebPage","@id":"https:\/\/www.urlaubcornwall.de\/blog\/die-unterschiede-zwischen-der-nord-sued-und-westkueste-von-cornwall\/","url":"https:\/\/www.urlaubcornwall.de\/blog\/die-unterschiede-zwischen-der-nord-sued-und-westkueste-von-cornwall\/","name":"Die Unterschiede zwischen der Nord-, S\u00fcd- und Westk\u00fcste von Cornwall - Urlaub &amp; Reisen","isPartOf":{"@id":"https:\/\/www.urlaubcornwall.de\/blog\/#website"},"datePublished":"2023-04-13T08:11:04+00:00","dateModified":"2024-10-14T10:02:54+00:00","description":"Cornwall ist eine malerische Grafschaft im S\u00fcdwesten Englands, die von drei Seiten vom Atlantik umgeben ist.","breadcrumb":{"@id":"https:\/\/www.urlaubcornwall.de\/blog\/die-unterschiede-zwischen-der-nord-sued-und-westkueste-von-cornwall\/#breadcrumb"},"inLanguage":"en-US","potentialAction":[{"@type":"ReadAction","target":["https:\/\/www.urlaubcornwall.de\/blog\/die-unterschiede-zwischen-der-nord-sued-und-westkueste-von-cornwall\/"]}]},{"@type":"BreadcrumbList","@id":"https:\/\/www.urlaubcornwall.de\/blog\/die-unterschiede-zwischen-der-nord-sued-und-westkueste-von-cornwall\/#breadcrumb","itemListElement":[{"@type":"ListItem","position":1,"name":"Home","item":"https:\/\/www.urlaubcornwall.de\/blog\/"},{"@type":"ListItem","position":2,"name":"Die Unterschiede zwischen der Nord-, S\u00fcd- und Westk\u00fcste von Cornwall"}]}]}},"_links":{"self":[{"href":"https:\/\/www.urlaubcornwall.de\/blog\/wp-json\/wp\/v2\/pages\/46174"}],"collection":[{"href":"https:\/\/www.urlaubcornwall.de\/blog\/wp-json\/wp\/v2\/pages"}],"about":[{"href":"https:\/\/www.urlaubcornwall.de\/blog\/wp-json\/wp\/v2\/types\/page"}],"author":[{"embeddable":true,"href":"https:\/\/www.urlaubcornwall.de\/blog\/wp-json\/wp\/v2\/users\/1"}],"replies":[{"embeddable":true,"href":"https:\/\/www.urlaubcornwall.de\/blog\/wp-json\/wp\/v2\/comments?post=46174"}],"version-history":[{"count":5,"href":"https:\/\/www.urlaubcornwall.de\/blog\/wp-json\/wp\/v2\/pages\/46174\/revisions"}],"predecessor-version":[{"id":51592,"href":"https:\/\/www.urlaubcornwall.de\/blog\/wp-json\/wp\/v2\/pages\/46174\/revisions\/51592"}],"wp:attachment":[{"href":"https:\/\/www.urlaubcornwall.de\/blog\/wp-json\/wp\/v2\/media?parent=46174"}],"curies":[{"name":"wp","href":"https:\/\/api.w.org\/{rel}","templated":true}]}}